{"id":11333,"date":"2018-10-31T23:14:55","date_gmt":"2018-10-31T21:14:55","guid":{"rendered":"https:\/\/odavprint.preview.ee\/vizitki\/"},"modified":"2023-01-07T21:07:30","modified_gmt":"2023-01-07T19:07:30","slug":"visiitkaardid","status":"publish","type":"page","link":"https:\/\/odavprint.ee\/en\/teenused\/visiitkaardid\/","title":{"rendered":"Visiitkaardid"},"content":{"rendered":"\t<section class=\"section\" id=\"section_319181956\">\n\t\t<div class=\"bg section-bg fill bg-fill  \" >\n\n\t\t\t\n\t\t\t\n\t\t\t\n\n\t\t<\/div>\n\n\t\t<div class=\"section-content relative\">\n\t\t\t\n<div class=\"row row-large align-middle\"  id=\"row-191383130\">\n\n\t<div id=\"col-735398965\" class=\"col medium-12 small-12 large-6\"  >\n\t\t\t\t<div class=\"col-inner\"  >\n\t\t\t\n\t\t\t\n\t<div class=\"img has-hover x md-x lg-x y md-y lg-y\" id=\"image_73260678\">\n\t\t\t\t\t\t\t\t<div class=\"img-inner box-shadow-5 dark\" >\n\t\t\t<img loading=\"lazy\" decoding=\"async\" width=\"1110\" height=\"740\" src=\"https:\/\/odavprint.ee\/wp-content\/uploads\/2018\/10\/Mobeston.jpg\" class=\"attachment-original size-original\" alt=\"\" srcset=\"https:\/\/odavprint.ee\/wp-content\/uploads\/2018\/10\/Mobeston.jpg 1110w, https:\/\/odavprint.ee\/wp-content\/uploads\/2018\/10\/Mobeston-300x200.jpg 300w, https:\/\/odavprint.ee\/wp-content\/uploads\/2018\/10\/Mobeston-768x512.jpg 768w, https:\/\/odavprint.ee\/wp-content\/uploads\/2018\/10\/Mobeston-1024x683.jpg 1024w, https:\/\/odavprint.ee\/wp-content\/uploads\/2018\/10\/Mobeston-600x400.jpg 600w\" sizes=\"(max-width: 1110px) 100vw, 1110px\" \/>\t\t\t\t\t\t\n\t\t\t\t\t<\/div>\n\t\t\t\t\t\t\t\t\n<style>\n#image_73260678 {\n  width: 100%;\n}\n<\/style>\n\t<\/div>\n\t\n\t<div id=\"gap-432290296\" class=\"gap-element clearfix\" style=\"display:block; height:auto;\">\n\t\t\n<style>\n#gap-432290296 {\n  padding-top: 30px;\n}\n<\/style>\n\t<\/div>\n\t\n\t\t<\/div>\n\t\t\t\t\n<style>\n#col-735398965 > .col-inner {\n  margin: 0px 0px -28px 0px;\n}\n<\/style>\n\t<\/div>\n\n\t\n\n\t<div id=\"col-211403753\" class=\"col medium-12 small-12 large-6\"  >\n\t\t\t\t<div class=\"col-inner\"  >\n\t\t\t\n\t\t\t\n<h1>Visiitkaardid<\/h1>\n<div class=\"vc_row wpb_row vc_row-fluid\">\n<div class=\"wpb_column vc_column_container vc_col-sm-8\">\n<div class=\"vc_column-inner \">\n<div class=\"wpb_wrapper\">\n<div class=\"wpb_text_column wpb_content_element \">\n<div class=\"wpb_wrapper\">\n<p><strong>Visiitkaart<\/strong>\u00a0on traditsiooniline infokandja, mis esitab eraisiku v\u00f5i firma\u00a0kontaktandmeid.<\/p>\n<p>Visiitkaardile kantakse isiku v\u00f5i ettev\u00f5tte\/organisatsiooni nimi (viimane tavaliselt koos logoga) ning kontaktandmed (aadress, telefoninumber ja\/v\u00f5i e-posti aadress). Visiitkaardid jaotatakse isiklikeks, firma- v\u00f5i \u00e4rivisiitkaartideks. Tavaliselt paberist, kartongist v\u00f5i v\u00e4ikeformaadilisest plastikust \u00a0standardm\u00f5\u00f5tudega visiitkaarte saab lamineerides nii vastupidavamaks kui ka efektsemaks muuta.<\/p>\n<\/div>\n<\/div>\n<\/div>\n<\/div>\n<\/div>\n<\/div>\n\t\t<\/div>\n\t\t\t\t\n<style>\n#col-211403753 > .col-inner {\n  margin: 0px 0px -49px 0px;\n}\n<\/style>\n\t<\/div>\n\n\t\n<\/div>\n\t\t<\/div>\n\n\t\t\n<style>\n#section_319181956 {\n  padding-top: 80px;\n  padding-bottom: 80px;\n}\n#section_319181956 .section-bg.bg-loaded {\n  background-image: url(https:\/\/odavprint.ee\/wp-content\/uploads\/2018\/10\/Long-01.svg);\n}\n<\/style>\n\t<\/section>\n\t\n\t<section class=\"section\" id=\"section_1480713147\">\n\t\t<div class=\"bg section-bg fill bg-fill  bg-loaded\" >\n\n\t\t\t\n\t\t\t\n\t\t\t\n\n\t\t<\/div>\n\n\t\t<div class=\"section-content relative\">\n\t\t\t\n\t<div id=\"gap-648308247\" class=\"gap-element clearfix\" style=\"display:block; height:auto;\">\n\t\t\n<style>\n#gap-648308247 {\n  padding-top: 30px;\n}\n<\/style>\n\t<\/div>\n\t\n<div class=\"row row-large align-middle\"  id=\"row-427436965\">\n\n\t<div id=\"col-979385112\" class=\"col medium-12 small-12 large-6\"  >\n\t\t\t\t<div class=\"col-inner\"  >\n\t\t\t\n\t\t\t\n<h2>Kuidas ja millest visiitkaarte valmistame?<\/h2>\n<ul>\n<li>Valmistame visiitkaarte\u00a0<strong>paksemast paberist<\/strong>\u00a0(300g-330g\/m2) ja on v\u00e4ikses formaadis.<\/li>\n<li>Visiitkaardi\u00a0<strong>standardm\u00f5\u00f5tmeteks<\/strong>\u00a0on 90x50mm v\u00f5i 85x55mm.<\/li>\n<li>Visiitkaardi saab vastupidavamaks muuta\u00a0lamineerides\u00a0neid \u00f5hukese (32 mikronit) v\u00f5i pisut paksema laminaadiga (80-125 mikronit). Mati, l\u00e4ikiva v\u00f5i reljeefse laminaadi abil on v\u00f5imalik visiitkaardi v\u00e4limust efektsemaks muuta.<\/li>\n<\/ul>\n<p><span style=\"font-size: 90%;\"><strong>NB!<\/strong> T\u00e4psema hinna teadasaamiseks, saatke palun p\u00e4ringu meilile.<\/span><\/p>\n\t\t<\/div>\n\t\t\t\t\t<\/div>\n\n\t\n\n\t<div id=\"col-423803531\" class=\"col medium-12 small-12 large-6\"  >\n\t\t\t\t<div class=\"col-inner\"  >\n\t\t\t\n\t\t\t\n\t<div class=\"img has-hover x md-x lg-x y md-y lg-y\" id=\"image_415318219\">\n\t\t\t\t\t\t\t\t<div class=\"img-inner box-shadow-5 dark\" >\n\t\t\t<img loading=\"lazy\" decoding=\"async\" width=\"1110\" height=\"740\" src=\"https:\/\/odavprint.ee\/wp-content\/uploads\/2018\/10\/Alfard-5.jpg\" class=\"attachment-original size-original\" alt=\"\" srcset=\"https:\/\/odavprint.ee\/wp-content\/uploads\/2018\/10\/Alfard-5.jpg 1110w, https:\/\/odavprint.ee\/wp-content\/uploads\/2018\/10\/Alfard-5-300x200.jpg 300w, https:\/\/odavprint.ee\/wp-content\/uploads\/2018\/10\/Alfard-5-768x512.jpg 768w, https:\/\/odavprint.ee\/wp-content\/uploads\/2018\/10\/Alfard-5-1024x683.jpg 1024w, https:\/\/odavprint.ee\/wp-content\/uploads\/2018\/10\/Alfard-5-600x400.jpg 600w\" sizes=\"(max-width: 1110px) 100vw, 1110px\" \/>\t\t\t\t\t\t\n\t\t\t\t\t<\/div>\n\t\t\t\t\t\t\t\t\n<style>\n#image_415318219 {\n  width: 100%;\n}\n<\/style>\n\t<\/div>\n\t\n\t\t<\/div>\n\t\t\t\t\t<\/div>\n\n\t\n<\/div>\n\t<div id=\"gap-72937200\" class=\"gap-element clearfix\" style=\"display:block; height:auto;\">\n\t\t\n<style>\n#gap-72937200 {\n  padding-top: 50px;\n}\n<\/style>\n\t<\/div>\n\t\n\t\t<\/div>\n\n\t\t\n<style>\n#section_1480713147 {\n  padding-top: 0px;\n  padding-bottom: 0px;\n}\n<\/style>\n\t<\/section>\n\t\n\t<section class=\"section\" id=\"section_1811856399\">\n\t\t<div class=\"bg section-bg fill bg-fill  \" >\n\n\t\t\t\n\t\t\t\n\t\t\t\n\n\t\t<\/div>\n\n\t\t<div class=\"section-content relative\">\n\t\t\t\n<div class=\"row align-middle\"  id=\"row-2104860754\">\n\n\t<div id=\"col-177581717\" class=\"col text-align-center-lte-md medium-12 small-12 large-1\"  >\n\t\t\t\t<div class=\"col-inner\"  >\n\t\t\t\n\t\t\t\n\t<div class=\"img has-hover x md-x lg-x y md-y lg-y\" id=\"image_2142058888\">\n\t\t\t\t\t\t\t\t<div class=\"img-inner dark\" >\n\t\t\t<img loading=\"lazy\" decoding=\"async\" width=\"1\" height=\"1\" src=\"https:\/\/odavprint.ee\/wp-content\/uploads\/2018\/10\/email.svg\" class=\"attachment-large size-large\" alt=\"\" \/>\t\t\t\t\t\t\n\t\t\t\t\t<\/div>\n\t\t\t\t\t\t\t\t\n<style>\n#image_2142058888 {\n  width: 14%;\n}\n@media (min-width:850px) {\n  #image_2142058888 {\n    width: 68%;\n  }\n}\n<\/style>\n\t<\/div>\n\t\n\t\t<\/div>\n\t\t\t\t\n<style>\n#col-177581717 > .col-inner {\n  margin: 0px 0px -31px 0px;\n}\n<\/style>\n\t<\/div>\n\n\t\n\n\t<div id=\"col-143986829\" class=\"col text-align-center-lte-md medium-12 small-12 large-7\"  >\n\t\t\t\t<div class=\"col-inner dark\"  >\n\t\t\t\n\t\t\t\n<p><strong><span style=\"font-size: 150%;\">Telli visiitkaarte<\/span><\/strong><br \/>\nKui soovite seda teenust tellida, v\u00f5tke meiega \u00fchendust.<\/p>\n\t\t<\/div>\n\t\t\t\t\n<style>\n#col-143986829 > .col-inner {\n  margin: 0px 0px -44px 0;\n}\n<\/style>\n\t<\/div>\n\n\t\n\n\t<div id=\"col-1638768430\" class=\"col text-align-center-lte-md medium-12 small-12 large-4\"  >\n\t\t\t\t<div class=\"col-inner text-right dark\"  >\n\t\t\t\n\t\t\t\n<a href=\"https:\/\/odavprint.ee\/et\/kontakt\/\" target=\"_self\" class=\"button white is-outline lowercase\"  style=\"border-radius:99px;\">\n    <span>Meie kontaktid<\/span>\n  <\/a>\n\n\t\t<\/div>\n\t\t\t\t\n<style>\n#col-1638768430 > .col-inner {\n  margin: 0px 0px -44px 0px;\n}\n<\/style>\n\t<\/div>\n\n\t\n<\/div>\n\t\t<\/div>\n\n\t\t\n<style>\n#section_1811856399 {\n  padding-top: 20px;\n  padding-bottom: 20px;\n  background-color: #ed008c;\n}\n#section_1811856399 .section-bg.bg-loaded {\n  background-image: url(https:\/\/odavprint.ee\/wp-content\/uploads\/2018\/10\/backs-03.svg);\n}\n<\/style>\n\t<\/section>\n\t\n","protected":false},"excerpt":{"rendered":"","protected":false},"author":2,"featured_media":0,"parent":11319,"menu_order":0,"comment_status":"closed","ping_status":"closed","template":"page-blank.php","meta":{"inline_featured_image":false,"footnotes":""},"yoast_head":"<!-- This site is optimized with the Yoast SEO Premium plugin v23.0 (Yoast SEO v23.0) - https:\/\/yoast.com\/wordpress\/plugins\/seo\/ -->\n<title>Visiitkaardid \u1409 Visiitkaartide tr\u00fckk Tallinnas - Odav Print<\/title>\n<meta name=\"description\" content=\"Visiitkaartide tr\u00fckkimine Odav Printis \u260e +372 5911 9495 \u2714\ufe0f Parimad hinnad visiitkaardi tegemine Tallinnas \u2714\ufe0f Lamineeritud visiitkaardid \u2b50 Kiire ja kvaliteetne\" \/>\n<meta name=\"robots\" content=\"index, follow, max-snippet:-1, max-image-preview:large, max-video-preview:-1\" \/>\n<link rel=\"canonical\" href=\"https:\/\/odavprint.ee\/en\/teenused\/visiitkaardid\/\" \/>\n<meta property=\"og:locale\" content=\"en_US\" \/>\n<meta property=\"og:type\" content=\"article\" \/>\n<meta property=\"og:title\" content=\"Visiitkaardid\" \/>\n<meta property=\"og:description\" content=\"Visiitkaartide tr\u00fckkimine Odav Printis \u260e +372 5911 9495 \u2714\ufe0f Parimad hinnad visiitkaardi tegemine Tallinnas \u2714\ufe0f Lamineeritud visiitkaardid \u2b50 Kiire ja kvaliteetne\" \/>\n<meta property=\"og:url\" content=\"https:\/\/odavprint.ee\/en\/teenused\/visiitkaardid\/\" \/>\n<meta property=\"og:site_name\" content=\"Odav Print\" \/>\n<meta property=\"article:modified_time\" content=\"2023-01-07T19:07:30+00:00\" \/>\n<meta name=\"twitter:card\" content=\"summary_large_image\" \/>\n<meta name=\"twitter:label1\" content=\"Est. reading time\" \/>\n\t<meta name=\"twitter:data1\" content=\"2 minutes\" \/>\n<script type=\"application\/ld+json\" class=\"yoast-schema-graph\">{\"@context\":\"https:\/\/schema.org\",\"@graph\":[{\"@type\":\"WebPage\",\"@id\":\"https:\/\/odavprint.ee\/en\/teenused\/visiitkaardid\/\",\"url\":\"https:\/\/odavprint.ee\/en\/teenused\/visiitkaardid\/\",\"name\":\"Visiitkaardid \u1409 Visiitkaartide tr\u00fckk Tallinnas - Odav Print\",\"isPartOf\":{\"@id\":\"https:\/\/odavprint.ee\/en\/#website\"},\"datePublished\":\"2018-10-31T21:14:55+00:00\",\"dateModified\":\"2023-01-07T19:07:30+00:00\",\"description\":\"Visiitkaartide tr\u00fckkimine Odav Printis \u260e +372 5911 9495 \u2714\ufe0f Parimad hinnad visiitkaardi tegemine Tallinnas \u2714\ufe0f Lamineeritud visiitkaardid \u2b50 Kiire ja kvaliteetne\",\"breadcrumb\":{\"@id\":\"https:\/\/odavprint.ee\/en\/teenused\/visiitkaardid\/#breadcrumb\"},\"inLanguage\":\"en-US\",\"potentialAction\":[{\"@type\":\"ReadAction\",\"target\":[\"https:\/\/odavprint.ee\/en\/teenused\/visiitkaardid\/\"]}]},{\"@type\":\"BreadcrumbList\",\"@id\":\"https:\/\/odavprint.ee\/en\/teenused\/visiitkaardid\/#breadcrumb\",\"itemListElement\":[{\"@type\":\"ListItem\",\"position\":1,\"name\":\"Home\",\"item\":\"https:\/\/odavprint.ee\/en\/\"},{\"@type\":\"ListItem\",\"position\":2,\"name\":\"Teenused\",\"item\":\"https:\/\/odavprint.ee\/en\/teenused\/\"},{\"@type\":\"ListItem\",\"position\":3,\"name\":\"Visiitkaardid\"}]},{\"@type\":\"WebSite\",\"@id\":\"https:\/\/odavprint.ee\/en\/#website\",\"url\":\"https:\/\/odavprint.ee\/en\/\",\"name\":\"Odav Print\",\"description\":\"Just another WordPress site\",\"publisher\":{\"@id\":\"https:\/\/odavprint.ee\/en\/#organization\"},\"alternateName\":\"Kassettide, toonerite t\u00e4itmine ja m\u00fc\u00fck.\",\"potentialAction\":[{\"@type\":\"SearchAction\",\"target\":{\"@type\":\"EntryPoint\",\"urlTemplate\":\"https:\/\/odavprint.ee\/en\/?s={search_term_string}\"},\"query-input\":\"required name=search_term_string\"}],\"inLanguage\":\"en-US\"},{\"@type\":[\"Organization\",\"Place\"],\"@id\":\"https:\/\/odavprint.ee\/en\/#organization\",\"name\":\"Odav Print O\u00dc\",\"url\":\"https:\/\/odavprint.ee\/en\/\",\"logo\":{\"@id\":\"https:\/\/odavprint.ee\/en\/teenused\/visiitkaardid\/#local-main-organization-logo\"},\"image\":{\"@id\":\"https:\/\/odavprint.ee\/en\/teenused\/visiitkaardid\/#local-main-organization-logo\"},\"address\":{\"@id\":\"https:\/\/odavprint.ee\/en\/teenused\/visiitkaardid\/#local-main-place-address\"},\"geo\":{\"@type\":\"GeoCoordinates\",\"latitude\":\"59.4306504\",\"longitude\":\"24.8095743\"},\"telephone\":[\"53836926\"],\"openingHoursSpecification\":[{\"@type\":\"OpeningHoursSpecification\",\"dayOfWeek\":[\"Monday\",\"Tuesday\",\"Wednesday\",\"Thursday\",\"Friday\",\"Saturday\",\"Sunday\"],\"opens\":\"09:00\",\"closes\":\"17:00\"}],\"email\":\"info@odavprint.eu\"},{\"@type\":\"PostalAddress\",\"@id\":\"https:\/\/odavprint.ee\/en\/teenused\/visiitkaardid\/#local-main-place-address\",\"streetAddress\":\"Pae tn 28\",\"addressLocality\":\"Tallinn\",\"postalCode\":\"11415\",\"addressRegion\":\"Harjumaa\",\"addressCountry\":\"EE\"},{\"@type\":\"ImageObject\",\"inLanguage\":\"en-US\",\"@id\":\"https:\/\/odavprint.ee\/en\/teenused\/visiitkaardid\/#local-main-organization-logo\",\"url\":\"https:\/\/odavprint.ee\/wp-content\/uploads\/2018\/10\/odavprint-logo-240.jpg\",\"contentUrl\":\"https:\/\/odavprint.ee\/wp-content\/uploads\/2018\/10\/odavprint-logo-240.jpg\",\"width\":240,\"height\":36,\"caption\":\"Odav Print O\u00dc\"}]}<\/script>\n<meta name=\"geo.placename\" content=\"Tallinn\" \/>\n<meta name=\"geo.position\" content=\"59.4306504;24.8095743\" \/>\n<meta name=\"geo.region\" content=\"Estonia\" \/>\n<!-- \/ Yoast SEO Premium plugin. -->","yoast_head_json":{"title":"Visiitkaardid \u1409 Visiitkaartide tr\u00fckk Tallinnas - Odav Print","description":"Visiitkaartide tr\u00fckkimine Odav Printis \u260e +372 5911 9495 \u2714\ufe0f Parimad hinnad visiitkaardi tegemine Tallinnas \u2714\ufe0f Lamineeritud visiitkaardid \u2b50 Kiire ja kvaliteetne","robots":{"index":"index","follow":"follow","max-snippet":"max-snippet:-1","max-image-preview":"max-image-preview:large","max-video-preview":"max-video-preview:-1"},"canonical":"https:\/\/odavprint.ee\/en\/teenused\/visiitkaardid\/","og_locale":"en_US","og_type":"article","og_title":"Visiitkaardid","og_description":"Visiitkaartide tr\u00fckkimine Odav Printis \u260e +372 5911 9495 \u2714\ufe0f Parimad hinnad visiitkaardi tegemine Tallinnas \u2714\ufe0f Lamineeritud visiitkaardid \u2b50 Kiire ja kvaliteetne","og_url":"https:\/\/odavprint.ee\/en\/teenused\/visiitkaardid\/","og_site_name":"Odav Print","article_modified_time":"2023-01-07T19:07:30+00:00","twitter_card":"summary_large_image","twitter_misc":{"Est. reading time":"2 minutes"},"schema":{"@context":"https:\/\/schema.org","@graph":[{"@type":"WebPage","@id":"https:\/\/odavprint.ee\/en\/teenused\/visiitkaardid\/","url":"https:\/\/odavprint.ee\/en\/teenused\/visiitkaardid\/","name":"Visiitkaardid \u1409 Visiitkaartide tr\u00fckk Tallinnas - Odav Print","isPartOf":{"@id":"https:\/\/odavprint.ee\/en\/#website"},"datePublished":"2018-10-31T21:14:55+00:00","dateModified":"2023-01-07T19:07:30+00:00","description":"Visiitkaartide tr\u00fckkimine Odav Printis \u260e +372 5911 9495 \u2714\ufe0f Parimad hinnad visiitkaardi tegemine Tallinnas \u2714\ufe0f Lamineeritud visiitkaardid \u2b50 Kiire ja kvaliteetne","breadcrumb":{"@id":"https:\/\/odavprint.ee\/en\/teenused\/visiitkaardid\/#breadcrumb"},"inLanguage":"en-US","potentialAction":[{"@type":"ReadAction","target":["https:\/\/odavprint.ee\/en\/teenused\/visiitkaardid\/"]}]},{"@type":"BreadcrumbList","@id":"https:\/\/odavprint.ee\/en\/teenused\/visiitkaardid\/#breadcrumb","itemListElement":[{"@type":"ListItem","position":1,"name":"Home","item":"https:\/\/odavprint.ee\/en\/"},{"@type":"ListItem","position":2,"name":"Teenused","item":"https:\/\/odavprint.ee\/en\/teenused\/"},{"@type":"ListItem","position":3,"name":"Visiitkaardid"}]},{"@type":"WebSite","@id":"https:\/\/odavprint.ee\/en\/#website","url":"https:\/\/odavprint.ee\/en\/","name":"Odav Print","description":"Just another WordPress site","publisher":{"@id":"https:\/\/odavprint.ee\/en\/#organization"},"alternateName":"Kassettide, toonerite t\u00e4itmine ja m\u00fc\u00fck.","potentialAction":[{"@type":"SearchAction","target":{"@type":"EntryPoint","urlTemplate":"https:\/\/odavprint.ee\/en\/?s={search_term_string}"},"query-input":"required name=search_term_string"}],"inLanguage":"en-US"},{"@type":["Organization","Place"],"@id":"https:\/\/odavprint.ee\/en\/#organization","name":"Odav Print O\u00dc","url":"https:\/\/odavprint.ee\/en\/","logo":{"@id":"https:\/\/odavprint.ee\/en\/teenused\/visiitkaardid\/#local-main-organization-logo"},"image":{"@id":"https:\/\/odavprint.ee\/en\/teenused\/visiitkaardid\/#local-main-organization-logo"},"address":{"@id":"https:\/\/odavprint.ee\/en\/teenused\/visiitkaardid\/#local-main-place-address"},"geo":{"@type":"GeoCoordinates","latitude":"59.4306504","longitude":"24.8095743"},"telephone":["53836926"],"openingHoursSpecification":[{"@type":"OpeningHoursSpecification","dayOfWeek":["Monday","Tuesday","Wednesday","Thursday","Friday","Saturday","Sunday"],"opens":"09:00","closes":"17:00"}],"email":"info@odavprint.eu"},{"@type":"PostalAddress","@id":"https:\/\/odavprint.ee\/en\/teenused\/visiitkaardid\/#local-main-place-address","streetAddress":"Pae tn 28","addressLocality":"Tallinn","postalCode":"11415","addressRegion":"Harjumaa","addressCountry":"EE"},{"@type":"ImageObject","inLanguage":"en-US","@id":"https:\/\/odavprint.ee\/en\/teenused\/visiitkaardid\/#local-main-organization-logo","url":"https:\/\/odavprint.ee\/wp-content\/uploads\/2018\/10\/odavprint-logo-240.jpg","contentUrl":"https:\/\/odavprint.ee\/wp-content\/uploads\/2018\/10\/odavprint-logo-240.jpg","width":240,"height":36,"caption":"Odav Print O\u00dc"}]},"geo.placename":"Tallinn","geo.position":{"lat":"59.4306504","long":"24.8095743"},"geo.region":"Estonia"},"_links":{"self":[{"href":"https:\/\/odavprint.ee\/en\/wp-json\/wp\/v2\/pages\/11333"}],"collection":[{"href":"https:\/\/odavprint.ee\/en\/wp-json\/wp\/v2\/pages"}],"about":[{"href":"https:\/\/odavprint.ee\/en\/wp-json\/wp\/v2\/types\/page"}],"author":[{"embeddable":true,"href":"https:\/\/odavprint.ee\/en\/wp-json\/wp\/v2\/users\/2"}],"replies":[{"embeddable":true,"href":"https:\/\/odavprint.ee\/en\/wp-json\/wp\/v2\/comments?post=11333"}],"version-history":[{"count":10,"href":"https:\/\/odavprint.ee\/en\/wp-json\/wp\/v2\/pages\/11333\/revisions"}],"predecessor-version":[{"id":184999,"href":"https:\/\/odavprint.ee\/en\/wp-json\/wp\/v2\/pages\/11333\/revisions\/184999"}],"up":[{"embeddable":true,"href":"https:\/\/odavprint.ee\/en\/wp-json\/wp\/v2\/pages\/11319"}],"wp:attachment":[{"href":"https:\/\/odavprint.ee\/en\/wp-json\/wp\/v2\/media?parent=11333"}],"curies":[{"name":"wp","href":"https:\/\/api.w.org\/{rel}","templated":true}]}}