{"id":11339,"date":"2018-10-31T23:29:02","date_gmt":"2018-10-31T21:29:02","guid":{"rendered":"https:\/\/odavprint.preview.ee\/flaery\/"},"modified":"2023-01-07T21:09:52","modified_gmt":"2023-01-07T19:09:52","slug":"flaierid","status":"publish","type":"page","link":"https:\/\/odavprint.ee\/en\/teenused\/flaierid\/","title":{"rendered":"Flaierid"},"content":{"rendered":"\t<section class=\"section\" id=\"section_645438260\">\n\t\t<div class=\"bg section-bg fill bg-fill  \" >\n\n\t\t\t\n\t\t\t\n\t\t\t\n\n\t\t<\/div>\n\n\t\t<div class=\"section-content relative\">\n\t\t\t\n<div class=\"row row-large align-middle\"  id=\"row-640767219\">\n\n\t<div id=\"col-798803185\" class=\"col medium-12 small-12 large-6\"  >\n\t\t\t\t<div class=\"col-inner\"  >\n\t\t\t\n\t\t\t\n\t<div class=\"img has-hover x md-x lg-x y md-y lg-y\" id=\"image_716789872\">\n\t\t\t\t\t\t\t\t<div class=\"img-inner image-cover box-shadow-5 dark\" style=\"padding-top:70%;\">\n\t\t\t<img loading=\"lazy\" decoding=\"async\" width=\"1110\" height=\"888\" src=\"https:\/\/odavprint.ee\/wp-content\/uploads\/2018\/10\/Maxima-flyer.jpg\" class=\"attachment-original size-original\" alt=\"\" srcset=\"https:\/\/odavprint.ee\/wp-content\/uploads\/2018\/10\/Maxima-flyer.jpg 1110w, https:\/\/odavprint.ee\/wp-content\/uploads\/2018\/10\/Maxima-flyer-300x240.jpg 300w, https:\/\/odavprint.ee\/wp-content\/uploads\/2018\/10\/Maxima-flyer-768x614.jpg 768w, https:\/\/odavprint.ee\/wp-content\/uploads\/2018\/10\/Maxima-flyer-1024x819.jpg 1024w, https:\/\/odavprint.ee\/wp-content\/uploads\/2018\/10\/Maxima-flyer-600x480.jpg 600w\" sizes=\"(max-width: 1110px) 100vw, 1110px\" \/>\t\t\t\t\t\t\n\t\t\t\t\t<\/div>\n\t\t\t\t\t\t\t\t\n<style>\n#image_716789872 {\n  width: 100%;\n}\n<\/style>\n\t<\/div>\n\t\n\t<div id=\"gap-505148651\" class=\"gap-element clearfix\" style=\"display:block; height:auto;\">\n\t\t\n<style>\n#gap-505148651 {\n  padding-top: 30px;\n}\n<\/style>\n\t<\/div>\n\t\n\t\t<\/div>\n\t\t\t\t\n<style>\n#col-798803185 > .col-inner {\n  margin: 0px 0px -28px 0px;\n}\n<\/style>\n\t<\/div>\n\n\t\n\n\t<div id=\"col-2012577181\" class=\"col medium-12 small-12 large-6\"  >\n\t\t\t\t<div class=\"col-inner\"  >\n\t\t\t\n\t\t\t\n<h1>Flaierid<\/h1>\n<div class=\"vc_row wpb_row vc_row-fluid\">\n<div class=\"wpb_column vc_column_container vc_col-sm-8\">\n<div class=\"vc_column-inner \">\n<div class=\"wpb_wrapper\">\n<div class=\"wpb_text_column wpb_content_element \">\n<div class=\"wpb_wrapper\">\n<p><strong>Flaier<\/strong>\u00a0\u2013 see on v\u00e4ike infromatiivne infoleht. Flaiereid levitatakse suure k\u00fclastatavusega kohtades, eelistatavalt otse sihtgrupile \u2013 neile, kellele reklaamitav s\u00fcndmus huvi v\u00f5iks pakkuda.<\/p>\n<p>Selleks, et teie reklaamflaier kindlasti j\u00e4\u00e4ks meelde, v\u00f5ib selle teha ka erikujulisena.<\/p>\n<\/div>\n<\/div>\n<\/div>\n<\/div>\n<\/div>\n<\/div>\n\t\t<\/div>\n\t\t\t\t\n<style>\n#col-2012577181 > .col-inner {\n  margin: 0px 0px -49px 0px;\n}\n<\/style>\n\t<\/div>\n\n\t\n<\/div>\n\t\t<\/div>\n\n\t\t\n<style>\n#section_645438260 {\n  padding-top: 80px;\n  padding-bottom: 80px;\n}\n#section_645438260 .section-bg.bg-loaded {\n  background-image: url(https:\/\/odavprint.ee\/wp-content\/uploads\/2018\/10\/Long-01.svg);\n}\n<\/style>\n\t<\/section>\n\t\n\t<section class=\"section\" id=\"section_1279169193\">\n\t\t<div class=\"bg section-bg fill bg-fill  bg-loaded\" >\n\n\t\t\t\n\t\t\t\n\t\t\t\n\n\t\t<\/div>\n\n\t\t<div class=\"section-content relative\">\n\t\t\t\n\t<div id=\"gap-1149674774\" class=\"gap-element clearfix\" style=\"display:block; height:auto;\">\n\t\t\n<style>\n#gap-1149674774 {\n  padding-top: 30px;\n}\n<\/style>\n\t<\/div>\n\t\n<div class=\"row row-large align-middle\"  id=\"row-1025721254\">\n\n\t<div id=\"col-1355135407\" class=\"col medium-12 small-12 large-6\"  >\n\t\t\t\t<div class=\"col-inner\"  >\n\t\t\t\n\t\t\t\n<h2>Kuidas ja millest valmistame?<\/h2>\n<p>Flaierite standardsed suurused \u2013 \u04104, \u04105, \u04106, \u041065. Tekst v\u00f5ib olla flaieritel esitatud ainult \u00fchel, v\u00f5i m\u00f5lemal k\u00fcljel. Flaierid tr\u00fckime tavaliselt\u00a0<strong>150g &#8211; 200g\/m2<\/strong>\u00a0 tihedusega paberile.<\/p>\n\t\t<\/div>\n\t\t\t\t\t<\/div>\n\n\t\n\n\t<div id=\"col-382378129\" class=\"col medium-12 small-12 large-6 medium-col-first\"  >\n\t\t\t\t<div class=\"col-inner\"  >\n\t\t\t\n\t\t\t\n\t<div class=\"img has-hover x md-x lg-x y md-y lg-y\" id=\"image_1731992405\">\n\t\t\t\t\t\t\t\t<div class=\"img-inner image-cover box-shadow-5 dark\" style=\"padding-top:70%;\">\n\t\t\t<img loading=\"lazy\" decoding=\"async\" width=\"1110\" height=\"888\" src=\"https:\/\/odavprint.ee\/wp-content\/uploads\/2018\/10\/Starcom-flyer.jpg\" class=\"attachment-original size-original\" alt=\"\" srcset=\"https:\/\/odavprint.ee\/wp-content\/uploads\/2018\/10\/Starcom-flyer.jpg 1110w, https:\/\/odavprint.ee\/wp-content\/uploads\/2018\/10\/Starcom-flyer-300x240.jpg 300w, https:\/\/odavprint.ee\/wp-content\/uploads\/2018\/10\/Starcom-flyer-768x614.jpg 768w, https:\/\/odavprint.ee\/wp-content\/uploads\/2018\/10\/Starcom-flyer-1024x819.jpg 1024w, https:\/\/odavprint.ee\/wp-content\/uploads\/2018\/10\/Starcom-flyer-600x480.jpg 600w\" sizes=\"(max-width: 1110px) 100vw, 1110px\" \/>\t\t\t\t\t\t\n\t\t\t\t\t<\/div>\n\t\t\t\t\t\t\t\t\n<style>\n#image_1731992405 {\n  width: 100%;\n}\n<\/style>\n\t<\/div>\n\t\n\t\t<\/div>\n\t\t\t\t\t<\/div>\n\n\t\n<\/div>\n\t<div id=\"gap-1118288460\" class=\"gap-element clearfix\" style=\"display:block; height:auto;\">\n\t\t\n<style>\n#gap-1118288460 {\n  padding-top: 50px;\n}\n<\/style>\n\t<\/div>\n\t\n<div class=\"row row-large align-middle\"  id=\"row-1609804972\">\n\n\t<div id=\"col-1231337784\" class=\"col medium-12 small-12 large-6\"  >\n\t\t\t\t<div class=\"col-inner\"  >\n\t\t\t\n\t\t\t\n\t<div class=\"img has-hover x md-x lg-x y md-y lg-y\" id=\"image_103366718\">\n\t\t\t\t\t\t\t\t<div class=\"img-inner box-shadow-5 dark\" >\n\t\t\t<img loading=\"lazy\" decoding=\"async\" width=\"1110\" height=\"888\" src=\"https:\/\/odavprint.ee\/wp-content\/uploads\/2018\/10\/Pelletimaailm-flyer.jpg\" class=\"attachment-original size-original\" alt=\"\" srcset=\"https:\/\/odavprint.ee\/wp-content\/uploads\/2018\/10\/Pelletimaailm-flyer.jpg 1110w, https:\/\/odavprint.ee\/wp-content\/uploads\/2018\/10\/Pelletimaailm-flyer-300x240.jpg 300w, https:\/\/odavprint.ee\/wp-content\/uploads\/2018\/10\/Pelletimaailm-flyer-768x614.jpg 768w, https:\/\/odavprint.ee\/wp-content\/uploads\/2018\/10\/Pelletimaailm-flyer-1024x819.jpg 1024w, https:\/\/odavprint.ee\/wp-content\/uploads\/2018\/10\/Pelletimaailm-flyer-600x480.jpg 600w\" sizes=\"(max-width: 1110px) 100vw, 1110px\" \/>\t\t\t\t\t\t\n\t\t\t\t\t<\/div>\n\t\t\t\t\t\t\t\t\n<style>\n#image_103366718 {\n  width: 100%;\n}\n<\/style>\n\t<\/div>\n\t\n\t\t<\/div>\n\t\t\t\t\t<\/div>\n\n\t\n\n\t<div id=\"col-1852033503\" class=\"col medium-12 small-12 large-6\"  >\n\t\t\t\t<div class=\"col-inner\"  >\n\t\t\t\n\t\t\t\n<p><strong>T\u00e4psema hinna teadasaamiseks, saatke palun p\u00e4ringu meilile<\/strong><strong style=\"font-size: 90%;\">\u00a0<span style=\"color: #00aae7;\"><a style=\"color: #00aae7;\" href=\"ma&#105;&#108;&#116;&#x6f;&#x3a;&#x69;&#x6e;&#x66;o&#64;&#111;&#100;&#97;&#x76;&#x70;&#x72;&#x69;&#x6e;t&#46;&#101;&#101;\">e-mail<\/a><\/span>.<\/strong><\/p>\n\t\t<\/div>\n\t\t\t\t\n<style>\n#col-1852033503 > .col-inner {\n  margin: 0px 0px -27px 0px;\n}\n<\/style>\n\t<\/div>\n\n\t\n<\/div>\n\t<div id=\"gap-1622724282\" class=\"gap-element clearfix\" style=\"display:block; height:auto;\">\n\t\t\n<style>\n#gap-1622724282 {\n  padding-top: 45px;\n}\n<\/style>\n\t<\/div>\n\t\n\t\t<\/div>\n\n\t\t\n<style>\n#section_1279169193 {\n  padding-top: 0px;\n  padding-bottom: 0px;\n}\n<\/style>\n\t<\/section>\n\t\n\t<section class=\"section\" id=\"section_1396002651\">\n\t\t<div class=\"bg section-bg fill bg-fill  \" >\n\n\t\t\t\n\t\t\t\n\t\t\t\n\n\t\t<\/div>\n\n\t\t<div class=\"section-content relative\">\n\t\t\t\n<div class=\"row align-middle\"  id=\"row-1806540675\">\n\n\t<div id=\"col-1950791632\" class=\"col text-align-center-lte-md medium-12 small-12 large-1\"  >\n\t\t\t\t<div class=\"col-inner\"  >\n\t\t\t\n\t\t\t\n\t<div class=\"img has-hover x md-x lg-x y md-y lg-y\" id=\"image_1351007820\">\n\t\t\t\t\t\t\t\t<div class=\"img-inner dark\" >\n\t\t\t<img loading=\"lazy\" decoding=\"async\" width=\"1\" height=\"1\" src=\"https:\/\/odavprint.ee\/wp-content\/uploads\/2018\/10\/email.svg\" class=\"attachment-large size-large\" alt=\"\" \/>\t\t\t\t\t\t\n\t\t\t\t\t<\/div>\n\t\t\t\t\t\t\t\t\n<style>\n#image_1351007820 {\n  width: 14%;\n}\n@media (min-width:850px) {\n  #image_1351007820 {\n    width: 68%;\n  }\n}\n<\/style>\n\t<\/div>\n\t\n\t\t<\/div>\n\t\t\t\t\n<style>\n#col-1950791632 > .col-inner {\n  margin: 0px 0px -31px 0px;\n}\n<\/style>\n\t<\/div>\n\n\t\n\n\t<div id=\"col-2125536382\" class=\"col text-align-center-lte-md medium-12 small-12 large-7\"  >\n\t\t\t\t<div class=\"col-inner dark\"  >\n\t\t\t\n\t\t\t\n<p><strong><span style=\"font-size: 150%;\">Telli flaierid v\u00f5i reklaamlehed<\/span><\/strong><br \/>\nKui soovite seda teenust tellida, v\u00f5tke meiega \u00fchendust.<\/p>\n\t\t<\/div>\n\t\t\t\t\n<style>\n#col-2125536382 > .col-inner {\n  margin: 0px 0px -44px 0;\n}\n<\/style>\n\t<\/div>\n\n\t\n\n\t<div id=\"col-229628105\" class=\"col text-align-center-lte-md medium-12 small-12 large-4\"  >\n\t\t\t\t<div class=\"col-inner text-right dark\"  >\n\t\t\t\n\t\t\t\n<a href=\"https:\/\/odavprint.ee\/et\/kontakt\/\" target=\"_self\" class=\"button white is-outline lowercase\"  style=\"border-radius:99px;\">\n    <span>Meie kontaktid<\/span>\n  <\/a>\n\n\t\t<\/div>\n\t\t\t\t\n<style>\n#col-229628105 > .col-inner {\n  margin: 0px 0px -44px 0px;\n}\n<\/style>\n\t<\/div>\n\n\t\n<\/div>\n\t\t<\/div>\n\n\t\t\n<style>\n#section_1396002651 {\n  padding-top: 20px;\n  padding-bottom: 20px;\n  background-color: #ed008c;\n}\n#section_1396002651 .section-bg.bg-loaded {\n  background-image: url(https:\/\/odavprint.ee\/wp-content\/uploads\/2018\/10\/backs-03.svg);\n}\n<\/style>\n\t<\/section>\n\t\n","protected":false},"excerpt":{"rendered":"","protected":false},"author":2,"featured_media":0,"parent":11319,"menu_order":0,"comment_status":"closed","ping_status":"closed","template":"page-blank.php","meta":{"inline_featured_image":false,"footnotes":""},"yoast_head":"<!-- This site is optimized with the Yoast SEO Premium plugin v23.0 (Yoast SEO v23.0) - https:\/\/yoast.com\/wordpress\/plugins\/seo\/ -->\n<title>Flaier \u1409 Flaierite tr\u00fckkimine - Odav Print<\/title>\n<meta name=\"description\" content=\"Flaieri tr\u00fckk Odav Printis \u260e +372 5911 9495 \u2714\ufe0f Parim hind flaieri tr\u00fckkimine Tallinnas \u2714\ufe0f Reklaam flaierid \u2b50 Kiire ja kvaliteetne\" \/>\n<meta name=\"robots\" content=\"index, follow, max-snippet:-1, max-image-preview:large, max-video-preview:-1\" \/>\n<link rel=\"canonical\" href=\"https:\/\/odavprint.ee\/en\/teenused\/flaierid\/\" \/>\n<meta property=\"og:locale\" content=\"en_US\" \/>\n<meta property=\"og:type\" content=\"article\" \/>\n<meta property=\"og:title\" content=\"Flaierid\" \/>\n<meta property=\"og:description\" content=\"Flaieri tr\u00fckk Odav Printis \u260e +372 5911 9495 \u2714\ufe0f Parim hind flaieri tr\u00fckkimine Tallinnas \u2714\ufe0f Reklaam flaierid \u2b50 Kiire ja kvaliteetne\" \/>\n<meta property=\"og:url\" content=\"https:\/\/odavprint.ee\/en\/teenused\/flaierid\/\" \/>\n<meta property=\"og:site_name\" content=\"Odav Print\" \/>\n<meta property=\"article:modified_time\" content=\"2023-01-07T19:09:52+00:00\" \/>\n<meta name=\"twitter:card\" content=\"summary_large_image\" \/>\n<meta name=\"twitter:label1\" content=\"Est. reading time\" \/>\n\t<meta name=\"twitter:data1\" content=\"2 minutes\" \/>\n<script type=\"application\/ld+json\" class=\"yoast-schema-graph\">{\"@context\":\"https:\/\/schema.org\",\"@graph\":[{\"@type\":\"WebPage\",\"@id\":\"https:\/\/odavprint.ee\/en\/teenused\/flaierid\/\",\"url\":\"https:\/\/odavprint.ee\/en\/teenused\/flaierid\/\",\"name\":\"Flaier \u1409 Flaierite tr\u00fckkimine - Odav Print\",\"isPartOf\":{\"@id\":\"https:\/\/odavprint.ee\/en\/#website\"},\"datePublished\":\"2018-10-31T21:29:02+00:00\",\"dateModified\":\"2023-01-07T19:09:52+00:00\",\"description\":\"Flaieri tr\u00fckk Odav Printis \u260e +372 5911 9495 \u2714\ufe0f Parim hind flaieri tr\u00fckkimine Tallinnas \u2714\ufe0f Reklaam flaierid \u2b50 Kiire ja kvaliteetne\",\"breadcrumb\":{\"@id\":\"https:\/\/odavprint.ee\/en\/teenused\/flaierid\/#breadcrumb\"},\"inLanguage\":\"en-US\",\"potentialAction\":[{\"@type\":\"ReadAction\",\"target\":[\"https:\/\/odavprint.ee\/en\/teenused\/flaierid\/\"]}]},{\"@type\":\"BreadcrumbList\",\"@id\":\"https:\/\/odavprint.ee\/en\/teenused\/flaierid\/#breadcrumb\",\"itemListElement\":[{\"@type\":\"ListItem\",\"position\":1,\"name\":\"Home\",\"item\":\"https:\/\/odavprint.ee\/en\/\"},{\"@type\":\"ListItem\",\"position\":2,\"name\":\"Teenused\",\"item\":\"https:\/\/odavprint.ee\/en\/teenused\/\"},{\"@type\":\"ListItem\",\"position\":3,\"name\":\"Flaierid\"}]},{\"@type\":\"WebSite\",\"@id\":\"https:\/\/odavprint.ee\/en\/#website\",\"url\":\"https:\/\/odavprint.ee\/en\/\",\"name\":\"Odav Print\",\"description\":\"Just another WordPress site\",\"publisher\":{\"@id\":\"https:\/\/odavprint.ee\/en\/#organization\"},\"alternateName\":\"Kassettide, toonerite t\u00e4itmine ja m\u00fc\u00fck.\",\"potentialAction\":[{\"@type\":\"SearchAction\",\"target\":{\"@type\":\"EntryPoint\",\"urlTemplate\":\"https:\/\/odavprint.ee\/en\/?s={search_term_string}\"},\"query-input\":\"required name=search_term_string\"}],\"inLanguage\":\"en-US\"},{\"@type\":[\"Organization\",\"Place\"],\"@id\":\"https:\/\/odavprint.ee\/en\/#organization\",\"name\":\"Odav Print O\u00dc\",\"url\":\"https:\/\/odavprint.ee\/en\/\",\"logo\":{\"@id\":\"https:\/\/odavprint.ee\/en\/teenused\/flaierid\/#local-main-organization-logo\"},\"image\":{\"@id\":\"https:\/\/odavprint.ee\/en\/teenused\/flaierid\/#local-main-organization-logo\"},\"address\":{\"@id\":\"https:\/\/odavprint.ee\/en\/teenused\/flaierid\/#local-main-place-address\"},\"geo\":{\"@type\":\"GeoCoordinates\",\"latitude\":\"59.4306504\",\"longitude\":\"24.8095743\"},\"telephone\":[\"53836926\"],\"openingHoursSpecification\":[{\"@type\":\"OpeningHoursSpecification\",\"dayOfWeek\":[\"Monday\",\"Tuesday\",\"Wednesday\",\"Thursday\",\"Friday\",\"Saturday\",\"Sunday\"],\"opens\":\"09:00\",\"closes\":\"17:00\"}],\"email\":\"info@odavprint.eu\"},{\"@type\":\"PostalAddress\",\"@id\":\"https:\/\/odavprint.ee\/en\/teenused\/flaierid\/#local-main-place-address\",\"streetAddress\":\"Pae tn 28\",\"addressLocality\":\"Tallinn\",\"postalCode\":\"11415\",\"addressRegion\":\"Harjumaa\",\"addressCountry\":\"EE\"},{\"@type\":\"ImageObject\",\"inLanguage\":\"en-US\",\"@id\":\"https:\/\/odavprint.ee\/en\/teenused\/flaierid\/#local-main-organization-logo\",\"url\":\"https:\/\/odavprint.ee\/wp-content\/uploads\/2018\/10\/odavprint-logo-240.jpg\",\"contentUrl\":\"https:\/\/odavprint.ee\/wp-content\/uploads\/2018\/10\/odavprint-logo-240.jpg\",\"width\":240,\"height\":36,\"caption\":\"Odav Print O\u00dc\"}]}<\/script>\n<meta name=\"geo.placename\" content=\"Tallinn\" \/>\n<meta name=\"geo.position\" content=\"59.4306504;24.8095743\" \/>\n<meta name=\"geo.region\" content=\"Estonia\" \/>\n<!-- \/ Yoast SEO Premium plugin. -->","yoast_head_json":{"title":"Flaier \u1409 Flaierite tr\u00fckkimine - Odav Print","description":"Flaieri tr\u00fckk Odav Printis \u260e +372 5911 9495 \u2714\ufe0f Parim hind flaieri tr\u00fckkimine Tallinnas \u2714\ufe0f Reklaam flaierid \u2b50 Kiire ja kvaliteetne","robots":{"index":"index","follow":"follow","max-snippet":"max-snippet:-1","max-image-preview":"max-image-preview:large","max-video-preview":"max-video-preview:-1"},"canonical":"https:\/\/odavprint.ee\/en\/teenused\/flaierid\/","og_locale":"en_US","og_type":"article","og_title":"Flaierid","og_description":"Flaieri tr\u00fckk Odav Printis \u260e +372 5911 9495 \u2714\ufe0f Parim hind flaieri tr\u00fckkimine Tallinnas \u2714\ufe0f Reklaam flaierid \u2b50 Kiire ja kvaliteetne","og_url":"https:\/\/odavprint.ee\/en\/teenused\/flaierid\/","og_site_name":"Odav Print","article_modified_time":"2023-01-07T19:09:52+00:00","twitter_card":"summary_large_image","twitter_misc":{"Est. reading time":"2 minutes"},"schema":{"@context":"https:\/\/schema.org","@graph":[{"@type":"WebPage","@id":"https:\/\/odavprint.ee\/en\/teenused\/flaierid\/","url":"https:\/\/odavprint.ee\/en\/teenused\/flaierid\/","name":"Flaier \u1409 Flaierite tr\u00fckkimine - Odav Print","isPartOf":{"@id":"https:\/\/odavprint.ee\/en\/#website"},"datePublished":"2018-10-31T21:29:02+00:00","dateModified":"2023-01-07T19:09:52+00:00","description":"Flaieri tr\u00fckk Odav Printis \u260e +372 5911 9495 \u2714\ufe0f Parim hind flaieri tr\u00fckkimine Tallinnas \u2714\ufe0f Reklaam flaierid \u2b50 Kiire ja kvaliteetne","breadcrumb":{"@id":"https:\/\/odavprint.ee\/en\/teenused\/flaierid\/#breadcrumb"},"inLanguage":"en-US","potentialAction":[{"@type":"ReadAction","target":["https:\/\/odavprint.ee\/en\/teenused\/flaierid\/"]}]},{"@type":"BreadcrumbList","@id":"https:\/\/odavprint.ee\/en\/teenused\/flaierid\/#breadcrumb","itemListElement":[{"@type":"ListItem","position":1,"name":"Home","item":"https:\/\/odavprint.ee\/en\/"},{"@type":"ListItem","position":2,"name":"Teenused","item":"https:\/\/odavprint.ee\/en\/teenused\/"},{"@type":"ListItem","position":3,"name":"Flaierid"}]},{"@type":"WebSite","@id":"https:\/\/odavprint.ee\/en\/#website","url":"https:\/\/odavprint.ee\/en\/","name":"Odav Print","description":"Just another WordPress site","publisher":{"@id":"https:\/\/odavprint.ee\/en\/#organization"},"alternateName":"Kassettide, toonerite t\u00e4itmine ja m\u00fc\u00fck.","potentialAction":[{"@type":"SearchAction","target":{"@type":"EntryPoint","urlTemplate":"https:\/\/odavprint.ee\/en\/?s={search_term_string}"},"query-input":"required name=search_term_string"}],"inLanguage":"en-US"},{"@type":["Organization","Place"],"@id":"https:\/\/odavprint.ee\/en\/#organization","name":"Odav Print O\u00dc","url":"https:\/\/odavprint.ee\/en\/","logo":{"@id":"https:\/\/odavprint.ee\/en\/teenused\/flaierid\/#local-main-organization-logo"},"image":{"@id":"https:\/\/odavprint.ee\/en\/teenused\/flaierid\/#local-main-organization-logo"},"address":{"@id":"https:\/\/odavprint.ee\/en\/teenused\/flaierid\/#local-main-place-address"},"geo":{"@type":"GeoCoordinates","latitude":"59.4306504","longitude":"24.8095743"},"telephone":["53836926"],"openingHoursSpecification":[{"@type":"OpeningHoursSpecification","dayOfWeek":["Monday","Tuesday","Wednesday","Thursday","Friday","Saturday","Sunday"],"opens":"09:00","closes":"17:00"}],"email":"info@odavprint.eu"},{"@type":"PostalAddress","@id":"https:\/\/odavprint.ee\/en\/teenused\/flaierid\/#local-main-place-address","streetAddress":"Pae tn 28","addressLocality":"Tallinn","postalCode":"11415","addressRegion":"Harjumaa","addressCountry":"EE"},{"@type":"ImageObject","inLanguage":"en-US","@id":"https:\/\/odavprint.ee\/en\/teenused\/flaierid\/#local-main-organization-logo","url":"https:\/\/odavprint.ee\/wp-content\/uploads\/2018\/10\/odavprint-logo-240.jpg","contentUrl":"https:\/\/odavprint.ee\/wp-content\/uploads\/2018\/10\/odavprint-logo-240.jpg","width":240,"height":36,"caption":"Odav Print O\u00dc"}]},"geo.placename":"Tallinn","geo.position":{"lat":"59.4306504","long":"24.8095743"},"geo.region":"Estonia"},"_links":{"self":[{"href":"https:\/\/odavprint.ee\/en\/wp-json\/wp\/v2\/pages\/11339"}],"collection":[{"href":"https:\/\/odavprint.ee\/en\/wp-json\/wp\/v2\/pages"}],"about":[{"href":"https:\/\/odavprint.ee\/en\/wp-json\/wp\/v2\/types\/page"}],"author":[{"embeddable":true,"href":"https:\/\/odavprint.ee\/en\/wp-json\/wp\/v2\/users\/2"}],"replies":[{"embeddable":true,"href":"https:\/\/odavprint.ee\/en\/wp-json\/wp\/v2\/comments?post=11339"}],"version-history":[{"count":8,"href":"https:\/\/odavprint.ee\/en\/wp-json\/wp\/v2\/pages\/11339\/revisions"}],"predecessor-version":[{"id":185001,"href":"https:\/\/odavprint.ee\/en\/wp-json\/wp\/v2\/pages\/11339\/revisions\/185001"}],"up":[{"embeddable":true,"href":"https:\/\/odavprint.ee\/en\/wp-json\/wp\/v2\/pages\/11319"}],"wp:attachment":[{"href":"https:\/\/odavprint.ee\/en\/wp-json\/wp\/v2\/media?parent=11339"}],"curies":[{"name":"wp","href":"https:\/\/api.w.org\/{rel}","templated":true}]}}