{"id":11376,"date":"2018-11-01T14:35:22","date_gmt":"2018-11-01T12:35:22","guid":{"rendered":"https:\/\/odavprint.preview.ee\/roll-up-stend\/"},"modified":"2024-08-06T14:01:57","modified_gmt":"2024-08-06T11:01:57","slug":"roll-up-stend","status":"publish","type":"page","link":"https:\/\/odavprint.ee\/en\/teenused\/roll-up-stend\/","title":{"rendered":"Roll-up stend"},"content":{"rendered":"\t<section class=\"section\" id=\"section_561839121\">\n\t\t<div class=\"bg section-bg fill bg-fill  \" >\n\n\t\t\t\n\t\t\t\n\t\t\t\n\n\t\t<\/div>\n\n\t\t<div class=\"section-content relative\">\n\t\t\t\n<div class=\"row row-large align-middle\"  id=\"row-619823265\">\n\n\t<div id=\"col-799395083\" class=\"col medium-12 small-12 large-6\"  >\n\t\t\t\t<div class=\"col-inner\"  >\n\t\t\t\n\t\t\t\n\t<div class=\"img has-hover x md-x lg-x y md-y lg-y\" id=\"image_1829463557\">\n\t\t\t\t\t\t\t\t<div class=\"img-inner box-shadow-5 dark\" >\n\t\t\t<img loading=\"lazy\" decoding=\"async\" width=\"2670\" height=\"2003\" src=\"https:\/\/odavprint.ee\/wp-content\/uploads\/2018\/11\/Signarama-comp-57e28454db5ba5.42950463.jpg\" class=\"attachment-original size-original\" alt=\"\" srcset=\"https:\/\/odavprint.ee\/wp-content\/uploads\/2018\/11\/Signarama-comp-57e28454db5ba5.42950463.jpg 2670w, https:\/\/odavprint.ee\/wp-content\/uploads\/2018\/11\/Signarama-comp-57e28454db5ba5.42950463-300x225.jpg 300w, https:\/\/odavprint.ee\/wp-content\/uploads\/2018\/11\/Signarama-comp-57e28454db5ba5.42950463-768x576.jpg 768w, https:\/\/odavprint.ee\/wp-content\/uploads\/2018\/11\/Signarama-comp-57e28454db5ba5.42950463-1024x768.jpg 1024w, https:\/\/odavprint.ee\/wp-content\/uploads\/2018\/11\/Signarama-comp-57e28454db5ba5.42950463-600x450.jpg 600w\" sizes=\"(max-width: 2670px) 100vw, 2670px\" \/>\t\t\t\t\t\t\n\t\t\t\t\t<\/div>\n\t\t\t\t\t\t\t\t\n<style>\n#image_1829463557 {\n  width: 100%;\n}\n<\/style>\n\t<\/div>\n\t\n\t<div id=\"gap-1190566905\" class=\"gap-element clearfix\" style=\"display:block; height:auto;\">\n\t\t\n<style>\n#gap-1190566905 {\n  padding-top: 30px;\n}\n<\/style>\n\t<\/div>\n\t\n\t\t<\/div>\n\t\t\t\t\n<style>\n#col-799395083 > .col-inner {\n  margin: 0px 0px -28px 0px;\n}\n<\/style>\n\t<\/div>\n\n\t\n\n\t<div id=\"col-1296355599\" class=\"col medium-12 small-12 large-6\"  >\n\t\t\t\t<div class=\"col-inner\"  >\n\t\t\t\n\t\t\t\n<h1>Roll-up stend<\/h1>\n<div class=\"vc_row wpb_row vc_row-fluid\">\n<div class=\"wpb_column vc_column_container vc_col-sm-8\">\n<div class=\"vc_column-inner \">\n<div class=\"wpb_wrapper\">\n<div class=\"wpb_text_column wpb_content_element \">\n<div class=\"wpb_wrapper\">\n<p>Roll-Up stend \u2013 see on reklaamstend, kus tr\u00fckkimise osa (graafika) rullitakse stendi alumise osa sisse trasportimise jaoks ning t\u00f5mmatakse v\u00e4lja esitluse ajaks.Roll-Up stende kasutatakse kaubanduskeskustes, n\u00e4itustel, messidel ning pilkup\u00fc\u00fcdvaks reklaamiks.<\/p>\n<h4>Kuidas ja millest valmistame?<\/h4>\n<p>Graafika tr\u00fckime PP b\u00e4nneri materjalile. Stendil on kaks jalga, mis tagavad p\u00fcsivuse. Graafika paikneb stendi aluses n\u00f6 kassetis ning t\u00f5mmatakse lahti ruloo sarnaselt \u201ealt \u00fcles\u201d. Alumiiniumist tugitoru j\u00e4\u00e4b graafika taha. Stendiga on kaasas mugav tugevast riidest kandekott.<\/p>\n<p>K\u00f5ige populaarsemad suurused on 850x2000mm ja 1000x2000mm<\/p>\n<\/div>\n<\/div>\n<\/div>\n<\/div>\n<\/div>\n<\/div>\n\t\t<\/div>\n\t\t\t\t\n<style>\n#col-1296355599 > .col-inner {\n  margin: 0px 0px -49px 0px;\n}\n<\/style>\n\t<\/div>\n\n\t\n<\/div>\n\t\t<\/div>\n\n\t\t\n<style>\n#section_561839121 {\n  padding-top: 80px;\n  padding-bottom: 80px;\n}\n#section_561839121 .section-bg.bg-loaded {\n  background-image: url(https:\/\/odavprint.ee\/wp-content\/uploads\/2018\/10\/Long-01.svg);\n}\n<\/style>\n\t<\/section>\n\t\n\t<section class=\"section\" id=\"section_586550247\">\n\t\t<div class=\"bg section-bg fill bg-fill  bg-loaded\" >\n\n\t\t\t\n\t\t\t\n\t\t\t\n\n\t\t<\/div>\n\n\t\t<div class=\"section-content relative\">\n\t\t\t\n\t<div id=\"gap-1375984089\" class=\"gap-element clearfix\" style=\"display:block; height:auto;\">\n\t\t\n<style>\n#gap-1375984089 {\n  padding-top: 30px;\n}\n<\/style>\n\t<\/div>\n\t\n<div class=\"row row-large align-middle\"  id=\"row-694733157\">\n\n\t<div id=\"col-1027276731\" class=\"col medium-12 small-12 large-9\"  >\n\t\t\t\t<div class=\"col-inner\"  >\n\t\t\t\n\t\t\t\n<h1>N\u00e4idishinnad<\/h1>\n<p>Hinnad sisaldavad Roll-Upi tr\u00fckki, kotti ja stendi kokkupanemist.<\/p>\n<p><strong>Roll-Up Stendid \u201cSTANDARD\u201d<\/strong><\/p>\n<table>\n<thead>\n<tr>\n<td><strong>Suurus<\/strong><\/td>\n<td><strong>Hind (Kmta)<\/strong><\/td>\n<td><strong>Hind (KMga)<\/strong><\/td>\n<\/tr>\n<\/thead>\n<tbody>\n<tr>\n<td>850x2000mm<\/td>\n<td>K\u00fcsi hinda!<\/td>\n<td>K\u00fcsi hinda!<\/td>\n<\/tr>\n<tr>\n<td>1000x2000mm<\/td>\n<td>K\u00fcsi hinda!<\/td>\n<td>K\u00fcsi hinda!<\/td>\n<\/tr>\n<\/tbody>\n<\/table>\n<p><strong>Roll-Up Stendid \u201cDOUBLE\u201d\u00a0<\/strong><\/p>\n<table>\n<thead>\n<tr>\n<td><strong>Suurus<\/strong><\/td>\n<td><strong>Hind (Kmta)<\/strong><\/td>\n<td><strong>Hind (KMga)<\/strong><\/td>\n<\/tr>\n<\/thead>\n<tbody>\n<tr>\n<td>850x2000mm<\/td>\n<td>K\u00fcsi hinda!<\/td>\n<td>K\u00fcsi hinda!<\/td>\n<\/tr>\n<tr>\n<td>1000x2000mm<\/td>\n<td>K\u00fcsi hinda!<\/td>\n<td>K\u00fcsi hinda!<\/td>\n<\/tr>\n<\/tbody>\n<\/table>\n<p>Hinnad kehtivad juhul, kui on olemas tr\u00fckifail.\u00a0<strong>T\u00e4psema hinna teadasaamiseks, saatke palun p\u00e4ringu meilile<\/strong><strong style=\"font-size: 90%;\">\u00a0<span style=\"color: #00aae7;\"><a style=\"color: #00aae7;\" href=\"&#109;&#x61;i&#x6c;&#x74;&#111;&#x3a;i&#110;&#x66;&#111;&#x40;o&#100;&#x61;v&#x70;r&#105;&#x6e;t&#x2e;&#x65;&#101;\">e-mail<\/a><\/span>.<\/strong><\/p>\n\t\t<\/div>\n\t\t\t\t\t<\/div>\n\n\t\n\n\t<div id=\"col-1428480714\" class=\"col medium-5 small-12 large-3\"  >\n\t\t\t\t<div class=\"col-inner\"  >\n\t\t\t\n\t\t\t\n\t<div class=\"img has-hover x md-x lg-x y md-y lg-y\" id=\"image_900364266\">\n\t\t\t\t\t\t\t\t<div class=\"img-inner dark\" >\n\t\t\t<img loading=\"lazy\" decoding=\"async\" width=\"256\" height=\"600\" src=\"https:\/\/odavprint.ee\/wp-content\/uploads\/2018\/11\/Feynlab-Roll-Up-Advertising-Floor-Banner.png\" class=\"attachment-original size-original\" alt=\"\" srcset=\"https:\/\/odavprint.ee\/wp-content\/uploads\/2018\/11\/Feynlab-Roll-Up-Advertising-Floor-Banner.png 256w, https:\/\/odavprint.ee\/wp-content\/uploads\/2018\/11\/Feynlab-Roll-Up-Advertising-Floor-Banner-128x300.png 128w\" sizes=\"(max-width: 256px) 100vw, 256px\" \/>\t\t\t\t\t\t\n\t\t\t\t\t<\/div>\n\t\t\t\t\t\t\t\t\n<style>\n#image_900364266 {\n  width: 100%;\n}\n<\/style>\n\t<\/div>\n\t\n\t\t<\/div>\n\t\t\t\t\t<\/div>\n\n\t\n<\/div>\n\t<div id=\"gap-62489723\" class=\"gap-element clearfix\" style=\"display:block; height:auto;\">\n\t\t\n<style>\n#gap-62489723 {\n  padding-top: 45px;\n}\n<\/style>\n\t<\/div>\n\t\n\t\t<\/div>\n\n\t\t\n<style>\n#section_586550247 {\n  padding-top: 0px;\n  padding-bottom: 0px;\n}\n<\/style>\n\t<\/section>\n\t\n\t<section class=\"section\" id=\"section_1160855956\">\n\t\t<div class=\"bg section-bg fill bg-fill  \" >\n\n\t\t\t\n\t\t\t\n\t\t\t\n\n\t\t<\/div>\n\n\t\t<div class=\"section-content relative\">\n\t\t\t\n<div class=\"row align-middle\"  id=\"row-153872277\">\n\n\t<div id=\"col-141291255\" class=\"col text-align-center-lte-md medium-12 small-12 large-1\"  >\n\t\t\t\t<div class=\"col-inner\"  >\n\t\t\t\n\t\t\t\n\t<div class=\"img has-hover x md-x lg-x y md-y lg-y\" id=\"image_774038689\">\n\t\t\t\t\t\t\t\t<div class=\"img-inner dark\" >\n\t\t\t<img loading=\"lazy\" decoding=\"async\" width=\"1\" height=\"1\" src=\"https:\/\/odavprint.ee\/wp-content\/uploads\/2018\/10\/email.svg\" class=\"attachment-large size-large\" alt=\"\" \/>\t\t\t\t\t\t\n\t\t\t\t\t<\/div>\n\t\t\t\t\t\t\t\t\n<style>\n#image_774038689 {\n  width: 14%;\n}\n@media (min-width:850px) {\n  #image_774038689 {\n    width: 68%;\n  }\n}\n<\/style>\n\t<\/div>\n\t\n\t\t<\/div>\n\t\t\t\t\n<style>\n#col-141291255 > .col-inner {\n  margin: 0px 0px -31px 0px;\n}\n<\/style>\n\t<\/div>\n\n\t\n\n\t<div id=\"col-853643038\" class=\"col text-align-center-lte-md medium-12 small-12 large-7\"  >\n\t\t\t\t<div class=\"col-inner dark\"  >\n\t\t\t\n\t\t\t\n<p><strong><span style=\"font-size: 150%;\">Roll-upide valmistamine<\/span><\/strong><br \/>\nKui soovite seda teenust tellida, v\u00f5tke meiega \u00fchendust.<\/p>\n\t\t<\/div>\n\t\t\t\t\n<style>\n#col-853643038 > .col-inner {\n  margin: 0px 0px -44px 0;\n}\n<\/style>\n\t<\/div>\n\n\t\n\n\t<div id=\"col-1495053744\" class=\"col text-align-center-lte-md medium-12 small-12 large-4\"  >\n\t\t\t\t<div class=\"col-inner text-right dark\"  >\n\t\t\t\n\t\t\t\n<a href=\"https:\/\/odavprint.ee\/et\/kontakt\/\" target=\"_self\" class=\"button white is-outline lowercase\"  style=\"border-radius:99px;\">\n    <span>Meie kontaktid<\/span>\n  <\/a>\n\n\t\t<\/div>\n\t\t\t\t\n<style>\n#col-1495053744 > .col-inner {\n  margin: 0px 0px -44px 0px;\n}\n<\/style>\n\t<\/div>\n\n\t\n<\/div>\n\t\t<\/div>\n\n\t\t\n<style>\n#section_1160855956 {\n  padding-top: 20px;\n  padding-bottom: 20px;\n  background-color: #ed008c;\n}\n#section_1160855956 .section-bg.bg-loaded {\n  background-image: url(https:\/\/odavprint.ee\/wp-content\/uploads\/2018\/10\/backs-03.svg);\n}\n<\/style>\n\t<\/section>\n\t\n","protected":false},"excerpt":{"rendered":"","protected":false},"author":2,"featured_media":0,"parent":11319,"menu_order":0,"comment_status":"closed","ping_status":"closed","template":"page-blank.php","meta":{"inline_featured_image":false,"footnotes":""},"yoast_head":"<!-- This site is optimized with the Yoast SEO Premium plugin v23.0 (Yoast SEO v23.0) - https:\/\/yoast.com\/wordpress\/plugins\/seo\/ -->\n<title>Roll-up stend<\/title>\n<meta name=\"robots\" content=\"index, follow, max-snippet:-1, max-image-preview:large, max-video-preview:-1\" \/>\n<link rel=\"canonical\" href=\"https:\/\/odavprint.ee\/en\/teenused\/roll-up-stend\/\" \/>\n<meta property=\"og:locale\" content=\"en_US\" \/>\n<meta property=\"og:type\" content=\"article\" \/>\n<meta property=\"og:title\" content=\"Roll-up stend\" \/>\n<meta property=\"og:url\" content=\"https:\/\/odavprint.ee\/en\/teenused\/roll-up-stend\/\" \/>\n<meta property=\"og:site_name\" content=\"Odav Print\" \/>\n<meta property=\"article:modified_time\" content=\"2024-08-06T11:01:57+00:00\" \/>\n<meta name=\"twitter:card\" content=\"summary_large_image\" \/>\n<meta name=\"twitter:label1\" content=\"Est. reading time\" \/>\n\t<meta name=\"twitter:data1\" content=\"2 minutes\" \/>\n<script type=\"application\/ld+json\" class=\"yoast-schema-graph\">{\"@context\":\"https:\/\/schema.org\",\"@graph\":[{\"@type\":\"WebPage\",\"@id\":\"https:\/\/odavprint.ee\/en\/teenused\/roll-up-stend\/\",\"url\":\"https:\/\/odavprint.ee\/en\/teenused\/roll-up-stend\/\",\"name\":\"Roll-up stend\",\"isPartOf\":{\"@id\":\"https:\/\/odavprint.ee\/en\/#website\"},\"datePublished\":\"2018-11-01T12:35:22+00:00\",\"dateModified\":\"2024-08-06T11:01:57+00:00\",\"breadcrumb\":{\"@id\":\"https:\/\/odavprint.ee\/en\/teenused\/roll-up-stend\/#breadcrumb\"},\"inLanguage\":\"en-US\",\"potentialAction\":[{\"@type\":\"ReadAction\",\"target\":[\"https:\/\/odavprint.ee\/en\/teenused\/roll-up-stend\/\"]}]},{\"@type\":\"BreadcrumbList\",\"@id\":\"https:\/\/odavprint.ee\/en\/teenused\/roll-up-stend\/#breadcrumb\",\"itemListElement\":[{\"@type\":\"ListItem\",\"position\":1,\"name\":\"Home\",\"item\":\"https:\/\/odavprint.ee\/en\/\"},{\"@type\":\"ListItem\",\"position\":2,\"name\":\"Teenused\",\"item\":\"https:\/\/odavprint.ee\/en\/teenused\/\"},{\"@type\":\"ListItem\",\"position\":3,\"name\":\"Roll-up stend\"}]},{\"@type\":\"WebSite\",\"@id\":\"https:\/\/odavprint.ee\/en\/#website\",\"url\":\"https:\/\/odavprint.ee\/en\/\",\"name\":\"Odav Print\",\"description\":\"Just another WordPress site\",\"publisher\":{\"@id\":\"https:\/\/odavprint.ee\/en\/#organization\"},\"alternateName\":\"Kassettide, toonerite t\u00e4itmine ja m\u00fc\u00fck.\",\"potentialAction\":[{\"@type\":\"SearchAction\",\"target\":{\"@type\":\"EntryPoint\",\"urlTemplate\":\"https:\/\/odavprint.ee\/en\/?s={search_term_string}\"},\"query-input\":\"required name=search_term_string\"}],\"inLanguage\":\"en-US\"},{\"@type\":[\"Organization\",\"Place\"],\"@id\":\"https:\/\/odavprint.ee\/en\/#organization\",\"name\":\"Odav Print O\u00dc\",\"url\":\"https:\/\/odavprint.ee\/en\/\",\"logo\":{\"@id\":\"https:\/\/odavprint.ee\/en\/teenused\/roll-up-stend\/#local-main-organization-logo\"},\"image\":{\"@id\":\"https:\/\/odavprint.ee\/en\/teenused\/roll-up-stend\/#local-main-organization-logo\"},\"address\":{\"@id\":\"https:\/\/odavprint.ee\/en\/teenused\/roll-up-stend\/#local-main-place-address\"},\"geo\":{\"@type\":\"GeoCoordinates\",\"latitude\":\"59.4306504\",\"longitude\":\"24.8095743\"},\"telephone\":[\"53836926\"],\"openingHoursSpecification\":[{\"@type\":\"OpeningHoursSpecification\",\"dayOfWeek\":[\"Monday\",\"Tuesday\",\"Wednesday\",\"Thursday\",\"Friday\",\"Saturday\",\"Sunday\"],\"opens\":\"09:00\",\"closes\":\"17:00\"}],\"email\":\"info@odavprint.eu\"},{\"@type\":\"PostalAddress\",\"@id\":\"https:\/\/odavprint.ee\/en\/teenused\/roll-up-stend\/#local-main-place-address\",\"streetAddress\":\"Pae tn 28\",\"addressLocality\":\"Tallinn\",\"postalCode\":\"11415\",\"addressRegion\":\"Harjumaa\",\"addressCountry\":\"EE\"},{\"@type\":\"ImageObject\",\"inLanguage\":\"en-US\",\"@id\":\"https:\/\/odavprint.ee\/en\/teenused\/roll-up-stend\/#local-main-organization-logo\",\"url\":\"https:\/\/odavprint.ee\/wp-content\/uploads\/2018\/10\/odavprint-logo-240.jpg\",\"contentUrl\":\"https:\/\/odavprint.ee\/wp-content\/uploads\/2018\/10\/odavprint-logo-240.jpg\",\"width\":240,\"height\":36,\"caption\":\"Odav Print O\u00dc\"}]}<\/script>\n<meta name=\"geo.placename\" content=\"Tallinn\" \/>\n<meta name=\"geo.position\" content=\"59.4306504;24.8095743\" \/>\n<meta name=\"geo.region\" content=\"Estonia\" \/>\n<!-- \/ Yoast SEO Premium plugin. -->","yoast_head_json":{"title":"Roll-up stend","robots":{"index":"index","follow":"follow","max-snippet":"max-snippet:-1","max-image-preview":"max-image-preview:large","max-video-preview":"max-video-preview:-1"},"canonical":"https:\/\/odavprint.ee\/en\/teenused\/roll-up-stend\/","og_locale":"en_US","og_type":"article","og_title":"Roll-up stend","og_url":"https:\/\/odavprint.ee\/en\/teenused\/roll-up-stend\/","og_site_name":"Odav Print","article_modified_time":"2024-08-06T11:01:57+00:00","twitter_card":"summary_large_image","twitter_misc":{"Est. reading time":"2 minutes"},"schema":{"@context":"https:\/\/schema.org","@graph":[{"@type":"WebPage","@id":"https:\/\/odavprint.ee\/en\/teenused\/roll-up-stend\/","url":"https:\/\/odavprint.ee\/en\/teenused\/roll-up-stend\/","name":"Roll-up stend","isPartOf":{"@id":"https:\/\/odavprint.ee\/en\/#website"},"datePublished":"2018-11-01T12:35:22+00:00","dateModified":"2024-08-06T11:01:57+00:00","breadcrumb":{"@id":"https:\/\/odavprint.ee\/en\/teenused\/roll-up-stend\/#breadcrumb"},"inLanguage":"en-US","potentialAction":[{"@type":"ReadAction","target":["https:\/\/odavprint.ee\/en\/teenused\/roll-up-stend\/"]}]},{"@type":"BreadcrumbList","@id":"https:\/\/odavprint.ee\/en\/teenused\/roll-up-stend\/#breadcrumb","itemListElement":[{"@type":"ListItem","position":1,"name":"Home","item":"https:\/\/odavprint.ee\/en\/"},{"@type":"ListItem","position":2,"name":"Teenused","item":"https:\/\/odavprint.ee\/en\/teenused\/"},{"@type":"ListItem","position":3,"name":"Roll-up stend"}]},{"@type":"WebSite","@id":"https:\/\/odavprint.ee\/en\/#website","url":"https:\/\/odavprint.ee\/en\/","name":"Odav Print","description":"Just another WordPress site","publisher":{"@id":"https:\/\/odavprint.ee\/en\/#organization"},"alternateName":"Kassettide, toonerite t\u00e4itmine ja m\u00fc\u00fck.","potentialAction":[{"@type":"SearchAction","target":{"@type":"EntryPoint","urlTemplate":"https:\/\/odavprint.ee\/en\/?s={search_term_string}"},"query-input":"required name=search_term_string"}],"inLanguage":"en-US"},{"@type":["Organization","Place"],"@id":"https:\/\/odavprint.ee\/en\/#organization","name":"Odav Print O\u00dc","url":"https:\/\/odavprint.ee\/en\/","logo":{"@id":"https:\/\/odavprint.ee\/en\/teenused\/roll-up-stend\/#local-main-organization-logo"},"image":{"@id":"https:\/\/odavprint.ee\/en\/teenused\/roll-up-stend\/#local-main-organization-logo"},"address":{"@id":"https:\/\/odavprint.ee\/en\/teenused\/roll-up-stend\/#local-main-place-address"},"geo":{"@type":"GeoCoordinates","latitude":"59.4306504","longitude":"24.8095743"},"telephone":["53836926"],"openingHoursSpecification":[{"@type":"OpeningHoursSpecification","dayOfWeek":["Monday","Tuesday","Wednesday","Thursday","Friday","Saturday","Sunday"],"opens":"09:00","closes":"17:00"}],"email":"info@odavprint.eu"},{"@type":"PostalAddress","@id":"https:\/\/odavprint.ee\/en\/teenused\/roll-up-stend\/#local-main-place-address","streetAddress":"Pae tn 28","addressLocality":"Tallinn","postalCode":"11415","addressRegion":"Harjumaa","addressCountry":"EE"},{"@type":"ImageObject","inLanguage":"en-US","@id":"https:\/\/odavprint.ee\/en\/teenused\/roll-up-stend\/#local-main-organization-logo","url":"https:\/\/odavprint.ee\/wp-content\/uploads\/2018\/10\/odavprint-logo-240.jpg","contentUrl":"https:\/\/odavprint.ee\/wp-content\/uploads\/2018\/10\/odavprint-logo-240.jpg","width":240,"height":36,"caption":"Odav Print O\u00dc"}]},"geo.placename":"Tallinn","geo.position":{"lat":"59.4306504","long":"24.8095743"},"geo.region":"Estonia"},"_links":{"self":[{"href":"https:\/\/odavprint.ee\/en\/wp-json\/wp\/v2\/pages\/11376"}],"collection":[{"href":"https:\/\/odavprint.ee\/en\/wp-json\/wp\/v2\/pages"}],"about":[{"href":"https:\/\/odavprint.ee\/en\/wp-json\/wp\/v2\/types\/page"}],"author":[{"embeddable":true,"href":"https:\/\/odavprint.ee\/en\/wp-json\/wp\/v2\/users\/2"}],"replies":[{"embeddable":true,"href":"https:\/\/odavprint.ee\/en\/wp-json\/wp\/v2\/comments?post=11376"}],"version-history":[{"count":10,"href":"https:\/\/odavprint.ee\/en\/wp-json\/wp\/v2\/pages\/11376\/revisions"}],"predecessor-version":[{"id":205389,"href":"https:\/\/odavprint.ee\/en\/wp-json\/wp\/v2\/pages\/11376\/revisions\/205389"}],"up":[{"embeddable":true,"href":"https:\/\/odavprint.ee\/en\/wp-json\/wp\/v2\/pages\/11319"}],"wp:attachment":[{"href":"https:\/\/odavprint.ee\/en\/wp-json\/wp\/v2\/media?parent=11376"}],"curies":[{"name":"wp","href":"https:\/\/api.w.org\/{rel}","templated":true}]}}