{"id":11389,"date":"2018-11-01T15:02:54","date_gmt":"2018-11-01T13:02:54","guid":{"rendered":"https:\/\/odavprint.preview.ee\/stend-dlja-fotografirovanija\/"},"modified":"2023-01-07T21:26:50","modified_gmt":"2023-01-07T19:26:50","slug":"fotosein","status":"publish","type":"page","link":"https:\/\/odavprint.ee\/en\/teenused\/fotosein\/","title":{"rendered":"Fotosein"},"content":{"rendered":"\t<section class=\"section\" id=\"section_64846000\">\n\t\t<div class=\"bg section-bg fill bg-fill  \" >\n\n\t\t\t\n\t\t\t\n\t\t\t\n\n\t\t<\/div>\n\n\t\t<div class=\"section-content relative\">\n\t\t\t\n<div class=\"row row-large align-middle\"  id=\"row-1798784385\">\n\n\t<div id=\"col-355462874\" class=\"col medium-12 small-12 large-6\"  >\n\t\t\t\t<div class=\"col-inner\"  >\n\t\t\t\n\t\t\t\n\t<div class=\"img has-hover x md-x lg-x y md-y lg-y\" id=\"image_262576319\">\n\t\t\t\t\t\t\t\t<div class=\"img-inner box-shadow-5 dark\" >\n\t\t\t<img loading=\"lazy\" decoding=\"async\" width=\"1024\" height=\"683\" src=\"https:\/\/odavprint.ee\/wp-content\/uploads\/2018\/11\/ph1.jpg\" class=\"attachment-original size-original\" alt=\"\" srcset=\"https:\/\/odavprint.ee\/wp-content\/uploads\/2018\/11\/ph1.jpg 1024w, https:\/\/odavprint.ee\/wp-content\/uploads\/2018\/11\/ph1-300x200.jpg 300w, https:\/\/odavprint.ee\/wp-content\/uploads\/2018\/11\/ph1-768x512.jpg 768w, https:\/\/odavprint.ee\/wp-content\/uploads\/2018\/11\/ph1-600x400.jpg 600w\" sizes=\"(max-width: 1024px) 100vw, 1024px\" \/>\t\t\t\t\t\t\n\t\t\t\t\t<\/div>\n\t\t\t\t\t\t\t\t\n<style>\n#image_262576319 {\n  width: 100%;\n}\n<\/style>\n\t<\/div>\n\t\n\t<div id=\"gap-528290537\" class=\"gap-element clearfix\" style=\"display:block; height:auto;\">\n\t\t\n<style>\n#gap-528290537 {\n  padding-top: 30px;\n}\n<\/style>\n\t<\/div>\n\t\n\t\t<\/div>\n\t\t\t\t\n<style>\n#col-355462874 > .col-inner {\n  margin: 0px 0px -28px 0px;\n}\n<\/style>\n\t<\/div>\n\n\t\n\n\t<div id=\"col-1444887648\" class=\"col medium-12 small-12 large-6\"  >\n\t\t\t\t<div class=\"col-inner\"  >\n\t\t\t\n\t\t\t\n<h1>Fotosein<\/h1>\n<div class=\"vc_row wpb_row vc_row-fluid\">\n<div class=\"wpb_column vc_column_container vc_col-sm-8\">\n<div class=\"vc_column-inner \">\n<div class=\"wpb_wrapper\">\n<div class=\"wpb_text_column wpb_content_element \">\n<div class=\"wpb_wrapper\">\n<p>Fotosein \u2013 kasutatakse erinevate pildistamise, messide, n\u00e4ituste, esitluste, tseremooniate ja pulmade jaoks.<\/p>\n<h2>Kuidas ja millest plakateid valmistame?<\/h2>\n<p>Konstruktsioon \u2013 kroomitud terastorud ja tr\u00fckkimine kangale \/ PVC b\u00e4nnerile. Disain paigaldatakse konstruktsioonile kangale \u00f5mmeldud tunnelite abil.<br \/>\nStend on kompaktne, mugavas, k\u00e4ep\u00e4rases kotis ja lihtne transportida.<\/p>\n<p><strong>Saadaval suurused <span data-sheets-value=\"{&quot;1&quot;:2,&quot;2&quot;:&quot;fotoseinad&quot;}\" data-sheets-userformat=\"{&quot;2&quot;:573,&quot;3&quot;:{&quot;1&quot;:0},&quot;5&quot;:{&quot;1&quot;:&#091;{&quot;1&quot;:2,&quot;2&quot;:0,&quot;5&quot;:{&quot;1&quot;:2,&quot;2&quot;:0}},{&quot;1&quot;:0,&quot;2&quot;:0,&quot;3&quot;:3},{&quot;1&quot;:1,&quot;2&quot;:0,&quot;4&quot;:1}&#093;},&quot;6&quot;:{&quot;1&quot;:&#091;{&quot;1&quot;:2,&quot;2&quot;:0,&quot;5&quot;:{&quot;1&quot;:2,&quot;2&quot;:0}},{&quot;1&quot;:0,&quot;2&quot;:0,&quot;3&quot;:3},{&quot;1&quot;:1,&quot;2&quot;:0,&quot;4&quot;:1}&#093;},&quot;7&quot;:{&quot;1&quot;:&#091;{&quot;1&quot;:2,&quot;2&quot;:0,&quot;5&quot;:{&quot;1&quot;:2,&quot;2&quot;:0}},{&quot;1&quot;:0,&quot;2&quot;:0,&quot;3&quot;:3},{&quot;1&quot;:1,&quot;2&quot;:0,&quot;4&quot;:1}&#093;},&quot;8&quot;:{&quot;1&quot;:&#091;{&quot;1&quot;:2,&quot;2&quot;:0,&quot;5&quot;:{&quot;1&quot;:2,&quot;2&quot;:0}},{&quot;1&quot;:0,&quot;2&quot;:0,&quot;3&quot;:3},{&quot;1&quot;:1,&quot;2&quot;:0,&quot;4&quot;:1}&#093;},&quot;12&quot;:0}\">fotoseinad<\/span>:<\/strong> laius 1750-3000 mm, k\u00f5rgus 1000-2400 mm (suurused on reguleeritavad)<\/p>\n<\/div>\n<\/div>\n<\/div>\n<\/div>\n<\/div>\n<\/div>\n\t\t<\/div>\n\t\t\t\t\n<style>\n#col-1444887648 > .col-inner {\n  margin: 0px 0px -49px 0px;\n}\n<\/style>\n\t<\/div>\n\n\t\n<\/div>\n\t\t<\/div>\n\n\t\t\n<style>\n#section_64846000 {\n  padding-top: 80px;\n  padding-bottom: 80px;\n}\n#section_64846000 .section-bg.bg-loaded {\n  background-image: url(https:\/\/odavprint.ee\/wp-content\/uploads\/2018\/10\/Long-01.svg);\n}\n<\/style>\n\t<\/section>\n\t\n\t<section class=\"section\" id=\"section_939456677\">\n\t\t<div class=\"bg section-bg fill bg-fill  bg-loaded\" >\n\n\t\t\t\n\t\t\t\n\t\t\t\n\n\t\t<\/div>\n\n\t\t<div class=\"section-content relative\">\n\t\t\t\n\t<div id=\"gap-1889593861\" class=\"gap-element clearfix\" style=\"display:block; height:auto;\">\n\t\t\n<style>\n#gap-1889593861 {\n  padding-top: 30px;\n}\n<\/style>\n\t<\/div>\n\t\n<div class=\"row row-large align-middle\"  id=\"row-2139051932\">\n\n\t<div id=\"col-40154660\" class=\"col medium-12 small-12 large-6\"  >\n\t\t\t\t<div class=\"col-inner\"  >\n\t\t\t\n\t\t\t\n<h2>N\u00e4idishinnad<\/h2>\n<table>\n<thead>\n<tr>\n<td style=\"text-align: center;\"><b>Suurus \/ Materjal<\/b><\/td>\n<td style=\"text-align: center;\"><b>Materjal<\/b><\/td>\n<td style=\"text-align: center;\"><strong>Hind\u00a0(KMta)<\/strong><\/td>\n<td style=\"text-align: center;\"><strong>Hind\u00a0(KMga)<\/strong><\/td>\n<\/tr>\n<\/thead>\n<tbody>\n<tr>\n<td>2100 \u0445 2100 mm<\/td>\n<td>Decotex<\/td>\n<td>265.-<\/td>\n<td>318.-<\/td>\n<\/tr>\n<tr>\n<td>2100 \u0445 2100 mm<\/td>\n<td>PVC b\u00e4nner<\/td>\n<td>195.-<\/td>\n<td>234.-<\/td>\n<\/tr>\n<\/tbody>\n<\/table>\n<p>Hinnad kehtivad juhul, kui on olemas tr\u00fckifail.\u00a0<strong>T\u00e4psema hinna teadasaamiseks, saatke palun p\u00e4ringu meilile<\/strong><strong style=\"font-size: 90%;\">\u00a0<span style=\"color: #00aae7;\"><a style=\"color: #00aae7;\" href=\"&#x6d;&#x61;&#105;l&#x74;&#x6f;&#58;in&#x66;&#x6f;&#64;o&#x64;&#x61;&#118;&#112;r&#x69;&#x6e;&#116;&#46;&#x65;&#x65;\">e-mail<\/a><\/span>.<\/strong><\/p>\n\t\t<\/div>\n\t\t\t\t\t<\/div>\n\n\t\n\n\t<div id=\"col-197114726\" class=\"col medium-12 small-12 large-6 medium-col-first\"  >\n\t\t\t\t<div class=\"col-inner\"  >\n\t\t\t\n\t\t\t\n\t<div class=\"img has-hover x md-x lg-x y md-y lg-y\" id=\"image_48479458\">\n\t\t\t\t\t\t\t\t<div class=\"img-inner box-shadow-5 dark\" >\n\t\t\t<img loading=\"lazy\" decoding=\"async\" width=\"1024\" height=\"683\" src=\"https:\/\/odavprint.ee\/wp-content\/uploads\/2018\/11\/ph2.jpg\" class=\"attachment-original size-original\" alt=\"\" srcset=\"https:\/\/odavprint.ee\/wp-content\/uploads\/2018\/11\/ph2.jpg 1024w, https:\/\/odavprint.ee\/wp-content\/uploads\/2018\/11\/ph2-300x200.jpg 300w, https:\/\/odavprint.ee\/wp-content\/uploads\/2018\/11\/ph2-768x512.jpg 768w, https:\/\/odavprint.ee\/wp-content\/uploads\/2018\/11\/ph2-600x400.jpg 600w\" sizes=\"(max-width: 1024px) 100vw, 1024px\" \/>\t\t\t\t\t\t\n\t\t\t\t\t<\/div>\n\t\t\t\t\t\t\t\t\n<style>\n#image_48479458 {\n  width: 100%;\n}\n<\/style>\n\t<\/div>\n\t\n\t\t<\/div>\n\t\t\t\t\t<\/div>\n\n\t\n<\/div>\n\t<div id=\"gap-966730624\" class=\"gap-element clearfix\" style=\"display:block; height:auto;\">\n\t\t\n<style>\n#gap-966730624 {\n  padding-top: 45px;\n}\n<\/style>\n\t<\/div>\n\t\n\t\t<\/div>\n\n\t\t\n<style>\n#section_939456677 {\n  padding-top: 0px;\n  padding-bottom: 0px;\n}\n<\/style>\n\t<\/section>\n\t\n\t<section class=\"section\" id=\"section_9545671\">\n\t\t<div class=\"bg section-bg fill bg-fill  \" >\n\n\t\t\t\n\t\t\t\n\t\t\t\n\n\t\t<\/div>\n\n\t\t<div class=\"section-content relative\">\n\t\t\t\n<div class=\"row align-middle\"  id=\"row-2023558131\">\n\n\t<div id=\"col-1109665562\" class=\"col text-align-center-lte-md medium-12 small-12 large-1\"  >\n\t\t\t\t<div class=\"col-inner\"  >\n\t\t\t\n\t\t\t\n\t<div class=\"img has-hover x md-x lg-x y md-y lg-y\" id=\"image_850718712\">\n\t\t\t\t\t\t\t\t<div class=\"img-inner dark\" >\n\t\t\t<img loading=\"lazy\" decoding=\"async\" width=\"1\" height=\"1\" src=\"https:\/\/odavprint.ee\/wp-content\/uploads\/2018\/10\/email.svg\" class=\"attachment-large size-large\" alt=\"\" \/>\t\t\t\t\t\t\n\t\t\t\t\t<\/div>\n\t\t\t\t\t\t\t\t\n<style>\n#image_850718712 {\n  width: 14%;\n}\n@media (min-width:850px) {\n  #image_850718712 {\n    width: 68%;\n  }\n}\n<\/style>\n\t<\/div>\n\t\n\t\t<\/div>\n\t\t\t\t\n<style>\n#col-1109665562 > .col-inner {\n  margin: 0px 0px -31px 0px;\n}\n<\/style>\n\t<\/div>\n\n\t\n\n\t<div id=\"col-1050469193\" class=\"col text-align-center-lte-md medium-12 small-12 large-7\"  >\n\t\t\t\t<div class=\"col-inner dark\"  >\n\t\t\t\n\t\t\t\n<p><strong><span style=\"font-size: 150%;\">Fotoseinade valmistamine<\/span><\/strong><br \/>\nKui soovite seda teenust tellida, v\u00f5tke meiega \u00fchendust.<\/p>\n\t\t<\/div>\n\t\t\t\t\n<style>\n#col-1050469193 > .col-inner {\n  margin: 0px 0px -44px 0;\n}\n<\/style>\n\t<\/div>\n\n\t\n\n\t<div id=\"col-1266017317\" class=\"col text-align-center-lte-md medium-12 small-12 large-4\"  >\n\t\t\t\t<div class=\"col-inner text-right dark\"  >\n\t\t\t\n\t\t\t\n<a href=\"https:\/\/odavprint.ee\/et\/kontakt\/\" target=\"_self\" class=\"button white is-outline lowercase\"  style=\"border-radius:99px;\">\n    <span>Meie kontaktid<\/span>\n  <\/a>\n\n\t\t<\/div>\n\t\t\t\t\n<style>\n#col-1266017317 > .col-inner {\n  margin: 0px 0px -44px 0px;\n}\n<\/style>\n\t<\/div>\n\n\t\n<\/div>\n\t\t<\/div>\n\n\t\t\n<style>\n#section_9545671 {\n  padding-top: 20px;\n  padding-bottom: 20px;\n  background-color: #ed008c;\n}\n#section_9545671 .section-bg.bg-loaded {\n  background-image: url(https:\/\/odavprint.ee\/wp-content\/uploads\/2018\/10\/backs-03.svg);\n}\n<\/style>\n\t<\/section>\n\t\n","protected":false},"excerpt":{"rendered":"","protected":false},"author":2,"featured_media":0,"parent":11319,"menu_order":0,"comment_status":"closed","ping_status":"closed","template":"page-blank.php","meta":{"inline_featured_image":false,"footnotes":""},"yoast_head":"<!-- This site is optimized with the Yoast SEO Premium plugin v23.0 (Yoast SEO v23.0) - https:\/\/yoast.com\/wordpress\/plugins\/seo\/ -->\n<title>Fotosein - fototaust - Odav Print<\/title>\n<meta name=\"description\" content=\"Fotosein Odav Print \u260e +372 5911 9495 \u2714\ufe0f Hea hinnaga fotoseina rent \u2714\ufe0f Suur valik fotoseinad pildistamise, messide, n\u00e4ituste, esitluste, tseremooniate ja pulmade jaoks\" \/>\n<meta name=\"robots\" content=\"index, follow, max-snippet:-1, max-image-preview:large, max-video-preview:-1\" \/>\n<link rel=\"canonical\" href=\"https:\/\/odavprint.ee\/en\/teenused\/fotosein\/\" \/>\n<meta property=\"og:locale\" content=\"en_US\" \/>\n<meta property=\"og:type\" content=\"article\" \/>\n<meta property=\"og:title\" content=\"Fotosein\" \/>\n<meta property=\"og:description\" content=\"Fotosein Odav Print \u260e +372 5911 9495 \u2714\ufe0f Hea hinnaga fotoseina rent \u2714\ufe0f Suur valik fotoseinad pildistamise, messide, n\u00e4ituste, esitluste, tseremooniate ja pulmade jaoks\" \/>\n<meta property=\"og:url\" content=\"https:\/\/odavprint.ee\/en\/teenused\/fotosein\/\" \/>\n<meta property=\"og:site_name\" content=\"Odav Print\" \/>\n<meta property=\"article:modified_time\" content=\"2023-01-07T19:26:50+00:00\" \/>\n<meta name=\"twitter:card\" content=\"summary_large_image\" \/>\n<meta name=\"twitter:label1\" content=\"Est. reading time\" \/>\n\t<meta name=\"twitter:data1\" content=\"1 minute\" \/>\n<script type=\"application\/ld+json\" class=\"yoast-schema-graph\">{\"@context\":\"https:\/\/schema.org\",\"@graph\":[{\"@type\":\"WebPage\",\"@id\":\"https:\/\/odavprint.ee\/en\/teenused\/fotosein\/\",\"url\":\"https:\/\/odavprint.ee\/en\/teenused\/fotosein\/\",\"name\":\"Fotosein - fototaust - Odav Print\",\"isPartOf\":{\"@id\":\"https:\/\/odavprint.ee\/en\/#website\"},\"datePublished\":\"2018-11-01T13:02:54+00:00\",\"dateModified\":\"2023-01-07T19:26:50+00:00\",\"description\":\"Fotosein Odav Print \u260e +372 5911 9495 \u2714\ufe0f Hea hinnaga fotoseina rent \u2714\ufe0f Suur valik fotoseinad pildistamise, messide, n\u00e4ituste, esitluste, tseremooniate ja pulmade jaoks\",\"breadcrumb\":{\"@id\":\"https:\/\/odavprint.ee\/en\/teenused\/fotosein\/#breadcrumb\"},\"inLanguage\":\"en-US\",\"potentialAction\":[{\"@type\":\"ReadAction\",\"target\":[\"https:\/\/odavprint.ee\/en\/teenused\/fotosein\/\"]}]},{\"@type\":\"BreadcrumbList\",\"@id\":\"https:\/\/odavprint.ee\/en\/teenused\/fotosein\/#breadcrumb\",\"itemListElement\":[{\"@type\":\"ListItem\",\"position\":1,\"name\":\"Home\",\"item\":\"https:\/\/odavprint.ee\/en\/\"},{\"@type\":\"ListItem\",\"position\":2,\"name\":\"Teenused\",\"item\":\"https:\/\/odavprint.ee\/en\/teenused\/\"},{\"@type\":\"ListItem\",\"position\":3,\"name\":\"Fotosein\"}]},{\"@type\":\"WebSite\",\"@id\":\"https:\/\/odavprint.ee\/en\/#website\",\"url\":\"https:\/\/odavprint.ee\/en\/\",\"name\":\"Odav Print\",\"description\":\"Just another WordPress site\",\"publisher\":{\"@id\":\"https:\/\/odavprint.ee\/en\/#organization\"},\"alternateName\":\"Kassettide, toonerite t\u00e4itmine ja m\u00fc\u00fck.\",\"potentialAction\":[{\"@type\":\"SearchAction\",\"target\":{\"@type\":\"EntryPoint\",\"urlTemplate\":\"https:\/\/odavprint.ee\/en\/?s={search_term_string}\"},\"query-input\":\"required name=search_term_string\"}],\"inLanguage\":\"en-US\"},{\"@type\":[\"Organization\",\"Place\"],\"@id\":\"https:\/\/odavprint.ee\/en\/#organization\",\"name\":\"Odav Print O\u00dc\",\"url\":\"https:\/\/odavprint.ee\/en\/\",\"logo\":{\"@id\":\"https:\/\/odavprint.ee\/en\/teenused\/fotosein\/#local-main-organization-logo\"},\"image\":{\"@id\":\"https:\/\/odavprint.ee\/en\/teenused\/fotosein\/#local-main-organization-logo\"},\"address\":{\"@id\":\"https:\/\/odavprint.ee\/en\/teenused\/fotosein\/#local-main-place-address\"},\"geo\":{\"@type\":\"GeoCoordinates\",\"latitude\":\"59.4306504\",\"longitude\":\"24.8095743\"},\"telephone\":[\"53836926\"],\"openingHoursSpecification\":[{\"@type\":\"OpeningHoursSpecification\",\"dayOfWeek\":[\"Monday\",\"Tuesday\",\"Wednesday\",\"Thursday\",\"Friday\",\"Saturday\",\"Sunday\"],\"opens\":\"09:00\",\"closes\":\"17:00\"}],\"email\":\"info@odavprint.eu\"},{\"@type\":\"PostalAddress\",\"@id\":\"https:\/\/odavprint.ee\/en\/teenused\/fotosein\/#local-main-place-address\",\"streetAddress\":\"Pae tn 28\",\"addressLocality\":\"Tallinn\",\"postalCode\":\"11415\",\"addressRegion\":\"Harjumaa\",\"addressCountry\":\"EE\"},{\"@type\":\"ImageObject\",\"inLanguage\":\"en-US\",\"@id\":\"https:\/\/odavprint.ee\/en\/teenused\/fotosein\/#local-main-organization-logo\",\"url\":\"https:\/\/odavprint.ee\/wp-content\/uploads\/2018\/10\/odavprint-logo-240.jpg\",\"contentUrl\":\"https:\/\/odavprint.ee\/wp-content\/uploads\/2018\/10\/odavprint-logo-240.jpg\",\"width\":240,\"height\":36,\"caption\":\"Odav Print O\u00dc\"}]}<\/script>\n<meta name=\"geo.placename\" content=\"Tallinn\" \/>\n<meta name=\"geo.position\" content=\"59.4306504;24.8095743\" \/>\n<meta name=\"geo.region\" content=\"Estonia\" \/>\n<!-- \/ Yoast SEO Premium plugin. -->","yoast_head_json":{"title":"Fotosein - fototaust - Odav Print","description":"Fotosein Odav Print \u260e +372 5911 9495 \u2714\ufe0f Hea hinnaga fotoseina rent \u2714\ufe0f Suur valik fotoseinad pildistamise, messide, n\u00e4ituste, esitluste, tseremooniate ja pulmade jaoks","robots":{"index":"index","follow":"follow","max-snippet":"max-snippet:-1","max-image-preview":"max-image-preview:large","max-video-preview":"max-video-preview:-1"},"canonical":"https:\/\/odavprint.ee\/en\/teenused\/fotosein\/","og_locale":"en_US","og_type":"article","og_title":"Fotosein","og_description":"Fotosein Odav Print \u260e +372 5911 9495 \u2714\ufe0f Hea hinnaga fotoseina rent \u2714\ufe0f Suur valik fotoseinad pildistamise, messide, n\u00e4ituste, esitluste, tseremooniate ja pulmade jaoks","og_url":"https:\/\/odavprint.ee\/en\/teenused\/fotosein\/","og_site_name":"Odav Print","article_modified_time":"2023-01-07T19:26:50+00:00","twitter_card":"summary_large_image","twitter_misc":{"Est. reading time":"1 minute"},"schema":{"@context":"https:\/\/schema.org","@graph":[{"@type":"WebPage","@id":"https:\/\/odavprint.ee\/en\/teenused\/fotosein\/","url":"https:\/\/odavprint.ee\/en\/teenused\/fotosein\/","name":"Fotosein - fototaust - Odav Print","isPartOf":{"@id":"https:\/\/odavprint.ee\/en\/#website"},"datePublished":"2018-11-01T13:02:54+00:00","dateModified":"2023-01-07T19:26:50+00:00","description":"Fotosein Odav Print \u260e +372 5911 9495 \u2714\ufe0f Hea hinnaga fotoseina rent \u2714\ufe0f Suur valik fotoseinad pildistamise, messide, n\u00e4ituste, esitluste, tseremooniate ja pulmade jaoks","breadcrumb":{"@id":"https:\/\/odavprint.ee\/en\/teenused\/fotosein\/#breadcrumb"},"inLanguage":"en-US","potentialAction":[{"@type":"ReadAction","target":["https:\/\/odavprint.ee\/en\/teenused\/fotosein\/"]}]},{"@type":"BreadcrumbList","@id":"https:\/\/odavprint.ee\/en\/teenused\/fotosein\/#breadcrumb","itemListElement":[{"@type":"ListItem","position":1,"name":"Home","item":"https:\/\/odavprint.ee\/en\/"},{"@type":"ListItem","position":2,"name":"Teenused","item":"https:\/\/odavprint.ee\/en\/teenused\/"},{"@type":"ListItem","position":3,"name":"Fotosein"}]},{"@type":"WebSite","@id":"https:\/\/odavprint.ee\/en\/#website","url":"https:\/\/odavprint.ee\/en\/","name":"Odav Print","description":"Just another WordPress site","publisher":{"@id":"https:\/\/odavprint.ee\/en\/#organization"},"alternateName":"Kassettide, toonerite t\u00e4itmine ja m\u00fc\u00fck.","potentialAction":[{"@type":"SearchAction","target":{"@type":"EntryPoint","urlTemplate":"https:\/\/odavprint.ee\/en\/?s={search_term_string}"},"query-input":"required name=search_term_string"}],"inLanguage":"en-US"},{"@type":["Organization","Place"],"@id":"https:\/\/odavprint.ee\/en\/#organization","name":"Odav Print O\u00dc","url":"https:\/\/odavprint.ee\/en\/","logo":{"@id":"https:\/\/odavprint.ee\/en\/teenused\/fotosein\/#local-main-organization-logo"},"image":{"@id":"https:\/\/odavprint.ee\/en\/teenused\/fotosein\/#local-main-organization-logo"},"address":{"@id":"https:\/\/odavprint.ee\/en\/teenused\/fotosein\/#local-main-place-address"},"geo":{"@type":"GeoCoordinates","latitude":"59.4306504","longitude":"24.8095743"},"telephone":["53836926"],"openingHoursSpecification":[{"@type":"OpeningHoursSpecification","dayOfWeek":["Monday","Tuesday","Wednesday","Thursday","Friday","Saturday","Sunday"],"opens":"09:00","closes":"17:00"}],"email":"info@odavprint.eu"},{"@type":"PostalAddress","@id":"https:\/\/odavprint.ee\/en\/teenused\/fotosein\/#local-main-place-address","streetAddress":"Pae tn 28","addressLocality":"Tallinn","postalCode":"11415","addressRegion":"Harjumaa","addressCountry":"EE"},{"@type":"ImageObject","inLanguage":"en-US","@id":"https:\/\/odavprint.ee\/en\/teenused\/fotosein\/#local-main-organization-logo","url":"https:\/\/odavprint.ee\/wp-content\/uploads\/2018\/10\/odavprint-logo-240.jpg","contentUrl":"https:\/\/odavprint.ee\/wp-content\/uploads\/2018\/10\/odavprint-logo-240.jpg","width":240,"height":36,"caption":"Odav Print O\u00dc"}]},"geo.placename":"Tallinn","geo.position":{"lat":"59.4306504","long":"24.8095743"},"geo.region":"Estonia"},"_links":{"self":[{"href":"https:\/\/odavprint.ee\/en\/wp-json\/wp\/v2\/pages\/11389"}],"collection":[{"href":"https:\/\/odavprint.ee\/en\/wp-json\/wp\/v2\/pages"}],"about":[{"href":"https:\/\/odavprint.ee\/en\/wp-json\/wp\/v2\/types\/page"}],"author":[{"embeddable":true,"href":"https:\/\/odavprint.ee\/en\/wp-json\/wp\/v2\/users\/2"}],"replies":[{"embeddable":true,"href":"https:\/\/odavprint.ee\/en\/wp-json\/wp\/v2\/comments?post=11389"}],"version-history":[{"count":9,"href":"https:\/\/odavprint.ee\/en\/wp-json\/wp\/v2\/pages\/11389\/revisions"}],"predecessor-version":[{"id":185009,"href":"https:\/\/odavprint.ee\/en\/wp-json\/wp\/v2\/pages\/11389\/revisions\/185009"}],"up":[{"embeddable":true,"href":"https:\/\/odavprint.ee\/en\/wp-json\/wp\/v2\/pages\/11319"}],"wp:attachment":[{"href":"https:\/\/odavprint.ee\/en\/wp-json\/wp\/v2\/media?parent=11389"}],"curies":[{"name":"wp","href":"https:\/\/api.w.org\/{rel}","templated":true}]}}