{"id":19904,"date":"2019-06-25T21:59:47","date_gmt":"2019-06-25T18:59:47","guid":{"rendered":"https:\/\/odavprint.ee\/?page_id=19904"},"modified":"2026-03-13T14:07:54","modified_gmt":"2026-03-13T12:07:54","slug":"toner-refilling","status":"publish","type":"page","link":"https:\/\/odavprint.ee\/en\/toner-refilling\/","title":{"rendered":"Toner refilling"},"content":{"rendered":"\t<section class=\"section\" id=\"section_1448631088\">\n\t\t<div class=\"bg section-bg fill bg-fill  \" >\n\n\t\t\t\n\t\t\t<div class=\"section-bg-overlay absolute fill\"><\/div>\n\t\t\t\n\n\t\t<\/div>\n\n\t\t<div class=\"section-content relative\">\n\t\t\t\n<div class=\"row row-collapse\"  id=\"row-1046153088\">\n\n\t<div id=\"col-21895308\" class=\"col small-12 large-12\"  >\n\t\t\t\t<div class=\"col-inner\"  >\n\t\t\t\n\t\t\t\n<h1 style=\"text-align: center;\"><span style=\"font-size: 120%;\">Toner refilling<\/span><\/h1>\n<p style=\"text-align: center;\">How much does it cost to refill your printer? Find out the price by clicking on the company logo!<br \/><a href=\"https:\/\/odavprint.ee\/en\/payment-and-delivery\/\"><span style=\"color: #00aae7;\">Free delivery within Tallinn.<\/span><\/a><\/p>\n<p>\u00a0<\/p>\n\t\t<\/div>\n\t\t\t\t\n<style>\n#col-21895308 > .col-inner {\n  margin: 0px 0px -20px 0px;\n}\n<\/style>\n\t<\/div>\n\n\t\n<\/div>\n\t\t<\/div>\n\n\t\t\n<style>\n#section_1448631088 {\n  padding-top: 100px;\n  padding-bottom: 100px;\n}\n#section_1448631088 .section-bg-overlay {\n  background-color: rgba(0, 0, 0, 0.02);\n}\n#section_1448631088 .section-bg.bg-loaded {\n  background-image: url(https:\/\/odavprint.ee\/wp-content\/uploads\/2018\/10\/1-4.jpg);\n}\n#section_1448631088 .section-bg {\n  background-position: 50% 50%;\n}\n<\/style>\n\t<\/section>\n\t\n\t<section class=\"section\" id=\"section_1327502284\">\n\t\t<div class=\"bg section-bg fill bg-fill  bg-loaded\" >\n\n\t\t\t\n\t\t\t\n\t\t\t\n\n\t\t<\/div>\n\n\t\t<div class=\"section-content relative\">\n\t\t\t\n\t<div id=\"gap-1374931855\" class=\"gap-element clearfix\" style=\"display:block; height:auto;\">\n\t\t\n<style>\n#gap-1374931855 {\n  padding-top: 30px;\n}\n<\/style>\n\t<\/div>\n\t\n<div>Today, more and more users choose compatible (third-party) cartridges and inks instead of refilling. Their price is usually comparable to the cost of refilling and sometimes even lower. At the same time, you receive a cartridge that is ready to use \u2014 simply install it in your printer and continue printing without waiting.<\/div>\n<div>\u00a0<\/div>\n<div>However, for your convenience we still keep the information and prices for cartridge refilling on our website so you can easily compare the options and choose the most suitable one.<\/div>\n<div class=\"row\"  id=\"row-401228761\">\n\n\t<div id=\"col-450315680\" class=\"col medium-4 small-6 large-2\"  >\n\t\t\t\t<div class=\"col-inner text-center\"  >\n\t\t\t\n\t\t\t\n<div class=\"ux-logo has-hover align-middle ux_logo inline-block\" style=\"max-width: 100%!important; width: 180px!important\"><a class=\"ux-logo-link block image-zoom\" title=\"\"  href=\"https:\/\/odavprint.ee\/et\/toonerite-taitmine\/hp\/\" style=\"padding: 15px;\"><img decoding=\"async\" src=\"https:\/\/odavprint.ee\/wp-content\/uploads\/2018\/10\/hp.png\" title=\"\" alt=\"\" class=\"ux-logo-image block\" style=\"height:150px;\" \/><\/a><\/div>\n\t\t<\/div>\n\t\t\t\t\t<\/div>\n\n\t\n\n\t<div id=\"col-409962652\" class=\"col medium-4 small-6 large-2\"  >\n\t\t\t\t<div class=\"col-inner text-center\"  >\n\t\t\t\n\t\t\t\n<div class=\"ux-logo has-hover align-middle ux_logo inline-block\" style=\"max-width: 100%!important; width: 180px!important\"><a class=\"ux-logo-link block image-zoom\" title=\"\"  href=\"https:\/\/odavprint.ee\/et\/toonerite-taitmine\/canon\/\" style=\"padding: 15px;\"><img decoding=\"async\" src=\"https:\/\/odavprint.ee\/wp-content\/uploads\/2018\/10\/canon.png\" title=\"\" alt=\"\" class=\"ux-logo-image block\" style=\"height:150px;\" \/><\/a><\/div>\n\t\t<\/div>\n\t\t\t\t\t<\/div>\n\n\t\n\n\t<div id=\"col-661521182\" class=\"col medium-4 small-6 large-2\"  >\n\t\t\t\t<div class=\"col-inner text-center\"  >\n\t\t\t\n\t\t\t\n<div class=\"ux-logo has-hover align-middle ux_logo inline-block\" style=\"max-width: 100%!important; width: 180px!important\"><a class=\"ux-logo-link block image-zoom\" title=\"\"  href=\"https:\/\/odavprint.ee\/et\/toonerite-taitmine\/samsung\/\" style=\"padding: 15px;\"><img decoding=\"async\" src=\"https:\/\/odavprint.ee\/wp-content\/uploads\/2018\/10\/samsung.gif\" title=\"\" alt=\"\" class=\"ux-logo-image block\" style=\"height:150px;\" \/><\/a><\/div>\n\t\t<\/div>\n\t\t\t\t\t<\/div>\n\n\t\n\n\t<div id=\"col-761231215\" class=\"col medium-4 small-6 large-2\"  >\n\t\t\t\t<div class=\"col-inner text-center\"  >\n\t\t\t\n\t\t\t\n<div class=\"ux-logo has-hover align-middle ux_logo inline-block\" style=\"max-width: 100%!important; width: 180px!important\"><a class=\"ux-logo-link block image-zoom\" title=\"\"  href=\"https:\/\/odavprint.ee\/et\/toonerite-taitmine\/brother\/\" style=\"padding: 15px;\"><img decoding=\"async\" src=\"https:\/\/odavprint.ee\/wp-content\/uploads\/2018\/10\/brother-1.png\" title=\"\" alt=\"\" class=\"ux-logo-image block\" style=\"height:150px;\" \/><\/a><\/div>\n\t\t<\/div>\n\t\t\t\t\t<\/div>\n\n\t\n\n\t<div id=\"col-2131740049\" class=\"col medium-4 small-6 large-2\"  >\n\t\t\t\t<div class=\"col-inner text-center\"  >\n\t\t\t\n\t\t\t\n<div class=\"ux-logo has-hover align-middle ux_logo inline-block\" style=\"max-width: 100%!important; width: 180px!important\"><a class=\"ux-logo-link block image-zoom\" title=\"\"  href=\"https:\/\/odavprint.ee\/et\/toonerite-taitmine\/xerox\/\" style=\"padding: 15px;\"><img decoding=\"async\" src=\"https:\/\/odavprint.ee\/wp-content\/uploads\/2018\/10\/xerox.jpg\" title=\"\" alt=\"\" class=\"ux-logo-image block\" style=\"height:150px;\" \/><\/a><\/div>\n\t\t<\/div>\n\t\t\t\t\t<\/div>\n\n\t\n\n\t<div id=\"col-998862607\" class=\"col medium-4 small-6 large-2\"  >\n\t\t\t\t<div class=\"col-inner text-center\"  >\n\t\t\t\n\t\t\t\n<div class=\"ux-logo has-hover align-middle ux_logo inline-block\" style=\"max-width: 100%!important; width: 180px!important\"><a class=\"ux-logo-link block image-zoom\" title=\"\"  href=\"https:\/\/odavprint.ee\/et\/toonerite-taitmine\/konica-minolta\/\" style=\"padding: 15px;\"><img decoding=\"async\" src=\"https:\/\/odavprint.ee\/wp-content\/uploads\/2018\/10\/km.jpg\" title=\"\" alt=\"\" class=\"ux-logo-image block\" style=\"height:150px;\" \/><\/a><\/div>\n\t\t<\/div>\n\t\t\t\t\t<\/div>\n\n\t\n\n\t<div id=\"col-1843622224\" class=\"col medium-4 small-6 large-2\"  >\n\t\t\t\t<div class=\"col-inner text-center\"  >\n\t\t\t\n\t\t\t\n<div class=\"ux-logo has-hover align-middle ux_logo inline-block\" style=\"max-width: 100%!important; width: 180px!important\"><a class=\"ux-logo-link block image-zoom\" title=\"\"  href=\"https:\/\/odavprint.ee\/et\/toonerite-taitmine\/epson\/\" style=\"padding: 15px;\"><img decoding=\"async\" src=\"https:\/\/odavprint.ee\/wp-content\/uploads\/2018\/10\/epson.png\" title=\"\" alt=\"\" class=\"ux-logo-image block\" style=\"height:150px;\" \/><\/a><\/div>\n\t\t<\/div>\n\t\t\t\t\t<\/div>\n\n\t\n\n\t<div id=\"col-514322993\" class=\"col medium-4 small-6 large-2\"  >\n\t\t\t\t<div class=\"col-inner text-center\"  >\n\t\t\t\n\t\t\t\n<div class=\"ux-logo has-hover align-middle ux_logo inline-block\" style=\"max-width: 100%!important; width: 180px!important\"><a class=\"ux-logo-link block image-zoom\" title=\"\"  href=\"https:\/\/odavprint.ee\/et\/toonerite-taitmine\/kyocera\/\" style=\"padding: 15px;\"><img decoding=\"async\" src=\"https:\/\/odavprint.ee\/wp-content\/uploads\/2018\/10\/logo_6.png\" title=\"\" alt=\"\" class=\"ux-logo-image block\" style=\"height:150px;\" \/><\/a><\/div>\n\t\t<\/div>\n\t\t\t\t\t<\/div>\n\n\t\n\n\t<div id=\"col-1438079779\" class=\"col medium-4 small-6 large-2\"  >\n\t\t\t\t<div class=\"col-inner text-center\"  >\n\t\t\t\n\t\t\t\n<div class=\"ux-logo has-hover align-middle ux_logo inline-block\" style=\"max-width: 100%!important; width: 180px!important\"><a class=\"ux-logo-link block image-zoom\" title=\"\"  href=\"https:\/\/odavprint.ee\/et\/toonerite-taitmine\/dell\/\" style=\"padding: 15px;\"><img decoding=\"async\" src=\"https:\/\/odavprint.ee\/wp-content\/uploads\/2018\/10\/dell.png\" title=\"\" alt=\"\" class=\"ux-logo-image block\" style=\"height:150px;\" \/><\/a><\/div>\n\t\t<\/div>\n\t\t\t\t\t<\/div>\n\n\t\n\n\t<div id=\"col-1430894827\" class=\"col medium-4 small-6 large-2\"  >\n\t\t\t\t<div class=\"col-inner text-center\"  >\n\t\t\t\n\t\t\t\n<div class=\"ux-logo has-hover align-middle ux_logo inline-block\" style=\"max-width: 100%!important; width: 180px!important\"><a class=\"ux-logo-link block image-zoom\" title=\"\"  href=\"https:\/\/odavprint.ee\/et\/toonerite-taitmine\/ibm\/\" style=\"padding: 15px;\"><img decoding=\"async\" src=\"https:\/\/odavprint.ee\/wp-content\/uploads\/2018\/10\/ibm.jpg\" title=\"\" alt=\"\" class=\"ux-logo-image block\" style=\"height:150px;\" \/><\/a><\/div>\n\t\t<\/div>\n\t\t\t\t\t<\/div>\n\n\t\n\n\t<div id=\"col-296380551\" class=\"col medium-4 small-6 large-2\"  >\n\t\t\t\t<div class=\"col-inner text-center\"  >\n\t\t\t\n\t\t\t\n<div class=\"ux-logo has-hover align-middle ux_logo inline-block\" style=\"max-width: 100%!important; width: 180px!important\"><a class=\"ux-logo-link block image-zoom\" title=\"\"  href=\"https:\/\/odavprint.ee\/et\/toonerite-taitmine\/lexmark\/\" style=\"padding: 15px;\"><img decoding=\"async\" src=\"https:\/\/odavprint.ee\/wp-content\/uploads\/2018\/10\/lexmark.png\" title=\"\" alt=\"\" class=\"ux-logo-image block\" style=\"height:150px;\" \/><\/a><\/div>\n\t\t<\/div>\n\t\t\t\t\t<\/div>\n\n\t\n\n\t<div id=\"col-1928217416\" class=\"col medium-4 small-6 large-2\"  >\n\t\t\t\t<div class=\"col-inner text-center\"  >\n\t\t\t\n\t\t\t\n<div class=\"ux-logo has-hover align-middle ux_logo inline-block\" style=\"max-width: 100%!important; width: 180px!important\"><a class=\"ux-logo-link block image-zoom\" title=\"\"  href=\"https:\/\/odavprint.ee\/et\/toonerite-taitmine\/ricoh\/\" style=\"padding: 15px;\"><img decoding=\"async\" src=\"https:\/\/odavprint.ee\/wp-content\/uploads\/2018\/10\/ricoh.png\" title=\"\" alt=\"\" class=\"ux-logo-image block\" style=\"height:150px;\" \/><\/a><\/div>\n\t\t<\/div>\n\t\t\t\t\t<\/div>\n\n\t\n\n\t<div id=\"col-78536797\" class=\"col medium-4 small-6 large-2\"  >\n\t\t\t\t<div class=\"col-inner text-center\"  >\n\t\t\t\n\t\t\t\n<div class=\"ux-logo has-hover align-middle ux_logo inline-block\" style=\"max-width: 100%!important; width: 180px!important\"><a class=\"ux-logo-link block image-zoom\" title=\"\"  href=\"https:\/\/odavprint.ee\/et\/toonerite-taitmine\/tallygenicom\/\" style=\"padding: 15px;\"><img decoding=\"async\" src=\"https:\/\/odavprint.ee\/wp-content\/uploads\/2018\/10\/tg.png\" title=\"\" alt=\"\" class=\"ux-logo-image block\" style=\"height:150px;\" \/><\/a><\/div>\n\t\t<\/div>\n\t\t\t\t\t<\/div>\n\n\t\n\n\t<div id=\"col-2057105091\" class=\"col medium-4 small-6 large-2\"  >\n\t\t\t\t<div class=\"col-inner text-center\"  >\n\t\t\t\n\t\t\t\n<div class=\"ux-logo has-hover align-middle ux_logo inline-block\" style=\"max-width: 100%!important; width: 180px!important\"><a class=\"ux-logo-link block image-zoom\" title=\"\"  href=\"https:\/\/odavprint.ee\/et\/toonerite-taitmine\/oki\/\" style=\"padding: 15px;\"><img decoding=\"async\" src=\"https:\/\/odavprint.ee\/wp-content\/uploads\/2018\/10\/logo_5.png\" title=\"\" alt=\"\" class=\"ux-logo-image block\" style=\"height:150px;\" \/><\/a><\/div>\n\t\t<\/div>\n\t\t\t\t\t<\/div>\n\n\t\n\n\t<div id=\"col-1329482934\" class=\"col medium-4 small-6 large-2\"  >\n\t\t\t\t<div class=\"col-inner text-center\"  >\n\t\t\t\n\t\t\t\n<div class=\"ux-logo has-hover align-middle ux_logo inline-block\" style=\"max-width: 100%!important; width: 180px!important\"><a class=\"ux-logo-link block image-zoom\" title=\"\"  href=\"https:\/\/odavprint.ee\/et\/toonerite-taitmine\/sagem\/\" style=\"padding: 15px;\"><img decoding=\"async\" src=\"https:\/\/odavprint.ee\/wp-content\/uploads\/2018\/10\/logo_2.jpg\" title=\"\" alt=\"\" class=\"ux-logo-image block\" style=\"height:150px;\" \/><\/a><\/div>\n\t\t<\/div>\n\t\t\t\t\t<\/div>\n\n\t\n\n\t<div id=\"col-205322428\" class=\"col medium-4 small-6 large-2\"  >\n\t\t\t\t<div class=\"col-inner text-center\"  >\n\t\t\t\n\t\t\t\n<div class=\"ux-logo has-hover align-middle ux_logo inline-block\" style=\"max-width: 100%!important; width: 180px!important\"><a class=\"ux-logo-link block image-zoom\" title=\"\"  href=\"https:\/\/odavprint.ee\/et\/toonerite-taitmine\/utax\/\" style=\"padding: 15px;\"><img decoding=\"async\" src=\"https:\/\/odavprint.ee\/wp-content\/uploads\/2018\/10\/logo_3.png\" title=\"\" alt=\"\" class=\"ux-logo-image block\" style=\"height:150px;\" \/><\/a><\/div>\n\t\t<\/div>\n\t\t\t\t\t<\/div>\n\n\t\n\n\t<div id=\"col-423594103\" class=\"col medium-4 small-6 large-2\"  >\n\t\t\t\t<div class=\"col-inner text-center\"  >\n\t\t\t\n\t\t\t\n<div class=\"ux-logo has-hover align-middle ux_logo inline-block\" style=\"max-width: 100%!important; width: 180px!important\"><a class=\"ux-logo-link block image-zoom\" title=\"\"  href=\"https:\/\/odavprint.ee\/et\/toonerite-taitmine\/panasonic\/\" style=\"padding: 15px;\"><img decoding=\"async\" src=\"https:\/\/odavprint.ee\/wp-content\/uploads\/2018\/10\/logo_8.png\" title=\"\" alt=\"\" class=\"ux-logo-image block\" style=\"height:150px;\" \/><\/a><\/div>\n\t\t<\/div>\n\t\t\t\t\t<\/div>\n\n\t\n<\/div>\n\t\t<\/div>\n\n\t\t\n<style>\n#section_1327502284 {\n  padding-top: 0px;\n  padding-bottom: 0px;\n}\n<\/style>\n\t<\/section>\n\t\n","protected":false},"excerpt":{"rendered":"","protected":false},"author":2,"featured_media":0,"parent":0,"menu_order":0,"comment_status":"closed","ping_status":"closed","template":"page-blank.php","meta":{"inline_featured_image":false,"footnotes":""},"yoast_head":"<!-- This site is optimized with the Yoast SEO Premium plugin v23.0 (Yoast SEO v23.0) - https:\/\/yoast.com\/wordpress\/plugins\/seo\/ -->\n<title>Toner refilling<\/title>\n<meta name=\"robots\" content=\"index, follow, max-snippet:-1, max-image-preview:large, max-video-preview:-1\" \/>\n<link rel=\"canonical\" href=\"https:\/\/odavprint.ee\/en\/toner-refilling\/\" \/>\n<meta property=\"og:locale\" content=\"en_US\" \/>\n<meta property=\"og:type\" content=\"article\" \/>\n<meta property=\"og:title\" content=\"Toner refilling\" \/>\n<meta property=\"og:url\" content=\"https:\/\/odavprint.ee\/en\/toner-refilling\/\" \/>\n<meta property=\"og:site_name\" content=\"Odav Print\" \/>\n<meta property=\"article:modified_time\" content=\"2026-03-13T12:07:54+00:00\" \/>\n<meta name=\"twitter:card\" content=\"summary_large_image\" \/>\n<meta name=\"twitter:label1\" content=\"Est. reading time\" \/>\n\t<meta name=\"twitter:data1\" content=\"3 minutes\" \/>\n<script type=\"application\/ld+json\" class=\"yoast-schema-graph\">{\"@context\":\"https:\/\/schema.org\",\"@graph\":[{\"@type\":\"WebPage\",\"@id\":\"https:\/\/odavprint.ee\/en\/toner-refilling\/\",\"url\":\"https:\/\/odavprint.ee\/en\/toner-refilling\/\",\"name\":\"Toner refilling\",\"isPartOf\":{\"@id\":\"https:\/\/odavprint.ee\/en\/#website\"},\"datePublished\":\"2019-06-25T18:59:47+00:00\",\"dateModified\":\"2026-03-13T12:07:54+00:00\",\"breadcrumb\":{\"@id\":\"https:\/\/odavprint.ee\/en\/toner-refilling\/#breadcrumb\"},\"inLanguage\":\"en-US\",\"potentialAction\":[{\"@type\":\"ReadAction\",\"target\":[\"https:\/\/odavprint.ee\/en\/toner-refilling\/\"]}]},{\"@type\":\"BreadcrumbList\",\"@id\":\"https:\/\/odavprint.ee\/en\/toner-refilling\/#breadcrumb\",\"itemListElement\":[{\"@type\":\"ListItem\",\"position\":1,\"name\":\"Home\",\"item\":\"https:\/\/odavprint.ee\/en\/\"},{\"@type\":\"ListItem\",\"position\":2,\"name\":\"Toner refilling\"}]},{\"@type\":\"WebSite\",\"@id\":\"https:\/\/odavprint.ee\/en\/#website\",\"url\":\"https:\/\/odavprint.ee\/en\/\",\"name\":\"Odav Print\",\"description\":\"Just another WordPress site\",\"publisher\":{\"@id\":\"https:\/\/odavprint.ee\/en\/#organization\"},\"alternateName\":\"Kassettide, toonerite t\u00e4itmine ja m\u00fc\u00fck.\",\"potentialAction\":[{\"@type\":\"SearchAction\",\"target\":{\"@type\":\"EntryPoint\",\"urlTemplate\":\"https:\/\/odavprint.ee\/en\/?s={search_term_string}\"},\"query-input\":\"required name=search_term_string\"}],\"inLanguage\":\"en-US\"},{\"@type\":[\"Organization\",\"Place\"],\"@id\":\"https:\/\/odavprint.ee\/en\/#organization\",\"name\":\"Odav Print O\u00dc\",\"url\":\"https:\/\/odavprint.ee\/en\/\",\"logo\":{\"@id\":\"https:\/\/odavprint.ee\/en\/toner-refilling\/#local-main-organization-logo\"},\"image\":{\"@id\":\"https:\/\/odavprint.ee\/en\/toner-refilling\/#local-main-organization-logo\"},\"address\":{\"@id\":\"https:\/\/odavprint.ee\/en\/toner-refilling\/#local-main-place-address\"},\"geo\":{\"@type\":\"GeoCoordinates\",\"latitude\":\"59.4306504\",\"longitude\":\"24.8095743\"},\"telephone\":[\"53836926\"],\"openingHoursSpecification\":[{\"@type\":\"OpeningHoursSpecification\",\"dayOfWeek\":[\"Monday\",\"Tuesday\",\"Wednesday\",\"Thursday\",\"Friday\",\"Saturday\",\"Sunday\"],\"opens\":\"09:00\",\"closes\":\"17:00\"}],\"email\":\"info@odavprint.eu\"},{\"@type\":\"PostalAddress\",\"@id\":\"https:\/\/odavprint.ee\/en\/toner-refilling\/#local-main-place-address\",\"streetAddress\":\"Pae tn 28\",\"addressLocality\":\"Tallinn\",\"postalCode\":\"11415\",\"addressRegion\":\"Harjumaa\",\"addressCountry\":\"EE\"},{\"@type\":\"ImageObject\",\"inLanguage\":\"en-US\",\"@id\":\"https:\/\/odavprint.ee\/en\/toner-refilling\/#local-main-organization-logo\",\"url\":\"https:\/\/odavprint.ee\/wp-content\/uploads\/2018\/10\/odavprint-logo-240.jpg\",\"contentUrl\":\"https:\/\/odavprint.ee\/wp-content\/uploads\/2018\/10\/odavprint-logo-240.jpg\",\"width\":240,\"height\":36,\"caption\":\"Odav Print O\u00dc\"}]}<\/script>\n<meta name=\"geo.placename\" content=\"Tallinn\" \/>\n<meta name=\"geo.position\" content=\"59.4306504;24.8095743\" \/>\n<meta name=\"geo.region\" content=\"Estonia\" \/>\n<!-- \/ Yoast SEO Premium plugin. -->","yoast_head_json":{"title":"Toner refilling","robots":{"index":"index","follow":"follow","max-snippet":"max-snippet:-1","max-image-preview":"max-image-preview:large","max-video-preview":"max-video-preview:-1"},"canonical":"https:\/\/odavprint.ee\/en\/toner-refilling\/","og_locale":"en_US","og_type":"article","og_title":"Toner refilling","og_url":"https:\/\/odavprint.ee\/en\/toner-refilling\/","og_site_name":"Odav Print","article_modified_time":"2026-03-13T12:07:54+00:00","twitter_card":"summary_large_image","twitter_misc":{"Est. reading time":"3 minutes"},"schema":{"@context":"https:\/\/schema.org","@graph":[{"@type":"WebPage","@id":"https:\/\/odavprint.ee\/en\/toner-refilling\/","url":"https:\/\/odavprint.ee\/en\/toner-refilling\/","name":"Toner refilling","isPartOf":{"@id":"https:\/\/odavprint.ee\/en\/#website"},"datePublished":"2019-06-25T18:59:47+00:00","dateModified":"2026-03-13T12:07:54+00:00","breadcrumb":{"@id":"https:\/\/odavprint.ee\/en\/toner-refilling\/#breadcrumb"},"inLanguage":"en-US","potentialAction":[{"@type":"ReadAction","target":["https:\/\/odavprint.ee\/en\/toner-refilling\/"]}]},{"@type":"BreadcrumbList","@id":"https:\/\/odavprint.ee\/en\/toner-refilling\/#breadcrumb","itemListElement":[{"@type":"ListItem","position":1,"name":"Home","item":"https:\/\/odavprint.ee\/en\/"},{"@type":"ListItem","position":2,"name":"Toner refilling"}]},{"@type":"WebSite","@id":"https:\/\/odavprint.ee\/en\/#website","url":"https:\/\/odavprint.ee\/en\/","name":"Odav Print","description":"Just another WordPress site","publisher":{"@id":"https:\/\/odavprint.ee\/en\/#organization"},"alternateName":"Kassettide, toonerite t\u00e4itmine ja m\u00fc\u00fck.","potentialAction":[{"@type":"SearchAction","target":{"@type":"EntryPoint","urlTemplate":"https:\/\/odavprint.ee\/en\/?s={search_term_string}"},"query-input":"required name=search_term_string"}],"inLanguage":"en-US"},{"@type":["Organization","Place"],"@id":"https:\/\/odavprint.ee\/en\/#organization","name":"Odav Print O\u00dc","url":"https:\/\/odavprint.ee\/en\/","logo":{"@id":"https:\/\/odavprint.ee\/en\/toner-refilling\/#local-main-organization-logo"},"image":{"@id":"https:\/\/odavprint.ee\/en\/toner-refilling\/#local-main-organization-logo"},"address":{"@id":"https:\/\/odavprint.ee\/en\/toner-refilling\/#local-main-place-address"},"geo":{"@type":"GeoCoordinates","latitude":"59.4306504","longitude":"24.8095743"},"telephone":["53836926"],"openingHoursSpecification":[{"@type":"OpeningHoursSpecification","dayOfWeek":["Monday","Tuesday","Wednesday","Thursday","Friday","Saturday","Sunday"],"opens":"09:00","closes":"17:00"}],"email":"info@odavprint.eu"},{"@type":"PostalAddress","@id":"https:\/\/odavprint.ee\/en\/toner-refilling\/#local-main-place-address","streetAddress":"Pae tn 28","addressLocality":"Tallinn","postalCode":"11415","addressRegion":"Harjumaa","addressCountry":"EE"},{"@type":"ImageObject","inLanguage":"en-US","@id":"https:\/\/odavprint.ee\/en\/toner-refilling\/#local-main-organization-logo","url":"https:\/\/odavprint.ee\/wp-content\/uploads\/2018\/10\/odavprint-logo-240.jpg","contentUrl":"https:\/\/odavprint.ee\/wp-content\/uploads\/2018\/10\/odavprint-logo-240.jpg","width":240,"height":36,"caption":"Odav Print O\u00dc"}]},"geo.placename":"Tallinn","geo.position":{"lat":"59.4306504","long":"24.8095743"},"geo.region":"Estonia"},"_links":{"self":[{"href":"https:\/\/odavprint.ee\/en\/wp-json\/wp\/v2\/pages\/19904"}],"collection":[{"href":"https:\/\/odavprint.ee\/en\/wp-json\/wp\/v2\/pages"}],"about":[{"href":"https:\/\/odavprint.ee\/en\/wp-json\/wp\/v2\/types\/page"}],"author":[{"embeddable":true,"href":"https:\/\/odavprint.ee\/en\/wp-json\/wp\/v2\/users\/2"}],"replies":[{"embeddable":true,"href":"https:\/\/odavprint.ee\/en\/wp-json\/wp\/v2\/comments?post=19904"}],"version-history":[{"count":5,"href":"https:\/\/odavprint.ee\/en\/wp-json\/wp\/v2\/pages\/19904\/revisions"}],"predecessor-version":[{"id":222655,"href":"https:\/\/odavprint.ee\/en\/wp-json\/wp\/v2\/pages\/19904\/revisions\/222655"}],"wp:attachment":[{"href":"https:\/\/odavprint.ee\/en\/wp-json\/wp\/v2\/media?parent=19904"}],"curies":[{"name":"wp","href":"https:\/\/api.w.org\/{rel}","templated":true}]}}