{"id":20786,"date":"2019-07-29T19:54:28","date_gmt":"2019-07-29T16:54:28","guid":{"rendered":"https:\/\/odavprint.ee\/?page_id=20786"},"modified":"2020-11-26T16:21:57","modified_gmt":"2020-11-26T14:21:57","slug":"dell","status":"publish","type":"page","link":"https:\/\/odavprint.ee\/en\/dell\/","title":{"rendered":"Dell"},"content":{"rendered":"\r\n<p style=\"text-align: center;\">The list is not exhaustive, if you have not found the printer or cartridge model you are looking for, please contact us.<\/p>\r\n\r\n\r\n\r\n<p style=\"text-align: center;\">Information and booking a courier: <strong><a href=\"&#x6d;&#x61;&#x69;&#x6c;&#x74;&#x6f;&#x3a;&#x69;&#x6e;&#x66;&#x6f;&#x40;&#x6f;&#x64;&#x61;&#x76;&#x70;&#x72;&#x69;&#x6e;&#x74;&#x2e;&#101;&#101;\">info&#64;o&#100;&#97;&#118;&#112;&#114;&#105;&#110;&#x74;&#x2e;&#x65;&#x65;<\/a><\/strong> or <strong><a href=\"tel:+372 5911 9495\">+372 5911 9495<\/a><\/strong><\/p>\r\n\r\n\r\n\r\n\r\n<hr class=\"wp-block-separator crt-divider\" \/>\r\n\r\n\r\n\r\n\t<div class=\"crt-filter-container\">\n\t\t<input type=\"text\" id=\"crt-filter-model\" placeholder=\"Search by printer \/ toner model\" \/>\n\t<\/div>\n\t<script>\n\t\tjQuery(document).ready(function($) {\n\t\t\tvar $table = $('table.inprice').first();\n\n\t\t\tif($table.length === 0) {\n\t\t\t\treturn;\n\t\t\t}\n\n\t\t\tvar $trs = $('tbody tr', $table),\n\t\t\t\t$input = $('#crt-filter-model').first(),\n\t\t\t\t$trNoResults = $('<tr class=\"crt-no-results\"><td colspan=\"5\">Model not found<\/td><\/tr>')\n\n\t\t\tvar $tr, $td1, $td2, query, matches = 0;\n\n\t\t\t$input.on('input', function() {\n\t\t\t\tquery = $(this).val().toLowerCase().trim();\n\t\t\t\tmatches = 0;\n\n\t\t\t\t$trs.each(function() {\n\t\t\t\t\t$tr = $(this);\n\t\t\t\t\t$td1 = $('td.one', $tr);\n\t\t\t\t\t$td2 = $('td.two', $tr);\n\n\t\t\t\t\tif($td1.text().toLowerCase().indexOf(query) > -1 || $td2.text().toLowerCase().indexOf(query) > -1) {\n\t\t\t\t\t\t$tr.show();\n\t\t\t\t\t\tmatches++;\n\t\t\t\t\t} else {\n\t\t\t\t\t\t$tr.hide();\n\t\t\t\t\t}\n\t\t\t\t});\n\n\t\t\t\tif(matches === 0) {\n\t\t\t\t\t$tr.after($trNoResults);\n\t\t\t\t} else {\n\t\t\t\t\t$trNoResults.detach();\n\t\t\t\t}\n\t\t\t});\n\t\t});\n\t<\/script>\n\t\n\r\n\r\n\r\n<table class=\"inprice\" cellspacing=\"0\" cellpadding=\"0\">\r\n<thead>\r\n<tr>\r\n<th class=\"th-one\">toner<\/th>\r\n<th class=\"th-two\"><span class=\"hide-lte-md\">printer<\/span> model<\/th>\r\n<th class=\"th-three\">capacity<\/th>\r\n<th class=\"th-four\">price<span class=\"hide-lte-md\"> incl. VAT<\/span><\/th>\r\n<\/tr>\r\n<\/thead>\r\n<tbody>\r\n<tr>\r\n<td class=\"one\"><strong>Dell<\/strong><\/td>\r\n<td class=\"two\"><strong>Dell:\u00a0<\/strong>B1160 \/ B116x seeries<\/td>\r\n<td class=\"three\">1500 lk<\/td>\r\n<td class=\"five\">\r\n<p class=\"price\"><strong>36 \u20ac<\/strong><\/p>\r\n<\/td>\r\n<\/tr>\r\n<tr>\r\n<td class=\"one\"><strong>Dell<\/strong><\/td>\r\n<td class=\"two\"><strong>Dell:\u00a0<\/strong>1100<\/td>\r\n<td class=\"three\">2000 lk<\/td>\r\n<td class=\"five\">\r\n<p class=\"price\"><strong>24 \u20ac<\/strong><\/p>\r\n<\/td>\r\n<\/tr>\r\n<tr>\r\n<td class=\"one\"><strong>310-7945<\/strong><\/td>\r\n<td class=\"two\"><strong>Dell:<\/strong> 1815dn Laser Printer<\/td>\r\n<td class=\"three\">5000 lk<\/td>\r\n<td class=\"five\">\r\n<p class=\"price\"><strong>32,40 \u20ac<\/strong><\/p>\r\n<\/td>\r\n<\/tr>\r\n<tr>\r\n<td class=\"one\"><strong>310-9058<\/strong><\/td>\r\n<td class=\"two\"><strong>Dell:\u00a0<\/strong>1320<\/td>\r\n<td class=\"three\">2000 lk <img decoding=\"async\" src=\"https:\/\/odavprint.ee\/wp-content\/uploads\/2019\/02\/black.jpg\" alt=\"\" \/><\/td>\r\n<td class=\"five\">\r\n<p class=\"price\"><strong>34,80 \u20ac<\/strong><\/p>\r\n<\/td>\r\n<\/tr>\r\n<tr>\r\n<td class=\"one\"><strong>310-9062<\/strong><\/td>\r\n<td class=\"two\"><strong>Dell:\u00a0<\/strong>1320<\/td>\r\n<td class=\"three\">2000 lk <img decoding=\"async\" src=\"https:\/\/odavprint.ee\/wp-content\/uploads\/2019\/02\/yellow.jpg\" alt=\"\" \/><\/td>\r\n<td class=\"five\">\r\n<p class=\"price\"><strong>34,80 \u20ac<\/strong><\/p>\r\n<\/td>\r\n<\/tr>\r\n<tr>\r\n<td class=\"one\"><strong>310-9064<\/strong><\/td>\r\n<td class=\"two\"><strong>Dell:\u00a0<\/strong>1320<\/td>\r\n<td class=\"three\">2000 lk <img decoding=\"async\" src=\"https:\/\/odavprint.ee\/wp-content\/uploads\/2019\/02\/red.jpg\" alt=\"\" \/><\/td>\r\n<td class=\"five\">\r\n<p class=\"price\"><strong>34,80 \u20ac<\/strong><\/p>\r\n<\/td>\r\n<\/tr>\r\n<tr>\r\n<td class=\"one\"><strong>310-9060<\/strong><\/td>\r\n<td class=\"two\"><strong>Dell:\u00a0<\/strong>1320<\/td>\r\n<td class=\"three\">2000 lk <img decoding=\"async\" src=\"https:\/\/odavprint.ee\/wp-content\/uploads\/2019\/02\/cyan.jpg\" alt=\"\" \/><\/td>\r\n<td class=\"five\">\r\n<p class=\"price\"><strong>34,80 \u20ac<\/strong><\/p>\r\n<\/td>\r\n<\/tr>\r\n<tr>\r\n<td class=\"one\"><strong>331-0778<\/strong><\/td>\r\n<td class=\"two\"><strong>Dell:\u00a0<\/strong>1250 \/ 1350 \/ 1355<\/td>\r\n<td class=\"three\">2000 lk <img decoding=\"async\" src=\"https:\/\/odavprint.ee\/wp-content\/uploads\/2019\/02\/black.jpg\" alt=\"\" \/><\/td>\r\n<td class=\"five\">\r\n<p class=\"price\"><strong>32,40 \u20ac<\/strong><\/p>\r\n<\/td>\r\n<\/tr>\r\n<tr>\r\n<td class=\"one\"><strong>331-0779<\/strong><\/td>\r\n<td class=\"two\"><strong>Dell:\u00a0<\/strong>1250 \/ 1350 \/ 1355<\/td>\r\n<td class=\"three\">1400 lk <img decoding=\"async\" src=\"https:\/\/odavprint.ee\/wp-content\/uploads\/2019\/02\/yellow.jpg\" alt=\"\" \/><\/td>\r\n<td class=\"five\">\r\n<p class=\"price\"><strong>32,40 \u20ac<\/strong><\/p>\r\n<\/td>\r\n<\/tr>\r\n<tr>\r\n<td class=\"one\"><strong>331-0780<\/strong><\/td>\r\n<td class=\"two\"><strong>Dell:\u00a0<\/strong>1250 \/ 1350 \/ 1355<\/td>\r\n<td class=\"three\">1400 lk <img decoding=\"async\" src=\"https:\/\/odavprint.ee\/wp-content\/uploads\/2019\/02\/red.jpg\" alt=\"\" \/><\/td>\r\n<td class=\"five\">\r\n<p class=\"price\"><strong>32,40 \u20ac<\/strong><\/p>\r\n<\/td>\r\n<\/tr>\r\n<tr>\r\n<td class=\"one\"><strong>331-0777<\/strong><\/td>\r\n<td class=\"two\"><strong>Dell:\u00a0<\/strong>1250 \/ 1350 \/ 1355<\/td>\r\n<td class=\"three\">1400 lk <img decoding=\"async\" src=\"https:\/\/odavprint.ee\/wp-content\/uploads\/2019\/02\/cyan.jpg\" alt=\"\" \/><\/td>\r\n<td class=\"five\">\r\n<p class=\"price\"><strong>32,40 \u20ac<\/strong><\/p>\r\n<\/td>\r\n<\/tr>\r\n<\/tbody>\r\n<\/table>\r\n","protected":false},"excerpt":{"rendered":"<p>The list is not exhaustive, if you have not found the printer or cartridge model you are looking for, please contact us. Information and booking a courier: info&#64;&#111;&#100;&#97;&#118;&#112;&#114;&#x69;&#x6e;&#x74;&#x2e;&#x65;&#x65; or +372 5911 9495 toner printer model capacity price incl. VAT Dell Dell:\u00a0B1160 \/ B116x seeries 1500 lk 36 \u20ac Dell Dell:\u00a01100 2000 lk 24 \u20ac 310-7945 [&#8230;]\n","protected":false},"author":1,"featured_media":0,"parent":0,"menu_order":0,"comment_status":"closed","ping_status":"closed","template":"page-blank-title-center.php","meta":{"inline_featured_image":false,"footnotes":""},"yoast_head":"<!-- This site is optimized with the Yoast SEO Premium plugin v23.0 (Yoast SEO v23.0) - https:\/\/yoast.com\/wordpress\/plugins\/seo\/ -->\n<title>Dell<\/title>\n<meta name=\"description\" content=\"The list is not exhaustive, if you have not found the printer or cartridge model you are looking for, please contact us. Information and booking a\" \/>\n<meta name=\"robots\" content=\"index, follow, max-snippet:-1, max-image-preview:large, max-video-preview:-1\" \/>\n<link rel=\"canonical\" href=\"https:\/\/odavprint.ee\/en\/dell\/\" \/>\n<meta property=\"og:locale\" content=\"en_US\" \/>\n<meta property=\"og:type\" content=\"article\" \/>\n<meta property=\"og:title\" content=\"Dell\" \/>\n<meta property=\"og:description\" content=\"The list is not exhaustive, if you have not found the printer or cartridge model you are looking for, please contact us. Information and booking a\" \/>\n<meta property=\"og:url\" content=\"https:\/\/odavprint.ee\/en\/dell\/\" \/>\n<meta property=\"og:site_name\" content=\"Odav Print\" \/>\n<meta property=\"article:modified_time\" content=\"2020-11-26T14:21:57+00:00\" \/>\n<meta property=\"og:image\" content=\"https:\/\/odavprint.ee\/wp-content\/uploads\/2019\/02\/black.jpg\" \/>\n<meta name=\"twitter:card\" content=\"summary_large_image\" \/>\n<script type=\"application\/ld+json\" class=\"yoast-schema-graph\">{\"@context\":\"https:\/\/schema.org\",\"@graph\":[{\"@type\":\"WebPage\",\"@id\":\"https:\/\/odavprint.ee\/en\/dell\/\",\"url\":\"https:\/\/odavprint.ee\/en\/dell\/\",\"name\":\"Dell\",\"isPartOf\":{\"@id\":\"https:\/\/odavprint.ee\/en\/#website\"},\"primaryImageOfPage\":{\"@id\":\"https:\/\/odavprint.ee\/en\/dell\/#primaryimage\"},\"image\":{\"@id\":\"https:\/\/odavprint.ee\/en\/dell\/#primaryimage\"},\"thumbnailUrl\":\"https:\/\/odavprint.ee\/wp-content\/uploads\/2019\/02\/black.jpg\",\"datePublished\":\"2019-07-29T16:54:28+00:00\",\"dateModified\":\"2020-11-26T14:21:57+00:00\",\"description\":\"The list is not exhaustive, if you have not found the printer or cartridge model you are looking for, please contact us. Information and booking a\",\"breadcrumb\":{\"@id\":\"https:\/\/odavprint.ee\/en\/dell\/#breadcrumb\"},\"inLanguage\":\"en-US\",\"potentialAction\":[{\"@type\":\"ReadAction\",\"target\":[\"https:\/\/odavprint.ee\/en\/dell\/\"]}]},{\"@type\":\"ImageObject\",\"inLanguage\":\"en-US\",\"@id\":\"https:\/\/odavprint.ee\/en\/dell\/#primaryimage\",\"url\":\"https:\/\/odavprint.ee\/wp-content\/uploads\/2019\/02\/black.jpg\",\"contentUrl\":\"https:\/\/odavprint.ee\/wp-content\/uploads\/2019\/02\/black.jpg\"},{\"@type\":\"BreadcrumbList\",\"@id\":\"https:\/\/odavprint.ee\/en\/dell\/#breadcrumb\",\"itemListElement\":[{\"@type\":\"ListItem\",\"position\":1,\"name\":\"Home\",\"item\":\"https:\/\/odavprint.ee\/en\/\"},{\"@type\":\"ListItem\",\"position\":2,\"name\":\"Toner refilling\",\"item\":\"https:\/\/odavprint.ee\/en\/toner-refilling\/\"},{\"@type\":\"ListItem\",\"position\":3,\"name\":\"Dell\"}]},{\"@type\":\"WebSite\",\"@id\":\"https:\/\/odavprint.ee\/en\/#website\",\"url\":\"https:\/\/odavprint.ee\/en\/\",\"name\":\"Odav Print\",\"description\":\"Just another WordPress site\",\"publisher\":{\"@id\":\"https:\/\/odavprint.ee\/en\/#organization\"},\"alternateName\":\"Kassettide, toonerite t\u00e4itmine ja m\u00fc\u00fck.\",\"potentialAction\":[{\"@type\":\"SearchAction\",\"target\":{\"@type\":\"EntryPoint\",\"urlTemplate\":\"https:\/\/odavprint.ee\/en\/?s={search_term_string}\"},\"query-input\":\"required name=search_term_string\"}],\"inLanguage\":\"en-US\"},{\"@type\":[\"Organization\",\"Place\"],\"@id\":\"https:\/\/odavprint.ee\/en\/#organization\",\"name\":\"Odav Print O\u00dc\",\"url\":\"https:\/\/odavprint.ee\/en\/\",\"logo\":{\"@id\":\"https:\/\/odavprint.ee\/en\/dell\/#local-main-organization-logo\"},\"image\":{\"@id\":\"https:\/\/odavprint.ee\/en\/dell\/#local-main-organization-logo\"},\"address\":{\"@id\":\"https:\/\/odavprint.ee\/en\/dell\/#local-main-place-address\"},\"geo\":{\"@type\":\"GeoCoordinates\",\"latitude\":\"59.4306504\",\"longitude\":\"24.8095743\"},\"telephone\":[\"53836926\"],\"openingHoursSpecification\":[{\"@type\":\"OpeningHoursSpecification\",\"dayOfWeek\":[\"Monday\",\"Tuesday\",\"Wednesday\",\"Thursday\",\"Friday\",\"Saturday\",\"Sunday\"],\"opens\":\"09:00\",\"closes\":\"17:00\"}],\"email\":\"info@odavprint.eu\"},{\"@type\":\"PostalAddress\",\"@id\":\"https:\/\/odavprint.ee\/en\/dell\/#local-main-place-address\",\"streetAddress\":\"Pae tn 28\",\"addressLocality\":\"Tallinn\",\"postalCode\":\"11415\",\"addressRegion\":\"Harjumaa\",\"addressCountry\":\"EE\"},{\"@type\":\"ImageObject\",\"inLanguage\":\"en-US\",\"@id\":\"https:\/\/odavprint.ee\/en\/dell\/#local-main-organization-logo\",\"url\":\"https:\/\/odavprint.ee\/wp-content\/uploads\/2018\/10\/odavprint-logo-240.jpg\",\"contentUrl\":\"https:\/\/odavprint.ee\/wp-content\/uploads\/2018\/10\/odavprint-logo-240.jpg\",\"width\":240,\"height\":36,\"caption\":\"Odav Print O\u00dc\"}]}<\/script>\n<meta name=\"geo.placename\" content=\"Tallinn\" \/>\n<meta name=\"geo.position\" content=\"59.4306504;24.8095743\" \/>\n<meta name=\"geo.region\" content=\"Estonia\" \/>\n<!-- \/ Yoast SEO Premium plugin. -->","yoast_head_json":{"title":"Dell","description":"The list is not exhaustive, if you have not found the printer or cartridge model you are looking for, please contact us. Information and booking a","robots":{"index":"index","follow":"follow","max-snippet":"max-snippet:-1","max-image-preview":"max-image-preview:large","max-video-preview":"max-video-preview:-1"},"canonical":"https:\/\/odavprint.ee\/en\/dell\/","og_locale":"en_US","og_type":"article","og_title":"Dell","og_description":"The list is not exhaustive, if you have not found the printer or cartridge model you are looking for, please contact us. Information and booking a","og_url":"https:\/\/odavprint.ee\/en\/dell\/","og_site_name":"Odav Print","article_modified_time":"2020-11-26T14:21:57+00:00","og_image":[{"url":"https:\/\/odavprint.ee\/wp-content\/uploads\/2019\/02\/black.jpg"}],"twitter_card":"summary_large_image","schema":{"@context":"https:\/\/schema.org","@graph":[{"@type":"WebPage","@id":"https:\/\/odavprint.ee\/en\/dell\/","url":"https:\/\/odavprint.ee\/en\/dell\/","name":"Dell","isPartOf":{"@id":"https:\/\/odavprint.ee\/en\/#website"},"primaryImageOfPage":{"@id":"https:\/\/odavprint.ee\/en\/dell\/#primaryimage"},"image":{"@id":"https:\/\/odavprint.ee\/en\/dell\/#primaryimage"},"thumbnailUrl":"https:\/\/odavprint.ee\/wp-content\/uploads\/2019\/02\/black.jpg","datePublished":"2019-07-29T16:54:28+00:00","dateModified":"2020-11-26T14:21:57+00:00","description":"The list is not exhaustive, if you have not found the printer or cartridge model you are looking for, please contact us. Information and booking a","breadcrumb":{"@id":"https:\/\/odavprint.ee\/en\/dell\/#breadcrumb"},"inLanguage":"en-US","potentialAction":[{"@type":"ReadAction","target":["https:\/\/odavprint.ee\/en\/dell\/"]}]},{"@type":"ImageObject","inLanguage":"en-US","@id":"https:\/\/odavprint.ee\/en\/dell\/#primaryimage","url":"https:\/\/odavprint.ee\/wp-content\/uploads\/2019\/02\/black.jpg","contentUrl":"https:\/\/odavprint.ee\/wp-content\/uploads\/2019\/02\/black.jpg"},{"@type":"BreadcrumbList","@id":"https:\/\/odavprint.ee\/en\/dell\/#breadcrumb","itemListElement":[{"@type":"ListItem","position":1,"name":"Home","item":"https:\/\/odavprint.ee\/en\/"},{"@type":"ListItem","position":2,"name":"Toner refilling","item":"https:\/\/odavprint.ee\/en\/toner-refilling\/"},{"@type":"ListItem","position":3,"name":"Dell"}]},{"@type":"WebSite","@id":"https:\/\/odavprint.ee\/en\/#website","url":"https:\/\/odavprint.ee\/en\/","name":"Odav Print","description":"Just another WordPress site","publisher":{"@id":"https:\/\/odavprint.ee\/en\/#organization"},"alternateName":"Kassettide, toonerite t\u00e4itmine ja m\u00fc\u00fck.","potentialAction":[{"@type":"SearchAction","target":{"@type":"EntryPoint","urlTemplate":"https:\/\/odavprint.ee\/en\/?s={search_term_string}"},"query-input":"required name=search_term_string"}],"inLanguage":"en-US"},{"@type":["Organization","Place"],"@id":"https:\/\/odavprint.ee\/en\/#organization","name":"Odav Print O\u00dc","url":"https:\/\/odavprint.ee\/en\/","logo":{"@id":"https:\/\/odavprint.ee\/en\/dell\/#local-main-organization-logo"},"image":{"@id":"https:\/\/odavprint.ee\/en\/dell\/#local-main-organization-logo"},"address":{"@id":"https:\/\/odavprint.ee\/en\/dell\/#local-main-place-address"},"geo":{"@type":"GeoCoordinates","latitude":"59.4306504","longitude":"24.8095743"},"telephone":["53836926"],"openingHoursSpecification":[{"@type":"OpeningHoursSpecification","dayOfWeek":["Monday","Tuesday","Wednesday","Thursday","Friday","Saturday","Sunday"],"opens":"09:00","closes":"17:00"}],"email":"info@odavprint.eu"},{"@type":"PostalAddress","@id":"https:\/\/odavprint.ee\/en\/dell\/#local-main-place-address","streetAddress":"Pae tn 28","addressLocality":"Tallinn","postalCode":"11415","addressRegion":"Harjumaa","addressCountry":"EE"},{"@type":"ImageObject","inLanguage":"en-US","@id":"https:\/\/odavprint.ee\/en\/dell\/#local-main-organization-logo","url":"https:\/\/odavprint.ee\/wp-content\/uploads\/2018\/10\/odavprint-logo-240.jpg","contentUrl":"https:\/\/odavprint.ee\/wp-content\/uploads\/2018\/10\/odavprint-logo-240.jpg","width":240,"height":36,"caption":"Odav Print O\u00dc"}]},"geo.placename":"Tallinn","geo.position":{"lat":"59.4306504","long":"24.8095743"},"geo.region":"Estonia"},"_links":{"self":[{"href":"https:\/\/odavprint.ee\/en\/wp-json\/wp\/v2\/pages\/20786"}],"collection":[{"href":"https:\/\/odavprint.ee\/en\/wp-json\/wp\/v2\/pages"}],"about":[{"href":"https:\/\/odavprint.ee\/en\/wp-json\/wp\/v2\/types\/page"}],"author":[{"embeddable":true,"href":"https:\/\/odavprint.ee\/en\/wp-json\/wp\/v2\/users\/1"}],"replies":[{"embeddable":true,"href":"https:\/\/odavprint.ee\/en\/wp-json\/wp\/v2\/comments?post=20786"}],"version-history":[{"count":2,"href":"https:\/\/odavprint.ee\/en\/wp-json\/wp\/v2\/pages\/20786\/revisions"}],"predecessor-version":[{"id":72273,"href":"https:\/\/odavprint.ee\/en\/wp-json\/wp\/v2\/pages\/20786\/revisions\/72273"}],"wp:attachment":[{"href":"https:\/\/odavprint.ee\/en\/wp-json\/wp\/v2\/media?parent=20786"}],"curies":[{"name":"wp","href":"https:\/\/api.w.org\/{rel}","templated":true}]}}