{"id":20790,"date":"2019-07-29T19:55:00","date_gmt":"2019-07-29T16:55:00","guid":{"rendered":"https:\/\/odavprint.ee\/?page_id=20790"},"modified":"2020-11-26T16:22:05","modified_gmt":"2020-11-26T14:22:05","slug":"lexmark","status":"publish","type":"page","link":"https:\/\/odavprint.ee\/en\/lexmark\/","title":{"rendered":"Lexmark"},"content":{"rendered":"\r\n<p style=\"text-align: center;\">The list is not exhaustive, if you have not found the printer or cartridge model you are looking for, please contact us.<\/p>\r\n\r\n\r\n\r\n<p style=\"text-align: center;\">Information and booking a courier: <strong><a href=\"&#109;&#x61;&#105;&#x6c;&#116;&#x6f;&#58;&#x69;&#110;&#x66;&#111;&#x40;o&#x64;a&#x76;p&#x72;i&#x6e;t&#x2e;e&#101;\">&#x69;&#x6e;&#102;o&#64;&#x6f;&#x64;&#97;&#118;p&#x72;&#x69;&#110;&#116;&#46;&#x65;&#x65;<\/a><\/strong> or <strong><a href=\"tel:+372 5911 9495\">+372 5911 9495<\/a><\/strong><\/p>\r\n\r\n\r\n\r\n\r\n<hr class=\"wp-block-separator crt-divider\" \/>\r\n\r\n\r\n\r\n\t<div class=\"crt-filter-container\">\n\t\t<input type=\"text\" id=\"crt-filter-model\" placeholder=\"Search by printer \/ toner model\" \/>\n\t<\/div>\n\t<script>\n\t\tjQuery(document).ready(function($) {\n\t\t\tvar $table = $('table.inprice').first();\n\n\t\t\tif($table.length === 0) {\n\t\t\t\treturn;\n\t\t\t}\n\n\t\t\tvar $trs = $('tbody tr', $table),\n\t\t\t\t$input = $('#crt-filter-model').first(),\n\t\t\t\t$trNoResults = $('<tr class=\"crt-no-results\"><td colspan=\"5\">Model not found<\/td><\/tr>')\n\n\t\t\tvar $tr, $td1, $td2, query, matches = 0;\n\n\t\t\t$input.on('input', function() {\n\t\t\t\tquery = $(this).val().toLowerCase().trim();\n\t\t\t\tmatches = 0;\n\n\t\t\t\t$trs.each(function() {\n\t\t\t\t\t$tr = $(this);\n\t\t\t\t\t$td1 = $('td.one', $tr);\n\t\t\t\t\t$td2 = $('td.two', $tr);\n\n\t\t\t\t\tif($td1.text().toLowerCase().indexOf(query) > -1 || $td2.text().toLowerCase().indexOf(query) > -1) {\n\t\t\t\t\t\t$tr.show();\n\t\t\t\t\t\tmatches++;\n\t\t\t\t\t} else {\n\t\t\t\t\t\t$tr.hide();\n\t\t\t\t\t}\n\t\t\t\t});\n\n\t\t\t\tif(matches === 0) {\n\t\t\t\t\t$tr.after($trNoResults);\n\t\t\t\t} else {\n\t\t\t\t\t$trNoResults.detach();\n\t\t\t\t}\n\t\t\t});\n\t\t});\n\t<\/script>\n\t\n\r\n\r\n\r\n<table class=\"inprice\" cellspacing=\"0\" cellpadding=\"0\">\r\n<thead>\r\n<tr>\r\n<th class=\"th-one\">toner<\/th>\r\n<th class=\"th-two\"><span class=\"hide-lte-md\">printer<\/span> model<\/th>\r\n<th class=\"th-three\">capacity<\/th>\r\n<th class=\"th-four\">price<span class=\"hide-lte-md\"> incl. VAT<\/span><\/th>\r\n<\/tr>\r\n<\/thead>\r\n<tbody>\r\n<tr>\r\n<td class=\"one\"><strong>E 320<\/strong><\/td>\r\n<td class=\"two\"><strong>Lexmark:\u00a0<\/strong>E 320 \/ 322<\/td>\r\n<td class=\"three\">6000 lk<\/td>\r\n<td class=\"five\">\r\n<p class=\"price\"><strong>50,40 \u20ac<\/strong><\/p>\r\n<\/td>\r\n<\/tr>\r\n<tr>\r\n<td class=\"one\"><strong>E 350<\/strong><\/td>\r\n<td class=\"two\"><strong>Lexmark:\u00a0<\/strong>E 350 \/ 352<\/td>\r\n<td class=\"three\">9000 lk<\/td>\r\n<td class=\"five\">\r\n<p class=\"price\"><strong>45,60 \u20ac<\/strong><\/p>\r\n<\/td>\r\n<\/tr>\r\n<tr>\r\n<td class=\"one\"><strong>E250<\/strong><\/td>\r\n<td class=\"two\"><strong>Lexmark:<\/strong> E250, E250d, E250dn, E350, E352<\/td>\r\n<td class=\"three\">6000 lk<\/td>\r\n<td class=\"five\">\r\n<p class=\"price\"><strong>45,60 \u20ac<\/strong><\/p>\r\n<\/td>\r\n<\/tr>\r\n<tr>\r\n<td class=\"one\"><strong>X340<\/strong><\/td>\r\n<td class=\"two\"><strong>Lexmark:<\/strong> X340 \/ X342<\/td>\r\n<td class=\"three\">2500 lk<\/td>\r\n<td class=\"five\">\r\n<p class=\"price\"><strong>45,60 \u20ac<\/strong><\/p>\r\n<\/td>\r\n<\/tr>\r\n<tr>\r\n<td class=\"one\"><strong>E120<\/strong><\/td>\r\n<td class=\"two\"><strong>Lexmark:<\/strong> E120<\/td>\r\n<td class=\"three\">2000 lk<\/td>\r\n<td class=\"five\">\r\n<p class=\"price\"><strong>30 \u20ac<\/strong><\/p>\r\n<\/td>\r\n<\/tr>\r\n<tr>\r\n<td class=\"one\"><strong>E352<\/strong><\/td>\r\n<td class=\"two\"><strong>Lexmark:\u00a0<\/strong>E 350 \/ 352<\/td>\r\n<td class=\"three\">9000 lk<\/td>\r\n<td class=\"five\">\r\n<p class=\"price\"><strong>70,80 \u20ac<\/strong><\/p>\r\n<\/td>\r\n<\/tr>\r\n<tr>\r\n<td class=\"one\"><strong>C540<\/strong><\/td>\r\n<td class=\"two\"><strong>Lexmark:\u00a0<\/strong>C540 \/ C540N \/ C543DN \/ C544 \/ C546 \/ C548<\/td>\r\n<td class=\"three\">2500 lk <img decoding=\"async\" src=\"https:\/\/odavprint.ee\/wp-content\/uploads\/2019\/02\/black.jpg\" alt=\"\" \/><\/td>\r\n<td class=\"five\">\r\n<p class=\"price\"><strong>54 \u20ac<\/strong><\/p>\r\n<\/td>\r\n<\/tr>\r\n<tr>\r\n<td class=\"one\"><strong>C540<\/strong><\/td>\r\n<td class=\"two\"><strong>Lexmark:\u00a0<\/strong>C540 \/ C540N \/ C543DN \/ C544 \/ C546 \/ C548<\/td>\r\n<td class=\"three\">2500 lk <img decoding=\"async\" src=\"https:\/\/odavprint.ee\/wp-content\/uploads\/2019\/02\/blue.jpg\" alt=\"\" \/><\/td>\r\n<td class=\"five\">\r\n<p class=\"price\"><strong>54 \u20ac<\/strong><\/p>\r\n<\/td>\r\n<\/tr>\r\n<tr>\r\n<td class=\"one\"><strong>C540<\/strong><\/td>\r\n<td class=\"two\"><strong>Lexmark:\u00a0<\/strong>C540 \/ C540N \/ C543DN \/ C544 \/ C546 \/ C548<\/td>\r\n<td class=\"three\">2500 lk <img decoding=\"async\" src=\"https:\/\/odavprint.ee\/wp-content\/uploads\/2019\/02\/red.jpg\" alt=\"\" \/><\/td>\r\n<td class=\"five\">\r\n<p class=\"price\"><strong>54 \u20ac<\/strong><\/p>\r\n<\/td>\r\n<\/tr>\r\n<tr>\r\n<td class=\"one\"><strong>C540<\/strong><\/td>\r\n<td class=\"two\"><strong>Lexmark:\u00a0<\/strong>C540 \/ C540N \/ C543DN \/ C544 \/ C546 \/ C548<\/td>\r\n<td class=\"three\">2500 lk <img decoding=\"async\" src=\"https:\/\/odavprint.ee\/wp-content\/uploads\/2019\/02\/yellow.jpg\" alt=\"\" \/><\/td>\r\n<td class=\"five\">\r\n<p class=\"price\"><strong>54 \u20ac<\/strong><\/p>\r\n<\/td>\r\n<\/tr>\r\n<\/tbody>\r\n<\/table>\r\n","protected":false},"excerpt":{"rendered":"<p>The list is not exhaustive, if you have not found the printer or cartridge model you are looking for, please contact us. Information and booking a courier: &#105;&#x6e;&#102;&#x6f;&#64;&#x6f;d&#97;&#x76;&#112;&#x72;&#105;&#x6e;t&#x2e;e&#101; or +372 5911 9495 toner printer model capacity price incl. VAT E 320 Lexmark:\u00a0E 320 \/ 322 6000 lk 50,40 \u20ac E 350 Lexmark:\u00a0E 350 \/ 352 [&#8230;]\n","protected":false},"author":1,"featured_media":0,"parent":0,"menu_order":0,"comment_status":"closed","ping_status":"closed","template":"page-blank-title-center.php","meta":{"inline_featured_image":false,"footnotes":""},"yoast_head":"<!-- This site is optimized with the Yoast SEO Premium plugin v23.0 (Yoast SEO v23.0) - https:\/\/yoast.com\/wordpress\/plugins\/seo\/ -->\n<title>Lexmark<\/title>\n<meta name=\"description\" content=\"The list is not exhaustive, if you have not found the printer or cartridge model you are looking for, please contact us. Information and booking a\" \/>\n<meta name=\"robots\" content=\"index, follow, max-snippet:-1, max-image-preview:large, max-video-preview:-1\" \/>\n<link rel=\"canonical\" href=\"https:\/\/odavprint.ee\/en\/lexmark\/\" \/>\n<meta property=\"og:locale\" content=\"en_US\" \/>\n<meta property=\"og:type\" content=\"article\" \/>\n<meta property=\"og:title\" content=\"Lexmark\" \/>\n<meta property=\"og:description\" content=\"The list is not exhaustive, if you have not found the printer or cartridge model you are looking for, please contact us. Information and booking a\" \/>\n<meta property=\"og:url\" content=\"https:\/\/odavprint.ee\/en\/lexmark\/\" \/>\n<meta property=\"og:site_name\" content=\"Odav Print\" \/>\n<meta property=\"article:modified_time\" content=\"2020-11-26T14:22:05+00:00\" \/>\n<meta property=\"og:image\" content=\"https:\/\/odavprint.ee\/wp-content\/uploads\/2019\/02\/black.jpg\" \/>\n<meta name=\"twitter:card\" content=\"summary_large_image\" \/>\n<meta name=\"twitter:label1\" content=\"Est. reading time\" \/>\n\t<meta name=\"twitter:data1\" content=\"1 minute\" \/>\n<script type=\"application\/ld+json\" class=\"yoast-schema-graph\">{\"@context\":\"https:\/\/schema.org\",\"@graph\":[{\"@type\":\"WebPage\",\"@id\":\"https:\/\/odavprint.ee\/en\/lexmark\/\",\"url\":\"https:\/\/odavprint.ee\/en\/lexmark\/\",\"name\":\"Lexmark\",\"isPartOf\":{\"@id\":\"https:\/\/odavprint.ee\/en\/#website\"},\"primaryImageOfPage\":{\"@id\":\"https:\/\/odavprint.ee\/en\/lexmark\/#primaryimage\"},\"image\":{\"@id\":\"https:\/\/odavprint.ee\/en\/lexmark\/#primaryimage\"},\"thumbnailUrl\":\"https:\/\/odavprint.ee\/wp-content\/uploads\/2019\/02\/black.jpg\",\"datePublished\":\"2019-07-29T16:55:00+00:00\",\"dateModified\":\"2020-11-26T14:22:05+00:00\",\"description\":\"The list is not exhaustive, if you have not found the printer or cartridge model you are looking for, please contact us. Information and booking a\",\"breadcrumb\":{\"@id\":\"https:\/\/odavprint.ee\/en\/lexmark\/#breadcrumb\"},\"inLanguage\":\"en-US\",\"potentialAction\":[{\"@type\":\"ReadAction\",\"target\":[\"https:\/\/odavprint.ee\/en\/lexmark\/\"]}]},{\"@type\":\"ImageObject\",\"inLanguage\":\"en-US\",\"@id\":\"https:\/\/odavprint.ee\/en\/lexmark\/#primaryimage\",\"url\":\"https:\/\/odavprint.ee\/wp-content\/uploads\/2019\/02\/black.jpg\",\"contentUrl\":\"https:\/\/odavprint.ee\/wp-content\/uploads\/2019\/02\/black.jpg\"},{\"@type\":\"BreadcrumbList\",\"@id\":\"https:\/\/odavprint.ee\/en\/lexmark\/#breadcrumb\",\"itemListElement\":[{\"@type\":\"ListItem\",\"position\":1,\"name\":\"Home\",\"item\":\"https:\/\/odavprint.ee\/en\/\"},{\"@type\":\"ListItem\",\"position\":2,\"name\":\"Toner refilling\",\"item\":\"https:\/\/odavprint.ee\/en\/toner-refilling\/\"},{\"@type\":\"ListItem\",\"position\":3,\"name\":\"Lexmark\"}]},{\"@type\":\"WebSite\",\"@id\":\"https:\/\/odavprint.ee\/en\/#website\",\"url\":\"https:\/\/odavprint.ee\/en\/\",\"name\":\"Odav Print\",\"description\":\"Just another WordPress site\",\"publisher\":{\"@id\":\"https:\/\/odavprint.ee\/en\/#organization\"},\"alternateName\":\"Kassettide, toonerite t\u00e4itmine ja m\u00fc\u00fck.\",\"potentialAction\":[{\"@type\":\"SearchAction\",\"target\":{\"@type\":\"EntryPoint\",\"urlTemplate\":\"https:\/\/odavprint.ee\/en\/?s={search_term_string}\"},\"query-input\":\"required name=search_term_string\"}],\"inLanguage\":\"en-US\"},{\"@type\":[\"Organization\",\"Place\"],\"@id\":\"https:\/\/odavprint.ee\/en\/#organization\",\"name\":\"Odav Print O\u00dc\",\"url\":\"https:\/\/odavprint.ee\/en\/\",\"logo\":{\"@id\":\"https:\/\/odavprint.ee\/en\/lexmark\/#local-main-organization-logo\"},\"image\":{\"@id\":\"https:\/\/odavprint.ee\/en\/lexmark\/#local-main-organization-logo\"},\"address\":{\"@id\":\"https:\/\/odavprint.ee\/en\/lexmark\/#local-main-place-address\"},\"geo\":{\"@type\":\"GeoCoordinates\",\"latitude\":\"59.4306504\",\"longitude\":\"24.8095743\"},\"telephone\":[\"53836926\"],\"openingHoursSpecification\":[{\"@type\":\"OpeningHoursSpecification\",\"dayOfWeek\":[\"Monday\",\"Tuesday\",\"Wednesday\",\"Thursday\",\"Friday\",\"Saturday\",\"Sunday\"],\"opens\":\"09:00\",\"closes\":\"17:00\"}],\"email\":\"info@odavprint.eu\"},{\"@type\":\"PostalAddress\",\"@id\":\"https:\/\/odavprint.ee\/en\/lexmark\/#local-main-place-address\",\"streetAddress\":\"Pae tn 28\",\"addressLocality\":\"Tallinn\",\"postalCode\":\"11415\",\"addressRegion\":\"Harjumaa\",\"addressCountry\":\"EE\"},{\"@type\":\"ImageObject\",\"inLanguage\":\"en-US\",\"@id\":\"https:\/\/odavprint.ee\/en\/lexmark\/#local-main-organization-logo\",\"url\":\"https:\/\/odavprint.ee\/wp-content\/uploads\/2018\/10\/odavprint-logo-240.jpg\",\"contentUrl\":\"https:\/\/odavprint.ee\/wp-content\/uploads\/2018\/10\/odavprint-logo-240.jpg\",\"width\":240,\"height\":36,\"caption\":\"Odav Print O\u00dc\"}]}<\/script>\n<meta name=\"geo.placename\" content=\"Tallinn\" \/>\n<meta name=\"geo.position\" content=\"59.4306504;24.8095743\" \/>\n<meta name=\"geo.region\" content=\"Estonia\" \/>\n<!-- \/ Yoast SEO Premium plugin. -->","yoast_head_json":{"title":"Lexmark","description":"The list is not exhaustive, if you have not found the printer or cartridge model you are looking for, please contact us. Information and booking a","robots":{"index":"index","follow":"follow","max-snippet":"max-snippet:-1","max-image-preview":"max-image-preview:large","max-video-preview":"max-video-preview:-1"},"canonical":"https:\/\/odavprint.ee\/en\/lexmark\/","og_locale":"en_US","og_type":"article","og_title":"Lexmark","og_description":"The list is not exhaustive, if you have not found the printer or cartridge model you are looking for, please contact us. Information and booking a","og_url":"https:\/\/odavprint.ee\/en\/lexmark\/","og_site_name":"Odav Print","article_modified_time":"2020-11-26T14:22:05+00:00","og_image":[{"url":"https:\/\/odavprint.ee\/wp-content\/uploads\/2019\/02\/black.jpg"}],"twitter_card":"summary_large_image","twitter_misc":{"Est. reading time":"1 minute"},"schema":{"@context":"https:\/\/schema.org","@graph":[{"@type":"WebPage","@id":"https:\/\/odavprint.ee\/en\/lexmark\/","url":"https:\/\/odavprint.ee\/en\/lexmark\/","name":"Lexmark","isPartOf":{"@id":"https:\/\/odavprint.ee\/en\/#website"},"primaryImageOfPage":{"@id":"https:\/\/odavprint.ee\/en\/lexmark\/#primaryimage"},"image":{"@id":"https:\/\/odavprint.ee\/en\/lexmark\/#primaryimage"},"thumbnailUrl":"https:\/\/odavprint.ee\/wp-content\/uploads\/2019\/02\/black.jpg","datePublished":"2019-07-29T16:55:00+00:00","dateModified":"2020-11-26T14:22:05+00:00","description":"The list is not exhaustive, if you have not found the printer or cartridge model you are looking for, please contact us. Information and booking a","breadcrumb":{"@id":"https:\/\/odavprint.ee\/en\/lexmark\/#breadcrumb"},"inLanguage":"en-US","potentialAction":[{"@type":"ReadAction","target":["https:\/\/odavprint.ee\/en\/lexmark\/"]}]},{"@type":"ImageObject","inLanguage":"en-US","@id":"https:\/\/odavprint.ee\/en\/lexmark\/#primaryimage","url":"https:\/\/odavprint.ee\/wp-content\/uploads\/2019\/02\/black.jpg","contentUrl":"https:\/\/odavprint.ee\/wp-content\/uploads\/2019\/02\/black.jpg"},{"@type":"BreadcrumbList","@id":"https:\/\/odavprint.ee\/en\/lexmark\/#breadcrumb","itemListElement":[{"@type":"ListItem","position":1,"name":"Home","item":"https:\/\/odavprint.ee\/en\/"},{"@type":"ListItem","position":2,"name":"Toner refilling","item":"https:\/\/odavprint.ee\/en\/toner-refilling\/"},{"@type":"ListItem","position":3,"name":"Lexmark"}]},{"@type":"WebSite","@id":"https:\/\/odavprint.ee\/en\/#website","url":"https:\/\/odavprint.ee\/en\/","name":"Odav Print","description":"Just another WordPress site","publisher":{"@id":"https:\/\/odavprint.ee\/en\/#organization"},"alternateName":"Kassettide, toonerite t\u00e4itmine ja m\u00fc\u00fck.","potentialAction":[{"@type":"SearchAction","target":{"@type":"EntryPoint","urlTemplate":"https:\/\/odavprint.ee\/en\/?s={search_term_string}"},"query-input":"required name=search_term_string"}],"inLanguage":"en-US"},{"@type":["Organization","Place"],"@id":"https:\/\/odavprint.ee\/en\/#organization","name":"Odav Print O\u00dc","url":"https:\/\/odavprint.ee\/en\/","logo":{"@id":"https:\/\/odavprint.ee\/en\/lexmark\/#local-main-organization-logo"},"image":{"@id":"https:\/\/odavprint.ee\/en\/lexmark\/#local-main-organization-logo"},"address":{"@id":"https:\/\/odavprint.ee\/en\/lexmark\/#local-main-place-address"},"geo":{"@type":"GeoCoordinates","latitude":"59.4306504","longitude":"24.8095743"},"telephone":["53836926"],"openingHoursSpecification":[{"@type":"OpeningHoursSpecification","dayOfWeek":["Monday","Tuesday","Wednesday","Thursday","Friday","Saturday","Sunday"],"opens":"09:00","closes":"17:00"}],"email":"info@odavprint.eu"},{"@type":"PostalAddress","@id":"https:\/\/odavprint.ee\/en\/lexmark\/#local-main-place-address","streetAddress":"Pae tn 28","addressLocality":"Tallinn","postalCode":"11415","addressRegion":"Harjumaa","addressCountry":"EE"},{"@type":"ImageObject","inLanguage":"en-US","@id":"https:\/\/odavprint.ee\/en\/lexmark\/#local-main-organization-logo","url":"https:\/\/odavprint.ee\/wp-content\/uploads\/2018\/10\/odavprint-logo-240.jpg","contentUrl":"https:\/\/odavprint.ee\/wp-content\/uploads\/2018\/10\/odavprint-logo-240.jpg","width":240,"height":36,"caption":"Odav Print O\u00dc"}]},"geo.placename":"Tallinn","geo.position":{"lat":"59.4306504","long":"24.8095743"},"geo.region":"Estonia"},"_links":{"self":[{"href":"https:\/\/odavprint.ee\/en\/wp-json\/wp\/v2\/pages\/20790"}],"collection":[{"href":"https:\/\/odavprint.ee\/en\/wp-json\/wp\/v2\/pages"}],"about":[{"href":"https:\/\/odavprint.ee\/en\/wp-json\/wp\/v2\/types\/page"}],"author":[{"embeddable":true,"href":"https:\/\/odavprint.ee\/en\/wp-json\/wp\/v2\/users\/1"}],"replies":[{"embeddable":true,"href":"https:\/\/odavprint.ee\/en\/wp-json\/wp\/v2\/comments?post=20790"}],"version-history":[{"count":2,"href":"https:\/\/odavprint.ee\/en\/wp-json\/wp\/v2\/pages\/20790\/revisions"}],"predecessor-version":[{"id":72275,"href":"https:\/\/odavprint.ee\/en\/wp-json\/wp\/v2\/pages\/20790\/revisions\/72275"}],"wp:attachment":[{"href":"https:\/\/odavprint.ee\/en\/wp-json\/wp\/v2\/media?parent=20790"}],"curies":[{"name":"wp","href":"https:\/\/api.w.org\/{rel}","templated":true}]}}