{"id":20796,"date":"2019-07-29T19:56:23","date_gmt":"2019-07-29T16:56:23","guid":{"rendered":"https:\/\/odavprint.ee\/?page_id=20796"},"modified":"2020-11-26T16:22:21","modified_gmt":"2020-11-26T14:22:21","slug":"oki","status":"publish","type":"page","link":"https:\/\/odavprint.ee\/en\/oki\/","title":{"rendered":"OKI"},"content":{"rendered":"\r\n<p style=\"text-align: center;\">The list is not exhaustive, if you have not found the printer or cartridge model you are looking for, please contact us.<\/p>\r\n\r\n\r\n\r\n<p style=\"text-align: center;\">Information and booking a courier: <strong><a href=\"mai&#108;&#116;&#111;&#x3a;&#x69;&#x6e;&#x66;&#x6f;&#x40;oda&#118;&#112;&#114;&#105;&#x6e;&#x74;&#x2e;&#x65;&#x65;\">in&#102;&#111;&#64;&#111;&#x64;&#x61;&#x76;&#x70;&#x72;in&#116;&#46;&#101;&#101;<\/a><\/strong> or <strong><a href=\"tel:+372 5911 9495\">+372 5911 9495<\/a><\/strong><\/p>\r\n\r\n\r\n\r\n\r\n<hr class=\"wp-block-separator crt-divider\" \/>\r\n\r\n\r\n\r\n\t<div class=\"crt-filter-container\">\n\t\t<input type=\"text\" id=\"crt-filter-model\" placeholder=\"Search by printer \/ toner model\" \/>\n\t<\/div>\n\t<script>\n\t\tjQuery(document).ready(function($) {\n\t\t\tvar $table = $('table.inprice').first();\n\n\t\t\tif($table.length === 0) {\n\t\t\t\treturn;\n\t\t\t}\n\n\t\t\tvar $trs = $('tbody tr', $table),\n\t\t\t\t$input = $('#crt-filter-model').first(),\n\t\t\t\t$trNoResults = $('<tr class=\"crt-no-results\"><td colspan=\"5\">Model not found<\/td><\/tr>')\n\n\t\t\tvar $tr, $td1, $td2, query, matches = 0;\n\n\t\t\t$input.on('input', function() {\n\t\t\t\tquery = $(this).val().toLowerCase().trim();\n\t\t\t\tmatches = 0;\n\n\t\t\t\t$trs.each(function() {\n\t\t\t\t\t$tr = $(this);\n\t\t\t\t\t$td1 = $('td.one', $tr);\n\t\t\t\t\t$td2 = $('td.two', $tr);\n\n\t\t\t\t\tif($td1.text().toLowerCase().indexOf(query) > -1 || $td2.text().toLowerCase().indexOf(query) > -1) {\n\t\t\t\t\t\t$tr.show();\n\t\t\t\t\t\tmatches++;\n\t\t\t\t\t} else {\n\t\t\t\t\t\t$tr.hide();\n\t\t\t\t\t}\n\t\t\t\t});\n\n\t\t\t\tif(matches === 0) {\n\t\t\t\t\t$tr.after($trNoResults);\n\t\t\t\t} else {\n\t\t\t\t\t$trNoResults.detach();\n\t\t\t\t}\n\t\t\t});\n\t\t});\n\t<\/script>\n\t\n\r\n\r\n\r\n<table class=\"inprice\" cellspacing=\"0\" cellpadding=\"0\">\r\n<thead>\r\n<tr>\r\n<th class=\"th-one\">toner<\/th>\r\n<th class=\"th-two\"><span class=\"hide-lte-md\">printer<\/span> model<\/th>\r\n<th class=\"th-three\">capacity<\/th>\r\n<th class=\"th-four\">price<span class=\"hide-lte-md\"> incl. VAT<\/span><\/th>\r\n<\/tr>\r\n<\/thead>\r\n<tbody>\r\n<tr>\r\n<td class=\"one\"><strong>09004447<\/strong><\/td>\r\n<td class=\"two\"><strong>OKI B:\u00a0<\/strong>2500 \/ 2520 \/ 2540, <strong>OKI FAX:<\/strong> 2510 \/ 2530, <strong>OKI OFFICE:\u00a0<\/strong>2510 \/ 2530<\/td>\r\n<td class=\"three\">2200 lk<\/td>\r\n<td class=\"five\">\r\n<p class=\"price\"><strong>38,40 \u20ac<\/strong><\/p>\r\n<\/td>\r\n<\/tr>\r\n<tr>\r\n<td class=\"one\"><strong>09004078<\/strong><\/td>\r\n<td class=\"two\"><strong>OKI B:\u00a0<\/strong>6200 \/ 6250 \/ 6300<\/td>\r\n<td class=\"three\">10000 lk<\/td>\r\n<td class=\"five\">\r\n<p class=\"price\"><strong>70,80 \u20ac<\/strong><\/p>\r\n<\/td>\r\n<\/tr>\r\n<tr>\r\n<td class=\"one\"><strong>43979102<\/strong><\/td>\r\n<td class=\"two\"><strong>OKI B:\u00a0<\/strong>410 \/ 430 \/ 440<\/td>\r\n<td class=\"three\">3500 lk<\/td>\r\n<td class=\"five\">\r\n<p class=\"price\"><strong>30 \u20ac<\/strong><\/p>\r\n<\/td>\r\n<\/tr>\r\n<tr>\r\n<td class=\"one\"><strong>43979202<\/strong><\/td>\r\n<td class=\"two\"><strong>OKI MB:\u00a0<\/strong>400 \/ 460 \/470 \/ 480<\/td>\r\n<td class=\"three\">7000 lk<\/td>\r\n<td class=\"five\">\r\n<p class=\"price\"><strong>42 \u20ac<\/strong><\/p>\r\n<\/td>\r\n<\/tr>\r\n<tr>\r\n<td class=\"one\"><strong>44574702<\/strong><\/td>\r\n<td class=\"two\"><strong>OKI B:\u00a0<\/strong>411 \/ 431<\/td>\r\n<td class=\"three\">3000 lk<\/td>\r\n<td class=\"five\">\r\n<p class=\"price\"><strong>38,40 \u20ac<\/strong><\/p>\r\n<\/td>\r\n<\/tr>\r\n<tr>\r\n<td class=\"one\"><strong>44469803<\/strong><\/td>\r\n<td class=\"two\"><strong>OKI:\u00a0<\/strong>C300 \/ C310 \/ C330 \/ C510 \/ C511 \/ C530 \/ C531, MC351 \/ MC352 \/ MC361 \/ MC362 \/ MC561 \/ MC562<\/td>\r\n<td class=\"three\">2000 lk\u00a0<img decoding=\"async\" src=\"https:\/\/odavprint.ee\/wp-content\/uploads\/2019\/02\/black.jpg\" alt=\"\" \/><\/td>\r\n<td class=\"five\">\r\n<p class=\"price\"><strong>36 \u20ac<\/strong><\/p>\r\n<\/td>\r\n<\/tr>\r\n<tr>\r\n<td class=\"one\"><strong>44469804<\/strong><\/td>\r\n<td class=\"two\"><strong>OKI:\u00a0<\/strong>C300 \/ C310 \/ C330 \/ C510 \/ C511 \/ C530 \/ C531, MC351 \/ MC352 \/ MC361 \/ MC362 \/ MC561 \/ MC562<\/td>\r\n<td class=\"three\">2000 lk\u00a0<img decoding=\"async\" src=\"https:\/\/odavprint.ee\/wp-content\/uploads\/2019\/02\/blue.jpg\" alt=\"\" \/><\/td>\r\n<td class=\"five\">\r\n<p class=\"price\"><strong>36 \u20ac<\/strong><\/p>\r\n<\/td>\r\n<\/tr>\r\n<tr>\r\n<td class=\"one\"><strong>44469805<\/strong><\/td>\r\n<td class=\"two\"><strong>OKI:\u00a0<\/strong>C300 \/ C310 \/ C330 \/ C510 \/ C511 \/ C530 \/ C531, MC351 \/ MC352 \/ MC361 \/ MC362 \/ MC561 \/ MC562<\/td>\r\n<td class=\"three\">2000 lk\u00a0<img decoding=\"async\" src=\"https:\/\/odavprint.ee\/wp-content\/uploads\/2019\/02\/red.jpg\" alt=\"\" \/><\/td>\r\n<td class=\"five\">\r\n<p class=\"price\"><strong>36 \u20ac<\/strong><\/p>\r\n<\/td>\r\n<\/tr>\r\n<tr>\r\n<td class=\"one\"><strong>44469806<\/strong><\/td>\r\n<td class=\"two\"><strong>OKI:\u00a0<\/strong>C300 \/ C310 \/ C330 \/ C510 \/ C511 \/ C530 \/ C531, MC351 \/ MC352 \/ MC361 \/ MC362 \/ MC561 \/ MC562<\/td>\r\n<td class=\"three\">2000 lk\u00a0<img decoding=\"async\" src=\"https:\/\/odavprint.ee\/wp-content\/uploads\/2019\/02\/yellow.jpg\" alt=\"\" \/><\/td>\r\n<td class=\"five\">\r\n<p class=\"price\"><strong>36 \u20ac<\/strong><\/p>\r\n<\/td>\r\n<\/tr>\r\n<\/tbody>\r\n<\/table>\r\n","protected":false},"excerpt":{"rendered":"<p>The list is not exhaustive, if you have not found the printer or cartridge model you are looking for, please contact us. Information and booking a courier: info&#64;o&#100;&#97;&#118;&#112;&#114;&#105;&#110;&#x74;&#x2e;&#x65;&#x65; or +372 5911 9495 toner printer model capacity price incl. VAT 09004447 OKI B:\u00a02500 \/ 2520 \/ 2540, OKI FAX: 2510 \/ 2530, OKI OFFICE:\u00a02510 \/ 2530 [&#8230;]\n","protected":false},"author":1,"featured_media":0,"parent":0,"menu_order":0,"comment_status":"closed","ping_status":"closed","template":"page-blank-title-center.php","meta":{"inline_featured_image":false,"footnotes":""},"yoast_head":"<!-- This site is optimized with the Yoast SEO Premium plugin v23.0 (Yoast SEO v23.0) - https:\/\/yoast.com\/wordpress\/plugins\/seo\/ -->\n<title>OKI<\/title>\n<meta name=\"description\" content=\"The list is not exhaustive, if you have not found the printer or cartridge model you are looking for, please contact us. Information and booking a\" \/>\n<meta name=\"robots\" content=\"index, follow, max-snippet:-1, max-image-preview:large, max-video-preview:-1\" \/>\n<link rel=\"canonical\" href=\"https:\/\/odavprint.ee\/en\/oki\/\" \/>\n<meta property=\"og:locale\" content=\"en_US\" \/>\n<meta property=\"og:type\" content=\"article\" \/>\n<meta property=\"og:title\" content=\"OKI\" \/>\n<meta property=\"og:description\" content=\"The list is not exhaustive, if you have not found the printer or cartridge model you are looking for, please contact us. Information and booking a\" \/>\n<meta property=\"og:url\" content=\"https:\/\/odavprint.ee\/en\/oki\/\" \/>\n<meta property=\"og:site_name\" content=\"Odav Print\" \/>\n<meta property=\"article:modified_time\" content=\"2020-11-26T14:22:21+00:00\" \/>\n<meta property=\"og:image\" content=\"https:\/\/odavprint.ee\/wp-content\/uploads\/2019\/02\/black.jpg\" \/>\n<meta name=\"twitter:card\" content=\"summary_large_image\" \/>\n<meta name=\"twitter:label1\" content=\"Est. reading time\" \/>\n\t<meta name=\"twitter:data1\" content=\"1 minute\" \/>\n<script type=\"application\/ld+json\" class=\"yoast-schema-graph\">{\"@context\":\"https:\/\/schema.org\",\"@graph\":[{\"@type\":\"WebPage\",\"@id\":\"https:\/\/odavprint.ee\/en\/oki\/\",\"url\":\"https:\/\/odavprint.ee\/en\/oki\/\",\"name\":\"OKI\",\"isPartOf\":{\"@id\":\"https:\/\/odavprint.ee\/en\/#website\"},\"primaryImageOfPage\":{\"@id\":\"https:\/\/odavprint.ee\/en\/oki\/#primaryimage\"},\"image\":{\"@id\":\"https:\/\/odavprint.ee\/en\/oki\/#primaryimage\"},\"thumbnailUrl\":\"https:\/\/odavprint.ee\/wp-content\/uploads\/2019\/02\/black.jpg\",\"datePublished\":\"2019-07-29T16:56:23+00:00\",\"dateModified\":\"2020-11-26T14:22:21+00:00\",\"description\":\"The list is not exhaustive, if you have not found the printer or cartridge model you are looking for, please contact us. Information and booking a\",\"breadcrumb\":{\"@id\":\"https:\/\/odavprint.ee\/en\/oki\/#breadcrumb\"},\"inLanguage\":\"en-US\",\"potentialAction\":[{\"@type\":\"ReadAction\",\"target\":[\"https:\/\/odavprint.ee\/en\/oki\/\"]}]},{\"@type\":\"ImageObject\",\"inLanguage\":\"en-US\",\"@id\":\"https:\/\/odavprint.ee\/en\/oki\/#primaryimage\",\"url\":\"https:\/\/odavprint.ee\/wp-content\/uploads\/2019\/02\/black.jpg\",\"contentUrl\":\"https:\/\/odavprint.ee\/wp-content\/uploads\/2019\/02\/black.jpg\"},{\"@type\":\"BreadcrumbList\",\"@id\":\"https:\/\/odavprint.ee\/en\/oki\/#breadcrumb\",\"itemListElement\":[{\"@type\":\"ListItem\",\"position\":1,\"name\":\"Home\",\"item\":\"https:\/\/odavprint.ee\/en\/\"},{\"@type\":\"ListItem\",\"position\":2,\"name\":\"Toner refilling\",\"item\":\"https:\/\/odavprint.ee\/en\/toner-refilling\/\"},{\"@type\":\"ListItem\",\"position\":3,\"name\":\"OKI\"}]},{\"@type\":\"WebSite\",\"@id\":\"https:\/\/odavprint.ee\/en\/#website\",\"url\":\"https:\/\/odavprint.ee\/en\/\",\"name\":\"Odav Print\",\"description\":\"Just another WordPress site\",\"publisher\":{\"@id\":\"https:\/\/odavprint.ee\/en\/#organization\"},\"alternateName\":\"Kassettide, toonerite t\u00e4itmine ja m\u00fc\u00fck.\",\"potentialAction\":[{\"@type\":\"SearchAction\",\"target\":{\"@type\":\"EntryPoint\",\"urlTemplate\":\"https:\/\/odavprint.ee\/en\/?s={search_term_string}\"},\"query-input\":\"required name=search_term_string\"}],\"inLanguage\":\"en-US\"},{\"@type\":[\"Organization\",\"Place\"],\"@id\":\"https:\/\/odavprint.ee\/en\/#organization\",\"name\":\"Odav Print O\u00dc\",\"url\":\"https:\/\/odavprint.ee\/en\/\",\"logo\":{\"@id\":\"https:\/\/odavprint.ee\/en\/oki\/#local-main-organization-logo\"},\"image\":{\"@id\":\"https:\/\/odavprint.ee\/en\/oki\/#local-main-organization-logo\"},\"address\":{\"@id\":\"https:\/\/odavprint.ee\/en\/oki\/#local-main-place-address\"},\"geo\":{\"@type\":\"GeoCoordinates\",\"latitude\":\"59.4306504\",\"longitude\":\"24.8095743\"},\"telephone\":[\"53836926\"],\"openingHoursSpecification\":[{\"@type\":\"OpeningHoursSpecification\",\"dayOfWeek\":[\"Monday\",\"Tuesday\",\"Wednesday\",\"Thursday\",\"Friday\",\"Saturday\",\"Sunday\"],\"opens\":\"09:00\",\"closes\":\"17:00\"}],\"email\":\"info@odavprint.eu\"},{\"@type\":\"PostalAddress\",\"@id\":\"https:\/\/odavprint.ee\/en\/oki\/#local-main-place-address\",\"streetAddress\":\"Pae tn 28\",\"addressLocality\":\"Tallinn\",\"postalCode\":\"11415\",\"addressRegion\":\"Harjumaa\",\"addressCountry\":\"EE\"},{\"@type\":\"ImageObject\",\"inLanguage\":\"en-US\",\"@id\":\"https:\/\/odavprint.ee\/en\/oki\/#local-main-organization-logo\",\"url\":\"https:\/\/odavprint.ee\/wp-content\/uploads\/2018\/10\/odavprint-logo-240.jpg\",\"contentUrl\":\"https:\/\/odavprint.ee\/wp-content\/uploads\/2018\/10\/odavprint-logo-240.jpg\",\"width\":240,\"height\":36,\"caption\":\"Odav Print O\u00dc\"}]}<\/script>\n<meta name=\"geo.placename\" content=\"Tallinn\" \/>\n<meta name=\"geo.position\" content=\"59.4306504;24.8095743\" \/>\n<meta name=\"geo.region\" content=\"Estonia\" \/>\n<!-- \/ Yoast SEO Premium plugin. -->","yoast_head_json":{"title":"OKI","description":"The list is not exhaustive, if you have not found the printer or cartridge model you are looking for, please contact us. Information and booking a","robots":{"index":"index","follow":"follow","max-snippet":"max-snippet:-1","max-image-preview":"max-image-preview:large","max-video-preview":"max-video-preview:-1"},"canonical":"https:\/\/odavprint.ee\/en\/oki\/","og_locale":"en_US","og_type":"article","og_title":"OKI","og_description":"The list is not exhaustive, if you have not found the printer or cartridge model you are looking for, please contact us. Information and booking a","og_url":"https:\/\/odavprint.ee\/en\/oki\/","og_site_name":"Odav Print","article_modified_time":"2020-11-26T14:22:21+00:00","og_image":[{"url":"https:\/\/odavprint.ee\/wp-content\/uploads\/2019\/02\/black.jpg"}],"twitter_card":"summary_large_image","twitter_misc":{"Est. reading time":"1 minute"},"schema":{"@context":"https:\/\/schema.org","@graph":[{"@type":"WebPage","@id":"https:\/\/odavprint.ee\/en\/oki\/","url":"https:\/\/odavprint.ee\/en\/oki\/","name":"OKI","isPartOf":{"@id":"https:\/\/odavprint.ee\/en\/#website"},"primaryImageOfPage":{"@id":"https:\/\/odavprint.ee\/en\/oki\/#primaryimage"},"image":{"@id":"https:\/\/odavprint.ee\/en\/oki\/#primaryimage"},"thumbnailUrl":"https:\/\/odavprint.ee\/wp-content\/uploads\/2019\/02\/black.jpg","datePublished":"2019-07-29T16:56:23+00:00","dateModified":"2020-11-26T14:22:21+00:00","description":"The list is not exhaustive, if you have not found the printer or cartridge model you are looking for, please contact us. Information and booking a","breadcrumb":{"@id":"https:\/\/odavprint.ee\/en\/oki\/#breadcrumb"},"inLanguage":"en-US","potentialAction":[{"@type":"ReadAction","target":["https:\/\/odavprint.ee\/en\/oki\/"]}]},{"@type":"ImageObject","inLanguage":"en-US","@id":"https:\/\/odavprint.ee\/en\/oki\/#primaryimage","url":"https:\/\/odavprint.ee\/wp-content\/uploads\/2019\/02\/black.jpg","contentUrl":"https:\/\/odavprint.ee\/wp-content\/uploads\/2019\/02\/black.jpg"},{"@type":"BreadcrumbList","@id":"https:\/\/odavprint.ee\/en\/oki\/#breadcrumb","itemListElement":[{"@type":"ListItem","position":1,"name":"Home","item":"https:\/\/odavprint.ee\/en\/"},{"@type":"ListItem","position":2,"name":"Toner refilling","item":"https:\/\/odavprint.ee\/en\/toner-refilling\/"},{"@type":"ListItem","position":3,"name":"OKI"}]},{"@type":"WebSite","@id":"https:\/\/odavprint.ee\/en\/#website","url":"https:\/\/odavprint.ee\/en\/","name":"Odav Print","description":"Just another WordPress site","publisher":{"@id":"https:\/\/odavprint.ee\/en\/#organization"},"alternateName":"Kassettide, toonerite t\u00e4itmine ja m\u00fc\u00fck.","potentialAction":[{"@type":"SearchAction","target":{"@type":"EntryPoint","urlTemplate":"https:\/\/odavprint.ee\/en\/?s={search_term_string}"},"query-input":"required name=search_term_string"}],"inLanguage":"en-US"},{"@type":["Organization","Place"],"@id":"https:\/\/odavprint.ee\/en\/#organization","name":"Odav Print O\u00dc","url":"https:\/\/odavprint.ee\/en\/","logo":{"@id":"https:\/\/odavprint.ee\/en\/oki\/#local-main-organization-logo"},"image":{"@id":"https:\/\/odavprint.ee\/en\/oki\/#local-main-organization-logo"},"address":{"@id":"https:\/\/odavprint.ee\/en\/oki\/#local-main-place-address"},"geo":{"@type":"GeoCoordinates","latitude":"59.4306504","longitude":"24.8095743"},"telephone":["53836926"],"openingHoursSpecification":[{"@type":"OpeningHoursSpecification","dayOfWeek":["Monday","Tuesday","Wednesday","Thursday","Friday","Saturday","Sunday"],"opens":"09:00","closes":"17:00"}],"email":"info@odavprint.eu"},{"@type":"PostalAddress","@id":"https:\/\/odavprint.ee\/en\/oki\/#local-main-place-address","streetAddress":"Pae tn 28","addressLocality":"Tallinn","postalCode":"11415","addressRegion":"Harjumaa","addressCountry":"EE"},{"@type":"ImageObject","inLanguage":"en-US","@id":"https:\/\/odavprint.ee\/en\/oki\/#local-main-organization-logo","url":"https:\/\/odavprint.ee\/wp-content\/uploads\/2018\/10\/odavprint-logo-240.jpg","contentUrl":"https:\/\/odavprint.ee\/wp-content\/uploads\/2018\/10\/odavprint-logo-240.jpg","width":240,"height":36,"caption":"Odav Print O\u00dc"}]},"geo.placename":"Tallinn","geo.position":{"lat":"59.4306504","long":"24.8095743"},"geo.region":"Estonia"},"_links":{"self":[{"href":"https:\/\/odavprint.ee\/en\/wp-json\/wp\/v2\/pages\/20796"}],"collection":[{"href":"https:\/\/odavprint.ee\/en\/wp-json\/wp\/v2\/pages"}],"about":[{"href":"https:\/\/odavprint.ee\/en\/wp-json\/wp\/v2\/types\/page"}],"author":[{"embeddable":true,"href":"https:\/\/odavprint.ee\/en\/wp-json\/wp\/v2\/users\/1"}],"replies":[{"embeddable":true,"href":"https:\/\/odavprint.ee\/en\/wp-json\/wp\/v2\/comments?post=20796"}],"version-history":[{"count":2,"href":"https:\/\/odavprint.ee\/en\/wp-json\/wp\/v2\/pages\/20796\/revisions"}],"predecessor-version":[{"id":72278,"href":"https:\/\/odavprint.ee\/en\/wp-json\/wp\/v2\/pages\/20796\/revisions\/72278"}],"wp:attachment":[{"href":"https:\/\/odavprint.ee\/en\/wp-json\/wp\/v2\/media?parent=20796"}],"curies":[{"name":"wp","href":"https:\/\/api.w.org\/{rel}","templated":true}]}}