{"id":11812,"date":"2019-04-13T21:43:22","date_gmt":"2019-04-13T18:43:22","guid":{"rendered":"https:\/\/odavprint.preview.ee\/product\/c9369-348-color-analog-tindikassett\/"},"modified":"2021-10-07T13:02:15","modified_gmt":"2021-10-07T10:02:15","slug":"c9369-348-color-analog-tindikassett","status":"publish","type":"product","link":"https:\/\/odavprint.ee\/en\/product\/c9369-348-color-analog-tindikassett\/","title":{"rendered":"Analoog tindikassett HP 348 (C9369) color 135 lk"},"content":{"rendered":"<p>HP Deskjet 460c, 460cb, 460wbt, 460wf, 460, 5420, 5432, 5440, 5442, 5443, 5490, 5740, 5743, 5745, 5748, 5793, 5900, 5940, 5940dt, 5943, 5950, 6520, 6540, 6540d, 6543, 6548, 6620, 6623, 6800, 6830, 6840, 6843, 6848, 6900, 6940, 6943, 6980dt, 6980, 6983, 6985, 6988, 9800d, 9800, D4100, D4145, D4155, D4160, D4163, D4168, D4200, D4260, D4263, D4268, D4300, D4360, D4363, D4368, HP Officejet 6200, 6201, 6203, 6205, 6208, 6210, 6213, 6215, 6300, 6301, 6304, 6305, 6307, 6308, 6310xi, 6310, 6313, 6315, 6318, 7200, 7205, 7208, 7213, 7215, 7218, 7300, 7313, 7400, 7408, 7413, H470 WBT, H470 Mobile, H470 B, H470 BT, J5700, J5725, J5730, J5735, J5738, J5740, J5750, J5780, J5783, J5785, J5788, J5790, J6400, J6405, J6410, J6413, J6415, J6424, J6450, J6480, J6488, K7100, K7103, K7108, Pro K7100, Pro K7103, Pro K7108, HP Photosmart 2500, 2570, 2573, 2578, 2600, 2605, 2608, 2613, 2615, 2700, 2710, 2713, 3185, 3188, 3193, 3194, 4110, 4170, 4173, 4175, 4193, 4194, 4225, 4324, 4383, 4384, 4385, 4388, 4424, 4435, 4470, 4475, 4486, 4488, 4493, 4524, 4540, 4550, 4570, 4572, 4573, 4575, 4588, 4593, 4598, 5100, 5280, 5345, 5355, 7800, 7838, 7850, 8000, 8030, 8039, 8049, 8050xi, 8050, 8053, 8100, 8150v, 8150, 8153, 8400, 8450, 8450xi, 8450gp, 8453, 8700, 8750, 8750gp, 8753, C3100, C3110, C3125, C3135, C3140, C3150, C3170, C3173, C3175, C3180, C3183, C3190, C4100, C4140, C4150, C4180, C4183, C4188, C4190, C4200, C4205, C4210, C4240, C4250, C4270, C4272, C4273, C4275, C4280, C4283, C4285, C4294, C4300, C4340, C4342, C4343, C4344, C4345, C4348, C4380, C4385, C4400, C4440, C4450, C4472, C4473, C4480, C4483, C4485, C4500, C4580, C4583, C4585, C4599, C5200, C5240, C5250, C5270, C5273, C5275, C5280, C5283, C5288, C5290, C5293, C5500, C5550, C5580, C7800, C7838, C7850, D5145, D5155, D5156, D5160, D5163, D5168, D5300, D5360, D5363, D5368, Pro B8300, Pro B8330, Pro B8338, Pro B8339, Pro B8350, Pro B8353, HP PSC 1500, 1503, 1504, 1507, 1508, 1510s, 1510, 1600, 1603, 1610, 1610v, 1610xi, 1613, 1615, 1618, 2300, 2305, 2306, 2310, 2320, 2350, 2351, 2352, 2353, 2355, 2355p, 2357, 2358, 2570, 2600, 2610, 2613, 2619, 2710<\/p>\n","protected":false},"excerpt":{"rendered":"<p>HP Deskjet 460c, 460cb, 460wbt, 460wf, 460, 5420, 5432, 5440, 5442, 5443, 5490, 5740, 5743, 5745, 5748, 5793, 5900, 5940, 5940dt, 5943, 5950, 6520, 6540, 6540d, 6543, 6548, 6620, 6623, 6800, 6830, 6840, 6843, 6848, 6900, 6940, 6943, 6980dt, 6980, 6983, 6985, 6988, 9800d, 9800, D4100, D4145, D4155, D4160, D4163, D4168, D4200, D4260, D4263, D4268, [&#8230;]\n","protected":false},"featured_media":1454,"template":"","meta":{"inline_featured_image":false},"product_cat":[10770],"product_tag":[11919,11920,11921,11922,11923,11924,11929,11930,11932,11933,11934,11935,11936,11937,11938,11939,11940,11941,11942,11943,11944,11945,11946,11947,11948,11949,11950,11951,11952,11957,11958,11959,11960,11961,11964,11965,11966,11967,11968,11969,11970,11971,11972,11973,11564,11978,11979,11980,11981,11982,12356,12357,12358,12359,12360,12361,12362,12363,12364,12365,12366,12367,12368,12369,12370,12371,12372,12373,12374,12375,12376,12377,12378,12379,11986,11987,11988,11583,12380,12381,12382,12383,12263,12264,12265,12266,11989,11990,11991,11992,11993,11994,11995,11996,11997,11998,11999,12001,12002,12003,12004,12005,12006,12007,12008,12009,12010,12011,12012,12013,12014,12015,12016,12017,12018,12019,12020,12021,12022,12023,12024,12025,12026,12027,12028,12029,12030,12117,12031,12118,12032,12033,12034,12119,12120,11625,12036,12037,12038,12039,12040,11629,12041,11633,12042,12043,12267,12044,12045,11117,12046,12047,12048,12273,12274,12049,12050,12051,12052,12053,12054,12275,12055,12276,12056,12125,12057,12059,12060,12061,12062,12063,12064,12065,12066,12067,12068,12069,12070,12071,12072,12073,12075,12076,12077,12078,12080,12081,12082,12083,12279,12280,12281,12282,12283,12284,12285,12286,12287,12288,12289,12290,12291,12384,12292,12293,12294,12295,12296,12297,12298,12299,12300,12302,12303,12304,12305,12306,12307,12308,12309,12310,12311,12312,12313,12314,12315,12316,12317,12318,12319,12320,12321,12322,12323,12324,12325,12326,12327,12084,12128,12085,12086,12087,12088,12089,12090,12091,11104,12328,12329,12385,12330,12331,12332,12333,12092,12093,12094,12095,12096,12097,12334,12335,12336,12337,12098,12099,12100,12101,11740,11776,12130,11876,12386,12387,12388,12389,12390,12391,12392,12341,12393,12342,12394,12343,12344,12395,12345,12346,12347,12396,12348,12349,12397,12103,12104,12105,12108,12109,12110,12111,12112,12113,12114,12115,12116],"yoast_head":"<!-- This site is optimized with the Yoast SEO Premium plugin v23.0 (Yoast SEO v23.0) - https:\/\/yoast.com\/wordpress\/plugins\/seo\/ -->\n<title>Analoog tindikassett HP 348 (C9369) color 135 lk, hea hinnaga, osta e-pood - Odav Print<\/title>\n<meta name=\"description\" content=\"Osta Analoog tindikassett HP 348 (C9369) color 135 lk Odav Print \u260e +372 5911 9495 \u2714\ufe0f Parim hind Analoog tindikassett HP 348 (C9369) color 135 lk jaoks \u26df Kiire kohaletoimetamine Eestis \u2b50 Garanteeritud\" \/>\n<meta name=\"robots\" content=\"index, follow, max-snippet:-1, max-image-preview:large, max-video-preview:-1\" \/>\n<link rel=\"canonical\" href=\"https:\/\/odavprint.ee\/en\/product\/c9369-348-color-analog-tindikassett\/\" \/>\n<meta property=\"og:locale\" content=\"en_US\" \/>\n<meta property=\"og:type\" content=\"article\" \/>\n<meta property=\"og:title\" content=\"Analoog tindikassett HP 348 (C9369) color 135 lk\" \/>\n<meta property=\"og:description\" content=\"Osta Analoog tindikassett HP 348 (C9369) color 135 lk Odav Print \u260e +372 5911 9495 \u2714\ufe0f Parim hind Analoog tindikassett HP 348 (C9369) color 135 lk jaoks \u26df Kiire kohaletoimetamine Eestis \u2b50 Garanteeritud\" \/>\n<meta property=\"og:url\" content=\"https:\/\/odavprint.ee\/en\/product\/c9369-348-color-analog-tindikassett\/\" \/>\n<meta property=\"og:site_name\" content=\"Odav Print\" \/>\n<meta property=\"article:modified_time\" content=\"2021-10-07T10:02:15+00:00\" \/>\n<meta property=\"og:image\" content=\"https:\/\/odavprint.ee\/wp-content\/uploads\/2018\/12\/348.jpg\" \/>\n\t<meta property=\"og:image:width\" content=\"300\" \/>\n\t<meta property=\"og:image:height\" content=\"300\" \/>\n\t<meta property=\"og:image:type\" content=\"image\/jpeg\" \/>\n<meta name=\"twitter:card\" content=\"summary_large_image\" \/>\n<meta name=\"twitter:label1\" content=\"Price\" \/>\n\t<meta name=\"twitter:data1\" content=\"&euro;15.80\" \/>\n\t<meta name=\"twitter:label2\" content=\"Availability\" \/>\n\t<meta name=\"twitter:data2\" content=\"In stock\" \/>\n<script type=\"application\/ld+json\" class=\"yoast-schema-graph\">{\"@context\":\"https:\/\/schema.org\",\"@graph\":[{\"@type\":[\"WebPage\",\"ItemPage\"],\"@id\":\"https:\/\/odavprint.ee\/en\/product\/c9369-348-color-analog-tindikassett\/\",\"url\":\"https:\/\/odavprint.ee\/en\/product\/c9369-348-color-analog-tindikassett\/\",\"name\":\"Analoog tindikassett HP 348 (C9369) color 135 lk, hea hinnaga, osta e-pood - Odav Print\",\"isPartOf\":{\"@id\":\"https:\/\/odavprint.ee\/en\/#website\"},\"primaryImageOfPage\":{\"@id\":\"https:\/\/odavprint.ee\/en\/product\/c9369-348-color-analog-tindikassett\/#primaryimage\"},\"image\":{\"@id\":\"https:\/\/odavprint.ee\/en\/product\/c9369-348-color-analog-tindikassett\/#primaryimage\"},\"thumbnailUrl\":\"https:\/\/odavprint.ee\/wp-content\/uploads\/2018\/12\/348.jpg\",\"datePublished\":\"2019-04-13T18:43:22+00:00\",\"dateModified\":\"2021-10-07T10:02:15+00:00\",\"description\":\"Osta Analoog tindikassett HP 348 (C9369) color 135 lk Odav Print \u260e +372 5911 9495 \u2714\ufe0f Parim hind Analoog tindikassett HP 348 (C9369) color 135 lk jaoks \u26df Kiire kohaletoimetamine Eestis \u2b50 Garanteeritud\",\"breadcrumb\":{\"@id\":\"https:\/\/odavprint.ee\/en\/product\/c9369-348-color-analog-tindikassett\/#breadcrumb\"},\"inLanguage\":\"en-US\",\"potentialAction\":[{\"@type\":\"ReadAction\",\"target\":[\"https:\/\/odavprint.ee\/en\/product\/c9369-348-color-analog-tindikassett\/\"]}]},{\"@type\":\"ImageObject\",\"inLanguage\":\"en-US\",\"@id\":\"https:\/\/odavprint.ee\/en\/product\/c9369-348-color-analog-tindikassett\/#primaryimage\",\"url\":\"https:\/\/odavprint.ee\/wp-content\/uploads\/2018\/12\/348.jpg\",\"contentUrl\":\"https:\/\/odavprint.ee\/wp-content\/uploads\/2018\/12\/348.jpg\",\"width\":300,\"height\":300},{\"@type\":\"BreadcrumbList\",\"@id\":\"https:\/\/odavprint.ee\/en\/product\/c9369-348-color-analog-tindikassett\/#breadcrumb\",\"itemListElement\":[{\"@type\":\"ListItem\",\"position\":1,\"name\":\"Home\",\"item\":\"https:\/\/odavprint.ee\/en\/\"},{\"@type\":\"ListItem\",\"position\":2,\"name\":\"Shop\",\"item\":\"https:\/\/odavprint.ee\/en\/shop\/\"},{\"@type\":\"ListItem\",\"position\":3,\"name\":\"Analoog tindikassett HP 348 (C9369) color 135 lk\"}]},{\"@type\":\"WebSite\",\"@id\":\"https:\/\/odavprint.ee\/en\/#website\",\"url\":\"https:\/\/odavprint.ee\/en\/\",\"name\":\"Odav Print\",\"description\":\"Just another WordPress site\",\"publisher\":{\"@id\":\"https:\/\/odavprint.ee\/en\/#organization\"},\"alternateName\":\"Kassettide, toonerite t\u00e4itmine ja m\u00fc\u00fck.\",\"potentialAction\":[{\"@type\":\"SearchAction\",\"target\":{\"@type\":\"EntryPoint\",\"urlTemplate\":\"https:\/\/odavprint.ee\/en\/?s={search_term_string}\"},\"query-input\":\"required name=search_term_string\"}],\"inLanguage\":\"en-US\"},{\"@type\":[\"Organization\",\"Place\"],\"@id\":\"https:\/\/odavprint.ee\/en\/#organization\",\"name\":\"Odav Print O\u00dc\",\"url\":\"https:\/\/odavprint.ee\/en\/\",\"logo\":{\"@id\":\"https:\/\/odavprint.ee\/en\/product\/c9369-348-color-analog-tindikassett\/#local-main-organization-logo\"},\"image\":{\"@id\":\"https:\/\/odavprint.ee\/en\/product\/c9369-348-color-analog-tindikassett\/#local-main-organization-logo\"},\"address\":{\"@id\":\"https:\/\/odavprint.ee\/en\/product\/c9369-348-color-analog-tindikassett\/#local-main-place-address\"},\"geo\":{\"@type\":\"GeoCoordinates\",\"latitude\":\"59.4306504\",\"longitude\":\"24.8095743\"},\"telephone\":[\"53836926\"],\"openingHoursSpecification\":[{\"@type\":\"OpeningHoursSpecification\",\"dayOfWeek\":[\"Monday\",\"Tuesday\",\"Wednesday\",\"Thursday\",\"Friday\",\"Saturday\",\"Sunday\"],\"opens\":\"09:00\",\"closes\":\"17:00\"}],\"email\":\"info@odavprint.eu\"},{\"@type\":\"PostalAddress\",\"@id\":\"https:\/\/odavprint.ee\/en\/product\/c9369-348-color-analog-tindikassett\/#local-main-place-address\",\"streetAddress\":\"Pae tn 28\",\"addressLocality\":\"Tallinn\",\"postalCode\":\"11415\",\"addressRegion\":\"Harjumaa\",\"addressCountry\":\"EE\"},{\"@type\":\"ImageObject\",\"inLanguage\":\"en-US\",\"@id\":\"https:\/\/odavprint.ee\/en\/product\/c9369-348-color-analog-tindikassett\/#local-main-organization-logo\",\"url\":\"https:\/\/odavprint.ee\/wp-content\/uploads\/2018\/10\/odavprint-logo-240.jpg\",\"contentUrl\":\"https:\/\/odavprint.ee\/wp-content\/uploads\/2018\/10\/odavprint-logo-240.jpg\",\"width\":240,\"height\":36,\"caption\":\"Odav Print O\u00dc\"}]}<\/script>\n<meta property=\"product:price:amount\" content=\"15.80\" \/>\n<meta property=\"product:price:currency\" content=\"EUR\" \/>\n<meta property=\"og:availability\" content=\"instock\" \/>\n<meta property=\"product:availability\" content=\"instock\" \/>\n<meta property=\"product:retailer_item_id\" content=\"4084\" \/>\n<meta property=\"product:condition\" content=\"new\" \/>\n<meta name=\"geo.placename\" content=\"Tallinn\" \/>\n<meta name=\"geo.position\" content=\"59.4306504;24.8095743\" \/>\n<meta name=\"geo.region\" content=\"Estonia\" \/>\n<!-- \/ Yoast SEO Premium plugin. -->","yoast_head_json":{"title":"Analoog tindikassett HP 348 (C9369) color 135 lk, hea hinnaga, osta e-pood - Odav Print","description":"Osta Analoog tindikassett HP 348 (C9369) color 135 lk Odav Print \u260e +372 5911 9495 \u2714\ufe0f Parim hind Analoog tindikassett HP 348 (C9369) color 135 lk jaoks \u26df Kiire kohaletoimetamine Eestis \u2b50 Garanteeritud","robots":{"index":"index","follow":"follow","max-snippet":"max-snippet:-1","max-image-preview":"max-image-preview:large","max-video-preview":"max-video-preview:-1"},"canonical":"https:\/\/odavprint.ee\/en\/product\/c9369-348-color-analog-tindikassett\/","og_locale":"en_US","og_type":"article","og_title":"Analoog tindikassett HP 348 (C9369) color 135 lk","og_description":"Osta Analoog tindikassett HP 348 (C9369) color 135 lk Odav Print \u260e +372 5911 9495 \u2714\ufe0f Parim hind Analoog tindikassett HP 348 (C9369) color 135 lk jaoks \u26df Kiire kohaletoimetamine Eestis \u2b50 Garanteeritud","og_url":"https:\/\/odavprint.ee\/en\/product\/c9369-348-color-analog-tindikassett\/","og_site_name":"Odav Print","article_modified_time":"2021-10-07T10:02:15+00:00","og_image":[{"width":300,"height":300,"url":"https:\/\/odavprint.ee\/wp-content\/uploads\/2018\/12\/348.jpg","type":"image\/jpeg"}],"twitter_card":"summary_large_image","twitter_misc":{"Price":"&euro;15.80","Availability":"In stock"},"schema":{"@context":"https:\/\/schema.org","@graph":[{"@type":["WebPage","ItemPage"],"@id":"https:\/\/odavprint.ee\/en\/product\/c9369-348-color-analog-tindikassett\/","url":"https:\/\/odavprint.ee\/en\/product\/c9369-348-color-analog-tindikassett\/","name":"Analoog tindikassett HP 348 (C9369) color 135 lk, hea hinnaga, osta e-pood - Odav Print","isPartOf":{"@id":"https:\/\/odavprint.ee\/en\/#website"},"primaryImageOfPage":{"@id":"https:\/\/odavprint.ee\/en\/product\/c9369-348-color-analog-tindikassett\/#primaryimage"},"image":{"@id":"https:\/\/odavprint.ee\/en\/product\/c9369-348-color-analog-tindikassett\/#primaryimage"},"thumbnailUrl":"https:\/\/odavprint.ee\/wp-content\/uploads\/2018\/12\/348.jpg","datePublished":"2019-04-13T18:43:22+00:00","dateModified":"2021-10-07T10:02:15+00:00","description":"Osta Analoog tindikassett HP 348 (C9369) color 135 lk Odav Print \u260e +372 5911 9495 \u2714\ufe0f Parim hind Analoog tindikassett HP 348 (C9369) color 135 lk jaoks \u26df Kiire kohaletoimetamine Eestis \u2b50 Garanteeritud","breadcrumb":{"@id":"https:\/\/odavprint.ee\/en\/product\/c9369-348-color-analog-tindikassett\/#breadcrumb"},"inLanguage":"en-US","potentialAction":[{"@type":"ReadAction","target":["https:\/\/odavprint.ee\/en\/product\/c9369-348-color-analog-tindikassett\/"]}]},{"@type":"ImageObject","inLanguage":"en-US","@id":"https:\/\/odavprint.ee\/en\/product\/c9369-348-color-analog-tindikassett\/#primaryimage","url":"https:\/\/odavprint.ee\/wp-content\/uploads\/2018\/12\/348.jpg","contentUrl":"https:\/\/odavprint.ee\/wp-content\/uploads\/2018\/12\/348.jpg","width":300,"height":300},{"@type":"BreadcrumbList","@id":"https:\/\/odavprint.ee\/en\/product\/c9369-348-color-analog-tindikassett\/#breadcrumb","itemListElement":[{"@type":"ListItem","position":1,"name":"Home","item":"https:\/\/odavprint.ee\/en\/"},{"@type":"ListItem","position":2,"name":"Shop","item":"https:\/\/odavprint.ee\/en\/shop\/"},{"@type":"ListItem","position":3,"name":"Analoog tindikassett HP 348 (C9369) color 135 lk"}]},{"@type":"WebSite","@id":"https:\/\/odavprint.ee\/en\/#website","url":"https:\/\/odavprint.ee\/en\/","name":"Odav Print","description":"Just another WordPress site","publisher":{"@id":"https:\/\/odavprint.ee\/en\/#organization"},"alternateName":"Kassettide, toonerite t\u00e4itmine ja m\u00fc\u00fck.","potentialAction":[{"@type":"SearchAction","target":{"@type":"EntryPoint","urlTemplate":"https:\/\/odavprint.ee\/en\/?s={search_term_string}"},"query-input":"required name=search_term_string"}],"inLanguage":"en-US"},{"@type":["Organization","Place"],"@id":"https:\/\/odavprint.ee\/en\/#organization","name":"Odav Print O\u00dc","url":"https:\/\/odavprint.ee\/en\/","logo":{"@id":"https:\/\/odavprint.ee\/en\/product\/c9369-348-color-analog-tindikassett\/#local-main-organization-logo"},"image":{"@id":"https:\/\/odavprint.ee\/en\/product\/c9369-348-color-analog-tindikassett\/#local-main-organization-logo"},"address":{"@id":"https:\/\/odavprint.ee\/en\/product\/c9369-348-color-analog-tindikassett\/#local-main-place-address"},"geo":{"@type":"GeoCoordinates","latitude":"59.4306504","longitude":"24.8095743"},"telephone":["53836926"],"openingHoursSpecification":[{"@type":"OpeningHoursSpecification","dayOfWeek":["Monday","Tuesday","Wednesday","Thursday","Friday","Saturday","Sunday"],"opens":"09:00","closes":"17:00"}],"email":"info@odavprint.eu"},{"@type":"PostalAddress","@id":"https:\/\/odavprint.ee\/en\/product\/c9369-348-color-analog-tindikassett\/#local-main-place-address","streetAddress":"Pae tn 28","addressLocality":"Tallinn","postalCode":"11415","addressRegion":"Harjumaa","addressCountry":"EE"},{"@type":"ImageObject","inLanguage":"en-US","@id":"https:\/\/odavprint.ee\/en\/product\/c9369-348-color-analog-tindikassett\/#local-main-organization-logo","url":"https:\/\/odavprint.ee\/wp-content\/uploads\/2018\/10\/odavprint-logo-240.jpg","contentUrl":"https:\/\/odavprint.ee\/wp-content\/uploads\/2018\/10\/odavprint-logo-240.jpg","width":240,"height":36,"caption":"Odav Print O\u00dc"}]},"product_price_amount":"15.80","product_price_currency":"EUR","og_availability":"instock","product_availability":"instock","product_retailer_item_id":"4084","product_condition":"new","geo.placename":"Tallinn","geo.position":{"lat":"59.4306504","long":"24.8095743"},"geo.region":"Estonia"},"_links":{"self":[{"href":"https:\/\/odavprint.ee\/en\/wp-json\/wp\/v2\/product\/11812"}],"collection":[{"href":"https:\/\/odavprint.ee\/en\/wp-json\/wp\/v2\/product"}],"about":[{"href":"https:\/\/odavprint.ee\/en\/wp-json\/wp\/v2\/types\/product"}],"wp:featuredmedia":[{"embeddable":true,"href":"https:\/\/odavprint.ee\/en\/wp-json\/wp\/v2\/media\/1454"}],"wp:attachment":[{"href":"https:\/\/odavprint.ee\/en\/wp-json\/wp\/v2\/media?parent=11812"}],"wp:term":[{"taxonomy":"product_cat","embeddable":true,"href":"https:\/\/odavprint.ee\/en\/wp-json\/wp\/v2\/product_cat?post=11812"},{"taxonomy":"product_tag","embeddable":true,"href":"https:\/\/odavprint.ee\/en\/wp-json\/wp\/v2\/product_tag?post=11812"}],"curies":[{"name":"wp","href":"https:\/\/api.w.org\/{rel}","templated":true}]}}