{"id":11817,"date":"2019-04-13T21:43:22","date_gmt":"2019-04-13T18:43:22","guid":{"rendered":"https:\/\/odavprint.preview.ee\/product\/c9396a-88xl-black-analog-tindikassett\/"},"modified":"2020-08-16T11:50:47","modified_gmt":"2020-08-16T08:50:47","slug":"c9396a-88xl-black-analog-tindikassett","status":"publish","type":"product","link":"https:\/\/odavprint.ee\/en\/product\/c9396a-88xl-black-analog-tindikassett\/","title":{"rendered":"C9396A (88XL) Black Analoog tindikassett 2500 lk"},"content":{"rendered":"<p>HP Officejet Pro K550, HP Officejet Pro K5400N, HP Officejet Pro K5400DN, HP Officejet Pro K5400, HP Officejet Pro K5400DTN, HP Officejet Pro K8600 (includes; Officejet Pro K8600dn), HP Officejet Pro L7400, HP Officejet Pro L7480, HP Officejet Pro L7500, HP Officejet Pro L7580, HP Officejet Pro L7590, HP Officejet Pro L7600, HP Officejet Pro L7680, HP Officejet Pro L7700, HP Officejet Pro L7780<\/p>\n","protected":false},"excerpt":{"rendered":"<p>HP Officejet Pro K550, HP Officejet Pro K5400N, HP Officejet Pro K5400DN, HP Officejet Pro K5400, HP Officejet Pro K5400DTN, HP Officejet Pro K8600 (includes; Officejet Pro K8600dn), HP Officejet Pro L7400, HP Officejet Pro L7480, HP Officejet Pro L7500, HP Officejet Pro L7580, HP Officejet Pro L7590, HP Officejet Pro L7600, HP Officejet Pro [&#8230;]\n","protected":false},"featured_media":1464,"template":"","meta":{"inline_featured_image":false},"product_cat":[10770],"product_tag":[12557,12558,12559,12560,12561,12562,12563,12564,12565,12566,12567,12568,12569,12570,12571],"yoast_head":"<!-- This site is optimized with the Yoast SEO Premium plugin v23.0 (Yoast SEO v23.0) - https:\/\/yoast.com\/wordpress\/plugins\/seo\/ -->\n<title>C9396A (88XL) Black Analoog tindikassett 2500 lk, hea hinnaga, osta e-pood - Odav Print<\/title>\n<meta name=\"description\" content=\"Osta C9396A (88XL) Black Analoog tindikassett 2500 lk Odav Print \u260e +372 5911 9495 \u2714\ufe0f Parim hind C9396A (88XL) Black Analoog tindikassett 2500 lk jaoks \u26df Kiire kohaletoimetamine Eestis \u2b50 Garanteeritud\" \/>\n<meta name=\"robots\" content=\"index, follow, max-snippet:-1, max-image-preview:large, max-video-preview:-1\" \/>\n<link rel=\"canonical\" href=\"https:\/\/odavprint.ee\/en\/product\/c9396a-88xl-black-analog-tindikassett\/\" \/>\n<meta property=\"og:locale\" content=\"en_US\" \/>\n<meta property=\"og:type\" content=\"article\" \/>\n<meta property=\"og:title\" content=\"C9396A (88XL) Black Analoog tindikassett 2500 lk\" \/>\n<meta property=\"og:description\" content=\"Osta C9396A (88XL) Black Analoog tindikassett 2500 lk Odav Print \u260e +372 5911 9495 \u2714\ufe0f Parim hind C9396A (88XL) Black Analoog tindikassett 2500 lk jaoks \u26df Kiire kohaletoimetamine Eestis \u2b50 Garanteeritud\" \/>\n<meta property=\"og:url\" content=\"https:\/\/odavprint.ee\/en\/product\/c9396a-88xl-black-analog-tindikassett\/\" \/>\n<meta property=\"og:site_name\" content=\"Odav Print\" \/>\n<meta property=\"article:modified_time\" content=\"2020-08-16T08:50:47+00:00\" \/>\n<meta property=\"og:image\" content=\"https:\/\/odavprint.ee\/wp-content\/uploads\/2018\/12\/88bk.jpg\" \/>\n\t<meta property=\"og:image:width\" content=\"250\" \/>\n\t<meta property=\"og:image:height\" content=\"250\" \/>\n\t<meta property=\"og:image:type\" content=\"image\/jpeg\" \/>\n<meta name=\"twitter:card\" content=\"summary_large_image\" \/>\n<meta name=\"twitter:label1\" content=\"Price\" \/>\n\t<meta name=\"twitter:data1\" content=\"&euro;6.30\" \/>\n\t<meta name=\"twitter:label2\" content=\"Availability\" \/>\n\t<meta name=\"twitter:data2\" content=\"In stock\" \/>\n<script type=\"application\/ld+json\" class=\"yoast-schema-graph\">{\"@context\":\"https:\/\/schema.org\",\"@graph\":[{\"@type\":[\"WebPage\",\"ItemPage\"],\"@id\":\"https:\/\/odavprint.ee\/en\/product\/c9396a-88xl-black-analog-tindikassett\/\",\"url\":\"https:\/\/odavprint.ee\/en\/product\/c9396a-88xl-black-analog-tindikassett\/\",\"name\":\"C9396A (88XL) Black Analoog tindikassett 2500 lk, hea hinnaga, osta e-pood - Odav Print\",\"isPartOf\":{\"@id\":\"https:\/\/odavprint.ee\/en\/#website\"},\"primaryImageOfPage\":{\"@id\":\"https:\/\/odavprint.ee\/en\/product\/c9396a-88xl-black-analog-tindikassett\/#primaryimage\"},\"image\":{\"@id\":\"https:\/\/odavprint.ee\/en\/product\/c9396a-88xl-black-analog-tindikassett\/#primaryimage\"},\"thumbnailUrl\":\"https:\/\/odavprint.ee\/wp-content\/uploads\/2018\/12\/88bk.jpg\",\"datePublished\":\"2019-04-13T18:43:22+00:00\",\"dateModified\":\"2020-08-16T08:50:47+00:00\",\"description\":\"Osta C9396A (88XL) Black Analoog tindikassett 2500 lk Odav Print \u260e +372 5911 9495 \u2714\ufe0f Parim hind C9396A (88XL) Black Analoog tindikassett 2500 lk jaoks \u26df Kiire kohaletoimetamine Eestis \u2b50 Garanteeritud\",\"breadcrumb\":{\"@id\":\"https:\/\/odavprint.ee\/en\/product\/c9396a-88xl-black-analog-tindikassett\/#breadcrumb\"},\"inLanguage\":\"en-US\",\"potentialAction\":[{\"@type\":\"ReadAction\",\"target\":[\"https:\/\/odavprint.ee\/en\/product\/c9396a-88xl-black-analog-tindikassett\/\"]}]},{\"@type\":\"ImageObject\",\"inLanguage\":\"en-US\",\"@id\":\"https:\/\/odavprint.ee\/en\/product\/c9396a-88xl-black-analog-tindikassett\/#primaryimage\",\"url\":\"https:\/\/odavprint.ee\/wp-content\/uploads\/2018\/12\/88bk.jpg\",\"contentUrl\":\"https:\/\/odavprint.ee\/wp-content\/uploads\/2018\/12\/88bk.jpg\",\"width\":250,\"height\":250},{\"@type\":\"BreadcrumbList\",\"@id\":\"https:\/\/odavprint.ee\/en\/product\/c9396a-88xl-black-analog-tindikassett\/#breadcrumb\",\"itemListElement\":[{\"@type\":\"ListItem\",\"position\":1,\"name\":\"Home\",\"item\":\"https:\/\/odavprint.ee\/en\/\"},{\"@type\":\"ListItem\",\"position\":2,\"name\":\"Shop\",\"item\":\"https:\/\/odavprint.ee\/en\/shop\/\"},{\"@type\":\"ListItem\",\"position\":3,\"name\":\"C9396A (88XL) Black Analoog tindikassett 2500 lk\"}]},{\"@type\":\"WebSite\",\"@id\":\"https:\/\/odavprint.ee\/en\/#website\",\"url\":\"https:\/\/odavprint.ee\/en\/\",\"name\":\"Odav Print\",\"description\":\"Just another WordPress site\",\"publisher\":{\"@id\":\"https:\/\/odavprint.ee\/en\/#organization\"},\"alternateName\":\"Kassettide, toonerite t\u00e4itmine ja m\u00fc\u00fck.\",\"potentialAction\":[{\"@type\":\"SearchAction\",\"target\":{\"@type\":\"EntryPoint\",\"urlTemplate\":\"https:\/\/odavprint.ee\/en\/?s={search_term_string}\"},\"query-input\":\"required name=search_term_string\"}],\"inLanguage\":\"en-US\"},{\"@type\":[\"Organization\",\"Place\"],\"@id\":\"https:\/\/odavprint.ee\/en\/#organization\",\"name\":\"Odav Print O\u00dc\",\"url\":\"https:\/\/odavprint.ee\/en\/\",\"logo\":{\"@id\":\"https:\/\/odavprint.ee\/en\/product\/c9396a-88xl-black-analog-tindikassett\/#local-main-organization-logo\"},\"image\":{\"@id\":\"https:\/\/odavprint.ee\/en\/product\/c9396a-88xl-black-analog-tindikassett\/#local-main-organization-logo\"},\"address\":{\"@id\":\"https:\/\/odavprint.ee\/en\/product\/c9396a-88xl-black-analog-tindikassett\/#local-main-place-address\"},\"geo\":{\"@type\":\"GeoCoordinates\",\"latitude\":\"59.4306504\",\"longitude\":\"24.8095743\"},\"telephone\":[\"53836926\"],\"openingHoursSpecification\":[{\"@type\":\"OpeningHoursSpecification\",\"dayOfWeek\":[\"Monday\",\"Tuesday\",\"Wednesday\",\"Thursday\",\"Friday\",\"Saturday\",\"Sunday\"],\"opens\":\"09:00\",\"closes\":\"17:00\"}],\"email\":\"info@odavprint.eu\"},{\"@type\":\"PostalAddress\",\"@id\":\"https:\/\/odavprint.ee\/en\/product\/c9396a-88xl-black-analog-tindikassett\/#local-main-place-address\",\"streetAddress\":\"Pae tn 28\",\"addressLocality\":\"Tallinn\",\"postalCode\":\"11415\",\"addressRegion\":\"Harjumaa\",\"addressCountry\":\"EE\"},{\"@type\":\"ImageObject\",\"inLanguage\":\"en-US\",\"@id\":\"https:\/\/odavprint.ee\/en\/product\/c9396a-88xl-black-analog-tindikassett\/#local-main-organization-logo\",\"url\":\"https:\/\/odavprint.ee\/wp-content\/uploads\/2018\/10\/odavprint-logo-240.jpg\",\"contentUrl\":\"https:\/\/odavprint.ee\/wp-content\/uploads\/2018\/10\/odavprint-logo-240.jpg\",\"width\":240,\"height\":36,\"caption\":\"Odav Print O\u00dc\"}]}<\/script>\n<meta property=\"product:price:amount\" content=\"6.30\" \/>\n<meta property=\"product:price:currency\" content=\"EUR\" \/>\n<meta property=\"og:availability\" content=\"instock\" \/>\n<meta property=\"product:availability\" content=\"instock\" \/>\n<meta property=\"product:retailer_item_id\" content=\"5308\" \/>\n<meta property=\"product:condition\" content=\"new\" \/>\n<meta name=\"geo.placename\" content=\"Tallinn\" \/>\n<meta name=\"geo.position\" content=\"59.4306504;24.8095743\" \/>\n<meta name=\"geo.region\" content=\"Estonia\" \/>\n<!-- \/ Yoast SEO Premium plugin. -->","yoast_head_json":{"title":"C9396A (88XL) Black Analoog tindikassett 2500 lk, hea hinnaga, osta e-pood - Odav Print","description":"Osta C9396A (88XL) Black Analoog tindikassett 2500 lk Odav Print \u260e +372 5911 9495 \u2714\ufe0f Parim hind C9396A (88XL) Black Analoog tindikassett 2500 lk jaoks \u26df Kiire kohaletoimetamine Eestis \u2b50 Garanteeritud","robots":{"index":"index","follow":"follow","max-snippet":"max-snippet:-1","max-image-preview":"max-image-preview:large","max-video-preview":"max-video-preview:-1"},"canonical":"https:\/\/odavprint.ee\/en\/product\/c9396a-88xl-black-analog-tindikassett\/","og_locale":"en_US","og_type":"article","og_title":"C9396A (88XL) Black Analoog tindikassett 2500 lk","og_description":"Osta C9396A (88XL) Black Analoog tindikassett 2500 lk Odav Print \u260e +372 5911 9495 \u2714\ufe0f Parim hind C9396A (88XL) Black Analoog tindikassett 2500 lk jaoks \u26df Kiire kohaletoimetamine Eestis \u2b50 Garanteeritud","og_url":"https:\/\/odavprint.ee\/en\/product\/c9396a-88xl-black-analog-tindikassett\/","og_site_name":"Odav Print","article_modified_time":"2020-08-16T08:50:47+00:00","og_image":[{"width":250,"height":250,"url":"https:\/\/odavprint.ee\/wp-content\/uploads\/2018\/12\/88bk.jpg","type":"image\/jpeg"}],"twitter_card":"summary_large_image","twitter_misc":{"Price":"&euro;6.30","Availability":"In stock"},"schema":{"@context":"https:\/\/schema.org","@graph":[{"@type":["WebPage","ItemPage"],"@id":"https:\/\/odavprint.ee\/en\/product\/c9396a-88xl-black-analog-tindikassett\/","url":"https:\/\/odavprint.ee\/en\/product\/c9396a-88xl-black-analog-tindikassett\/","name":"C9396A (88XL) Black Analoog tindikassett 2500 lk, hea hinnaga, osta e-pood - Odav Print","isPartOf":{"@id":"https:\/\/odavprint.ee\/en\/#website"},"primaryImageOfPage":{"@id":"https:\/\/odavprint.ee\/en\/product\/c9396a-88xl-black-analog-tindikassett\/#primaryimage"},"image":{"@id":"https:\/\/odavprint.ee\/en\/product\/c9396a-88xl-black-analog-tindikassett\/#primaryimage"},"thumbnailUrl":"https:\/\/odavprint.ee\/wp-content\/uploads\/2018\/12\/88bk.jpg","datePublished":"2019-04-13T18:43:22+00:00","dateModified":"2020-08-16T08:50:47+00:00","description":"Osta C9396A (88XL) Black Analoog tindikassett 2500 lk Odav Print \u260e +372 5911 9495 \u2714\ufe0f Parim hind C9396A (88XL) Black Analoog tindikassett 2500 lk jaoks \u26df Kiire kohaletoimetamine Eestis \u2b50 Garanteeritud","breadcrumb":{"@id":"https:\/\/odavprint.ee\/en\/product\/c9396a-88xl-black-analog-tindikassett\/#breadcrumb"},"inLanguage":"en-US","potentialAction":[{"@type":"ReadAction","target":["https:\/\/odavprint.ee\/en\/product\/c9396a-88xl-black-analog-tindikassett\/"]}]},{"@type":"ImageObject","inLanguage":"en-US","@id":"https:\/\/odavprint.ee\/en\/product\/c9396a-88xl-black-analog-tindikassett\/#primaryimage","url":"https:\/\/odavprint.ee\/wp-content\/uploads\/2018\/12\/88bk.jpg","contentUrl":"https:\/\/odavprint.ee\/wp-content\/uploads\/2018\/12\/88bk.jpg","width":250,"height":250},{"@type":"BreadcrumbList","@id":"https:\/\/odavprint.ee\/en\/product\/c9396a-88xl-black-analog-tindikassett\/#breadcrumb","itemListElement":[{"@type":"ListItem","position":1,"name":"Home","item":"https:\/\/odavprint.ee\/en\/"},{"@type":"ListItem","position":2,"name":"Shop","item":"https:\/\/odavprint.ee\/en\/shop\/"},{"@type":"ListItem","position":3,"name":"C9396A (88XL) Black Analoog tindikassett 2500 lk"}]},{"@type":"WebSite","@id":"https:\/\/odavprint.ee\/en\/#website","url":"https:\/\/odavprint.ee\/en\/","name":"Odav Print","description":"Just another WordPress site","publisher":{"@id":"https:\/\/odavprint.ee\/en\/#organization"},"alternateName":"Kassettide, toonerite t\u00e4itmine ja m\u00fc\u00fck.","potentialAction":[{"@type":"SearchAction","target":{"@type":"EntryPoint","urlTemplate":"https:\/\/odavprint.ee\/en\/?s={search_term_string}"},"query-input":"required name=search_term_string"}],"inLanguage":"en-US"},{"@type":["Organization","Place"],"@id":"https:\/\/odavprint.ee\/en\/#organization","name":"Odav Print O\u00dc","url":"https:\/\/odavprint.ee\/en\/","logo":{"@id":"https:\/\/odavprint.ee\/en\/product\/c9396a-88xl-black-analog-tindikassett\/#local-main-organization-logo"},"image":{"@id":"https:\/\/odavprint.ee\/en\/product\/c9396a-88xl-black-analog-tindikassett\/#local-main-organization-logo"},"address":{"@id":"https:\/\/odavprint.ee\/en\/product\/c9396a-88xl-black-analog-tindikassett\/#local-main-place-address"},"geo":{"@type":"GeoCoordinates","latitude":"59.4306504","longitude":"24.8095743"},"telephone":["53836926"],"openingHoursSpecification":[{"@type":"OpeningHoursSpecification","dayOfWeek":["Monday","Tuesday","Wednesday","Thursday","Friday","Saturday","Sunday"],"opens":"09:00","closes":"17:00"}],"email":"info@odavprint.eu"},{"@type":"PostalAddress","@id":"https:\/\/odavprint.ee\/en\/product\/c9396a-88xl-black-analog-tindikassett\/#local-main-place-address","streetAddress":"Pae tn 28","addressLocality":"Tallinn","postalCode":"11415","addressRegion":"Harjumaa","addressCountry":"EE"},{"@type":"ImageObject","inLanguage":"en-US","@id":"https:\/\/odavprint.ee\/en\/product\/c9396a-88xl-black-analog-tindikassett\/#local-main-organization-logo","url":"https:\/\/odavprint.ee\/wp-content\/uploads\/2018\/10\/odavprint-logo-240.jpg","contentUrl":"https:\/\/odavprint.ee\/wp-content\/uploads\/2018\/10\/odavprint-logo-240.jpg","width":240,"height":36,"caption":"Odav Print O\u00dc"}]},"product_price_amount":"6.30","product_price_currency":"EUR","og_availability":"instock","product_availability":"instock","product_retailer_item_id":"5308","product_condition":"new","geo.placename":"Tallinn","geo.position":{"lat":"59.4306504","long":"24.8095743"},"geo.region":"Estonia"},"_links":{"self":[{"href":"https:\/\/odavprint.ee\/en\/wp-json\/wp\/v2\/product\/11817"}],"collection":[{"href":"https:\/\/odavprint.ee\/en\/wp-json\/wp\/v2\/product"}],"about":[{"href":"https:\/\/odavprint.ee\/en\/wp-json\/wp\/v2\/types\/product"}],"wp:featuredmedia":[{"embeddable":true,"href":"https:\/\/odavprint.ee\/en\/wp-json\/wp\/v2\/media\/1464"}],"wp:attachment":[{"href":"https:\/\/odavprint.ee\/en\/wp-json\/wp\/v2\/media?parent=11817"}],"wp:term":[{"taxonomy":"product_cat","embeddable":true,"href":"https:\/\/odavprint.ee\/en\/wp-json\/wp\/v2\/product_cat?post=11817"},{"taxonomy":"product_tag","embeddable":true,"href":"https:\/\/odavprint.ee\/en\/wp-json\/wp\/v2\/product_tag?post=11817"}],"curies":[{"name":"wp","href":"https:\/\/api.w.org\/{rel}","templated":true}]}}