{"id":11907,"date":"2019-04-13T21:44:17","date_gmt":"2019-04-13T18:44:17","guid":{"rendered":"https:\/\/odavprint.preview.ee\/product\/c3906a-compatible-for-hp-lj5l6l31003150canon-ep-a-2-5k-standart\/"},"modified":"2025-09-05T14:19:12","modified_gmt":"2025-09-05T11:19:12","slug":"c3906a-compatible-for-hp-lj5l6l31003150canon-ep-a-2-5k-standart","status":"publish","type":"product","link":"https:\/\/odavprint.ee\/en\/product\/c3906a-compatible-for-hp-lj5l6l31003150canon-ep-a-2-5k-standart\/","title":{"rendered":"Analoog tooner HP 06A (C3906A) \/ Canon EP-A 2500 lk"},"content":{"rendered":"<p>HP LaserJet 3100, HP LaserJet 3100se, HP LaserJet 3100XI, HP LaserJet 3150, HP LaserJet 3150se, HP LaserJet 3150xi, HP LaserJet 5L, HP LaserJet 5L Xtra, HP LaserJet 5LFS, HP LaserJet 6L, HP LaserJet 6LSE, HP LaserJet 6LXI<\/p>\n","protected":false},"excerpt":{"rendered":"<p>HP LaserJet 3100, HP LaserJet 3100se, HP LaserJet 3100XI, HP LaserJet 3150, HP LaserJet 3150se, HP LaserJet 3150xi, HP LaserJet 5L, HP LaserJet 5L Xtra, HP LaserJet 5LFS, HP LaserJet 6L, HP LaserJet 6LSE, HP LaserJet 6LXI<\/p>\n","protected":false},"featured_media":2046,"template":"","meta":{"inline_featured_image":false},"product_cat":[12832],"product_tag":[13074,13075,12379,13076,13077,13078,13079,13080,13081,13082,13083,13084,13085,13086,13087,13088],"yoast_head":"<!-- This site is optimized with the Yoast SEO Premium plugin v23.0 (Yoast SEO v23.0) - https:\/\/yoast.com\/wordpress\/plugins\/seo\/ -->\n<title>Analoog tooner HP 06A (C3906A) \/ Canon EP-A 2500 lk, hea hinnaga, osta e-pood - Odav Print<\/title>\n<meta name=\"description\" content=\"Osta Analoog tooner HP 06A (C3906A) \/ Canon EP-A 2500 lk Odav Print \u260e +372 5911 9495 \u2714\ufe0f Parim hind Analoog tooner HP 06A (C3906A) \/ Canon EP-A 2500 lk jaoks \u26df Kiire kohaletoimetamine Eestis \u2b50 Garanteeritud\" \/>\n<meta name=\"robots\" content=\"index, follow, max-snippet:-1, max-image-preview:large, max-video-preview:-1\" \/>\n<link rel=\"canonical\" href=\"https:\/\/odavprint.ee\/en\/product\/c3906a-compatible-for-hp-lj5l6l31003150canon-ep-a-2-5k-standart\/\" \/>\n<meta property=\"og:locale\" content=\"en_US\" \/>\n<meta property=\"og:type\" content=\"article\" \/>\n<meta property=\"og:title\" content=\"Analoog tooner HP 06A (C3906A) \/ Canon EP-A 2500 lk\" \/>\n<meta property=\"og:description\" content=\"Osta Analoog tooner HP 06A (C3906A) \/ Canon EP-A 2500 lk Odav Print \u260e +372 5911 9495 \u2714\ufe0f Parim hind Analoog tooner HP 06A (C3906A) \/ Canon EP-A 2500 lk jaoks \u26df Kiire kohaletoimetamine Eestis \u2b50 Garanteeritud\" \/>\n<meta property=\"og:url\" content=\"https:\/\/odavprint.ee\/en\/product\/c3906a-compatible-for-hp-lj5l6l31003150canon-ep-a-2-5k-standart\/\" \/>\n<meta property=\"og:site_name\" content=\"Odav Print\" \/>\n<meta property=\"article:modified_time\" content=\"2025-09-05T11:19:12+00:00\" \/>\n<meta property=\"og:image\" content=\"https:\/\/odavprint.ee\/wp-content\/uploads\/2018\/12\/06a.jpg\" \/>\n\t<meta property=\"og:image:width\" content=\"300\" \/>\n\t<meta property=\"og:image:height\" content=\"300\" \/>\n\t<meta property=\"og:image:type\" content=\"image\/jpeg\" \/>\n<meta name=\"twitter:card\" content=\"summary_large_image\" \/>\n<meta name=\"twitter:label1\" content=\"Price\" \/>\n\t<meta name=\"twitter:data1\" content=\"&euro;23.30\" \/>\n\t<meta name=\"twitter:label2\" content=\"Availability\" \/>\n\t<meta name=\"twitter:data2\" content=\"In stock\" \/>\n<script type=\"application\/ld+json\" class=\"yoast-schema-graph\">{\"@context\":\"https:\/\/schema.org\",\"@graph\":[{\"@type\":[\"WebPage\",\"ItemPage\"],\"@id\":\"https:\/\/odavprint.ee\/en\/product\/c3906a-compatible-for-hp-lj5l6l31003150canon-ep-a-2-5k-standart\/\",\"url\":\"https:\/\/odavprint.ee\/en\/product\/c3906a-compatible-for-hp-lj5l6l31003150canon-ep-a-2-5k-standart\/\",\"name\":\"Analoog tooner HP 06A (C3906A) \/ Canon EP-A 2500 lk, hea hinnaga, osta e-pood - Odav Print\",\"isPartOf\":{\"@id\":\"https:\/\/odavprint.ee\/en\/#website\"},\"primaryImageOfPage\":{\"@id\":\"https:\/\/odavprint.ee\/en\/product\/c3906a-compatible-for-hp-lj5l6l31003150canon-ep-a-2-5k-standart\/#primaryimage\"},\"image\":{\"@id\":\"https:\/\/odavprint.ee\/en\/product\/c3906a-compatible-for-hp-lj5l6l31003150canon-ep-a-2-5k-standart\/#primaryimage\"},\"thumbnailUrl\":\"https:\/\/odavprint.ee\/wp-content\/uploads\/2018\/12\/06a.jpg\",\"datePublished\":\"2019-04-13T18:44:17+00:00\",\"dateModified\":\"2025-09-05T11:19:12+00:00\",\"description\":\"Osta Analoog tooner HP 06A (C3906A) \/ Canon EP-A 2500 lk Odav Print \u260e +372 5911 9495 \u2714\ufe0f Parim hind Analoog tooner HP 06A (C3906A) \/ Canon EP-A 2500 lk jaoks \u26df Kiire kohaletoimetamine Eestis \u2b50 Garanteeritud\",\"breadcrumb\":{\"@id\":\"https:\/\/odavprint.ee\/en\/product\/c3906a-compatible-for-hp-lj5l6l31003150canon-ep-a-2-5k-standart\/#breadcrumb\"},\"inLanguage\":\"en-US\",\"potentialAction\":[{\"@type\":\"ReadAction\",\"target\":[\"https:\/\/odavprint.ee\/en\/product\/c3906a-compatible-for-hp-lj5l6l31003150canon-ep-a-2-5k-standart\/\"]}]},{\"@type\":\"ImageObject\",\"inLanguage\":\"en-US\",\"@id\":\"https:\/\/odavprint.ee\/en\/product\/c3906a-compatible-for-hp-lj5l6l31003150canon-ep-a-2-5k-standart\/#primaryimage\",\"url\":\"https:\/\/odavprint.ee\/wp-content\/uploads\/2018\/12\/06a.jpg\",\"contentUrl\":\"https:\/\/odavprint.ee\/wp-content\/uploads\/2018\/12\/06a.jpg\",\"width\":300,\"height\":300},{\"@type\":\"BreadcrumbList\",\"@id\":\"https:\/\/odavprint.ee\/en\/product\/c3906a-compatible-for-hp-lj5l6l31003150canon-ep-a-2-5k-standart\/#breadcrumb\",\"itemListElement\":[{\"@type\":\"ListItem\",\"position\":1,\"name\":\"Home\",\"item\":\"https:\/\/odavprint.ee\/en\/\"},{\"@type\":\"ListItem\",\"position\":2,\"name\":\"Shop\",\"item\":\"https:\/\/odavprint.ee\/en\/shop\/\"},{\"@type\":\"ListItem\",\"position\":3,\"name\":\"Analoog tooner HP 06A (C3906A) \/ Canon EP-A 2500 lk\"}]},{\"@type\":\"WebSite\",\"@id\":\"https:\/\/odavprint.ee\/en\/#website\",\"url\":\"https:\/\/odavprint.ee\/en\/\",\"name\":\"Odav Print\",\"description\":\"Just another WordPress site\",\"publisher\":{\"@id\":\"https:\/\/odavprint.ee\/en\/#organization\"},\"alternateName\":\"Kassettide, toonerite t\u00e4itmine ja m\u00fc\u00fck.\",\"potentialAction\":[{\"@type\":\"SearchAction\",\"target\":{\"@type\":\"EntryPoint\",\"urlTemplate\":\"https:\/\/odavprint.ee\/en\/?s={search_term_string}\"},\"query-input\":\"required name=search_term_string\"}],\"inLanguage\":\"en-US\"},{\"@type\":[\"Organization\",\"Place\"],\"@id\":\"https:\/\/odavprint.ee\/en\/#organization\",\"name\":\"Odav Print O\u00dc\",\"url\":\"https:\/\/odavprint.ee\/en\/\",\"logo\":{\"@id\":\"https:\/\/odavprint.ee\/en\/product\/c3906a-compatible-for-hp-lj5l6l31003150canon-ep-a-2-5k-standart\/#local-main-organization-logo\"},\"image\":{\"@id\":\"https:\/\/odavprint.ee\/en\/product\/c3906a-compatible-for-hp-lj5l6l31003150canon-ep-a-2-5k-standart\/#local-main-organization-logo\"},\"address\":{\"@id\":\"https:\/\/odavprint.ee\/en\/product\/c3906a-compatible-for-hp-lj5l6l31003150canon-ep-a-2-5k-standart\/#local-main-place-address\"},\"geo\":{\"@type\":\"GeoCoordinates\",\"latitude\":\"59.4306504\",\"longitude\":\"24.8095743\"},\"telephone\":[\"53836926\"],\"openingHoursSpecification\":[{\"@type\":\"OpeningHoursSpecification\",\"dayOfWeek\":[\"Monday\",\"Tuesday\",\"Wednesday\",\"Thursday\",\"Friday\",\"Saturday\",\"Sunday\"],\"opens\":\"09:00\",\"closes\":\"17:00\"}],\"email\":\"info@odavprint.eu\"},{\"@type\":\"PostalAddress\",\"@id\":\"https:\/\/odavprint.ee\/en\/product\/c3906a-compatible-for-hp-lj5l6l31003150canon-ep-a-2-5k-standart\/#local-main-place-address\",\"streetAddress\":\"Pae tn 28\",\"addressLocality\":\"Tallinn\",\"postalCode\":\"11415\",\"addressRegion\":\"Harjumaa\",\"addressCountry\":\"EE\"},{\"@type\":\"ImageObject\",\"inLanguage\":\"en-US\",\"@id\":\"https:\/\/odavprint.ee\/en\/product\/c3906a-compatible-for-hp-lj5l6l31003150canon-ep-a-2-5k-standart\/#local-main-organization-logo\",\"url\":\"https:\/\/odavprint.ee\/wp-content\/uploads\/2018\/10\/odavprint-logo-240.jpg\",\"contentUrl\":\"https:\/\/odavprint.ee\/wp-content\/uploads\/2018\/10\/odavprint-logo-240.jpg\",\"width\":240,\"height\":36,\"caption\":\"Odav Print O\u00dc\"}]}<\/script>\n<meta property=\"product:price:amount\" content=\"23.30\" \/>\n<meta property=\"product:price:currency\" content=\"EUR\" \/>\n<meta property=\"og:availability\" content=\"instock\" \/>\n<meta property=\"product:availability\" content=\"instock\" \/>\n<meta property=\"product:retailer_item_id\" content=\"359\" \/>\n<meta property=\"product:condition\" content=\"new\" \/>\n<meta name=\"geo.placename\" content=\"Tallinn\" \/>\n<meta name=\"geo.position\" content=\"59.4306504;24.8095743\" \/>\n<meta name=\"geo.region\" content=\"Estonia\" \/>\n<!-- \/ Yoast SEO Premium plugin. -->","yoast_head_json":{"title":"Analoog tooner HP 06A (C3906A) \/ Canon EP-A 2500 lk, hea hinnaga, osta e-pood - Odav Print","description":"Osta Analoog tooner HP 06A (C3906A) \/ Canon EP-A 2500 lk Odav Print \u260e +372 5911 9495 \u2714\ufe0f Parim hind Analoog tooner HP 06A (C3906A) \/ Canon EP-A 2500 lk jaoks \u26df Kiire kohaletoimetamine Eestis \u2b50 Garanteeritud","robots":{"index":"index","follow":"follow","max-snippet":"max-snippet:-1","max-image-preview":"max-image-preview:large","max-video-preview":"max-video-preview:-1"},"canonical":"https:\/\/odavprint.ee\/en\/product\/c3906a-compatible-for-hp-lj5l6l31003150canon-ep-a-2-5k-standart\/","og_locale":"en_US","og_type":"article","og_title":"Analoog tooner HP 06A (C3906A) \/ Canon EP-A 2500 lk","og_description":"Osta Analoog tooner HP 06A (C3906A) \/ Canon EP-A 2500 lk Odav Print \u260e +372 5911 9495 \u2714\ufe0f Parim hind Analoog tooner HP 06A (C3906A) \/ Canon EP-A 2500 lk jaoks \u26df Kiire kohaletoimetamine Eestis \u2b50 Garanteeritud","og_url":"https:\/\/odavprint.ee\/en\/product\/c3906a-compatible-for-hp-lj5l6l31003150canon-ep-a-2-5k-standart\/","og_site_name":"Odav Print","article_modified_time":"2025-09-05T11:19:12+00:00","og_image":[{"width":300,"height":300,"url":"https:\/\/odavprint.ee\/wp-content\/uploads\/2018\/12\/06a.jpg","type":"image\/jpeg"}],"twitter_card":"summary_large_image","twitter_misc":{"Price":"&euro;23.30","Availability":"In stock"},"schema":{"@context":"https:\/\/schema.org","@graph":[{"@type":["WebPage","ItemPage"],"@id":"https:\/\/odavprint.ee\/en\/product\/c3906a-compatible-for-hp-lj5l6l31003150canon-ep-a-2-5k-standart\/","url":"https:\/\/odavprint.ee\/en\/product\/c3906a-compatible-for-hp-lj5l6l31003150canon-ep-a-2-5k-standart\/","name":"Analoog tooner HP 06A (C3906A) \/ Canon EP-A 2500 lk, hea hinnaga, osta e-pood - Odav Print","isPartOf":{"@id":"https:\/\/odavprint.ee\/en\/#website"},"primaryImageOfPage":{"@id":"https:\/\/odavprint.ee\/en\/product\/c3906a-compatible-for-hp-lj5l6l31003150canon-ep-a-2-5k-standart\/#primaryimage"},"image":{"@id":"https:\/\/odavprint.ee\/en\/product\/c3906a-compatible-for-hp-lj5l6l31003150canon-ep-a-2-5k-standart\/#primaryimage"},"thumbnailUrl":"https:\/\/odavprint.ee\/wp-content\/uploads\/2018\/12\/06a.jpg","datePublished":"2019-04-13T18:44:17+00:00","dateModified":"2025-09-05T11:19:12+00:00","description":"Osta Analoog tooner HP 06A (C3906A) \/ Canon EP-A 2500 lk Odav Print \u260e +372 5911 9495 \u2714\ufe0f Parim hind Analoog tooner HP 06A (C3906A) \/ Canon EP-A 2500 lk jaoks \u26df Kiire kohaletoimetamine Eestis \u2b50 Garanteeritud","breadcrumb":{"@id":"https:\/\/odavprint.ee\/en\/product\/c3906a-compatible-for-hp-lj5l6l31003150canon-ep-a-2-5k-standart\/#breadcrumb"},"inLanguage":"en-US","potentialAction":[{"@type":"ReadAction","target":["https:\/\/odavprint.ee\/en\/product\/c3906a-compatible-for-hp-lj5l6l31003150canon-ep-a-2-5k-standart\/"]}]},{"@type":"ImageObject","inLanguage":"en-US","@id":"https:\/\/odavprint.ee\/en\/product\/c3906a-compatible-for-hp-lj5l6l31003150canon-ep-a-2-5k-standart\/#primaryimage","url":"https:\/\/odavprint.ee\/wp-content\/uploads\/2018\/12\/06a.jpg","contentUrl":"https:\/\/odavprint.ee\/wp-content\/uploads\/2018\/12\/06a.jpg","width":300,"height":300},{"@type":"BreadcrumbList","@id":"https:\/\/odavprint.ee\/en\/product\/c3906a-compatible-for-hp-lj5l6l31003150canon-ep-a-2-5k-standart\/#breadcrumb","itemListElement":[{"@type":"ListItem","position":1,"name":"Home","item":"https:\/\/odavprint.ee\/en\/"},{"@type":"ListItem","position":2,"name":"Shop","item":"https:\/\/odavprint.ee\/en\/shop\/"},{"@type":"ListItem","position":3,"name":"Analoog tooner HP 06A (C3906A) \/ Canon EP-A 2500 lk"}]},{"@type":"WebSite","@id":"https:\/\/odavprint.ee\/en\/#website","url":"https:\/\/odavprint.ee\/en\/","name":"Odav Print","description":"Just another WordPress site","publisher":{"@id":"https:\/\/odavprint.ee\/en\/#organization"},"alternateName":"Kassettide, toonerite t\u00e4itmine ja m\u00fc\u00fck.","potentialAction":[{"@type":"SearchAction","target":{"@type":"EntryPoint","urlTemplate":"https:\/\/odavprint.ee\/en\/?s={search_term_string}"},"query-input":"required name=search_term_string"}],"inLanguage":"en-US"},{"@type":["Organization","Place"],"@id":"https:\/\/odavprint.ee\/en\/#organization","name":"Odav Print O\u00dc","url":"https:\/\/odavprint.ee\/en\/","logo":{"@id":"https:\/\/odavprint.ee\/en\/product\/c3906a-compatible-for-hp-lj5l6l31003150canon-ep-a-2-5k-standart\/#local-main-organization-logo"},"image":{"@id":"https:\/\/odavprint.ee\/en\/product\/c3906a-compatible-for-hp-lj5l6l31003150canon-ep-a-2-5k-standart\/#local-main-organization-logo"},"address":{"@id":"https:\/\/odavprint.ee\/en\/product\/c3906a-compatible-for-hp-lj5l6l31003150canon-ep-a-2-5k-standart\/#local-main-place-address"},"geo":{"@type":"GeoCoordinates","latitude":"59.4306504","longitude":"24.8095743"},"telephone":["53836926"],"openingHoursSpecification":[{"@type":"OpeningHoursSpecification","dayOfWeek":["Monday","Tuesday","Wednesday","Thursday","Friday","Saturday","Sunday"],"opens":"09:00","closes":"17:00"}],"email":"info@odavprint.eu"},{"@type":"PostalAddress","@id":"https:\/\/odavprint.ee\/en\/product\/c3906a-compatible-for-hp-lj5l6l31003150canon-ep-a-2-5k-standart\/#local-main-place-address","streetAddress":"Pae tn 28","addressLocality":"Tallinn","postalCode":"11415","addressRegion":"Harjumaa","addressCountry":"EE"},{"@type":"ImageObject","inLanguage":"en-US","@id":"https:\/\/odavprint.ee\/en\/product\/c3906a-compatible-for-hp-lj5l6l31003150canon-ep-a-2-5k-standart\/#local-main-organization-logo","url":"https:\/\/odavprint.ee\/wp-content\/uploads\/2018\/10\/odavprint-logo-240.jpg","contentUrl":"https:\/\/odavprint.ee\/wp-content\/uploads\/2018\/10\/odavprint-logo-240.jpg","width":240,"height":36,"caption":"Odav Print O\u00dc"}]},"product_price_amount":"23.30","product_price_currency":"EUR","og_availability":"instock","product_availability":"instock","product_retailer_item_id":"359","product_condition":"new","geo.placename":"Tallinn","geo.position":{"lat":"59.4306504","long":"24.8095743"},"geo.region":"Estonia"},"_links":{"self":[{"href":"https:\/\/odavprint.ee\/en\/wp-json\/wp\/v2\/product\/11907"}],"collection":[{"href":"https:\/\/odavprint.ee\/en\/wp-json\/wp\/v2\/product"}],"about":[{"href":"https:\/\/odavprint.ee\/en\/wp-json\/wp\/v2\/types\/product"}],"wp:featuredmedia":[{"embeddable":true,"href":"https:\/\/odavprint.ee\/en\/wp-json\/wp\/v2\/media\/2046"}],"wp:attachment":[{"href":"https:\/\/odavprint.ee\/en\/wp-json\/wp\/v2\/media?parent=11907"}],"wp:term":[{"taxonomy":"product_cat","embeddable":true,"href":"https:\/\/odavprint.ee\/en\/wp-json\/wp\/v2\/product_cat?post=11907"},{"taxonomy":"product_tag","embeddable":true,"href":"https:\/\/odavprint.ee\/en\/wp-json\/wp\/v2\/product_tag?post=11907"}],"curies":[{"name":"wp","href":"https:\/\/api.w.org\/{rel}","templated":true}]}}