{"id":11976,"date":"2019-04-13T21:44:51","date_gmt":"2019-04-13T18:44:51","guid":{"rendered":"https:\/\/odavprint.preview.ee\/product\/ce320a-128a-compatible-for-hp-lj-cp1525cm1415-2k-bk-standart\/"},"modified":"2022-09-20T11:57:58","modified_gmt":"2022-09-20T08:57:58","slug":"ce320a-128a-compatible-for-hp-lj-cp1525cm1415-2k-bk-standart","status":"publish","type":"product","link":"https:\/\/odavprint.ee\/en\/product\/ce320a-128a-compatible-for-hp-lj-cp1525cm1415-2k-bk-standart\/","title":{"rendered":"Tooner CE320A (128A) Compatible for HP LJ CP1525\/CM1415 2000 lk Black"},"content":{"rendered":"<p>Hp Color LaserJet CP1525, HP Colour Laserjet CM 1415, HP Colour Laserjet Pro CM1415, HP Colour Laserjet CM1410, HP Colour Laserjet Pro CP 1525, HP Laserjet 1521, HP Laserjet 1522, HP Laserjet 1523, HP Laserjet 1526, HP Laserjet 1527, HP Laserjet 1528, HP Laserjet CM1415, HP Laserjet Pro CM1415fn, HP Laserjet Pro CM1415fnw, HP Laserjet Pro CP1525n, HP Laserjet Pro CP1525, HP Laserjet Pro CP1525NW<\/p>\n","protected":false},"excerpt":{"rendered":"<p>Hp Color LaserJet CP1525, HP Colour Laserjet CM 1415, HP Colour Laserjet Pro CM1415, HP Colour Laserjet CM1410, HP Colour Laserjet Pro CP 1525, HP Laserjet 1521, HP Laserjet 1522, HP Laserjet 1523, HP Laserjet 1526, HP Laserjet 1527, HP Laserjet 1528, HP Laserjet CM1415, HP Laserjet Pro CM1415fn, HP Laserjet Pro CM1415fnw, HP Laserjet [&#8230;]\n","protected":false},"featured_media":2180,"template":"","meta":{"inline_featured_image":false},"product_cat":[12832],"product_tag":[13391,13392,13393,13394,13395,13396,13397,13398,13399,13400,13401,13402,13403,13404,13405,13406,13407],"yoast_head":"<!-- This site is optimized with the Yoast SEO Premium plugin v23.0 (Yoast SEO v23.0) - https:\/\/yoast.com\/wordpress\/plugins\/seo\/ -->\n<title>Tooner CE320A (128A) Compatible for HP LJ CP1525\/CM1415 2000 lk Black, hea hinnaga, osta e-pood - Odav Print<\/title>\n<meta name=\"description\" content=\"Osta Tooner CE320A (128A) Compatible for HP LJ CP1525\/CM1415 2000 lk Black Odav Print \u260e +372 5911 9495 \u2714\ufe0f Parim hind Tooner CE320A (128A) Compatible for HP LJ CP1525\/CM1415 2000 lk Black jaoks \u26df Kiire kohaletoimetamine Eestis \u2b50 Garanteeritud\" \/>\n<meta name=\"robots\" content=\"index, follow, max-snippet:-1, max-image-preview:large, max-video-preview:-1\" \/>\n<link rel=\"canonical\" href=\"https:\/\/odavprint.ee\/en\/product\/ce320a-128a-compatible-for-hp-lj-cp1525cm1415-2k-bk-standart\/\" \/>\n<meta property=\"og:locale\" content=\"en_US\" \/>\n<meta property=\"og:type\" content=\"article\" \/>\n<meta property=\"og:title\" content=\"Tooner CE320A (128A) Compatible for HP LJ CP1525\/CM1415 2000 lk Black\" \/>\n<meta property=\"og:description\" content=\"Osta Tooner CE320A (128A) Compatible for HP LJ CP1525\/CM1415 2000 lk Black Odav Print \u260e +372 5911 9495 \u2714\ufe0f Parim hind Tooner CE320A (128A) Compatible for HP LJ CP1525\/CM1415 2000 lk Black jaoks \u26df Kiire kohaletoimetamine Eestis \u2b50 Garanteeritud\" \/>\n<meta property=\"og:url\" content=\"https:\/\/odavprint.ee\/en\/product\/ce320a-128a-compatible-for-hp-lj-cp1525cm1415-2k-bk-standart\/\" \/>\n<meta property=\"og:site_name\" content=\"Odav Print\" \/>\n<meta property=\"article:modified_time\" content=\"2022-09-20T08:57:58+00:00\" \/>\n<meta property=\"og:image\" content=\"https:\/\/odavprint.ee\/wp-content\/uploads\/2018\/12\/ce320a6.jpg\" \/>\n\t<meta property=\"og:image:width\" content=\"300\" \/>\n\t<meta property=\"og:image:height\" content=\"300\" \/>\n\t<meta property=\"og:image:type\" content=\"image\/jpeg\" \/>\n<meta name=\"twitter:card\" content=\"summary_large_image\" \/>\n<meta name=\"twitter:label1\" content=\"Price\" \/>\n\t<meta name=\"twitter:data1\" content=\"&euro;21.20\" \/>\n\t<meta name=\"twitter:label2\" content=\"Availability\" \/>\n\t<meta name=\"twitter:data2\" content=\"In stock\" \/>\n<script type=\"application\/ld+json\" class=\"yoast-schema-graph\">{\"@context\":\"https:\/\/schema.org\",\"@graph\":[{\"@type\":[\"WebPage\",\"ItemPage\"],\"@id\":\"https:\/\/odavprint.ee\/en\/product\/ce320a-128a-compatible-for-hp-lj-cp1525cm1415-2k-bk-standart\/\",\"url\":\"https:\/\/odavprint.ee\/en\/product\/ce320a-128a-compatible-for-hp-lj-cp1525cm1415-2k-bk-standart\/\",\"name\":\"Tooner CE320A (128A) Compatible for HP LJ CP1525\/CM1415 2000 lk Black, hea hinnaga, osta e-pood - Odav Print\",\"isPartOf\":{\"@id\":\"https:\/\/odavprint.ee\/en\/#website\"},\"primaryImageOfPage\":{\"@id\":\"https:\/\/odavprint.ee\/en\/product\/ce320a-128a-compatible-for-hp-lj-cp1525cm1415-2k-bk-standart\/#primaryimage\"},\"image\":{\"@id\":\"https:\/\/odavprint.ee\/en\/product\/ce320a-128a-compatible-for-hp-lj-cp1525cm1415-2k-bk-standart\/#primaryimage\"},\"thumbnailUrl\":\"https:\/\/odavprint.ee\/wp-content\/uploads\/2018\/12\/ce320a6.jpg\",\"datePublished\":\"2019-04-13T18:44:51+00:00\",\"dateModified\":\"2022-09-20T08:57:58+00:00\",\"description\":\"Osta Tooner CE320A (128A) Compatible for HP LJ CP1525\/CM1415 2000 lk Black Odav Print \u260e +372 5911 9495 \u2714\ufe0f Parim hind Tooner CE320A (128A) Compatible for HP LJ CP1525\/CM1415 2000 lk Black jaoks \u26df Kiire kohaletoimetamine Eestis \u2b50 Garanteeritud\",\"breadcrumb\":{\"@id\":\"https:\/\/odavprint.ee\/en\/product\/ce320a-128a-compatible-for-hp-lj-cp1525cm1415-2k-bk-standart\/#breadcrumb\"},\"inLanguage\":\"en-US\",\"potentialAction\":[{\"@type\":\"ReadAction\",\"target\":[\"https:\/\/odavprint.ee\/en\/product\/ce320a-128a-compatible-for-hp-lj-cp1525cm1415-2k-bk-standart\/\"]}]},{\"@type\":\"ImageObject\",\"inLanguage\":\"en-US\",\"@id\":\"https:\/\/odavprint.ee\/en\/product\/ce320a-128a-compatible-for-hp-lj-cp1525cm1415-2k-bk-standart\/#primaryimage\",\"url\":\"https:\/\/odavprint.ee\/wp-content\/uploads\/2018\/12\/ce320a6.jpg\",\"contentUrl\":\"https:\/\/odavprint.ee\/wp-content\/uploads\/2018\/12\/ce320a6.jpg\",\"width\":300,\"height\":300},{\"@type\":\"BreadcrumbList\",\"@id\":\"https:\/\/odavprint.ee\/en\/product\/ce320a-128a-compatible-for-hp-lj-cp1525cm1415-2k-bk-standart\/#breadcrumb\",\"itemListElement\":[{\"@type\":\"ListItem\",\"position\":1,\"name\":\"Home\",\"item\":\"https:\/\/odavprint.ee\/en\/\"},{\"@type\":\"ListItem\",\"position\":2,\"name\":\"Shop\",\"item\":\"https:\/\/odavprint.ee\/en\/shop\/\"},{\"@type\":\"ListItem\",\"position\":3,\"name\":\"Tooner CE320A (128A) Compatible for HP LJ CP1525\/CM1415 2000 lk Black\"}]},{\"@type\":\"WebSite\",\"@id\":\"https:\/\/odavprint.ee\/en\/#website\",\"url\":\"https:\/\/odavprint.ee\/en\/\",\"name\":\"Odav Print\",\"description\":\"Just another WordPress site\",\"publisher\":{\"@id\":\"https:\/\/odavprint.ee\/en\/#organization\"},\"alternateName\":\"Kassettide, toonerite t\u00e4itmine ja m\u00fc\u00fck.\",\"potentialAction\":[{\"@type\":\"SearchAction\",\"target\":{\"@type\":\"EntryPoint\",\"urlTemplate\":\"https:\/\/odavprint.ee\/en\/?s={search_term_string}\"},\"query-input\":\"required name=search_term_string\"}],\"inLanguage\":\"en-US\"},{\"@type\":[\"Organization\",\"Place\"],\"@id\":\"https:\/\/odavprint.ee\/en\/#organization\",\"name\":\"Odav Print O\u00dc\",\"url\":\"https:\/\/odavprint.ee\/en\/\",\"logo\":{\"@id\":\"https:\/\/odavprint.ee\/en\/product\/ce320a-128a-compatible-for-hp-lj-cp1525cm1415-2k-bk-standart\/#local-main-organization-logo\"},\"image\":{\"@id\":\"https:\/\/odavprint.ee\/en\/product\/ce320a-128a-compatible-for-hp-lj-cp1525cm1415-2k-bk-standart\/#local-main-organization-logo\"},\"address\":{\"@id\":\"https:\/\/odavprint.ee\/en\/product\/ce320a-128a-compatible-for-hp-lj-cp1525cm1415-2k-bk-standart\/#local-main-place-address\"},\"geo\":{\"@type\":\"GeoCoordinates\",\"latitude\":\"59.4306504\",\"longitude\":\"24.8095743\"},\"telephone\":[\"53836926\"],\"openingHoursSpecification\":[{\"@type\":\"OpeningHoursSpecification\",\"dayOfWeek\":[\"Monday\",\"Tuesday\",\"Wednesday\",\"Thursday\",\"Friday\",\"Saturday\",\"Sunday\"],\"opens\":\"09:00\",\"closes\":\"17:00\"}],\"email\":\"info@odavprint.eu\"},{\"@type\":\"PostalAddress\",\"@id\":\"https:\/\/odavprint.ee\/en\/product\/ce320a-128a-compatible-for-hp-lj-cp1525cm1415-2k-bk-standart\/#local-main-place-address\",\"streetAddress\":\"Pae tn 28\",\"addressLocality\":\"Tallinn\",\"postalCode\":\"11415\",\"addressRegion\":\"Harjumaa\",\"addressCountry\":\"EE\"},{\"@type\":\"ImageObject\",\"inLanguage\":\"en-US\",\"@id\":\"https:\/\/odavprint.ee\/en\/product\/ce320a-128a-compatible-for-hp-lj-cp1525cm1415-2k-bk-standart\/#local-main-organization-logo\",\"url\":\"https:\/\/odavprint.ee\/wp-content\/uploads\/2018\/10\/odavprint-logo-240.jpg\",\"contentUrl\":\"https:\/\/odavprint.ee\/wp-content\/uploads\/2018\/10\/odavprint-logo-240.jpg\",\"width\":240,\"height\":36,\"caption\":\"Odav Print O\u00dc\"}]}<\/script>\n<meta property=\"product:price:amount\" content=\"21.20\" \/>\n<meta property=\"product:price:currency\" content=\"EUR\" \/>\n<meta property=\"og:availability\" content=\"instock\" \/>\n<meta property=\"product:availability\" content=\"instock\" \/>\n<meta property=\"product:retailer_item_id\" content=\"5541\" \/>\n<meta property=\"product:condition\" content=\"new\" \/>\n<meta name=\"geo.placename\" content=\"Tallinn\" \/>\n<meta name=\"geo.position\" content=\"59.4306504;24.8095743\" \/>\n<meta name=\"geo.region\" content=\"Estonia\" \/>\n<!-- \/ Yoast SEO Premium plugin. -->","yoast_head_json":{"title":"Tooner CE320A (128A) Compatible for HP LJ CP1525\/CM1415 2000 lk Black, hea hinnaga, osta e-pood - Odav Print","description":"Osta Tooner CE320A (128A) Compatible for HP LJ CP1525\/CM1415 2000 lk Black Odav Print \u260e +372 5911 9495 \u2714\ufe0f Parim hind Tooner CE320A (128A) Compatible for HP LJ CP1525\/CM1415 2000 lk Black jaoks \u26df Kiire kohaletoimetamine Eestis \u2b50 Garanteeritud","robots":{"index":"index","follow":"follow","max-snippet":"max-snippet:-1","max-image-preview":"max-image-preview:large","max-video-preview":"max-video-preview:-1"},"canonical":"https:\/\/odavprint.ee\/en\/product\/ce320a-128a-compatible-for-hp-lj-cp1525cm1415-2k-bk-standart\/","og_locale":"en_US","og_type":"article","og_title":"Tooner CE320A (128A) Compatible for HP LJ CP1525\/CM1415 2000 lk Black","og_description":"Osta Tooner CE320A (128A) Compatible for HP LJ CP1525\/CM1415 2000 lk Black Odav Print \u260e +372 5911 9495 \u2714\ufe0f Parim hind Tooner CE320A (128A) Compatible for HP LJ CP1525\/CM1415 2000 lk Black jaoks \u26df Kiire kohaletoimetamine Eestis \u2b50 Garanteeritud","og_url":"https:\/\/odavprint.ee\/en\/product\/ce320a-128a-compatible-for-hp-lj-cp1525cm1415-2k-bk-standart\/","og_site_name":"Odav Print","article_modified_time":"2022-09-20T08:57:58+00:00","og_image":[{"width":300,"height":300,"url":"https:\/\/odavprint.ee\/wp-content\/uploads\/2018\/12\/ce320a6.jpg","type":"image\/jpeg"}],"twitter_card":"summary_large_image","twitter_misc":{"Price":"&euro;21.20","Availability":"In stock"},"schema":{"@context":"https:\/\/schema.org","@graph":[{"@type":["WebPage","ItemPage"],"@id":"https:\/\/odavprint.ee\/en\/product\/ce320a-128a-compatible-for-hp-lj-cp1525cm1415-2k-bk-standart\/","url":"https:\/\/odavprint.ee\/en\/product\/ce320a-128a-compatible-for-hp-lj-cp1525cm1415-2k-bk-standart\/","name":"Tooner CE320A (128A) Compatible for HP LJ CP1525\/CM1415 2000 lk Black, hea hinnaga, osta e-pood - Odav Print","isPartOf":{"@id":"https:\/\/odavprint.ee\/en\/#website"},"primaryImageOfPage":{"@id":"https:\/\/odavprint.ee\/en\/product\/ce320a-128a-compatible-for-hp-lj-cp1525cm1415-2k-bk-standart\/#primaryimage"},"image":{"@id":"https:\/\/odavprint.ee\/en\/product\/ce320a-128a-compatible-for-hp-lj-cp1525cm1415-2k-bk-standart\/#primaryimage"},"thumbnailUrl":"https:\/\/odavprint.ee\/wp-content\/uploads\/2018\/12\/ce320a6.jpg","datePublished":"2019-04-13T18:44:51+00:00","dateModified":"2022-09-20T08:57:58+00:00","description":"Osta Tooner CE320A (128A) Compatible for HP LJ CP1525\/CM1415 2000 lk Black Odav Print \u260e +372 5911 9495 \u2714\ufe0f Parim hind Tooner CE320A (128A) Compatible for HP LJ CP1525\/CM1415 2000 lk Black jaoks \u26df Kiire kohaletoimetamine Eestis \u2b50 Garanteeritud","breadcrumb":{"@id":"https:\/\/odavprint.ee\/en\/product\/ce320a-128a-compatible-for-hp-lj-cp1525cm1415-2k-bk-standart\/#breadcrumb"},"inLanguage":"en-US","potentialAction":[{"@type":"ReadAction","target":["https:\/\/odavprint.ee\/en\/product\/ce320a-128a-compatible-for-hp-lj-cp1525cm1415-2k-bk-standart\/"]}]},{"@type":"ImageObject","inLanguage":"en-US","@id":"https:\/\/odavprint.ee\/en\/product\/ce320a-128a-compatible-for-hp-lj-cp1525cm1415-2k-bk-standart\/#primaryimage","url":"https:\/\/odavprint.ee\/wp-content\/uploads\/2018\/12\/ce320a6.jpg","contentUrl":"https:\/\/odavprint.ee\/wp-content\/uploads\/2018\/12\/ce320a6.jpg","width":300,"height":300},{"@type":"BreadcrumbList","@id":"https:\/\/odavprint.ee\/en\/product\/ce320a-128a-compatible-for-hp-lj-cp1525cm1415-2k-bk-standart\/#breadcrumb","itemListElement":[{"@type":"ListItem","position":1,"name":"Home","item":"https:\/\/odavprint.ee\/en\/"},{"@type":"ListItem","position":2,"name":"Shop","item":"https:\/\/odavprint.ee\/en\/shop\/"},{"@type":"ListItem","position":3,"name":"Tooner CE320A (128A) Compatible for HP LJ CP1525\/CM1415 2000 lk Black"}]},{"@type":"WebSite","@id":"https:\/\/odavprint.ee\/en\/#website","url":"https:\/\/odavprint.ee\/en\/","name":"Odav Print","description":"Just another WordPress site","publisher":{"@id":"https:\/\/odavprint.ee\/en\/#organization"},"alternateName":"Kassettide, toonerite t\u00e4itmine ja m\u00fc\u00fck.","potentialAction":[{"@type":"SearchAction","target":{"@type":"EntryPoint","urlTemplate":"https:\/\/odavprint.ee\/en\/?s={search_term_string}"},"query-input":"required name=search_term_string"}],"inLanguage":"en-US"},{"@type":["Organization","Place"],"@id":"https:\/\/odavprint.ee\/en\/#organization","name":"Odav Print O\u00dc","url":"https:\/\/odavprint.ee\/en\/","logo":{"@id":"https:\/\/odavprint.ee\/en\/product\/ce320a-128a-compatible-for-hp-lj-cp1525cm1415-2k-bk-standart\/#local-main-organization-logo"},"image":{"@id":"https:\/\/odavprint.ee\/en\/product\/ce320a-128a-compatible-for-hp-lj-cp1525cm1415-2k-bk-standart\/#local-main-organization-logo"},"address":{"@id":"https:\/\/odavprint.ee\/en\/product\/ce320a-128a-compatible-for-hp-lj-cp1525cm1415-2k-bk-standart\/#local-main-place-address"},"geo":{"@type":"GeoCoordinates","latitude":"59.4306504","longitude":"24.8095743"},"telephone":["53836926"],"openingHoursSpecification":[{"@type":"OpeningHoursSpecification","dayOfWeek":["Monday","Tuesday","Wednesday","Thursday","Friday","Saturday","Sunday"],"opens":"09:00","closes":"17:00"}],"email":"info@odavprint.eu"},{"@type":"PostalAddress","@id":"https:\/\/odavprint.ee\/en\/product\/ce320a-128a-compatible-for-hp-lj-cp1525cm1415-2k-bk-standart\/#local-main-place-address","streetAddress":"Pae tn 28","addressLocality":"Tallinn","postalCode":"11415","addressRegion":"Harjumaa","addressCountry":"EE"},{"@type":"ImageObject","inLanguage":"en-US","@id":"https:\/\/odavprint.ee\/en\/product\/ce320a-128a-compatible-for-hp-lj-cp1525cm1415-2k-bk-standart\/#local-main-organization-logo","url":"https:\/\/odavprint.ee\/wp-content\/uploads\/2018\/10\/odavprint-logo-240.jpg","contentUrl":"https:\/\/odavprint.ee\/wp-content\/uploads\/2018\/10\/odavprint-logo-240.jpg","width":240,"height":36,"caption":"Odav Print O\u00dc"}]},"product_price_amount":"21.20","product_price_currency":"EUR","og_availability":"instock","product_availability":"instock","product_retailer_item_id":"5541","product_condition":"new","geo.placename":"Tallinn","geo.position":{"lat":"59.4306504","long":"24.8095743"},"geo.region":"Estonia"},"_links":{"self":[{"href":"https:\/\/odavprint.ee\/en\/wp-json\/wp\/v2\/product\/11976"}],"collection":[{"href":"https:\/\/odavprint.ee\/en\/wp-json\/wp\/v2\/product"}],"about":[{"href":"https:\/\/odavprint.ee\/en\/wp-json\/wp\/v2\/types\/product"}],"wp:featuredmedia":[{"embeddable":true,"href":"https:\/\/odavprint.ee\/en\/wp-json\/wp\/v2\/media\/2180"}],"wp:attachment":[{"href":"https:\/\/odavprint.ee\/en\/wp-json\/wp\/v2\/media?parent=11976"}],"wp:term":[{"taxonomy":"product_cat","embeddable":true,"href":"https:\/\/odavprint.ee\/en\/wp-json\/wp\/v2\/product_cat?post=11976"},{"taxonomy":"product_tag","embeddable":true,"href":"https:\/\/odavprint.ee\/en\/wp-json\/wp\/v2\/product_tag?post=11976"}],"curies":[{"name":"wp","href":"https:\/\/api.w.org\/{rel}","templated":true}]}}