{"id":12006,"date":"2019-04-13T21:45:15","date_gmt":"2019-04-13T18:45:15","guid":{"rendered":"https:\/\/odavprint.preview.ee\/product\/ce390x-compatible-for-hp-lj-m4555hm4555f-24k-standart\/"},"modified":"2022-03-01T11:45:06","modified_gmt":"2022-03-01T09:45:06","slug":"ce390x-compatible-for-hp-lj-m4555hm4555f-24k-standart","status":"publish","type":"product","link":"https:\/\/odavprint.ee\/en\/product\/ce390x-compatible-for-hp-lj-m4555hm4555f-24k-standart\/","title":{"rendered":"Tooner CE390X Compatible for HP LJ M4555h\/M4555f 24000 lk"},"content":{"rendered":"<p>HP Laserjet Enterprise 600 M601dn, HP Laserjet Enterprise 600 M601n, HP Laserjet Enterprise 600 M602dn, HP Laserjet Enterprise 600 M602n, HP Laserjet Enterprise 600 m602x, HP Laserjet Enterprise 600 M603, HP Laserjet Enterprise 600 M603xh, HP Laserjet Enterprise 600 M603dn, HP Laserjet Enterprise 600 M603n, HP Laserjet Enterprise M600, HP Laserjet Enterprise M602, HP Laserjet Enterprise M603, HP Laserjet Enterprise M4555 MFP, HP Laserjet Enterprise M4555f MFP, HP Laserjet Enterprise M4555fskm MFP, HP Laserjet Enterprise M4555h MFP, HP Laserjet M4555dn, HP Laserjet M4555<\/p>\n","protected":false},"excerpt":{"rendered":"<p>HP Laserjet Enterprise 600 M601dn, HP Laserjet Enterprise 600 M601n, HP Laserjet Enterprise 600 M602dn, HP Laserjet Enterprise 600 M602n, HP Laserjet Enterprise 600 m602x, HP Laserjet Enterprise 600 M603, HP Laserjet Enterprise 600 M603xh, HP Laserjet Enterprise 600 M603dn, HP Laserjet Enterprise 600 M603n, HP Laserjet Enterprise M600, HP Laserjet Enterprise M602, HP Laserjet [&#8230;]\n","protected":false},"featured_media":2239,"template":"","meta":{"inline_featured_image":false},"product_cat":[12832],"product_tag":[13472,13473,13474,13475,13476,13477,13478,13479,13480,13481,13482,13483,13484,13485,13486,13487,13488,13489],"yoast_head":"<!-- This site is optimized with the Yoast SEO Premium plugin v23.0 (Yoast SEO v23.0) - https:\/\/yoast.com\/wordpress\/plugins\/seo\/ -->\n<title>Tooner CE390X Compatible for HP LJ M4555h\/M4555f 24000 lk, hea hinnaga, osta e-pood - Odav Print<\/title>\n<meta name=\"description\" content=\"Osta Tooner CE390X Compatible for HP LJ M4555h\/M4555f 24000 lk Odav Print \u260e +372 5911 9495 \u2714\ufe0f Parim hind Tooner CE390X Compatible for HP LJ M4555h\/M4555f 24000 lk jaoks \u26df Kiire kohaletoimetamine Eestis \u2b50 Garanteeritud\" \/>\n<meta name=\"robots\" content=\"index, follow, max-snippet:-1, max-image-preview:large, max-video-preview:-1\" \/>\n<link rel=\"canonical\" href=\"https:\/\/odavprint.ee\/en\/product\/ce390x-compatible-for-hp-lj-m4555hm4555f-24k-standart\/\" \/>\n<meta property=\"og:locale\" content=\"en_US\" \/>\n<meta property=\"og:type\" content=\"article\" \/>\n<meta property=\"og:title\" content=\"Tooner CE390X Compatible for HP LJ M4555h\/M4555f 24000 lk\" \/>\n<meta property=\"og:description\" content=\"Osta Tooner CE390X Compatible for HP LJ M4555h\/M4555f 24000 lk Odav Print \u260e +372 5911 9495 \u2714\ufe0f Parim hind Tooner CE390X Compatible for HP LJ M4555h\/M4555f 24000 lk jaoks \u26df Kiire kohaletoimetamine Eestis \u2b50 Garanteeritud\" \/>\n<meta property=\"og:url\" content=\"https:\/\/odavprint.ee\/en\/product\/ce390x-compatible-for-hp-lj-m4555hm4555f-24k-standart\/\" \/>\n<meta property=\"og:site_name\" content=\"Odav Print\" \/>\n<meta property=\"article:modified_time\" content=\"2022-03-01T09:45:06+00:00\" \/>\n<meta property=\"og:image\" content=\"https:\/\/odavprint.ee\/wp-content\/uploads\/2018\/12\/ce390x.jpg\" \/>\n\t<meta property=\"og:image:width\" content=\"550\" \/>\n\t<meta property=\"og:image:height\" content=\"550\" \/>\n\t<meta property=\"og:image:type\" content=\"image\/jpeg\" \/>\n<meta name=\"twitter:card\" content=\"summary_large_image\" \/>\n<meta name=\"twitter:label1\" content=\"Price\" \/>\n\t<meta name=\"twitter:data1\" content=\"&euro;42.40\" \/>\n\t<meta name=\"twitter:label2\" content=\"Availability\" \/>\n\t<meta name=\"twitter:data2\" content=\"In stock\" \/>\n<script type=\"application\/ld+json\" class=\"yoast-schema-graph\">{\"@context\":\"https:\/\/schema.org\",\"@graph\":[{\"@type\":[\"WebPage\",\"ItemPage\"],\"@id\":\"https:\/\/odavprint.ee\/en\/product\/ce390x-compatible-for-hp-lj-m4555hm4555f-24k-standart\/\",\"url\":\"https:\/\/odavprint.ee\/en\/product\/ce390x-compatible-for-hp-lj-m4555hm4555f-24k-standart\/\",\"name\":\"Tooner CE390X Compatible for HP LJ M4555h\/M4555f 24000 lk, hea hinnaga, osta e-pood - Odav Print\",\"isPartOf\":{\"@id\":\"https:\/\/odavprint.ee\/en\/#website\"},\"primaryImageOfPage\":{\"@id\":\"https:\/\/odavprint.ee\/en\/product\/ce390x-compatible-for-hp-lj-m4555hm4555f-24k-standart\/#primaryimage\"},\"image\":{\"@id\":\"https:\/\/odavprint.ee\/en\/product\/ce390x-compatible-for-hp-lj-m4555hm4555f-24k-standart\/#primaryimage\"},\"thumbnailUrl\":\"https:\/\/odavprint.ee\/wp-content\/uploads\/2018\/12\/ce390x.jpg\",\"datePublished\":\"2019-04-13T18:45:15+00:00\",\"dateModified\":\"2022-03-01T09:45:06+00:00\",\"description\":\"Osta Tooner CE390X Compatible for HP LJ M4555h\/M4555f 24000 lk Odav Print \u260e +372 5911 9495 \u2714\ufe0f Parim hind Tooner CE390X Compatible for HP LJ M4555h\/M4555f 24000 lk jaoks \u26df Kiire kohaletoimetamine Eestis \u2b50 Garanteeritud\",\"breadcrumb\":{\"@id\":\"https:\/\/odavprint.ee\/en\/product\/ce390x-compatible-for-hp-lj-m4555hm4555f-24k-standart\/#breadcrumb\"},\"inLanguage\":\"en-US\",\"potentialAction\":[{\"@type\":\"ReadAction\",\"target\":[\"https:\/\/odavprint.ee\/en\/product\/ce390x-compatible-for-hp-lj-m4555hm4555f-24k-standart\/\"]}]},{\"@type\":\"ImageObject\",\"inLanguage\":\"en-US\",\"@id\":\"https:\/\/odavprint.ee\/en\/product\/ce390x-compatible-for-hp-lj-m4555hm4555f-24k-standart\/#primaryimage\",\"url\":\"https:\/\/odavprint.ee\/wp-content\/uploads\/2018\/12\/ce390x.jpg\",\"contentUrl\":\"https:\/\/odavprint.ee\/wp-content\/uploads\/2018\/12\/ce390x.jpg\",\"width\":550,\"height\":550},{\"@type\":\"BreadcrumbList\",\"@id\":\"https:\/\/odavprint.ee\/en\/product\/ce390x-compatible-for-hp-lj-m4555hm4555f-24k-standart\/#breadcrumb\",\"itemListElement\":[{\"@type\":\"ListItem\",\"position\":1,\"name\":\"Home\",\"item\":\"https:\/\/odavprint.ee\/en\/\"},{\"@type\":\"ListItem\",\"position\":2,\"name\":\"Shop\",\"item\":\"https:\/\/odavprint.ee\/en\/shop\/\"},{\"@type\":\"ListItem\",\"position\":3,\"name\":\"Tooner CE390X Compatible for HP LJ M4555h\/M4555f 24000 lk\"}]},{\"@type\":\"WebSite\",\"@id\":\"https:\/\/odavprint.ee\/en\/#website\",\"url\":\"https:\/\/odavprint.ee\/en\/\",\"name\":\"Odav Print\",\"description\":\"Just another WordPress site\",\"publisher\":{\"@id\":\"https:\/\/odavprint.ee\/en\/#organization\"},\"alternateName\":\"Kassettide, toonerite t\u00e4itmine ja m\u00fc\u00fck.\",\"potentialAction\":[{\"@type\":\"SearchAction\",\"target\":{\"@type\":\"EntryPoint\",\"urlTemplate\":\"https:\/\/odavprint.ee\/en\/?s={search_term_string}\"},\"query-input\":\"required name=search_term_string\"}],\"inLanguage\":\"en-US\"},{\"@type\":[\"Organization\",\"Place\"],\"@id\":\"https:\/\/odavprint.ee\/en\/#organization\",\"name\":\"Odav Print O\u00dc\",\"url\":\"https:\/\/odavprint.ee\/en\/\",\"logo\":{\"@id\":\"https:\/\/odavprint.ee\/en\/product\/ce390x-compatible-for-hp-lj-m4555hm4555f-24k-standart\/#local-main-organization-logo\"},\"image\":{\"@id\":\"https:\/\/odavprint.ee\/en\/product\/ce390x-compatible-for-hp-lj-m4555hm4555f-24k-standart\/#local-main-organization-logo\"},\"address\":{\"@id\":\"https:\/\/odavprint.ee\/en\/product\/ce390x-compatible-for-hp-lj-m4555hm4555f-24k-standart\/#local-main-place-address\"},\"geo\":{\"@type\":\"GeoCoordinates\",\"latitude\":\"59.4306504\",\"longitude\":\"24.8095743\"},\"telephone\":[\"53836926\"],\"openingHoursSpecification\":[{\"@type\":\"OpeningHoursSpecification\",\"dayOfWeek\":[\"Monday\",\"Tuesday\",\"Wednesday\",\"Thursday\",\"Friday\",\"Saturday\",\"Sunday\"],\"opens\":\"09:00\",\"closes\":\"17:00\"}],\"email\":\"info@odavprint.eu\"},{\"@type\":\"PostalAddress\",\"@id\":\"https:\/\/odavprint.ee\/en\/product\/ce390x-compatible-for-hp-lj-m4555hm4555f-24k-standart\/#local-main-place-address\",\"streetAddress\":\"Pae tn 28\",\"addressLocality\":\"Tallinn\",\"postalCode\":\"11415\",\"addressRegion\":\"Harjumaa\",\"addressCountry\":\"EE\"},{\"@type\":\"ImageObject\",\"inLanguage\":\"en-US\",\"@id\":\"https:\/\/odavprint.ee\/en\/product\/ce390x-compatible-for-hp-lj-m4555hm4555f-24k-standart\/#local-main-organization-logo\",\"url\":\"https:\/\/odavprint.ee\/wp-content\/uploads\/2018\/10\/odavprint-logo-240.jpg\",\"contentUrl\":\"https:\/\/odavprint.ee\/wp-content\/uploads\/2018\/10\/odavprint-logo-240.jpg\",\"width\":240,\"height\":36,\"caption\":\"Odav Print O\u00dc\"}]}<\/script>\n<meta property=\"product:price:amount\" content=\"42.40\" \/>\n<meta property=\"product:price:currency\" content=\"EUR\" \/>\n<meta property=\"og:availability\" content=\"instock\" \/>\n<meta property=\"product:availability\" content=\"instock\" \/>\n<meta property=\"product:retailer_item_id\" content=\"7248\" \/>\n<meta property=\"product:condition\" content=\"new\" \/>\n<meta name=\"geo.placename\" content=\"Tallinn\" \/>\n<meta name=\"geo.position\" content=\"59.4306504;24.8095743\" \/>\n<meta name=\"geo.region\" content=\"Estonia\" \/>\n<!-- \/ Yoast SEO Premium plugin. -->","yoast_head_json":{"title":"Tooner CE390X Compatible for HP LJ M4555h\/M4555f 24000 lk, hea hinnaga, osta e-pood - Odav Print","description":"Osta Tooner CE390X Compatible for HP LJ M4555h\/M4555f 24000 lk Odav Print \u260e +372 5911 9495 \u2714\ufe0f Parim hind Tooner CE390X Compatible for HP LJ M4555h\/M4555f 24000 lk jaoks \u26df Kiire kohaletoimetamine Eestis \u2b50 Garanteeritud","robots":{"index":"index","follow":"follow","max-snippet":"max-snippet:-1","max-image-preview":"max-image-preview:large","max-video-preview":"max-video-preview:-1"},"canonical":"https:\/\/odavprint.ee\/en\/product\/ce390x-compatible-for-hp-lj-m4555hm4555f-24k-standart\/","og_locale":"en_US","og_type":"article","og_title":"Tooner CE390X Compatible for HP LJ M4555h\/M4555f 24000 lk","og_description":"Osta Tooner CE390X Compatible for HP LJ M4555h\/M4555f 24000 lk Odav Print \u260e +372 5911 9495 \u2714\ufe0f Parim hind Tooner CE390X Compatible for HP LJ M4555h\/M4555f 24000 lk jaoks \u26df Kiire kohaletoimetamine Eestis \u2b50 Garanteeritud","og_url":"https:\/\/odavprint.ee\/en\/product\/ce390x-compatible-for-hp-lj-m4555hm4555f-24k-standart\/","og_site_name":"Odav Print","article_modified_time":"2022-03-01T09:45:06+00:00","og_image":[{"width":550,"height":550,"url":"https:\/\/odavprint.ee\/wp-content\/uploads\/2018\/12\/ce390x.jpg","type":"image\/jpeg"}],"twitter_card":"summary_large_image","twitter_misc":{"Price":"&euro;42.40","Availability":"In stock"},"schema":{"@context":"https:\/\/schema.org","@graph":[{"@type":["WebPage","ItemPage"],"@id":"https:\/\/odavprint.ee\/en\/product\/ce390x-compatible-for-hp-lj-m4555hm4555f-24k-standart\/","url":"https:\/\/odavprint.ee\/en\/product\/ce390x-compatible-for-hp-lj-m4555hm4555f-24k-standart\/","name":"Tooner CE390X Compatible for HP LJ M4555h\/M4555f 24000 lk, hea hinnaga, osta e-pood - Odav Print","isPartOf":{"@id":"https:\/\/odavprint.ee\/en\/#website"},"primaryImageOfPage":{"@id":"https:\/\/odavprint.ee\/en\/product\/ce390x-compatible-for-hp-lj-m4555hm4555f-24k-standart\/#primaryimage"},"image":{"@id":"https:\/\/odavprint.ee\/en\/product\/ce390x-compatible-for-hp-lj-m4555hm4555f-24k-standart\/#primaryimage"},"thumbnailUrl":"https:\/\/odavprint.ee\/wp-content\/uploads\/2018\/12\/ce390x.jpg","datePublished":"2019-04-13T18:45:15+00:00","dateModified":"2022-03-01T09:45:06+00:00","description":"Osta Tooner CE390X Compatible for HP LJ M4555h\/M4555f 24000 lk Odav Print \u260e +372 5911 9495 \u2714\ufe0f Parim hind Tooner CE390X Compatible for HP LJ M4555h\/M4555f 24000 lk jaoks \u26df Kiire kohaletoimetamine Eestis \u2b50 Garanteeritud","breadcrumb":{"@id":"https:\/\/odavprint.ee\/en\/product\/ce390x-compatible-for-hp-lj-m4555hm4555f-24k-standart\/#breadcrumb"},"inLanguage":"en-US","potentialAction":[{"@type":"ReadAction","target":["https:\/\/odavprint.ee\/en\/product\/ce390x-compatible-for-hp-lj-m4555hm4555f-24k-standart\/"]}]},{"@type":"ImageObject","inLanguage":"en-US","@id":"https:\/\/odavprint.ee\/en\/product\/ce390x-compatible-for-hp-lj-m4555hm4555f-24k-standart\/#primaryimage","url":"https:\/\/odavprint.ee\/wp-content\/uploads\/2018\/12\/ce390x.jpg","contentUrl":"https:\/\/odavprint.ee\/wp-content\/uploads\/2018\/12\/ce390x.jpg","width":550,"height":550},{"@type":"BreadcrumbList","@id":"https:\/\/odavprint.ee\/en\/product\/ce390x-compatible-for-hp-lj-m4555hm4555f-24k-standart\/#breadcrumb","itemListElement":[{"@type":"ListItem","position":1,"name":"Home","item":"https:\/\/odavprint.ee\/en\/"},{"@type":"ListItem","position":2,"name":"Shop","item":"https:\/\/odavprint.ee\/en\/shop\/"},{"@type":"ListItem","position":3,"name":"Tooner CE390X Compatible for HP LJ M4555h\/M4555f 24000 lk"}]},{"@type":"WebSite","@id":"https:\/\/odavprint.ee\/en\/#website","url":"https:\/\/odavprint.ee\/en\/","name":"Odav Print","description":"Just another WordPress site","publisher":{"@id":"https:\/\/odavprint.ee\/en\/#organization"},"alternateName":"Kassettide, toonerite t\u00e4itmine ja m\u00fc\u00fck.","potentialAction":[{"@type":"SearchAction","target":{"@type":"EntryPoint","urlTemplate":"https:\/\/odavprint.ee\/en\/?s={search_term_string}"},"query-input":"required name=search_term_string"}],"inLanguage":"en-US"},{"@type":["Organization","Place"],"@id":"https:\/\/odavprint.ee\/en\/#organization","name":"Odav Print O\u00dc","url":"https:\/\/odavprint.ee\/en\/","logo":{"@id":"https:\/\/odavprint.ee\/en\/product\/ce390x-compatible-for-hp-lj-m4555hm4555f-24k-standart\/#local-main-organization-logo"},"image":{"@id":"https:\/\/odavprint.ee\/en\/product\/ce390x-compatible-for-hp-lj-m4555hm4555f-24k-standart\/#local-main-organization-logo"},"address":{"@id":"https:\/\/odavprint.ee\/en\/product\/ce390x-compatible-for-hp-lj-m4555hm4555f-24k-standart\/#local-main-place-address"},"geo":{"@type":"GeoCoordinates","latitude":"59.4306504","longitude":"24.8095743"},"telephone":["53836926"],"openingHoursSpecification":[{"@type":"OpeningHoursSpecification","dayOfWeek":["Monday","Tuesday","Wednesday","Thursday","Friday","Saturday","Sunday"],"opens":"09:00","closes":"17:00"}],"email":"info@odavprint.eu"},{"@type":"PostalAddress","@id":"https:\/\/odavprint.ee\/en\/product\/ce390x-compatible-for-hp-lj-m4555hm4555f-24k-standart\/#local-main-place-address","streetAddress":"Pae tn 28","addressLocality":"Tallinn","postalCode":"11415","addressRegion":"Harjumaa","addressCountry":"EE"},{"@type":"ImageObject","inLanguage":"en-US","@id":"https:\/\/odavprint.ee\/en\/product\/ce390x-compatible-for-hp-lj-m4555hm4555f-24k-standart\/#local-main-organization-logo","url":"https:\/\/odavprint.ee\/wp-content\/uploads\/2018\/10\/odavprint-logo-240.jpg","contentUrl":"https:\/\/odavprint.ee\/wp-content\/uploads\/2018\/10\/odavprint-logo-240.jpg","width":240,"height":36,"caption":"Odav Print O\u00dc"}]},"product_price_amount":"42.40","product_price_currency":"EUR","og_availability":"instock","product_availability":"instock","product_retailer_item_id":"7248","product_condition":"new","geo.placename":"Tallinn","geo.position":{"lat":"59.4306504","long":"24.8095743"},"geo.region":"Estonia"},"_links":{"self":[{"href":"https:\/\/odavprint.ee\/en\/wp-json\/wp\/v2\/product\/12006"}],"collection":[{"href":"https:\/\/odavprint.ee\/en\/wp-json\/wp\/v2\/product"}],"about":[{"href":"https:\/\/odavprint.ee\/en\/wp-json\/wp\/v2\/types\/product"}],"wp:featuredmedia":[{"embeddable":true,"href":"https:\/\/odavprint.ee\/en\/wp-json\/wp\/v2\/media\/2239"}],"wp:attachment":[{"href":"https:\/\/odavprint.ee\/en\/wp-json\/wp\/v2\/media?parent=12006"}],"wp:term":[{"taxonomy":"product_cat","embeddable":true,"href":"https:\/\/odavprint.ee\/en\/wp-json\/wp\/v2\/product_cat?post=12006"},{"taxonomy":"product_tag","embeddable":true,"href":"https:\/\/odavprint.ee\/en\/wp-json\/wp\/v2\/product_tag?post=12006"}],"curies":[{"name":"wp","href":"https:\/\/api.w.org\/{rel}","templated":true}]}}