{"id":12420,"date":"2019-04-13T21:48:21","date_gmt":"2019-04-13T18:48:21","guid":{"rendered":"https:\/\/odavprint.preview.ee\/product\/analoog-lexmark-100xl-magenta\/"},"modified":"2019-10-23T16:09:40","modified_gmt":"2019-10-23T13:09:40","slug":"analoog-lexmark-100xl-magenta","status":"publish","type":"product","link":"https:\/\/odavprint.ee\/en\/product\/analoog-lexmark-100xl-magenta\/","title":{"rendered":"Analoog tint Lexmark 100XL MAGENTA 700 lk"},"content":{"rendered":"<p>Lexmark Impact S300, Lexmark Impact S305, Lexmark Interact S602, Lexmark Interact S605, Lexmark Interpret S402, Lexmark Interpret S405, Lexmark Intuition S505, Lexmark Pinnacle Pro 901, Lexmark Platinum Pro 905, Lexmark Prestige Pro 805, Lexmark Prevail Pro 705, Lexmark 209, Lexmark Genesis S815, Lexmark Genesis S816, Lexmark Platinum Pro903, Lexmark Platinum Pro904, Lexmark Prestige Pro803, Lexmark Prevail 805, Lexmark Prevail Pro703, Lexmark Prevail Pro706, Lexmark Pro 800, Lexmark Prospect 202, Lexmark Prospect Pro 205, Lexmark S400\u00a0<\/p>\n","protected":false},"excerpt":{"rendered":"<p>Lexmark Impact S300, Lexmark Impact S305, Lexmark Interact S602, Lexmark Interact S605, Lexmark Interpret S402, Lexmark Interpret S405, Lexmark Intuition S505, Lexmark Pinnacle Pro 901, Lexmark Platinum Pro 905, Lexmark Prestige Pro 805, Lexmark Prevail Pro 705, Lexmark 209, Lexmark Genesis S815, Lexmark Genesis S816, Lexmark Platinum Pro903, Lexmark Platinum Pro904, Lexmark Prestige Pro803, Lexmark [&#8230;]\n","protected":false},"featured_media":3067,"template":"","meta":{"inline_featured_image":false},"product_cat":[10770],"product_tag":[14576,14577,14578,14579,14580,14581,14582,14583,14584,14585,14586,14587,14588,14589,14590,14591,14592,14593,14594,14595,14596,14597,14598,14599],"yoast_head":"<!-- This site is optimized with the Yoast SEO Premium plugin v23.0 (Yoast SEO v23.0) - https:\/\/yoast.com\/wordpress\/plugins\/seo\/ -->\n<title>Analoog tint Lexmark 100XL MAGENTA 700 lk, hea hinnaga, osta e-pood - Odav Print<\/title>\n<meta name=\"description\" content=\"Osta Analoog tint Lexmark 100XL MAGENTA 700 lk Odav Print \u260e +372 5911 9495 \u2714\ufe0f Parim hind Analoog tint Lexmark 100XL MAGENTA 700 lk jaoks \u26df Kiire kohaletoimetamine Eestis \u2b50 Garanteeritud\" \/>\n<meta name=\"robots\" content=\"index, follow, max-snippet:-1, max-image-preview:large, max-video-preview:-1\" \/>\n<link rel=\"canonical\" href=\"https:\/\/odavprint.ee\/en\/product\/analoog-lexmark-100xl-magenta\/\" \/>\n<meta property=\"og:locale\" content=\"en_US\" \/>\n<meta property=\"og:type\" content=\"article\" \/>\n<meta property=\"og:title\" content=\"Analoog tint Lexmark 100XL MAGENTA 700 lk\" \/>\n<meta property=\"og:description\" content=\"Osta Analoog tint Lexmark 100XL MAGENTA 700 lk Odav Print \u260e +372 5911 9495 \u2714\ufe0f Parim hind Analoog tint Lexmark 100XL MAGENTA 700 lk jaoks \u26df Kiire kohaletoimetamine Eestis \u2b50 Garanteeritud\" \/>\n<meta property=\"og:url\" content=\"https:\/\/odavprint.ee\/en\/product\/analoog-lexmark-100xl-magenta\/\" \/>\n<meta property=\"og:site_name\" content=\"Odav Print\" \/>\n<meta property=\"article:modified_time\" content=\"2019-10-23T13:09:40+00:00\" \/>\n<meta property=\"og:image\" content=\"https:\/\/odavprint.ee\/wp-content\/uploads\/2018\/12\/s-l1000.jpg\" \/>\n\t<meta property=\"og:image:width\" content=\"998\" \/>\n\t<meta property=\"og:image:height\" content=\"972\" \/>\n\t<meta property=\"og:image:type\" content=\"image\/jpeg\" \/>\n<meta name=\"twitter:card\" content=\"summary_large_image\" \/>\n<meta name=\"twitter:label1\" content=\"Price\" \/>\n\t<meta name=\"twitter:data1\" content=\"&euro;5.20\" \/>\n\t<meta name=\"twitter:label2\" content=\"Availability\" \/>\n\t<meta name=\"twitter:data2\" content=\"In stock\" \/>\n<script type=\"application\/ld+json\" class=\"yoast-schema-graph\">{\"@context\":\"https:\/\/schema.org\",\"@graph\":[{\"@type\":[\"WebPage\",\"ItemPage\"],\"@id\":\"https:\/\/odavprint.ee\/en\/product\/analoog-lexmark-100xl-magenta\/\",\"url\":\"https:\/\/odavprint.ee\/en\/product\/analoog-lexmark-100xl-magenta\/\",\"name\":\"Analoog tint Lexmark 100XL MAGENTA 700 lk, hea hinnaga, osta e-pood - Odav Print\",\"isPartOf\":{\"@id\":\"https:\/\/odavprint.ee\/en\/#website\"},\"primaryImageOfPage\":{\"@id\":\"https:\/\/odavprint.ee\/en\/product\/analoog-lexmark-100xl-magenta\/#primaryimage\"},\"image\":{\"@id\":\"https:\/\/odavprint.ee\/en\/product\/analoog-lexmark-100xl-magenta\/#primaryimage\"},\"thumbnailUrl\":\"https:\/\/odavprint.ee\/wp-content\/uploads\/2018\/12\/s-l1000.jpg\",\"datePublished\":\"2019-04-13T18:48:21+00:00\",\"dateModified\":\"2019-10-23T13:09:40+00:00\",\"description\":\"Osta Analoog tint Lexmark 100XL MAGENTA 700 lk Odav Print \u260e +372 5911 9495 \u2714\ufe0f Parim hind Analoog tint Lexmark 100XL MAGENTA 700 lk jaoks \u26df Kiire kohaletoimetamine Eestis \u2b50 Garanteeritud\",\"breadcrumb\":{\"@id\":\"https:\/\/odavprint.ee\/en\/product\/analoog-lexmark-100xl-magenta\/#breadcrumb\"},\"inLanguage\":\"en-US\",\"potentialAction\":[{\"@type\":\"ReadAction\",\"target\":[\"https:\/\/odavprint.ee\/en\/product\/analoog-lexmark-100xl-magenta\/\"]}]},{\"@type\":\"ImageObject\",\"inLanguage\":\"en-US\",\"@id\":\"https:\/\/odavprint.ee\/en\/product\/analoog-lexmark-100xl-magenta\/#primaryimage\",\"url\":\"https:\/\/odavprint.ee\/wp-content\/uploads\/2018\/12\/s-l1000.jpg\",\"contentUrl\":\"https:\/\/odavprint.ee\/wp-content\/uploads\/2018\/12\/s-l1000.jpg\",\"width\":998,\"height\":972},{\"@type\":\"BreadcrumbList\",\"@id\":\"https:\/\/odavprint.ee\/en\/product\/analoog-lexmark-100xl-magenta\/#breadcrumb\",\"itemListElement\":[{\"@type\":\"ListItem\",\"position\":1,\"name\":\"Home\",\"item\":\"https:\/\/odavprint.ee\/en\/\"},{\"@type\":\"ListItem\",\"position\":2,\"name\":\"Shop\",\"item\":\"https:\/\/odavprint.ee\/en\/shop\/\"},{\"@type\":\"ListItem\",\"position\":3,\"name\":\"Analoog tint Lexmark 100XL MAGENTA 700 lk\"}]},{\"@type\":\"WebSite\",\"@id\":\"https:\/\/odavprint.ee\/en\/#website\",\"url\":\"https:\/\/odavprint.ee\/en\/\",\"name\":\"Odav Print\",\"description\":\"Just another WordPress site\",\"publisher\":{\"@id\":\"https:\/\/odavprint.ee\/en\/#organization\"},\"alternateName\":\"Kassettide, toonerite t\u00e4itmine ja m\u00fc\u00fck.\",\"potentialAction\":[{\"@type\":\"SearchAction\",\"target\":{\"@type\":\"EntryPoint\",\"urlTemplate\":\"https:\/\/odavprint.ee\/en\/?s={search_term_string}\"},\"query-input\":\"required name=search_term_string\"}],\"inLanguage\":\"en-US\"},{\"@type\":[\"Organization\",\"Place\"],\"@id\":\"https:\/\/odavprint.ee\/en\/#organization\",\"name\":\"Odav Print O\u00dc\",\"url\":\"https:\/\/odavprint.ee\/en\/\",\"logo\":{\"@id\":\"https:\/\/odavprint.ee\/en\/product\/analoog-lexmark-100xl-magenta\/#local-main-organization-logo\"},\"image\":{\"@id\":\"https:\/\/odavprint.ee\/en\/product\/analoog-lexmark-100xl-magenta\/#local-main-organization-logo\"},\"address\":{\"@id\":\"https:\/\/odavprint.ee\/en\/product\/analoog-lexmark-100xl-magenta\/#local-main-place-address\"},\"geo\":{\"@type\":\"GeoCoordinates\",\"latitude\":\"59.4306504\",\"longitude\":\"24.8095743\"},\"telephone\":[\"53836926\"],\"openingHoursSpecification\":[{\"@type\":\"OpeningHoursSpecification\",\"dayOfWeek\":[\"Monday\",\"Tuesday\",\"Wednesday\",\"Thursday\",\"Friday\",\"Saturday\",\"Sunday\"],\"opens\":\"09:00\",\"closes\":\"17:00\"}],\"email\":\"info@odavprint.eu\"},{\"@type\":\"PostalAddress\",\"@id\":\"https:\/\/odavprint.ee\/en\/product\/analoog-lexmark-100xl-magenta\/#local-main-place-address\",\"streetAddress\":\"Pae tn 28\",\"addressLocality\":\"Tallinn\",\"postalCode\":\"11415\",\"addressRegion\":\"Harjumaa\",\"addressCountry\":\"EE\"},{\"@type\":\"ImageObject\",\"inLanguage\":\"en-US\",\"@id\":\"https:\/\/odavprint.ee\/en\/product\/analoog-lexmark-100xl-magenta\/#local-main-organization-logo\",\"url\":\"https:\/\/odavprint.ee\/wp-content\/uploads\/2018\/10\/odavprint-logo-240.jpg\",\"contentUrl\":\"https:\/\/odavprint.ee\/wp-content\/uploads\/2018\/10\/odavprint-logo-240.jpg\",\"width\":240,\"height\":36,\"caption\":\"Odav Print O\u00dc\"}]}<\/script>\n<meta property=\"product:price:amount\" content=\"5.20\" \/>\n<meta property=\"product:price:currency\" content=\"EUR\" \/>\n<meta property=\"og:availability\" content=\"instock\" \/>\n<meta property=\"product:availability\" content=\"instock\" \/>\n<meta property=\"product:condition\" content=\"new\" \/>\n<meta name=\"geo.placename\" content=\"Tallinn\" \/>\n<meta name=\"geo.position\" content=\"59.4306504;24.8095743\" \/>\n<meta name=\"geo.region\" content=\"Estonia\" \/>\n<!-- \/ Yoast SEO Premium plugin. -->","yoast_head_json":{"title":"Analoog tint Lexmark 100XL MAGENTA 700 lk, hea hinnaga, osta e-pood - Odav Print","description":"Osta Analoog tint Lexmark 100XL MAGENTA 700 lk Odav Print \u260e +372 5911 9495 \u2714\ufe0f Parim hind Analoog tint Lexmark 100XL MAGENTA 700 lk jaoks \u26df Kiire kohaletoimetamine Eestis \u2b50 Garanteeritud","robots":{"index":"index","follow":"follow","max-snippet":"max-snippet:-1","max-image-preview":"max-image-preview:large","max-video-preview":"max-video-preview:-1"},"canonical":"https:\/\/odavprint.ee\/en\/product\/analoog-lexmark-100xl-magenta\/","og_locale":"en_US","og_type":"article","og_title":"Analoog tint Lexmark 100XL MAGENTA 700 lk","og_description":"Osta Analoog tint Lexmark 100XL MAGENTA 700 lk Odav Print \u260e +372 5911 9495 \u2714\ufe0f Parim hind Analoog tint Lexmark 100XL MAGENTA 700 lk jaoks \u26df Kiire kohaletoimetamine Eestis \u2b50 Garanteeritud","og_url":"https:\/\/odavprint.ee\/en\/product\/analoog-lexmark-100xl-magenta\/","og_site_name":"Odav Print","article_modified_time":"2019-10-23T13:09:40+00:00","og_image":[{"width":998,"height":972,"url":"https:\/\/odavprint.ee\/wp-content\/uploads\/2018\/12\/s-l1000.jpg","type":"image\/jpeg"}],"twitter_card":"summary_large_image","twitter_misc":{"Price":"&euro;5.20","Availability":"In stock"},"schema":{"@context":"https:\/\/schema.org","@graph":[{"@type":["WebPage","ItemPage"],"@id":"https:\/\/odavprint.ee\/en\/product\/analoog-lexmark-100xl-magenta\/","url":"https:\/\/odavprint.ee\/en\/product\/analoog-lexmark-100xl-magenta\/","name":"Analoog tint Lexmark 100XL MAGENTA 700 lk, hea hinnaga, osta e-pood - Odav Print","isPartOf":{"@id":"https:\/\/odavprint.ee\/en\/#website"},"primaryImageOfPage":{"@id":"https:\/\/odavprint.ee\/en\/product\/analoog-lexmark-100xl-magenta\/#primaryimage"},"image":{"@id":"https:\/\/odavprint.ee\/en\/product\/analoog-lexmark-100xl-magenta\/#primaryimage"},"thumbnailUrl":"https:\/\/odavprint.ee\/wp-content\/uploads\/2018\/12\/s-l1000.jpg","datePublished":"2019-04-13T18:48:21+00:00","dateModified":"2019-10-23T13:09:40+00:00","description":"Osta Analoog tint Lexmark 100XL MAGENTA 700 lk Odav Print \u260e +372 5911 9495 \u2714\ufe0f Parim hind Analoog tint Lexmark 100XL MAGENTA 700 lk jaoks \u26df Kiire kohaletoimetamine Eestis \u2b50 Garanteeritud","breadcrumb":{"@id":"https:\/\/odavprint.ee\/en\/product\/analoog-lexmark-100xl-magenta\/#breadcrumb"},"inLanguage":"en-US","potentialAction":[{"@type":"ReadAction","target":["https:\/\/odavprint.ee\/en\/product\/analoog-lexmark-100xl-magenta\/"]}]},{"@type":"ImageObject","inLanguage":"en-US","@id":"https:\/\/odavprint.ee\/en\/product\/analoog-lexmark-100xl-magenta\/#primaryimage","url":"https:\/\/odavprint.ee\/wp-content\/uploads\/2018\/12\/s-l1000.jpg","contentUrl":"https:\/\/odavprint.ee\/wp-content\/uploads\/2018\/12\/s-l1000.jpg","width":998,"height":972},{"@type":"BreadcrumbList","@id":"https:\/\/odavprint.ee\/en\/product\/analoog-lexmark-100xl-magenta\/#breadcrumb","itemListElement":[{"@type":"ListItem","position":1,"name":"Home","item":"https:\/\/odavprint.ee\/en\/"},{"@type":"ListItem","position":2,"name":"Shop","item":"https:\/\/odavprint.ee\/en\/shop\/"},{"@type":"ListItem","position":3,"name":"Analoog tint Lexmark 100XL MAGENTA 700 lk"}]},{"@type":"WebSite","@id":"https:\/\/odavprint.ee\/en\/#website","url":"https:\/\/odavprint.ee\/en\/","name":"Odav Print","description":"Just another WordPress site","publisher":{"@id":"https:\/\/odavprint.ee\/en\/#organization"},"alternateName":"Kassettide, toonerite t\u00e4itmine ja m\u00fc\u00fck.","potentialAction":[{"@type":"SearchAction","target":{"@type":"EntryPoint","urlTemplate":"https:\/\/odavprint.ee\/en\/?s={search_term_string}"},"query-input":"required name=search_term_string"}],"inLanguage":"en-US"},{"@type":["Organization","Place"],"@id":"https:\/\/odavprint.ee\/en\/#organization","name":"Odav Print O\u00dc","url":"https:\/\/odavprint.ee\/en\/","logo":{"@id":"https:\/\/odavprint.ee\/en\/product\/analoog-lexmark-100xl-magenta\/#local-main-organization-logo"},"image":{"@id":"https:\/\/odavprint.ee\/en\/product\/analoog-lexmark-100xl-magenta\/#local-main-organization-logo"},"address":{"@id":"https:\/\/odavprint.ee\/en\/product\/analoog-lexmark-100xl-magenta\/#local-main-place-address"},"geo":{"@type":"GeoCoordinates","latitude":"59.4306504","longitude":"24.8095743"},"telephone":["53836926"],"openingHoursSpecification":[{"@type":"OpeningHoursSpecification","dayOfWeek":["Monday","Tuesday","Wednesday","Thursday","Friday","Saturday","Sunday"],"opens":"09:00","closes":"17:00"}],"email":"info@odavprint.eu"},{"@type":"PostalAddress","@id":"https:\/\/odavprint.ee\/en\/product\/analoog-lexmark-100xl-magenta\/#local-main-place-address","streetAddress":"Pae tn 28","addressLocality":"Tallinn","postalCode":"11415","addressRegion":"Harjumaa","addressCountry":"EE"},{"@type":"ImageObject","inLanguage":"en-US","@id":"https:\/\/odavprint.ee\/en\/product\/analoog-lexmark-100xl-magenta\/#local-main-organization-logo","url":"https:\/\/odavprint.ee\/wp-content\/uploads\/2018\/10\/odavprint-logo-240.jpg","contentUrl":"https:\/\/odavprint.ee\/wp-content\/uploads\/2018\/10\/odavprint-logo-240.jpg","width":240,"height":36,"caption":"Odav Print O\u00dc"}]},"product_price_amount":"5.20","product_price_currency":"EUR","og_availability":"instock","product_availability":"instock","product_condition":"new","geo.placename":"Tallinn","geo.position":{"lat":"59.4306504","long":"24.8095743"},"geo.region":"Estonia"},"_links":{"self":[{"href":"https:\/\/odavprint.ee\/en\/wp-json\/wp\/v2\/product\/12420"}],"collection":[{"href":"https:\/\/odavprint.ee\/en\/wp-json\/wp\/v2\/product"}],"about":[{"href":"https:\/\/odavprint.ee\/en\/wp-json\/wp\/v2\/types\/product"}],"wp:featuredmedia":[{"embeddable":true,"href":"https:\/\/odavprint.ee\/en\/wp-json\/wp\/v2\/media\/3067"}],"wp:attachment":[{"href":"https:\/\/odavprint.ee\/en\/wp-json\/wp\/v2\/media?parent=12420"}],"wp:term":[{"taxonomy":"product_cat","embeddable":true,"href":"https:\/\/odavprint.ee\/en\/wp-json\/wp\/v2\/product_cat?post=12420"},{"taxonomy":"product_tag","embeddable":true,"href":"https:\/\/odavprint.ee\/en\/wp-json\/wp\/v2\/product_tag?post=12420"}],"curies":[{"name":"wp","href":"https:\/\/api.w.org\/{rel}","templated":true}]}}