{"id":12896,"date":"2019-04-13T21:52:26","date_gmt":"2019-04-13T18:52:26","guid":{"rendered":"https:\/\/odavprint.preview.ee\/product\/analoog-komplekt-epson-t0715-t0895-bk-c-m-y\/"},"modified":"2022-11-15T13:36:02","modified_gmt":"2022-11-15T11:36:02","slug":"analoog-komplekt-epson-t0715-t0895-bk-c-m-y","status":"publish","type":"product","link":"https:\/\/odavprint.ee\/en\/product\/analoog-komplekt-epson-t0715-t0895-bk-c-m-y\/","title":{"rendered":"Analoog tintide komplekt Epson T0715 \/ T0895 (BK\/C\/M\/Y)"},"content":{"rendered":"<p>Epson BX3450, Epson Stylus CX4300, Epson Stylus D120, Epson Stylus D120 Network Edition, Epson Stylus D5050, Epson Stylus D78, Epson Stylus D92, Epson Stylus DX400, Epson Stylus DX4000, Epson Stylus DX4050, Epson Stylus DX4400, Epson Stylus DX4450, Epson Stylus DX5000, Epson Stylus DX5050, Epson Stylus DX6000, Epson Stylus DX6050, Epson Stylus DX7000F, Epson Stylus DX7400, Epson Stylus DX7450, Epson Stylus DX8400, Epson Stylus DX8450, Epson Stylus DX9400, Epson Stylus DX9400F, Epson Stylus Office BX300F, Epson Stylus Office BX310FN, Epson Stylus S20, Epson Stylus S21, Epson Stylus SX100, Epson Stylus SX105, Epson Stylus SX110, Epson Stylus SX115, Epson Stylus SX200, Epson Stylus SX205, Epson Stylus SX210, Epson Stylus SX215, Epson Stylus SX218, Epson Stylus SX400, Epson Stylus SX405, Epson Stylus SX410, Epson Stylus SX415, Epson Stylus SX510W, Epson Stylus SX515W, Epson Stylus SX600FW, Epson Stylus SX610FW<\/p>\n","protected":false},"excerpt":{"rendered":"<p>Epson BX3450, Epson Stylus CX4300, Epson Stylus D120, Epson Stylus D120 Network Edition, Epson Stylus D5050, Epson Stylus D78, Epson Stylus D92, Epson Stylus DX400, Epson Stylus DX4000, Epson Stylus DX4050, Epson Stylus DX4400, Epson Stylus DX4450, Epson Stylus DX5000, Epson Stylus DX5050, Epson Stylus DX6000, Epson Stylus DX6050, Epson Stylus DX7000F, Epson Stylus DX7400, [&#8230;]\n","protected":false},"featured_media":4024,"template":"","meta":{"inline_featured_image":false},"product_cat":[10770],"product_tag":[],"yoast_head":"<!-- This site is optimized with the Yoast SEO Premium plugin v23.0 (Yoast SEO v23.0) - https:\/\/yoast.com\/wordpress\/plugins\/seo\/ -->\n<title>Analoog tintide komplekt Epson T0715 \/ T0895 (BK\/C\/M\/Y), hea hinnaga, osta e-pood - Odav Print<\/title>\n<meta name=\"description\" content=\"Osta Analoog tintide komplekt Epson T0715 \/ T0895 (BK\/C\/M\/Y) Odav Print \u260e +372 5911 9495 \u2714\ufe0f Parim hind Analoog tintide komplekt Epson T0715 \/ T0895 (BK\/C\/M\/Y) jaoks \u26df Kiire kohaletoimetamine Eestis \u2b50 Garanteeritud\" \/>\n<meta name=\"robots\" content=\"index, follow, max-snippet:-1, max-image-preview:large, max-video-preview:-1\" \/>\n<link rel=\"canonical\" href=\"https:\/\/odavprint.ee\/en\/product\/analoog-komplekt-epson-t0715-t0895-bk-c-m-y\/\" \/>\n<meta property=\"og:locale\" content=\"en_US\" \/>\n<meta property=\"og:type\" content=\"article\" \/>\n<meta property=\"og:title\" content=\"Analoog tintide komplekt Epson T0715 \/ T0895 (BK\/C\/M\/Y)\" \/>\n<meta property=\"og:description\" content=\"Osta Analoog tintide komplekt Epson T0715 \/ T0895 (BK\/C\/M\/Y) Odav Print \u260e +372 5911 9495 \u2714\ufe0f Parim hind Analoog tintide komplekt Epson T0715 \/ T0895 (BK\/C\/M\/Y) jaoks \u26df Kiire kohaletoimetamine Eestis \u2b50 Garanteeritud\" \/>\n<meta property=\"og:url\" content=\"https:\/\/odavprint.ee\/en\/product\/analoog-komplekt-epson-t0715-t0895-bk-c-m-y\/\" \/>\n<meta property=\"og:site_name\" content=\"Odav Print\" \/>\n<meta property=\"article:modified_time\" content=\"2022-11-15T11:36:02+00:00\" \/>\n<meta property=\"og:image\" content=\"https:\/\/odavprint.ee\/wp-content\/uploads\/2018\/12\/T0715.jpg\" \/>\n\t<meta property=\"og:image:width\" content=\"650\" \/>\n\t<meta property=\"og:image:height\" content=\"675\" \/>\n\t<meta property=\"og:image:type\" content=\"image\/jpeg\" \/>\n<meta name=\"twitter:card\" content=\"summary_large_image\" \/>\n<meta name=\"twitter:label1\" content=\"Price\" \/>\n\t<meta name=\"twitter:data1\" content=\"&euro;14.40\" \/>\n\t<meta name=\"twitter:label2\" content=\"Availability\" \/>\n\t<meta name=\"twitter:data2\" content=\"In stock\" \/>\n<script type=\"application\/ld+json\" class=\"yoast-schema-graph\">{\"@context\":\"https:\/\/schema.org\",\"@graph\":[{\"@type\":[\"WebPage\",\"ItemPage\"],\"@id\":\"https:\/\/odavprint.ee\/en\/product\/analoog-komplekt-epson-t0715-t0895-bk-c-m-y\/\",\"url\":\"https:\/\/odavprint.ee\/en\/product\/analoog-komplekt-epson-t0715-t0895-bk-c-m-y\/\",\"name\":\"Analoog tintide komplekt Epson T0715 \/ T0895 (BK\/C\/M\/Y), hea hinnaga, osta e-pood - Odav Print\",\"isPartOf\":{\"@id\":\"https:\/\/odavprint.ee\/en\/#website\"},\"primaryImageOfPage\":{\"@id\":\"https:\/\/odavprint.ee\/en\/product\/analoog-komplekt-epson-t0715-t0895-bk-c-m-y\/#primaryimage\"},\"image\":{\"@id\":\"https:\/\/odavprint.ee\/en\/product\/analoog-komplekt-epson-t0715-t0895-bk-c-m-y\/#primaryimage\"},\"thumbnailUrl\":\"https:\/\/odavprint.ee\/wp-content\/uploads\/2018\/12\/T0715.jpg\",\"datePublished\":\"2019-04-13T18:52:26+00:00\",\"dateModified\":\"2022-11-15T11:36:02+00:00\",\"description\":\"Osta Analoog tintide komplekt Epson T0715 \/ T0895 (BK\/C\/M\/Y) Odav Print \u260e +372 5911 9495 \u2714\ufe0f Parim hind Analoog tintide komplekt Epson T0715 \/ T0895 (BK\/C\/M\/Y) jaoks \u26df Kiire kohaletoimetamine Eestis \u2b50 Garanteeritud\",\"breadcrumb\":{\"@id\":\"https:\/\/odavprint.ee\/en\/product\/analoog-komplekt-epson-t0715-t0895-bk-c-m-y\/#breadcrumb\"},\"inLanguage\":\"en-US\",\"potentialAction\":[{\"@type\":\"ReadAction\",\"target\":[\"https:\/\/odavprint.ee\/en\/product\/analoog-komplekt-epson-t0715-t0895-bk-c-m-y\/\"]}]},{\"@type\":\"ImageObject\",\"inLanguage\":\"en-US\",\"@id\":\"https:\/\/odavprint.ee\/en\/product\/analoog-komplekt-epson-t0715-t0895-bk-c-m-y\/#primaryimage\",\"url\":\"https:\/\/odavprint.ee\/wp-content\/uploads\/2018\/12\/T0715.jpg\",\"contentUrl\":\"https:\/\/odavprint.ee\/wp-content\/uploads\/2018\/12\/T0715.jpg\",\"width\":650,\"height\":675},{\"@type\":\"BreadcrumbList\",\"@id\":\"https:\/\/odavprint.ee\/en\/product\/analoog-komplekt-epson-t0715-t0895-bk-c-m-y\/#breadcrumb\",\"itemListElement\":[{\"@type\":\"ListItem\",\"position\":1,\"name\":\"Home\",\"item\":\"https:\/\/odavprint.ee\/en\/\"},{\"@type\":\"ListItem\",\"position\":2,\"name\":\"Shop\",\"item\":\"https:\/\/odavprint.ee\/en\/shop\/\"},{\"@type\":\"ListItem\",\"position\":3,\"name\":\"Analoog tintide komplekt Epson T0715 \/ T0895 (BK\/C\/M\/Y)\"}]},{\"@type\":\"WebSite\",\"@id\":\"https:\/\/odavprint.ee\/en\/#website\",\"url\":\"https:\/\/odavprint.ee\/en\/\",\"name\":\"Odav Print\",\"description\":\"Just another WordPress site\",\"publisher\":{\"@id\":\"https:\/\/odavprint.ee\/en\/#organization\"},\"alternateName\":\"Kassettide, toonerite t\u00e4itmine ja m\u00fc\u00fck.\",\"potentialAction\":[{\"@type\":\"SearchAction\",\"target\":{\"@type\":\"EntryPoint\",\"urlTemplate\":\"https:\/\/odavprint.ee\/en\/?s={search_term_string}\"},\"query-input\":\"required name=search_term_string\"}],\"inLanguage\":\"en-US\"},{\"@type\":[\"Organization\",\"Place\"],\"@id\":\"https:\/\/odavprint.ee\/en\/#organization\",\"name\":\"Odav Print O\u00dc\",\"url\":\"https:\/\/odavprint.ee\/en\/\",\"logo\":{\"@id\":\"https:\/\/odavprint.ee\/en\/product\/analoog-komplekt-epson-t0715-t0895-bk-c-m-y\/#local-main-organization-logo\"},\"image\":{\"@id\":\"https:\/\/odavprint.ee\/en\/product\/analoog-komplekt-epson-t0715-t0895-bk-c-m-y\/#local-main-organization-logo\"},\"address\":{\"@id\":\"https:\/\/odavprint.ee\/en\/product\/analoog-komplekt-epson-t0715-t0895-bk-c-m-y\/#local-main-place-address\"},\"geo\":{\"@type\":\"GeoCoordinates\",\"latitude\":\"59.4306504\",\"longitude\":\"24.8095743\"},\"telephone\":[\"53836926\"],\"openingHoursSpecification\":[{\"@type\":\"OpeningHoursSpecification\",\"dayOfWeek\":[\"Monday\",\"Tuesday\",\"Wednesday\",\"Thursday\",\"Friday\",\"Saturday\",\"Sunday\"],\"opens\":\"09:00\",\"closes\":\"17:00\"}],\"email\":\"info@odavprint.eu\"},{\"@type\":\"PostalAddress\",\"@id\":\"https:\/\/odavprint.ee\/en\/product\/analoog-komplekt-epson-t0715-t0895-bk-c-m-y\/#local-main-place-address\",\"streetAddress\":\"Pae tn 28\",\"addressLocality\":\"Tallinn\",\"postalCode\":\"11415\",\"addressRegion\":\"Harjumaa\",\"addressCountry\":\"EE\"},{\"@type\":\"ImageObject\",\"inLanguage\":\"en-US\",\"@id\":\"https:\/\/odavprint.ee\/en\/product\/analoog-komplekt-epson-t0715-t0895-bk-c-m-y\/#local-main-organization-logo\",\"url\":\"https:\/\/odavprint.ee\/wp-content\/uploads\/2018\/10\/odavprint-logo-240.jpg\",\"contentUrl\":\"https:\/\/odavprint.ee\/wp-content\/uploads\/2018\/10\/odavprint-logo-240.jpg\",\"width\":240,\"height\":36,\"caption\":\"Odav Print O\u00dc\"}]}<\/script>\n<meta property=\"product:price:amount\" content=\"14.40\" \/>\n<meta property=\"product:price:currency\" content=\"EUR\" \/>\n<meta property=\"og:availability\" content=\"instock\" \/>\n<meta property=\"product:availability\" content=\"instock\" \/>\n<meta property=\"product:condition\" content=\"new\" \/>\n<meta name=\"geo.placename\" content=\"Tallinn\" \/>\n<meta name=\"geo.position\" content=\"59.4306504;24.8095743\" \/>\n<meta name=\"geo.region\" content=\"Estonia\" \/>\n<!-- \/ Yoast SEO Premium plugin. -->","yoast_head_json":{"title":"Analoog tintide komplekt Epson T0715 \/ T0895 (BK\/C\/M\/Y), hea hinnaga, osta e-pood - Odav Print","description":"Osta Analoog tintide komplekt Epson T0715 \/ T0895 (BK\/C\/M\/Y) Odav Print \u260e +372 5911 9495 \u2714\ufe0f Parim hind Analoog tintide komplekt Epson T0715 \/ T0895 (BK\/C\/M\/Y) jaoks \u26df Kiire kohaletoimetamine Eestis \u2b50 Garanteeritud","robots":{"index":"index","follow":"follow","max-snippet":"max-snippet:-1","max-image-preview":"max-image-preview:large","max-video-preview":"max-video-preview:-1"},"canonical":"https:\/\/odavprint.ee\/en\/product\/analoog-komplekt-epson-t0715-t0895-bk-c-m-y\/","og_locale":"en_US","og_type":"article","og_title":"Analoog tintide komplekt Epson T0715 \/ T0895 (BK\/C\/M\/Y)","og_description":"Osta Analoog tintide komplekt Epson T0715 \/ T0895 (BK\/C\/M\/Y) Odav Print \u260e +372 5911 9495 \u2714\ufe0f Parim hind Analoog tintide komplekt Epson T0715 \/ T0895 (BK\/C\/M\/Y) jaoks \u26df Kiire kohaletoimetamine Eestis \u2b50 Garanteeritud","og_url":"https:\/\/odavprint.ee\/en\/product\/analoog-komplekt-epson-t0715-t0895-bk-c-m-y\/","og_site_name":"Odav Print","article_modified_time":"2022-11-15T11:36:02+00:00","og_image":[{"width":650,"height":675,"url":"https:\/\/odavprint.ee\/wp-content\/uploads\/2018\/12\/T0715.jpg","type":"image\/jpeg"}],"twitter_card":"summary_large_image","twitter_misc":{"Price":"&euro;14.40","Availability":"In stock"},"schema":{"@context":"https:\/\/schema.org","@graph":[{"@type":["WebPage","ItemPage"],"@id":"https:\/\/odavprint.ee\/en\/product\/analoog-komplekt-epson-t0715-t0895-bk-c-m-y\/","url":"https:\/\/odavprint.ee\/en\/product\/analoog-komplekt-epson-t0715-t0895-bk-c-m-y\/","name":"Analoog tintide komplekt Epson T0715 \/ T0895 (BK\/C\/M\/Y), hea hinnaga, osta e-pood - Odav Print","isPartOf":{"@id":"https:\/\/odavprint.ee\/en\/#website"},"primaryImageOfPage":{"@id":"https:\/\/odavprint.ee\/en\/product\/analoog-komplekt-epson-t0715-t0895-bk-c-m-y\/#primaryimage"},"image":{"@id":"https:\/\/odavprint.ee\/en\/product\/analoog-komplekt-epson-t0715-t0895-bk-c-m-y\/#primaryimage"},"thumbnailUrl":"https:\/\/odavprint.ee\/wp-content\/uploads\/2018\/12\/T0715.jpg","datePublished":"2019-04-13T18:52:26+00:00","dateModified":"2022-11-15T11:36:02+00:00","description":"Osta Analoog tintide komplekt Epson T0715 \/ T0895 (BK\/C\/M\/Y) Odav Print \u260e +372 5911 9495 \u2714\ufe0f Parim hind Analoog tintide komplekt Epson T0715 \/ T0895 (BK\/C\/M\/Y) jaoks \u26df Kiire kohaletoimetamine Eestis \u2b50 Garanteeritud","breadcrumb":{"@id":"https:\/\/odavprint.ee\/en\/product\/analoog-komplekt-epson-t0715-t0895-bk-c-m-y\/#breadcrumb"},"inLanguage":"en-US","potentialAction":[{"@type":"ReadAction","target":["https:\/\/odavprint.ee\/en\/product\/analoog-komplekt-epson-t0715-t0895-bk-c-m-y\/"]}]},{"@type":"ImageObject","inLanguage":"en-US","@id":"https:\/\/odavprint.ee\/en\/product\/analoog-komplekt-epson-t0715-t0895-bk-c-m-y\/#primaryimage","url":"https:\/\/odavprint.ee\/wp-content\/uploads\/2018\/12\/T0715.jpg","contentUrl":"https:\/\/odavprint.ee\/wp-content\/uploads\/2018\/12\/T0715.jpg","width":650,"height":675},{"@type":"BreadcrumbList","@id":"https:\/\/odavprint.ee\/en\/product\/analoog-komplekt-epson-t0715-t0895-bk-c-m-y\/#breadcrumb","itemListElement":[{"@type":"ListItem","position":1,"name":"Home","item":"https:\/\/odavprint.ee\/en\/"},{"@type":"ListItem","position":2,"name":"Shop","item":"https:\/\/odavprint.ee\/en\/shop\/"},{"@type":"ListItem","position":3,"name":"Analoog tintide komplekt Epson T0715 \/ T0895 (BK\/C\/M\/Y)"}]},{"@type":"WebSite","@id":"https:\/\/odavprint.ee\/en\/#website","url":"https:\/\/odavprint.ee\/en\/","name":"Odav Print","description":"Just another WordPress site","publisher":{"@id":"https:\/\/odavprint.ee\/en\/#organization"},"alternateName":"Kassettide, toonerite t\u00e4itmine ja m\u00fc\u00fck.","potentialAction":[{"@type":"SearchAction","target":{"@type":"EntryPoint","urlTemplate":"https:\/\/odavprint.ee\/en\/?s={search_term_string}"},"query-input":"required name=search_term_string"}],"inLanguage":"en-US"},{"@type":["Organization","Place"],"@id":"https:\/\/odavprint.ee\/en\/#organization","name":"Odav Print O\u00dc","url":"https:\/\/odavprint.ee\/en\/","logo":{"@id":"https:\/\/odavprint.ee\/en\/product\/analoog-komplekt-epson-t0715-t0895-bk-c-m-y\/#local-main-organization-logo"},"image":{"@id":"https:\/\/odavprint.ee\/en\/product\/analoog-komplekt-epson-t0715-t0895-bk-c-m-y\/#local-main-organization-logo"},"address":{"@id":"https:\/\/odavprint.ee\/en\/product\/analoog-komplekt-epson-t0715-t0895-bk-c-m-y\/#local-main-place-address"},"geo":{"@type":"GeoCoordinates","latitude":"59.4306504","longitude":"24.8095743"},"telephone":["53836926"],"openingHoursSpecification":[{"@type":"OpeningHoursSpecification","dayOfWeek":["Monday","Tuesday","Wednesday","Thursday","Friday","Saturday","Sunday"],"opens":"09:00","closes":"17:00"}],"email":"info@odavprint.eu"},{"@type":"PostalAddress","@id":"https:\/\/odavprint.ee\/en\/product\/analoog-komplekt-epson-t0715-t0895-bk-c-m-y\/#local-main-place-address","streetAddress":"Pae tn 28","addressLocality":"Tallinn","postalCode":"11415","addressRegion":"Harjumaa","addressCountry":"EE"},{"@type":"ImageObject","inLanguage":"en-US","@id":"https:\/\/odavprint.ee\/en\/product\/analoog-komplekt-epson-t0715-t0895-bk-c-m-y\/#local-main-organization-logo","url":"https:\/\/odavprint.ee\/wp-content\/uploads\/2018\/10\/odavprint-logo-240.jpg","contentUrl":"https:\/\/odavprint.ee\/wp-content\/uploads\/2018\/10\/odavprint-logo-240.jpg","width":240,"height":36,"caption":"Odav Print O\u00dc"}]},"product_price_amount":"14.40","product_price_currency":"EUR","og_availability":"instock","product_availability":"instock","product_condition":"new","geo.placename":"Tallinn","geo.position":{"lat":"59.4306504","long":"24.8095743"},"geo.region":"Estonia"},"_links":{"self":[{"href":"https:\/\/odavprint.ee\/en\/wp-json\/wp\/v2\/product\/12896"}],"collection":[{"href":"https:\/\/odavprint.ee\/en\/wp-json\/wp\/v2\/product"}],"about":[{"href":"https:\/\/odavprint.ee\/en\/wp-json\/wp\/v2\/types\/product"}],"wp:featuredmedia":[{"embeddable":true,"href":"https:\/\/odavprint.ee\/en\/wp-json\/wp\/v2\/media\/4024"}],"wp:attachment":[{"href":"https:\/\/odavprint.ee\/en\/wp-json\/wp\/v2\/media?parent=12896"}],"wp:term":[{"taxonomy":"product_cat","embeddable":true,"href":"https:\/\/odavprint.ee\/en\/wp-json\/wp\/v2\/product_cat?post=12896"},{"taxonomy":"product_tag","embeddable":true,"href":"https:\/\/odavprint.ee\/en\/wp-json\/wp\/v2\/product_tag?post=12896"}],"curies":[{"name":"wp","href":"https:\/\/api.w.org\/{rel}","templated":true}]}}