{"id":12972,"date":"2019-04-13T21:53:21","date_gmt":"2019-04-13T18:53:21","guid":{"rendered":"https:\/\/odavprint.preview.ee\/product\/analoog-komplekt-canon-pgi-550-pgbk-cli-551-c-m-y-bk\/"},"modified":"2025-09-30T11:22:15","modified_gmt":"2025-09-30T08:22:15","slug":"analoog-komplekt-canon-pgi-550-pgbk-cli-551-c-m-y-bk","status":"publish","type":"product","link":"https:\/\/odavprint.ee\/en\/product\/analoog-komplekt-canon-pgi-550-pgbk-cli-551-c-m-y-bk\/","title":{"rendered":"Analoog tintide komplekt Canon PGI-550XL (PGBK) \/ CLI-551XL (C\/M\/Y\/BK)"},"content":{"rendered":"<p>Canon Pixma iP7200, Canon Pixma iP7250, Canon Pixma iP8700, Canon Pixma iP8750, Canon Pixma iX6850, Canon Pixma MG5450, Canon Pixma MG5450S, Canon Pixma MG5550, Canon Pixma MG5600, Canon Pixma MG5650, Canon Pixma MG6350, Canon Pixma MG6450, Canon Pixma MG6600, Canon Pixma MG6650, Canon Pixma MG7150, Canon Pixma MG7500, Canon Pixma MG7550, Canon Pixma MX725, Canon Pixma MX920, Canon Pixma MX925, Canon Pixma iP7240, Canon Pixma iX6850, Canon Pixma iX6800<\/p>\n","protected":false},"excerpt":{"rendered":"<p>Canon Pixma iP7200, Canon Pixma iP7250, Canon Pixma iP8700, Canon Pixma iP8750, Canon Pixma iX6850, Canon Pixma MG5450, Canon Pixma MG5450S, Canon Pixma MG5550, Canon Pixma MG5600, Canon Pixma MG5650, Canon Pixma MG6350, Canon Pixma MG6450, Canon Pixma MG6600, Canon Pixma MG6650, Canon Pixma MG7150, Canon Pixma MG7500, Canon Pixma MG7550, Canon Pixma MX725, Canon [&#8230;]\n","protected":false},"featured_media":4167,"template":"","meta":{"inline_featured_image":false},"product_cat":[10770],"product_tag":[],"yoast_head":"<!-- This site is optimized with the Yoast SEO Premium plugin v23.0 (Yoast SEO v23.0) - https:\/\/yoast.com\/wordpress\/plugins\/seo\/ -->\n<title>Analoog tintide komplekt Canon PGI-550XL (PGBK) \/ CLI-551XL (C\/M\/Y\/BK), hea hinnaga, osta e-pood - Odav Print<\/title>\n<meta name=\"description\" content=\"Osta Analoog tintide komplekt Canon PGI-550XL (PGBK) \/ CLI-551XL (C\/M\/Y\/BK) Odav Print \u260e +372 5911 9495 \u2714\ufe0f Parim hind Analoog tintide komplekt Canon PGI-550XL (PGBK) \/ CLI-551XL (C\/M\/Y\/BK) jaoks \u26df Kiire kohaletoimetamine Eestis \u2b50 Garanteeritud\" \/>\n<meta name=\"robots\" content=\"index, follow, max-snippet:-1, max-image-preview:large, max-video-preview:-1\" \/>\n<link rel=\"canonical\" href=\"https:\/\/odavprint.ee\/en\/product\/analoog-komplekt-canon-pgi-550-pgbk-cli-551-c-m-y-bk\/\" \/>\n<meta property=\"og:locale\" content=\"en_US\" \/>\n<meta property=\"og:type\" content=\"article\" \/>\n<meta property=\"og:title\" content=\"Analoog tintide komplekt Canon PGI-550XL (PGBK) \/ CLI-551XL (C\/M\/Y\/BK)\" \/>\n<meta property=\"og:description\" content=\"Osta Analoog tintide komplekt Canon PGI-550XL (PGBK) \/ CLI-551XL (C\/M\/Y\/BK) Odav Print \u260e +372 5911 9495 \u2714\ufe0f Parim hind Analoog tintide komplekt Canon PGI-550XL (PGBK) \/ CLI-551XL (C\/M\/Y\/BK) jaoks \u26df Kiire kohaletoimetamine Eestis \u2b50 Garanteeritud\" \/>\n<meta property=\"og:url\" content=\"https:\/\/odavprint.ee\/en\/product\/analoog-komplekt-canon-pgi-550-pgbk-cli-551-c-m-y-bk\/\" \/>\n<meta property=\"og:site_name\" content=\"Odav Print\" \/>\n<meta property=\"article:modified_time\" content=\"2025-09-30T08:22:15+00:00\" \/>\n<meta property=\"og:image\" content=\"https:\/\/odavprint.ee\/wp-content\/uploads\/2018\/12\/551XL-SET.jpg\" \/>\n\t<meta property=\"og:image:width\" content=\"640\" \/>\n\t<meta property=\"og:image:height\" content=\"640\" \/>\n\t<meta property=\"og:image:type\" content=\"image\/jpeg\" \/>\n<meta name=\"twitter:card\" content=\"summary_large_image\" \/>\n<meta name=\"twitter:label1\" content=\"Price\" \/>\n\t<meta name=\"twitter:data1\" content=\"&euro;12.50\" \/>\n\t<meta name=\"twitter:label2\" content=\"Availability\" \/>\n\t<meta name=\"twitter:data2\" content=\"In stock\" \/>\n<script type=\"application\/ld+json\" class=\"yoast-schema-graph\">{\"@context\":\"https:\/\/schema.org\",\"@graph\":[{\"@type\":[\"WebPage\",\"ItemPage\"],\"@id\":\"https:\/\/odavprint.ee\/en\/product\/analoog-komplekt-canon-pgi-550-pgbk-cli-551-c-m-y-bk\/\",\"url\":\"https:\/\/odavprint.ee\/en\/product\/analoog-komplekt-canon-pgi-550-pgbk-cli-551-c-m-y-bk\/\",\"name\":\"Analoog tintide komplekt Canon PGI-550XL (PGBK) \/ CLI-551XL (C\/M\/Y\/BK), hea hinnaga, osta e-pood - Odav Print\",\"isPartOf\":{\"@id\":\"https:\/\/odavprint.ee\/en\/#website\"},\"primaryImageOfPage\":{\"@id\":\"https:\/\/odavprint.ee\/en\/product\/analoog-komplekt-canon-pgi-550-pgbk-cli-551-c-m-y-bk\/#primaryimage\"},\"image\":{\"@id\":\"https:\/\/odavprint.ee\/en\/product\/analoog-komplekt-canon-pgi-550-pgbk-cli-551-c-m-y-bk\/#primaryimage\"},\"thumbnailUrl\":\"https:\/\/odavprint.ee\/wp-content\/uploads\/2018\/12\/551XL-SET.jpg\",\"datePublished\":\"2019-04-13T18:53:21+00:00\",\"dateModified\":\"2025-09-30T08:22:15+00:00\",\"description\":\"Osta Analoog tintide komplekt Canon PGI-550XL (PGBK) \/ CLI-551XL (C\/M\/Y\/BK) Odav Print \u260e +372 5911 9495 \u2714\ufe0f Parim hind Analoog tintide komplekt Canon PGI-550XL (PGBK) \/ CLI-551XL (C\/M\/Y\/BK) jaoks \u26df Kiire kohaletoimetamine Eestis \u2b50 Garanteeritud\",\"breadcrumb\":{\"@id\":\"https:\/\/odavprint.ee\/en\/product\/analoog-komplekt-canon-pgi-550-pgbk-cli-551-c-m-y-bk\/#breadcrumb\"},\"inLanguage\":\"en-US\",\"potentialAction\":[{\"@type\":\"ReadAction\",\"target\":[\"https:\/\/odavprint.ee\/en\/product\/analoog-komplekt-canon-pgi-550-pgbk-cli-551-c-m-y-bk\/\"]}]},{\"@type\":\"ImageObject\",\"inLanguage\":\"en-US\",\"@id\":\"https:\/\/odavprint.ee\/en\/product\/analoog-komplekt-canon-pgi-550-pgbk-cli-551-c-m-y-bk\/#primaryimage\",\"url\":\"https:\/\/odavprint.ee\/wp-content\/uploads\/2018\/12\/551XL-SET.jpg\",\"contentUrl\":\"https:\/\/odavprint.ee\/wp-content\/uploads\/2018\/12\/551XL-SET.jpg\",\"width\":640,\"height\":640},{\"@type\":\"BreadcrumbList\",\"@id\":\"https:\/\/odavprint.ee\/en\/product\/analoog-komplekt-canon-pgi-550-pgbk-cli-551-c-m-y-bk\/#breadcrumb\",\"itemListElement\":[{\"@type\":\"ListItem\",\"position\":1,\"name\":\"Home\",\"item\":\"https:\/\/odavprint.ee\/en\/\"},{\"@type\":\"ListItem\",\"position\":2,\"name\":\"Shop\",\"item\":\"https:\/\/odavprint.ee\/en\/shop\/\"},{\"@type\":\"ListItem\",\"position\":3,\"name\":\"Analoog tintide komplekt Canon PGI-550XL (PGBK) \/ CLI-551XL (C\/M\/Y\/BK)\"}]},{\"@type\":\"WebSite\",\"@id\":\"https:\/\/odavprint.ee\/en\/#website\",\"url\":\"https:\/\/odavprint.ee\/en\/\",\"name\":\"Odav Print\",\"description\":\"Just another WordPress site\",\"publisher\":{\"@id\":\"https:\/\/odavprint.ee\/en\/#organization\"},\"alternateName\":\"Kassettide, toonerite t\u00e4itmine ja m\u00fc\u00fck.\",\"potentialAction\":[{\"@type\":\"SearchAction\",\"target\":{\"@type\":\"EntryPoint\",\"urlTemplate\":\"https:\/\/odavprint.ee\/en\/?s={search_term_string}\"},\"query-input\":\"required name=search_term_string\"}],\"inLanguage\":\"en-US\"},{\"@type\":[\"Organization\",\"Place\"],\"@id\":\"https:\/\/odavprint.ee\/en\/#organization\",\"name\":\"Odav Print O\u00dc\",\"url\":\"https:\/\/odavprint.ee\/en\/\",\"logo\":{\"@id\":\"https:\/\/odavprint.ee\/en\/product\/analoog-komplekt-canon-pgi-550-pgbk-cli-551-c-m-y-bk\/#local-main-organization-logo\"},\"image\":{\"@id\":\"https:\/\/odavprint.ee\/en\/product\/analoog-komplekt-canon-pgi-550-pgbk-cli-551-c-m-y-bk\/#local-main-organization-logo\"},\"address\":{\"@id\":\"https:\/\/odavprint.ee\/en\/product\/analoog-komplekt-canon-pgi-550-pgbk-cli-551-c-m-y-bk\/#local-main-place-address\"},\"geo\":{\"@type\":\"GeoCoordinates\",\"latitude\":\"59.4306504\",\"longitude\":\"24.8095743\"},\"telephone\":[\"53836926\"],\"openingHoursSpecification\":[{\"@type\":\"OpeningHoursSpecification\",\"dayOfWeek\":[\"Monday\",\"Tuesday\",\"Wednesday\",\"Thursday\",\"Friday\",\"Saturday\",\"Sunday\"],\"opens\":\"09:00\",\"closes\":\"17:00\"}],\"email\":\"info@odavprint.eu\"},{\"@type\":\"PostalAddress\",\"@id\":\"https:\/\/odavprint.ee\/en\/product\/analoog-komplekt-canon-pgi-550-pgbk-cli-551-c-m-y-bk\/#local-main-place-address\",\"streetAddress\":\"Pae tn 28\",\"addressLocality\":\"Tallinn\",\"postalCode\":\"11415\",\"addressRegion\":\"Harjumaa\",\"addressCountry\":\"EE\"},{\"@type\":\"ImageObject\",\"inLanguage\":\"en-US\",\"@id\":\"https:\/\/odavprint.ee\/en\/product\/analoog-komplekt-canon-pgi-550-pgbk-cli-551-c-m-y-bk\/#local-main-organization-logo\",\"url\":\"https:\/\/odavprint.ee\/wp-content\/uploads\/2018\/10\/odavprint-logo-240.jpg\",\"contentUrl\":\"https:\/\/odavprint.ee\/wp-content\/uploads\/2018\/10\/odavprint-logo-240.jpg\",\"width\":240,\"height\":36,\"caption\":\"Odav Print O\u00dc\"}]}<\/script>\n<meta property=\"product:price:amount\" content=\"12.50\" \/>\n<meta property=\"product:price:currency\" content=\"EUR\" \/>\n<meta property=\"og:availability\" content=\"instock\" \/>\n<meta property=\"product:availability\" content=\"instock\" \/>\n<meta property=\"product:condition\" content=\"new\" \/>\n<meta name=\"geo.placename\" content=\"Tallinn\" \/>\n<meta name=\"geo.position\" content=\"59.4306504;24.8095743\" \/>\n<meta name=\"geo.region\" content=\"Estonia\" \/>\n<!-- \/ Yoast SEO Premium plugin. -->","yoast_head_json":{"title":"Analoog tintide komplekt Canon PGI-550XL (PGBK) \/ CLI-551XL (C\/M\/Y\/BK), hea hinnaga, osta e-pood - Odav Print","description":"Osta Analoog tintide komplekt Canon PGI-550XL (PGBK) \/ CLI-551XL (C\/M\/Y\/BK) Odav Print \u260e +372 5911 9495 \u2714\ufe0f Parim hind Analoog tintide komplekt Canon PGI-550XL (PGBK) \/ CLI-551XL (C\/M\/Y\/BK) jaoks \u26df Kiire kohaletoimetamine Eestis \u2b50 Garanteeritud","robots":{"index":"index","follow":"follow","max-snippet":"max-snippet:-1","max-image-preview":"max-image-preview:large","max-video-preview":"max-video-preview:-1"},"canonical":"https:\/\/odavprint.ee\/en\/product\/analoog-komplekt-canon-pgi-550-pgbk-cli-551-c-m-y-bk\/","og_locale":"en_US","og_type":"article","og_title":"Analoog tintide komplekt Canon PGI-550XL (PGBK) \/ CLI-551XL (C\/M\/Y\/BK)","og_description":"Osta Analoog tintide komplekt Canon PGI-550XL (PGBK) \/ CLI-551XL (C\/M\/Y\/BK) Odav Print \u260e +372 5911 9495 \u2714\ufe0f Parim hind Analoog tintide komplekt Canon PGI-550XL (PGBK) \/ CLI-551XL (C\/M\/Y\/BK) jaoks \u26df Kiire kohaletoimetamine Eestis \u2b50 Garanteeritud","og_url":"https:\/\/odavprint.ee\/en\/product\/analoog-komplekt-canon-pgi-550-pgbk-cli-551-c-m-y-bk\/","og_site_name":"Odav Print","article_modified_time":"2025-09-30T08:22:15+00:00","og_image":[{"width":640,"height":640,"url":"https:\/\/odavprint.ee\/wp-content\/uploads\/2018\/12\/551XL-SET.jpg","type":"image\/jpeg"}],"twitter_card":"summary_large_image","twitter_misc":{"Price":"&euro;12.50","Availability":"In stock"},"schema":{"@context":"https:\/\/schema.org","@graph":[{"@type":["WebPage","ItemPage"],"@id":"https:\/\/odavprint.ee\/en\/product\/analoog-komplekt-canon-pgi-550-pgbk-cli-551-c-m-y-bk\/","url":"https:\/\/odavprint.ee\/en\/product\/analoog-komplekt-canon-pgi-550-pgbk-cli-551-c-m-y-bk\/","name":"Analoog tintide komplekt Canon PGI-550XL (PGBK) \/ CLI-551XL (C\/M\/Y\/BK), hea hinnaga, osta e-pood - Odav Print","isPartOf":{"@id":"https:\/\/odavprint.ee\/en\/#website"},"primaryImageOfPage":{"@id":"https:\/\/odavprint.ee\/en\/product\/analoog-komplekt-canon-pgi-550-pgbk-cli-551-c-m-y-bk\/#primaryimage"},"image":{"@id":"https:\/\/odavprint.ee\/en\/product\/analoog-komplekt-canon-pgi-550-pgbk-cli-551-c-m-y-bk\/#primaryimage"},"thumbnailUrl":"https:\/\/odavprint.ee\/wp-content\/uploads\/2018\/12\/551XL-SET.jpg","datePublished":"2019-04-13T18:53:21+00:00","dateModified":"2025-09-30T08:22:15+00:00","description":"Osta Analoog tintide komplekt Canon PGI-550XL (PGBK) \/ CLI-551XL (C\/M\/Y\/BK) Odav Print \u260e +372 5911 9495 \u2714\ufe0f Parim hind Analoog tintide komplekt Canon PGI-550XL (PGBK) \/ CLI-551XL (C\/M\/Y\/BK) jaoks \u26df Kiire kohaletoimetamine Eestis \u2b50 Garanteeritud","breadcrumb":{"@id":"https:\/\/odavprint.ee\/en\/product\/analoog-komplekt-canon-pgi-550-pgbk-cli-551-c-m-y-bk\/#breadcrumb"},"inLanguage":"en-US","potentialAction":[{"@type":"ReadAction","target":["https:\/\/odavprint.ee\/en\/product\/analoog-komplekt-canon-pgi-550-pgbk-cli-551-c-m-y-bk\/"]}]},{"@type":"ImageObject","inLanguage":"en-US","@id":"https:\/\/odavprint.ee\/en\/product\/analoog-komplekt-canon-pgi-550-pgbk-cli-551-c-m-y-bk\/#primaryimage","url":"https:\/\/odavprint.ee\/wp-content\/uploads\/2018\/12\/551XL-SET.jpg","contentUrl":"https:\/\/odavprint.ee\/wp-content\/uploads\/2018\/12\/551XL-SET.jpg","width":640,"height":640},{"@type":"BreadcrumbList","@id":"https:\/\/odavprint.ee\/en\/product\/analoog-komplekt-canon-pgi-550-pgbk-cli-551-c-m-y-bk\/#breadcrumb","itemListElement":[{"@type":"ListItem","position":1,"name":"Home","item":"https:\/\/odavprint.ee\/en\/"},{"@type":"ListItem","position":2,"name":"Shop","item":"https:\/\/odavprint.ee\/en\/shop\/"},{"@type":"ListItem","position":3,"name":"Analoog tintide komplekt Canon PGI-550XL (PGBK) \/ CLI-551XL (C\/M\/Y\/BK)"}]},{"@type":"WebSite","@id":"https:\/\/odavprint.ee\/en\/#website","url":"https:\/\/odavprint.ee\/en\/","name":"Odav Print","description":"Just another WordPress site","publisher":{"@id":"https:\/\/odavprint.ee\/en\/#organization"},"alternateName":"Kassettide, toonerite t\u00e4itmine ja m\u00fc\u00fck.","potentialAction":[{"@type":"SearchAction","target":{"@type":"EntryPoint","urlTemplate":"https:\/\/odavprint.ee\/en\/?s={search_term_string}"},"query-input":"required name=search_term_string"}],"inLanguage":"en-US"},{"@type":["Organization","Place"],"@id":"https:\/\/odavprint.ee\/en\/#organization","name":"Odav Print O\u00dc","url":"https:\/\/odavprint.ee\/en\/","logo":{"@id":"https:\/\/odavprint.ee\/en\/product\/analoog-komplekt-canon-pgi-550-pgbk-cli-551-c-m-y-bk\/#local-main-organization-logo"},"image":{"@id":"https:\/\/odavprint.ee\/en\/product\/analoog-komplekt-canon-pgi-550-pgbk-cli-551-c-m-y-bk\/#local-main-organization-logo"},"address":{"@id":"https:\/\/odavprint.ee\/en\/product\/analoog-komplekt-canon-pgi-550-pgbk-cli-551-c-m-y-bk\/#local-main-place-address"},"geo":{"@type":"GeoCoordinates","latitude":"59.4306504","longitude":"24.8095743"},"telephone":["53836926"],"openingHoursSpecification":[{"@type":"OpeningHoursSpecification","dayOfWeek":["Monday","Tuesday","Wednesday","Thursday","Friday","Saturday","Sunday"],"opens":"09:00","closes":"17:00"}],"email":"info@odavprint.eu"},{"@type":"PostalAddress","@id":"https:\/\/odavprint.ee\/en\/product\/analoog-komplekt-canon-pgi-550-pgbk-cli-551-c-m-y-bk\/#local-main-place-address","streetAddress":"Pae tn 28","addressLocality":"Tallinn","postalCode":"11415","addressRegion":"Harjumaa","addressCountry":"EE"},{"@type":"ImageObject","inLanguage":"en-US","@id":"https:\/\/odavprint.ee\/en\/product\/analoog-komplekt-canon-pgi-550-pgbk-cli-551-c-m-y-bk\/#local-main-organization-logo","url":"https:\/\/odavprint.ee\/wp-content\/uploads\/2018\/10\/odavprint-logo-240.jpg","contentUrl":"https:\/\/odavprint.ee\/wp-content\/uploads\/2018\/10\/odavprint-logo-240.jpg","width":240,"height":36,"caption":"Odav Print O\u00dc"}]},"product_price_amount":"12.50","product_price_currency":"EUR","og_availability":"instock","product_availability":"instock","product_condition":"new","geo.placename":"Tallinn","geo.position":{"lat":"59.4306504","long":"24.8095743"},"geo.region":"Estonia"},"_links":{"self":[{"href":"https:\/\/odavprint.ee\/en\/wp-json\/wp\/v2\/product\/12972"}],"collection":[{"href":"https:\/\/odavprint.ee\/en\/wp-json\/wp\/v2\/product"}],"about":[{"href":"https:\/\/odavprint.ee\/en\/wp-json\/wp\/v2\/types\/product"}],"wp:featuredmedia":[{"embeddable":true,"href":"https:\/\/odavprint.ee\/en\/wp-json\/wp\/v2\/media\/4167"}],"wp:attachment":[{"href":"https:\/\/odavprint.ee\/en\/wp-json\/wp\/v2\/media?parent=12972"}],"wp:term":[{"taxonomy":"product_cat","embeddable":true,"href":"https:\/\/odavprint.ee\/en\/wp-json\/wp\/v2\/product_cat?post=12972"},{"taxonomy":"product_tag","embeddable":true,"href":"https:\/\/odavprint.ee\/en\/wp-json\/wp\/v2\/product_tag?post=12972"}],"curies":[{"name":"wp","href":"https:\/\/api.w.org\/{rel}","templated":true}]}}