{"id":154099,"date":"2022-01-19T15:20:34","date_gmt":"2022-01-19T13:20:34","guid":{"rendered":"https:\/\/odavprint.ee\/product\/canon-drum-unit-c-exv-47-magenta-8522b002aa\/"},"modified":"2024-02-19T11:39:00","modified_gmt":"2024-02-19T09:39:00","slug":"canon-drum-unit-c-exv-47-magenta-8522b002aa","status":"publish","type":"product","link":"https:\/\/odavprint.ee\/en\/product\/canon-drum-unit-c-exv-47-magenta-8522b002aa\/","title":{"rendered":"Canon Drum Unit C-EXV 47 Magenta (8522B002AA)"},"content":{"rendered":"<p><strong>Suitable for use in:<\/strong><\/p>\n<p>Canon imageRUNNER iRC250i<br \/>Canon imageRUNNER iRC350i<br \/>Canon imageRUNNER Advance iRC250i<br \/>Canon imageRUNNER Advance iRC250iF<br \/>Canon imageRUNNER Advance iRC255i<br \/>Canon imageRUNNER Advance iRC255iF<br \/>Canon imageRUNNER Advance iRC350i<br \/>Canon imageRUNNER Advance iRC350iF<br \/>Canon imageRUNNER Advance iRC350p<br \/>Canon imageRUNNER Advance iRC351iF<br \/>Canon imageRUNNER Advance iRC355i<br \/>Canon imageRUNNER Advance iRC355iFC<br \/>Canon imageRUNNER Advance iRC355P<br \/>Canon imageRUNNER iRC250iF<br \/>Canon imageRUNNER iRC255i<br \/>Canon imageRUNNER iRC255iF<br \/>Canon imageRUNNER iRC350iF<br \/>Canon imageRUNNER iRC350p<br \/>Canon imageRUNNER iRC351iF<br \/>Canon imageRUNNER iRC355i<br \/>Canon imageRUNNER iRC355iFC<br \/>Canon imageRUNNER iRC355P<\/p>\n","protected":false},"excerpt":{"rendered":"<p>Suitable for use in: Canon imageRUNNER iRC250iCanon imageRUNNER iRC350iCanon imageRUNNER Advance iRC250iCanon imageRUNNER Advance iRC250iFCanon imageRUNNER Advance iRC255iCanon imageRUNNER Advance iRC255iFCanon imageRUNNER Advance iRC350iCanon imageRUNNER Advance iRC350iFCanon imageRUNNER Advance iRC350pCanon imageRUNNER Advance iRC351iFCanon imageRUNNER Advance iRC355iCanon imageRUNNER Advance iRC355iFCCanon imageRUNNER Advance iRC355PCanon imageRUNNER iRC250iFCanon imageRUNNER iRC255iCanon imageRUNNER iRC255iFCanon imageRUNNER iRC350iFCanon imageRUNNER iRC350pCanon imageRUNNER iRC351iFCanon imageRUNNER [&#8230;]\n","protected":false},"featured_media":154100,"template":"","meta":{"inline_featured_image":false},"product_cat":[12832],"product_tag":[],"yoast_head":"<!-- This site is optimized with the Yoast SEO Premium plugin v23.0 (Yoast SEO v23.0) - https:\/\/yoast.com\/wordpress\/plugins\/seo\/ -->\n<title>Canon Drum Unit C-EXV 47 Magenta (8522B002AA), hea hinnaga, osta e-pood - Odav Print<\/title>\n<meta name=\"description\" content=\"Osta Canon Drum Unit C-EXV 47 Magenta (8522B002AA) Odav Print \u260e +372 5911 9495 \u2714\ufe0f Parim hind Canon Drum Unit C-EXV 47 Magenta (8522B002AA) jaoks \u26df Kiire kohaletoimetamine Eestis \u2b50 Garanteeritud\" \/>\n<meta name=\"robots\" content=\"index, follow, max-snippet:-1, max-image-preview:large, max-video-preview:-1\" \/>\n<link rel=\"canonical\" href=\"https:\/\/odavprint.ee\/en\/product\/canon-drum-unit-c-exv-47-magenta-8522b002aa\/\" \/>\n<meta property=\"og:locale\" content=\"en_US\" \/>\n<meta property=\"og:type\" content=\"article\" \/>\n<meta property=\"og:title\" content=\"Canon Drum Unit C-EXV 47 Magenta (8522B002AA)\" \/>\n<meta property=\"og:description\" content=\"Osta Canon Drum Unit C-EXV 47 Magenta (8522B002AA) Odav Print \u260e +372 5911 9495 \u2714\ufe0f Parim hind Canon Drum Unit C-EXV 47 Magenta (8522B002AA) jaoks \u26df Kiire kohaletoimetamine Eestis \u2b50 Garanteeritud\" \/>\n<meta property=\"og:url\" content=\"https:\/\/odavprint.ee\/en\/product\/canon-drum-unit-c-exv-47-magenta-8522b002aa\/\" \/>\n<meta property=\"og:site_name\" content=\"Odav Print\" \/>\n<meta property=\"article:modified_time\" content=\"2024-02-19T09:39:00+00:00\" \/>\n<meta property=\"og:image\" content=\"https:\/\/odavprint.ee\/wp-content\/uploads\/2022\/01\/154099_8522b002.png\" \/>\n\t<meta property=\"og:image:width\" content=\"318\" \/>\n\t<meta property=\"og:image:height\" content=\"212\" \/>\n\t<meta property=\"og:image:type\" content=\"image\/png\" \/>\n<meta name=\"twitter:card\" content=\"summary_large_image\" \/>\n<meta name=\"twitter:label1\" content=\"Price\" \/>\n\t<meta name=\"twitter:data1\" content=\"&euro;165.70\" \/>\n\t<meta name=\"twitter:label2\" content=\"Availability\" \/>\n\t<meta name=\"twitter:data2\" content=\"In stock\" \/>\n<script type=\"application\/ld+json\" class=\"yoast-schema-graph\">{\"@context\":\"https:\/\/schema.org\",\"@graph\":[{\"@type\":[\"WebPage\",\"ItemPage\"],\"@id\":\"https:\/\/odavprint.ee\/en\/product\/canon-drum-unit-c-exv-47-magenta-8522b002aa\/\",\"url\":\"https:\/\/odavprint.ee\/en\/product\/canon-drum-unit-c-exv-47-magenta-8522b002aa\/\",\"name\":\"Canon Drum Unit C-EXV 47 Magenta (8522B002AA), hea hinnaga, osta e-pood - Odav Print\",\"isPartOf\":{\"@id\":\"https:\/\/odavprint.ee\/en\/#website\"},\"primaryImageOfPage\":{\"@id\":\"https:\/\/odavprint.ee\/en\/product\/canon-drum-unit-c-exv-47-magenta-8522b002aa\/#primaryimage\"},\"image\":{\"@id\":\"https:\/\/odavprint.ee\/en\/product\/canon-drum-unit-c-exv-47-magenta-8522b002aa\/#primaryimage\"},\"thumbnailUrl\":\"https:\/\/odavprint.ee\/wp-content\/uploads\/2022\/01\/154099_8522b002.png\",\"datePublished\":\"2022-01-19T13:20:34+00:00\",\"dateModified\":\"2024-02-19T09:39:00+00:00\",\"description\":\"Osta Canon Drum Unit C-EXV 47 Magenta (8522B002AA) Odav Print \u260e +372 5911 9495 \u2714\ufe0f Parim hind Canon Drum Unit C-EXV 47 Magenta (8522B002AA) jaoks \u26df Kiire kohaletoimetamine Eestis \u2b50 Garanteeritud\",\"breadcrumb\":{\"@id\":\"https:\/\/odavprint.ee\/en\/product\/canon-drum-unit-c-exv-47-magenta-8522b002aa\/#breadcrumb\"},\"inLanguage\":\"en-US\",\"potentialAction\":[{\"@type\":\"ReadAction\",\"target\":[\"https:\/\/odavprint.ee\/en\/product\/canon-drum-unit-c-exv-47-magenta-8522b002aa\/\"]}]},{\"@type\":\"ImageObject\",\"inLanguage\":\"en-US\",\"@id\":\"https:\/\/odavprint.ee\/en\/product\/canon-drum-unit-c-exv-47-magenta-8522b002aa\/#primaryimage\",\"url\":\"https:\/\/odavprint.ee\/wp-content\/uploads\/2022\/01\/154099_8522b002.png\",\"contentUrl\":\"https:\/\/odavprint.ee\/wp-content\/uploads\/2022\/01\/154099_8522b002.png\",\"width\":318,\"height\":212},{\"@type\":\"BreadcrumbList\",\"@id\":\"https:\/\/odavprint.ee\/en\/product\/canon-drum-unit-c-exv-47-magenta-8522b002aa\/#breadcrumb\",\"itemListElement\":[{\"@type\":\"ListItem\",\"position\":1,\"name\":\"Home\",\"item\":\"https:\/\/odavprint.ee\/en\/\"},{\"@type\":\"ListItem\",\"position\":2,\"name\":\"Shop\",\"item\":\"https:\/\/odavprint.ee\/en\/shop\/\"},{\"@type\":\"ListItem\",\"position\":3,\"name\":\"Canon Drum Unit C-EXV 47 Magenta (8522B002AA)\"}]},{\"@type\":\"WebSite\",\"@id\":\"https:\/\/odavprint.ee\/en\/#website\",\"url\":\"https:\/\/odavprint.ee\/en\/\",\"name\":\"Odav Print\",\"description\":\"Just another WordPress site\",\"publisher\":{\"@id\":\"https:\/\/odavprint.ee\/en\/#organization\"},\"alternateName\":\"Kassettide, toonerite t\u00e4itmine ja m\u00fc\u00fck.\",\"potentialAction\":[{\"@type\":\"SearchAction\",\"target\":{\"@type\":\"EntryPoint\",\"urlTemplate\":\"https:\/\/odavprint.ee\/en\/?s={search_term_string}\"},\"query-input\":\"required name=search_term_string\"}],\"inLanguage\":\"en-US\"},{\"@type\":[\"Organization\",\"Place\"],\"@id\":\"https:\/\/odavprint.ee\/en\/#organization\",\"name\":\"Odav Print O\u00dc\",\"url\":\"https:\/\/odavprint.ee\/en\/\",\"logo\":{\"@id\":\"https:\/\/odavprint.ee\/en\/product\/canon-drum-unit-c-exv-47-magenta-8522b002aa\/#local-main-organization-logo\"},\"image\":{\"@id\":\"https:\/\/odavprint.ee\/en\/product\/canon-drum-unit-c-exv-47-magenta-8522b002aa\/#local-main-organization-logo\"},\"address\":{\"@id\":\"https:\/\/odavprint.ee\/en\/product\/canon-drum-unit-c-exv-47-magenta-8522b002aa\/#local-main-place-address\"},\"geo\":{\"@type\":\"GeoCoordinates\",\"latitude\":\"59.4306504\",\"longitude\":\"24.8095743\"},\"telephone\":[\"53836926\"],\"openingHoursSpecification\":[{\"@type\":\"OpeningHoursSpecification\",\"dayOfWeek\":[\"Monday\",\"Tuesday\",\"Wednesday\",\"Thursday\",\"Friday\",\"Saturday\",\"Sunday\"],\"opens\":\"09:00\",\"closes\":\"17:00\"}],\"email\":\"info@odavprint.eu\"},{\"@type\":\"PostalAddress\",\"@id\":\"https:\/\/odavprint.ee\/en\/product\/canon-drum-unit-c-exv-47-magenta-8522b002aa\/#local-main-place-address\",\"streetAddress\":\"Pae tn 28\",\"addressLocality\":\"Tallinn\",\"postalCode\":\"11415\",\"addressRegion\":\"Harjumaa\",\"addressCountry\":\"EE\"},{\"@type\":\"ImageObject\",\"inLanguage\":\"en-US\",\"@id\":\"https:\/\/odavprint.ee\/en\/product\/canon-drum-unit-c-exv-47-magenta-8522b002aa\/#local-main-organization-logo\",\"url\":\"https:\/\/odavprint.ee\/wp-content\/uploads\/2018\/10\/odavprint-logo-240.jpg\",\"contentUrl\":\"https:\/\/odavprint.ee\/wp-content\/uploads\/2018\/10\/odavprint-logo-240.jpg\",\"width\":240,\"height\":36,\"caption\":\"Odav Print O\u00dc\"}]}<\/script>\n<meta property=\"product:price:amount\" content=\"165.70\" \/>\n<meta property=\"product:price:currency\" content=\"EUR\" \/>\n<meta property=\"og:availability\" content=\"instock\" \/>\n<meta property=\"product:availability\" content=\"instock\" \/>\n<meta property=\"product:retailer_item_id\" content=\"8522B002\" \/>\n<meta property=\"product:condition\" content=\"new\" \/>\n<meta name=\"geo.placename\" content=\"Tallinn\" \/>\n<meta name=\"geo.position\" content=\"59.4306504;24.8095743\" \/>\n<meta name=\"geo.region\" content=\"Estonia\" \/>\n<!-- \/ Yoast SEO Premium plugin. -->","yoast_head_json":{"title":"Canon Drum Unit C-EXV 47 Magenta (8522B002AA), hea hinnaga, osta e-pood - Odav Print","description":"Osta Canon Drum Unit C-EXV 47 Magenta (8522B002AA) Odav Print \u260e +372 5911 9495 \u2714\ufe0f Parim hind Canon Drum Unit C-EXV 47 Magenta (8522B002AA) jaoks \u26df Kiire kohaletoimetamine Eestis \u2b50 Garanteeritud","robots":{"index":"index","follow":"follow","max-snippet":"max-snippet:-1","max-image-preview":"max-image-preview:large","max-video-preview":"max-video-preview:-1"},"canonical":"https:\/\/odavprint.ee\/en\/product\/canon-drum-unit-c-exv-47-magenta-8522b002aa\/","og_locale":"en_US","og_type":"article","og_title":"Canon Drum Unit C-EXV 47 Magenta (8522B002AA)","og_description":"Osta Canon Drum Unit C-EXV 47 Magenta (8522B002AA) Odav Print \u260e +372 5911 9495 \u2714\ufe0f Parim hind Canon Drum Unit C-EXV 47 Magenta (8522B002AA) jaoks \u26df Kiire kohaletoimetamine Eestis \u2b50 Garanteeritud","og_url":"https:\/\/odavprint.ee\/en\/product\/canon-drum-unit-c-exv-47-magenta-8522b002aa\/","og_site_name":"Odav Print","article_modified_time":"2024-02-19T09:39:00+00:00","og_image":[{"width":318,"height":212,"url":"https:\/\/odavprint.ee\/wp-content\/uploads\/2022\/01\/154099_8522b002.png","type":"image\/png"}],"twitter_card":"summary_large_image","twitter_misc":{"Price":"&euro;165.70","Availability":"In stock"},"schema":{"@context":"https:\/\/schema.org","@graph":[{"@type":["WebPage","ItemPage"],"@id":"https:\/\/odavprint.ee\/en\/product\/canon-drum-unit-c-exv-47-magenta-8522b002aa\/","url":"https:\/\/odavprint.ee\/en\/product\/canon-drum-unit-c-exv-47-magenta-8522b002aa\/","name":"Canon Drum Unit C-EXV 47 Magenta (8522B002AA), hea hinnaga, osta e-pood - Odav Print","isPartOf":{"@id":"https:\/\/odavprint.ee\/en\/#website"},"primaryImageOfPage":{"@id":"https:\/\/odavprint.ee\/en\/product\/canon-drum-unit-c-exv-47-magenta-8522b002aa\/#primaryimage"},"image":{"@id":"https:\/\/odavprint.ee\/en\/product\/canon-drum-unit-c-exv-47-magenta-8522b002aa\/#primaryimage"},"thumbnailUrl":"https:\/\/odavprint.ee\/wp-content\/uploads\/2022\/01\/154099_8522b002.png","datePublished":"2022-01-19T13:20:34+00:00","dateModified":"2024-02-19T09:39:00+00:00","description":"Osta Canon Drum Unit C-EXV 47 Magenta (8522B002AA) Odav Print \u260e +372 5911 9495 \u2714\ufe0f Parim hind Canon Drum Unit C-EXV 47 Magenta (8522B002AA) jaoks \u26df Kiire kohaletoimetamine Eestis \u2b50 Garanteeritud","breadcrumb":{"@id":"https:\/\/odavprint.ee\/en\/product\/canon-drum-unit-c-exv-47-magenta-8522b002aa\/#breadcrumb"},"inLanguage":"en-US","potentialAction":[{"@type":"ReadAction","target":["https:\/\/odavprint.ee\/en\/product\/canon-drum-unit-c-exv-47-magenta-8522b002aa\/"]}]},{"@type":"ImageObject","inLanguage":"en-US","@id":"https:\/\/odavprint.ee\/en\/product\/canon-drum-unit-c-exv-47-magenta-8522b002aa\/#primaryimage","url":"https:\/\/odavprint.ee\/wp-content\/uploads\/2022\/01\/154099_8522b002.png","contentUrl":"https:\/\/odavprint.ee\/wp-content\/uploads\/2022\/01\/154099_8522b002.png","width":318,"height":212},{"@type":"BreadcrumbList","@id":"https:\/\/odavprint.ee\/en\/product\/canon-drum-unit-c-exv-47-magenta-8522b002aa\/#breadcrumb","itemListElement":[{"@type":"ListItem","position":1,"name":"Home","item":"https:\/\/odavprint.ee\/en\/"},{"@type":"ListItem","position":2,"name":"Shop","item":"https:\/\/odavprint.ee\/en\/shop\/"},{"@type":"ListItem","position":3,"name":"Canon Drum Unit C-EXV 47 Magenta (8522B002AA)"}]},{"@type":"WebSite","@id":"https:\/\/odavprint.ee\/en\/#website","url":"https:\/\/odavprint.ee\/en\/","name":"Odav Print","description":"Just another WordPress site","publisher":{"@id":"https:\/\/odavprint.ee\/en\/#organization"},"alternateName":"Kassettide, toonerite t\u00e4itmine ja m\u00fc\u00fck.","potentialAction":[{"@type":"SearchAction","target":{"@type":"EntryPoint","urlTemplate":"https:\/\/odavprint.ee\/en\/?s={search_term_string}"},"query-input":"required name=search_term_string"}],"inLanguage":"en-US"},{"@type":["Organization","Place"],"@id":"https:\/\/odavprint.ee\/en\/#organization","name":"Odav Print O\u00dc","url":"https:\/\/odavprint.ee\/en\/","logo":{"@id":"https:\/\/odavprint.ee\/en\/product\/canon-drum-unit-c-exv-47-magenta-8522b002aa\/#local-main-organization-logo"},"image":{"@id":"https:\/\/odavprint.ee\/en\/product\/canon-drum-unit-c-exv-47-magenta-8522b002aa\/#local-main-organization-logo"},"address":{"@id":"https:\/\/odavprint.ee\/en\/product\/canon-drum-unit-c-exv-47-magenta-8522b002aa\/#local-main-place-address"},"geo":{"@type":"GeoCoordinates","latitude":"59.4306504","longitude":"24.8095743"},"telephone":["53836926"],"openingHoursSpecification":[{"@type":"OpeningHoursSpecification","dayOfWeek":["Monday","Tuesday","Wednesday","Thursday","Friday","Saturday","Sunday"],"opens":"09:00","closes":"17:00"}],"email":"info@odavprint.eu"},{"@type":"PostalAddress","@id":"https:\/\/odavprint.ee\/en\/product\/canon-drum-unit-c-exv-47-magenta-8522b002aa\/#local-main-place-address","streetAddress":"Pae tn 28","addressLocality":"Tallinn","postalCode":"11415","addressRegion":"Harjumaa","addressCountry":"EE"},{"@type":"ImageObject","inLanguage":"en-US","@id":"https:\/\/odavprint.ee\/en\/product\/canon-drum-unit-c-exv-47-magenta-8522b002aa\/#local-main-organization-logo","url":"https:\/\/odavprint.ee\/wp-content\/uploads\/2018\/10\/odavprint-logo-240.jpg","contentUrl":"https:\/\/odavprint.ee\/wp-content\/uploads\/2018\/10\/odavprint-logo-240.jpg","width":240,"height":36,"caption":"Odav Print O\u00dc"}]},"product_price_amount":"165.70","product_price_currency":"EUR","og_availability":"instock","product_availability":"instock","product_retailer_item_id":"8522B002","product_condition":"new","geo.placename":"Tallinn","geo.position":{"lat":"59.4306504","long":"24.8095743"},"geo.region":"Estonia"},"_links":{"self":[{"href":"https:\/\/odavprint.ee\/en\/wp-json\/wp\/v2\/product\/154099"}],"collection":[{"href":"https:\/\/odavprint.ee\/en\/wp-json\/wp\/v2\/product"}],"about":[{"href":"https:\/\/odavprint.ee\/en\/wp-json\/wp\/v2\/types\/product"}],"wp:featuredmedia":[{"embeddable":true,"href":"https:\/\/odavprint.ee\/en\/wp-json\/wp\/v2\/media\/154100"}],"wp:attachment":[{"href":"https:\/\/odavprint.ee\/en\/wp-json\/wp\/v2\/media?parent=154099"}],"wp:term":[{"taxonomy":"product_cat","embeddable":true,"href":"https:\/\/odavprint.ee\/en\/wp-json\/wp\/v2\/product_cat?post=154099"},{"taxonomy":"product_tag","embeddable":true,"href":"https:\/\/odavprint.ee\/en\/wp-json\/wp\/v2\/product_tag?post=154099"}],"curies":[{"name":"wp","href":"https:\/\/api.w.org\/{rel}","templated":true}]}}