{"id":154235,"date":"2022-01-20T12:54:50","date_gmt":"2022-01-20T10:54:50","guid":{"rendered":"https:\/\/odavprint.ee\/product\/canon-ink-cli-581-black-xl-2052c001\/"},"modified":"2024-02-19T09:10:53","modified_gmt":"2024-02-19T07:10:53","slug":"canon-ink-cli-581-black-xl-2052c001","status":"publish","type":"product","link":"https:\/\/odavprint.ee\/en\/product\/canon-ink-cli-581-black-xl-2052c001\/","title":{"rendered":"Canon Ink CLI-581 Black XL (2052C001)"},"content":{"rendered":"<p>For Pixma TS 9100 Series, Pixma TS 9155, Pixma TS 8150, Pixma TS 6151, Pixma TS 8100 Series, Pixma TR 7500 Series, Pixma TS 6150, Pixma TS 8152, Pixma TS 6100 Series, Pixma TR 8550, Pixma TR 8500 Series, Pixma TS 8151, Pixma TR 7550, Pixma TS 9150<\/p>\n","protected":false},"excerpt":{"rendered":"<p>For Pixma TS 9100 Series, Pixma TS 9155, Pixma TS 8150, Pixma TS 6151, Pixma TS 8100 Series, Pixma TR 7500 Series, Pixma TS 6150, Pixma TS 8152, Pixma TS 6100 Series, Pixma TR 8550, Pixma TR 8500 Series, Pixma TS 8151, Pixma TR 7550, Pixma TS 9150<\/p>\n","protected":false},"featured_media":154236,"template":"","meta":{"inline_featured_image":false},"product_cat":[10770],"product_tag":[],"yoast_head":"<!-- This site is optimized with the Yoast SEO Premium plugin v23.0 (Yoast SEO v23.0) - https:\/\/yoast.com\/wordpress\/plugins\/seo\/ -->\n<title>Canon Ink CLI-581 Black XL (2052C001), hea hinnaga, osta e-pood - Odav Print<\/title>\n<meta name=\"description\" content=\"Osta Canon Ink CLI-581 Black XL (2052C001) Odav Print \u260e +372 5911 9495 \u2714\ufe0f Parim hind Canon Ink CLI-581 Black XL (2052C001) jaoks \u26df Kiire kohaletoimetamine Eestis \u2b50 Garanteeritud\" \/>\n<meta name=\"robots\" content=\"index, follow, max-snippet:-1, max-image-preview:large, max-video-preview:-1\" \/>\n<link rel=\"canonical\" href=\"https:\/\/odavprint.ee\/en\/product\/canon-ink-cli-581-black-xl-2052c001\/\" \/>\n<meta property=\"og:locale\" content=\"en_US\" \/>\n<meta property=\"og:type\" content=\"article\" \/>\n<meta property=\"og:title\" content=\"Canon Ink CLI-581 Black XL (2052C001)\" \/>\n<meta property=\"og:description\" content=\"Osta Canon Ink CLI-581 Black XL (2052C001) Odav Print \u260e +372 5911 9495 \u2714\ufe0f Parim hind Canon Ink CLI-581 Black XL (2052C001) jaoks \u26df Kiire kohaletoimetamine Eestis \u2b50 Garanteeritud\" \/>\n<meta property=\"og:url\" content=\"https:\/\/odavprint.ee\/en\/product\/canon-ink-cli-581-black-xl-2052c001\/\" \/>\n<meta property=\"og:site_name\" content=\"Odav Print\" \/>\n<meta property=\"article:modified_time\" content=\"2024-02-19T07:10:53+00:00\" \/>\n<meta property=\"og:image\" content=\"https:\/\/odavprint.ee\/wp-content\/uploads\/2022\/01\/154235_ownd_271641.jpg\" \/>\n\t<meta property=\"og:image:width\" content=\"500\" \/>\n\t<meta property=\"og:image:height\" content=\"500\" \/>\n\t<meta property=\"og:image:type\" content=\"image\/jpeg\" \/>\n<meta name=\"twitter:card\" content=\"summary_large_image\" \/>\n<meta name=\"twitter:label1\" content=\"Price\" \/>\n\t<meta name=\"twitter:data1\" content=\"&euro;17.60\" \/>\n\t<meta name=\"twitter:label2\" content=\"Availability\" \/>\n\t<meta name=\"twitter:data2\" content=\"In stock\" \/>\n<script type=\"application\/ld+json\" class=\"yoast-schema-graph\">{\"@context\":\"https:\/\/schema.org\",\"@graph\":[{\"@type\":[\"WebPage\",\"ItemPage\"],\"@id\":\"https:\/\/odavprint.ee\/en\/product\/canon-ink-cli-581-black-xl-2052c001\/\",\"url\":\"https:\/\/odavprint.ee\/en\/product\/canon-ink-cli-581-black-xl-2052c001\/\",\"name\":\"Canon Ink CLI-581 Black XL (2052C001), hea hinnaga, osta e-pood - Odav Print\",\"isPartOf\":{\"@id\":\"https:\/\/odavprint.ee\/en\/#website\"},\"primaryImageOfPage\":{\"@id\":\"https:\/\/odavprint.ee\/en\/product\/canon-ink-cli-581-black-xl-2052c001\/#primaryimage\"},\"image\":{\"@id\":\"https:\/\/odavprint.ee\/en\/product\/canon-ink-cli-581-black-xl-2052c001\/#primaryimage\"},\"thumbnailUrl\":\"https:\/\/odavprint.ee\/wp-content\/uploads\/2022\/01\/154235_ownd_271641.jpg\",\"datePublished\":\"2022-01-20T10:54:50+00:00\",\"dateModified\":\"2024-02-19T07:10:53+00:00\",\"description\":\"Osta Canon Ink CLI-581 Black XL (2052C001) Odav Print \u260e +372 5911 9495 \u2714\ufe0f Parim hind Canon Ink CLI-581 Black XL (2052C001) jaoks \u26df Kiire kohaletoimetamine Eestis \u2b50 Garanteeritud\",\"breadcrumb\":{\"@id\":\"https:\/\/odavprint.ee\/en\/product\/canon-ink-cli-581-black-xl-2052c001\/#breadcrumb\"},\"inLanguage\":\"en-US\",\"potentialAction\":[{\"@type\":\"ReadAction\",\"target\":[\"https:\/\/odavprint.ee\/en\/product\/canon-ink-cli-581-black-xl-2052c001\/\"]}]},{\"@type\":\"ImageObject\",\"inLanguage\":\"en-US\",\"@id\":\"https:\/\/odavprint.ee\/en\/product\/canon-ink-cli-581-black-xl-2052c001\/#primaryimage\",\"url\":\"https:\/\/odavprint.ee\/wp-content\/uploads\/2022\/01\/154235_ownd_271641.jpg\",\"contentUrl\":\"https:\/\/odavprint.ee\/wp-content\/uploads\/2022\/01\/154235_ownd_271641.jpg\",\"width\":500,\"height\":500},{\"@type\":\"BreadcrumbList\",\"@id\":\"https:\/\/odavprint.ee\/en\/product\/canon-ink-cli-581-black-xl-2052c001\/#breadcrumb\",\"itemListElement\":[{\"@type\":\"ListItem\",\"position\":1,\"name\":\"Home\",\"item\":\"https:\/\/odavprint.ee\/en\/\"},{\"@type\":\"ListItem\",\"position\":2,\"name\":\"Shop\",\"item\":\"https:\/\/odavprint.ee\/en\/shop\/\"},{\"@type\":\"ListItem\",\"position\":3,\"name\":\"Canon Ink CLI-581 Black XL (2052C001)\"}]},{\"@type\":\"WebSite\",\"@id\":\"https:\/\/odavprint.ee\/en\/#website\",\"url\":\"https:\/\/odavprint.ee\/en\/\",\"name\":\"Odav Print\",\"description\":\"Just another WordPress site\",\"publisher\":{\"@id\":\"https:\/\/odavprint.ee\/en\/#organization\"},\"alternateName\":\"Kassettide, toonerite t\u00e4itmine ja m\u00fc\u00fck.\",\"potentialAction\":[{\"@type\":\"SearchAction\",\"target\":{\"@type\":\"EntryPoint\",\"urlTemplate\":\"https:\/\/odavprint.ee\/en\/?s={search_term_string}\"},\"query-input\":\"required name=search_term_string\"}],\"inLanguage\":\"en-US\"},{\"@type\":[\"Organization\",\"Place\"],\"@id\":\"https:\/\/odavprint.ee\/en\/#organization\",\"name\":\"Odav Print O\u00dc\",\"url\":\"https:\/\/odavprint.ee\/en\/\",\"logo\":{\"@id\":\"https:\/\/odavprint.ee\/en\/product\/canon-ink-cli-581-black-xl-2052c001\/#local-main-organization-logo\"},\"image\":{\"@id\":\"https:\/\/odavprint.ee\/en\/product\/canon-ink-cli-581-black-xl-2052c001\/#local-main-organization-logo\"},\"address\":{\"@id\":\"https:\/\/odavprint.ee\/en\/product\/canon-ink-cli-581-black-xl-2052c001\/#local-main-place-address\"},\"geo\":{\"@type\":\"GeoCoordinates\",\"latitude\":\"59.4306504\",\"longitude\":\"24.8095743\"},\"telephone\":[\"53836926\"],\"openingHoursSpecification\":[{\"@type\":\"OpeningHoursSpecification\",\"dayOfWeek\":[\"Monday\",\"Tuesday\",\"Wednesday\",\"Thursday\",\"Friday\",\"Saturday\",\"Sunday\"],\"opens\":\"09:00\",\"closes\":\"17:00\"}],\"email\":\"info@odavprint.eu\"},{\"@type\":\"PostalAddress\",\"@id\":\"https:\/\/odavprint.ee\/en\/product\/canon-ink-cli-581-black-xl-2052c001\/#local-main-place-address\",\"streetAddress\":\"Pae tn 28\",\"addressLocality\":\"Tallinn\",\"postalCode\":\"11415\",\"addressRegion\":\"Harjumaa\",\"addressCountry\":\"EE\"},{\"@type\":\"ImageObject\",\"inLanguage\":\"en-US\",\"@id\":\"https:\/\/odavprint.ee\/en\/product\/canon-ink-cli-581-black-xl-2052c001\/#local-main-organization-logo\",\"url\":\"https:\/\/odavprint.ee\/wp-content\/uploads\/2018\/10\/odavprint-logo-240.jpg\",\"contentUrl\":\"https:\/\/odavprint.ee\/wp-content\/uploads\/2018\/10\/odavprint-logo-240.jpg\",\"width\":240,\"height\":36,\"caption\":\"Odav Print O\u00dc\"}]}<\/script>\n<meta property=\"product:price:amount\" content=\"17.60\" \/>\n<meta property=\"product:price:currency\" content=\"EUR\" \/>\n<meta property=\"og:availability\" content=\"instock\" \/>\n<meta property=\"product:availability\" content=\"instock\" \/>\n<meta property=\"product:retailer_item_id\" content=\"2052C001\" \/>\n<meta property=\"product:condition\" content=\"new\" \/>\n<meta name=\"geo.placename\" content=\"Tallinn\" \/>\n<meta name=\"geo.position\" content=\"59.4306504;24.8095743\" \/>\n<meta name=\"geo.region\" content=\"Estonia\" \/>\n<!-- \/ Yoast SEO Premium plugin. -->","yoast_head_json":{"title":"Canon Ink CLI-581 Black XL (2052C001), hea hinnaga, osta e-pood - Odav Print","description":"Osta Canon Ink CLI-581 Black XL (2052C001) Odav Print \u260e +372 5911 9495 \u2714\ufe0f Parim hind Canon Ink CLI-581 Black XL (2052C001) jaoks \u26df Kiire kohaletoimetamine Eestis \u2b50 Garanteeritud","robots":{"index":"index","follow":"follow","max-snippet":"max-snippet:-1","max-image-preview":"max-image-preview:large","max-video-preview":"max-video-preview:-1"},"canonical":"https:\/\/odavprint.ee\/en\/product\/canon-ink-cli-581-black-xl-2052c001\/","og_locale":"en_US","og_type":"article","og_title":"Canon Ink CLI-581 Black XL (2052C001)","og_description":"Osta Canon Ink CLI-581 Black XL (2052C001) Odav Print \u260e +372 5911 9495 \u2714\ufe0f Parim hind Canon Ink CLI-581 Black XL (2052C001) jaoks \u26df Kiire kohaletoimetamine Eestis \u2b50 Garanteeritud","og_url":"https:\/\/odavprint.ee\/en\/product\/canon-ink-cli-581-black-xl-2052c001\/","og_site_name":"Odav Print","article_modified_time":"2024-02-19T07:10:53+00:00","og_image":[{"width":500,"height":500,"url":"https:\/\/odavprint.ee\/wp-content\/uploads\/2022\/01\/154235_ownd_271641.jpg","type":"image\/jpeg"}],"twitter_card":"summary_large_image","twitter_misc":{"Price":"&euro;17.60","Availability":"In stock"},"schema":{"@context":"https:\/\/schema.org","@graph":[{"@type":["WebPage","ItemPage"],"@id":"https:\/\/odavprint.ee\/en\/product\/canon-ink-cli-581-black-xl-2052c001\/","url":"https:\/\/odavprint.ee\/en\/product\/canon-ink-cli-581-black-xl-2052c001\/","name":"Canon Ink CLI-581 Black XL (2052C001), hea hinnaga, osta e-pood - Odav Print","isPartOf":{"@id":"https:\/\/odavprint.ee\/en\/#website"},"primaryImageOfPage":{"@id":"https:\/\/odavprint.ee\/en\/product\/canon-ink-cli-581-black-xl-2052c001\/#primaryimage"},"image":{"@id":"https:\/\/odavprint.ee\/en\/product\/canon-ink-cli-581-black-xl-2052c001\/#primaryimage"},"thumbnailUrl":"https:\/\/odavprint.ee\/wp-content\/uploads\/2022\/01\/154235_ownd_271641.jpg","datePublished":"2022-01-20T10:54:50+00:00","dateModified":"2024-02-19T07:10:53+00:00","description":"Osta Canon Ink CLI-581 Black XL (2052C001) Odav Print \u260e +372 5911 9495 \u2714\ufe0f Parim hind Canon Ink CLI-581 Black XL (2052C001) jaoks \u26df Kiire kohaletoimetamine Eestis \u2b50 Garanteeritud","breadcrumb":{"@id":"https:\/\/odavprint.ee\/en\/product\/canon-ink-cli-581-black-xl-2052c001\/#breadcrumb"},"inLanguage":"en-US","potentialAction":[{"@type":"ReadAction","target":["https:\/\/odavprint.ee\/en\/product\/canon-ink-cli-581-black-xl-2052c001\/"]}]},{"@type":"ImageObject","inLanguage":"en-US","@id":"https:\/\/odavprint.ee\/en\/product\/canon-ink-cli-581-black-xl-2052c001\/#primaryimage","url":"https:\/\/odavprint.ee\/wp-content\/uploads\/2022\/01\/154235_ownd_271641.jpg","contentUrl":"https:\/\/odavprint.ee\/wp-content\/uploads\/2022\/01\/154235_ownd_271641.jpg","width":500,"height":500},{"@type":"BreadcrumbList","@id":"https:\/\/odavprint.ee\/en\/product\/canon-ink-cli-581-black-xl-2052c001\/#breadcrumb","itemListElement":[{"@type":"ListItem","position":1,"name":"Home","item":"https:\/\/odavprint.ee\/en\/"},{"@type":"ListItem","position":2,"name":"Shop","item":"https:\/\/odavprint.ee\/en\/shop\/"},{"@type":"ListItem","position":3,"name":"Canon Ink CLI-581 Black XL (2052C001)"}]},{"@type":"WebSite","@id":"https:\/\/odavprint.ee\/en\/#website","url":"https:\/\/odavprint.ee\/en\/","name":"Odav Print","description":"Just another WordPress site","publisher":{"@id":"https:\/\/odavprint.ee\/en\/#organization"},"alternateName":"Kassettide, toonerite t\u00e4itmine ja m\u00fc\u00fck.","potentialAction":[{"@type":"SearchAction","target":{"@type":"EntryPoint","urlTemplate":"https:\/\/odavprint.ee\/en\/?s={search_term_string}"},"query-input":"required name=search_term_string"}],"inLanguage":"en-US"},{"@type":["Organization","Place"],"@id":"https:\/\/odavprint.ee\/en\/#organization","name":"Odav Print O\u00dc","url":"https:\/\/odavprint.ee\/en\/","logo":{"@id":"https:\/\/odavprint.ee\/en\/product\/canon-ink-cli-581-black-xl-2052c001\/#local-main-organization-logo"},"image":{"@id":"https:\/\/odavprint.ee\/en\/product\/canon-ink-cli-581-black-xl-2052c001\/#local-main-organization-logo"},"address":{"@id":"https:\/\/odavprint.ee\/en\/product\/canon-ink-cli-581-black-xl-2052c001\/#local-main-place-address"},"geo":{"@type":"GeoCoordinates","latitude":"59.4306504","longitude":"24.8095743"},"telephone":["53836926"],"openingHoursSpecification":[{"@type":"OpeningHoursSpecification","dayOfWeek":["Monday","Tuesday","Wednesday","Thursday","Friday","Saturday","Sunday"],"opens":"09:00","closes":"17:00"}],"email":"info@odavprint.eu"},{"@type":"PostalAddress","@id":"https:\/\/odavprint.ee\/en\/product\/canon-ink-cli-581-black-xl-2052c001\/#local-main-place-address","streetAddress":"Pae tn 28","addressLocality":"Tallinn","postalCode":"11415","addressRegion":"Harjumaa","addressCountry":"EE"},{"@type":"ImageObject","inLanguage":"en-US","@id":"https:\/\/odavprint.ee\/en\/product\/canon-ink-cli-581-black-xl-2052c001\/#local-main-organization-logo","url":"https:\/\/odavprint.ee\/wp-content\/uploads\/2018\/10\/odavprint-logo-240.jpg","contentUrl":"https:\/\/odavprint.ee\/wp-content\/uploads\/2018\/10\/odavprint-logo-240.jpg","width":240,"height":36,"caption":"Odav Print O\u00dc"}]},"product_price_amount":"17.60","product_price_currency":"EUR","og_availability":"instock","product_availability":"instock","product_retailer_item_id":"2052C001","product_condition":"new","geo.placename":"Tallinn","geo.position":{"lat":"59.4306504","long":"24.8095743"},"geo.region":"Estonia"},"_links":{"self":[{"href":"https:\/\/odavprint.ee\/en\/wp-json\/wp\/v2\/product\/154235"}],"collection":[{"href":"https:\/\/odavprint.ee\/en\/wp-json\/wp\/v2\/product"}],"about":[{"href":"https:\/\/odavprint.ee\/en\/wp-json\/wp\/v2\/types\/product"}],"wp:featuredmedia":[{"embeddable":true,"href":"https:\/\/odavprint.ee\/en\/wp-json\/wp\/v2\/media\/154236"}],"wp:attachment":[{"href":"https:\/\/odavprint.ee\/en\/wp-json\/wp\/v2\/media?parent=154235"}],"wp:term":[{"taxonomy":"product_cat","embeddable":true,"href":"https:\/\/odavprint.ee\/en\/wp-json\/wp\/v2\/product_cat?post=154235"},{"taxonomy":"product_tag","embeddable":true,"href":"https:\/\/odavprint.ee\/en\/wp-json\/wp\/v2\/product_tag?post=154235"}],"curies":[{"name":"wp","href":"https:\/\/api.w.org\/{rel}","templated":true}]}}