{"id":162010,"date":"2022-03-21T17:22:07","date_gmt":"2022-03-21T15:22:07","guid":{"rendered":"https:\/\/odavprint.ee\/product\/canon-toner-c-exv-45-cyan-6944b002\/"},"modified":"2024-02-19T11:38:52","modified_gmt":"2024-02-19T09:38:52","slug":"canon-toner-c-exv-45-cyan-6944b002","status":"publish","type":"product","link":"https:\/\/odavprint.ee\/en\/product\/canon-toner-c-exv-45-cyan-6944b002\/","title":{"rendered":"Canon Toner C-EXV 45 Cyan (6944B002)"},"content":{"rendered":"<p><strong>Suitable for use in:<\/strong><\/p>\n<p>Canon imageRUNNER Advance iRC7270<br \/>\nCanon imageRUNNER Advance iRC7270i<br \/>\nCanon imageRUNNER Advance iRC7280i<br \/>\nCanon imageRUNNER iRC7200 Series<br \/>\nCanon imageRUNNER iRC7260<br \/>\nCanon imageRUNNER iRC7260i<br \/>\nCanon imageRUNNER iRC7270<br \/>\nCanon imageRUNNER iRC7270i<br \/>\nCanon imageRUNNER iRC7280i<br \/>\nCanon imageRUNNER Advance iRC7200 Series<br \/>\nCanon imageRUNNER Advance iRC7260<br \/>\nCanon imageRUNNER Advance iRC7260i<\/p>\n","protected":false},"excerpt":{"rendered":"<p>Suitable for use in: Canon imageRUNNER Advance iRC7270 Canon imageRUNNER Advance iRC7270i Canon imageRUNNER Advance iRC7280i Canon imageRUNNER iRC7200 Series Canon imageRUNNER iRC7260 Canon imageRUNNER iRC7260i Canon imageRUNNER iRC7270 Canon imageRUNNER iRC7270i Canon imageRUNNER iRC7280i Canon imageRUNNER Advance iRC7200 Series Canon imageRUNNER Advance iRC7260 Canon imageRUNNER Advance iRC7260i<\/p>\n","protected":false},"featured_media":162011,"template":"","meta":{"inline_featured_image":false},"product_cat":[12832],"product_tag":[],"yoast_head":"<!-- This site is optimized with the Yoast SEO Premium plugin v23.0 (Yoast SEO v23.0) - https:\/\/yoast.com\/wordpress\/plugins\/seo\/ -->\n<title>Canon Toner C-EXV 45 Cyan (6944B002), hea hinnaga, osta e-pood - Odav Print<\/title>\n<meta name=\"description\" content=\"Osta Canon Toner C-EXV 45 Cyan (6944B002) Odav Print \u260e +372 5911 9495 \u2714\ufe0f Parim hind Canon Toner C-EXV 45 Cyan (6944B002) jaoks \u26df Kiire kohaletoimetamine Eestis \u2b50 Garanteeritud\" \/>\n<meta name=\"robots\" content=\"index, follow, max-snippet:-1, max-image-preview:large, max-video-preview:-1\" \/>\n<link rel=\"canonical\" href=\"https:\/\/odavprint.ee\/en\/product\/canon-toner-c-exv-45-cyan-6944b002\/\" \/>\n<meta property=\"og:locale\" content=\"en_US\" \/>\n<meta property=\"og:type\" content=\"article\" \/>\n<meta property=\"og:title\" content=\"Canon Toner C-EXV 45 Cyan (6944B002)\" \/>\n<meta property=\"og:description\" content=\"Osta Canon Toner C-EXV 45 Cyan (6944B002) Odav Print \u260e +372 5911 9495 \u2714\ufe0f Parim hind Canon Toner C-EXV 45 Cyan (6944B002) jaoks \u26df Kiire kohaletoimetamine Eestis \u2b50 Garanteeritud\" \/>\n<meta property=\"og:url\" content=\"https:\/\/odavprint.ee\/en\/product\/canon-toner-c-exv-45-cyan-6944b002\/\" \/>\n<meta property=\"og:site_name\" content=\"Odav Print\" \/>\n<meta property=\"article:modified_time\" content=\"2024-02-19T09:38:52+00:00\" \/>\n<meta property=\"og:image\" content=\"https:\/\/odavprint.ee\/wp-content\/uploads\/2022\/03\/162010_screenshot_at_feb_04_21_24_30.jpg\" \/>\n\t<meta property=\"og:image:width\" content=\"684\" \/>\n\t<meta property=\"og:image:height\" content=\"354\" \/>\n\t<meta property=\"og:image:type\" content=\"image\/jpeg\" \/>\n<meta name=\"twitter:card\" content=\"summary_large_image\" \/>\n<meta name=\"twitter:label1\" content=\"Price\" \/>\n\t<meta name=\"twitter:data1\" content=\"&euro;158.30\" \/>\n\t<meta name=\"twitter:label2\" content=\"Availability\" \/>\n\t<meta name=\"twitter:data2\" content=\"In stock\" \/>\n<script type=\"application\/ld+json\" class=\"yoast-schema-graph\">{\"@context\":\"https:\/\/schema.org\",\"@graph\":[{\"@type\":[\"WebPage\",\"ItemPage\"],\"@id\":\"https:\/\/odavprint.ee\/en\/product\/canon-toner-c-exv-45-cyan-6944b002\/\",\"url\":\"https:\/\/odavprint.ee\/en\/product\/canon-toner-c-exv-45-cyan-6944b002\/\",\"name\":\"Canon Toner C-EXV 45 Cyan (6944B002), hea hinnaga, osta e-pood - Odav Print\",\"isPartOf\":{\"@id\":\"https:\/\/odavprint.ee\/en\/#website\"},\"primaryImageOfPage\":{\"@id\":\"https:\/\/odavprint.ee\/en\/product\/canon-toner-c-exv-45-cyan-6944b002\/#primaryimage\"},\"image\":{\"@id\":\"https:\/\/odavprint.ee\/en\/product\/canon-toner-c-exv-45-cyan-6944b002\/#primaryimage\"},\"thumbnailUrl\":\"https:\/\/odavprint.ee\/wp-content\/uploads\/2022\/03\/162010_screenshot_at_feb_04_21_24_30.jpg\",\"datePublished\":\"2022-03-21T15:22:07+00:00\",\"dateModified\":\"2024-02-19T09:38:52+00:00\",\"description\":\"Osta Canon Toner C-EXV 45 Cyan (6944B002) Odav Print \u260e +372 5911 9495 \u2714\ufe0f Parim hind Canon Toner C-EXV 45 Cyan (6944B002) jaoks \u26df Kiire kohaletoimetamine Eestis \u2b50 Garanteeritud\",\"breadcrumb\":{\"@id\":\"https:\/\/odavprint.ee\/en\/product\/canon-toner-c-exv-45-cyan-6944b002\/#breadcrumb\"},\"inLanguage\":\"en-US\",\"potentialAction\":[{\"@type\":\"ReadAction\",\"target\":[\"https:\/\/odavprint.ee\/en\/product\/canon-toner-c-exv-45-cyan-6944b002\/\"]}]},{\"@type\":\"ImageObject\",\"inLanguage\":\"en-US\",\"@id\":\"https:\/\/odavprint.ee\/en\/product\/canon-toner-c-exv-45-cyan-6944b002\/#primaryimage\",\"url\":\"https:\/\/odavprint.ee\/wp-content\/uploads\/2022\/03\/162010_screenshot_at_feb_04_21_24_30.jpg\",\"contentUrl\":\"https:\/\/odavprint.ee\/wp-content\/uploads\/2022\/03\/162010_screenshot_at_feb_04_21_24_30.jpg\",\"width\":684,\"height\":354},{\"@type\":\"BreadcrumbList\",\"@id\":\"https:\/\/odavprint.ee\/en\/product\/canon-toner-c-exv-45-cyan-6944b002\/#breadcrumb\",\"itemListElement\":[{\"@type\":\"ListItem\",\"position\":1,\"name\":\"Home\",\"item\":\"https:\/\/odavprint.ee\/en\/\"},{\"@type\":\"ListItem\",\"position\":2,\"name\":\"Shop\",\"item\":\"https:\/\/odavprint.ee\/en\/shop\/\"},{\"@type\":\"ListItem\",\"position\":3,\"name\":\"Canon Toner C-EXV 45 Cyan (6944B002)\"}]},{\"@type\":\"WebSite\",\"@id\":\"https:\/\/odavprint.ee\/en\/#website\",\"url\":\"https:\/\/odavprint.ee\/en\/\",\"name\":\"Odav Print\",\"description\":\"Just another WordPress site\",\"publisher\":{\"@id\":\"https:\/\/odavprint.ee\/en\/#organization\"},\"alternateName\":\"Kassettide, toonerite t\u00e4itmine ja m\u00fc\u00fck.\",\"potentialAction\":[{\"@type\":\"SearchAction\",\"target\":{\"@type\":\"EntryPoint\",\"urlTemplate\":\"https:\/\/odavprint.ee\/en\/?s={search_term_string}\"},\"query-input\":\"required name=search_term_string\"}],\"inLanguage\":\"en-US\"},{\"@type\":[\"Organization\",\"Place\"],\"@id\":\"https:\/\/odavprint.ee\/en\/#organization\",\"name\":\"Odav Print O\u00dc\",\"url\":\"https:\/\/odavprint.ee\/en\/\",\"logo\":{\"@id\":\"https:\/\/odavprint.ee\/en\/product\/canon-toner-c-exv-45-cyan-6944b002\/#local-main-organization-logo\"},\"image\":{\"@id\":\"https:\/\/odavprint.ee\/en\/product\/canon-toner-c-exv-45-cyan-6944b002\/#local-main-organization-logo\"},\"address\":{\"@id\":\"https:\/\/odavprint.ee\/en\/product\/canon-toner-c-exv-45-cyan-6944b002\/#local-main-place-address\"},\"geo\":{\"@type\":\"GeoCoordinates\",\"latitude\":\"59.4306504\",\"longitude\":\"24.8095743\"},\"telephone\":[\"53836926\"],\"openingHoursSpecification\":[{\"@type\":\"OpeningHoursSpecification\",\"dayOfWeek\":[\"Monday\",\"Tuesday\",\"Wednesday\",\"Thursday\",\"Friday\",\"Saturday\",\"Sunday\"],\"opens\":\"09:00\",\"closes\":\"17:00\"}],\"email\":\"info@odavprint.eu\"},{\"@type\":\"PostalAddress\",\"@id\":\"https:\/\/odavprint.ee\/en\/product\/canon-toner-c-exv-45-cyan-6944b002\/#local-main-place-address\",\"streetAddress\":\"Pae tn 28\",\"addressLocality\":\"Tallinn\",\"postalCode\":\"11415\",\"addressRegion\":\"Harjumaa\",\"addressCountry\":\"EE\"},{\"@type\":\"ImageObject\",\"inLanguage\":\"en-US\",\"@id\":\"https:\/\/odavprint.ee\/en\/product\/canon-toner-c-exv-45-cyan-6944b002\/#local-main-organization-logo\",\"url\":\"https:\/\/odavprint.ee\/wp-content\/uploads\/2018\/10\/odavprint-logo-240.jpg\",\"contentUrl\":\"https:\/\/odavprint.ee\/wp-content\/uploads\/2018\/10\/odavprint-logo-240.jpg\",\"width\":240,\"height\":36,\"caption\":\"Odav Print O\u00dc\"}]}<\/script>\n<meta property=\"product:price:amount\" content=\"158.30\" \/>\n<meta property=\"product:price:currency\" content=\"EUR\" \/>\n<meta property=\"og:availability\" content=\"instock\" \/>\n<meta property=\"product:availability\" content=\"instock\" \/>\n<meta property=\"product:retailer_item_id\" content=\"6944B002\" \/>\n<meta property=\"product:condition\" content=\"new\" \/>\n<meta name=\"geo.placename\" content=\"Tallinn\" \/>\n<meta name=\"geo.position\" content=\"59.4306504;24.8095743\" \/>\n<meta name=\"geo.region\" content=\"Estonia\" \/>\n<!-- \/ Yoast SEO Premium plugin. -->","yoast_head_json":{"title":"Canon Toner C-EXV 45 Cyan (6944B002), hea hinnaga, osta e-pood - Odav Print","description":"Osta Canon Toner C-EXV 45 Cyan (6944B002) Odav Print \u260e +372 5911 9495 \u2714\ufe0f Parim hind Canon Toner C-EXV 45 Cyan (6944B002) jaoks \u26df Kiire kohaletoimetamine Eestis \u2b50 Garanteeritud","robots":{"index":"index","follow":"follow","max-snippet":"max-snippet:-1","max-image-preview":"max-image-preview:large","max-video-preview":"max-video-preview:-1"},"canonical":"https:\/\/odavprint.ee\/en\/product\/canon-toner-c-exv-45-cyan-6944b002\/","og_locale":"en_US","og_type":"article","og_title":"Canon Toner C-EXV 45 Cyan (6944B002)","og_description":"Osta Canon Toner C-EXV 45 Cyan (6944B002) Odav Print \u260e +372 5911 9495 \u2714\ufe0f Parim hind Canon Toner C-EXV 45 Cyan (6944B002) jaoks \u26df Kiire kohaletoimetamine Eestis \u2b50 Garanteeritud","og_url":"https:\/\/odavprint.ee\/en\/product\/canon-toner-c-exv-45-cyan-6944b002\/","og_site_name":"Odav Print","article_modified_time":"2024-02-19T09:38:52+00:00","og_image":[{"width":684,"height":354,"url":"https:\/\/odavprint.ee\/wp-content\/uploads\/2022\/03\/162010_screenshot_at_feb_04_21_24_30.jpg","type":"image\/jpeg"}],"twitter_card":"summary_large_image","twitter_misc":{"Price":"&euro;158.30","Availability":"In stock"},"schema":{"@context":"https:\/\/schema.org","@graph":[{"@type":["WebPage","ItemPage"],"@id":"https:\/\/odavprint.ee\/en\/product\/canon-toner-c-exv-45-cyan-6944b002\/","url":"https:\/\/odavprint.ee\/en\/product\/canon-toner-c-exv-45-cyan-6944b002\/","name":"Canon Toner C-EXV 45 Cyan (6944B002), hea hinnaga, osta e-pood - Odav Print","isPartOf":{"@id":"https:\/\/odavprint.ee\/en\/#website"},"primaryImageOfPage":{"@id":"https:\/\/odavprint.ee\/en\/product\/canon-toner-c-exv-45-cyan-6944b002\/#primaryimage"},"image":{"@id":"https:\/\/odavprint.ee\/en\/product\/canon-toner-c-exv-45-cyan-6944b002\/#primaryimage"},"thumbnailUrl":"https:\/\/odavprint.ee\/wp-content\/uploads\/2022\/03\/162010_screenshot_at_feb_04_21_24_30.jpg","datePublished":"2022-03-21T15:22:07+00:00","dateModified":"2024-02-19T09:38:52+00:00","description":"Osta Canon Toner C-EXV 45 Cyan (6944B002) Odav Print \u260e +372 5911 9495 \u2714\ufe0f Parim hind Canon Toner C-EXV 45 Cyan (6944B002) jaoks \u26df Kiire kohaletoimetamine Eestis \u2b50 Garanteeritud","breadcrumb":{"@id":"https:\/\/odavprint.ee\/en\/product\/canon-toner-c-exv-45-cyan-6944b002\/#breadcrumb"},"inLanguage":"en-US","potentialAction":[{"@type":"ReadAction","target":["https:\/\/odavprint.ee\/en\/product\/canon-toner-c-exv-45-cyan-6944b002\/"]}]},{"@type":"ImageObject","inLanguage":"en-US","@id":"https:\/\/odavprint.ee\/en\/product\/canon-toner-c-exv-45-cyan-6944b002\/#primaryimage","url":"https:\/\/odavprint.ee\/wp-content\/uploads\/2022\/03\/162010_screenshot_at_feb_04_21_24_30.jpg","contentUrl":"https:\/\/odavprint.ee\/wp-content\/uploads\/2022\/03\/162010_screenshot_at_feb_04_21_24_30.jpg","width":684,"height":354},{"@type":"BreadcrumbList","@id":"https:\/\/odavprint.ee\/en\/product\/canon-toner-c-exv-45-cyan-6944b002\/#breadcrumb","itemListElement":[{"@type":"ListItem","position":1,"name":"Home","item":"https:\/\/odavprint.ee\/en\/"},{"@type":"ListItem","position":2,"name":"Shop","item":"https:\/\/odavprint.ee\/en\/shop\/"},{"@type":"ListItem","position":3,"name":"Canon Toner C-EXV 45 Cyan (6944B002)"}]},{"@type":"WebSite","@id":"https:\/\/odavprint.ee\/en\/#website","url":"https:\/\/odavprint.ee\/en\/","name":"Odav Print","description":"Just another WordPress site","publisher":{"@id":"https:\/\/odavprint.ee\/en\/#organization"},"alternateName":"Kassettide, toonerite t\u00e4itmine ja m\u00fc\u00fck.","potentialAction":[{"@type":"SearchAction","target":{"@type":"EntryPoint","urlTemplate":"https:\/\/odavprint.ee\/en\/?s={search_term_string}"},"query-input":"required name=search_term_string"}],"inLanguage":"en-US"},{"@type":["Organization","Place"],"@id":"https:\/\/odavprint.ee\/en\/#organization","name":"Odav Print O\u00dc","url":"https:\/\/odavprint.ee\/en\/","logo":{"@id":"https:\/\/odavprint.ee\/en\/product\/canon-toner-c-exv-45-cyan-6944b002\/#local-main-organization-logo"},"image":{"@id":"https:\/\/odavprint.ee\/en\/product\/canon-toner-c-exv-45-cyan-6944b002\/#local-main-organization-logo"},"address":{"@id":"https:\/\/odavprint.ee\/en\/product\/canon-toner-c-exv-45-cyan-6944b002\/#local-main-place-address"},"geo":{"@type":"GeoCoordinates","latitude":"59.4306504","longitude":"24.8095743"},"telephone":["53836926"],"openingHoursSpecification":[{"@type":"OpeningHoursSpecification","dayOfWeek":["Monday","Tuesday","Wednesday","Thursday","Friday","Saturday","Sunday"],"opens":"09:00","closes":"17:00"}],"email":"info@odavprint.eu"},{"@type":"PostalAddress","@id":"https:\/\/odavprint.ee\/en\/product\/canon-toner-c-exv-45-cyan-6944b002\/#local-main-place-address","streetAddress":"Pae tn 28","addressLocality":"Tallinn","postalCode":"11415","addressRegion":"Harjumaa","addressCountry":"EE"},{"@type":"ImageObject","inLanguage":"en-US","@id":"https:\/\/odavprint.ee\/en\/product\/canon-toner-c-exv-45-cyan-6944b002\/#local-main-organization-logo","url":"https:\/\/odavprint.ee\/wp-content\/uploads\/2018\/10\/odavprint-logo-240.jpg","contentUrl":"https:\/\/odavprint.ee\/wp-content\/uploads\/2018\/10\/odavprint-logo-240.jpg","width":240,"height":36,"caption":"Odav Print O\u00dc"}]},"product_price_amount":"158.30","product_price_currency":"EUR","og_availability":"instock","product_availability":"instock","product_retailer_item_id":"6944B002","product_condition":"new","geo.placename":"Tallinn","geo.position":{"lat":"59.4306504","long":"24.8095743"},"geo.region":"Estonia"},"_links":{"self":[{"href":"https:\/\/odavprint.ee\/en\/wp-json\/wp\/v2\/product\/162010"}],"collection":[{"href":"https:\/\/odavprint.ee\/en\/wp-json\/wp\/v2\/product"}],"about":[{"href":"https:\/\/odavprint.ee\/en\/wp-json\/wp\/v2\/types\/product"}],"wp:featuredmedia":[{"embeddable":true,"href":"https:\/\/odavprint.ee\/en\/wp-json\/wp\/v2\/media\/162011"}],"wp:attachment":[{"href":"https:\/\/odavprint.ee\/en\/wp-json\/wp\/v2\/media?parent=162010"}],"wp:term":[{"taxonomy":"product_cat","embeddable":true,"href":"https:\/\/odavprint.ee\/en\/wp-json\/wp\/v2\/product_cat?post=162010"},{"taxonomy":"product_tag","embeddable":true,"href":"https:\/\/odavprint.ee\/en\/wp-json\/wp\/v2\/product_tag?post=162010"}],"curies":[{"name":"wp","href":"https:\/\/api.w.org\/{rel}","templated":true}]}}