{"id":175883,"date":"2022-07-25T17:47:02","date_gmt":"2022-07-25T14:47:02","guid":{"rendered":"https:\/\/odavprint.ee\/product\/canon-drum-c-exv-29-color-2779b003\/"},"modified":"2024-02-19T11:38:07","modified_gmt":"2024-02-19T09:38:07","slug":"canon-drum-c-exv-29-color-2779b003","status":"publish","type":"product","link":"https:\/\/odavprint.ee\/en\/product\/canon-drum-c-exv-29-color-2779b003\/","title":{"rendered":"Canon Drum C-EXV 29 Color (2779B003)"},"content":{"rendered":"<p><strong>Suitable for use in:<\/strong><\/p>\n<p>Canon imageRUNNER Advance iRC5030<br \/>\nCanon imageRUNNER Advance iRC5035<br \/>\nCanon imageRUNNER Advance iRC5035i<br \/>\nCanon imageRUNNER Advance iRC5235<br \/>\nCanon imageRUNNER Advance iRC5235A<br \/>\nCanon imageRUNNER Advance iRC5235i<br \/>\nCanon imageRUNNER Advance iRC5235series<br \/>\nCanon imageRUNNER Advance iRC5240<br \/>\nCanon imageRUNNER Advance iRC5240 Series<br \/>\nCanon imageRUNNER Advance iRC5240A<br \/>\nCanon imageRUNNER Advance iRC5240i<br \/>\nCanon imageRUNNER Advance iRC5030i<\/p>\n","protected":false},"excerpt":{"rendered":"<p>Suitable for use in: Canon imageRUNNER Advance iRC5030 Canon imageRUNNER Advance iRC5035 Canon imageRUNNER Advance iRC5035i Canon imageRUNNER Advance iRC5235 Canon imageRUNNER Advance iRC5235A Canon imageRUNNER Advance iRC5235i Canon imageRUNNER Advance iRC5235series Canon imageRUNNER Advance iRC5240 Canon imageRUNNER Advance iRC5240 Series Canon imageRUNNER Advance iRC5240A Canon imageRUNNER Advance iRC5240i Canon imageRUNNER Advance iRC5030i<\/p>\n","protected":false},"featured_media":175884,"template":"","meta":{"inline_featured_image":false},"product_cat":[12832],"product_tag":[38260,38259,38258,38257,38256,38255,38253,38254,38252,38250,38251,38249],"yoast_head":"<!-- This site is optimized with the Yoast SEO Premium plugin v23.0 (Yoast SEO v23.0) - https:\/\/yoast.com\/wordpress\/plugins\/seo\/ -->\n<title>Canon Drum C-EXV 29 Color (2779B003), hea hinnaga, osta e-pood - Odav Print<\/title>\n<meta name=\"description\" content=\"Osta Canon Drum C-EXV 29 Color (2779B003) Odav Print \u260e +372 5911 9495 \u2714\ufe0f Parim hind Canon Drum C-EXV 29 Color (2779B003) jaoks \u26df Kiire kohaletoimetamine Eestis \u2b50 Garanteeritud\" \/>\n<meta name=\"robots\" content=\"index, follow, max-snippet:-1, max-image-preview:large, max-video-preview:-1\" \/>\n<link rel=\"canonical\" href=\"https:\/\/odavprint.ee\/en\/product\/canon-drum-c-exv-29-color-2779b003\/\" \/>\n<meta property=\"og:locale\" content=\"en_US\" \/>\n<meta property=\"og:type\" content=\"article\" \/>\n<meta property=\"og:title\" content=\"Canon Drum C-EXV 29 Color (2779B003)\" \/>\n<meta property=\"og:description\" content=\"Osta Canon Drum C-EXV 29 Color (2779B003) Odav Print \u260e +372 5911 9495 \u2714\ufe0f Parim hind Canon Drum C-EXV 29 Color (2779B003) jaoks \u26df Kiire kohaletoimetamine Eestis \u2b50 Garanteeritud\" \/>\n<meta property=\"og:url\" content=\"https:\/\/odavprint.ee\/en\/product\/canon-drum-c-exv-29-color-2779b003\/\" \/>\n<meta property=\"og:site_name\" content=\"Odav Print\" \/>\n<meta property=\"article:modified_time\" content=\"2024-02-19T09:38:07+00:00\" \/>\n<meta property=\"og:image\" content=\"https:\/\/odavprint.ee\/wp-content\/uploads\/2022\/07\/175883_c_exv29_du_bk_180x100pix_282x257.png\" \/>\n\t<meta property=\"og:image:width\" content=\"282\" \/>\n\t<meta property=\"og:image:height\" content=\"257\" \/>\n\t<meta property=\"og:image:type\" content=\"image\/png\" \/>\n<meta name=\"twitter:card\" content=\"summary_large_image\" \/>\n<meta name=\"twitter:label1\" content=\"Price\" \/>\n\t<meta name=\"twitter:data1\" content=\"&euro;262.90\" \/>\n\t<meta name=\"twitter:label2\" content=\"Availability\" \/>\n\t<meta name=\"twitter:data2\" content=\"In stock\" \/>\n<script type=\"application\/ld+json\" class=\"yoast-schema-graph\">{\"@context\":\"https:\/\/schema.org\",\"@graph\":[{\"@type\":[\"WebPage\",\"ItemPage\"],\"@id\":\"https:\/\/odavprint.ee\/en\/product\/canon-drum-c-exv-29-color-2779b003\/\",\"url\":\"https:\/\/odavprint.ee\/en\/product\/canon-drum-c-exv-29-color-2779b003\/\",\"name\":\"Canon Drum C-EXV 29 Color (2779B003), hea hinnaga, osta e-pood - Odav Print\",\"isPartOf\":{\"@id\":\"https:\/\/odavprint.ee\/en\/#website\"},\"primaryImageOfPage\":{\"@id\":\"https:\/\/odavprint.ee\/en\/product\/canon-drum-c-exv-29-color-2779b003\/#primaryimage\"},\"image\":{\"@id\":\"https:\/\/odavprint.ee\/en\/product\/canon-drum-c-exv-29-color-2779b003\/#primaryimage\"},\"thumbnailUrl\":\"https:\/\/odavprint.ee\/wp-content\/uploads\/2022\/07\/175883_c_exv29_du_bk_180x100pix_282x257.png\",\"datePublished\":\"2022-07-25T14:47:02+00:00\",\"dateModified\":\"2024-02-19T09:38:07+00:00\",\"description\":\"Osta Canon Drum C-EXV 29 Color (2779B003) Odav Print \u260e +372 5911 9495 \u2714\ufe0f Parim hind Canon Drum C-EXV 29 Color (2779B003) jaoks \u26df Kiire kohaletoimetamine Eestis \u2b50 Garanteeritud\",\"breadcrumb\":{\"@id\":\"https:\/\/odavprint.ee\/en\/product\/canon-drum-c-exv-29-color-2779b003\/#breadcrumb\"},\"inLanguage\":\"en-US\",\"potentialAction\":[{\"@type\":\"ReadAction\",\"target\":[\"https:\/\/odavprint.ee\/en\/product\/canon-drum-c-exv-29-color-2779b003\/\"]}]},{\"@type\":\"ImageObject\",\"inLanguage\":\"en-US\",\"@id\":\"https:\/\/odavprint.ee\/en\/product\/canon-drum-c-exv-29-color-2779b003\/#primaryimage\",\"url\":\"https:\/\/odavprint.ee\/wp-content\/uploads\/2022\/07\/175883_c_exv29_du_bk_180x100pix_282x257.png\",\"contentUrl\":\"https:\/\/odavprint.ee\/wp-content\/uploads\/2022\/07\/175883_c_exv29_du_bk_180x100pix_282x257.png\",\"width\":282,\"height\":257},{\"@type\":\"BreadcrumbList\",\"@id\":\"https:\/\/odavprint.ee\/en\/product\/canon-drum-c-exv-29-color-2779b003\/#breadcrumb\",\"itemListElement\":[{\"@type\":\"ListItem\",\"position\":1,\"name\":\"Home\",\"item\":\"https:\/\/odavprint.ee\/en\/\"},{\"@type\":\"ListItem\",\"position\":2,\"name\":\"Shop\",\"item\":\"https:\/\/odavprint.ee\/en\/shop\/\"},{\"@type\":\"ListItem\",\"position\":3,\"name\":\"Canon Drum C-EXV 29 Color (2779B003)\"}]},{\"@type\":\"WebSite\",\"@id\":\"https:\/\/odavprint.ee\/en\/#website\",\"url\":\"https:\/\/odavprint.ee\/en\/\",\"name\":\"Odav Print\",\"description\":\"Just another WordPress site\",\"publisher\":{\"@id\":\"https:\/\/odavprint.ee\/en\/#organization\"},\"alternateName\":\"Kassettide, toonerite t\u00e4itmine ja m\u00fc\u00fck.\",\"potentialAction\":[{\"@type\":\"SearchAction\",\"target\":{\"@type\":\"EntryPoint\",\"urlTemplate\":\"https:\/\/odavprint.ee\/en\/?s={search_term_string}\"},\"query-input\":\"required name=search_term_string\"}],\"inLanguage\":\"en-US\"},{\"@type\":[\"Organization\",\"Place\"],\"@id\":\"https:\/\/odavprint.ee\/en\/#organization\",\"name\":\"Odav Print O\u00dc\",\"url\":\"https:\/\/odavprint.ee\/en\/\",\"logo\":{\"@id\":\"https:\/\/odavprint.ee\/en\/product\/canon-drum-c-exv-29-color-2779b003\/#local-main-organization-logo\"},\"image\":{\"@id\":\"https:\/\/odavprint.ee\/en\/product\/canon-drum-c-exv-29-color-2779b003\/#local-main-organization-logo\"},\"address\":{\"@id\":\"https:\/\/odavprint.ee\/en\/product\/canon-drum-c-exv-29-color-2779b003\/#local-main-place-address\"},\"geo\":{\"@type\":\"GeoCoordinates\",\"latitude\":\"59.4306504\",\"longitude\":\"24.8095743\"},\"telephone\":[\"53836926\"],\"openingHoursSpecification\":[{\"@type\":\"OpeningHoursSpecification\",\"dayOfWeek\":[\"Monday\",\"Tuesday\",\"Wednesday\",\"Thursday\",\"Friday\",\"Saturday\",\"Sunday\"],\"opens\":\"09:00\",\"closes\":\"17:00\"}],\"email\":\"info@odavprint.eu\"},{\"@type\":\"PostalAddress\",\"@id\":\"https:\/\/odavprint.ee\/en\/product\/canon-drum-c-exv-29-color-2779b003\/#local-main-place-address\",\"streetAddress\":\"Pae tn 28\",\"addressLocality\":\"Tallinn\",\"postalCode\":\"11415\",\"addressRegion\":\"Harjumaa\",\"addressCountry\":\"EE\"},{\"@type\":\"ImageObject\",\"inLanguage\":\"en-US\",\"@id\":\"https:\/\/odavprint.ee\/en\/product\/canon-drum-c-exv-29-color-2779b003\/#local-main-organization-logo\",\"url\":\"https:\/\/odavprint.ee\/wp-content\/uploads\/2018\/10\/odavprint-logo-240.jpg\",\"contentUrl\":\"https:\/\/odavprint.ee\/wp-content\/uploads\/2018\/10\/odavprint-logo-240.jpg\",\"width\":240,\"height\":36,\"caption\":\"Odav Print O\u00dc\"}]}<\/script>\n<meta property=\"product:price:amount\" content=\"262.90\" \/>\n<meta property=\"product:price:currency\" content=\"EUR\" \/>\n<meta property=\"og:availability\" content=\"instock\" \/>\n<meta property=\"product:availability\" content=\"instock\" \/>\n<meta property=\"product:retailer_item_id\" content=\"2779B003\" \/>\n<meta property=\"product:condition\" content=\"new\" \/>\n<meta name=\"geo.placename\" content=\"Tallinn\" \/>\n<meta name=\"geo.position\" content=\"59.4306504;24.8095743\" \/>\n<meta name=\"geo.region\" content=\"Estonia\" \/>\n<!-- \/ Yoast SEO Premium plugin. -->","yoast_head_json":{"title":"Canon Drum C-EXV 29 Color (2779B003), hea hinnaga, osta e-pood - Odav Print","description":"Osta Canon Drum C-EXV 29 Color (2779B003) Odav Print \u260e +372 5911 9495 \u2714\ufe0f Parim hind Canon Drum C-EXV 29 Color (2779B003) jaoks \u26df Kiire kohaletoimetamine Eestis \u2b50 Garanteeritud","robots":{"index":"index","follow":"follow","max-snippet":"max-snippet:-1","max-image-preview":"max-image-preview:large","max-video-preview":"max-video-preview:-1"},"canonical":"https:\/\/odavprint.ee\/en\/product\/canon-drum-c-exv-29-color-2779b003\/","og_locale":"en_US","og_type":"article","og_title":"Canon Drum C-EXV 29 Color (2779B003)","og_description":"Osta Canon Drum C-EXV 29 Color (2779B003) Odav Print \u260e +372 5911 9495 \u2714\ufe0f Parim hind Canon Drum C-EXV 29 Color (2779B003) jaoks \u26df Kiire kohaletoimetamine Eestis \u2b50 Garanteeritud","og_url":"https:\/\/odavprint.ee\/en\/product\/canon-drum-c-exv-29-color-2779b003\/","og_site_name":"Odav Print","article_modified_time":"2024-02-19T09:38:07+00:00","og_image":[{"width":282,"height":257,"url":"https:\/\/odavprint.ee\/wp-content\/uploads\/2022\/07\/175883_c_exv29_du_bk_180x100pix_282x257.png","type":"image\/png"}],"twitter_card":"summary_large_image","twitter_misc":{"Price":"&euro;262.90","Availability":"In stock"},"schema":{"@context":"https:\/\/schema.org","@graph":[{"@type":["WebPage","ItemPage"],"@id":"https:\/\/odavprint.ee\/en\/product\/canon-drum-c-exv-29-color-2779b003\/","url":"https:\/\/odavprint.ee\/en\/product\/canon-drum-c-exv-29-color-2779b003\/","name":"Canon Drum C-EXV 29 Color (2779B003), hea hinnaga, osta e-pood - Odav Print","isPartOf":{"@id":"https:\/\/odavprint.ee\/en\/#website"},"primaryImageOfPage":{"@id":"https:\/\/odavprint.ee\/en\/product\/canon-drum-c-exv-29-color-2779b003\/#primaryimage"},"image":{"@id":"https:\/\/odavprint.ee\/en\/product\/canon-drum-c-exv-29-color-2779b003\/#primaryimage"},"thumbnailUrl":"https:\/\/odavprint.ee\/wp-content\/uploads\/2022\/07\/175883_c_exv29_du_bk_180x100pix_282x257.png","datePublished":"2022-07-25T14:47:02+00:00","dateModified":"2024-02-19T09:38:07+00:00","description":"Osta Canon Drum C-EXV 29 Color (2779B003) Odav Print \u260e +372 5911 9495 \u2714\ufe0f Parim hind Canon Drum C-EXV 29 Color (2779B003) jaoks \u26df Kiire kohaletoimetamine Eestis \u2b50 Garanteeritud","breadcrumb":{"@id":"https:\/\/odavprint.ee\/en\/product\/canon-drum-c-exv-29-color-2779b003\/#breadcrumb"},"inLanguage":"en-US","potentialAction":[{"@type":"ReadAction","target":["https:\/\/odavprint.ee\/en\/product\/canon-drum-c-exv-29-color-2779b003\/"]}]},{"@type":"ImageObject","inLanguage":"en-US","@id":"https:\/\/odavprint.ee\/en\/product\/canon-drum-c-exv-29-color-2779b003\/#primaryimage","url":"https:\/\/odavprint.ee\/wp-content\/uploads\/2022\/07\/175883_c_exv29_du_bk_180x100pix_282x257.png","contentUrl":"https:\/\/odavprint.ee\/wp-content\/uploads\/2022\/07\/175883_c_exv29_du_bk_180x100pix_282x257.png","width":282,"height":257},{"@type":"BreadcrumbList","@id":"https:\/\/odavprint.ee\/en\/product\/canon-drum-c-exv-29-color-2779b003\/#breadcrumb","itemListElement":[{"@type":"ListItem","position":1,"name":"Home","item":"https:\/\/odavprint.ee\/en\/"},{"@type":"ListItem","position":2,"name":"Shop","item":"https:\/\/odavprint.ee\/en\/shop\/"},{"@type":"ListItem","position":3,"name":"Canon Drum C-EXV 29 Color (2779B003)"}]},{"@type":"WebSite","@id":"https:\/\/odavprint.ee\/en\/#website","url":"https:\/\/odavprint.ee\/en\/","name":"Odav Print","description":"Just another WordPress site","publisher":{"@id":"https:\/\/odavprint.ee\/en\/#organization"},"alternateName":"Kassettide, toonerite t\u00e4itmine ja m\u00fc\u00fck.","potentialAction":[{"@type":"SearchAction","target":{"@type":"EntryPoint","urlTemplate":"https:\/\/odavprint.ee\/en\/?s={search_term_string}"},"query-input":"required name=search_term_string"}],"inLanguage":"en-US"},{"@type":["Organization","Place"],"@id":"https:\/\/odavprint.ee\/en\/#organization","name":"Odav Print O\u00dc","url":"https:\/\/odavprint.ee\/en\/","logo":{"@id":"https:\/\/odavprint.ee\/en\/product\/canon-drum-c-exv-29-color-2779b003\/#local-main-organization-logo"},"image":{"@id":"https:\/\/odavprint.ee\/en\/product\/canon-drum-c-exv-29-color-2779b003\/#local-main-organization-logo"},"address":{"@id":"https:\/\/odavprint.ee\/en\/product\/canon-drum-c-exv-29-color-2779b003\/#local-main-place-address"},"geo":{"@type":"GeoCoordinates","latitude":"59.4306504","longitude":"24.8095743"},"telephone":["53836926"],"openingHoursSpecification":[{"@type":"OpeningHoursSpecification","dayOfWeek":["Monday","Tuesday","Wednesday","Thursday","Friday","Saturday","Sunday"],"opens":"09:00","closes":"17:00"}],"email":"info@odavprint.eu"},{"@type":"PostalAddress","@id":"https:\/\/odavprint.ee\/en\/product\/canon-drum-c-exv-29-color-2779b003\/#local-main-place-address","streetAddress":"Pae tn 28","addressLocality":"Tallinn","postalCode":"11415","addressRegion":"Harjumaa","addressCountry":"EE"},{"@type":"ImageObject","inLanguage":"en-US","@id":"https:\/\/odavprint.ee\/en\/product\/canon-drum-c-exv-29-color-2779b003\/#local-main-organization-logo","url":"https:\/\/odavprint.ee\/wp-content\/uploads\/2018\/10\/odavprint-logo-240.jpg","contentUrl":"https:\/\/odavprint.ee\/wp-content\/uploads\/2018\/10\/odavprint-logo-240.jpg","width":240,"height":36,"caption":"Odav Print O\u00dc"}]},"product_price_amount":"262.90","product_price_currency":"EUR","og_availability":"instock","product_availability":"instock","product_retailer_item_id":"2779B003","product_condition":"new","geo.placename":"Tallinn","geo.position":{"lat":"59.4306504","long":"24.8095743"},"geo.region":"Estonia"},"_links":{"self":[{"href":"https:\/\/odavprint.ee\/en\/wp-json\/wp\/v2\/product\/175883"}],"collection":[{"href":"https:\/\/odavprint.ee\/en\/wp-json\/wp\/v2\/product"}],"about":[{"href":"https:\/\/odavprint.ee\/en\/wp-json\/wp\/v2\/types\/product"}],"wp:featuredmedia":[{"embeddable":true,"href":"https:\/\/odavprint.ee\/en\/wp-json\/wp\/v2\/media\/175884"}],"wp:attachment":[{"href":"https:\/\/odavprint.ee\/en\/wp-json\/wp\/v2\/media?parent=175883"}],"wp:term":[{"taxonomy":"product_cat","embeddable":true,"href":"https:\/\/odavprint.ee\/en\/wp-json\/wp\/v2\/product_cat?post=175883"},{"taxonomy":"product_tag","embeddable":true,"href":"https:\/\/odavprint.ee\/en\/wp-json\/wp\/v2\/product_tag?post=175883"}],"curies":[{"name":"wp","href":"https:\/\/api.w.org\/{rel}","templated":true}]}}