{"id":176798,"date":"2022-08-30T10:00:23","date_gmt":"2022-08-30T07:00:23","guid":{"rendered":"https:\/\/odavprint.ee\/product\/lexmark-cartridge-622xe-black-62d2x0e-corporate\/"},"modified":"2024-02-19T11:37:54","modified_gmt":"2024-02-19T09:37:54","slug":"lexmark-cartridge-622xe-black-62d2x0e-corporate","status":"publish","type":"product","link":"https:\/\/odavprint.ee\/en\/product\/lexmark-cartridge-622xe-black-62d2x0e-corporate\/","title":{"rendered":"Lexmark Cartridge 622XE Black (62D2X0E) Corporate"},"content":{"rendered":"<p>MX 811 dxme, MX 812 dxfe, MX 810 dxpe, MX 711 de, MX 810 dfe, MX 811 dxfe, MX 811 dfe, MX 811 dme, MX 810 dme, MX 810 Series, MX 810 dxme, MX 812 dfe, MX 812 dxme, MX 810 dpe, MX 711 dhe, MX 812 dme, MX 810 dxfe, MX 812 dxpe, MX 811 Series, MX 811 dxpe<\/p>\n","protected":false},"excerpt":{"rendered":"<p>MX 811 dxme, MX 812 dxfe, MX 810 dxpe, MX 711 de, MX 810 dfe, MX 811 dxfe, MX 811 dfe, MX 811 dme, MX 810 dme, MX 810 Series, MX 810 dxme, MX 812 dfe, MX 812 dxme, MX 810 dpe, MX 711 dhe, MX 812 dme, MX 810 dxfe, MX 812 dxpe, MX [&#8230;]\n","protected":false},"featured_media":176799,"template":"","meta":{"inline_featured_image":false},"product_cat":[12832],"product_tag":[38332,38331,38330,38329,38328,38327,38326,38325,38324,38323,38322,38321,38320,38319,38318,38317,38316,38315,38314,38313,38333,38334,38335,38336,38337,38338,38339,38340,38341],"yoast_head":"<!-- This site is optimized with the Yoast SEO Premium plugin v23.0 (Yoast SEO v23.0) - https:\/\/yoast.com\/wordpress\/plugins\/seo\/ -->\n<title>Lexmark Cartridge 622XE Black (62D2X0E) Corporate, hea hinnaga, osta e-pood - Odav Print<\/title>\n<meta name=\"description\" content=\"Osta Lexmark Cartridge 622XE Black (62D2X0E) Corporate Odav Print \u260e +372 5911 9495 \u2714\ufe0f Parim hind Lexmark Cartridge 622XE Black (62D2X0E) Corporate jaoks \u26df Kiire kohaletoimetamine Eestis \u2b50 Garanteeritud\" \/>\n<meta name=\"robots\" content=\"index, follow, max-snippet:-1, max-image-preview:large, max-video-preview:-1\" \/>\n<link rel=\"canonical\" href=\"https:\/\/odavprint.ee\/en\/product\/lexmark-cartridge-622xe-black-62d2x0e-corporate\/\" \/>\n<meta property=\"og:locale\" content=\"en_US\" \/>\n<meta property=\"og:type\" content=\"article\" \/>\n<meta property=\"og:title\" content=\"Lexmark Cartridge 622XE Black (62D2X0E) Corporate\" \/>\n<meta property=\"og:description\" content=\"Osta Lexmark Cartridge 622XE Black (62D2X0E) Corporate Odav Print \u260e +372 5911 9495 \u2714\ufe0f Parim hind Lexmark Cartridge 622XE Black (62D2X0E) Corporate jaoks \u26df Kiire kohaletoimetamine Eestis \u2b50 Garanteeritud\" \/>\n<meta property=\"og:url\" content=\"https:\/\/odavprint.ee\/en\/product\/lexmark-cartridge-622xe-black-62d2x0e-corporate\/\" \/>\n<meta property=\"og:site_name\" content=\"Odav Print\" \/>\n<meta property=\"article:modified_time\" content=\"2024-02-19T09:37:54+00:00\" \/>\n<meta property=\"og:image\" content=\"https:\/\/odavprint.ee\/wp-content\/uploads\/2022\/08\/176798_leca6020001.png\" \/>\n\t<meta property=\"og:image:width\" content=\"318\" \/>\n\t<meta property=\"og:image:height\" content=\"212\" \/>\n\t<meta property=\"og:image:type\" content=\"image\/png\" \/>\n<meta name=\"twitter:card\" content=\"summary_large_image\" \/>\n<meta name=\"twitter:label1\" content=\"Price\" \/>\n\t<meta name=\"twitter:data1\" content=\"&euro;363.50\" \/>\n\t<meta name=\"twitter:label2\" content=\"Availability\" \/>\n\t<meta name=\"twitter:data2\" content=\"In stock\" \/>\n<script type=\"application\/ld+json\" class=\"yoast-schema-graph\">{\"@context\":\"https:\/\/schema.org\",\"@graph\":[{\"@type\":[\"WebPage\",\"ItemPage\"],\"@id\":\"https:\/\/odavprint.ee\/en\/product\/lexmark-cartridge-622xe-black-62d2x0e-corporate\/\",\"url\":\"https:\/\/odavprint.ee\/en\/product\/lexmark-cartridge-622xe-black-62d2x0e-corporate\/\",\"name\":\"Lexmark Cartridge 622XE Black (62D2X0E) Corporate, hea hinnaga, osta e-pood - Odav Print\",\"isPartOf\":{\"@id\":\"https:\/\/odavprint.ee\/en\/#website\"},\"primaryImageOfPage\":{\"@id\":\"https:\/\/odavprint.ee\/en\/product\/lexmark-cartridge-622xe-black-62d2x0e-corporate\/#primaryimage\"},\"image\":{\"@id\":\"https:\/\/odavprint.ee\/en\/product\/lexmark-cartridge-622xe-black-62d2x0e-corporate\/#primaryimage\"},\"thumbnailUrl\":\"https:\/\/odavprint.ee\/wp-content\/uploads\/2022\/08\/176798_leca6020001.png\",\"datePublished\":\"2022-08-30T07:00:23+00:00\",\"dateModified\":\"2024-02-19T09:37:54+00:00\",\"description\":\"Osta Lexmark Cartridge 622XE Black (62D2X0E) Corporate Odav Print \u260e +372 5911 9495 \u2714\ufe0f Parim hind Lexmark Cartridge 622XE Black (62D2X0E) Corporate jaoks \u26df Kiire kohaletoimetamine Eestis \u2b50 Garanteeritud\",\"breadcrumb\":{\"@id\":\"https:\/\/odavprint.ee\/en\/product\/lexmark-cartridge-622xe-black-62d2x0e-corporate\/#breadcrumb\"},\"inLanguage\":\"en-US\",\"potentialAction\":[{\"@type\":\"ReadAction\",\"target\":[\"https:\/\/odavprint.ee\/en\/product\/lexmark-cartridge-622xe-black-62d2x0e-corporate\/\"]}]},{\"@type\":\"ImageObject\",\"inLanguage\":\"en-US\",\"@id\":\"https:\/\/odavprint.ee\/en\/product\/lexmark-cartridge-622xe-black-62d2x0e-corporate\/#primaryimage\",\"url\":\"https:\/\/odavprint.ee\/wp-content\/uploads\/2022\/08\/176798_leca6020001.png\",\"contentUrl\":\"https:\/\/odavprint.ee\/wp-content\/uploads\/2022\/08\/176798_leca6020001.png\",\"width\":318,\"height\":212},{\"@type\":\"BreadcrumbList\",\"@id\":\"https:\/\/odavprint.ee\/en\/product\/lexmark-cartridge-622xe-black-62d2x0e-corporate\/#breadcrumb\",\"itemListElement\":[{\"@type\":\"ListItem\",\"position\":1,\"name\":\"Home\",\"item\":\"https:\/\/odavprint.ee\/en\/\"},{\"@type\":\"ListItem\",\"position\":2,\"name\":\"Shop\",\"item\":\"https:\/\/odavprint.ee\/en\/shop\/\"},{\"@type\":\"ListItem\",\"position\":3,\"name\":\"Lexmark Cartridge 622XE Black (62D2X0E) Corporate\"}]},{\"@type\":\"WebSite\",\"@id\":\"https:\/\/odavprint.ee\/en\/#website\",\"url\":\"https:\/\/odavprint.ee\/en\/\",\"name\":\"Odav Print\",\"description\":\"Just another WordPress site\",\"publisher\":{\"@id\":\"https:\/\/odavprint.ee\/en\/#organization\"},\"alternateName\":\"Kassettide, toonerite t\u00e4itmine ja m\u00fc\u00fck.\",\"potentialAction\":[{\"@type\":\"SearchAction\",\"target\":{\"@type\":\"EntryPoint\",\"urlTemplate\":\"https:\/\/odavprint.ee\/en\/?s={search_term_string}\"},\"query-input\":\"required name=search_term_string\"}],\"inLanguage\":\"en-US\"},{\"@type\":[\"Organization\",\"Place\"],\"@id\":\"https:\/\/odavprint.ee\/en\/#organization\",\"name\":\"Odav Print O\u00dc\",\"url\":\"https:\/\/odavprint.ee\/en\/\",\"logo\":{\"@id\":\"https:\/\/odavprint.ee\/en\/product\/lexmark-cartridge-622xe-black-62d2x0e-corporate\/#local-main-organization-logo\"},\"image\":{\"@id\":\"https:\/\/odavprint.ee\/en\/product\/lexmark-cartridge-622xe-black-62d2x0e-corporate\/#local-main-organization-logo\"},\"address\":{\"@id\":\"https:\/\/odavprint.ee\/en\/product\/lexmark-cartridge-622xe-black-62d2x0e-corporate\/#local-main-place-address\"},\"geo\":{\"@type\":\"GeoCoordinates\",\"latitude\":\"59.4306504\",\"longitude\":\"24.8095743\"},\"telephone\":[\"53836926\"],\"openingHoursSpecification\":[{\"@type\":\"OpeningHoursSpecification\",\"dayOfWeek\":[\"Monday\",\"Tuesday\",\"Wednesday\",\"Thursday\",\"Friday\",\"Saturday\",\"Sunday\"],\"opens\":\"09:00\",\"closes\":\"17:00\"}],\"email\":\"info@odavprint.eu\"},{\"@type\":\"PostalAddress\",\"@id\":\"https:\/\/odavprint.ee\/en\/product\/lexmark-cartridge-622xe-black-62d2x0e-corporate\/#local-main-place-address\",\"streetAddress\":\"Pae tn 28\",\"addressLocality\":\"Tallinn\",\"postalCode\":\"11415\",\"addressRegion\":\"Harjumaa\",\"addressCountry\":\"EE\"},{\"@type\":\"ImageObject\",\"inLanguage\":\"en-US\",\"@id\":\"https:\/\/odavprint.ee\/en\/product\/lexmark-cartridge-622xe-black-62d2x0e-corporate\/#local-main-organization-logo\",\"url\":\"https:\/\/odavprint.ee\/wp-content\/uploads\/2018\/10\/odavprint-logo-240.jpg\",\"contentUrl\":\"https:\/\/odavprint.ee\/wp-content\/uploads\/2018\/10\/odavprint-logo-240.jpg\",\"width\":240,\"height\":36,\"caption\":\"Odav Print O\u00dc\"}]}<\/script>\n<meta property=\"product:price:amount\" content=\"363.50\" \/>\n<meta property=\"product:price:currency\" content=\"EUR\" \/>\n<meta property=\"og:availability\" content=\"instock\" \/>\n<meta property=\"product:availability\" content=\"instock\" \/>\n<meta property=\"product:retailer_item_id\" content=\"62D2X0E\" \/>\n<meta property=\"product:condition\" content=\"new\" \/>\n<meta name=\"geo.placename\" content=\"Tallinn\" \/>\n<meta name=\"geo.position\" content=\"59.4306504;24.8095743\" \/>\n<meta name=\"geo.region\" content=\"Estonia\" \/>\n<!-- \/ Yoast SEO Premium plugin. -->","yoast_head_json":{"title":"Lexmark Cartridge 622XE Black (62D2X0E) Corporate, hea hinnaga, osta e-pood - Odav Print","description":"Osta Lexmark Cartridge 622XE Black (62D2X0E) Corporate Odav Print \u260e +372 5911 9495 \u2714\ufe0f Parim hind Lexmark Cartridge 622XE Black (62D2X0E) Corporate jaoks \u26df Kiire kohaletoimetamine Eestis \u2b50 Garanteeritud","robots":{"index":"index","follow":"follow","max-snippet":"max-snippet:-1","max-image-preview":"max-image-preview:large","max-video-preview":"max-video-preview:-1"},"canonical":"https:\/\/odavprint.ee\/en\/product\/lexmark-cartridge-622xe-black-62d2x0e-corporate\/","og_locale":"en_US","og_type":"article","og_title":"Lexmark Cartridge 622XE Black (62D2X0E) Corporate","og_description":"Osta Lexmark Cartridge 622XE Black (62D2X0E) Corporate Odav Print \u260e +372 5911 9495 \u2714\ufe0f Parim hind Lexmark Cartridge 622XE Black (62D2X0E) Corporate jaoks \u26df Kiire kohaletoimetamine Eestis \u2b50 Garanteeritud","og_url":"https:\/\/odavprint.ee\/en\/product\/lexmark-cartridge-622xe-black-62d2x0e-corporate\/","og_site_name":"Odav Print","article_modified_time":"2024-02-19T09:37:54+00:00","og_image":[{"width":318,"height":212,"url":"https:\/\/odavprint.ee\/wp-content\/uploads\/2022\/08\/176798_leca6020001.png","type":"image\/png"}],"twitter_card":"summary_large_image","twitter_misc":{"Price":"&euro;363.50","Availability":"In stock"},"schema":{"@context":"https:\/\/schema.org","@graph":[{"@type":["WebPage","ItemPage"],"@id":"https:\/\/odavprint.ee\/en\/product\/lexmark-cartridge-622xe-black-62d2x0e-corporate\/","url":"https:\/\/odavprint.ee\/en\/product\/lexmark-cartridge-622xe-black-62d2x0e-corporate\/","name":"Lexmark Cartridge 622XE Black (62D2X0E) Corporate, hea hinnaga, osta e-pood - Odav Print","isPartOf":{"@id":"https:\/\/odavprint.ee\/en\/#website"},"primaryImageOfPage":{"@id":"https:\/\/odavprint.ee\/en\/product\/lexmark-cartridge-622xe-black-62d2x0e-corporate\/#primaryimage"},"image":{"@id":"https:\/\/odavprint.ee\/en\/product\/lexmark-cartridge-622xe-black-62d2x0e-corporate\/#primaryimage"},"thumbnailUrl":"https:\/\/odavprint.ee\/wp-content\/uploads\/2022\/08\/176798_leca6020001.png","datePublished":"2022-08-30T07:00:23+00:00","dateModified":"2024-02-19T09:37:54+00:00","description":"Osta Lexmark Cartridge 622XE Black (62D2X0E) Corporate Odav Print \u260e +372 5911 9495 \u2714\ufe0f Parim hind Lexmark Cartridge 622XE Black (62D2X0E) Corporate jaoks \u26df Kiire kohaletoimetamine Eestis \u2b50 Garanteeritud","breadcrumb":{"@id":"https:\/\/odavprint.ee\/en\/product\/lexmark-cartridge-622xe-black-62d2x0e-corporate\/#breadcrumb"},"inLanguage":"en-US","potentialAction":[{"@type":"ReadAction","target":["https:\/\/odavprint.ee\/en\/product\/lexmark-cartridge-622xe-black-62d2x0e-corporate\/"]}]},{"@type":"ImageObject","inLanguage":"en-US","@id":"https:\/\/odavprint.ee\/en\/product\/lexmark-cartridge-622xe-black-62d2x0e-corporate\/#primaryimage","url":"https:\/\/odavprint.ee\/wp-content\/uploads\/2022\/08\/176798_leca6020001.png","contentUrl":"https:\/\/odavprint.ee\/wp-content\/uploads\/2022\/08\/176798_leca6020001.png","width":318,"height":212},{"@type":"BreadcrumbList","@id":"https:\/\/odavprint.ee\/en\/product\/lexmark-cartridge-622xe-black-62d2x0e-corporate\/#breadcrumb","itemListElement":[{"@type":"ListItem","position":1,"name":"Home","item":"https:\/\/odavprint.ee\/en\/"},{"@type":"ListItem","position":2,"name":"Shop","item":"https:\/\/odavprint.ee\/en\/shop\/"},{"@type":"ListItem","position":3,"name":"Lexmark Cartridge 622XE Black (62D2X0E) Corporate"}]},{"@type":"WebSite","@id":"https:\/\/odavprint.ee\/en\/#website","url":"https:\/\/odavprint.ee\/en\/","name":"Odav Print","description":"Just another WordPress site","publisher":{"@id":"https:\/\/odavprint.ee\/en\/#organization"},"alternateName":"Kassettide, toonerite t\u00e4itmine ja m\u00fc\u00fck.","potentialAction":[{"@type":"SearchAction","target":{"@type":"EntryPoint","urlTemplate":"https:\/\/odavprint.ee\/en\/?s={search_term_string}"},"query-input":"required name=search_term_string"}],"inLanguage":"en-US"},{"@type":["Organization","Place"],"@id":"https:\/\/odavprint.ee\/en\/#organization","name":"Odav Print O\u00dc","url":"https:\/\/odavprint.ee\/en\/","logo":{"@id":"https:\/\/odavprint.ee\/en\/product\/lexmark-cartridge-622xe-black-62d2x0e-corporate\/#local-main-organization-logo"},"image":{"@id":"https:\/\/odavprint.ee\/en\/product\/lexmark-cartridge-622xe-black-62d2x0e-corporate\/#local-main-organization-logo"},"address":{"@id":"https:\/\/odavprint.ee\/en\/product\/lexmark-cartridge-622xe-black-62d2x0e-corporate\/#local-main-place-address"},"geo":{"@type":"GeoCoordinates","latitude":"59.4306504","longitude":"24.8095743"},"telephone":["53836926"],"openingHoursSpecification":[{"@type":"OpeningHoursSpecification","dayOfWeek":["Monday","Tuesday","Wednesday","Thursday","Friday","Saturday","Sunday"],"opens":"09:00","closes":"17:00"}],"email":"info@odavprint.eu"},{"@type":"PostalAddress","@id":"https:\/\/odavprint.ee\/en\/product\/lexmark-cartridge-622xe-black-62d2x0e-corporate\/#local-main-place-address","streetAddress":"Pae tn 28","addressLocality":"Tallinn","postalCode":"11415","addressRegion":"Harjumaa","addressCountry":"EE"},{"@type":"ImageObject","inLanguage":"en-US","@id":"https:\/\/odavprint.ee\/en\/product\/lexmark-cartridge-622xe-black-62d2x0e-corporate\/#local-main-organization-logo","url":"https:\/\/odavprint.ee\/wp-content\/uploads\/2018\/10\/odavprint-logo-240.jpg","contentUrl":"https:\/\/odavprint.ee\/wp-content\/uploads\/2018\/10\/odavprint-logo-240.jpg","width":240,"height":36,"caption":"Odav Print O\u00dc"}]},"product_price_amount":"363.50","product_price_currency":"EUR","og_availability":"instock","product_availability":"instock","product_retailer_item_id":"62D2X0E","product_condition":"new","geo.placename":"Tallinn","geo.position":{"lat":"59.4306504","long":"24.8095743"},"geo.region":"Estonia"},"_links":{"self":[{"href":"https:\/\/odavprint.ee\/en\/wp-json\/wp\/v2\/product\/176798"}],"collection":[{"href":"https:\/\/odavprint.ee\/en\/wp-json\/wp\/v2\/product"}],"about":[{"href":"https:\/\/odavprint.ee\/en\/wp-json\/wp\/v2\/types\/product"}],"wp:featuredmedia":[{"embeddable":true,"href":"https:\/\/odavprint.ee\/en\/wp-json\/wp\/v2\/media\/176799"}],"wp:attachment":[{"href":"https:\/\/odavprint.ee\/en\/wp-json\/wp\/v2\/media?parent=176798"}],"wp:term":[{"taxonomy":"product_cat","embeddable":true,"href":"https:\/\/odavprint.ee\/en\/wp-json\/wp\/v2\/product_cat?post=176798"},{"taxonomy":"product_tag","embeddable":true,"href":"https:\/\/odavprint.ee\/en\/wp-json\/wp\/v2\/product_tag?post=176798"}],"curies":[{"name":"wp","href":"https:\/\/api.w.org\/{rel}","templated":true}]}}