{"id":180177,"date":"2022-09-26T17:04:06","date_gmt":"2022-09-26T14:04:06","guid":{"rendered":"https:\/\/odavprint.ee\/product\/hewlett-packard-932-933-6zc71ae-multipack\/"},"modified":"2024-02-19T09:05:20","modified_gmt":"2024-02-19T07:05:20","slug":"hewlett-packard-932-933-6zc71ae-multipack","status":"publish","type":"product","link":"https:\/\/odavprint.ee\/en\/product\/hewlett-packard-932-933-6zc71ae-multipack\/","title":{"rendered":"Hewlett-Packard 932\/933 (6ZC71AE) multipack"},"content":{"rendered":"<p><b>Suitable for use in:<\/b><\/p>\n<p>\u00a0<\/p>\n<p>HP OfficeJet 6100 e-Printer<br \/>\nHP OfficeJet 6600 Series<br \/>\nHP OfficeJet 6600 e-All-in-One<br \/>\nHP OfficeJet 6600 e-All-in-One special Edition<br \/>\nHP OfficeJet 6700 Premium<br \/>\nHP OfficeJet 7110 wide format<br \/>\nHP OfficeJet 7510 wide format<br \/>\nHP OfficeJet 7600 Series<br \/>\nHP OfficeJet 7610 wide format<br \/>\nHP OfficeJet 7612 wide format<\/p>\n<p>\u00a0<\/p>\n","protected":false},"excerpt":{"rendered":"<p>Suitable for use in: \u00a0 HP OfficeJet 6100 e-Printer HP OfficeJet 6600 Series HP OfficeJet 6600 e-All-in-One HP OfficeJet 6600 e-All-in-One special Edition HP OfficeJet 6700 Premium HP OfficeJet 7110 wide format HP OfficeJet 7510 wide format HP OfficeJet 7600 Series HP OfficeJet 7610 wide format HP OfficeJet 7612 wide format \u00a0<\/p>\n","protected":false},"featured_media":213128,"template":"","meta":{"inline_featured_image":false},"product_cat":[10770],"product_tag":[38752,38753,38750,38751,38754,38755,38756,38757,38758,38759],"yoast_head":"<!-- This site is optimized with the Yoast SEO Premium plugin v23.0 (Yoast SEO v23.0) - https:\/\/yoast.com\/wordpress\/plugins\/seo\/ -->\n<title>Hewlett-Packard 932\/933 (6ZC71AE) multipack, hea hinnaga, osta e-pood - Odav Print<\/title>\n<meta name=\"description\" content=\"Osta Hewlett-Packard 932\/933 (6ZC71AE) multipack Odav Print \u260e +372 5911 9495 \u2714\ufe0f Parim hind Hewlett-Packard 932\/933 (6ZC71AE) multipack jaoks \u26df Kiire kohaletoimetamine Eestis \u2b50 Garanteeritud\" \/>\n<meta name=\"robots\" content=\"index, follow, max-snippet:-1, max-image-preview:large, max-video-preview:-1\" \/>\n<link rel=\"canonical\" href=\"https:\/\/odavprint.ee\/en\/product\/hewlett-packard-932-933-6zc71ae-multipack\/\" \/>\n<meta property=\"og:locale\" content=\"en_US\" \/>\n<meta property=\"og:type\" content=\"article\" \/>\n<meta property=\"og:title\" content=\"Hewlett-Packard 932\/933 (6ZC71AE) multipack\" \/>\n<meta property=\"og:description\" content=\"Osta Hewlett-Packard 932\/933 (6ZC71AE) multipack Odav Print \u260e +372 5911 9495 \u2714\ufe0f Parim hind Hewlett-Packard 932\/933 (6ZC71AE) multipack jaoks \u26df Kiire kohaletoimetamine Eestis \u2b50 Garanteeritud\" \/>\n<meta property=\"og:url\" content=\"https:\/\/odavprint.ee\/en\/product\/hewlett-packard-932-933-6zc71ae-multipack\/\" \/>\n<meta property=\"og:site_name\" content=\"Odav Print\" \/>\n<meta property=\"article:modified_time\" content=\"2024-02-19T07:05:20+00:00\" \/>\n<meta property=\"og:image\" content=\"https:\/\/odavprint.ee\/wp-content\/uploads\/2022\/09\/180177_ownd_281471.jpg\" \/>\n\t<meta property=\"og:image:width\" content=\"500\" \/>\n\t<meta property=\"og:image:height\" content=\"500\" \/>\n\t<meta property=\"og:image:type\" content=\"image\/jpeg\" \/>\n<meta name=\"twitter:card\" content=\"summary_large_image\" \/>\n<meta name=\"twitter:label1\" content=\"Price\" \/>\n\t<meta name=\"twitter:data1\" content=\"&euro;86.00\" \/>\n\t<meta name=\"twitter:label2\" content=\"Availability\" \/>\n\t<meta name=\"twitter:data2\" content=\"In stock\" \/>\n<script type=\"application\/ld+json\" class=\"yoast-schema-graph\">{\"@context\":\"https:\/\/schema.org\",\"@graph\":[{\"@type\":[\"WebPage\",\"ItemPage\"],\"@id\":\"https:\/\/odavprint.ee\/en\/product\/hewlett-packard-932-933-6zc71ae-multipack\/\",\"url\":\"https:\/\/odavprint.ee\/en\/product\/hewlett-packard-932-933-6zc71ae-multipack\/\",\"name\":\"Hewlett-Packard 932\/933 (6ZC71AE) multipack, hea hinnaga, osta e-pood - Odav Print\",\"isPartOf\":{\"@id\":\"https:\/\/odavprint.ee\/en\/#website\"},\"primaryImageOfPage\":{\"@id\":\"https:\/\/odavprint.ee\/en\/product\/hewlett-packard-932-933-6zc71ae-multipack\/#primaryimage\"},\"image\":{\"@id\":\"https:\/\/odavprint.ee\/en\/product\/hewlett-packard-932-933-6zc71ae-multipack\/#primaryimage\"},\"thumbnailUrl\":\"https:\/\/odavprint.ee\/wp-content\/uploads\/2025\/10\/180177_7244f96f-eebb-4c36-a441-d34ef7265276.jpg\",\"datePublished\":\"2022-09-26T14:04:06+00:00\",\"dateModified\":\"2024-02-19T07:05:20+00:00\",\"description\":\"Osta Hewlett-Packard 932\/933 (6ZC71AE) multipack Odav Print \u260e +372 5911 9495 \u2714\ufe0f Parim hind Hewlett-Packard 932\/933 (6ZC71AE) multipack jaoks \u26df Kiire kohaletoimetamine Eestis \u2b50 Garanteeritud\",\"breadcrumb\":{\"@id\":\"https:\/\/odavprint.ee\/en\/product\/hewlett-packard-932-933-6zc71ae-multipack\/#breadcrumb\"},\"inLanguage\":\"en-US\",\"potentialAction\":[{\"@type\":\"ReadAction\",\"target\":[\"https:\/\/odavprint.ee\/en\/product\/hewlett-packard-932-933-6zc71ae-multipack\/\"]}]},{\"@type\":\"ImageObject\",\"inLanguage\":\"en-US\",\"@id\":\"https:\/\/odavprint.ee\/en\/product\/hewlett-packard-932-933-6zc71ae-multipack\/#primaryimage\",\"url\":\"https:\/\/odavprint.ee\/wp-content\/uploads\/2025\/10\/180177_7244f96f-eebb-4c36-a441-d34ef7265276.jpg\",\"contentUrl\":\"https:\/\/odavprint.ee\/wp-content\/uploads\/2025\/10\/180177_7244f96f-eebb-4c36-a441-d34ef7265276.jpg\",\"width\":460,\"height\":500},{\"@type\":\"BreadcrumbList\",\"@id\":\"https:\/\/odavprint.ee\/en\/product\/hewlett-packard-932-933-6zc71ae-multipack\/#breadcrumb\",\"itemListElement\":[{\"@type\":\"ListItem\",\"position\":1,\"name\":\"Home\",\"item\":\"https:\/\/odavprint.ee\/en\/\"},{\"@type\":\"ListItem\",\"position\":2,\"name\":\"Shop\",\"item\":\"https:\/\/odavprint.ee\/en\/shop\/\"},{\"@type\":\"ListItem\",\"position\":3,\"name\":\"Hewlett-Packard 932\/933 (6ZC71AE) multipack\"}]},{\"@type\":\"WebSite\",\"@id\":\"https:\/\/odavprint.ee\/en\/#website\",\"url\":\"https:\/\/odavprint.ee\/en\/\",\"name\":\"Odav Print\",\"description\":\"Just another WordPress site\",\"publisher\":{\"@id\":\"https:\/\/odavprint.ee\/en\/#organization\"},\"alternateName\":\"Kassettide, toonerite t\u00e4itmine ja m\u00fc\u00fck.\",\"potentialAction\":[{\"@type\":\"SearchAction\",\"target\":{\"@type\":\"EntryPoint\",\"urlTemplate\":\"https:\/\/odavprint.ee\/en\/?s={search_term_string}\"},\"query-input\":\"required name=search_term_string\"}],\"inLanguage\":\"en-US\"},{\"@type\":[\"Organization\",\"Place\"],\"@id\":\"https:\/\/odavprint.ee\/en\/#organization\",\"name\":\"Odav Print O\u00dc\",\"url\":\"https:\/\/odavprint.ee\/en\/\",\"logo\":{\"@id\":\"https:\/\/odavprint.ee\/en\/product\/hewlett-packard-932-933-6zc71ae-multipack\/#local-main-organization-logo\"},\"image\":{\"@id\":\"https:\/\/odavprint.ee\/en\/product\/hewlett-packard-932-933-6zc71ae-multipack\/#local-main-organization-logo\"},\"address\":{\"@id\":\"https:\/\/odavprint.ee\/en\/product\/hewlett-packard-932-933-6zc71ae-multipack\/#local-main-place-address\"},\"geo\":{\"@type\":\"GeoCoordinates\",\"latitude\":\"59.4306504\",\"longitude\":\"24.8095743\"},\"telephone\":[\"53836926\"],\"openingHoursSpecification\":[{\"@type\":\"OpeningHoursSpecification\",\"dayOfWeek\":[\"Monday\",\"Tuesday\",\"Wednesday\",\"Thursday\",\"Friday\",\"Saturday\",\"Sunday\"],\"opens\":\"09:00\",\"closes\":\"17:00\"}],\"email\":\"info@odavprint.eu\"},{\"@type\":\"PostalAddress\",\"@id\":\"https:\/\/odavprint.ee\/en\/product\/hewlett-packard-932-933-6zc71ae-multipack\/#local-main-place-address\",\"streetAddress\":\"Pae tn 28\",\"addressLocality\":\"Tallinn\",\"postalCode\":\"11415\",\"addressRegion\":\"Harjumaa\",\"addressCountry\":\"EE\"},{\"@type\":\"ImageObject\",\"inLanguage\":\"en-US\",\"@id\":\"https:\/\/odavprint.ee\/en\/product\/hewlett-packard-932-933-6zc71ae-multipack\/#local-main-organization-logo\",\"url\":\"https:\/\/odavprint.ee\/wp-content\/uploads\/2018\/10\/odavprint-logo-240.jpg\",\"contentUrl\":\"https:\/\/odavprint.ee\/wp-content\/uploads\/2018\/10\/odavprint-logo-240.jpg\",\"width\":240,\"height\":36,\"caption\":\"Odav Print O\u00dc\"}]}<\/script>\n<meta property=\"product:price:amount\" content=\"86.00\" \/>\n<meta property=\"product:price:currency\" content=\"EUR\" \/>\n<meta property=\"og:availability\" content=\"instock\" \/>\n<meta property=\"product:availability\" content=\"instock\" \/>\n<meta property=\"product:retailer_item_id\" content=\"6ZC71AE\" \/>\n<meta property=\"product:condition\" content=\"new\" \/>\n<meta name=\"geo.placename\" content=\"Tallinn\" \/>\n<meta name=\"geo.position\" content=\"59.4306504;24.8095743\" \/>\n<meta name=\"geo.region\" content=\"Estonia\" \/>\n<!-- \/ Yoast SEO Premium plugin. -->","yoast_head_json":{"title":"Hewlett-Packard 932\/933 (6ZC71AE) multipack, hea hinnaga, osta e-pood - Odav Print","description":"Osta Hewlett-Packard 932\/933 (6ZC71AE) multipack Odav Print \u260e +372 5911 9495 \u2714\ufe0f Parim hind Hewlett-Packard 932\/933 (6ZC71AE) multipack jaoks \u26df Kiire kohaletoimetamine Eestis \u2b50 Garanteeritud","robots":{"index":"index","follow":"follow","max-snippet":"max-snippet:-1","max-image-preview":"max-image-preview:large","max-video-preview":"max-video-preview:-1"},"canonical":"https:\/\/odavprint.ee\/en\/product\/hewlett-packard-932-933-6zc71ae-multipack\/","og_locale":"en_US","og_type":"article","og_title":"Hewlett-Packard 932\/933 (6ZC71AE) multipack","og_description":"Osta Hewlett-Packard 932\/933 (6ZC71AE) multipack Odav Print \u260e +372 5911 9495 \u2714\ufe0f Parim hind Hewlett-Packard 932\/933 (6ZC71AE) multipack jaoks \u26df Kiire kohaletoimetamine Eestis \u2b50 Garanteeritud","og_url":"https:\/\/odavprint.ee\/en\/product\/hewlett-packard-932-933-6zc71ae-multipack\/","og_site_name":"Odav Print","article_modified_time":"2024-02-19T07:05:20+00:00","og_image":[{"width":500,"height":500,"url":"https:\/\/odavprint.ee\/wp-content\/uploads\/2022\/09\/180177_ownd_281471.jpg","type":"image\/jpeg"}],"twitter_card":"summary_large_image","twitter_misc":{"Price":"&euro;86.00","Availability":"In stock"},"schema":{"@context":"https:\/\/schema.org","@graph":[{"@type":["WebPage","ItemPage"],"@id":"https:\/\/odavprint.ee\/en\/product\/hewlett-packard-932-933-6zc71ae-multipack\/","url":"https:\/\/odavprint.ee\/en\/product\/hewlett-packard-932-933-6zc71ae-multipack\/","name":"Hewlett-Packard 932\/933 (6ZC71AE) multipack, hea hinnaga, osta e-pood - Odav Print","isPartOf":{"@id":"https:\/\/odavprint.ee\/en\/#website"},"primaryImageOfPage":{"@id":"https:\/\/odavprint.ee\/en\/product\/hewlett-packard-932-933-6zc71ae-multipack\/#primaryimage"},"image":{"@id":"https:\/\/odavprint.ee\/en\/product\/hewlett-packard-932-933-6zc71ae-multipack\/#primaryimage"},"thumbnailUrl":"https:\/\/odavprint.ee\/wp-content\/uploads\/2025\/10\/180177_7244f96f-eebb-4c36-a441-d34ef7265276.jpg","datePublished":"2022-09-26T14:04:06+00:00","dateModified":"2024-02-19T07:05:20+00:00","description":"Osta Hewlett-Packard 932\/933 (6ZC71AE) multipack Odav Print \u260e +372 5911 9495 \u2714\ufe0f Parim hind Hewlett-Packard 932\/933 (6ZC71AE) multipack jaoks \u26df Kiire kohaletoimetamine Eestis \u2b50 Garanteeritud","breadcrumb":{"@id":"https:\/\/odavprint.ee\/en\/product\/hewlett-packard-932-933-6zc71ae-multipack\/#breadcrumb"},"inLanguage":"en-US","potentialAction":[{"@type":"ReadAction","target":["https:\/\/odavprint.ee\/en\/product\/hewlett-packard-932-933-6zc71ae-multipack\/"]}]},{"@type":"ImageObject","inLanguage":"en-US","@id":"https:\/\/odavprint.ee\/en\/product\/hewlett-packard-932-933-6zc71ae-multipack\/#primaryimage","url":"https:\/\/odavprint.ee\/wp-content\/uploads\/2025\/10\/180177_7244f96f-eebb-4c36-a441-d34ef7265276.jpg","contentUrl":"https:\/\/odavprint.ee\/wp-content\/uploads\/2025\/10\/180177_7244f96f-eebb-4c36-a441-d34ef7265276.jpg","width":460,"height":500},{"@type":"BreadcrumbList","@id":"https:\/\/odavprint.ee\/en\/product\/hewlett-packard-932-933-6zc71ae-multipack\/#breadcrumb","itemListElement":[{"@type":"ListItem","position":1,"name":"Home","item":"https:\/\/odavprint.ee\/en\/"},{"@type":"ListItem","position":2,"name":"Shop","item":"https:\/\/odavprint.ee\/en\/shop\/"},{"@type":"ListItem","position":3,"name":"Hewlett-Packard 932\/933 (6ZC71AE) multipack"}]},{"@type":"WebSite","@id":"https:\/\/odavprint.ee\/en\/#website","url":"https:\/\/odavprint.ee\/en\/","name":"Odav Print","description":"Just another WordPress site","publisher":{"@id":"https:\/\/odavprint.ee\/en\/#organization"},"alternateName":"Kassettide, toonerite t\u00e4itmine ja m\u00fc\u00fck.","potentialAction":[{"@type":"SearchAction","target":{"@type":"EntryPoint","urlTemplate":"https:\/\/odavprint.ee\/en\/?s={search_term_string}"},"query-input":"required name=search_term_string"}],"inLanguage":"en-US"},{"@type":["Organization","Place"],"@id":"https:\/\/odavprint.ee\/en\/#organization","name":"Odav Print O\u00dc","url":"https:\/\/odavprint.ee\/en\/","logo":{"@id":"https:\/\/odavprint.ee\/en\/product\/hewlett-packard-932-933-6zc71ae-multipack\/#local-main-organization-logo"},"image":{"@id":"https:\/\/odavprint.ee\/en\/product\/hewlett-packard-932-933-6zc71ae-multipack\/#local-main-organization-logo"},"address":{"@id":"https:\/\/odavprint.ee\/en\/product\/hewlett-packard-932-933-6zc71ae-multipack\/#local-main-place-address"},"geo":{"@type":"GeoCoordinates","latitude":"59.4306504","longitude":"24.8095743"},"telephone":["53836926"],"openingHoursSpecification":[{"@type":"OpeningHoursSpecification","dayOfWeek":["Monday","Tuesday","Wednesday","Thursday","Friday","Saturday","Sunday"],"opens":"09:00","closes":"17:00"}],"email":"info@odavprint.eu"},{"@type":"PostalAddress","@id":"https:\/\/odavprint.ee\/en\/product\/hewlett-packard-932-933-6zc71ae-multipack\/#local-main-place-address","streetAddress":"Pae tn 28","addressLocality":"Tallinn","postalCode":"11415","addressRegion":"Harjumaa","addressCountry":"EE"},{"@type":"ImageObject","inLanguage":"en-US","@id":"https:\/\/odavprint.ee\/en\/product\/hewlett-packard-932-933-6zc71ae-multipack\/#local-main-organization-logo","url":"https:\/\/odavprint.ee\/wp-content\/uploads\/2018\/10\/odavprint-logo-240.jpg","contentUrl":"https:\/\/odavprint.ee\/wp-content\/uploads\/2018\/10\/odavprint-logo-240.jpg","width":240,"height":36,"caption":"Odav Print O\u00dc"}]},"product_price_amount":"86.00","product_price_currency":"EUR","og_availability":"instock","product_availability":"instock","product_retailer_item_id":"6ZC71AE","product_condition":"new","geo.placename":"Tallinn","geo.position":{"lat":"59.4306504","long":"24.8095743"},"geo.region":"Estonia"},"_links":{"self":[{"href":"https:\/\/odavprint.ee\/en\/wp-json\/wp\/v2\/product\/180177"}],"collection":[{"href":"https:\/\/odavprint.ee\/en\/wp-json\/wp\/v2\/product"}],"about":[{"href":"https:\/\/odavprint.ee\/en\/wp-json\/wp\/v2\/types\/product"}],"wp:featuredmedia":[{"embeddable":true,"href":"https:\/\/odavprint.ee\/en\/wp-json\/wp\/v2\/media\/213128"}],"wp:attachment":[{"href":"https:\/\/odavprint.ee\/en\/wp-json\/wp\/v2\/media?parent=180177"}],"wp:term":[{"taxonomy":"product_cat","embeddable":true,"href":"https:\/\/odavprint.ee\/en\/wp-json\/wp\/v2\/product_cat?post=180177"},{"taxonomy":"product_tag","embeddable":true,"href":"https:\/\/odavprint.ee\/en\/wp-json\/wp\/v2\/product_tag?post=180177"}],"curies":[{"name":"wp","href":"https:\/\/api.w.org\/{rel}","templated":true}]}}