{"id":181188,"date":"2022-09-28T10:58:38","date_gmt":"2022-09-28T07:58:38","guid":{"rendered":"https:\/\/odavprint.ee\/product\/lexmark-cartridge-78c2xk0-black\/"},"modified":"2024-02-19T11:33:43","modified_gmt":"2024-02-19T09:33:43","slug":"lexmark-cartridge-78c2xk0-black","status":"publish","type":"product","link":"https:\/\/odavprint.ee\/en\/product\/lexmark-cartridge-78c2xk0-black\/","title":{"rendered":"Lexmark Cartridge (78C2XK0) Black"},"content":{"rendered":"<p><b>Suitable for use in:<\/b><\/p>\n<p>\u00a0<\/p>\n<p>Lexmark CS 420 Series<\/p>\n<p>Lexmark CS 421 adn<\/p>\n<p>Lexmark CS 421 dn<\/p>\n<p>Lexmark CS 521 dn<\/p>\n<p>Lexmark CS 622 de<\/p>\n<p>Lexmark CX 421 adn<\/p>\n<p>Lexmark CX 522 ade<\/p>\n<p>Lexmark CX 620 Series<\/p>\n<p>Lexmark CX 622 ade<\/p>\n<p>Lexmark CX 625 ade<\/p>\n<p>Lexmark CX 625 adhe<\/p>\n<p>Lexmark CX 625 adhs<\/p>\n","protected":false},"excerpt":{"rendered":"<p>Suitable for use in: \u00a0 Lexmark CS 420 Series Lexmark CS 421 adn Lexmark CS 421 dn Lexmark CS 521 dn Lexmark CS 622 de Lexmark CX 421 adn Lexmark CX 522 ade Lexmark CX 620 Series Lexmark CX 622 ade Lexmark CX 625 ade Lexmark CX 625 adhe Lexmark CX 625 adhs<\/p>\n","protected":false},"featured_media":181189,"template":"","meta":{"inline_featured_image":false},"product_cat":[12832],"product_tag":[38815,38816,38814,38813,38812,38811,38810,38809,38808,38807],"yoast_head":"<!-- This site is optimized with the Yoast SEO Premium plugin v23.0 (Yoast SEO v23.0) - https:\/\/yoast.com\/wordpress\/plugins\/seo\/ -->\n<title>Lexmark Cartridge (78C2XK0) Black, hea hinnaga, osta e-pood - Odav Print<\/title>\n<meta name=\"description\" content=\"Osta Lexmark Cartridge (78C2XK0) Black Odav Print \u260e +372 5911 9495 \u2714\ufe0f Parim hind Lexmark Cartridge (78C2XK0) Black jaoks \u26df Kiire kohaletoimetamine Eestis \u2b50 Garanteeritud\" \/>\n<meta name=\"robots\" content=\"index, follow, max-snippet:-1, max-image-preview:large, max-video-preview:-1\" \/>\n<link rel=\"canonical\" href=\"https:\/\/odavprint.ee\/en\/product\/lexmark-cartridge-78c2xk0-black\/\" \/>\n<meta property=\"og:locale\" content=\"en_US\" \/>\n<meta property=\"og:type\" content=\"article\" \/>\n<meta property=\"og:title\" content=\"Lexmark Cartridge (78C2XK0) Black\" \/>\n<meta property=\"og:description\" content=\"Osta Lexmark Cartridge (78C2XK0) Black Odav Print \u260e +372 5911 9495 \u2714\ufe0f Parim hind Lexmark Cartridge (78C2XK0) Black jaoks \u26df Kiire kohaletoimetamine Eestis \u2b50 Garanteeritud\" \/>\n<meta property=\"og:url\" content=\"https:\/\/odavprint.ee\/en\/product\/lexmark-cartridge-78c2xk0-black\/\" \/>\n<meta property=\"og:site_name\" content=\"Odav Print\" \/>\n<meta property=\"article:modified_time\" content=\"2024-02-19T09:33:43+00:00\" \/>\n<meta property=\"og:image\" content=\"https:\/\/odavprint.ee\/wp-content\/uploads\/2022\/09\/181188_130838.jpg\" \/>\n\t<meta property=\"og:image:width\" content=\"500\" \/>\n\t<meta property=\"og:image:height\" content=\"500\" \/>\n\t<meta property=\"og:image:type\" content=\"image\/jpeg\" \/>\n<meta name=\"twitter:card\" content=\"summary_large_image\" \/>\n<meta name=\"twitter:label1\" content=\"Price\" \/>\n\t<meta name=\"twitter:data1\" content=\"&euro;224.70\" \/>\n\t<meta name=\"twitter:label2\" content=\"Availability\" \/>\n\t<meta name=\"twitter:data2\" content=\"In stock\" \/>\n<script type=\"application\/ld+json\" class=\"yoast-schema-graph\">{\"@context\":\"https:\/\/schema.org\",\"@graph\":[{\"@type\":[\"WebPage\",\"ItemPage\"],\"@id\":\"https:\/\/odavprint.ee\/en\/product\/lexmark-cartridge-78c2xk0-black\/\",\"url\":\"https:\/\/odavprint.ee\/en\/product\/lexmark-cartridge-78c2xk0-black\/\",\"name\":\"Lexmark Cartridge (78C2XK0) Black, hea hinnaga, osta e-pood - Odav Print\",\"isPartOf\":{\"@id\":\"https:\/\/odavprint.ee\/en\/#website\"},\"primaryImageOfPage\":{\"@id\":\"https:\/\/odavprint.ee\/en\/product\/lexmark-cartridge-78c2xk0-black\/#primaryimage\"},\"image\":{\"@id\":\"https:\/\/odavprint.ee\/en\/product\/lexmark-cartridge-78c2xk0-black\/#primaryimage\"},\"thumbnailUrl\":\"https:\/\/odavprint.ee\/wp-content\/uploads\/2022\/09\/181188_130838.jpg\",\"datePublished\":\"2022-09-28T07:58:38+00:00\",\"dateModified\":\"2024-02-19T09:33:43+00:00\",\"description\":\"Osta Lexmark Cartridge (78C2XK0) Black Odav Print \u260e +372 5911 9495 \u2714\ufe0f Parim hind Lexmark Cartridge (78C2XK0) Black jaoks \u26df Kiire kohaletoimetamine Eestis \u2b50 Garanteeritud\",\"breadcrumb\":{\"@id\":\"https:\/\/odavprint.ee\/en\/product\/lexmark-cartridge-78c2xk0-black\/#breadcrumb\"},\"inLanguage\":\"en-US\",\"potentialAction\":[{\"@type\":\"ReadAction\",\"target\":[\"https:\/\/odavprint.ee\/en\/product\/lexmark-cartridge-78c2xk0-black\/\"]}]},{\"@type\":\"ImageObject\",\"inLanguage\":\"en-US\",\"@id\":\"https:\/\/odavprint.ee\/en\/product\/lexmark-cartridge-78c2xk0-black\/#primaryimage\",\"url\":\"https:\/\/odavprint.ee\/wp-content\/uploads\/2022\/09\/181188_130838.jpg\",\"contentUrl\":\"https:\/\/odavprint.ee\/wp-content\/uploads\/2022\/09\/181188_130838.jpg\",\"width\":500,\"height\":500},{\"@type\":\"BreadcrumbList\",\"@id\":\"https:\/\/odavprint.ee\/en\/product\/lexmark-cartridge-78c2xk0-black\/#breadcrumb\",\"itemListElement\":[{\"@type\":\"ListItem\",\"position\":1,\"name\":\"Home\",\"item\":\"https:\/\/odavprint.ee\/en\/\"},{\"@type\":\"ListItem\",\"position\":2,\"name\":\"Shop\",\"item\":\"https:\/\/odavprint.ee\/en\/shop\/\"},{\"@type\":\"ListItem\",\"position\":3,\"name\":\"Lexmark Cartridge (78C2XK0) Black\"}]},{\"@type\":\"WebSite\",\"@id\":\"https:\/\/odavprint.ee\/en\/#website\",\"url\":\"https:\/\/odavprint.ee\/en\/\",\"name\":\"Odav Print\",\"description\":\"Just another WordPress site\",\"publisher\":{\"@id\":\"https:\/\/odavprint.ee\/en\/#organization\"},\"alternateName\":\"Kassettide, toonerite t\u00e4itmine ja m\u00fc\u00fck.\",\"potentialAction\":[{\"@type\":\"SearchAction\",\"target\":{\"@type\":\"EntryPoint\",\"urlTemplate\":\"https:\/\/odavprint.ee\/en\/?s={search_term_string}\"},\"query-input\":\"required name=search_term_string\"}],\"inLanguage\":\"en-US\"},{\"@type\":[\"Organization\",\"Place\"],\"@id\":\"https:\/\/odavprint.ee\/en\/#organization\",\"name\":\"Odav Print O\u00dc\",\"url\":\"https:\/\/odavprint.ee\/en\/\",\"logo\":{\"@id\":\"https:\/\/odavprint.ee\/en\/product\/lexmark-cartridge-78c2xk0-black\/#local-main-organization-logo\"},\"image\":{\"@id\":\"https:\/\/odavprint.ee\/en\/product\/lexmark-cartridge-78c2xk0-black\/#local-main-organization-logo\"},\"address\":{\"@id\":\"https:\/\/odavprint.ee\/en\/product\/lexmark-cartridge-78c2xk0-black\/#local-main-place-address\"},\"geo\":{\"@type\":\"GeoCoordinates\",\"latitude\":\"59.4306504\",\"longitude\":\"24.8095743\"},\"telephone\":[\"53836926\"],\"openingHoursSpecification\":[{\"@type\":\"OpeningHoursSpecification\",\"dayOfWeek\":[\"Monday\",\"Tuesday\",\"Wednesday\",\"Thursday\",\"Friday\",\"Saturday\",\"Sunday\"],\"opens\":\"09:00\",\"closes\":\"17:00\"}],\"email\":\"info@odavprint.eu\"},{\"@type\":\"PostalAddress\",\"@id\":\"https:\/\/odavprint.ee\/en\/product\/lexmark-cartridge-78c2xk0-black\/#local-main-place-address\",\"streetAddress\":\"Pae tn 28\",\"addressLocality\":\"Tallinn\",\"postalCode\":\"11415\",\"addressRegion\":\"Harjumaa\",\"addressCountry\":\"EE\"},{\"@type\":\"ImageObject\",\"inLanguage\":\"en-US\",\"@id\":\"https:\/\/odavprint.ee\/en\/product\/lexmark-cartridge-78c2xk0-black\/#local-main-organization-logo\",\"url\":\"https:\/\/odavprint.ee\/wp-content\/uploads\/2018\/10\/odavprint-logo-240.jpg\",\"contentUrl\":\"https:\/\/odavprint.ee\/wp-content\/uploads\/2018\/10\/odavprint-logo-240.jpg\",\"width\":240,\"height\":36,\"caption\":\"Odav Print O\u00dc\"}]}<\/script>\n<meta property=\"product:price:amount\" content=\"224.70\" \/>\n<meta property=\"product:price:currency\" content=\"EUR\" \/>\n<meta property=\"og:availability\" content=\"instock\" \/>\n<meta property=\"product:availability\" content=\"instock\" \/>\n<meta property=\"product:retailer_item_id\" content=\"78C2XK0\" \/>\n<meta property=\"product:condition\" content=\"new\" \/>\n<meta name=\"geo.placename\" content=\"Tallinn\" \/>\n<meta name=\"geo.position\" content=\"59.4306504;24.8095743\" \/>\n<meta name=\"geo.region\" content=\"Estonia\" \/>\n<!-- \/ Yoast SEO Premium plugin. -->","yoast_head_json":{"title":"Lexmark Cartridge (78C2XK0) Black, hea hinnaga, osta e-pood - Odav Print","description":"Osta Lexmark Cartridge (78C2XK0) Black Odav Print \u260e +372 5911 9495 \u2714\ufe0f Parim hind Lexmark Cartridge (78C2XK0) Black jaoks \u26df Kiire kohaletoimetamine Eestis \u2b50 Garanteeritud","robots":{"index":"index","follow":"follow","max-snippet":"max-snippet:-1","max-image-preview":"max-image-preview:large","max-video-preview":"max-video-preview:-1"},"canonical":"https:\/\/odavprint.ee\/en\/product\/lexmark-cartridge-78c2xk0-black\/","og_locale":"en_US","og_type":"article","og_title":"Lexmark Cartridge (78C2XK0) Black","og_description":"Osta Lexmark Cartridge (78C2XK0) Black Odav Print \u260e +372 5911 9495 \u2714\ufe0f Parim hind Lexmark Cartridge (78C2XK0) Black jaoks \u26df Kiire kohaletoimetamine Eestis \u2b50 Garanteeritud","og_url":"https:\/\/odavprint.ee\/en\/product\/lexmark-cartridge-78c2xk0-black\/","og_site_name":"Odav Print","article_modified_time":"2024-02-19T09:33:43+00:00","og_image":[{"width":500,"height":500,"url":"https:\/\/odavprint.ee\/wp-content\/uploads\/2022\/09\/181188_130838.jpg","type":"image\/jpeg"}],"twitter_card":"summary_large_image","twitter_misc":{"Price":"&euro;224.70","Availability":"In stock"},"schema":{"@context":"https:\/\/schema.org","@graph":[{"@type":["WebPage","ItemPage"],"@id":"https:\/\/odavprint.ee\/en\/product\/lexmark-cartridge-78c2xk0-black\/","url":"https:\/\/odavprint.ee\/en\/product\/lexmark-cartridge-78c2xk0-black\/","name":"Lexmark Cartridge (78C2XK0) Black, hea hinnaga, osta e-pood - Odav Print","isPartOf":{"@id":"https:\/\/odavprint.ee\/en\/#website"},"primaryImageOfPage":{"@id":"https:\/\/odavprint.ee\/en\/product\/lexmark-cartridge-78c2xk0-black\/#primaryimage"},"image":{"@id":"https:\/\/odavprint.ee\/en\/product\/lexmark-cartridge-78c2xk0-black\/#primaryimage"},"thumbnailUrl":"https:\/\/odavprint.ee\/wp-content\/uploads\/2022\/09\/181188_130838.jpg","datePublished":"2022-09-28T07:58:38+00:00","dateModified":"2024-02-19T09:33:43+00:00","description":"Osta Lexmark Cartridge (78C2XK0) Black Odav Print \u260e +372 5911 9495 \u2714\ufe0f Parim hind Lexmark Cartridge (78C2XK0) Black jaoks \u26df Kiire kohaletoimetamine Eestis \u2b50 Garanteeritud","breadcrumb":{"@id":"https:\/\/odavprint.ee\/en\/product\/lexmark-cartridge-78c2xk0-black\/#breadcrumb"},"inLanguage":"en-US","potentialAction":[{"@type":"ReadAction","target":["https:\/\/odavprint.ee\/en\/product\/lexmark-cartridge-78c2xk0-black\/"]}]},{"@type":"ImageObject","inLanguage":"en-US","@id":"https:\/\/odavprint.ee\/en\/product\/lexmark-cartridge-78c2xk0-black\/#primaryimage","url":"https:\/\/odavprint.ee\/wp-content\/uploads\/2022\/09\/181188_130838.jpg","contentUrl":"https:\/\/odavprint.ee\/wp-content\/uploads\/2022\/09\/181188_130838.jpg","width":500,"height":500},{"@type":"BreadcrumbList","@id":"https:\/\/odavprint.ee\/en\/product\/lexmark-cartridge-78c2xk0-black\/#breadcrumb","itemListElement":[{"@type":"ListItem","position":1,"name":"Home","item":"https:\/\/odavprint.ee\/en\/"},{"@type":"ListItem","position":2,"name":"Shop","item":"https:\/\/odavprint.ee\/en\/shop\/"},{"@type":"ListItem","position":3,"name":"Lexmark Cartridge (78C2XK0) Black"}]},{"@type":"WebSite","@id":"https:\/\/odavprint.ee\/en\/#website","url":"https:\/\/odavprint.ee\/en\/","name":"Odav Print","description":"Just another WordPress site","publisher":{"@id":"https:\/\/odavprint.ee\/en\/#organization"},"alternateName":"Kassettide, toonerite t\u00e4itmine ja m\u00fc\u00fck.","potentialAction":[{"@type":"SearchAction","target":{"@type":"EntryPoint","urlTemplate":"https:\/\/odavprint.ee\/en\/?s={search_term_string}"},"query-input":"required name=search_term_string"}],"inLanguage":"en-US"},{"@type":["Organization","Place"],"@id":"https:\/\/odavprint.ee\/en\/#organization","name":"Odav Print O\u00dc","url":"https:\/\/odavprint.ee\/en\/","logo":{"@id":"https:\/\/odavprint.ee\/en\/product\/lexmark-cartridge-78c2xk0-black\/#local-main-organization-logo"},"image":{"@id":"https:\/\/odavprint.ee\/en\/product\/lexmark-cartridge-78c2xk0-black\/#local-main-organization-logo"},"address":{"@id":"https:\/\/odavprint.ee\/en\/product\/lexmark-cartridge-78c2xk0-black\/#local-main-place-address"},"geo":{"@type":"GeoCoordinates","latitude":"59.4306504","longitude":"24.8095743"},"telephone":["53836926"],"openingHoursSpecification":[{"@type":"OpeningHoursSpecification","dayOfWeek":["Monday","Tuesday","Wednesday","Thursday","Friday","Saturday","Sunday"],"opens":"09:00","closes":"17:00"}],"email":"info@odavprint.eu"},{"@type":"PostalAddress","@id":"https:\/\/odavprint.ee\/en\/product\/lexmark-cartridge-78c2xk0-black\/#local-main-place-address","streetAddress":"Pae tn 28","addressLocality":"Tallinn","postalCode":"11415","addressRegion":"Harjumaa","addressCountry":"EE"},{"@type":"ImageObject","inLanguage":"en-US","@id":"https:\/\/odavprint.ee\/en\/product\/lexmark-cartridge-78c2xk0-black\/#local-main-organization-logo","url":"https:\/\/odavprint.ee\/wp-content\/uploads\/2018\/10\/odavprint-logo-240.jpg","contentUrl":"https:\/\/odavprint.ee\/wp-content\/uploads\/2018\/10\/odavprint-logo-240.jpg","width":240,"height":36,"caption":"Odav Print O\u00dc"}]},"product_price_amount":"224.70","product_price_currency":"EUR","og_availability":"instock","product_availability":"instock","product_retailer_item_id":"78C2XK0","product_condition":"new","geo.placename":"Tallinn","geo.position":{"lat":"59.4306504","long":"24.8095743"},"geo.region":"Estonia"},"_links":{"self":[{"href":"https:\/\/odavprint.ee\/en\/wp-json\/wp\/v2\/product\/181188"}],"collection":[{"href":"https:\/\/odavprint.ee\/en\/wp-json\/wp\/v2\/product"}],"about":[{"href":"https:\/\/odavprint.ee\/en\/wp-json\/wp\/v2\/types\/product"}],"wp:featuredmedia":[{"embeddable":true,"href":"https:\/\/odavprint.ee\/en\/wp-json\/wp\/v2\/media\/181189"}],"wp:attachment":[{"href":"https:\/\/odavprint.ee\/en\/wp-json\/wp\/v2\/media?parent=181188"}],"wp:term":[{"taxonomy":"product_cat","embeddable":true,"href":"https:\/\/odavprint.ee\/en\/wp-json\/wp\/v2\/product_cat?post=181188"},{"taxonomy":"product_tag","embeddable":true,"href":"https:\/\/odavprint.ee\/en\/wp-json\/wp\/v2\/product_tag?post=181188"}],"curies":[{"name":"wp","href":"https:\/\/api.w.org\/{rel}","templated":true}]}}