{"id":186208,"date":"2023-02-20T17:33:20","date_gmt":"2023-02-20T15:33:20","guid":{"rendered":"https:\/\/odavprint.ee\/?post_type=product&#038;p=186208"},"modified":"2026-01-21T14:15:01","modified_gmt":"2026-01-21T12:15:01","slug":"analoog-tooner-hp-142a-w1420a-black-950-lk-kiibita","status":"publish","type":"product","link":"https:\/\/odavprint.ee\/en\/product\/analoog-tooner-hp-142a-w1420a-black-950-lk-kiibita\/","title":{"rendered":"Analoog tooner HP 142A (W1420A) Black 950 lk (Kiibita)"},"content":{"rendered":"<p><strong>Kui kassett on Kiibita, siis on vaja vana originaal kassettist kiip \u00e4ra v\u00f5tta ja analoogi sisse paigaldada.<\/strong><\/p>\n<p>HP LaserJet M110w<\/p>\n<p>HP LaserJet M110we<\/p>\n<p>HP LaserJet M140we<\/p>\n<p>HP LaserJet MFP M104we<\/p>\n<p>HP LaserJet MFP M140w<\/p>\n","protected":false},"excerpt":{"rendered":"<p>Kui kassett on Kiibita, siis on vaja vana originaal kassettist kiip \u00e4ra v\u00f5tta ja analoogi sisse paigaldada. HP LaserJet M110w HP LaserJet M110we HP LaserJet M140we HP LaserJet MFP M104we HP LaserJet MFP M140w<\/p>\n","protected":false},"featured_media":186209,"template":"","meta":{"inline_featured_image":false},"product_cat":[12832],"product_tag":[],"yoast_head":"<!-- This site is optimized with the Yoast SEO Premium plugin v23.0 (Yoast SEO v23.0) - https:\/\/yoast.com\/wordpress\/plugins\/seo\/ -->\n<title>Analoog tooner HP 142A (W1420A) Black 950 lk (Kiibita), hea hinnaga, osta e-pood - Odav Print<\/title>\n<meta name=\"description\" content=\"Osta Analoog tooner HP 142A (W1420A) Black 950 lk (Kiibita) Odav Print \u260e +372 5911 9495 \u2714\ufe0f Parim hind Analoog tooner HP 142A (W1420A) Black 950 lk (Kiibita) jaoks \u26df Kiire kohaletoimetamine Eestis \u2b50 Garanteeritud\" \/>\n<meta name=\"robots\" content=\"index, follow, max-snippet:-1, max-image-preview:large, max-video-preview:-1\" \/>\n<link rel=\"canonical\" href=\"https:\/\/odavprint.ee\/en\/product\/analoog-tooner-hp-142a-w1420a-black-950-lk-kiibita\/\" \/>\n<meta property=\"og:locale\" content=\"en_US\" \/>\n<meta property=\"og:type\" content=\"article\" \/>\n<meta property=\"og:title\" content=\"Analoog tooner HP 142A (W1420A) Black 950 lk (Kiibita)\" \/>\n<meta property=\"og:description\" content=\"Osta Analoog tooner HP 142A (W1420A) Black 950 lk (Kiibita) Odav Print \u260e +372 5911 9495 \u2714\ufe0f Parim hind Analoog tooner HP 142A (W1420A) Black 950 lk (Kiibita) jaoks \u26df Kiire kohaletoimetamine Eestis \u2b50 Garanteeritud\" \/>\n<meta property=\"og:url\" content=\"https:\/\/odavprint.ee\/en\/product\/analoog-tooner-hp-142a-w1420a-black-950-lk-kiibita\/\" \/>\n<meta property=\"og:site_name\" content=\"Odav Print\" \/>\n<meta property=\"article:modified_time\" content=\"2026-01-21T12:15:01+00:00\" \/>\n<meta property=\"og:image\" content=\"https:\/\/odavprint.ee\/wp-content\/uploads\/2023\/02\/142A.jpg\" \/>\n\t<meta property=\"og:image:width\" content=\"800\" \/>\n\t<meta property=\"og:image:height\" content=\"800\" \/>\n\t<meta property=\"og:image:type\" content=\"image\/jpeg\" \/>\n<meta name=\"twitter:card\" content=\"summary_large_image\" \/>\n<meta name=\"twitter:label1\" content=\"Price\" \/>\n\t<meta name=\"twitter:data1\" content=\"&euro;19.90\" \/>\n\t<meta name=\"twitter:label2\" content=\"Availability\" \/>\n\t<meta name=\"twitter:data2\" content=\"In stock\" \/>\n<script type=\"application\/ld+json\" class=\"yoast-schema-graph\">{\"@context\":\"https:\/\/schema.org\",\"@graph\":[{\"@type\":[\"WebPage\",\"ItemPage\"],\"@id\":\"https:\/\/odavprint.ee\/en\/product\/analoog-tooner-hp-142a-w1420a-black-950-lk-kiibita\/\",\"url\":\"https:\/\/odavprint.ee\/en\/product\/analoog-tooner-hp-142a-w1420a-black-950-lk-kiibita\/\",\"name\":\"Analoog tooner HP 142A (W1420A) Black 950 lk (Kiibita), hea hinnaga, osta e-pood - Odav Print\",\"isPartOf\":{\"@id\":\"https:\/\/odavprint.ee\/en\/#website\"},\"primaryImageOfPage\":{\"@id\":\"https:\/\/odavprint.ee\/en\/product\/analoog-tooner-hp-142a-w1420a-black-950-lk-kiibita\/#primaryimage\"},\"image\":{\"@id\":\"https:\/\/odavprint.ee\/en\/product\/analoog-tooner-hp-142a-w1420a-black-950-lk-kiibita\/#primaryimage\"},\"thumbnailUrl\":\"https:\/\/odavprint.ee\/wp-content\/uploads\/2023\/02\/142A.jpg\",\"datePublished\":\"2023-02-20T15:33:20+00:00\",\"dateModified\":\"2026-01-21T12:15:01+00:00\",\"description\":\"Osta Analoog tooner HP 142A (W1420A) Black 950 lk (Kiibita) Odav Print \u260e +372 5911 9495 \u2714\ufe0f Parim hind Analoog tooner HP 142A (W1420A) Black 950 lk (Kiibita) jaoks \u26df Kiire kohaletoimetamine Eestis \u2b50 Garanteeritud\",\"breadcrumb\":{\"@id\":\"https:\/\/odavprint.ee\/en\/product\/analoog-tooner-hp-142a-w1420a-black-950-lk-kiibita\/#breadcrumb\"},\"inLanguage\":\"en-US\",\"potentialAction\":[{\"@type\":\"ReadAction\",\"target\":[\"https:\/\/odavprint.ee\/en\/product\/analoog-tooner-hp-142a-w1420a-black-950-lk-kiibita\/\"]}]},{\"@type\":\"ImageObject\",\"inLanguage\":\"en-US\",\"@id\":\"https:\/\/odavprint.ee\/en\/product\/analoog-tooner-hp-142a-w1420a-black-950-lk-kiibita\/#primaryimage\",\"url\":\"https:\/\/odavprint.ee\/wp-content\/uploads\/2023\/02\/142A.jpg\",\"contentUrl\":\"https:\/\/odavprint.ee\/wp-content\/uploads\/2023\/02\/142A.jpg\",\"width\":800,\"height\":800},{\"@type\":\"BreadcrumbList\",\"@id\":\"https:\/\/odavprint.ee\/en\/product\/analoog-tooner-hp-142a-w1420a-black-950-lk-kiibita\/#breadcrumb\",\"itemListElement\":[{\"@type\":\"ListItem\",\"position\":1,\"name\":\"Home\",\"item\":\"https:\/\/odavprint.ee\/en\/\"},{\"@type\":\"ListItem\",\"position\":2,\"name\":\"Shop\",\"item\":\"https:\/\/odavprint.ee\/en\/shop\/\"},{\"@type\":\"ListItem\",\"position\":3,\"name\":\"Analoog tooner HP 142A (W1420A) Black 950 lk (Kiibita)\"}]},{\"@type\":\"WebSite\",\"@id\":\"https:\/\/odavprint.ee\/en\/#website\",\"url\":\"https:\/\/odavprint.ee\/en\/\",\"name\":\"Odav Print\",\"description\":\"Just another WordPress site\",\"publisher\":{\"@id\":\"https:\/\/odavprint.ee\/en\/#organization\"},\"alternateName\":\"Kassettide, toonerite t\u00e4itmine ja m\u00fc\u00fck.\",\"potentialAction\":[{\"@type\":\"SearchAction\",\"target\":{\"@type\":\"EntryPoint\",\"urlTemplate\":\"https:\/\/odavprint.ee\/en\/?s={search_term_string}\"},\"query-input\":\"required name=search_term_string\"}],\"inLanguage\":\"en-US\"},{\"@type\":[\"Organization\",\"Place\"],\"@id\":\"https:\/\/odavprint.ee\/en\/#organization\",\"name\":\"Odav Print O\u00dc\",\"url\":\"https:\/\/odavprint.ee\/en\/\",\"logo\":{\"@id\":\"https:\/\/odavprint.ee\/en\/product\/analoog-tooner-hp-142a-w1420a-black-950-lk-kiibita\/#local-main-organization-logo\"},\"image\":{\"@id\":\"https:\/\/odavprint.ee\/en\/product\/analoog-tooner-hp-142a-w1420a-black-950-lk-kiibita\/#local-main-organization-logo\"},\"address\":{\"@id\":\"https:\/\/odavprint.ee\/en\/product\/analoog-tooner-hp-142a-w1420a-black-950-lk-kiibita\/#local-main-place-address\"},\"geo\":{\"@type\":\"GeoCoordinates\",\"latitude\":\"59.4306504\",\"longitude\":\"24.8095743\"},\"telephone\":[\"53836926\"],\"openingHoursSpecification\":[{\"@type\":\"OpeningHoursSpecification\",\"dayOfWeek\":[\"Monday\",\"Tuesday\",\"Wednesday\",\"Thursday\",\"Friday\",\"Saturday\",\"Sunday\"],\"opens\":\"09:00\",\"closes\":\"17:00\"}],\"email\":\"info@odavprint.eu\"},{\"@type\":\"PostalAddress\",\"@id\":\"https:\/\/odavprint.ee\/en\/product\/analoog-tooner-hp-142a-w1420a-black-950-lk-kiibita\/#local-main-place-address\",\"streetAddress\":\"Pae tn 28\",\"addressLocality\":\"Tallinn\",\"postalCode\":\"11415\",\"addressRegion\":\"Harjumaa\",\"addressCountry\":\"EE\"},{\"@type\":\"ImageObject\",\"inLanguage\":\"en-US\",\"@id\":\"https:\/\/odavprint.ee\/en\/product\/analoog-tooner-hp-142a-w1420a-black-950-lk-kiibita\/#local-main-organization-logo\",\"url\":\"https:\/\/odavprint.ee\/wp-content\/uploads\/2018\/10\/odavprint-logo-240.jpg\",\"contentUrl\":\"https:\/\/odavprint.ee\/wp-content\/uploads\/2018\/10\/odavprint-logo-240.jpg\",\"width\":240,\"height\":36,\"caption\":\"Odav Print O\u00dc\"}]}<\/script>\n<meta property=\"product:price:amount\" content=\"19.90\" \/>\n<meta property=\"product:price:currency\" content=\"EUR\" \/>\n<meta property=\"og:availability\" content=\"instock\" \/>\n<meta property=\"product:availability\" content=\"instock\" \/>\n<meta property=\"product:condition\" content=\"new\" \/>\n<meta name=\"geo.placename\" content=\"Tallinn\" \/>\n<meta name=\"geo.position\" content=\"59.4306504;24.8095743\" \/>\n<meta name=\"geo.region\" content=\"Estonia\" \/>\n<!-- \/ Yoast SEO Premium plugin. -->","yoast_head_json":{"title":"Analoog tooner HP 142A (W1420A) Black 950 lk (Kiibita), hea hinnaga, osta e-pood - Odav Print","description":"Osta Analoog tooner HP 142A (W1420A) Black 950 lk (Kiibita) Odav Print \u260e +372 5911 9495 \u2714\ufe0f Parim hind Analoog tooner HP 142A (W1420A) Black 950 lk (Kiibita) jaoks \u26df Kiire kohaletoimetamine Eestis \u2b50 Garanteeritud","robots":{"index":"index","follow":"follow","max-snippet":"max-snippet:-1","max-image-preview":"max-image-preview:large","max-video-preview":"max-video-preview:-1"},"canonical":"https:\/\/odavprint.ee\/en\/product\/analoog-tooner-hp-142a-w1420a-black-950-lk-kiibita\/","og_locale":"en_US","og_type":"article","og_title":"Analoog tooner HP 142A (W1420A) Black 950 lk (Kiibita)","og_description":"Osta Analoog tooner HP 142A (W1420A) Black 950 lk (Kiibita) Odav Print \u260e +372 5911 9495 \u2714\ufe0f Parim hind Analoog tooner HP 142A (W1420A) Black 950 lk (Kiibita) jaoks \u26df Kiire kohaletoimetamine Eestis \u2b50 Garanteeritud","og_url":"https:\/\/odavprint.ee\/en\/product\/analoog-tooner-hp-142a-w1420a-black-950-lk-kiibita\/","og_site_name":"Odav Print","article_modified_time":"2026-01-21T12:15:01+00:00","og_image":[{"width":800,"height":800,"url":"https:\/\/odavprint.ee\/wp-content\/uploads\/2023\/02\/142A.jpg","type":"image\/jpeg"}],"twitter_card":"summary_large_image","twitter_misc":{"Price":"&euro;19.90","Availability":"In stock"},"schema":{"@context":"https:\/\/schema.org","@graph":[{"@type":["WebPage","ItemPage"],"@id":"https:\/\/odavprint.ee\/en\/product\/analoog-tooner-hp-142a-w1420a-black-950-lk-kiibita\/","url":"https:\/\/odavprint.ee\/en\/product\/analoog-tooner-hp-142a-w1420a-black-950-lk-kiibita\/","name":"Analoog tooner HP 142A (W1420A) Black 950 lk (Kiibita), hea hinnaga, osta e-pood - Odav Print","isPartOf":{"@id":"https:\/\/odavprint.ee\/en\/#website"},"primaryImageOfPage":{"@id":"https:\/\/odavprint.ee\/en\/product\/analoog-tooner-hp-142a-w1420a-black-950-lk-kiibita\/#primaryimage"},"image":{"@id":"https:\/\/odavprint.ee\/en\/product\/analoog-tooner-hp-142a-w1420a-black-950-lk-kiibita\/#primaryimage"},"thumbnailUrl":"https:\/\/odavprint.ee\/wp-content\/uploads\/2023\/02\/142A.jpg","datePublished":"2023-02-20T15:33:20+00:00","dateModified":"2026-01-21T12:15:01+00:00","description":"Osta Analoog tooner HP 142A (W1420A) Black 950 lk (Kiibita) Odav Print \u260e +372 5911 9495 \u2714\ufe0f Parim hind Analoog tooner HP 142A (W1420A) Black 950 lk (Kiibita) jaoks \u26df Kiire kohaletoimetamine Eestis \u2b50 Garanteeritud","breadcrumb":{"@id":"https:\/\/odavprint.ee\/en\/product\/analoog-tooner-hp-142a-w1420a-black-950-lk-kiibita\/#breadcrumb"},"inLanguage":"en-US","potentialAction":[{"@type":"ReadAction","target":["https:\/\/odavprint.ee\/en\/product\/analoog-tooner-hp-142a-w1420a-black-950-lk-kiibita\/"]}]},{"@type":"ImageObject","inLanguage":"en-US","@id":"https:\/\/odavprint.ee\/en\/product\/analoog-tooner-hp-142a-w1420a-black-950-lk-kiibita\/#primaryimage","url":"https:\/\/odavprint.ee\/wp-content\/uploads\/2023\/02\/142A.jpg","contentUrl":"https:\/\/odavprint.ee\/wp-content\/uploads\/2023\/02\/142A.jpg","width":800,"height":800},{"@type":"BreadcrumbList","@id":"https:\/\/odavprint.ee\/en\/product\/analoog-tooner-hp-142a-w1420a-black-950-lk-kiibita\/#breadcrumb","itemListElement":[{"@type":"ListItem","position":1,"name":"Home","item":"https:\/\/odavprint.ee\/en\/"},{"@type":"ListItem","position":2,"name":"Shop","item":"https:\/\/odavprint.ee\/en\/shop\/"},{"@type":"ListItem","position":3,"name":"Analoog tooner HP 142A (W1420A) Black 950 lk (Kiibita)"}]},{"@type":"WebSite","@id":"https:\/\/odavprint.ee\/en\/#website","url":"https:\/\/odavprint.ee\/en\/","name":"Odav Print","description":"Just another WordPress site","publisher":{"@id":"https:\/\/odavprint.ee\/en\/#organization"},"alternateName":"Kassettide, toonerite t\u00e4itmine ja m\u00fc\u00fck.","potentialAction":[{"@type":"SearchAction","target":{"@type":"EntryPoint","urlTemplate":"https:\/\/odavprint.ee\/en\/?s={search_term_string}"},"query-input":"required name=search_term_string"}],"inLanguage":"en-US"},{"@type":["Organization","Place"],"@id":"https:\/\/odavprint.ee\/en\/#organization","name":"Odav Print O\u00dc","url":"https:\/\/odavprint.ee\/en\/","logo":{"@id":"https:\/\/odavprint.ee\/en\/product\/analoog-tooner-hp-142a-w1420a-black-950-lk-kiibita\/#local-main-organization-logo"},"image":{"@id":"https:\/\/odavprint.ee\/en\/product\/analoog-tooner-hp-142a-w1420a-black-950-lk-kiibita\/#local-main-organization-logo"},"address":{"@id":"https:\/\/odavprint.ee\/en\/product\/analoog-tooner-hp-142a-w1420a-black-950-lk-kiibita\/#local-main-place-address"},"geo":{"@type":"GeoCoordinates","latitude":"59.4306504","longitude":"24.8095743"},"telephone":["53836926"],"openingHoursSpecification":[{"@type":"OpeningHoursSpecification","dayOfWeek":["Monday","Tuesday","Wednesday","Thursday","Friday","Saturday","Sunday"],"opens":"09:00","closes":"17:00"}],"email":"info@odavprint.eu"},{"@type":"PostalAddress","@id":"https:\/\/odavprint.ee\/en\/product\/analoog-tooner-hp-142a-w1420a-black-950-lk-kiibita\/#local-main-place-address","streetAddress":"Pae tn 28","addressLocality":"Tallinn","postalCode":"11415","addressRegion":"Harjumaa","addressCountry":"EE"},{"@type":"ImageObject","inLanguage":"en-US","@id":"https:\/\/odavprint.ee\/en\/product\/analoog-tooner-hp-142a-w1420a-black-950-lk-kiibita\/#local-main-organization-logo","url":"https:\/\/odavprint.ee\/wp-content\/uploads\/2018\/10\/odavprint-logo-240.jpg","contentUrl":"https:\/\/odavprint.ee\/wp-content\/uploads\/2018\/10\/odavprint-logo-240.jpg","width":240,"height":36,"caption":"Odav Print O\u00dc"}]},"product_price_amount":"19.90","product_price_currency":"EUR","og_availability":"instock","product_availability":"instock","product_condition":"new","geo.placename":"Tallinn","geo.position":{"lat":"59.4306504","long":"24.8095743"},"geo.region":"Estonia"},"_links":{"self":[{"href":"https:\/\/odavprint.ee\/en\/wp-json\/wp\/v2\/product\/186208"}],"collection":[{"href":"https:\/\/odavprint.ee\/en\/wp-json\/wp\/v2\/product"}],"about":[{"href":"https:\/\/odavprint.ee\/en\/wp-json\/wp\/v2\/types\/product"}],"wp:featuredmedia":[{"embeddable":true,"href":"https:\/\/odavprint.ee\/en\/wp-json\/wp\/v2\/media\/186209"}],"wp:attachment":[{"href":"https:\/\/odavprint.ee\/en\/wp-json\/wp\/v2\/media?parent=186208"}],"wp:term":[{"taxonomy":"product_cat","embeddable":true,"href":"https:\/\/odavprint.ee\/en\/wp-json\/wp\/v2\/product_cat?post=186208"},{"taxonomy":"product_tag","embeddable":true,"href":"https:\/\/odavprint.ee\/en\/wp-json\/wp\/v2\/product_tag?post=186208"}],"curies":[{"name":"wp","href":"https:\/\/api.w.org\/{rel}","templated":true}]}}