{"id":188626,"date":"2023-06-07T14:08:23","date_gmt":"2023-06-07T11:08:23","guid":{"rendered":"https:\/\/odavprint.ee\/?post_type=product&#038;p=188626"},"modified":"2023-06-07T14:08:23","modified_gmt":"2023-06-07T11:08:23","slug":"height-adjustable-table-frigg-white","status":"publish","type":"product","link":"https:\/\/odavprint.ee\/en\/product\/height-adjustable-table-frigg-white\/","title":{"rendered":"Height Adjustable Table Up Up Frigg White"},"content":{"rendered":"<p>Height Adjustable Table Up Up Frigg White<\/p>\n<table>\n<tbody>\n<tr>\n<td>\n<table>\n<tbody>\n<tr>\n<td>Brand<\/td>\n<td>Up Up<\/td>\n<\/tr>\n<\/tbody>\n<\/table>\n<\/td>\n<\/tr>\n<\/tbody>\n<\/table>\n<p><b><strong>Ergonomic tables &#8220;Up Up&#8221;\u00a0<\/strong><\/b>are a great choice for your workplace. Thanks to the height-adjustable, you can adjust the height of the table to yourself and constantly change position and work both sitting and standing.<\/p>\n<p><b><strong>What are the benefits?<\/strong><\/b><\/p>\n<ul>\n<li>Desk frame and table top are packed in one box.<\/li>\n<li>Better concentration at work &#8211; the changing situation allows you to remain more vigilant and work more efficiently.<\/li>\n<li>Health &#8211; Everyone knows that doctors recommend changing the position of the body while working on a computer. It is very helpful in removing the load from the spine, improving blood circulation, and lifting the mood.<\/li>\n<li>Quality guarantee. The table frames are made of durable steel, which will definitely withstand constant loads.<\/li>\n<li>Frames and mechanisms have a 5-year warranty.<\/li>\n<li>Modern design. Height-adjustable tables &#8220;Up Up&#8221; are a long-term investment in employee health, dynamic atmosphere, and modern design.<\/li>\n<\/ul>\n<p>&nbsp;<\/p>\n<table>\n<tbody>\n<tr>\n<td width=\"274\"><b><strong>PRODUCT CATEGORY:<\/strong><\/b><\/td>\n<td width=\"255\">Electric Sit-Stand desk<\/td>\n<\/tr>\n<tr>\n<td width=\"274\"><b><strong>RANK:<\/strong><\/b><\/td>\n<td width=\"255\">Standart<\/td>\n<\/tr>\n<tr>\n<td width=\"274\"><b><strong>MATERIAL:<\/strong><\/b><\/td>\n<td width=\"255\">Particle Board &amp; Melamine,Aluminum,Plastic,Steel<\/td>\n<\/tr>\n<tr>\n<td width=\"274\"><b><strong>DIMENSIONS (WXHXT):<\/strong><\/b><\/td>\n<td width=\"255\">1200 x 600 x 732 ~ 1210 mm<\/td>\n<\/tr>\n<tr>\n<td width=\"274\"><b><strong>TABLETOP THICKNESS:<\/strong><\/b><\/td>\n<td width=\"255\">18 mm (0.71&#8243;)<\/td>\n<\/tr>\n<tr>\n<td width=\"274\"><b><strong>WEIGHT CAPACITY:<\/strong><\/b><\/td>\n<td width=\"255\">70 kg<\/td>\n<\/tr>\n<tr>\n<td width=\"274\"><b><strong>WIDTH:<\/strong><\/b><\/td>\n<td width=\"255\">1200 mm<\/td>\n<\/tr>\n<tr>\n<td width=\"274\"><b><strong>HEIGHT EANGE:<\/strong><\/b><\/td>\n<td width=\"255\">730 ~ 1210 mm<\/td>\n<\/tr>\n<tr>\n<td width=\"274\"><b><strong>COLUMN DESIGN:<\/strong><\/b><\/td>\n<td width=\"255\">Standard column<\/td>\n<\/tr>\n<tr>\n<td width=\"274\"><b><strong>COLUMN SEGMENTS:<\/strong><\/b><\/td>\n<td width=\"255\">Two stage column<\/td>\n<\/tr>\n<tr>\n<td width=\"274\"><b><strong>COLUMN SIZE:<\/strong><\/b><\/td>\n<td width=\"255\">70x40mm 75x45mm<\/td>\n<\/tr>\n<tr>\n<td width=\"274\"><b><strong>LEG QUANTITY:<\/strong><\/b><\/td>\n<td width=\"255\">2<\/td>\n<\/tr>\n<tr>\n<td width=\"274\"><b><strong>FRAME COLOR:<\/strong><\/b><\/td>\n<td width=\"255\">White<\/td>\n<\/tr>\n<tr>\n<td width=\"274\"><b><strong>ADJUSTABLE FEET PAD:<\/strong><\/b><\/td>\n<td width=\"255\">Yes<\/td>\n<\/tr>\n<tr>\n<td width=\"274\"><b><strong>MAX. SPEED<\/strong><\/b><\/td>\n<td width=\"255\">25 mm \/ s<\/td>\n<\/tr>\n<tr>\n<td width=\"274\"><b><strong>CONTROLLER TYPE:<\/strong><\/b><\/td>\n<td width=\"255\">Button Control Panel<\/td>\n<\/tr>\n<tr>\n<td width=\"274\"><b><strong>TIME REMINDER:<\/strong><\/b><\/td>\n<td width=\"255\">No<\/td>\n<\/tr>\n<tr>\n<td width=\"274\"><b><strong>SUGGESTED OPERATING TEMPERATURE:<\/strong><\/b><\/td>\n<td width=\"255\">-5\u00a0\u2103\u00a0~ 40\u00a0\u2103<\/td>\n<\/tr>\n<\/tbody>\n<\/table>\n<p>&nbsp;<\/p>\n<p><b><strong>Tabletop:\u00a0<\/strong><\/b><\/p>\n<p>&nbsp;<\/p>\n<p>&nbsp;<\/p>\n<table>\n<tbody>\n<tr>\n<td width=\"274\"><b><strong>PRODUCT CATEGORY:<\/strong><\/b><\/td>\n<td width=\"255\">Desk board<\/td>\n<\/tr>\n<tr>\n<td width=\"274\"><b><strong>RANK:<\/strong><\/b><\/td>\n<td width=\"255\">Standart<\/td>\n<\/tr>\n<tr>\n<td width=\"274\"><b><strong>MATERIAL:<\/strong><\/b><\/td>\n<td width=\"255\">Eco-friendly Particle Board<\/td>\n<\/tr>\n<tr>\n<td width=\"274\"><b><strong>TABLETOP SIZE(LXWXT):<\/strong><\/b><\/td>\n<td width=\"255\">1200 x 600 x 18 mm<\/td>\n<\/tr>\n<tr>\n<td width=\"274\"><b><strong>COLOR:<\/strong><\/b><\/td>\n<td width=\"255\">White<\/td>\n<\/tr>\n<tr>\n<td style=\"font-weight: 400;\" width=\"274\">&nbsp;<\/td>\n<td style=\"font-weight: 400;\" width=\"255\"><\/td>\n<\/tr>\n<\/tbody>\n<\/table>\n","protected":false},"excerpt":{"rendered":"<p>Height Adjustable Table Up Up Frigg White Brand Up Up Ergonomic tables &#8220;Up Up&#8221;\u00a0are a great choice for your workplace. Thanks to the height-adjustable, you can adjust the height of the table to yourself and constantly change position and work both sitting and standing. What are the benefits? Desk frame and table top are packed [&#8230;]\n","protected":false},"featured_media":188627,"template":"","meta":{"inline_featured_image":false},"product_cat":[17241],"product_tag":[],"yoast_head":"<!-- This site is optimized with the Yoast SEO Premium plugin v23.0 (Yoast SEO v23.0) - https:\/\/yoast.com\/wordpress\/plugins\/seo\/ -->\n<title>Height Adjustable Table Up Up Frigg White, hea hinnaga, osta e-pood - Odav Print<\/title>\n<meta name=\"description\" content=\"Osta Height Adjustable Table Up Up Frigg White Odav Print \u260e +372 5911 9495 \u2714\ufe0f Parim hind Height Adjustable Table Up Up Frigg White jaoks \u26df Kiire kohaletoimetamine Eestis \u2b50 Garanteeritud\" \/>\n<meta name=\"robots\" content=\"index, follow, max-snippet:-1, max-image-preview:large, max-video-preview:-1\" \/>\n<link rel=\"canonical\" href=\"https:\/\/odavprint.ee\/en\/product\/height-adjustable-table-frigg-white\/\" \/>\n<meta property=\"og:locale\" content=\"en_US\" \/>\n<meta property=\"og:type\" content=\"article\" \/>\n<meta property=\"og:title\" content=\"Height Adjustable Table Up Up Frigg White\" \/>\n<meta property=\"og:description\" content=\"Osta Height Adjustable Table Up Up Frigg White Odav Print \u260e +372 5911 9495 \u2714\ufe0f Parim hind Height Adjustable Table Up Up Frigg White jaoks \u26df Kiire kohaletoimetamine Eestis \u2b50 Garanteeritud\" \/>\n<meta property=\"og:url\" content=\"https:\/\/odavprint.ee\/en\/product\/height-adjustable-table-frigg-white\/\" \/>\n<meta property=\"og:site_name\" content=\"Odav Print\" \/>\n<meta property=\"og:image\" content=\"https:\/\/odavprint.ee\/wp-content\/uploads\/2023\/06\/13.png\" \/>\n\t<meta property=\"og:image:width\" content=\"300\" \/>\n\t<meta property=\"og:image:height\" content=\"300\" \/>\n\t<meta property=\"og:image:type\" content=\"image\/png\" \/>\n<meta name=\"twitter:card\" content=\"summary_large_image\" \/>\n<meta name=\"twitter:label1\" content=\"Price\" \/>\n\t<meta name=\"twitter:data1\" content=\"&euro;243.90\" \/>\n\t<meta name=\"twitter:label2\" content=\"Availability\" \/>\n\t<meta name=\"twitter:data2\" content=\"In stock\" \/>\n<script type=\"application\/ld+json\" class=\"yoast-schema-graph\">{\"@context\":\"https:\/\/schema.org\",\"@graph\":[{\"@type\":[\"WebPage\",\"ItemPage\"],\"@id\":\"https:\/\/odavprint.ee\/en\/product\/height-adjustable-table-frigg-white\/\",\"url\":\"https:\/\/odavprint.ee\/en\/product\/height-adjustable-table-frigg-white\/\",\"name\":\"Height Adjustable Table Up Up Frigg White, hea hinnaga, osta e-pood - Odav Print\",\"isPartOf\":{\"@id\":\"https:\/\/odavprint.ee\/en\/#website\"},\"primaryImageOfPage\":{\"@id\":\"https:\/\/odavprint.ee\/en\/product\/height-adjustable-table-frigg-white\/#primaryimage\"},\"image\":{\"@id\":\"https:\/\/odavprint.ee\/en\/product\/height-adjustable-table-frigg-white\/#primaryimage\"},\"thumbnailUrl\":\"https:\/\/odavprint.ee\/wp-content\/uploads\/2023\/06\/13.png\",\"datePublished\":\"2023-06-07T11:08:23+00:00\",\"dateModified\":\"2023-06-07T11:08:23+00:00\",\"description\":\"Osta Height Adjustable Table Up Up Frigg White Odav Print \u260e +372 5911 9495 \u2714\ufe0f Parim hind Height Adjustable Table Up Up Frigg White jaoks \u26df Kiire kohaletoimetamine Eestis \u2b50 Garanteeritud\",\"breadcrumb\":{\"@id\":\"https:\/\/odavprint.ee\/en\/product\/height-adjustable-table-frigg-white\/#breadcrumb\"},\"inLanguage\":\"en-US\",\"potentialAction\":[{\"@type\":\"ReadAction\",\"target\":[\"https:\/\/odavprint.ee\/en\/product\/height-adjustable-table-frigg-white\/\"]}]},{\"@type\":\"ImageObject\",\"inLanguage\":\"en-US\",\"@id\":\"https:\/\/odavprint.ee\/en\/product\/height-adjustable-table-frigg-white\/#primaryimage\",\"url\":\"https:\/\/odavprint.ee\/wp-content\/uploads\/2023\/06\/13.png\",\"contentUrl\":\"https:\/\/odavprint.ee\/wp-content\/uploads\/2023\/06\/13.png\",\"width\":300,\"height\":300},{\"@type\":\"BreadcrumbList\",\"@id\":\"https:\/\/odavprint.ee\/en\/product\/height-adjustable-table-frigg-white\/#breadcrumb\",\"itemListElement\":[{\"@type\":\"ListItem\",\"position\":1,\"name\":\"Home\",\"item\":\"https:\/\/odavprint.ee\/en\/\"},{\"@type\":\"ListItem\",\"position\":2,\"name\":\"Shop\",\"item\":\"https:\/\/odavprint.ee\/en\/shop\/\"},{\"@type\":\"ListItem\",\"position\":3,\"name\":\"Height Adjustable Table Up Up Frigg White\"}]},{\"@type\":\"WebSite\",\"@id\":\"https:\/\/odavprint.ee\/en\/#website\",\"url\":\"https:\/\/odavprint.ee\/en\/\",\"name\":\"Odav Print\",\"description\":\"Just another WordPress site\",\"publisher\":{\"@id\":\"https:\/\/odavprint.ee\/en\/#organization\"},\"alternateName\":\"Kassettide, toonerite t\u00e4itmine ja m\u00fc\u00fck.\",\"potentialAction\":[{\"@type\":\"SearchAction\",\"target\":{\"@type\":\"EntryPoint\",\"urlTemplate\":\"https:\/\/odavprint.ee\/en\/?s={search_term_string}\"},\"query-input\":\"required name=search_term_string\"}],\"inLanguage\":\"en-US\"},{\"@type\":[\"Organization\",\"Place\"],\"@id\":\"https:\/\/odavprint.ee\/en\/#organization\",\"name\":\"Odav Print O\u00dc\",\"url\":\"https:\/\/odavprint.ee\/en\/\",\"logo\":{\"@id\":\"https:\/\/odavprint.ee\/en\/product\/height-adjustable-table-frigg-white\/#local-main-organization-logo\"},\"image\":{\"@id\":\"https:\/\/odavprint.ee\/en\/product\/height-adjustable-table-frigg-white\/#local-main-organization-logo\"},\"address\":{\"@id\":\"https:\/\/odavprint.ee\/en\/product\/height-adjustable-table-frigg-white\/#local-main-place-address\"},\"geo\":{\"@type\":\"GeoCoordinates\",\"latitude\":\"59.4306504\",\"longitude\":\"24.8095743\"},\"telephone\":[\"53836926\"],\"openingHoursSpecification\":[{\"@type\":\"OpeningHoursSpecification\",\"dayOfWeek\":[\"Monday\",\"Tuesday\",\"Wednesday\",\"Thursday\",\"Friday\",\"Saturday\",\"Sunday\"],\"opens\":\"09:00\",\"closes\":\"17:00\"}],\"email\":\"info@odavprint.eu\"},{\"@type\":\"PostalAddress\",\"@id\":\"https:\/\/odavprint.ee\/en\/product\/height-adjustable-table-frigg-white\/#local-main-place-address\",\"streetAddress\":\"Pae tn 28\",\"addressLocality\":\"Tallinn\",\"postalCode\":\"11415\",\"addressRegion\":\"Harjumaa\",\"addressCountry\":\"EE\"},{\"@type\":\"ImageObject\",\"inLanguage\":\"en-US\",\"@id\":\"https:\/\/odavprint.ee\/en\/product\/height-adjustable-table-frigg-white\/#local-main-organization-logo\",\"url\":\"https:\/\/odavprint.ee\/wp-content\/uploads\/2018\/10\/odavprint-logo-240.jpg\",\"contentUrl\":\"https:\/\/odavprint.ee\/wp-content\/uploads\/2018\/10\/odavprint-logo-240.jpg\",\"width\":240,\"height\":36,\"caption\":\"Odav Print O\u00dc\"}]}<\/script>\n<meta property=\"product:price:amount\" content=\"243.90\" \/>\n<meta property=\"product:price:currency\" content=\"EUR\" \/>\n<meta property=\"og:availability\" content=\"instock\" \/>\n<meta property=\"product:availability\" content=\"instock\" \/>\n<meta property=\"product:condition\" content=\"new\" \/>\n<meta name=\"geo.placename\" content=\"Tallinn\" \/>\n<meta name=\"geo.position\" content=\"59.4306504;24.8095743\" \/>\n<meta name=\"geo.region\" content=\"Estonia\" \/>\n<!-- \/ Yoast SEO Premium plugin. -->","yoast_head_json":{"title":"Height Adjustable Table Up Up Frigg White, hea hinnaga, osta e-pood - Odav Print","description":"Osta Height Adjustable Table Up Up Frigg White Odav Print \u260e +372 5911 9495 \u2714\ufe0f Parim hind Height Adjustable Table Up Up Frigg White jaoks \u26df Kiire kohaletoimetamine Eestis \u2b50 Garanteeritud","robots":{"index":"index","follow":"follow","max-snippet":"max-snippet:-1","max-image-preview":"max-image-preview:large","max-video-preview":"max-video-preview:-1"},"canonical":"https:\/\/odavprint.ee\/en\/product\/height-adjustable-table-frigg-white\/","og_locale":"en_US","og_type":"article","og_title":"Height Adjustable Table Up Up Frigg White","og_description":"Osta Height Adjustable Table Up Up Frigg White Odav Print \u260e +372 5911 9495 \u2714\ufe0f Parim hind Height Adjustable Table Up Up Frigg White jaoks \u26df Kiire kohaletoimetamine Eestis \u2b50 Garanteeritud","og_url":"https:\/\/odavprint.ee\/en\/product\/height-adjustable-table-frigg-white\/","og_site_name":"Odav Print","og_image":[{"width":300,"height":300,"url":"https:\/\/odavprint.ee\/wp-content\/uploads\/2023\/06\/13.png","type":"image\/png"}],"twitter_card":"summary_large_image","twitter_misc":{"Price":"&euro;243.90","Availability":"In stock"},"schema":{"@context":"https:\/\/schema.org","@graph":[{"@type":["WebPage","ItemPage"],"@id":"https:\/\/odavprint.ee\/en\/product\/height-adjustable-table-frigg-white\/","url":"https:\/\/odavprint.ee\/en\/product\/height-adjustable-table-frigg-white\/","name":"Height Adjustable Table Up Up Frigg White, hea hinnaga, osta e-pood - Odav Print","isPartOf":{"@id":"https:\/\/odavprint.ee\/en\/#website"},"primaryImageOfPage":{"@id":"https:\/\/odavprint.ee\/en\/product\/height-adjustable-table-frigg-white\/#primaryimage"},"image":{"@id":"https:\/\/odavprint.ee\/en\/product\/height-adjustable-table-frigg-white\/#primaryimage"},"thumbnailUrl":"https:\/\/odavprint.ee\/wp-content\/uploads\/2023\/06\/13.png","datePublished":"2023-06-07T11:08:23+00:00","dateModified":"2023-06-07T11:08:23+00:00","description":"Osta Height Adjustable Table Up Up Frigg White Odav Print \u260e +372 5911 9495 \u2714\ufe0f Parim hind Height Adjustable Table Up Up Frigg White jaoks \u26df Kiire kohaletoimetamine Eestis \u2b50 Garanteeritud","breadcrumb":{"@id":"https:\/\/odavprint.ee\/en\/product\/height-adjustable-table-frigg-white\/#breadcrumb"},"inLanguage":"en-US","potentialAction":[{"@type":"ReadAction","target":["https:\/\/odavprint.ee\/en\/product\/height-adjustable-table-frigg-white\/"]}]},{"@type":"ImageObject","inLanguage":"en-US","@id":"https:\/\/odavprint.ee\/en\/product\/height-adjustable-table-frigg-white\/#primaryimage","url":"https:\/\/odavprint.ee\/wp-content\/uploads\/2023\/06\/13.png","contentUrl":"https:\/\/odavprint.ee\/wp-content\/uploads\/2023\/06\/13.png","width":300,"height":300},{"@type":"BreadcrumbList","@id":"https:\/\/odavprint.ee\/en\/product\/height-adjustable-table-frigg-white\/#breadcrumb","itemListElement":[{"@type":"ListItem","position":1,"name":"Home","item":"https:\/\/odavprint.ee\/en\/"},{"@type":"ListItem","position":2,"name":"Shop","item":"https:\/\/odavprint.ee\/en\/shop\/"},{"@type":"ListItem","position":3,"name":"Height Adjustable Table Up Up Frigg White"}]},{"@type":"WebSite","@id":"https:\/\/odavprint.ee\/en\/#website","url":"https:\/\/odavprint.ee\/en\/","name":"Odav Print","description":"Just another WordPress site","publisher":{"@id":"https:\/\/odavprint.ee\/en\/#organization"},"alternateName":"Kassettide, toonerite t\u00e4itmine ja m\u00fc\u00fck.","potentialAction":[{"@type":"SearchAction","target":{"@type":"EntryPoint","urlTemplate":"https:\/\/odavprint.ee\/en\/?s={search_term_string}"},"query-input":"required name=search_term_string"}],"inLanguage":"en-US"},{"@type":["Organization","Place"],"@id":"https:\/\/odavprint.ee\/en\/#organization","name":"Odav Print O\u00dc","url":"https:\/\/odavprint.ee\/en\/","logo":{"@id":"https:\/\/odavprint.ee\/en\/product\/height-adjustable-table-frigg-white\/#local-main-organization-logo"},"image":{"@id":"https:\/\/odavprint.ee\/en\/product\/height-adjustable-table-frigg-white\/#local-main-organization-logo"},"address":{"@id":"https:\/\/odavprint.ee\/en\/product\/height-adjustable-table-frigg-white\/#local-main-place-address"},"geo":{"@type":"GeoCoordinates","latitude":"59.4306504","longitude":"24.8095743"},"telephone":["53836926"],"openingHoursSpecification":[{"@type":"OpeningHoursSpecification","dayOfWeek":["Monday","Tuesday","Wednesday","Thursday","Friday","Saturday","Sunday"],"opens":"09:00","closes":"17:00"}],"email":"info@odavprint.eu"},{"@type":"PostalAddress","@id":"https:\/\/odavprint.ee\/en\/product\/height-adjustable-table-frigg-white\/#local-main-place-address","streetAddress":"Pae tn 28","addressLocality":"Tallinn","postalCode":"11415","addressRegion":"Harjumaa","addressCountry":"EE"},{"@type":"ImageObject","inLanguage":"en-US","@id":"https:\/\/odavprint.ee\/en\/product\/height-adjustable-table-frigg-white\/#local-main-organization-logo","url":"https:\/\/odavprint.ee\/wp-content\/uploads\/2018\/10\/odavprint-logo-240.jpg","contentUrl":"https:\/\/odavprint.ee\/wp-content\/uploads\/2018\/10\/odavprint-logo-240.jpg","width":240,"height":36,"caption":"Odav Print O\u00dc"}]},"product_price_amount":"243.90","product_price_currency":"EUR","og_availability":"instock","product_availability":"instock","product_condition":"new","geo.placename":"Tallinn","geo.position":{"lat":"59.4306504","long":"24.8095743"},"geo.region":"Estonia"},"_links":{"self":[{"href":"https:\/\/odavprint.ee\/en\/wp-json\/wp\/v2\/product\/188626"}],"collection":[{"href":"https:\/\/odavprint.ee\/en\/wp-json\/wp\/v2\/product"}],"about":[{"href":"https:\/\/odavprint.ee\/en\/wp-json\/wp\/v2\/types\/product"}],"wp:featuredmedia":[{"embeddable":true,"href":"https:\/\/odavprint.ee\/en\/wp-json\/wp\/v2\/media\/188627"}],"wp:attachment":[{"href":"https:\/\/odavprint.ee\/en\/wp-json\/wp\/v2\/media?parent=188626"}],"wp:term":[{"taxonomy":"product_cat","embeddable":true,"href":"https:\/\/odavprint.ee\/en\/wp-json\/wp\/v2\/product_cat?post=188626"},{"taxonomy":"product_tag","embeddable":true,"href":"https:\/\/odavprint.ee\/en\/wp-json\/wp\/v2\/product_tag?post=188626"}],"curies":[{"name":"wp","href":"https:\/\/api.w.org\/{rel}","templated":true}]}}