{"id":191798,"date":"2023-08-31T15:02:59","date_gmt":"2023-08-31T12:02:59","guid":{"rendered":"https:\/\/odavprint.ee\/product\/hp-tb-280w-g4-dock-w-combo-cable-europe-english-localization\/"},"modified":"2023-08-31T15:02:59","modified_gmt":"2023-08-31T12:02:59","slug":"hp-tb-280w-g4-dock-w-combo-cable-europe-english-localization","status":"publish","type":"product","link":"https:\/\/odavprint.ee\/en\/product\/hp-tb-280w-g4-dock-w-combo-cable-europe-english-localization\/","title":{"rendered":"HP TB 280W G4 Dock w\/Combo Cable Europe English localization"},"content":{"rendered":"<p>&#8211; HP is committed to reducing plastic in landfills by using recyclable, fiber-based, and sustainably sourced packaging that meets recycling requirements, so it can stay out of the landfill when customers are finished with it.<br \/>\n&#8211; Empower your IT to manage and track your docks by product name, serial number, and MAC Address from anywhere with the time-saving, easy-to-use Electronic Tag (eTag) asset management tool.<br \/>\n&#8211; With two power options (120W\/280W) from one cable, you can power mainstream and high performance PCs alike with just one cable\/dock.<br \/>\n&#8211; With Intel\u00ae vPro\u2122 Active Management Technology, authorized administrators can remotely access notebooks using wired connections, even if turned off, to make updates.<br \/>\n&#8211; More ports means more capabilities. With a TB4\u2122, HDMI, two USB-C\u00ae, two DisplayPorts\u2122, four USB-A 3.2 ports and an RJ45 port, you can connect multiple devices like a keyboard and mouse.<br \/>\n&#8211; Rigorous testing helps assure dock compatibility across select HP notebooks and select Apple\u00ae, Dell, and Lenovo notebooks with USB-C\u00ae power ports.<br \/>\n&#8211; Get added peace of mind with a 1-year limited warranty that includes technical support, diagnostic services, and hardware replacement.<\/p>\n","protected":false},"excerpt":{"rendered":"<p>&#8211; HP is committed to reducing plastic in landfills by using recyclable, fiber-based, and sustainably sourced packaging that meets recycling requirements, so it can stay out of the landfill when customers are finished with it. &#8211; Empower your IT to manage and track your docks by product name, serial number, and MAC Address from anywhere [&#8230;]\n","protected":false},"featured_media":191799,"template":"","meta":{"inline_featured_image":false},"product_cat":[17218],"product_tag":[],"yoast_head":"<!-- This site is optimized with the Yoast SEO Premium plugin v23.0 (Yoast SEO v23.0) - https:\/\/yoast.com\/wordpress\/plugins\/seo\/ -->\n<title>HP TB 280W G4 Dock w\/Combo Cable Europe English localization, hea hinnaga, osta e-pood - Odav Print<\/title>\n<meta name=\"description\" content=\"Osta HP TB 280W G4 Dock w\/Combo Cable Europe English localization Odav Print \u260e +372 5911 9495 \u2714\ufe0f Parim hind HP TB 280W G4 Dock w\/Combo Cable Europe English localization jaoks \u26df Kiire kohaletoimetamine Eestis \u2b50 Garanteeritud\" \/>\n<meta name=\"robots\" content=\"index, follow, max-snippet:-1, max-image-preview:large, max-video-preview:-1\" \/>\n<link rel=\"canonical\" href=\"https:\/\/odavprint.ee\/en\/product\/hp-tb-280w-g4-dock-w-combo-cable-europe-english-localization\/\" \/>\n<meta property=\"og:locale\" content=\"en_US\" \/>\n<meta property=\"og:type\" content=\"article\" \/>\n<meta property=\"og:title\" content=\"HP TB 280W G4 Dock w\/Combo Cable Europe English localization\" \/>\n<meta property=\"og:description\" content=\"Osta HP TB 280W G4 Dock w\/Combo Cable Europe English localization Odav Print \u260e +372 5911 9495 \u2714\ufe0f Parim hind HP TB 280W G4 Dock w\/Combo Cable Europe English localization jaoks \u26df Kiire kohaletoimetamine Eestis \u2b50 Garanteeritud\" \/>\n<meta property=\"og:url\" content=\"https:\/\/odavprint.ee\/en\/product\/hp-tb-280w-g4-dock-w-combo-cable-europe-english-localization\/\" \/>\n<meta property=\"og:site_name\" content=\"Odav Print\" \/>\n<meta property=\"og:image\" content=\"https:\/\/odavprint.ee\/wp-content\/uploads\/2023\/08\/191798_TFr0XQ1Bh5IIuytjMbqc4PU3ALUSj9qxfYDlONpq.jpg\" \/>\n\t<meta property=\"og:image:width\" content=\"500\" \/>\n\t<meta property=\"og:image:height\" content=\"460\" \/>\n\t<meta property=\"og:image:type\" content=\"image\/jpeg\" \/>\n<meta name=\"twitter:card\" content=\"summary_large_image\" \/>\n<meta name=\"twitter:label1\" content=\"Price\" \/>\n\t<meta name=\"twitter:data1\" content=\"&euro;312.10\" \/>\n\t<meta name=\"twitter:label2\" content=\"Availability\" \/>\n\t<meta name=\"twitter:data2\" content=\"Out of stock\" \/>\n<script type=\"application\/ld+json\" class=\"yoast-schema-graph\">{\"@context\":\"https:\/\/schema.org\",\"@graph\":[{\"@type\":[\"WebPage\",\"ItemPage\"],\"@id\":\"https:\/\/odavprint.ee\/en\/product\/hp-tb-280w-g4-dock-w-combo-cable-europe-english-localization\/\",\"url\":\"https:\/\/odavprint.ee\/en\/product\/hp-tb-280w-g4-dock-w-combo-cable-europe-english-localization\/\",\"name\":\"HP TB 280W G4 Dock w\/Combo Cable Europe English localization, hea hinnaga, osta e-pood - Odav Print\",\"isPartOf\":{\"@id\":\"https:\/\/odavprint.ee\/en\/#website\"},\"primaryImageOfPage\":{\"@id\":\"https:\/\/odavprint.ee\/en\/product\/hp-tb-280w-g4-dock-w-combo-cable-europe-english-localization\/#primaryimage\"},\"image\":{\"@id\":\"https:\/\/odavprint.ee\/en\/product\/hp-tb-280w-g4-dock-w-combo-cable-europe-english-localization\/#primaryimage\"},\"thumbnailUrl\":\"https:\/\/odavprint.ee\/wp-content\/uploads\/2023\/08\/191798_TFr0XQ1Bh5IIuytjMbqc4PU3ALUSj9qxfYDlONpq.jpg\",\"datePublished\":\"2023-08-31T12:02:59+00:00\",\"dateModified\":\"2023-08-31T12:02:59+00:00\",\"description\":\"Osta HP TB 280W G4 Dock w\/Combo Cable Europe English localization Odav Print \u260e +372 5911 9495 \u2714\ufe0f Parim hind HP TB 280W G4 Dock w\/Combo Cable Europe English localization jaoks \u26df Kiire kohaletoimetamine Eestis \u2b50 Garanteeritud\",\"breadcrumb\":{\"@id\":\"https:\/\/odavprint.ee\/en\/product\/hp-tb-280w-g4-dock-w-combo-cable-europe-english-localization\/#breadcrumb\"},\"inLanguage\":\"en-US\",\"potentialAction\":[{\"@type\":\"ReadAction\",\"target\":[\"https:\/\/odavprint.ee\/en\/product\/hp-tb-280w-g4-dock-w-combo-cable-europe-english-localization\/\"]}]},{\"@type\":\"ImageObject\",\"inLanguage\":\"en-US\",\"@id\":\"https:\/\/odavprint.ee\/en\/product\/hp-tb-280w-g4-dock-w-combo-cable-europe-english-localization\/#primaryimage\",\"url\":\"https:\/\/odavprint.ee\/wp-content\/uploads\/2023\/08\/191798_TFr0XQ1Bh5IIuytjMbqc4PU3ALUSj9qxfYDlONpq.jpg\",\"contentUrl\":\"https:\/\/odavprint.ee\/wp-content\/uploads\/2023\/08\/191798_TFr0XQ1Bh5IIuytjMbqc4PU3ALUSj9qxfYDlONpq.jpg\",\"width\":500,\"height\":460},{\"@type\":\"BreadcrumbList\",\"@id\":\"https:\/\/odavprint.ee\/en\/product\/hp-tb-280w-g4-dock-w-combo-cable-europe-english-localization\/#breadcrumb\",\"itemListElement\":[{\"@type\":\"ListItem\",\"position\":1,\"name\":\"Home\",\"item\":\"https:\/\/odavprint.ee\/en\/\"},{\"@type\":\"ListItem\",\"position\":2,\"name\":\"Shop\",\"item\":\"https:\/\/odavprint.ee\/en\/shop\/\"},{\"@type\":\"ListItem\",\"position\":3,\"name\":\"HP TB 280W G4 Dock w\/Combo Cable Europe English localization\"}]},{\"@type\":\"WebSite\",\"@id\":\"https:\/\/odavprint.ee\/en\/#website\",\"url\":\"https:\/\/odavprint.ee\/en\/\",\"name\":\"Odav Print\",\"description\":\"Just another WordPress site\",\"publisher\":{\"@id\":\"https:\/\/odavprint.ee\/en\/#organization\"},\"alternateName\":\"Kassettide, toonerite t\u00e4itmine ja m\u00fc\u00fck.\",\"potentialAction\":[{\"@type\":\"SearchAction\",\"target\":{\"@type\":\"EntryPoint\",\"urlTemplate\":\"https:\/\/odavprint.ee\/en\/?s={search_term_string}\"},\"query-input\":\"required name=search_term_string\"}],\"inLanguage\":\"en-US\"},{\"@type\":[\"Organization\",\"Place\"],\"@id\":\"https:\/\/odavprint.ee\/en\/#organization\",\"name\":\"Odav Print O\u00dc\",\"url\":\"https:\/\/odavprint.ee\/en\/\",\"logo\":{\"@id\":\"https:\/\/odavprint.ee\/en\/product\/hp-tb-280w-g4-dock-w-combo-cable-europe-english-localization\/#local-main-organization-logo\"},\"image\":{\"@id\":\"https:\/\/odavprint.ee\/en\/product\/hp-tb-280w-g4-dock-w-combo-cable-europe-english-localization\/#local-main-organization-logo\"},\"address\":{\"@id\":\"https:\/\/odavprint.ee\/en\/product\/hp-tb-280w-g4-dock-w-combo-cable-europe-english-localization\/#local-main-place-address\"},\"geo\":{\"@type\":\"GeoCoordinates\",\"latitude\":\"59.4306504\",\"longitude\":\"24.8095743\"},\"telephone\":[\"53836926\"],\"openingHoursSpecification\":[{\"@type\":\"OpeningHoursSpecification\",\"dayOfWeek\":[\"Monday\",\"Tuesday\",\"Wednesday\",\"Thursday\",\"Friday\",\"Saturday\",\"Sunday\"],\"opens\":\"09:00\",\"closes\":\"17:00\"}],\"email\":\"info@odavprint.eu\"},{\"@type\":\"PostalAddress\",\"@id\":\"https:\/\/odavprint.ee\/en\/product\/hp-tb-280w-g4-dock-w-combo-cable-europe-english-localization\/#local-main-place-address\",\"streetAddress\":\"Pae tn 28\",\"addressLocality\":\"Tallinn\",\"postalCode\":\"11415\",\"addressRegion\":\"Harjumaa\",\"addressCountry\":\"EE\"},{\"@type\":\"ImageObject\",\"inLanguage\":\"en-US\",\"@id\":\"https:\/\/odavprint.ee\/en\/product\/hp-tb-280w-g4-dock-w-combo-cable-europe-english-localization\/#local-main-organization-logo\",\"url\":\"https:\/\/odavprint.ee\/wp-content\/uploads\/2018\/10\/odavprint-logo-240.jpg\",\"contentUrl\":\"https:\/\/odavprint.ee\/wp-content\/uploads\/2018\/10\/odavprint-logo-240.jpg\",\"width\":240,\"height\":36,\"caption\":\"Odav Print O\u00dc\"}]}<\/script>\n<meta property=\"product:price:amount\" content=\"312.10\" \/>\n<meta property=\"product:price:currency\" content=\"EUR\" \/>\n<meta property=\"og:availability\" content=\"out of stock\" \/>\n<meta property=\"product:availability\" content=\"out of stock\" \/>\n<meta property=\"product:retailer_item_id\" content=\"4J0G4AA#ABB\" \/>\n<meta property=\"product:condition\" content=\"new\" \/>\n<meta name=\"geo.placename\" content=\"Tallinn\" \/>\n<meta name=\"geo.position\" content=\"59.4306504;24.8095743\" \/>\n<meta name=\"geo.region\" content=\"Estonia\" \/>\n<!-- \/ Yoast SEO Premium plugin. -->","yoast_head_json":{"title":"HP TB 280W G4 Dock w\/Combo Cable Europe English localization, hea hinnaga, osta e-pood - Odav Print","description":"Osta HP TB 280W G4 Dock w\/Combo Cable Europe English localization Odav Print \u260e +372 5911 9495 \u2714\ufe0f Parim hind HP TB 280W G4 Dock w\/Combo Cable Europe English localization jaoks \u26df Kiire kohaletoimetamine Eestis \u2b50 Garanteeritud","robots":{"index":"index","follow":"follow","max-snippet":"max-snippet:-1","max-image-preview":"max-image-preview:large","max-video-preview":"max-video-preview:-1"},"canonical":"https:\/\/odavprint.ee\/en\/product\/hp-tb-280w-g4-dock-w-combo-cable-europe-english-localization\/","og_locale":"en_US","og_type":"article","og_title":"HP TB 280W G4 Dock w\/Combo Cable Europe English localization","og_description":"Osta HP TB 280W G4 Dock w\/Combo Cable Europe English localization Odav Print \u260e +372 5911 9495 \u2714\ufe0f Parim hind HP TB 280W G4 Dock w\/Combo Cable Europe English localization jaoks \u26df Kiire kohaletoimetamine Eestis \u2b50 Garanteeritud","og_url":"https:\/\/odavprint.ee\/en\/product\/hp-tb-280w-g4-dock-w-combo-cable-europe-english-localization\/","og_site_name":"Odav Print","og_image":[{"width":500,"height":460,"url":"https:\/\/odavprint.ee\/wp-content\/uploads\/2023\/08\/191798_TFr0XQ1Bh5IIuytjMbqc4PU3ALUSj9qxfYDlONpq.jpg","type":"image\/jpeg"}],"twitter_card":"summary_large_image","twitter_misc":{"Price":"&euro;312.10","Availability":"Out of stock"},"schema":{"@context":"https:\/\/schema.org","@graph":[{"@type":["WebPage","ItemPage"],"@id":"https:\/\/odavprint.ee\/en\/product\/hp-tb-280w-g4-dock-w-combo-cable-europe-english-localization\/","url":"https:\/\/odavprint.ee\/en\/product\/hp-tb-280w-g4-dock-w-combo-cable-europe-english-localization\/","name":"HP TB 280W G4 Dock w\/Combo Cable Europe English localization, hea hinnaga, osta e-pood - Odav Print","isPartOf":{"@id":"https:\/\/odavprint.ee\/en\/#website"},"primaryImageOfPage":{"@id":"https:\/\/odavprint.ee\/en\/product\/hp-tb-280w-g4-dock-w-combo-cable-europe-english-localization\/#primaryimage"},"image":{"@id":"https:\/\/odavprint.ee\/en\/product\/hp-tb-280w-g4-dock-w-combo-cable-europe-english-localization\/#primaryimage"},"thumbnailUrl":"https:\/\/odavprint.ee\/wp-content\/uploads\/2023\/08\/191798_TFr0XQ1Bh5IIuytjMbqc4PU3ALUSj9qxfYDlONpq.jpg","datePublished":"2023-08-31T12:02:59+00:00","dateModified":"2023-08-31T12:02:59+00:00","description":"Osta HP TB 280W G4 Dock w\/Combo Cable Europe English localization Odav Print \u260e +372 5911 9495 \u2714\ufe0f Parim hind HP TB 280W G4 Dock w\/Combo Cable Europe English localization jaoks \u26df Kiire kohaletoimetamine Eestis \u2b50 Garanteeritud","breadcrumb":{"@id":"https:\/\/odavprint.ee\/en\/product\/hp-tb-280w-g4-dock-w-combo-cable-europe-english-localization\/#breadcrumb"},"inLanguage":"en-US","potentialAction":[{"@type":"ReadAction","target":["https:\/\/odavprint.ee\/en\/product\/hp-tb-280w-g4-dock-w-combo-cable-europe-english-localization\/"]}]},{"@type":"ImageObject","inLanguage":"en-US","@id":"https:\/\/odavprint.ee\/en\/product\/hp-tb-280w-g4-dock-w-combo-cable-europe-english-localization\/#primaryimage","url":"https:\/\/odavprint.ee\/wp-content\/uploads\/2023\/08\/191798_TFr0XQ1Bh5IIuytjMbqc4PU3ALUSj9qxfYDlONpq.jpg","contentUrl":"https:\/\/odavprint.ee\/wp-content\/uploads\/2023\/08\/191798_TFr0XQ1Bh5IIuytjMbqc4PU3ALUSj9qxfYDlONpq.jpg","width":500,"height":460},{"@type":"BreadcrumbList","@id":"https:\/\/odavprint.ee\/en\/product\/hp-tb-280w-g4-dock-w-combo-cable-europe-english-localization\/#breadcrumb","itemListElement":[{"@type":"ListItem","position":1,"name":"Home","item":"https:\/\/odavprint.ee\/en\/"},{"@type":"ListItem","position":2,"name":"Shop","item":"https:\/\/odavprint.ee\/en\/shop\/"},{"@type":"ListItem","position":3,"name":"HP TB 280W G4 Dock w\/Combo Cable Europe English localization"}]},{"@type":"WebSite","@id":"https:\/\/odavprint.ee\/en\/#website","url":"https:\/\/odavprint.ee\/en\/","name":"Odav Print","description":"Just another WordPress site","publisher":{"@id":"https:\/\/odavprint.ee\/en\/#organization"},"alternateName":"Kassettide, toonerite t\u00e4itmine ja m\u00fc\u00fck.","potentialAction":[{"@type":"SearchAction","target":{"@type":"EntryPoint","urlTemplate":"https:\/\/odavprint.ee\/en\/?s={search_term_string}"},"query-input":"required name=search_term_string"}],"inLanguage":"en-US"},{"@type":["Organization","Place"],"@id":"https:\/\/odavprint.ee\/en\/#organization","name":"Odav Print O\u00dc","url":"https:\/\/odavprint.ee\/en\/","logo":{"@id":"https:\/\/odavprint.ee\/en\/product\/hp-tb-280w-g4-dock-w-combo-cable-europe-english-localization\/#local-main-organization-logo"},"image":{"@id":"https:\/\/odavprint.ee\/en\/product\/hp-tb-280w-g4-dock-w-combo-cable-europe-english-localization\/#local-main-organization-logo"},"address":{"@id":"https:\/\/odavprint.ee\/en\/product\/hp-tb-280w-g4-dock-w-combo-cable-europe-english-localization\/#local-main-place-address"},"geo":{"@type":"GeoCoordinates","latitude":"59.4306504","longitude":"24.8095743"},"telephone":["53836926"],"openingHoursSpecification":[{"@type":"OpeningHoursSpecification","dayOfWeek":["Monday","Tuesday","Wednesday","Thursday","Friday","Saturday","Sunday"],"opens":"09:00","closes":"17:00"}],"email":"info@odavprint.eu"},{"@type":"PostalAddress","@id":"https:\/\/odavprint.ee\/en\/product\/hp-tb-280w-g4-dock-w-combo-cable-europe-english-localization\/#local-main-place-address","streetAddress":"Pae tn 28","addressLocality":"Tallinn","postalCode":"11415","addressRegion":"Harjumaa","addressCountry":"EE"},{"@type":"ImageObject","inLanguage":"en-US","@id":"https:\/\/odavprint.ee\/en\/product\/hp-tb-280w-g4-dock-w-combo-cable-europe-english-localization\/#local-main-organization-logo","url":"https:\/\/odavprint.ee\/wp-content\/uploads\/2018\/10\/odavprint-logo-240.jpg","contentUrl":"https:\/\/odavprint.ee\/wp-content\/uploads\/2018\/10\/odavprint-logo-240.jpg","width":240,"height":36,"caption":"Odav Print O\u00dc"}]},"product_price_amount":"312.10","product_price_currency":"EUR","og_availability":"out of stock","product_availability":"out of stock","product_retailer_item_id":"4J0G4AA#ABB","product_condition":"new","geo.placename":"Tallinn","geo.position":{"lat":"59.4306504","long":"24.8095743"},"geo.region":"Estonia"},"_links":{"self":[{"href":"https:\/\/odavprint.ee\/en\/wp-json\/wp\/v2\/product\/191798"}],"collection":[{"href":"https:\/\/odavprint.ee\/en\/wp-json\/wp\/v2\/product"}],"about":[{"href":"https:\/\/odavprint.ee\/en\/wp-json\/wp\/v2\/types\/product"}],"wp:featuredmedia":[{"embeddable":true,"href":"https:\/\/odavprint.ee\/en\/wp-json\/wp\/v2\/media\/191799"}],"wp:attachment":[{"href":"https:\/\/odavprint.ee\/en\/wp-json\/wp\/v2\/media?parent=191798"}],"wp:term":[{"taxonomy":"product_cat","embeddable":true,"href":"https:\/\/odavprint.ee\/en\/wp-json\/wp\/v2\/product_cat?post=191798"},{"taxonomy":"product_tag","embeddable":true,"href":"https:\/\/odavprint.ee\/en\/wp-json\/wp\/v2\/product_tag?post=191798"}],"curies":[{"name":"wp","href":"https:\/\/api.w.org\/{rel}","templated":true}]}}