{"id":192138,"date":"2023-09-04T15:27:23","date_gmt":"2023-09-04T12:27:23","guid":{"rendered":"https:\/\/odavprint.ee\/product\/philips-3000-series-led-monitor-27inch-1920-x1080-75hz-ips-300-cd-m2-1-ms-hdmi-usb-c-speakers-black\/"},"modified":"2023-09-04T15:27:23","modified_gmt":"2023-09-04T12:27:23","slug":"philips-3000-series-led-monitor-27inch-1920-x1080-75hz-ips-300-cd-m2-1-ms-hdmi-usb-c-speakers-black","status":"publish","type":"product","link":"https:\/\/odavprint.ee\/en\/product\/philips-3000-series-led-monitor-27inch-1920-x1080-75hz-ips-300-cd-m2-1-ms-hdmi-usb-c-speakers-black\/","title":{"rendered":"Philips 3000 Series LED Monitor 27inch 1920 x1080 75Hz IPS 300 cd\/m2 1 ms HDMI USB-C Speakers, Black"},"content":{"rendered":"<div>&#8211; Home 68,6 cm (27&#8243;) LED IPS<\/div>\n<div>&#8211; Full HD 1920 x 1080 pixels 16:9<\/div>\n<div>&#8211; 75 Hz 4 ms 300 cd\/m\u00b2 1000:1<\/div>\n<div>&#8211; AMD FreeSync Flicker-free technology<\/div>\n<div>&#8211; F 26 kWh 25,1 W<\/div>\n<div>\u00a0<\/div>\n<div>Philips 3000 series 27E1N3300A\/00.\u00a0<\/div>\n<div>Display diagonal: 68,6 cm (27&#8243;),\u00a0<\/div>\n<div>Display resolution: 1920 x 1080 pixels,\u00a0<\/div>\n<div>HD type: Full HD,\u00a0<\/div>\n<div>Display technology: LED IPS,\u00a0<\/div>\n<div>Display surface: Matt,\u00a0<\/div>\n<div>Response time: 4 ms,\u00a0<\/div>\n<div>Native aspect ratio: 16:9,\u00a0<\/div>\n<div>Viewing angle, horizontal: 178\u00b0,\u00a0<\/div>\n<div>Viewing angle, vertical: 178\u00b0.\u00a0<\/div>\n<div>Built-in speaker(s).\u00a0<\/div>\n<div>Built-in USB hub,<\/div>\n<div>VESA mounting.\u00a0<\/div>\n<div>Product colour: Black<\/div>\n<div>\u00a0<\/div>\n<div>Ports &#038; interfaces<\/div>\n<div>Built-in USB hub: Yes<\/div>\n<div>USB hub version: 3.2 Gen 1 (3.1 Gen 1)<\/div>\n<div>USB Type-C DisplayPort Alternate Mode: Yes<\/div>\n<div>USB Power Delivery: Yes<\/div>\n<div>USB Power Delivery up to: 65 W<\/div>\n<div>HDMI: Yes<\/div>\n<div>HDMI ports quantity: 1<\/div>\n<div>HDMI version: 1.4<\/div>\n<div>Audio output: Yes<\/div>\n<div>\u00a0<\/div>\n<div>Weight &#038; dimensions<\/div>\n<div>Width (with stand): 612 mm<\/div>\n<div>Depth (with stand): 197 mm<\/div>\n<div>Height (with stand): 456 mm<\/div>\n<div>Weight (with stand): 6,06 kg<\/div>\n<div>Width (without stand): 61,2 cm<\/div>\n<div>Depth (without stand): 5,5 cm<\/div>\n<div>Height (without stand): 36,5 cm<\/div>\n<div>Weight (without stand): 4,2 kg<\/div>\n","protected":false},"excerpt":{"rendered":"<p>&#8211; Home 68,6 cm (27&#8243;) LED IPS &#8211; Full HD 1920 x 1080 pixels 16:9 &#8211; 75 Hz 4 ms 300 cd\/m\u00b2 1000:1 &#8211; AMD FreeSync Flicker-free technology &#8211; F 26 kWh 25,1 W \u00a0 Philips 3000 series 27E1N3300A\/00.\u00a0 Display diagonal: 68,6 cm (27&#8243;),\u00a0 Display resolution: 1920 x 1080 pixels,\u00a0 HD type: Full HD,\u00a0 Display [&#8230;]\n","protected":false},"featured_media":192139,"template":"","meta":{"inline_featured_image":false},"product_cat":[17215],"product_tag":[],"yoast_head":"<!-- This site is optimized with the Yoast SEO Premium plugin v23.0 (Yoast SEO v23.0) - https:\/\/yoast.com\/wordpress\/plugins\/seo\/ -->\n<title>Philips 3000 Series LED Monitor 27inch 1920 x1080 75Hz IPS 300 cd\/m2 1 ms HDMI USB-C Speakers, Black, hea hinnaga, osta e-pood - Odav Print<\/title>\n<meta name=\"description\" content=\"Osta Philips 3000 Series LED Monitor 27inch 1920 x1080 75Hz IPS 300 cd\/m2 1 ms HDMI USB-C Speakers, Black Odav Print \u260e +372 5911 9495 \u2714\ufe0f Parim hind Philips 3000 Series LED Monitor 27inch 1920 x1080 75Hz IPS 300 cd\/m2 1 ms HDMI USB-C Speakers, Black jaoks \u26df Kiire kohaletoimetamine Eestis \u2b50 Garanteeritud\" \/>\n<meta name=\"robots\" content=\"index, follow, max-snippet:-1, max-image-preview:large, max-video-preview:-1\" \/>\n<link rel=\"canonical\" href=\"https:\/\/odavprint.ee\/en\/product\/philips-3000-series-led-monitor-27inch-1920-x1080-75hz-ips-300-cd-m2-1-ms-hdmi-usb-c-speakers-black\/\" \/>\n<meta property=\"og:locale\" content=\"en_US\" \/>\n<meta property=\"og:type\" content=\"article\" \/>\n<meta property=\"og:title\" content=\"Philips 3000 Series LED Monitor 27inch 1920 x1080 75Hz IPS 300 cd\/m2 1 ms HDMI USB-C Speakers, Black\" \/>\n<meta property=\"og:description\" content=\"Osta Philips 3000 Series LED Monitor 27inch 1920 x1080 75Hz IPS 300 cd\/m2 1 ms HDMI USB-C Speakers, Black Odav Print \u260e +372 5911 9495 \u2714\ufe0f Parim hind Philips 3000 Series LED Monitor 27inch 1920 x1080 75Hz IPS 300 cd\/m2 1 ms HDMI USB-C Speakers, Black jaoks \u26df Kiire kohaletoimetamine Eestis \u2b50 Garanteeritud\" \/>\n<meta property=\"og:url\" content=\"https:\/\/odavprint.ee\/en\/product\/philips-3000-series-led-monitor-27inch-1920-x1080-75hz-ips-300-cd-m2-1-ms-hdmi-usb-c-speakers-black\/\" \/>\n<meta property=\"og:site_name\" content=\"Odav Print\" \/>\n<meta property=\"og:image\" content=\"https:\/\/odavprint.ee\/wp-content\/uploads\/2023\/09\/192138_5B2hoTQgX9pB43luUH2BMeUk2FMWhQHvNkPc6DlJ.png\" \/>\n\t<meta property=\"og:image:width\" content=\"500\" \/>\n\t<meta property=\"og:image:height\" content=\"500\" \/>\n\t<meta property=\"og:image:type\" content=\"image\/png\" \/>\n<meta name=\"twitter:card\" content=\"summary_large_image\" \/>\n<meta name=\"twitter:label1\" content=\"Price\" \/>\n\t<meta name=\"twitter:data1\" content=\"&euro;228.30\" \/>\n\t<meta name=\"twitter:label2\" content=\"Availability\" \/>\n\t<meta name=\"twitter:data2\" content=\"Out of stock\" \/>\n<script type=\"application\/ld+json\" class=\"yoast-schema-graph\">{\"@context\":\"https:\/\/schema.org\",\"@graph\":[{\"@type\":[\"WebPage\",\"ItemPage\"],\"@id\":\"https:\/\/odavprint.ee\/en\/product\/philips-3000-series-led-monitor-27inch-1920-x1080-75hz-ips-300-cd-m2-1-ms-hdmi-usb-c-speakers-black\/\",\"url\":\"https:\/\/odavprint.ee\/en\/product\/philips-3000-series-led-monitor-27inch-1920-x1080-75hz-ips-300-cd-m2-1-ms-hdmi-usb-c-speakers-black\/\",\"name\":\"Philips 3000 Series LED Monitor 27inch 1920 x1080 75Hz IPS 300 cd\/m2 1 ms HDMI USB-C Speakers, Black, hea hinnaga, osta e-pood - Odav Print\",\"isPartOf\":{\"@id\":\"https:\/\/odavprint.ee\/en\/#website\"},\"primaryImageOfPage\":{\"@id\":\"https:\/\/odavprint.ee\/en\/product\/philips-3000-series-led-monitor-27inch-1920-x1080-75hz-ips-300-cd-m2-1-ms-hdmi-usb-c-speakers-black\/#primaryimage\"},\"image\":{\"@id\":\"https:\/\/odavprint.ee\/en\/product\/philips-3000-series-led-monitor-27inch-1920-x1080-75hz-ips-300-cd-m2-1-ms-hdmi-usb-c-speakers-black\/#primaryimage\"},\"thumbnailUrl\":\"https:\/\/odavprint.ee\/wp-content\/uploads\/2023\/09\/192138_5B2hoTQgX9pB43luUH2BMeUk2FMWhQHvNkPc6DlJ.png\",\"datePublished\":\"2023-09-04T12:27:23+00:00\",\"dateModified\":\"2023-09-04T12:27:23+00:00\",\"description\":\"Osta Philips 3000 Series LED Monitor 27inch 1920 x1080 75Hz IPS 300 cd\/m2 1 ms HDMI USB-C Speakers, Black Odav Print \u260e +372 5911 9495 \u2714\ufe0f Parim hind Philips 3000 Series LED Monitor 27inch 1920 x1080 75Hz IPS 300 cd\/m2 1 ms HDMI USB-C Speakers, Black jaoks \u26df Kiire kohaletoimetamine Eestis \u2b50 Garanteeritud\",\"breadcrumb\":{\"@id\":\"https:\/\/odavprint.ee\/en\/product\/philips-3000-series-led-monitor-27inch-1920-x1080-75hz-ips-300-cd-m2-1-ms-hdmi-usb-c-speakers-black\/#breadcrumb\"},\"inLanguage\":\"en-US\",\"potentialAction\":[{\"@type\":\"ReadAction\",\"target\":[\"https:\/\/odavprint.ee\/en\/product\/philips-3000-series-led-monitor-27inch-1920-x1080-75hz-ips-300-cd-m2-1-ms-hdmi-usb-c-speakers-black\/\"]}]},{\"@type\":\"ImageObject\",\"inLanguage\":\"en-US\",\"@id\":\"https:\/\/odavprint.ee\/en\/product\/philips-3000-series-led-monitor-27inch-1920-x1080-75hz-ips-300-cd-m2-1-ms-hdmi-usb-c-speakers-black\/#primaryimage\",\"url\":\"https:\/\/odavprint.ee\/wp-content\/uploads\/2023\/09\/192138_5B2hoTQgX9pB43luUH2BMeUk2FMWhQHvNkPc6DlJ.png\",\"contentUrl\":\"https:\/\/odavprint.ee\/wp-content\/uploads\/2023\/09\/192138_5B2hoTQgX9pB43luUH2BMeUk2FMWhQHvNkPc6DlJ.png\",\"width\":500,\"height\":500},{\"@type\":\"BreadcrumbList\",\"@id\":\"https:\/\/odavprint.ee\/en\/product\/philips-3000-series-led-monitor-27inch-1920-x1080-75hz-ips-300-cd-m2-1-ms-hdmi-usb-c-speakers-black\/#breadcrumb\",\"itemListElement\":[{\"@type\":\"ListItem\",\"position\":1,\"name\":\"Home\",\"item\":\"https:\/\/odavprint.ee\/en\/\"},{\"@type\":\"ListItem\",\"position\":2,\"name\":\"Shop\",\"item\":\"https:\/\/odavprint.ee\/en\/shop\/\"},{\"@type\":\"ListItem\",\"position\":3,\"name\":\"Philips 3000 Series LED Monitor 27inch 1920 x1080 75Hz IPS 300 cd\/m2 1 ms HDMI USB-C Speakers, Black\"}]},{\"@type\":\"WebSite\",\"@id\":\"https:\/\/odavprint.ee\/en\/#website\",\"url\":\"https:\/\/odavprint.ee\/en\/\",\"name\":\"Odav Print\",\"description\":\"Just another WordPress site\",\"publisher\":{\"@id\":\"https:\/\/odavprint.ee\/en\/#organization\"},\"alternateName\":\"Kassettide, toonerite t\u00e4itmine ja m\u00fc\u00fck.\",\"potentialAction\":[{\"@type\":\"SearchAction\",\"target\":{\"@type\":\"EntryPoint\",\"urlTemplate\":\"https:\/\/odavprint.ee\/en\/?s={search_term_string}\"},\"query-input\":\"required name=search_term_string\"}],\"inLanguage\":\"en-US\"},{\"@type\":[\"Organization\",\"Place\"],\"@id\":\"https:\/\/odavprint.ee\/en\/#organization\",\"name\":\"Odav Print O\u00dc\",\"url\":\"https:\/\/odavprint.ee\/en\/\",\"logo\":{\"@id\":\"https:\/\/odavprint.ee\/en\/product\/philips-3000-series-led-monitor-27inch-1920-x1080-75hz-ips-300-cd-m2-1-ms-hdmi-usb-c-speakers-black\/#local-main-organization-logo\"},\"image\":{\"@id\":\"https:\/\/odavprint.ee\/en\/product\/philips-3000-series-led-monitor-27inch-1920-x1080-75hz-ips-300-cd-m2-1-ms-hdmi-usb-c-speakers-black\/#local-main-organization-logo\"},\"address\":{\"@id\":\"https:\/\/odavprint.ee\/en\/product\/philips-3000-series-led-monitor-27inch-1920-x1080-75hz-ips-300-cd-m2-1-ms-hdmi-usb-c-speakers-black\/#local-main-place-address\"},\"geo\":{\"@type\":\"GeoCoordinates\",\"latitude\":\"59.4306504\",\"longitude\":\"24.8095743\"},\"telephone\":[\"53836926\"],\"openingHoursSpecification\":[{\"@type\":\"OpeningHoursSpecification\",\"dayOfWeek\":[\"Monday\",\"Tuesday\",\"Wednesday\",\"Thursday\",\"Friday\",\"Saturday\",\"Sunday\"],\"opens\":\"09:00\",\"closes\":\"17:00\"}],\"email\":\"info@odavprint.eu\"},{\"@type\":\"PostalAddress\",\"@id\":\"https:\/\/odavprint.ee\/en\/product\/philips-3000-series-led-monitor-27inch-1920-x1080-75hz-ips-300-cd-m2-1-ms-hdmi-usb-c-speakers-black\/#local-main-place-address\",\"streetAddress\":\"Pae tn 28\",\"addressLocality\":\"Tallinn\",\"postalCode\":\"11415\",\"addressRegion\":\"Harjumaa\",\"addressCountry\":\"EE\"},{\"@type\":\"ImageObject\",\"inLanguage\":\"en-US\",\"@id\":\"https:\/\/odavprint.ee\/en\/product\/philips-3000-series-led-monitor-27inch-1920-x1080-75hz-ips-300-cd-m2-1-ms-hdmi-usb-c-speakers-black\/#local-main-organization-logo\",\"url\":\"https:\/\/odavprint.ee\/wp-content\/uploads\/2018\/10\/odavprint-logo-240.jpg\",\"contentUrl\":\"https:\/\/odavprint.ee\/wp-content\/uploads\/2018\/10\/odavprint-logo-240.jpg\",\"width\":240,\"height\":36,\"caption\":\"Odav Print O\u00dc\"}]}<\/script>\n<meta property=\"product:price:amount\" content=\"228.30\" \/>\n<meta property=\"product:price:currency\" content=\"EUR\" \/>\n<meta property=\"og:availability\" content=\"out of stock\" \/>\n<meta property=\"product:availability\" content=\"out of stock\" \/>\n<meta property=\"product:retailer_item_id\" content=\"27E1N3300A\/00\" \/>\n<meta property=\"product:condition\" content=\"new\" \/>\n<meta name=\"geo.placename\" content=\"Tallinn\" \/>\n<meta name=\"geo.position\" content=\"59.4306504;24.8095743\" \/>\n<meta name=\"geo.region\" content=\"Estonia\" \/>\n<!-- \/ Yoast SEO Premium plugin. -->","yoast_head_json":{"title":"Philips 3000 Series LED Monitor 27inch 1920 x1080 75Hz IPS 300 cd\/m2 1 ms HDMI USB-C Speakers, Black, hea hinnaga, osta e-pood - Odav Print","description":"Osta Philips 3000 Series LED Monitor 27inch 1920 x1080 75Hz IPS 300 cd\/m2 1 ms HDMI USB-C Speakers, Black Odav Print \u260e +372 5911 9495 \u2714\ufe0f Parim hind Philips 3000 Series LED Monitor 27inch 1920 x1080 75Hz IPS 300 cd\/m2 1 ms HDMI USB-C Speakers, Black jaoks \u26df Kiire kohaletoimetamine Eestis \u2b50 Garanteeritud","robots":{"index":"index","follow":"follow","max-snippet":"max-snippet:-1","max-image-preview":"max-image-preview:large","max-video-preview":"max-video-preview:-1"},"canonical":"https:\/\/odavprint.ee\/en\/product\/philips-3000-series-led-monitor-27inch-1920-x1080-75hz-ips-300-cd-m2-1-ms-hdmi-usb-c-speakers-black\/","og_locale":"en_US","og_type":"article","og_title":"Philips 3000 Series LED Monitor 27inch 1920 x1080 75Hz IPS 300 cd\/m2 1 ms HDMI USB-C Speakers, Black","og_description":"Osta Philips 3000 Series LED Monitor 27inch 1920 x1080 75Hz IPS 300 cd\/m2 1 ms HDMI USB-C Speakers, Black Odav Print \u260e +372 5911 9495 \u2714\ufe0f Parim hind Philips 3000 Series LED Monitor 27inch 1920 x1080 75Hz IPS 300 cd\/m2 1 ms HDMI USB-C Speakers, Black jaoks \u26df Kiire kohaletoimetamine Eestis \u2b50 Garanteeritud","og_url":"https:\/\/odavprint.ee\/en\/product\/philips-3000-series-led-monitor-27inch-1920-x1080-75hz-ips-300-cd-m2-1-ms-hdmi-usb-c-speakers-black\/","og_site_name":"Odav Print","og_image":[{"width":500,"height":500,"url":"https:\/\/odavprint.ee\/wp-content\/uploads\/2023\/09\/192138_5B2hoTQgX9pB43luUH2BMeUk2FMWhQHvNkPc6DlJ.png","type":"image\/png"}],"twitter_card":"summary_large_image","twitter_misc":{"Price":"&euro;228.30","Availability":"Out of stock"},"schema":{"@context":"https:\/\/schema.org","@graph":[{"@type":["WebPage","ItemPage"],"@id":"https:\/\/odavprint.ee\/en\/product\/philips-3000-series-led-monitor-27inch-1920-x1080-75hz-ips-300-cd-m2-1-ms-hdmi-usb-c-speakers-black\/","url":"https:\/\/odavprint.ee\/en\/product\/philips-3000-series-led-monitor-27inch-1920-x1080-75hz-ips-300-cd-m2-1-ms-hdmi-usb-c-speakers-black\/","name":"Philips 3000 Series LED Monitor 27inch 1920 x1080 75Hz IPS 300 cd\/m2 1 ms HDMI USB-C Speakers, Black, hea hinnaga, osta e-pood - Odav Print","isPartOf":{"@id":"https:\/\/odavprint.ee\/en\/#website"},"primaryImageOfPage":{"@id":"https:\/\/odavprint.ee\/en\/product\/philips-3000-series-led-monitor-27inch-1920-x1080-75hz-ips-300-cd-m2-1-ms-hdmi-usb-c-speakers-black\/#primaryimage"},"image":{"@id":"https:\/\/odavprint.ee\/en\/product\/philips-3000-series-led-monitor-27inch-1920-x1080-75hz-ips-300-cd-m2-1-ms-hdmi-usb-c-speakers-black\/#primaryimage"},"thumbnailUrl":"https:\/\/odavprint.ee\/wp-content\/uploads\/2023\/09\/192138_5B2hoTQgX9pB43luUH2BMeUk2FMWhQHvNkPc6DlJ.png","datePublished":"2023-09-04T12:27:23+00:00","dateModified":"2023-09-04T12:27:23+00:00","description":"Osta Philips 3000 Series LED Monitor 27inch 1920 x1080 75Hz IPS 300 cd\/m2 1 ms HDMI USB-C Speakers, Black Odav Print \u260e +372 5911 9495 \u2714\ufe0f Parim hind Philips 3000 Series LED Monitor 27inch 1920 x1080 75Hz IPS 300 cd\/m2 1 ms HDMI USB-C Speakers, Black jaoks \u26df Kiire kohaletoimetamine Eestis \u2b50 Garanteeritud","breadcrumb":{"@id":"https:\/\/odavprint.ee\/en\/product\/philips-3000-series-led-monitor-27inch-1920-x1080-75hz-ips-300-cd-m2-1-ms-hdmi-usb-c-speakers-black\/#breadcrumb"},"inLanguage":"en-US","potentialAction":[{"@type":"ReadAction","target":["https:\/\/odavprint.ee\/en\/product\/philips-3000-series-led-monitor-27inch-1920-x1080-75hz-ips-300-cd-m2-1-ms-hdmi-usb-c-speakers-black\/"]}]},{"@type":"ImageObject","inLanguage":"en-US","@id":"https:\/\/odavprint.ee\/en\/product\/philips-3000-series-led-monitor-27inch-1920-x1080-75hz-ips-300-cd-m2-1-ms-hdmi-usb-c-speakers-black\/#primaryimage","url":"https:\/\/odavprint.ee\/wp-content\/uploads\/2023\/09\/192138_5B2hoTQgX9pB43luUH2BMeUk2FMWhQHvNkPc6DlJ.png","contentUrl":"https:\/\/odavprint.ee\/wp-content\/uploads\/2023\/09\/192138_5B2hoTQgX9pB43luUH2BMeUk2FMWhQHvNkPc6DlJ.png","width":500,"height":500},{"@type":"BreadcrumbList","@id":"https:\/\/odavprint.ee\/en\/product\/philips-3000-series-led-monitor-27inch-1920-x1080-75hz-ips-300-cd-m2-1-ms-hdmi-usb-c-speakers-black\/#breadcrumb","itemListElement":[{"@type":"ListItem","position":1,"name":"Home","item":"https:\/\/odavprint.ee\/en\/"},{"@type":"ListItem","position":2,"name":"Shop","item":"https:\/\/odavprint.ee\/en\/shop\/"},{"@type":"ListItem","position":3,"name":"Philips 3000 Series LED Monitor 27inch 1920 x1080 75Hz IPS 300 cd\/m2 1 ms HDMI USB-C Speakers, Black"}]},{"@type":"WebSite","@id":"https:\/\/odavprint.ee\/en\/#website","url":"https:\/\/odavprint.ee\/en\/","name":"Odav Print","description":"Just another WordPress site","publisher":{"@id":"https:\/\/odavprint.ee\/en\/#organization"},"alternateName":"Kassettide, toonerite t\u00e4itmine ja m\u00fc\u00fck.","potentialAction":[{"@type":"SearchAction","target":{"@type":"EntryPoint","urlTemplate":"https:\/\/odavprint.ee\/en\/?s={search_term_string}"},"query-input":"required name=search_term_string"}],"inLanguage":"en-US"},{"@type":["Organization","Place"],"@id":"https:\/\/odavprint.ee\/en\/#organization","name":"Odav Print O\u00dc","url":"https:\/\/odavprint.ee\/en\/","logo":{"@id":"https:\/\/odavprint.ee\/en\/product\/philips-3000-series-led-monitor-27inch-1920-x1080-75hz-ips-300-cd-m2-1-ms-hdmi-usb-c-speakers-black\/#local-main-organization-logo"},"image":{"@id":"https:\/\/odavprint.ee\/en\/product\/philips-3000-series-led-monitor-27inch-1920-x1080-75hz-ips-300-cd-m2-1-ms-hdmi-usb-c-speakers-black\/#local-main-organization-logo"},"address":{"@id":"https:\/\/odavprint.ee\/en\/product\/philips-3000-series-led-monitor-27inch-1920-x1080-75hz-ips-300-cd-m2-1-ms-hdmi-usb-c-speakers-black\/#local-main-place-address"},"geo":{"@type":"GeoCoordinates","latitude":"59.4306504","longitude":"24.8095743"},"telephone":["53836926"],"openingHoursSpecification":[{"@type":"OpeningHoursSpecification","dayOfWeek":["Monday","Tuesday","Wednesday","Thursday","Friday","Saturday","Sunday"],"opens":"09:00","closes":"17:00"}],"email":"info@odavprint.eu"},{"@type":"PostalAddress","@id":"https:\/\/odavprint.ee\/en\/product\/philips-3000-series-led-monitor-27inch-1920-x1080-75hz-ips-300-cd-m2-1-ms-hdmi-usb-c-speakers-black\/#local-main-place-address","streetAddress":"Pae tn 28","addressLocality":"Tallinn","postalCode":"11415","addressRegion":"Harjumaa","addressCountry":"EE"},{"@type":"ImageObject","inLanguage":"en-US","@id":"https:\/\/odavprint.ee\/en\/product\/philips-3000-series-led-monitor-27inch-1920-x1080-75hz-ips-300-cd-m2-1-ms-hdmi-usb-c-speakers-black\/#local-main-organization-logo","url":"https:\/\/odavprint.ee\/wp-content\/uploads\/2018\/10\/odavprint-logo-240.jpg","contentUrl":"https:\/\/odavprint.ee\/wp-content\/uploads\/2018\/10\/odavprint-logo-240.jpg","width":240,"height":36,"caption":"Odav Print O\u00dc"}]},"product_price_amount":"228.30","product_price_currency":"EUR","og_availability":"out of stock","product_availability":"out of stock","product_retailer_item_id":"27E1N3300A\/00","product_condition":"new","geo.placename":"Tallinn","geo.position":{"lat":"59.4306504","long":"24.8095743"},"geo.region":"Estonia"},"_links":{"self":[{"href":"https:\/\/odavprint.ee\/en\/wp-json\/wp\/v2\/product\/192138"}],"collection":[{"href":"https:\/\/odavprint.ee\/en\/wp-json\/wp\/v2\/product"}],"about":[{"href":"https:\/\/odavprint.ee\/en\/wp-json\/wp\/v2\/types\/product"}],"wp:featuredmedia":[{"embeddable":true,"href":"https:\/\/odavprint.ee\/en\/wp-json\/wp\/v2\/media\/192139"}],"wp:attachment":[{"href":"https:\/\/odavprint.ee\/en\/wp-json\/wp\/v2\/media?parent=192138"}],"wp:term":[{"taxonomy":"product_cat","embeddable":true,"href":"https:\/\/odavprint.ee\/en\/wp-json\/wp\/v2\/product_cat?post=192138"},{"taxonomy":"product_tag","embeddable":true,"href":"https:\/\/odavprint.ee\/en\/wp-json\/wp\/v2\/product_tag?post=192138"}],"curies":[{"name":"wp","href":"https:\/\/api.w.org\/{rel}","templated":true}]}}