{"id":192707,"date":"2023-09-05T15:04:47","date_gmt":"2023-09-05T12:04:47","guid":{"rendered":"https:\/\/odavprint.ee\/product\/leitz-precision-home-paper-trimmer-a4-8-sheets\/"},"modified":"2023-09-05T15:04:47","modified_gmt":"2023-09-05T12:04:47","slug":"leitz-precision-home-paper-trimmer-a4-8-sheets","status":"publish","type":"product","link":"https:\/\/odavprint.ee\/en\/product\/leitz-precision-home-paper-trimmer-a4-8-sheets\/","title":{"rendered":"Leitz Precision Home Paper Trimmer A4 , 8 sheets"},"content":{"rendered":"<p><iframe loading=\"lazy\" width=\"724\" height=\"410\" src=\"https:\/\/www.youtube.com\/embed\/Sh4uOz4QsFw\" title=\"YouTube video player\" frameborder=\"0\" allow=\"accelerometer; autoplay; clipboard-write; encrypted-media; gyroscope; picture-in-picture\" allowfullscreen><\/iframe><\/p>\n<p>\u00a0<\/p>\n<p>The Leitz Precision Home A4 Paper Trimmer is perfect for home, craft or hobby use to create cards, gifts, invitations, photo collages and more. This lightweight and compact paper trimmer will effortlessly trim up to 8 sheets of A4 paper (80gsm) with speed and precision and can be easily stored away when not in use. The clear-cut window and transparent trimming guide rail allow you to view the blade trimming line for complete accuracy every time, while the easy-grip trimmer head ensures comfortable use. It is quick and easy to insert the paper with the flip-up paper clamp and the clear measuring guidelines allow for accurate alignment. With sharp, hardened steel blades, a sturdy work surface and a 2 year guarantee, you have peace of mind with this great quality paper trimmer.<\/p>\n<p>\u00a0<\/p>\n<p><b>Features<\/b><\/p>\n<ul>\n<li>Lightweight and compact A4 paper trimmer ideal for home, crafts and hobby use<\/li>\n<li>The safely enclosed fixed blade easily cuts up to 8 sheets of 80gsm paper<\/li>\n<li>Comfortable easy-grip trimmer head, clear-cut window and transparent timming guide rail ensure effortless and accurate results every time<\/li>\n<li>Clear paper clamp flips up and down making it easy to insert the paper and simple metric grid lines ensure easy paper alignment<\/li>\n<li>Super smooth table surface with angle guides and accurate measuring lines for precise trimming<\/li>\n<li>Lightweight plastic base with non-slip rubber feet for stability and can be easily stored when not in use<\/li>\n<li>Great quality Leitz paper trimmer with a 2-year hassle free guarantee<\/li>\n<\/ul>\n<p>\u00a0<\/p>\n","protected":false},"excerpt":{"rendered":"<p>\u00a0 The Leitz Precision Home A4 Paper Trimmer is perfect for home, craft or hobby use to create cards, gifts, invitations, photo collages and more. This lightweight and compact paper trimmer will effortlessly trim up to 8 sheets of A4 paper (80gsm) with speed and precision and can be easily stored away when not in [&#8230;]\n","protected":false},"featured_media":192708,"template":"","meta":{"inline_featured_image":false},"product_cat":[17237],"product_tag":[],"yoast_head":"<!-- This site is optimized with the Yoast SEO Premium plugin v23.0 (Yoast SEO v23.0) - https:\/\/yoast.com\/wordpress\/plugins\/seo\/ -->\n<title>Leitz Precision Home Paper Trimmer A4 , 8 sheets, hea hinnaga, osta e-pood - Odav Print<\/title>\n<meta name=\"description\" content=\"Osta Leitz Precision Home Paper Trimmer A4 , 8 sheets Odav Print \u260e +372 5911 9495 \u2714\ufe0f Parim hind Leitz Precision Home Paper Trimmer A4 , 8 sheets jaoks \u26df Kiire kohaletoimetamine Eestis \u2b50 Garanteeritud\" \/>\n<meta name=\"robots\" content=\"index, follow, max-snippet:-1, max-image-preview:large, max-video-preview:-1\" \/>\n<link rel=\"canonical\" href=\"https:\/\/odavprint.ee\/en\/product\/leitz-precision-home-paper-trimmer-a4-8-sheets\/\" \/>\n<meta property=\"og:locale\" content=\"en_US\" \/>\n<meta property=\"og:type\" content=\"article\" \/>\n<meta property=\"og:title\" content=\"Leitz Precision Home Paper Trimmer A4 , 8 sheets\" \/>\n<meta property=\"og:description\" content=\"Osta Leitz Precision Home Paper Trimmer A4 , 8 sheets Odav Print \u260e +372 5911 9495 \u2714\ufe0f Parim hind Leitz Precision Home Paper Trimmer A4 , 8 sheets jaoks \u26df Kiire kohaletoimetamine Eestis \u2b50 Garanteeritud\" \/>\n<meta property=\"og:url\" content=\"https:\/\/odavprint.ee\/en\/product\/leitz-precision-home-paper-trimmer-a4-8-sheets\/\" \/>\n<meta property=\"og:site_name\" content=\"Odav Print\" \/>\n<meta property=\"og:image\" content=\"https:\/\/odavprint.ee\/wp-content\/uploads\/2023\/09\/192707_desktop_f4eb245a7310e384eeba7649a06f56f2_440_ll_90250000_6d6e7f073870bcfa34576d72b1e3dc88.png\" \/>\n\t<meta property=\"og:image:width\" content=\"440\" \/>\n\t<meta property=\"og:image:height\" content=\"283\" \/>\n\t<meta property=\"og:image:type\" content=\"image\/png\" \/>\n<meta name=\"twitter:card\" content=\"summary_large_image\" \/>\n<meta name=\"twitter:label1\" content=\"Price\" \/>\n\t<meta name=\"twitter:data1\" content=\"&euro;24.90\" \/>\n\t<meta name=\"twitter:label2\" content=\"Availability\" \/>\n\t<meta name=\"twitter:data2\" content=\"In stock\" \/>\n<script type=\"application\/ld+json\" class=\"yoast-schema-graph\">{\"@context\":\"https:\/\/schema.org\",\"@graph\":[{\"@type\":[\"WebPage\",\"ItemPage\"],\"@id\":\"https:\/\/odavprint.ee\/en\/product\/leitz-precision-home-paper-trimmer-a4-8-sheets\/\",\"url\":\"https:\/\/odavprint.ee\/en\/product\/leitz-precision-home-paper-trimmer-a4-8-sheets\/\",\"name\":\"Leitz Precision Home Paper Trimmer A4 , 8 sheets, hea hinnaga, osta e-pood - Odav Print\",\"isPartOf\":{\"@id\":\"https:\/\/odavprint.ee\/en\/#website\"},\"primaryImageOfPage\":{\"@id\":\"https:\/\/odavprint.ee\/en\/product\/leitz-precision-home-paper-trimmer-a4-8-sheets\/#primaryimage\"},\"image\":{\"@id\":\"https:\/\/odavprint.ee\/en\/product\/leitz-precision-home-paper-trimmer-a4-8-sheets\/#primaryimage\"},\"thumbnailUrl\":\"https:\/\/odavprint.ee\/wp-content\/uploads\/2023\/09\/192707_desktop_f4eb245a7310e384eeba7649a06f56f2_440_ll_90250000_6d6e7f073870bcfa34576d72b1e3dc88.png\",\"datePublished\":\"2023-09-05T12:04:47+00:00\",\"dateModified\":\"2023-09-05T12:04:47+00:00\",\"description\":\"Osta Leitz Precision Home Paper Trimmer A4 , 8 sheets Odav Print \u260e +372 5911 9495 \u2714\ufe0f Parim hind Leitz Precision Home Paper Trimmer A4 , 8 sheets jaoks \u26df Kiire kohaletoimetamine Eestis \u2b50 Garanteeritud\",\"breadcrumb\":{\"@id\":\"https:\/\/odavprint.ee\/en\/product\/leitz-precision-home-paper-trimmer-a4-8-sheets\/#breadcrumb\"},\"inLanguage\":\"en-US\",\"potentialAction\":[{\"@type\":\"ReadAction\",\"target\":[\"https:\/\/odavprint.ee\/en\/product\/leitz-precision-home-paper-trimmer-a4-8-sheets\/\"]}]},{\"@type\":\"ImageObject\",\"inLanguage\":\"en-US\",\"@id\":\"https:\/\/odavprint.ee\/en\/product\/leitz-precision-home-paper-trimmer-a4-8-sheets\/#primaryimage\",\"url\":\"https:\/\/odavprint.ee\/wp-content\/uploads\/2023\/09\/192707_desktop_f4eb245a7310e384eeba7649a06f56f2_440_ll_90250000_6d6e7f073870bcfa34576d72b1e3dc88.png\",\"contentUrl\":\"https:\/\/odavprint.ee\/wp-content\/uploads\/2023\/09\/192707_desktop_f4eb245a7310e384eeba7649a06f56f2_440_ll_90250000_6d6e7f073870bcfa34576d72b1e3dc88.png\",\"width\":440,\"height\":283},{\"@type\":\"BreadcrumbList\",\"@id\":\"https:\/\/odavprint.ee\/en\/product\/leitz-precision-home-paper-trimmer-a4-8-sheets\/#breadcrumb\",\"itemListElement\":[{\"@type\":\"ListItem\",\"position\":1,\"name\":\"Home\",\"item\":\"https:\/\/odavprint.ee\/en\/\"},{\"@type\":\"ListItem\",\"position\":2,\"name\":\"Shop\",\"item\":\"https:\/\/odavprint.ee\/en\/shop\/\"},{\"@type\":\"ListItem\",\"position\":3,\"name\":\"Leitz Precision Home Paper Trimmer A4 , 8 sheets\"}]},{\"@type\":\"WebSite\",\"@id\":\"https:\/\/odavprint.ee\/en\/#website\",\"url\":\"https:\/\/odavprint.ee\/en\/\",\"name\":\"Odav Print\",\"description\":\"Just another WordPress site\",\"publisher\":{\"@id\":\"https:\/\/odavprint.ee\/en\/#organization\"},\"alternateName\":\"Kassettide, toonerite t\u00e4itmine ja m\u00fc\u00fck.\",\"potentialAction\":[{\"@type\":\"SearchAction\",\"target\":{\"@type\":\"EntryPoint\",\"urlTemplate\":\"https:\/\/odavprint.ee\/en\/?s={search_term_string}\"},\"query-input\":\"required name=search_term_string\"}],\"inLanguage\":\"en-US\"},{\"@type\":[\"Organization\",\"Place\"],\"@id\":\"https:\/\/odavprint.ee\/en\/#organization\",\"name\":\"Odav Print O\u00dc\",\"url\":\"https:\/\/odavprint.ee\/en\/\",\"logo\":{\"@id\":\"https:\/\/odavprint.ee\/en\/product\/leitz-precision-home-paper-trimmer-a4-8-sheets\/#local-main-organization-logo\"},\"image\":{\"@id\":\"https:\/\/odavprint.ee\/en\/product\/leitz-precision-home-paper-trimmer-a4-8-sheets\/#local-main-organization-logo\"},\"address\":{\"@id\":\"https:\/\/odavprint.ee\/en\/product\/leitz-precision-home-paper-trimmer-a4-8-sheets\/#local-main-place-address\"},\"geo\":{\"@type\":\"GeoCoordinates\",\"latitude\":\"59.4306504\",\"longitude\":\"24.8095743\"},\"telephone\":[\"53836926\"],\"openingHoursSpecification\":[{\"@type\":\"OpeningHoursSpecification\",\"dayOfWeek\":[\"Monday\",\"Tuesday\",\"Wednesday\",\"Thursday\",\"Friday\",\"Saturday\",\"Sunday\"],\"opens\":\"09:00\",\"closes\":\"17:00\"}],\"email\":\"info@odavprint.eu\"},{\"@type\":\"PostalAddress\",\"@id\":\"https:\/\/odavprint.ee\/en\/product\/leitz-precision-home-paper-trimmer-a4-8-sheets\/#local-main-place-address\",\"streetAddress\":\"Pae tn 28\",\"addressLocality\":\"Tallinn\",\"postalCode\":\"11415\",\"addressRegion\":\"Harjumaa\",\"addressCountry\":\"EE\"},{\"@type\":\"ImageObject\",\"inLanguage\":\"en-US\",\"@id\":\"https:\/\/odavprint.ee\/en\/product\/leitz-precision-home-paper-trimmer-a4-8-sheets\/#local-main-organization-logo\",\"url\":\"https:\/\/odavprint.ee\/wp-content\/uploads\/2018\/10\/odavprint-logo-240.jpg\",\"contentUrl\":\"https:\/\/odavprint.ee\/wp-content\/uploads\/2018\/10\/odavprint-logo-240.jpg\",\"width\":240,\"height\":36,\"caption\":\"Odav Print O\u00dc\"}]}<\/script>\n<meta property=\"product:price:amount\" content=\"24.90\" \/>\n<meta property=\"product:price:currency\" content=\"EUR\" \/>\n<meta property=\"og:availability\" content=\"instock\" \/>\n<meta property=\"product:availability\" content=\"instock\" \/>\n<meta property=\"product:retailer_item_id\" content=\"9025-00-00\" \/>\n<meta property=\"product:condition\" content=\"new\" \/>\n<meta name=\"geo.placename\" content=\"Tallinn\" \/>\n<meta name=\"geo.position\" content=\"59.4306504;24.8095743\" \/>\n<meta name=\"geo.region\" content=\"Estonia\" \/>\n<!-- \/ Yoast SEO Premium plugin. -->","yoast_head_json":{"title":"Leitz Precision Home Paper Trimmer A4 , 8 sheets, hea hinnaga, osta e-pood - Odav Print","description":"Osta Leitz Precision Home Paper Trimmer A4 , 8 sheets Odav Print \u260e +372 5911 9495 \u2714\ufe0f Parim hind Leitz Precision Home Paper Trimmer A4 , 8 sheets jaoks \u26df Kiire kohaletoimetamine Eestis \u2b50 Garanteeritud","robots":{"index":"index","follow":"follow","max-snippet":"max-snippet:-1","max-image-preview":"max-image-preview:large","max-video-preview":"max-video-preview:-1"},"canonical":"https:\/\/odavprint.ee\/en\/product\/leitz-precision-home-paper-trimmer-a4-8-sheets\/","og_locale":"en_US","og_type":"article","og_title":"Leitz Precision Home Paper Trimmer A4 , 8 sheets","og_description":"Osta Leitz Precision Home Paper Trimmer A4 , 8 sheets Odav Print \u260e +372 5911 9495 \u2714\ufe0f Parim hind Leitz Precision Home Paper Trimmer A4 , 8 sheets jaoks \u26df Kiire kohaletoimetamine Eestis \u2b50 Garanteeritud","og_url":"https:\/\/odavprint.ee\/en\/product\/leitz-precision-home-paper-trimmer-a4-8-sheets\/","og_site_name":"Odav Print","og_image":[{"width":440,"height":283,"url":"https:\/\/odavprint.ee\/wp-content\/uploads\/2023\/09\/192707_desktop_f4eb245a7310e384eeba7649a06f56f2_440_ll_90250000_6d6e7f073870bcfa34576d72b1e3dc88.png","type":"image\/png"}],"twitter_card":"summary_large_image","twitter_misc":{"Price":"&euro;24.90","Availability":"In stock"},"schema":{"@context":"https:\/\/schema.org","@graph":[{"@type":["WebPage","ItemPage"],"@id":"https:\/\/odavprint.ee\/en\/product\/leitz-precision-home-paper-trimmer-a4-8-sheets\/","url":"https:\/\/odavprint.ee\/en\/product\/leitz-precision-home-paper-trimmer-a4-8-sheets\/","name":"Leitz Precision Home Paper Trimmer A4 , 8 sheets, hea hinnaga, osta e-pood - Odav Print","isPartOf":{"@id":"https:\/\/odavprint.ee\/en\/#website"},"primaryImageOfPage":{"@id":"https:\/\/odavprint.ee\/en\/product\/leitz-precision-home-paper-trimmer-a4-8-sheets\/#primaryimage"},"image":{"@id":"https:\/\/odavprint.ee\/en\/product\/leitz-precision-home-paper-trimmer-a4-8-sheets\/#primaryimage"},"thumbnailUrl":"https:\/\/odavprint.ee\/wp-content\/uploads\/2023\/09\/192707_desktop_f4eb245a7310e384eeba7649a06f56f2_440_ll_90250000_6d6e7f073870bcfa34576d72b1e3dc88.png","datePublished":"2023-09-05T12:04:47+00:00","dateModified":"2023-09-05T12:04:47+00:00","description":"Osta Leitz Precision Home Paper Trimmer A4 , 8 sheets Odav Print \u260e +372 5911 9495 \u2714\ufe0f Parim hind Leitz Precision Home Paper Trimmer A4 , 8 sheets jaoks \u26df Kiire kohaletoimetamine Eestis \u2b50 Garanteeritud","breadcrumb":{"@id":"https:\/\/odavprint.ee\/en\/product\/leitz-precision-home-paper-trimmer-a4-8-sheets\/#breadcrumb"},"inLanguage":"en-US","potentialAction":[{"@type":"ReadAction","target":["https:\/\/odavprint.ee\/en\/product\/leitz-precision-home-paper-trimmer-a4-8-sheets\/"]}]},{"@type":"ImageObject","inLanguage":"en-US","@id":"https:\/\/odavprint.ee\/en\/product\/leitz-precision-home-paper-trimmer-a4-8-sheets\/#primaryimage","url":"https:\/\/odavprint.ee\/wp-content\/uploads\/2023\/09\/192707_desktop_f4eb245a7310e384eeba7649a06f56f2_440_ll_90250000_6d6e7f073870bcfa34576d72b1e3dc88.png","contentUrl":"https:\/\/odavprint.ee\/wp-content\/uploads\/2023\/09\/192707_desktop_f4eb245a7310e384eeba7649a06f56f2_440_ll_90250000_6d6e7f073870bcfa34576d72b1e3dc88.png","width":440,"height":283},{"@type":"BreadcrumbList","@id":"https:\/\/odavprint.ee\/en\/product\/leitz-precision-home-paper-trimmer-a4-8-sheets\/#breadcrumb","itemListElement":[{"@type":"ListItem","position":1,"name":"Home","item":"https:\/\/odavprint.ee\/en\/"},{"@type":"ListItem","position":2,"name":"Shop","item":"https:\/\/odavprint.ee\/en\/shop\/"},{"@type":"ListItem","position":3,"name":"Leitz Precision Home Paper Trimmer A4 , 8 sheets"}]},{"@type":"WebSite","@id":"https:\/\/odavprint.ee\/en\/#website","url":"https:\/\/odavprint.ee\/en\/","name":"Odav Print","description":"Just another WordPress site","publisher":{"@id":"https:\/\/odavprint.ee\/en\/#organization"},"alternateName":"Kassettide, toonerite t\u00e4itmine ja m\u00fc\u00fck.","potentialAction":[{"@type":"SearchAction","target":{"@type":"EntryPoint","urlTemplate":"https:\/\/odavprint.ee\/en\/?s={search_term_string}"},"query-input":"required name=search_term_string"}],"inLanguage":"en-US"},{"@type":["Organization","Place"],"@id":"https:\/\/odavprint.ee\/en\/#organization","name":"Odav Print O\u00dc","url":"https:\/\/odavprint.ee\/en\/","logo":{"@id":"https:\/\/odavprint.ee\/en\/product\/leitz-precision-home-paper-trimmer-a4-8-sheets\/#local-main-organization-logo"},"image":{"@id":"https:\/\/odavprint.ee\/en\/product\/leitz-precision-home-paper-trimmer-a4-8-sheets\/#local-main-organization-logo"},"address":{"@id":"https:\/\/odavprint.ee\/en\/product\/leitz-precision-home-paper-trimmer-a4-8-sheets\/#local-main-place-address"},"geo":{"@type":"GeoCoordinates","latitude":"59.4306504","longitude":"24.8095743"},"telephone":["53836926"],"openingHoursSpecification":[{"@type":"OpeningHoursSpecification","dayOfWeek":["Monday","Tuesday","Wednesday","Thursday","Friday","Saturday","Sunday"],"opens":"09:00","closes":"17:00"}],"email":"info@odavprint.eu"},{"@type":"PostalAddress","@id":"https:\/\/odavprint.ee\/en\/product\/leitz-precision-home-paper-trimmer-a4-8-sheets\/#local-main-place-address","streetAddress":"Pae tn 28","addressLocality":"Tallinn","postalCode":"11415","addressRegion":"Harjumaa","addressCountry":"EE"},{"@type":"ImageObject","inLanguage":"en-US","@id":"https:\/\/odavprint.ee\/en\/product\/leitz-precision-home-paper-trimmer-a4-8-sheets\/#local-main-organization-logo","url":"https:\/\/odavprint.ee\/wp-content\/uploads\/2018\/10\/odavprint-logo-240.jpg","contentUrl":"https:\/\/odavprint.ee\/wp-content\/uploads\/2018\/10\/odavprint-logo-240.jpg","width":240,"height":36,"caption":"Odav Print O\u00dc"}]},"product_price_amount":"24.90","product_price_currency":"EUR","og_availability":"instock","product_availability":"instock","product_retailer_item_id":"9025-00-00","product_condition":"new","geo.placename":"Tallinn","geo.position":{"lat":"59.4306504","long":"24.8095743"},"geo.region":"Estonia"},"_links":{"self":[{"href":"https:\/\/odavprint.ee\/en\/wp-json\/wp\/v2\/product\/192707"}],"collection":[{"href":"https:\/\/odavprint.ee\/en\/wp-json\/wp\/v2\/product"}],"about":[{"href":"https:\/\/odavprint.ee\/en\/wp-json\/wp\/v2\/types\/product"}],"wp:featuredmedia":[{"embeddable":true,"href":"https:\/\/odavprint.ee\/en\/wp-json\/wp\/v2\/media\/192708"}],"wp:attachment":[{"href":"https:\/\/odavprint.ee\/en\/wp-json\/wp\/v2\/media?parent=192707"}],"wp:term":[{"taxonomy":"product_cat","embeddable":true,"href":"https:\/\/odavprint.ee\/en\/wp-json\/wp\/v2\/product_cat?post=192707"},{"taxonomy":"product_tag","embeddable":true,"href":"https:\/\/odavprint.ee\/en\/wp-json\/wp\/v2\/product_tag?post=192707"}],"curies":[{"name":"wp","href":"https:\/\/api.w.org\/{rel}","templated":true}]}}