{"id":193861,"date":"2023-09-06T15:29:10","date_gmt":"2023-09-06T12:29:10","guid":{"rendered":"https:\/\/odavprint.ee\/product\/bic-correction-tape-mini-pocket-mouse-5mm-x-6m-1-pcs-512085\/"},"modified":"2023-09-06T15:29:10","modified_gmt":"2023-09-06T12:29:10","slug":"bic-correction-tape-mini-pocket-mouse-5mm-x-6m-1-pcs-512085","status":"publish","type":"product","link":"https:\/\/odavprint.ee\/en\/product\/bic-correction-tape-mini-pocket-mouse-5mm-x-6m-1-pcs-512085\/","title":{"rendered":"BIC correction tape MINI POCKET MOUSE 5mm x 6m, 1 pcs. 512085"},"content":{"rendered":"<p>High quality compact mini correction tape. Transparent body to monitor tape supply. Very comfortable compact size. Tear resisting film. No drying time, instant rewriting. High quality coverage with instant rewriting. Accurate application for both: left and right-handers. Correction tape size: 5 mm wide 6 m long.<\/p>\n","protected":false},"excerpt":{"rendered":"<p>High quality compact mini correction tape. Transparent body to monitor tape supply. Very comfortable compact size. Tear resisting film. No drying time, instant rewriting. High quality coverage with instant rewriting. Accurate application for both: left and right-handers. Correction tape size: 5 mm wide 6 m long.<\/p>\n","protected":false},"featured_media":193862,"template":"","meta":{"inline_featured_image":false},"product_cat":[14825],"product_tag":[],"yoast_head":"<!-- This site is optimized with the Yoast SEO Premium plugin v23.0 (Yoast SEO v23.0) - https:\/\/yoast.com\/wordpress\/plugins\/seo\/ -->\n<title>BIC correction tape MINI POCKET MOUSE 5mm x 6m, 1 pcs. 512085, hea hinnaga, osta e-pood - Odav Print<\/title>\n<meta name=\"description\" content=\"Osta BIC correction tape MINI POCKET MOUSE 5mm x 6m, 1 pcs. 512085 Odav Print \u260e +372 5911 9495 \u2714\ufe0f Parim hind BIC correction tape MINI POCKET MOUSE 5mm x 6m, 1 pcs. 512085 jaoks \u26df Kiire kohaletoimetamine Eestis \u2b50 Garanteeritud\" \/>\n<meta name=\"robots\" content=\"index, follow, max-snippet:-1, max-image-preview:large, max-video-preview:-1\" \/>\n<link rel=\"canonical\" href=\"https:\/\/odavprint.ee\/en\/product\/bic-correction-tape-mini-pocket-mouse-5mm-x-6m-1-pcs-512085\/\" \/>\n<meta property=\"og:locale\" content=\"en_US\" \/>\n<meta property=\"og:type\" content=\"article\" \/>\n<meta property=\"og:title\" content=\"BIC correction tape MINI POCKET MOUSE 5mm x 6m, 1 pcs. 512085\" \/>\n<meta property=\"og:description\" content=\"Osta BIC correction tape MINI POCKET MOUSE 5mm x 6m, 1 pcs. 512085 Odav Print \u260e +372 5911 9495 \u2714\ufe0f Parim hind BIC correction tape MINI POCKET MOUSE 5mm x 6m, 1 pcs. 512085 jaoks \u26df Kiire kohaletoimetamine Eestis \u2b50 Garanteeritud\" \/>\n<meta property=\"og:url\" content=\"https:\/\/odavprint.ee\/en\/product\/bic-correction-tape-mini-pocket-mouse-5mm-x-6m-1-pcs-512085\/\" \/>\n<meta property=\"og:site_name\" content=\"Odav Print\" \/>\n<meta property=\"og:image\" content=\"https:\/\/odavprint.ee\/wp-content\/uploads\/2023\/09\/193861_bic_tippexminipocketmousev2.jpg\" \/>\n\t<meta property=\"og:image:width\" content=\"720\" \/>\n\t<meta property=\"og:image:height\" content=\"500\" \/>\n\t<meta property=\"og:image:type\" content=\"image\/jpeg\" \/>\n<meta name=\"twitter:card\" content=\"summary_large_image\" \/>\n<meta name=\"twitter:label1\" content=\"Price\" \/>\n\t<meta name=\"twitter:data1\" content=\"&euro;4.00\" \/>\n\t<meta name=\"twitter:label2\" content=\"Availability\" \/>\n\t<meta name=\"twitter:data2\" content=\"In stock\" \/>\n<script type=\"application\/ld+json\" class=\"yoast-schema-graph\">{\"@context\":\"https:\/\/schema.org\",\"@graph\":[{\"@type\":[\"WebPage\",\"ItemPage\"],\"@id\":\"https:\/\/odavprint.ee\/en\/product\/bic-correction-tape-mini-pocket-mouse-5mm-x-6m-1-pcs-512085\/\",\"url\":\"https:\/\/odavprint.ee\/en\/product\/bic-correction-tape-mini-pocket-mouse-5mm-x-6m-1-pcs-512085\/\",\"name\":\"BIC correction tape MINI POCKET MOUSE 5mm x 6m, 1 pcs. 512085, hea hinnaga, osta e-pood - Odav Print\",\"isPartOf\":{\"@id\":\"https:\/\/odavprint.ee\/en\/#website\"},\"primaryImageOfPage\":{\"@id\":\"https:\/\/odavprint.ee\/en\/product\/bic-correction-tape-mini-pocket-mouse-5mm-x-6m-1-pcs-512085\/#primaryimage\"},\"image\":{\"@id\":\"https:\/\/odavprint.ee\/en\/product\/bic-correction-tape-mini-pocket-mouse-5mm-x-6m-1-pcs-512085\/#primaryimage\"},\"thumbnailUrl\":\"https:\/\/odavprint.ee\/wp-content\/uploads\/2023\/09\/193861_bic_tippexminipocketmousev2.jpg\",\"datePublished\":\"2023-09-06T12:29:10+00:00\",\"dateModified\":\"2023-09-06T12:29:10+00:00\",\"description\":\"Osta BIC correction tape MINI POCKET MOUSE 5mm x 6m, 1 pcs. 512085 Odav Print \u260e +372 5911 9495 \u2714\ufe0f Parim hind BIC correction tape MINI POCKET MOUSE 5mm x 6m, 1 pcs. 512085 jaoks \u26df Kiire kohaletoimetamine Eestis \u2b50 Garanteeritud\",\"breadcrumb\":{\"@id\":\"https:\/\/odavprint.ee\/en\/product\/bic-correction-tape-mini-pocket-mouse-5mm-x-6m-1-pcs-512085\/#breadcrumb\"},\"inLanguage\":\"en-US\",\"potentialAction\":[{\"@type\":\"ReadAction\",\"target\":[\"https:\/\/odavprint.ee\/en\/product\/bic-correction-tape-mini-pocket-mouse-5mm-x-6m-1-pcs-512085\/\"]}]},{\"@type\":\"ImageObject\",\"inLanguage\":\"en-US\",\"@id\":\"https:\/\/odavprint.ee\/en\/product\/bic-correction-tape-mini-pocket-mouse-5mm-x-6m-1-pcs-512085\/#primaryimage\",\"url\":\"https:\/\/odavprint.ee\/wp-content\/uploads\/2023\/09\/193861_bic_tippexminipocketmousev2.jpg\",\"contentUrl\":\"https:\/\/odavprint.ee\/wp-content\/uploads\/2023\/09\/193861_bic_tippexminipocketmousev2.jpg\",\"width\":720,\"height\":500},{\"@type\":\"BreadcrumbList\",\"@id\":\"https:\/\/odavprint.ee\/en\/product\/bic-correction-tape-mini-pocket-mouse-5mm-x-6m-1-pcs-512085\/#breadcrumb\",\"itemListElement\":[{\"@type\":\"ListItem\",\"position\":1,\"name\":\"Home\",\"item\":\"https:\/\/odavprint.ee\/en\/\"},{\"@type\":\"ListItem\",\"position\":2,\"name\":\"Shop\",\"item\":\"https:\/\/odavprint.ee\/en\/shop\/\"},{\"@type\":\"ListItem\",\"position\":3,\"name\":\"BIC correction tape MINI POCKET MOUSE 5mm x 6m, 1 pcs. 512085\"}]},{\"@type\":\"WebSite\",\"@id\":\"https:\/\/odavprint.ee\/en\/#website\",\"url\":\"https:\/\/odavprint.ee\/en\/\",\"name\":\"Odav Print\",\"description\":\"Just another WordPress site\",\"publisher\":{\"@id\":\"https:\/\/odavprint.ee\/en\/#organization\"},\"alternateName\":\"Kassettide, toonerite t\u00e4itmine ja m\u00fc\u00fck.\",\"potentialAction\":[{\"@type\":\"SearchAction\",\"target\":{\"@type\":\"EntryPoint\",\"urlTemplate\":\"https:\/\/odavprint.ee\/en\/?s={search_term_string}\"},\"query-input\":\"required name=search_term_string\"}],\"inLanguage\":\"en-US\"},{\"@type\":[\"Organization\",\"Place\"],\"@id\":\"https:\/\/odavprint.ee\/en\/#organization\",\"name\":\"Odav Print O\u00dc\",\"url\":\"https:\/\/odavprint.ee\/en\/\",\"logo\":{\"@id\":\"https:\/\/odavprint.ee\/en\/product\/bic-correction-tape-mini-pocket-mouse-5mm-x-6m-1-pcs-512085\/#local-main-organization-logo\"},\"image\":{\"@id\":\"https:\/\/odavprint.ee\/en\/product\/bic-correction-tape-mini-pocket-mouse-5mm-x-6m-1-pcs-512085\/#local-main-organization-logo\"},\"address\":{\"@id\":\"https:\/\/odavprint.ee\/en\/product\/bic-correction-tape-mini-pocket-mouse-5mm-x-6m-1-pcs-512085\/#local-main-place-address\"},\"geo\":{\"@type\":\"GeoCoordinates\",\"latitude\":\"59.4306504\",\"longitude\":\"24.8095743\"},\"telephone\":[\"53836926\"],\"openingHoursSpecification\":[{\"@type\":\"OpeningHoursSpecification\",\"dayOfWeek\":[\"Monday\",\"Tuesday\",\"Wednesday\",\"Thursday\",\"Friday\",\"Saturday\",\"Sunday\"],\"opens\":\"09:00\",\"closes\":\"17:00\"}],\"email\":\"info@odavprint.eu\"},{\"@type\":\"PostalAddress\",\"@id\":\"https:\/\/odavprint.ee\/en\/product\/bic-correction-tape-mini-pocket-mouse-5mm-x-6m-1-pcs-512085\/#local-main-place-address\",\"streetAddress\":\"Pae tn 28\",\"addressLocality\":\"Tallinn\",\"postalCode\":\"11415\",\"addressRegion\":\"Harjumaa\",\"addressCountry\":\"EE\"},{\"@type\":\"ImageObject\",\"inLanguage\":\"en-US\",\"@id\":\"https:\/\/odavprint.ee\/en\/product\/bic-correction-tape-mini-pocket-mouse-5mm-x-6m-1-pcs-512085\/#local-main-organization-logo\",\"url\":\"https:\/\/odavprint.ee\/wp-content\/uploads\/2018\/10\/odavprint-logo-240.jpg\",\"contentUrl\":\"https:\/\/odavprint.ee\/wp-content\/uploads\/2018\/10\/odavprint-logo-240.jpg\",\"width\":240,\"height\":36,\"caption\":\"Odav Print O\u00dc\"}]}<\/script>\n<meta property=\"product:price:amount\" content=\"4.00\" \/>\n<meta property=\"product:price:currency\" content=\"EUR\" \/>\n<meta property=\"og:availability\" content=\"instock\" \/>\n<meta property=\"product:availability\" content=\"instock\" \/>\n<meta property=\"product:retailer_item_id\" content=\"932564-1\" \/>\n<meta property=\"product:condition\" content=\"new\" \/>\n<meta name=\"geo.placename\" content=\"Tallinn\" \/>\n<meta name=\"geo.position\" content=\"59.4306504;24.8095743\" \/>\n<meta name=\"geo.region\" content=\"Estonia\" \/>\n<!-- \/ Yoast SEO Premium plugin. -->","yoast_head_json":{"title":"BIC correction tape MINI POCKET MOUSE 5mm x 6m, 1 pcs. 512085, hea hinnaga, osta e-pood - Odav Print","description":"Osta BIC correction tape MINI POCKET MOUSE 5mm x 6m, 1 pcs. 512085 Odav Print \u260e +372 5911 9495 \u2714\ufe0f Parim hind BIC correction tape MINI POCKET MOUSE 5mm x 6m, 1 pcs. 512085 jaoks \u26df Kiire kohaletoimetamine Eestis \u2b50 Garanteeritud","robots":{"index":"index","follow":"follow","max-snippet":"max-snippet:-1","max-image-preview":"max-image-preview:large","max-video-preview":"max-video-preview:-1"},"canonical":"https:\/\/odavprint.ee\/en\/product\/bic-correction-tape-mini-pocket-mouse-5mm-x-6m-1-pcs-512085\/","og_locale":"en_US","og_type":"article","og_title":"BIC correction tape MINI POCKET MOUSE 5mm x 6m, 1 pcs. 512085","og_description":"Osta BIC correction tape MINI POCKET MOUSE 5mm x 6m, 1 pcs. 512085 Odav Print \u260e +372 5911 9495 \u2714\ufe0f Parim hind BIC correction tape MINI POCKET MOUSE 5mm x 6m, 1 pcs. 512085 jaoks \u26df Kiire kohaletoimetamine Eestis \u2b50 Garanteeritud","og_url":"https:\/\/odavprint.ee\/en\/product\/bic-correction-tape-mini-pocket-mouse-5mm-x-6m-1-pcs-512085\/","og_site_name":"Odav Print","og_image":[{"width":720,"height":500,"url":"https:\/\/odavprint.ee\/wp-content\/uploads\/2023\/09\/193861_bic_tippexminipocketmousev2.jpg","type":"image\/jpeg"}],"twitter_card":"summary_large_image","twitter_misc":{"Price":"&euro;4.00","Availability":"In stock"},"schema":{"@context":"https:\/\/schema.org","@graph":[{"@type":["WebPage","ItemPage"],"@id":"https:\/\/odavprint.ee\/en\/product\/bic-correction-tape-mini-pocket-mouse-5mm-x-6m-1-pcs-512085\/","url":"https:\/\/odavprint.ee\/en\/product\/bic-correction-tape-mini-pocket-mouse-5mm-x-6m-1-pcs-512085\/","name":"BIC correction tape MINI POCKET MOUSE 5mm x 6m, 1 pcs. 512085, hea hinnaga, osta e-pood - Odav Print","isPartOf":{"@id":"https:\/\/odavprint.ee\/en\/#website"},"primaryImageOfPage":{"@id":"https:\/\/odavprint.ee\/en\/product\/bic-correction-tape-mini-pocket-mouse-5mm-x-6m-1-pcs-512085\/#primaryimage"},"image":{"@id":"https:\/\/odavprint.ee\/en\/product\/bic-correction-tape-mini-pocket-mouse-5mm-x-6m-1-pcs-512085\/#primaryimage"},"thumbnailUrl":"https:\/\/odavprint.ee\/wp-content\/uploads\/2023\/09\/193861_bic_tippexminipocketmousev2.jpg","datePublished":"2023-09-06T12:29:10+00:00","dateModified":"2023-09-06T12:29:10+00:00","description":"Osta BIC correction tape MINI POCKET MOUSE 5mm x 6m, 1 pcs. 512085 Odav Print \u260e +372 5911 9495 \u2714\ufe0f Parim hind BIC correction tape MINI POCKET MOUSE 5mm x 6m, 1 pcs. 512085 jaoks \u26df Kiire kohaletoimetamine Eestis \u2b50 Garanteeritud","breadcrumb":{"@id":"https:\/\/odavprint.ee\/en\/product\/bic-correction-tape-mini-pocket-mouse-5mm-x-6m-1-pcs-512085\/#breadcrumb"},"inLanguage":"en-US","potentialAction":[{"@type":"ReadAction","target":["https:\/\/odavprint.ee\/en\/product\/bic-correction-tape-mini-pocket-mouse-5mm-x-6m-1-pcs-512085\/"]}]},{"@type":"ImageObject","inLanguage":"en-US","@id":"https:\/\/odavprint.ee\/en\/product\/bic-correction-tape-mini-pocket-mouse-5mm-x-6m-1-pcs-512085\/#primaryimage","url":"https:\/\/odavprint.ee\/wp-content\/uploads\/2023\/09\/193861_bic_tippexminipocketmousev2.jpg","contentUrl":"https:\/\/odavprint.ee\/wp-content\/uploads\/2023\/09\/193861_bic_tippexminipocketmousev2.jpg","width":720,"height":500},{"@type":"BreadcrumbList","@id":"https:\/\/odavprint.ee\/en\/product\/bic-correction-tape-mini-pocket-mouse-5mm-x-6m-1-pcs-512085\/#breadcrumb","itemListElement":[{"@type":"ListItem","position":1,"name":"Home","item":"https:\/\/odavprint.ee\/en\/"},{"@type":"ListItem","position":2,"name":"Shop","item":"https:\/\/odavprint.ee\/en\/shop\/"},{"@type":"ListItem","position":3,"name":"BIC correction tape MINI POCKET MOUSE 5mm x 6m, 1 pcs. 512085"}]},{"@type":"WebSite","@id":"https:\/\/odavprint.ee\/en\/#website","url":"https:\/\/odavprint.ee\/en\/","name":"Odav Print","description":"Just another WordPress site","publisher":{"@id":"https:\/\/odavprint.ee\/en\/#organization"},"alternateName":"Kassettide, toonerite t\u00e4itmine ja m\u00fc\u00fck.","potentialAction":[{"@type":"SearchAction","target":{"@type":"EntryPoint","urlTemplate":"https:\/\/odavprint.ee\/en\/?s={search_term_string}"},"query-input":"required name=search_term_string"}],"inLanguage":"en-US"},{"@type":["Organization","Place"],"@id":"https:\/\/odavprint.ee\/en\/#organization","name":"Odav Print O\u00dc","url":"https:\/\/odavprint.ee\/en\/","logo":{"@id":"https:\/\/odavprint.ee\/en\/product\/bic-correction-tape-mini-pocket-mouse-5mm-x-6m-1-pcs-512085\/#local-main-organization-logo"},"image":{"@id":"https:\/\/odavprint.ee\/en\/product\/bic-correction-tape-mini-pocket-mouse-5mm-x-6m-1-pcs-512085\/#local-main-organization-logo"},"address":{"@id":"https:\/\/odavprint.ee\/en\/product\/bic-correction-tape-mini-pocket-mouse-5mm-x-6m-1-pcs-512085\/#local-main-place-address"},"geo":{"@type":"GeoCoordinates","latitude":"59.4306504","longitude":"24.8095743"},"telephone":["53836926"],"openingHoursSpecification":[{"@type":"OpeningHoursSpecification","dayOfWeek":["Monday","Tuesday","Wednesday","Thursday","Friday","Saturday","Sunday"],"opens":"09:00","closes":"17:00"}],"email":"info@odavprint.eu"},{"@type":"PostalAddress","@id":"https:\/\/odavprint.ee\/en\/product\/bic-correction-tape-mini-pocket-mouse-5mm-x-6m-1-pcs-512085\/#local-main-place-address","streetAddress":"Pae tn 28","addressLocality":"Tallinn","postalCode":"11415","addressRegion":"Harjumaa","addressCountry":"EE"},{"@type":"ImageObject","inLanguage":"en-US","@id":"https:\/\/odavprint.ee\/en\/product\/bic-correction-tape-mini-pocket-mouse-5mm-x-6m-1-pcs-512085\/#local-main-organization-logo","url":"https:\/\/odavprint.ee\/wp-content\/uploads\/2018\/10\/odavprint-logo-240.jpg","contentUrl":"https:\/\/odavprint.ee\/wp-content\/uploads\/2018\/10\/odavprint-logo-240.jpg","width":240,"height":36,"caption":"Odav Print O\u00dc"}]},"product_price_amount":"4.00","product_price_currency":"EUR","og_availability":"instock","product_availability":"instock","product_retailer_item_id":"932564-1","product_condition":"new","geo.placename":"Tallinn","geo.position":{"lat":"59.4306504","long":"24.8095743"},"geo.region":"Estonia"},"_links":{"self":[{"href":"https:\/\/odavprint.ee\/en\/wp-json\/wp\/v2\/product\/193861"}],"collection":[{"href":"https:\/\/odavprint.ee\/en\/wp-json\/wp\/v2\/product"}],"about":[{"href":"https:\/\/odavprint.ee\/en\/wp-json\/wp\/v2\/types\/product"}],"wp:featuredmedia":[{"embeddable":true,"href":"https:\/\/odavprint.ee\/en\/wp-json\/wp\/v2\/media\/193862"}],"wp:attachment":[{"href":"https:\/\/odavprint.ee\/en\/wp-json\/wp\/v2\/media?parent=193861"}],"wp:term":[{"taxonomy":"product_cat","embeddable":true,"href":"https:\/\/odavprint.ee\/en\/wp-json\/wp\/v2\/product_cat?post=193861"},{"taxonomy":"product_tag","embeddable":true,"href":"https:\/\/odavprint.ee\/en\/wp-json\/wp\/v2\/product_tag?post=193861"}],"curies":[{"name":"wp","href":"https:\/\/api.w.org\/{rel}","templated":true}]}}