{"id":194092,"date":"2023-09-06T15:37:23","date_gmt":"2023-09-06T12:37:23","guid":{"rendered":"https:\/\/odavprint.ee\/product\/bic-ballpoint-pens-roundstic-exact-0-8-mm-black-340862-1-pcs\/"},"modified":"2023-09-06T15:37:23","modified_gmt":"2023-09-06T12:37:23","slug":"bic-ballpoint-pens-roundstic-exact-0-8-mm-black-340862-1-pcs","status":"publish","type":"product","link":"https:\/\/odavprint.ee\/en\/product\/bic-ballpoint-pens-roundstic-exact-0-8-mm-black-340862-1-pcs\/","title":{"rendered":"BIC Ballpoint pens ROUNDSTIC EXACT 0.8 mm black, 340862 1 pcs."},"content":{"rendered":"<p>Needle point technology for precise and smooth writing. A pen with a grooved finger grip is an updated version of BIC popular Round Stic. Lightweight and comfortable, designed for long &#8211; lasting dependability. Rubber grip for handle comfort. New technology needle point tip that provides writing precision and smoothness. Slim barrel with cap and clip. Cap and grip color matches in color. PVC free product. Fine tip 0,7 mm, writing size 0,30 m, writing length \u2013 up to 2 km.<\/p>\n","protected":false},"excerpt":{"rendered":"<p>Needle point technology for precise and smooth writing. A pen with a grooved finger grip is an updated version of BIC popular Round Stic. Lightweight and comfortable, designed for long &#8211; lasting dependability. Rubber grip for handle comfort. New technology needle point tip that provides writing precision and smoothness. Slim barrel with cap and clip. [&#8230;]\n","protected":false},"featured_media":194093,"template":"","meta":{"inline_featured_image":false},"product_cat":[14825],"product_tag":[],"yoast_head":"<!-- This site is optimized with the Yoast SEO Premium plugin v23.0 (Yoast SEO v23.0) - https:\/\/yoast.com\/wordpress\/plugins\/seo\/ -->\n<title>BIC Ballpoint pens ROUNDSTIC EXACT 0.8 mm black, 340862 1 pcs., hea hinnaga, osta e-pood - Odav Print<\/title>\n<meta name=\"description\" content=\"Osta BIC Ballpoint pens ROUNDSTIC EXACT 0.8 mm black, 340862 1 pcs. Odav Print \u260e +372 5911 9495 \u2714\ufe0f Parim hind BIC Ballpoint pens ROUNDSTIC EXACT 0.8 mm black, 340862 1 pcs. jaoks \u26df Kiire kohaletoimetamine Eestis \u2b50 Garanteeritud\" \/>\n<meta name=\"robots\" content=\"index, follow, max-snippet:-1, max-image-preview:large, max-video-preview:-1\" \/>\n<link rel=\"canonical\" href=\"https:\/\/odavprint.ee\/en\/product\/bic-ballpoint-pens-roundstic-exact-0-8-mm-black-340862-1-pcs\/\" \/>\n<meta property=\"og:locale\" content=\"en_US\" \/>\n<meta property=\"og:type\" content=\"article\" \/>\n<meta property=\"og:title\" content=\"BIC Ballpoint pens ROUNDSTIC EXACT 0.8 mm black, 340862 1 pcs.\" \/>\n<meta property=\"og:description\" content=\"Osta BIC Ballpoint pens ROUNDSTIC EXACT 0.8 mm black, 340862 1 pcs. Odav Print \u260e +372 5911 9495 \u2714\ufe0f Parim hind BIC Ballpoint pens ROUNDSTIC EXACT 0.8 mm black, 340862 1 pcs. jaoks \u26df Kiire kohaletoimetamine Eestis \u2b50 Garanteeritud\" \/>\n<meta property=\"og:url\" content=\"https:\/\/odavprint.ee\/en\/product\/bic-ballpoint-pens-roundstic-exact-0-8-mm-black-340862-1-pcs\/\" \/>\n<meta property=\"og:site_name\" content=\"Odav Print\" \/>\n<meta property=\"og:image\" content=\"https:\/\/odavprint.ee\/wp-content\/uploads\/2023\/09\/194092_222318.jpg\" \/>\n\t<meta property=\"og:image:width\" content=\"500\" \/>\n\t<meta property=\"og:image:height\" content=\"500\" \/>\n\t<meta property=\"og:image:type\" content=\"image\/jpeg\" \/>\n<meta name=\"twitter:card\" content=\"summary_large_image\" \/>\n<meta name=\"twitter:label1\" content=\"Price\" \/>\n\t<meta name=\"twitter:data1\" content=\"&euro;0.80\" \/>\n\t<meta name=\"twitter:label2\" content=\"Availability\" \/>\n\t<meta name=\"twitter:data2\" content=\"Out of stock\" \/>\n<script type=\"application\/ld+json\" class=\"yoast-schema-graph\">{\"@context\":\"https:\/\/schema.org\",\"@graph\":[{\"@type\":[\"WebPage\",\"ItemPage\"],\"@id\":\"https:\/\/odavprint.ee\/en\/product\/bic-ballpoint-pens-roundstic-exact-0-8-mm-black-340862-1-pcs\/\",\"url\":\"https:\/\/odavprint.ee\/en\/product\/bic-ballpoint-pens-roundstic-exact-0-8-mm-black-340862-1-pcs\/\",\"name\":\"BIC Ballpoint pens ROUNDSTIC EXACT 0.8 mm black, 340862 1 pcs., hea hinnaga, osta e-pood - Odav Print\",\"isPartOf\":{\"@id\":\"https:\/\/odavprint.ee\/en\/#website\"},\"primaryImageOfPage\":{\"@id\":\"https:\/\/odavprint.ee\/en\/product\/bic-ballpoint-pens-roundstic-exact-0-8-mm-black-340862-1-pcs\/#primaryimage\"},\"image\":{\"@id\":\"https:\/\/odavprint.ee\/en\/product\/bic-ballpoint-pens-roundstic-exact-0-8-mm-black-340862-1-pcs\/#primaryimage\"},\"thumbnailUrl\":\"https:\/\/odavprint.ee\/wp-content\/uploads\/2023\/09\/194092_222318.jpg\",\"datePublished\":\"2023-09-06T12:37:23+00:00\",\"dateModified\":\"2023-09-06T12:37:23+00:00\",\"description\":\"Osta BIC Ballpoint pens ROUNDSTIC EXACT 0.8 mm black, 340862 1 pcs. Odav Print \u260e +372 5911 9495 \u2714\ufe0f Parim hind BIC Ballpoint pens ROUNDSTIC EXACT 0.8 mm black, 340862 1 pcs. jaoks \u26df Kiire kohaletoimetamine Eestis \u2b50 Garanteeritud\",\"breadcrumb\":{\"@id\":\"https:\/\/odavprint.ee\/en\/product\/bic-ballpoint-pens-roundstic-exact-0-8-mm-black-340862-1-pcs\/#breadcrumb\"},\"inLanguage\":\"en-US\",\"potentialAction\":[{\"@type\":\"ReadAction\",\"target\":[\"https:\/\/odavprint.ee\/en\/product\/bic-ballpoint-pens-roundstic-exact-0-8-mm-black-340862-1-pcs\/\"]}]},{\"@type\":\"ImageObject\",\"inLanguage\":\"en-US\",\"@id\":\"https:\/\/odavprint.ee\/en\/product\/bic-ballpoint-pens-roundstic-exact-0-8-mm-black-340862-1-pcs\/#primaryimage\",\"url\":\"https:\/\/odavprint.ee\/wp-content\/uploads\/2023\/09\/194092_222318.jpg\",\"contentUrl\":\"https:\/\/odavprint.ee\/wp-content\/uploads\/2023\/09\/194092_222318.jpg\",\"width\":500,\"height\":500},{\"@type\":\"BreadcrumbList\",\"@id\":\"https:\/\/odavprint.ee\/en\/product\/bic-ballpoint-pens-roundstic-exact-0-8-mm-black-340862-1-pcs\/#breadcrumb\",\"itemListElement\":[{\"@type\":\"ListItem\",\"position\":1,\"name\":\"Home\",\"item\":\"https:\/\/odavprint.ee\/en\/\"},{\"@type\":\"ListItem\",\"position\":2,\"name\":\"Shop\",\"item\":\"https:\/\/odavprint.ee\/en\/shop\/\"},{\"@type\":\"ListItem\",\"position\":3,\"name\":\"BIC Ballpoint pens ROUNDSTIC EXACT 0.8 mm black, 340862 1 pcs.\"}]},{\"@type\":\"WebSite\",\"@id\":\"https:\/\/odavprint.ee\/en\/#website\",\"url\":\"https:\/\/odavprint.ee\/en\/\",\"name\":\"Odav Print\",\"description\":\"Just another WordPress site\",\"publisher\":{\"@id\":\"https:\/\/odavprint.ee\/en\/#organization\"},\"alternateName\":\"Kassettide, toonerite t\u00e4itmine ja m\u00fc\u00fck.\",\"potentialAction\":[{\"@type\":\"SearchAction\",\"target\":{\"@type\":\"EntryPoint\",\"urlTemplate\":\"https:\/\/odavprint.ee\/en\/?s={search_term_string}\"},\"query-input\":\"required name=search_term_string\"}],\"inLanguage\":\"en-US\"},{\"@type\":[\"Organization\",\"Place\"],\"@id\":\"https:\/\/odavprint.ee\/en\/#organization\",\"name\":\"Odav Print O\u00dc\",\"url\":\"https:\/\/odavprint.ee\/en\/\",\"logo\":{\"@id\":\"https:\/\/odavprint.ee\/en\/product\/bic-ballpoint-pens-roundstic-exact-0-8-mm-black-340862-1-pcs\/#local-main-organization-logo\"},\"image\":{\"@id\":\"https:\/\/odavprint.ee\/en\/product\/bic-ballpoint-pens-roundstic-exact-0-8-mm-black-340862-1-pcs\/#local-main-organization-logo\"},\"address\":{\"@id\":\"https:\/\/odavprint.ee\/en\/product\/bic-ballpoint-pens-roundstic-exact-0-8-mm-black-340862-1-pcs\/#local-main-place-address\"},\"geo\":{\"@type\":\"GeoCoordinates\",\"latitude\":\"59.4306504\",\"longitude\":\"24.8095743\"},\"telephone\":[\"53836926\"],\"openingHoursSpecification\":[{\"@type\":\"OpeningHoursSpecification\",\"dayOfWeek\":[\"Monday\",\"Tuesday\",\"Wednesday\",\"Thursday\",\"Friday\",\"Saturday\",\"Sunday\"],\"opens\":\"09:00\",\"closes\":\"17:00\"}],\"email\":\"info@odavprint.eu\"},{\"@type\":\"PostalAddress\",\"@id\":\"https:\/\/odavprint.ee\/en\/product\/bic-ballpoint-pens-roundstic-exact-0-8-mm-black-340862-1-pcs\/#local-main-place-address\",\"streetAddress\":\"Pae tn 28\",\"addressLocality\":\"Tallinn\",\"postalCode\":\"11415\",\"addressRegion\":\"Harjumaa\",\"addressCountry\":\"EE\"},{\"@type\":\"ImageObject\",\"inLanguage\":\"en-US\",\"@id\":\"https:\/\/odavprint.ee\/en\/product\/bic-ballpoint-pens-roundstic-exact-0-8-mm-black-340862-1-pcs\/#local-main-organization-logo\",\"url\":\"https:\/\/odavprint.ee\/wp-content\/uploads\/2018\/10\/odavprint-logo-240.jpg\",\"contentUrl\":\"https:\/\/odavprint.ee\/wp-content\/uploads\/2018\/10\/odavprint-logo-240.jpg\",\"width\":240,\"height\":36,\"caption\":\"Odav Print O\u00dc\"}]}<\/script>\n<meta property=\"product:price:amount\" content=\"0.80\" \/>\n<meta property=\"product:price:currency\" content=\"EUR\" \/>\n<meta property=\"og:availability\" content=\"out of stock\" \/>\n<meta property=\"product:availability\" content=\"out of stock\" \/>\n<meta property=\"product:retailer_item_id\" content=\"918542-1\" \/>\n<meta property=\"product:condition\" content=\"new\" \/>\n<meta name=\"geo.placename\" content=\"Tallinn\" \/>\n<meta name=\"geo.position\" content=\"59.4306504;24.8095743\" \/>\n<meta name=\"geo.region\" content=\"Estonia\" \/>\n<!-- \/ Yoast SEO Premium plugin. -->","yoast_head_json":{"title":"BIC Ballpoint pens ROUNDSTIC EXACT 0.8 mm black, 340862 1 pcs., hea hinnaga, osta e-pood - Odav Print","description":"Osta BIC Ballpoint pens ROUNDSTIC EXACT 0.8 mm black, 340862 1 pcs. Odav Print \u260e +372 5911 9495 \u2714\ufe0f Parim hind BIC Ballpoint pens ROUNDSTIC EXACT 0.8 mm black, 340862 1 pcs. jaoks \u26df Kiire kohaletoimetamine Eestis \u2b50 Garanteeritud","robots":{"index":"index","follow":"follow","max-snippet":"max-snippet:-1","max-image-preview":"max-image-preview:large","max-video-preview":"max-video-preview:-1"},"canonical":"https:\/\/odavprint.ee\/en\/product\/bic-ballpoint-pens-roundstic-exact-0-8-mm-black-340862-1-pcs\/","og_locale":"en_US","og_type":"article","og_title":"BIC Ballpoint pens ROUNDSTIC EXACT 0.8 mm black, 340862 1 pcs.","og_description":"Osta BIC Ballpoint pens ROUNDSTIC EXACT 0.8 mm black, 340862 1 pcs. Odav Print \u260e +372 5911 9495 \u2714\ufe0f Parim hind BIC Ballpoint pens ROUNDSTIC EXACT 0.8 mm black, 340862 1 pcs. jaoks \u26df Kiire kohaletoimetamine Eestis \u2b50 Garanteeritud","og_url":"https:\/\/odavprint.ee\/en\/product\/bic-ballpoint-pens-roundstic-exact-0-8-mm-black-340862-1-pcs\/","og_site_name":"Odav Print","og_image":[{"width":500,"height":500,"url":"https:\/\/odavprint.ee\/wp-content\/uploads\/2023\/09\/194092_222318.jpg","type":"image\/jpeg"}],"twitter_card":"summary_large_image","twitter_misc":{"Price":"&euro;0.80","Availability":"Out of stock"},"schema":{"@context":"https:\/\/schema.org","@graph":[{"@type":["WebPage","ItemPage"],"@id":"https:\/\/odavprint.ee\/en\/product\/bic-ballpoint-pens-roundstic-exact-0-8-mm-black-340862-1-pcs\/","url":"https:\/\/odavprint.ee\/en\/product\/bic-ballpoint-pens-roundstic-exact-0-8-mm-black-340862-1-pcs\/","name":"BIC Ballpoint pens ROUNDSTIC EXACT 0.8 mm black, 340862 1 pcs., hea hinnaga, osta e-pood - Odav Print","isPartOf":{"@id":"https:\/\/odavprint.ee\/en\/#website"},"primaryImageOfPage":{"@id":"https:\/\/odavprint.ee\/en\/product\/bic-ballpoint-pens-roundstic-exact-0-8-mm-black-340862-1-pcs\/#primaryimage"},"image":{"@id":"https:\/\/odavprint.ee\/en\/product\/bic-ballpoint-pens-roundstic-exact-0-8-mm-black-340862-1-pcs\/#primaryimage"},"thumbnailUrl":"https:\/\/odavprint.ee\/wp-content\/uploads\/2023\/09\/194092_222318.jpg","datePublished":"2023-09-06T12:37:23+00:00","dateModified":"2023-09-06T12:37:23+00:00","description":"Osta BIC Ballpoint pens ROUNDSTIC EXACT 0.8 mm black, 340862 1 pcs. Odav Print \u260e +372 5911 9495 \u2714\ufe0f Parim hind BIC Ballpoint pens ROUNDSTIC EXACT 0.8 mm black, 340862 1 pcs. jaoks \u26df Kiire kohaletoimetamine Eestis \u2b50 Garanteeritud","breadcrumb":{"@id":"https:\/\/odavprint.ee\/en\/product\/bic-ballpoint-pens-roundstic-exact-0-8-mm-black-340862-1-pcs\/#breadcrumb"},"inLanguage":"en-US","potentialAction":[{"@type":"ReadAction","target":["https:\/\/odavprint.ee\/en\/product\/bic-ballpoint-pens-roundstic-exact-0-8-mm-black-340862-1-pcs\/"]}]},{"@type":"ImageObject","inLanguage":"en-US","@id":"https:\/\/odavprint.ee\/en\/product\/bic-ballpoint-pens-roundstic-exact-0-8-mm-black-340862-1-pcs\/#primaryimage","url":"https:\/\/odavprint.ee\/wp-content\/uploads\/2023\/09\/194092_222318.jpg","contentUrl":"https:\/\/odavprint.ee\/wp-content\/uploads\/2023\/09\/194092_222318.jpg","width":500,"height":500},{"@type":"BreadcrumbList","@id":"https:\/\/odavprint.ee\/en\/product\/bic-ballpoint-pens-roundstic-exact-0-8-mm-black-340862-1-pcs\/#breadcrumb","itemListElement":[{"@type":"ListItem","position":1,"name":"Home","item":"https:\/\/odavprint.ee\/en\/"},{"@type":"ListItem","position":2,"name":"Shop","item":"https:\/\/odavprint.ee\/en\/shop\/"},{"@type":"ListItem","position":3,"name":"BIC Ballpoint pens ROUNDSTIC EXACT 0.8 mm black, 340862 1 pcs."}]},{"@type":"WebSite","@id":"https:\/\/odavprint.ee\/en\/#website","url":"https:\/\/odavprint.ee\/en\/","name":"Odav Print","description":"Just another WordPress site","publisher":{"@id":"https:\/\/odavprint.ee\/en\/#organization"},"alternateName":"Kassettide, toonerite t\u00e4itmine ja m\u00fc\u00fck.","potentialAction":[{"@type":"SearchAction","target":{"@type":"EntryPoint","urlTemplate":"https:\/\/odavprint.ee\/en\/?s={search_term_string}"},"query-input":"required name=search_term_string"}],"inLanguage":"en-US"},{"@type":["Organization","Place"],"@id":"https:\/\/odavprint.ee\/en\/#organization","name":"Odav Print O\u00dc","url":"https:\/\/odavprint.ee\/en\/","logo":{"@id":"https:\/\/odavprint.ee\/en\/product\/bic-ballpoint-pens-roundstic-exact-0-8-mm-black-340862-1-pcs\/#local-main-organization-logo"},"image":{"@id":"https:\/\/odavprint.ee\/en\/product\/bic-ballpoint-pens-roundstic-exact-0-8-mm-black-340862-1-pcs\/#local-main-organization-logo"},"address":{"@id":"https:\/\/odavprint.ee\/en\/product\/bic-ballpoint-pens-roundstic-exact-0-8-mm-black-340862-1-pcs\/#local-main-place-address"},"geo":{"@type":"GeoCoordinates","latitude":"59.4306504","longitude":"24.8095743"},"telephone":["53836926"],"openingHoursSpecification":[{"@type":"OpeningHoursSpecification","dayOfWeek":["Monday","Tuesday","Wednesday","Thursday","Friday","Saturday","Sunday"],"opens":"09:00","closes":"17:00"}],"email":"info@odavprint.eu"},{"@type":"PostalAddress","@id":"https:\/\/odavprint.ee\/en\/product\/bic-ballpoint-pens-roundstic-exact-0-8-mm-black-340862-1-pcs\/#local-main-place-address","streetAddress":"Pae tn 28","addressLocality":"Tallinn","postalCode":"11415","addressRegion":"Harjumaa","addressCountry":"EE"},{"@type":"ImageObject","inLanguage":"en-US","@id":"https:\/\/odavprint.ee\/en\/product\/bic-ballpoint-pens-roundstic-exact-0-8-mm-black-340862-1-pcs\/#local-main-organization-logo","url":"https:\/\/odavprint.ee\/wp-content\/uploads\/2018\/10\/odavprint-logo-240.jpg","contentUrl":"https:\/\/odavprint.ee\/wp-content\/uploads\/2018\/10\/odavprint-logo-240.jpg","width":240,"height":36,"caption":"Odav Print O\u00dc"}]},"product_price_amount":"0.80","product_price_currency":"EUR","og_availability":"out of stock","product_availability":"out of stock","product_retailer_item_id":"918542-1","product_condition":"new","geo.placename":"Tallinn","geo.position":{"lat":"59.4306504","long":"24.8095743"},"geo.region":"Estonia"},"_links":{"self":[{"href":"https:\/\/odavprint.ee\/en\/wp-json\/wp\/v2\/product\/194092"}],"collection":[{"href":"https:\/\/odavprint.ee\/en\/wp-json\/wp\/v2\/product"}],"about":[{"href":"https:\/\/odavprint.ee\/en\/wp-json\/wp\/v2\/types\/product"}],"wp:featuredmedia":[{"embeddable":true,"href":"https:\/\/odavprint.ee\/en\/wp-json\/wp\/v2\/media\/194093"}],"wp:attachment":[{"href":"https:\/\/odavprint.ee\/en\/wp-json\/wp\/v2\/media?parent=194092"}],"wp:term":[{"taxonomy":"product_cat","embeddable":true,"href":"https:\/\/odavprint.ee\/en\/wp-json\/wp\/v2\/product_cat?post=194092"},{"taxonomy":"product_tag","embeddable":true,"href":"https:\/\/odavprint.ee\/en\/wp-json\/wp\/v2\/product_tag?post=194092"}],"curies":[{"name":"wp","href":"https:\/\/api.w.org\/{rel}","templated":true}]}}