{"id":197938,"date":"2023-09-11T16:51:43","date_gmt":"2023-09-11T13:51:43","guid":{"rendered":"https:\/\/odavprint.ee\/product\/xbox-wireless-controller-usb-c-cable-black\/"},"modified":"2023-09-11T17:05:21","modified_gmt":"2023-09-11T14:05:21","slug":"xbox-wireless-controller-usb-c-cable-black","status":"publish","type":"product","link":"https:\/\/odavprint.ee\/en\/product\/xbox-wireless-controller-usb-c-cable-black\/","title":{"rendered":"Xbox Wireless Controller + USB-C Cable, Black"},"content":{"rendered":"<p><b>Plug in and Play<\/b><br \/>\nExperience the modernized design of the Xbox Wireless Controller, featuring sculpted surfaces and refined geometry for enhanced comfort during gameplay. Play wirelessly or use the included 9\u2019 USB-C cable for a wired gaming experience. Stay on target with a hybrid D-pad and textured grip on the triggers, bumpers, and back case<\/p>\n<p>\u00a0<\/p>\n<p><b>Stay on target<\/b><br \/>\nExperience the enhanced comfort and feel of the new Xbox Wireless Controller, featuring a textured grip on the triggers, bumpers, and back-case.<\/p>\n<p>\u00a0<\/p>\n<p><b>Share button<\/b><br \/>\nSeamlessly capture and share content with the Share button<\/p>\n<p>\u00a0<\/p>\n<p><b>Bluetooth\u00ae<\/b><br \/>\nPlay your favorite games on Xbox Series X, Xbox Series S, Xbox One, Windows PC, Android, and iOS<\/p>\n<p>\u00a0<\/p>\n","protected":false},"excerpt":{"rendered":"<p>Plug in and Play Experience the modernized design of the Xbox Wireless Controller, featuring sculpted surfaces and refined geometry for enhanced comfort during gameplay. Play wirelessly or use the included 9\u2019 USB-C cable for a wired gaming experience. Stay on target with a hybrid D-pad and textured grip on the triggers, bumpers, and back case [&#8230;]\n","protected":false},"featured_media":197943,"template":"","meta":{"inline_featured_image":false},"product_cat":[35473],"product_tag":[],"yoast_head":"<!-- This site is optimized with the Yoast SEO Premium plugin v23.0 (Yoast SEO v23.0) - https:\/\/yoast.com\/wordpress\/plugins\/seo\/ -->\n<title>Xbox Wireless Controller + USB-C Cable, Black, hea hinnaga, osta e-pood - Odav Print<\/title>\n<meta name=\"description\" content=\"Osta Xbox Wireless Controller + USB-C Cable, Black Odav Print \u260e +372 5911 9495 \u2714\ufe0f Parim hind Xbox Wireless Controller + USB-C Cable, Black jaoks \u26df Kiire kohaletoimetamine Eestis \u2b50 Garanteeritud\" \/>\n<meta name=\"robots\" content=\"index, follow, max-snippet:-1, max-image-preview:large, max-video-preview:-1\" \/>\n<link rel=\"canonical\" href=\"https:\/\/odavprint.ee\/en\/product\/xbox-wireless-controller-usb-c-cable-black\/\" \/>\n<meta property=\"og:locale\" content=\"en_US\" \/>\n<meta property=\"og:type\" content=\"article\" \/>\n<meta property=\"og:title\" content=\"Xbox Wireless Controller + USB-C Cable, Black\" \/>\n<meta property=\"og:description\" content=\"Osta Xbox Wireless Controller + USB-C Cable, Black Odav Print \u260e +372 5911 9495 \u2714\ufe0f Parim hind Xbox Wireless Controller + USB-C Cable, Black jaoks \u26df Kiire kohaletoimetamine Eestis \u2b50 Garanteeritud\" \/>\n<meta property=\"og:url\" content=\"https:\/\/odavprint.ee\/en\/product\/xbox-wireless-controller-usb-c-cable-black\/\" \/>\n<meta property=\"og:site_name\" content=\"Odav Print\" \/>\n<meta property=\"article:modified_time\" content=\"2023-09-11T14:05:21+00:00\" \/>\n<meta property=\"og:image\" content=\"https:\/\/odavprint.ee\/wp-content\/uploads\/2023\/09\/197938_screenshot_2022_04_27_102610.png\" \/>\n\t<meta property=\"og:image:width\" content=\"722\" \/>\n\t<meta property=\"og:image:height\" content=\"500\" \/>\n\t<meta property=\"og:image:type\" content=\"image\/png\" \/>\n<meta name=\"twitter:card\" content=\"summary_large_image\" \/>\n<meta name=\"twitter:label1\" content=\"Price\" \/>\n\t<meta name=\"twitter:data1\" content=\"&euro;76.40\" \/>\n\t<meta name=\"twitter:label2\" content=\"Availability\" \/>\n\t<meta name=\"twitter:data2\" content=\"Out of stock\" \/>\n<script type=\"application\/ld+json\" class=\"yoast-schema-graph\">{\"@context\":\"https:\/\/schema.org\",\"@graph\":[{\"@type\":[\"WebPage\",\"ItemPage\"],\"@id\":\"https:\/\/odavprint.ee\/en\/product\/xbox-wireless-controller-usb-c-cable-black\/\",\"url\":\"https:\/\/odavprint.ee\/en\/product\/xbox-wireless-controller-usb-c-cable-black\/\",\"name\":\"Xbox Wireless Controller + USB-C Cable, Black, hea hinnaga, osta e-pood - Odav Print\",\"isPartOf\":{\"@id\":\"https:\/\/odavprint.ee\/en\/#website\"},\"primaryImageOfPage\":{\"@id\":\"https:\/\/odavprint.ee\/en\/product\/xbox-wireless-controller-usb-c-cable-black\/#primaryimage\"},\"image\":{\"@id\":\"https:\/\/odavprint.ee\/en\/product\/xbox-wireless-controller-usb-c-cable-black\/#primaryimage\"},\"thumbnailUrl\":\"https:\/\/odavprint.ee\/wp-content\/uploads\/2023\/09\/197938_screenshot_2022_04_27_102610.png\",\"datePublished\":\"2023-09-11T13:51:43+00:00\",\"dateModified\":\"2023-09-11T14:05:21+00:00\",\"description\":\"Osta Xbox Wireless Controller + USB-C Cable, Black Odav Print \u260e +372 5911 9495 \u2714\ufe0f Parim hind Xbox Wireless Controller + USB-C Cable, Black jaoks \u26df Kiire kohaletoimetamine Eestis \u2b50 Garanteeritud\",\"breadcrumb\":{\"@id\":\"https:\/\/odavprint.ee\/en\/product\/xbox-wireless-controller-usb-c-cable-black\/#breadcrumb\"},\"inLanguage\":\"en-US\",\"potentialAction\":[{\"@type\":\"ReadAction\",\"target\":[\"https:\/\/odavprint.ee\/en\/product\/xbox-wireless-controller-usb-c-cable-black\/\"]}]},{\"@type\":\"ImageObject\",\"inLanguage\":\"en-US\",\"@id\":\"https:\/\/odavprint.ee\/en\/product\/xbox-wireless-controller-usb-c-cable-black\/#primaryimage\",\"url\":\"https:\/\/odavprint.ee\/wp-content\/uploads\/2023\/09\/197938_screenshot_2022_04_27_102610.png\",\"contentUrl\":\"https:\/\/odavprint.ee\/wp-content\/uploads\/2023\/09\/197938_screenshot_2022_04_27_102610.png\",\"width\":722,\"height\":500},{\"@type\":\"BreadcrumbList\",\"@id\":\"https:\/\/odavprint.ee\/en\/product\/xbox-wireless-controller-usb-c-cable-black\/#breadcrumb\",\"itemListElement\":[{\"@type\":\"ListItem\",\"position\":1,\"name\":\"Home\",\"item\":\"https:\/\/odavprint.ee\/en\/\"},{\"@type\":\"ListItem\",\"position\":2,\"name\":\"Shop\",\"item\":\"https:\/\/odavprint.ee\/en\/shop\/\"},{\"@type\":\"ListItem\",\"position\":3,\"name\":\"Xbox Wireless Controller + USB-C Cable, Black\"}]},{\"@type\":\"WebSite\",\"@id\":\"https:\/\/odavprint.ee\/en\/#website\",\"url\":\"https:\/\/odavprint.ee\/en\/\",\"name\":\"Odav Print\",\"description\":\"Just another WordPress site\",\"publisher\":{\"@id\":\"https:\/\/odavprint.ee\/en\/#organization\"},\"alternateName\":\"Kassettide, toonerite t\u00e4itmine ja m\u00fc\u00fck.\",\"potentialAction\":[{\"@type\":\"SearchAction\",\"target\":{\"@type\":\"EntryPoint\",\"urlTemplate\":\"https:\/\/odavprint.ee\/en\/?s={search_term_string}\"},\"query-input\":\"required name=search_term_string\"}],\"inLanguage\":\"en-US\"},{\"@type\":[\"Organization\",\"Place\"],\"@id\":\"https:\/\/odavprint.ee\/en\/#organization\",\"name\":\"Odav Print O\u00dc\",\"url\":\"https:\/\/odavprint.ee\/en\/\",\"logo\":{\"@id\":\"https:\/\/odavprint.ee\/en\/product\/xbox-wireless-controller-usb-c-cable-black\/#local-main-organization-logo\"},\"image\":{\"@id\":\"https:\/\/odavprint.ee\/en\/product\/xbox-wireless-controller-usb-c-cable-black\/#local-main-organization-logo\"},\"address\":{\"@id\":\"https:\/\/odavprint.ee\/en\/product\/xbox-wireless-controller-usb-c-cable-black\/#local-main-place-address\"},\"geo\":{\"@type\":\"GeoCoordinates\",\"latitude\":\"59.4306504\",\"longitude\":\"24.8095743\"},\"telephone\":[\"53836926\"],\"openingHoursSpecification\":[{\"@type\":\"OpeningHoursSpecification\",\"dayOfWeek\":[\"Monday\",\"Tuesday\",\"Wednesday\",\"Thursday\",\"Friday\",\"Saturday\",\"Sunday\"],\"opens\":\"09:00\",\"closes\":\"17:00\"}],\"email\":\"info@odavprint.eu\"},{\"@type\":\"PostalAddress\",\"@id\":\"https:\/\/odavprint.ee\/en\/product\/xbox-wireless-controller-usb-c-cable-black\/#local-main-place-address\",\"streetAddress\":\"Pae tn 28\",\"addressLocality\":\"Tallinn\",\"postalCode\":\"11415\",\"addressRegion\":\"Harjumaa\",\"addressCountry\":\"EE\"},{\"@type\":\"ImageObject\",\"inLanguage\":\"en-US\",\"@id\":\"https:\/\/odavprint.ee\/en\/product\/xbox-wireless-controller-usb-c-cable-black\/#local-main-organization-logo\",\"url\":\"https:\/\/odavprint.ee\/wp-content\/uploads\/2018\/10\/odavprint-logo-240.jpg\",\"contentUrl\":\"https:\/\/odavprint.ee\/wp-content\/uploads\/2018\/10\/odavprint-logo-240.jpg\",\"width\":240,\"height\":36,\"caption\":\"Odav Print O\u00dc\"}]}<\/script>\n<meta property=\"product:price:amount\" content=\"76.40\" \/>\n<meta property=\"product:price:currency\" content=\"EUR\" \/>\n<meta property=\"og:availability\" content=\"out of stock\" \/>\n<meta property=\"product:availability\" content=\"out of stock\" \/>\n<meta property=\"product:retailer_item_id\" content=\"1V8-00015\" \/>\n<meta property=\"product:condition\" content=\"new\" \/>\n<meta name=\"geo.placename\" content=\"Tallinn\" \/>\n<meta name=\"geo.position\" content=\"59.4306504;24.8095743\" \/>\n<meta name=\"geo.region\" content=\"Estonia\" \/>\n<!-- \/ Yoast SEO Premium plugin. -->","yoast_head_json":{"title":"Xbox Wireless Controller + USB-C Cable, Black, hea hinnaga, osta e-pood - Odav Print","description":"Osta Xbox Wireless Controller + USB-C Cable, Black Odav Print \u260e +372 5911 9495 \u2714\ufe0f Parim hind Xbox Wireless Controller + USB-C Cable, Black jaoks \u26df Kiire kohaletoimetamine Eestis \u2b50 Garanteeritud","robots":{"index":"index","follow":"follow","max-snippet":"max-snippet:-1","max-image-preview":"max-image-preview:large","max-video-preview":"max-video-preview:-1"},"canonical":"https:\/\/odavprint.ee\/en\/product\/xbox-wireless-controller-usb-c-cable-black\/","og_locale":"en_US","og_type":"article","og_title":"Xbox Wireless Controller + USB-C Cable, Black","og_description":"Osta Xbox Wireless Controller + USB-C Cable, Black Odav Print \u260e +372 5911 9495 \u2714\ufe0f Parim hind Xbox Wireless Controller + USB-C Cable, Black jaoks \u26df Kiire kohaletoimetamine Eestis \u2b50 Garanteeritud","og_url":"https:\/\/odavprint.ee\/en\/product\/xbox-wireless-controller-usb-c-cable-black\/","og_site_name":"Odav Print","article_modified_time":"2023-09-11T14:05:21+00:00","og_image":[{"width":722,"height":500,"url":"https:\/\/odavprint.ee\/wp-content\/uploads\/2023\/09\/197938_screenshot_2022_04_27_102610.png","type":"image\/png"}],"twitter_card":"summary_large_image","twitter_misc":{"Price":"&euro;76.40","Availability":"Out of stock"},"schema":{"@context":"https:\/\/schema.org","@graph":[{"@type":["WebPage","ItemPage"],"@id":"https:\/\/odavprint.ee\/en\/product\/xbox-wireless-controller-usb-c-cable-black\/","url":"https:\/\/odavprint.ee\/en\/product\/xbox-wireless-controller-usb-c-cable-black\/","name":"Xbox Wireless Controller + USB-C Cable, Black, hea hinnaga, osta e-pood - Odav Print","isPartOf":{"@id":"https:\/\/odavprint.ee\/en\/#website"},"primaryImageOfPage":{"@id":"https:\/\/odavprint.ee\/en\/product\/xbox-wireless-controller-usb-c-cable-black\/#primaryimage"},"image":{"@id":"https:\/\/odavprint.ee\/en\/product\/xbox-wireless-controller-usb-c-cable-black\/#primaryimage"},"thumbnailUrl":"https:\/\/odavprint.ee\/wp-content\/uploads\/2023\/09\/197938_screenshot_2022_04_27_102610.png","datePublished":"2023-09-11T13:51:43+00:00","dateModified":"2023-09-11T14:05:21+00:00","description":"Osta Xbox Wireless Controller + USB-C Cable, Black Odav Print \u260e +372 5911 9495 \u2714\ufe0f Parim hind Xbox Wireless Controller + USB-C Cable, Black jaoks \u26df Kiire kohaletoimetamine Eestis \u2b50 Garanteeritud","breadcrumb":{"@id":"https:\/\/odavprint.ee\/en\/product\/xbox-wireless-controller-usb-c-cable-black\/#breadcrumb"},"inLanguage":"en-US","potentialAction":[{"@type":"ReadAction","target":["https:\/\/odavprint.ee\/en\/product\/xbox-wireless-controller-usb-c-cable-black\/"]}]},{"@type":"ImageObject","inLanguage":"en-US","@id":"https:\/\/odavprint.ee\/en\/product\/xbox-wireless-controller-usb-c-cable-black\/#primaryimage","url":"https:\/\/odavprint.ee\/wp-content\/uploads\/2023\/09\/197938_screenshot_2022_04_27_102610.png","contentUrl":"https:\/\/odavprint.ee\/wp-content\/uploads\/2023\/09\/197938_screenshot_2022_04_27_102610.png","width":722,"height":500},{"@type":"BreadcrumbList","@id":"https:\/\/odavprint.ee\/en\/product\/xbox-wireless-controller-usb-c-cable-black\/#breadcrumb","itemListElement":[{"@type":"ListItem","position":1,"name":"Home","item":"https:\/\/odavprint.ee\/en\/"},{"@type":"ListItem","position":2,"name":"Shop","item":"https:\/\/odavprint.ee\/en\/shop\/"},{"@type":"ListItem","position":3,"name":"Xbox Wireless Controller + USB-C Cable, Black"}]},{"@type":"WebSite","@id":"https:\/\/odavprint.ee\/en\/#website","url":"https:\/\/odavprint.ee\/en\/","name":"Odav Print","description":"Just another WordPress site","publisher":{"@id":"https:\/\/odavprint.ee\/en\/#organization"},"alternateName":"Kassettide, toonerite t\u00e4itmine ja m\u00fc\u00fck.","potentialAction":[{"@type":"SearchAction","target":{"@type":"EntryPoint","urlTemplate":"https:\/\/odavprint.ee\/en\/?s={search_term_string}"},"query-input":"required name=search_term_string"}],"inLanguage":"en-US"},{"@type":["Organization","Place"],"@id":"https:\/\/odavprint.ee\/en\/#organization","name":"Odav Print O\u00dc","url":"https:\/\/odavprint.ee\/en\/","logo":{"@id":"https:\/\/odavprint.ee\/en\/product\/xbox-wireless-controller-usb-c-cable-black\/#local-main-organization-logo"},"image":{"@id":"https:\/\/odavprint.ee\/en\/product\/xbox-wireless-controller-usb-c-cable-black\/#local-main-organization-logo"},"address":{"@id":"https:\/\/odavprint.ee\/en\/product\/xbox-wireless-controller-usb-c-cable-black\/#local-main-place-address"},"geo":{"@type":"GeoCoordinates","latitude":"59.4306504","longitude":"24.8095743"},"telephone":["53836926"],"openingHoursSpecification":[{"@type":"OpeningHoursSpecification","dayOfWeek":["Monday","Tuesday","Wednesday","Thursday","Friday","Saturday","Sunday"],"opens":"09:00","closes":"17:00"}],"email":"info@odavprint.eu"},{"@type":"PostalAddress","@id":"https:\/\/odavprint.ee\/en\/product\/xbox-wireless-controller-usb-c-cable-black\/#local-main-place-address","streetAddress":"Pae tn 28","addressLocality":"Tallinn","postalCode":"11415","addressRegion":"Harjumaa","addressCountry":"EE"},{"@type":"ImageObject","inLanguage":"en-US","@id":"https:\/\/odavprint.ee\/en\/product\/xbox-wireless-controller-usb-c-cable-black\/#local-main-organization-logo","url":"https:\/\/odavprint.ee\/wp-content\/uploads\/2018\/10\/odavprint-logo-240.jpg","contentUrl":"https:\/\/odavprint.ee\/wp-content\/uploads\/2018\/10\/odavprint-logo-240.jpg","width":240,"height":36,"caption":"Odav Print O\u00dc"}]},"product_price_amount":"76.40","product_price_currency":"EUR","og_availability":"out of stock","product_availability":"out of stock","product_retailer_item_id":"1V8-00015","product_condition":"new","geo.placename":"Tallinn","geo.position":{"lat":"59.4306504","long":"24.8095743"},"geo.region":"Estonia"},"_links":{"self":[{"href":"https:\/\/odavprint.ee\/en\/wp-json\/wp\/v2\/product\/197938"}],"collection":[{"href":"https:\/\/odavprint.ee\/en\/wp-json\/wp\/v2\/product"}],"about":[{"href":"https:\/\/odavprint.ee\/en\/wp-json\/wp\/v2\/types\/product"}],"wp:featuredmedia":[{"embeddable":true,"href":"https:\/\/odavprint.ee\/en\/wp-json\/wp\/v2\/media\/197943"}],"wp:attachment":[{"href":"https:\/\/odavprint.ee\/en\/wp-json\/wp\/v2\/media?parent=197938"}],"wp:term":[{"taxonomy":"product_cat","embeddable":true,"href":"https:\/\/odavprint.ee\/en\/wp-json\/wp\/v2\/product_cat?post=197938"},{"taxonomy":"product_tag","embeddable":true,"href":"https:\/\/odavprint.ee\/en\/wp-json\/wp\/v2\/product_tag?post=197938"}],"curies":[{"name":"wp","href":"https:\/\/api.w.org\/{rel}","templated":true}]}}