{"id":197957,"date":"2023-09-11T16:58:13","date_gmt":"2023-09-11T13:58:13","guid":{"rendered":"https:\/\/odavprint.ee\/product\/console-sony-playstation-5-digital-edition-cfi-1216b-825-gb-white\/"},"modified":"2023-09-11T16:58:13","modified_gmt":"2023-09-11T13:58:13","slug":"console-sony-playstation-5-digital-edition-cfi-1216b-825-gb-white","status":"publish","type":"product","link":"https:\/\/odavprint.ee\/en\/product\/console-sony-playstation-5-digital-edition-cfi-1216b-825-gb-white\/","title":{"rendered":"Console SONY PlayStation 5 Digital Edition (CFI-1216B), 825 GB, white"},"content":{"rendered":"<p><b style=\"font-size: 10pt;\">More PS5 Digital Edition features<\/b><\/p>\n<p>PS5 Digital Edition is an all-digital version of the PS5 console with no disc drive. Sign into your account for PlayStation Network and go to PlayStation\u00aeStore to buy and download games.<\/p>\n<p>\u00a0<\/p>\n<p><b>Backwards compatibility<br \/>\n<\/b>Play a back catalogue of digital PS4 games on your PS5 Digital Edition.<\/p>\n<p>\u00a0<\/p>\n<p><b>Game boost<br \/>\n<\/b>Enjoy faster and smoother frame rates in select digital PS4 and PS VR games.<\/p>\n<p>\u00a0<\/p>\n<p><b>Upgrade digital PS4 games to digital PS5 games<br \/>\n<\/b>The PS5 Digital Edition gives game publishers the ability to let players upgrade their digital PS4 games to digital PS5 games.<\/p>\n<p>\u00a0<\/p>\n<p><b>PlayStation VR integration<br \/>\n<\/b>Connect your PlayStation VR to your PS5 Digital Edition to enjoy supported digital PS VR games. To set up your PS VR with your PS5 Digital Edition, you\u2019ll need your PlayStation Camera2 for PS4 and a PlayStation Camera adaptor (no purchase necessary).<\/p>\n","protected":false},"excerpt":{"rendered":"<p>More PS5 Digital Edition features PS5 Digital Edition is an all-digital version of the PS5 console with no disc drive. Sign into your account for PlayStation Network and go to PlayStation\u00aeStore to buy and download games. \u00a0 Backwards compatibility Play a back catalogue of digital PS4 games on your PS5 Digital Edition. \u00a0 Game boost [&#8230;]\n","protected":false},"featured_media":197958,"template":"","meta":{"inline_featured_image":false},"product_cat":[35473],"product_tag":[],"yoast_head":"<!-- This site is optimized with the Yoast SEO Premium plugin v23.0 (Yoast SEO v23.0) - https:\/\/yoast.com\/wordpress\/plugins\/seo\/ -->\n<title>Console SONY PlayStation 5 Digital Edition (CFI-1216B), 825 GB, white, hea hinnaga, osta e-pood - Odav Print<\/title>\n<meta name=\"description\" content=\"Osta Console SONY PlayStation 5 Digital Edition (CFI-1216B), 825 GB, white Odav Print \u260e +372 5911 9495 \u2714\ufe0f Parim hind Console SONY PlayStation 5 Digital Edition (CFI-1216B), 825 GB, white jaoks \u26df Kiire kohaletoimetamine Eestis \u2b50 Garanteeritud\" \/>\n<meta name=\"robots\" content=\"index, follow, max-snippet:-1, max-image-preview:large, max-video-preview:-1\" \/>\n<link rel=\"canonical\" href=\"https:\/\/odavprint.ee\/en\/product\/console-sony-playstation-5-digital-edition-cfi-1216b-825-gb-white\/\" \/>\n<meta property=\"og:locale\" content=\"en_US\" \/>\n<meta property=\"og:type\" content=\"article\" \/>\n<meta property=\"og:title\" content=\"Console SONY PlayStation 5 Digital Edition (CFI-1216B), 825 GB, white\" \/>\n<meta property=\"og:description\" content=\"Osta Console SONY PlayStation 5 Digital Edition (CFI-1216B), 825 GB, white Odav Print \u260e +372 5911 9495 \u2714\ufe0f Parim hind Console SONY PlayStation 5 Digital Edition (CFI-1216B), 825 GB, white jaoks \u26df Kiire kohaletoimetamine Eestis \u2b50 Garanteeritud\" \/>\n<meta property=\"og:url\" content=\"https:\/\/odavprint.ee\/en\/product\/console-sony-playstation-5-digital-edition-cfi-1216b-825-gb-white\/\" \/>\n<meta property=\"og:site_name\" content=\"Odav Print\" \/>\n<meta property=\"og:image\" content=\"https:\/\/odavprint.ee\/wp-content\/uploads\/2023\/09\/197957_11.jpg\" \/>\n\t<meta property=\"og:image:width\" content=\"398\" \/>\n\t<meta property=\"og:image:height\" content=\"500\" \/>\n\t<meta property=\"og:image:type\" content=\"image\/jpeg\" \/>\n<meta name=\"twitter:card\" content=\"summary_large_image\" \/>\n<meta name=\"twitter:label1\" content=\"Price\" \/>\n\t<meta name=\"twitter:data1\" content=\"&euro;624.20\" \/>\n\t<meta name=\"twitter:label2\" content=\"Availability\" \/>\n\t<meta name=\"twitter:data2\" content=\"Out of stock\" \/>\n<script type=\"application\/ld+json\" class=\"yoast-schema-graph\">{\"@context\":\"https:\/\/schema.org\",\"@graph\":[{\"@type\":[\"WebPage\",\"ItemPage\"],\"@id\":\"https:\/\/odavprint.ee\/en\/product\/console-sony-playstation-5-digital-edition-cfi-1216b-825-gb-white\/\",\"url\":\"https:\/\/odavprint.ee\/en\/product\/console-sony-playstation-5-digital-edition-cfi-1216b-825-gb-white\/\",\"name\":\"Console SONY PlayStation 5 Digital Edition (CFI-1216B), 825 GB, white, hea hinnaga, osta e-pood - Odav Print\",\"isPartOf\":{\"@id\":\"https:\/\/odavprint.ee\/en\/#website\"},\"primaryImageOfPage\":{\"@id\":\"https:\/\/odavprint.ee\/en\/product\/console-sony-playstation-5-digital-edition-cfi-1216b-825-gb-white\/#primaryimage\"},\"image\":{\"@id\":\"https:\/\/odavprint.ee\/en\/product\/console-sony-playstation-5-digital-edition-cfi-1216b-825-gb-white\/#primaryimage\"},\"thumbnailUrl\":\"https:\/\/odavprint.ee\/wp-content\/uploads\/2023\/09\/197957_11.jpg\",\"datePublished\":\"2023-09-11T13:58:13+00:00\",\"dateModified\":\"2023-09-11T13:58:13+00:00\",\"description\":\"Osta Console SONY PlayStation 5 Digital Edition (CFI-1216B), 825 GB, white Odav Print \u260e +372 5911 9495 \u2714\ufe0f Parim hind Console SONY PlayStation 5 Digital Edition (CFI-1216B), 825 GB, white jaoks \u26df Kiire kohaletoimetamine Eestis \u2b50 Garanteeritud\",\"breadcrumb\":{\"@id\":\"https:\/\/odavprint.ee\/en\/product\/console-sony-playstation-5-digital-edition-cfi-1216b-825-gb-white\/#breadcrumb\"},\"inLanguage\":\"en-US\",\"potentialAction\":[{\"@type\":\"ReadAction\",\"target\":[\"https:\/\/odavprint.ee\/en\/product\/console-sony-playstation-5-digital-edition-cfi-1216b-825-gb-white\/\"]}]},{\"@type\":\"ImageObject\",\"inLanguage\":\"en-US\",\"@id\":\"https:\/\/odavprint.ee\/en\/product\/console-sony-playstation-5-digital-edition-cfi-1216b-825-gb-white\/#primaryimage\",\"url\":\"https:\/\/odavprint.ee\/wp-content\/uploads\/2023\/09\/197957_11.jpg\",\"contentUrl\":\"https:\/\/odavprint.ee\/wp-content\/uploads\/2023\/09\/197957_11.jpg\",\"width\":398,\"height\":500},{\"@type\":\"BreadcrumbList\",\"@id\":\"https:\/\/odavprint.ee\/en\/product\/console-sony-playstation-5-digital-edition-cfi-1216b-825-gb-white\/#breadcrumb\",\"itemListElement\":[{\"@type\":\"ListItem\",\"position\":1,\"name\":\"Home\",\"item\":\"https:\/\/odavprint.ee\/en\/\"},{\"@type\":\"ListItem\",\"position\":2,\"name\":\"Shop\",\"item\":\"https:\/\/odavprint.ee\/en\/shop\/\"},{\"@type\":\"ListItem\",\"position\":3,\"name\":\"Console SONY PlayStation 5 Digital Edition (CFI-1216B), 825 GB, white\"}]},{\"@type\":\"WebSite\",\"@id\":\"https:\/\/odavprint.ee\/en\/#website\",\"url\":\"https:\/\/odavprint.ee\/en\/\",\"name\":\"Odav Print\",\"description\":\"Just another WordPress site\",\"publisher\":{\"@id\":\"https:\/\/odavprint.ee\/en\/#organization\"},\"alternateName\":\"Kassettide, toonerite t\u00e4itmine ja m\u00fc\u00fck.\",\"potentialAction\":[{\"@type\":\"SearchAction\",\"target\":{\"@type\":\"EntryPoint\",\"urlTemplate\":\"https:\/\/odavprint.ee\/en\/?s={search_term_string}\"},\"query-input\":\"required name=search_term_string\"}],\"inLanguage\":\"en-US\"},{\"@type\":[\"Organization\",\"Place\"],\"@id\":\"https:\/\/odavprint.ee\/en\/#organization\",\"name\":\"Odav Print O\u00dc\",\"url\":\"https:\/\/odavprint.ee\/en\/\",\"logo\":{\"@id\":\"https:\/\/odavprint.ee\/en\/product\/console-sony-playstation-5-digital-edition-cfi-1216b-825-gb-white\/#local-main-organization-logo\"},\"image\":{\"@id\":\"https:\/\/odavprint.ee\/en\/product\/console-sony-playstation-5-digital-edition-cfi-1216b-825-gb-white\/#local-main-organization-logo\"},\"address\":{\"@id\":\"https:\/\/odavprint.ee\/en\/product\/console-sony-playstation-5-digital-edition-cfi-1216b-825-gb-white\/#local-main-place-address\"},\"geo\":{\"@type\":\"GeoCoordinates\",\"latitude\":\"59.4306504\",\"longitude\":\"24.8095743\"},\"telephone\":[\"53836926\"],\"openingHoursSpecification\":[{\"@type\":\"OpeningHoursSpecification\",\"dayOfWeek\":[\"Monday\",\"Tuesday\",\"Wednesday\",\"Thursday\",\"Friday\",\"Saturday\",\"Sunday\"],\"opens\":\"09:00\",\"closes\":\"17:00\"}],\"email\":\"info@odavprint.eu\"},{\"@type\":\"PostalAddress\",\"@id\":\"https:\/\/odavprint.ee\/en\/product\/console-sony-playstation-5-digital-edition-cfi-1216b-825-gb-white\/#local-main-place-address\",\"streetAddress\":\"Pae tn 28\",\"addressLocality\":\"Tallinn\",\"postalCode\":\"11415\",\"addressRegion\":\"Harjumaa\",\"addressCountry\":\"EE\"},{\"@type\":\"ImageObject\",\"inLanguage\":\"en-US\",\"@id\":\"https:\/\/odavprint.ee\/en\/product\/console-sony-playstation-5-digital-edition-cfi-1216b-825-gb-white\/#local-main-organization-logo\",\"url\":\"https:\/\/odavprint.ee\/wp-content\/uploads\/2018\/10\/odavprint-logo-240.jpg\",\"contentUrl\":\"https:\/\/odavprint.ee\/wp-content\/uploads\/2018\/10\/odavprint-logo-240.jpg\",\"width\":240,\"height\":36,\"caption\":\"Odav Print O\u00dc\"}]}<\/script>\n<meta property=\"product:price:amount\" content=\"624.20\" \/>\n<meta property=\"product:price:currency\" content=\"EUR\" \/>\n<meta property=\"og:availability\" content=\"out of stock\" \/>\n<meta property=\"product:availability\" content=\"out of stock\" \/>\n<meta property=\"product:retailer_item_id\" content=\"CFI-1216B\" \/>\n<meta property=\"product:condition\" content=\"new\" \/>\n<meta name=\"geo.placename\" content=\"Tallinn\" \/>\n<meta name=\"geo.position\" content=\"59.4306504;24.8095743\" \/>\n<meta name=\"geo.region\" content=\"Estonia\" \/>\n<!-- \/ Yoast SEO Premium plugin. -->","yoast_head_json":{"title":"Console SONY PlayStation 5 Digital Edition (CFI-1216B), 825 GB, white, hea hinnaga, osta e-pood - Odav Print","description":"Osta Console SONY PlayStation 5 Digital Edition (CFI-1216B), 825 GB, white Odav Print \u260e +372 5911 9495 \u2714\ufe0f Parim hind Console SONY PlayStation 5 Digital Edition (CFI-1216B), 825 GB, white jaoks \u26df Kiire kohaletoimetamine Eestis \u2b50 Garanteeritud","robots":{"index":"index","follow":"follow","max-snippet":"max-snippet:-1","max-image-preview":"max-image-preview:large","max-video-preview":"max-video-preview:-1"},"canonical":"https:\/\/odavprint.ee\/en\/product\/console-sony-playstation-5-digital-edition-cfi-1216b-825-gb-white\/","og_locale":"en_US","og_type":"article","og_title":"Console SONY PlayStation 5 Digital Edition (CFI-1216B), 825 GB, white","og_description":"Osta Console SONY PlayStation 5 Digital Edition (CFI-1216B), 825 GB, white Odav Print \u260e +372 5911 9495 \u2714\ufe0f Parim hind Console SONY PlayStation 5 Digital Edition (CFI-1216B), 825 GB, white jaoks \u26df Kiire kohaletoimetamine Eestis \u2b50 Garanteeritud","og_url":"https:\/\/odavprint.ee\/en\/product\/console-sony-playstation-5-digital-edition-cfi-1216b-825-gb-white\/","og_site_name":"Odav Print","og_image":[{"width":398,"height":500,"url":"https:\/\/odavprint.ee\/wp-content\/uploads\/2023\/09\/197957_11.jpg","type":"image\/jpeg"}],"twitter_card":"summary_large_image","twitter_misc":{"Price":"&euro;624.20","Availability":"Out of stock"},"schema":{"@context":"https:\/\/schema.org","@graph":[{"@type":["WebPage","ItemPage"],"@id":"https:\/\/odavprint.ee\/en\/product\/console-sony-playstation-5-digital-edition-cfi-1216b-825-gb-white\/","url":"https:\/\/odavprint.ee\/en\/product\/console-sony-playstation-5-digital-edition-cfi-1216b-825-gb-white\/","name":"Console SONY PlayStation 5 Digital Edition (CFI-1216B), 825 GB, white, hea hinnaga, osta e-pood - Odav Print","isPartOf":{"@id":"https:\/\/odavprint.ee\/en\/#website"},"primaryImageOfPage":{"@id":"https:\/\/odavprint.ee\/en\/product\/console-sony-playstation-5-digital-edition-cfi-1216b-825-gb-white\/#primaryimage"},"image":{"@id":"https:\/\/odavprint.ee\/en\/product\/console-sony-playstation-5-digital-edition-cfi-1216b-825-gb-white\/#primaryimage"},"thumbnailUrl":"https:\/\/odavprint.ee\/wp-content\/uploads\/2023\/09\/197957_11.jpg","datePublished":"2023-09-11T13:58:13+00:00","dateModified":"2023-09-11T13:58:13+00:00","description":"Osta Console SONY PlayStation 5 Digital Edition (CFI-1216B), 825 GB, white Odav Print \u260e +372 5911 9495 \u2714\ufe0f Parim hind Console SONY PlayStation 5 Digital Edition (CFI-1216B), 825 GB, white jaoks \u26df Kiire kohaletoimetamine Eestis \u2b50 Garanteeritud","breadcrumb":{"@id":"https:\/\/odavprint.ee\/en\/product\/console-sony-playstation-5-digital-edition-cfi-1216b-825-gb-white\/#breadcrumb"},"inLanguage":"en-US","potentialAction":[{"@type":"ReadAction","target":["https:\/\/odavprint.ee\/en\/product\/console-sony-playstation-5-digital-edition-cfi-1216b-825-gb-white\/"]}]},{"@type":"ImageObject","inLanguage":"en-US","@id":"https:\/\/odavprint.ee\/en\/product\/console-sony-playstation-5-digital-edition-cfi-1216b-825-gb-white\/#primaryimage","url":"https:\/\/odavprint.ee\/wp-content\/uploads\/2023\/09\/197957_11.jpg","contentUrl":"https:\/\/odavprint.ee\/wp-content\/uploads\/2023\/09\/197957_11.jpg","width":398,"height":500},{"@type":"BreadcrumbList","@id":"https:\/\/odavprint.ee\/en\/product\/console-sony-playstation-5-digital-edition-cfi-1216b-825-gb-white\/#breadcrumb","itemListElement":[{"@type":"ListItem","position":1,"name":"Home","item":"https:\/\/odavprint.ee\/en\/"},{"@type":"ListItem","position":2,"name":"Shop","item":"https:\/\/odavprint.ee\/en\/shop\/"},{"@type":"ListItem","position":3,"name":"Console SONY PlayStation 5 Digital Edition (CFI-1216B), 825 GB, white"}]},{"@type":"WebSite","@id":"https:\/\/odavprint.ee\/en\/#website","url":"https:\/\/odavprint.ee\/en\/","name":"Odav Print","description":"Just another WordPress site","publisher":{"@id":"https:\/\/odavprint.ee\/en\/#organization"},"alternateName":"Kassettide, toonerite t\u00e4itmine ja m\u00fc\u00fck.","potentialAction":[{"@type":"SearchAction","target":{"@type":"EntryPoint","urlTemplate":"https:\/\/odavprint.ee\/en\/?s={search_term_string}"},"query-input":"required name=search_term_string"}],"inLanguage":"en-US"},{"@type":["Organization","Place"],"@id":"https:\/\/odavprint.ee\/en\/#organization","name":"Odav Print O\u00dc","url":"https:\/\/odavprint.ee\/en\/","logo":{"@id":"https:\/\/odavprint.ee\/en\/product\/console-sony-playstation-5-digital-edition-cfi-1216b-825-gb-white\/#local-main-organization-logo"},"image":{"@id":"https:\/\/odavprint.ee\/en\/product\/console-sony-playstation-5-digital-edition-cfi-1216b-825-gb-white\/#local-main-organization-logo"},"address":{"@id":"https:\/\/odavprint.ee\/en\/product\/console-sony-playstation-5-digital-edition-cfi-1216b-825-gb-white\/#local-main-place-address"},"geo":{"@type":"GeoCoordinates","latitude":"59.4306504","longitude":"24.8095743"},"telephone":["53836926"],"openingHoursSpecification":[{"@type":"OpeningHoursSpecification","dayOfWeek":["Monday","Tuesday","Wednesday","Thursday","Friday","Saturday","Sunday"],"opens":"09:00","closes":"17:00"}],"email":"info@odavprint.eu"},{"@type":"PostalAddress","@id":"https:\/\/odavprint.ee\/en\/product\/console-sony-playstation-5-digital-edition-cfi-1216b-825-gb-white\/#local-main-place-address","streetAddress":"Pae tn 28","addressLocality":"Tallinn","postalCode":"11415","addressRegion":"Harjumaa","addressCountry":"EE"},{"@type":"ImageObject","inLanguage":"en-US","@id":"https:\/\/odavprint.ee\/en\/product\/console-sony-playstation-5-digital-edition-cfi-1216b-825-gb-white\/#local-main-organization-logo","url":"https:\/\/odavprint.ee\/wp-content\/uploads\/2018\/10\/odavprint-logo-240.jpg","contentUrl":"https:\/\/odavprint.ee\/wp-content\/uploads\/2018\/10\/odavprint-logo-240.jpg","width":240,"height":36,"caption":"Odav Print O\u00dc"}]},"product_price_amount":"624.20","product_price_currency":"EUR","og_availability":"out of stock","product_availability":"out of stock","product_retailer_item_id":"CFI-1216B","product_condition":"new","geo.placename":"Tallinn","geo.position":{"lat":"59.4306504","long":"24.8095743"},"geo.region":"Estonia"},"_links":{"self":[{"href":"https:\/\/odavprint.ee\/en\/wp-json\/wp\/v2\/product\/197957"}],"collection":[{"href":"https:\/\/odavprint.ee\/en\/wp-json\/wp\/v2\/product"}],"about":[{"href":"https:\/\/odavprint.ee\/en\/wp-json\/wp\/v2\/types\/product"}],"wp:featuredmedia":[{"embeddable":true,"href":"https:\/\/odavprint.ee\/en\/wp-json\/wp\/v2\/media\/197958"}],"wp:attachment":[{"href":"https:\/\/odavprint.ee\/en\/wp-json\/wp\/v2\/media?parent=197957"}],"wp:term":[{"taxonomy":"product_cat","embeddable":true,"href":"https:\/\/odavprint.ee\/en\/wp-json\/wp\/v2\/product_cat?post=197957"},{"taxonomy":"product_tag","embeddable":true,"href":"https:\/\/odavprint.ee\/en\/wp-json\/wp\/v2\/product_tag?post=197957"}],"curies":[{"name":"wp","href":"https:\/\/api.w.org\/{rel}","templated":true}]}}