{"id":197962,"date":"2023-09-11T17:01:07","date_gmt":"2023-09-11T14:01:07","guid":{"rendered":"https:\/\/odavprint.ee\/product\/razer-rz03-03930100-r3m1-huntsman-v2-gaming-keyboard-usb-qwerty-us-english-wired-black\/"},"modified":"2023-09-11T17:04:31","modified_gmt":"2023-09-11T14:04:31","slug":"razer-rz03-03930100-r3m1-huntsman-v2-gaming-keyboard-usb-qwerty-us-english-wired-black","status":"publish","type":"product","link":"https:\/\/odavprint.ee\/en\/product\/razer-rz03-03930100-r3m1-huntsman-v2-gaming-keyboard-usb-qwerty-us-english-wired-black\/","title":{"rendered":"Razer RZ03-03930100-R3M1 Huntsman V2 Gaming keyboard USB QWERTY US English, Wired, Black"},"content":{"rendered":"<p><b>NO FRILLS. ALL PERFORMANCE.<\/b><\/p>\n<p>If all-out advantage is more your speed, arm yourself with responsiveness that\u2019s second to none. Meet the Razer Huntsman V2\u2014 an optical gaming keyboard with near-zero input latency and fully geared out with other high-end features to make it the complete package.<\/p>\n<p>\u00a0<\/p>\n<p><b>RAZER\u2122 OPTICAL SWITCHES<\/b><\/p>\n<p>They\u2019re faster, lighter, and more durable than traditional mechanical switches, with up to true 8000Hz polling rate for lower input latency. Available in two variants\u2014Linear and Clicky.<\/p>\n<p>\u00a0<\/p>\n<p><b>LIGHTNING-FAST ACTUATION<\/b><\/p>\n<p>Swifter Actions With a lighting-fast, and industry leading 0.2ms response time, our 2nd Generation Optical Switches with Razer HyperPolling are 3x faster than Magnetic Switches.<\/p>\n<p>\u00a0<\/p>\n<p><b>LINEAR OPTICAL SWITCHES<\/b><\/p>\n<p>Smooth, Silent Keystrokes Improved with sound dampeners for an even quieter typing experience, the smooth, consistent switches are now also more responsive with up to true 8000Hz polling rate for lower input latency.<\/p>\n<p>\u00a0<\/p>\n<p><b>CLICKY OPTICAL SWITCHES<\/b><\/p>\n<p>Crisp, Tactile Feedback Enjoy quick, snappy keystrokes that sound satisfying and feel lighter than traditional mechanical switches\u2014 with up to true 8000Hz polling rate for lower input latency.<\/p>\n<p>\u00a0<\/p>\n<p><b>DOUBLESHOT PBT KEYCAPS<\/b><\/p>\n<p>Harder and more durable than ABS plastic, these tough keycaps won\u2019t wear down to a shiny finish and have labels which will never fade thanks to their doubleshot molding process.<\/p>\n<p>\u00a0<\/p>\n<p><b>SOUND DAMPENING FOAM<\/b><\/p>\n<p>Added for improved acoustics, the Razer Huntsman V2 has a layer of special foam inside its casing which absorbs any pinging noises that might occur when you bottom out your keys.<\/p>\n<p>\u00a0<\/p>\n<p><b>ERGONOMIC WRIST REST<\/b><\/p>\n<p>Featuring sturdy wrist support perfectly aligns to the keyboard to relieve pressure on your wrists, so you feel less fatigued when gaming over long periods.<\/p>\n<p>\u00a0<\/p>\n<p><b>MULTI-FUNCTION DIGITAL DIAL AND 4 MEDIA KEYS<\/b><\/p>\n<p>Configure them to pause, play, skip and tweak everything from brightness to volume\u2014the ultimate convenience as you enjoy your entertainment.<\/p>\n<p>\u00a0<\/p>\n<p><b>HYBRID ON-BOARD MEMORY AND CLOUD STORAGE<\/b><\/p>\n<p>Be match-ready regardless of the situation when you can save and activate up to 5 on-board memory profiles, while building a library of macros and settings to call upon with cloud storage.<\/p>\n","protected":false},"excerpt":{"rendered":"<p>NO FRILLS. ALL PERFORMANCE. If all-out advantage is more your speed, arm yourself with responsiveness that\u2019s second to none. Meet the Razer Huntsman V2\u2014 an optical gaming keyboard with near-zero input latency and fully geared out with other high-end features to make it the complete package. \u00a0 RAZER\u2122 OPTICAL SWITCHES They\u2019re faster, lighter, and more [&#8230;]\n","protected":false},"featured_media":197963,"template":"","meta":{"inline_featured_image":false},"product_cat":[35473],"product_tag":[],"yoast_head":"<!-- This site is optimized with the Yoast SEO Premium plugin v23.0 (Yoast SEO v23.0) - https:\/\/yoast.com\/wordpress\/plugins\/seo\/ -->\n<title>Razer RZ03-03930100-R3M1 Huntsman V2 Gaming keyboard USB QWERTY US English, Wired, Black, hea hinnaga, osta e-pood - Odav Print<\/title>\n<meta name=\"description\" content=\"Osta Razer RZ03-03930100-R3M1 Huntsman V2 Gaming keyboard USB QWERTY US English, Wired, Black Odav Print \u260e +372 5911 9495 \u2714\ufe0f Parim hind Razer RZ03-03930100-R3M1 Huntsman V2 Gaming keyboard USB QWERTY US English, Wired, Black jaoks \u26df Kiire kohaletoimetamine Eestis \u2b50 Garanteeritud\" \/>\n<meta name=\"robots\" content=\"index, follow, max-snippet:-1, max-image-preview:large, max-video-preview:-1\" \/>\n<link rel=\"canonical\" href=\"https:\/\/odavprint.ee\/en\/product\/razer-rz03-03930100-r3m1-huntsman-v2-gaming-keyboard-usb-qwerty-us-english-wired-black\/\" \/>\n<meta property=\"og:locale\" content=\"en_US\" \/>\n<meta property=\"og:type\" content=\"article\" \/>\n<meta property=\"og:title\" content=\"Razer RZ03-03930100-R3M1 Huntsman V2 Gaming keyboard USB QWERTY US English, Wired, Black\" \/>\n<meta property=\"og:description\" content=\"Osta Razer RZ03-03930100-R3M1 Huntsman V2 Gaming keyboard USB QWERTY US English, Wired, Black Odav Print \u260e +372 5911 9495 \u2714\ufe0f Parim hind Razer RZ03-03930100-R3M1 Huntsman V2 Gaming keyboard USB QWERTY US English, Wired, Black jaoks \u26df Kiire kohaletoimetamine Eestis \u2b50 Garanteeritud\" \/>\n<meta property=\"og:url\" content=\"https:\/\/odavprint.ee\/en\/product\/razer-rz03-03930100-r3m1-huntsman-v2-gaming-keyboard-usb-qwerty-us-english-wired-black\/\" \/>\n<meta property=\"og:site_name\" content=\"Odav Print\" \/>\n<meta property=\"article:modified_time\" content=\"2023-09-11T14:04:31+00:00\" \/>\n<meta property=\"og:image\" content=\"https:\/\/odavprint.ee\/wp-content\/uploads\/2023\/09\/197962_1ee84b37-5cc1-4754-a096-06f3bce47ffa.jpg\" \/>\n\t<meta property=\"og:image:width\" content=\"800\" \/>\n\t<meta property=\"og:image:height\" content=\"499\" \/>\n\t<meta property=\"og:image:type\" content=\"image\/jpeg\" \/>\n<meta name=\"twitter:card\" content=\"summary_large_image\" \/>\n<meta name=\"twitter:label1\" content=\"Price\" \/>\n\t<meta name=\"twitter:data1\" content=\"&euro;230.80\" \/>\n\t<meta name=\"twitter:label2\" content=\"Availability\" \/>\n\t<meta name=\"twitter:data2\" content=\"Out of stock\" \/>\n<script type=\"application\/ld+json\" class=\"yoast-schema-graph\">{\"@context\":\"https:\/\/schema.org\",\"@graph\":[{\"@type\":[\"WebPage\",\"ItemPage\"],\"@id\":\"https:\/\/odavprint.ee\/en\/product\/razer-rz03-03930100-r3m1-huntsman-v2-gaming-keyboard-usb-qwerty-us-english-wired-black\/\",\"url\":\"https:\/\/odavprint.ee\/en\/product\/razer-rz03-03930100-r3m1-huntsman-v2-gaming-keyboard-usb-qwerty-us-english-wired-black\/\",\"name\":\"Razer RZ03-03930100-R3M1 Huntsman V2 Gaming keyboard USB QWERTY US English, Wired, Black, hea hinnaga, osta e-pood - Odav Print\",\"isPartOf\":{\"@id\":\"https:\/\/odavprint.ee\/en\/#website\"},\"primaryImageOfPage\":{\"@id\":\"https:\/\/odavprint.ee\/en\/product\/razer-rz03-03930100-r3m1-huntsman-v2-gaming-keyboard-usb-qwerty-us-english-wired-black\/#primaryimage\"},\"image\":{\"@id\":\"https:\/\/odavprint.ee\/en\/product\/razer-rz03-03930100-r3m1-huntsman-v2-gaming-keyboard-usb-qwerty-us-english-wired-black\/#primaryimage\"},\"thumbnailUrl\":\"https:\/\/odavprint.ee\/wp-content\/uploads\/2023\/09\/197962_1ee84b37-5cc1-4754-a096-06f3bce47ffa.jpg\",\"datePublished\":\"2023-09-11T14:01:07+00:00\",\"dateModified\":\"2023-09-11T14:04:31+00:00\",\"description\":\"Osta Razer RZ03-03930100-R3M1 Huntsman V2 Gaming keyboard USB QWERTY US English, Wired, Black Odav Print \u260e +372 5911 9495 \u2714\ufe0f Parim hind Razer RZ03-03930100-R3M1 Huntsman V2 Gaming keyboard USB QWERTY US English, Wired, Black jaoks \u26df Kiire kohaletoimetamine Eestis \u2b50 Garanteeritud\",\"breadcrumb\":{\"@id\":\"https:\/\/odavprint.ee\/en\/product\/razer-rz03-03930100-r3m1-huntsman-v2-gaming-keyboard-usb-qwerty-us-english-wired-black\/#breadcrumb\"},\"inLanguage\":\"en-US\",\"potentialAction\":[{\"@type\":\"ReadAction\",\"target\":[\"https:\/\/odavprint.ee\/en\/product\/razer-rz03-03930100-r3m1-huntsman-v2-gaming-keyboard-usb-qwerty-us-english-wired-black\/\"]}]},{\"@type\":\"ImageObject\",\"inLanguage\":\"en-US\",\"@id\":\"https:\/\/odavprint.ee\/en\/product\/razer-rz03-03930100-r3m1-huntsman-v2-gaming-keyboard-usb-qwerty-us-english-wired-black\/#primaryimage\",\"url\":\"https:\/\/odavprint.ee\/wp-content\/uploads\/2023\/09\/197962_1ee84b37-5cc1-4754-a096-06f3bce47ffa.jpg\",\"contentUrl\":\"https:\/\/odavprint.ee\/wp-content\/uploads\/2023\/09\/197962_1ee84b37-5cc1-4754-a096-06f3bce47ffa.jpg\",\"width\":800,\"height\":499},{\"@type\":\"BreadcrumbList\",\"@id\":\"https:\/\/odavprint.ee\/en\/product\/razer-rz03-03930100-r3m1-huntsman-v2-gaming-keyboard-usb-qwerty-us-english-wired-black\/#breadcrumb\",\"itemListElement\":[{\"@type\":\"ListItem\",\"position\":1,\"name\":\"Home\",\"item\":\"https:\/\/odavprint.ee\/en\/\"},{\"@type\":\"ListItem\",\"position\":2,\"name\":\"Shop\",\"item\":\"https:\/\/odavprint.ee\/en\/shop\/\"},{\"@type\":\"ListItem\",\"position\":3,\"name\":\"Razer RZ03-03930100-R3M1 Huntsman V2 Gaming keyboard USB QWERTY US English, Wired, Black\"}]},{\"@type\":\"WebSite\",\"@id\":\"https:\/\/odavprint.ee\/en\/#website\",\"url\":\"https:\/\/odavprint.ee\/en\/\",\"name\":\"Odav Print\",\"description\":\"Just another WordPress site\",\"publisher\":{\"@id\":\"https:\/\/odavprint.ee\/en\/#organization\"},\"alternateName\":\"Kassettide, toonerite t\u00e4itmine ja m\u00fc\u00fck.\",\"potentialAction\":[{\"@type\":\"SearchAction\",\"target\":{\"@type\":\"EntryPoint\",\"urlTemplate\":\"https:\/\/odavprint.ee\/en\/?s={search_term_string}\"},\"query-input\":\"required name=search_term_string\"}],\"inLanguage\":\"en-US\"},{\"@type\":[\"Organization\",\"Place\"],\"@id\":\"https:\/\/odavprint.ee\/en\/#organization\",\"name\":\"Odav Print O\u00dc\",\"url\":\"https:\/\/odavprint.ee\/en\/\",\"logo\":{\"@id\":\"https:\/\/odavprint.ee\/en\/product\/razer-rz03-03930100-r3m1-huntsman-v2-gaming-keyboard-usb-qwerty-us-english-wired-black\/#local-main-organization-logo\"},\"image\":{\"@id\":\"https:\/\/odavprint.ee\/en\/product\/razer-rz03-03930100-r3m1-huntsman-v2-gaming-keyboard-usb-qwerty-us-english-wired-black\/#local-main-organization-logo\"},\"address\":{\"@id\":\"https:\/\/odavprint.ee\/en\/product\/razer-rz03-03930100-r3m1-huntsman-v2-gaming-keyboard-usb-qwerty-us-english-wired-black\/#local-main-place-address\"},\"geo\":{\"@type\":\"GeoCoordinates\",\"latitude\":\"59.4306504\",\"longitude\":\"24.8095743\"},\"telephone\":[\"53836926\"],\"openingHoursSpecification\":[{\"@type\":\"OpeningHoursSpecification\",\"dayOfWeek\":[\"Monday\",\"Tuesday\",\"Wednesday\",\"Thursday\",\"Friday\",\"Saturday\",\"Sunday\"],\"opens\":\"09:00\",\"closes\":\"17:00\"}],\"email\":\"info@odavprint.eu\"},{\"@type\":\"PostalAddress\",\"@id\":\"https:\/\/odavprint.ee\/en\/product\/razer-rz03-03930100-r3m1-huntsman-v2-gaming-keyboard-usb-qwerty-us-english-wired-black\/#local-main-place-address\",\"streetAddress\":\"Pae tn 28\",\"addressLocality\":\"Tallinn\",\"postalCode\":\"11415\",\"addressRegion\":\"Harjumaa\",\"addressCountry\":\"EE\"},{\"@type\":\"ImageObject\",\"inLanguage\":\"en-US\",\"@id\":\"https:\/\/odavprint.ee\/en\/product\/razer-rz03-03930100-r3m1-huntsman-v2-gaming-keyboard-usb-qwerty-us-english-wired-black\/#local-main-organization-logo\",\"url\":\"https:\/\/odavprint.ee\/wp-content\/uploads\/2018\/10\/odavprint-logo-240.jpg\",\"contentUrl\":\"https:\/\/odavprint.ee\/wp-content\/uploads\/2018\/10\/odavprint-logo-240.jpg\",\"width\":240,\"height\":36,\"caption\":\"Odav Print O\u00dc\"}]}<\/script>\n<meta property=\"product:price:amount\" content=\"230.80\" \/>\n<meta property=\"product:price:currency\" content=\"EUR\" \/>\n<meta property=\"og:availability\" content=\"out of stock\" \/>\n<meta property=\"product:availability\" content=\"out of stock\" \/>\n<meta property=\"product:retailer_item_id\" content=\"RZ03-03930100-R3M1\" \/>\n<meta property=\"product:condition\" content=\"new\" \/>\n<meta name=\"geo.placename\" content=\"Tallinn\" \/>\n<meta name=\"geo.position\" content=\"59.4306504;24.8095743\" \/>\n<meta name=\"geo.region\" content=\"Estonia\" \/>\n<!-- \/ Yoast SEO Premium plugin. -->","yoast_head_json":{"title":"Razer RZ03-03930100-R3M1 Huntsman V2 Gaming keyboard USB QWERTY US English, Wired, Black, hea hinnaga, osta e-pood - Odav Print","description":"Osta Razer RZ03-03930100-R3M1 Huntsman V2 Gaming keyboard USB QWERTY US English, Wired, Black Odav Print \u260e +372 5911 9495 \u2714\ufe0f Parim hind Razer RZ03-03930100-R3M1 Huntsman V2 Gaming keyboard USB QWERTY US English, Wired, Black jaoks \u26df Kiire kohaletoimetamine Eestis \u2b50 Garanteeritud","robots":{"index":"index","follow":"follow","max-snippet":"max-snippet:-1","max-image-preview":"max-image-preview:large","max-video-preview":"max-video-preview:-1"},"canonical":"https:\/\/odavprint.ee\/en\/product\/razer-rz03-03930100-r3m1-huntsman-v2-gaming-keyboard-usb-qwerty-us-english-wired-black\/","og_locale":"en_US","og_type":"article","og_title":"Razer RZ03-03930100-R3M1 Huntsman V2 Gaming keyboard USB QWERTY US English, Wired, Black","og_description":"Osta Razer RZ03-03930100-R3M1 Huntsman V2 Gaming keyboard USB QWERTY US English, Wired, Black Odav Print \u260e +372 5911 9495 \u2714\ufe0f Parim hind Razer RZ03-03930100-R3M1 Huntsman V2 Gaming keyboard USB QWERTY US English, Wired, Black jaoks \u26df Kiire kohaletoimetamine Eestis \u2b50 Garanteeritud","og_url":"https:\/\/odavprint.ee\/en\/product\/razer-rz03-03930100-r3m1-huntsman-v2-gaming-keyboard-usb-qwerty-us-english-wired-black\/","og_site_name":"Odav Print","article_modified_time":"2023-09-11T14:04:31+00:00","og_image":[{"width":800,"height":499,"url":"https:\/\/odavprint.ee\/wp-content\/uploads\/2023\/09\/197962_1ee84b37-5cc1-4754-a096-06f3bce47ffa.jpg","type":"image\/jpeg"}],"twitter_card":"summary_large_image","twitter_misc":{"Price":"&euro;230.80","Availability":"Out of stock"},"schema":{"@context":"https:\/\/schema.org","@graph":[{"@type":["WebPage","ItemPage"],"@id":"https:\/\/odavprint.ee\/en\/product\/razer-rz03-03930100-r3m1-huntsman-v2-gaming-keyboard-usb-qwerty-us-english-wired-black\/","url":"https:\/\/odavprint.ee\/en\/product\/razer-rz03-03930100-r3m1-huntsman-v2-gaming-keyboard-usb-qwerty-us-english-wired-black\/","name":"Razer RZ03-03930100-R3M1 Huntsman V2 Gaming keyboard USB QWERTY US English, Wired, Black, hea hinnaga, osta e-pood - Odav Print","isPartOf":{"@id":"https:\/\/odavprint.ee\/en\/#website"},"primaryImageOfPage":{"@id":"https:\/\/odavprint.ee\/en\/product\/razer-rz03-03930100-r3m1-huntsman-v2-gaming-keyboard-usb-qwerty-us-english-wired-black\/#primaryimage"},"image":{"@id":"https:\/\/odavprint.ee\/en\/product\/razer-rz03-03930100-r3m1-huntsman-v2-gaming-keyboard-usb-qwerty-us-english-wired-black\/#primaryimage"},"thumbnailUrl":"https:\/\/odavprint.ee\/wp-content\/uploads\/2023\/09\/197962_1ee84b37-5cc1-4754-a096-06f3bce47ffa.jpg","datePublished":"2023-09-11T14:01:07+00:00","dateModified":"2023-09-11T14:04:31+00:00","description":"Osta Razer RZ03-03930100-R3M1 Huntsman V2 Gaming keyboard USB QWERTY US English, Wired, Black Odav Print \u260e +372 5911 9495 \u2714\ufe0f Parim hind Razer RZ03-03930100-R3M1 Huntsman V2 Gaming keyboard USB QWERTY US English, Wired, Black jaoks \u26df Kiire kohaletoimetamine Eestis \u2b50 Garanteeritud","breadcrumb":{"@id":"https:\/\/odavprint.ee\/en\/product\/razer-rz03-03930100-r3m1-huntsman-v2-gaming-keyboard-usb-qwerty-us-english-wired-black\/#breadcrumb"},"inLanguage":"en-US","potentialAction":[{"@type":"ReadAction","target":["https:\/\/odavprint.ee\/en\/product\/razer-rz03-03930100-r3m1-huntsman-v2-gaming-keyboard-usb-qwerty-us-english-wired-black\/"]}]},{"@type":"ImageObject","inLanguage":"en-US","@id":"https:\/\/odavprint.ee\/en\/product\/razer-rz03-03930100-r3m1-huntsman-v2-gaming-keyboard-usb-qwerty-us-english-wired-black\/#primaryimage","url":"https:\/\/odavprint.ee\/wp-content\/uploads\/2023\/09\/197962_1ee84b37-5cc1-4754-a096-06f3bce47ffa.jpg","contentUrl":"https:\/\/odavprint.ee\/wp-content\/uploads\/2023\/09\/197962_1ee84b37-5cc1-4754-a096-06f3bce47ffa.jpg","width":800,"height":499},{"@type":"BreadcrumbList","@id":"https:\/\/odavprint.ee\/en\/product\/razer-rz03-03930100-r3m1-huntsman-v2-gaming-keyboard-usb-qwerty-us-english-wired-black\/#breadcrumb","itemListElement":[{"@type":"ListItem","position":1,"name":"Home","item":"https:\/\/odavprint.ee\/en\/"},{"@type":"ListItem","position":2,"name":"Shop","item":"https:\/\/odavprint.ee\/en\/shop\/"},{"@type":"ListItem","position":3,"name":"Razer RZ03-03930100-R3M1 Huntsman V2 Gaming keyboard USB QWERTY US English, Wired, Black"}]},{"@type":"WebSite","@id":"https:\/\/odavprint.ee\/en\/#website","url":"https:\/\/odavprint.ee\/en\/","name":"Odav Print","description":"Just another WordPress site","publisher":{"@id":"https:\/\/odavprint.ee\/en\/#organization"},"alternateName":"Kassettide, toonerite t\u00e4itmine ja m\u00fc\u00fck.","potentialAction":[{"@type":"SearchAction","target":{"@type":"EntryPoint","urlTemplate":"https:\/\/odavprint.ee\/en\/?s={search_term_string}"},"query-input":"required name=search_term_string"}],"inLanguage":"en-US"},{"@type":["Organization","Place"],"@id":"https:\/\/odavprint.ee\/en\/#organization","name":"Odav Print O\u00dc","url":"https:\/\/odavprint.ee\/en\/","logo":{"@id":"https:\/\/odavprint.ee\/en\/product\/razer-rz03-03930100-r3m1-huntsman-v2-gaming-keyboard-usb-qwerty-us-english-wired-black\/#local-main-organization-logo"},"image":{"@id":"https:\/\/odavprint.ee\/en\/product\/razer-rz03-03930100-r3m1-huntsman-v2-gaming-keyboard-usb-qwerty-us-english-wired-black\/#local-main-organization-logo"},"address":{"@id":"https:\/\/odavprint.ee\/en\/product\/razer-rz03-03930100-r3m1-huntsman-v2-gaming-keyboard-usb-qwerty-us-english-wired-black\/#local-main-place-address"},"geo":{"@type":"GeoCoordinates","latitude":"59.4306504","longitude":"24.8095743"},"telephone":["53836926"],"openingHoursSpecification":[{"@type":"OpeningHoursSpecification","dayOfWeek":["Monday","Tuesday","Wednesday","Thursday","Friday","Saturday","Sunday"],"opens":"09:00","closes":"17:00"}],"email":"info@odavprint.eu"},{"@type":"PostalAddress","@id":"https:\/\/odavprint.ee\/en\/product\/razer-rz03-03930100-r3m1-huntsman-v2-gaming-keyboard-usb-qwerty-us-english-wired-black\/#local-main-place-address","streetAddress":"Pae tn 28","addressLocality":"Tallinn","postalCode":"11415","addressRegion":"Harjumaa","addressCountry":"EE"},{"@type":"ImageObject","inLanguage":"en-US","@id":"https:\/\/odavprint.ee\/en\/product\/razer-rz03-03930100-r3m1-huntsman-v2-gaming-keyboard-usb-qwerty-us-english-wired-black\/#local-main-organization-logo","url":"https:\/\/odavprint.ee\/wp-content\/uploads\/2018\/10\/odavprint-logo-240.jpg","contentUrl":"https:\/\/odavprint.ee\/wp-content\/uploads\/2018\/10\/odavprint-logo-240.jpg","width":240,"height":36,"caption":"Odav Print O\u00dc"}]},"product_price_amount":"230.80","product_price_currency":"EUR","og_availability":"out of stock","product_availability":"out of stock","product_retailer_item_id":"RZ03-03930100-R3M1","product_condition":"new","geo.placename":"Tallinn","geo.position":{"lat":"59.4306504","long":"24.8095743"},"geo.region":"Estonia"},"_links":{"self":[{"href":"https:\/\/odavprint.ee\/en\/wp-json\/wp\/v2\/product\/197962"}],"collection":[{"href":"https:\/\/odavprint.ee\/en\/wp-json\/wp\/v2\/product"}],"about":[{"href":"https:\/\/odavprint.ee\/en\/wp-json\/wp\/v2\/types\/product"}],"wp:featuredmedia":[{"embeddable":true,"href":"https:\/\/odavprint.ee\/en\/wp-json\/wp\/v2\/media\/197963"}],"wp:attachment":[{"href":"https:\/\/odavprint.ee\/en\/wp-json\/wp\/v2\/media?parent=197962"}],"wp:term":[{"taxonomy":"product_cat","embeddable":true,"href":"https:\/\/odavprint.ee\/en\/wp-json\/wp\/v2\/product_cat?post=197962"},{"taxonomy":"product_tag","embeddable":true,"href":"https:\/\/odavprint.ee\/en\/wp-json\/wp\/v2\/product_tag?post=197962"}],"curies":[{"name":"wp","href":"https:\/\/api.w.org\/{rel}","templated":true}]}}