{"id":198599,"date":"2023-09-13T11:21:03","date_gmt":"2023-09-13T08:21:03","guid":{"rendered":"https:\/\/odavprint.ee\/product\/lamp-led-ds-sx03-9w-dark-grey\/"},"modified":"2023-09-13T11:21:04","modified_gmt":"2023-09-13T08:21:04","slug":"lamp-led-ds-sx03-9w-dark-grey","status":"publish","type":"product","link":"https:\/\/odavprint.ee\/en\/product\/lamp-led-ds-sx03-9w-dark-grey\/","title":{"rendered":"Lamp LED DS-SX03 9W, dark grey"},"content":{"rendered":"<p style=\"font-size: 13.3333px;\">A touch-sensitive LED table lamp with a modern design for your desk at home or in the office. This LED lamp is suitable for use in almost all environments thanks to the adjustable light intensity and light temperature of 3000-6500K.<\/p>\n<p style=\"font-size: 13.3333px;\">\u00a0<\/p>\n<p style=\"font-size: 13.3333px;\">The light intensity can be adjusted up to 450 lumens, providing gentle additional light or proper work light on your desk. Adjustable light temperature increases productivity &#8211; in the middle of the day, a colder light tone helps keep you more alert, and warmer tones in the evening have a more calming effect.<\/p>\n<p style=\"font-size: 13.3333px;\">\u00a0<\/p>\n<p style=\"font-size: 13.3333px;\">The lamp has a USB port that allows you to charge a smartphone, tablet, wireless headset and other 5V USB devices.<\/p>\n<p style=\"font-size: 13.3333px;\">\u00a0<\/p>\n<p style=\"font-size: 13.3333px;\">\u2022 3 lighting modes<\/p>\n<p style=\"font-size: 13.3333px;\">\u2022 Adjustable brightness<\/p>\n<p style=\"font-size: 13.3333px;\">\u2022 Light memory function<\/p>\n<p style=\"font-size: 13.3333px;\">\u2022 Timer mode<\/p>\n<p style=\"font-size: 13.3333px;\">\u2022 Maximum luminous flux: 450 lum<\/p>\n<p style=\"font-size: 13.3333px;\">\u2022 Light intensity 2659 lux.<\/p>\n<p style=\"font-size: 13.3333px;\">\u00a0<\/p>\n<p style=\"font-size: 13.3333px;\">\u00a0<\/p>\n<p style=\"font-size: 13.3333px;\">LED type: 0.2W x 72pcs SMD2835<\/p>\n<p style=\"font-size: 13.3333px;\">\u00a0<\/p>\n<p><b>Technical specifications<\/b><\/p>\n<p>Light intensity: 350LM,>300lux<\/p>\n<p>Weight: 1.3 kg<\/p>\n<p>Dimensions: 210*140*480MM<\/p>\n<p>Power: 9W<\/p>\n<p style=\"font-size: 13.3333px;\">\u00a0<\/p>\n<p>Material: ABS + metal<\/p>\n","protected":false},"excerpt":{"rendered":"<p>A touch-sensitive LED table lamp with a modern design for your desk at home or in the office. This LED lamp is suitable for use in almost all environments thanks to the adjustable light intensity and light temperature of 3000-6500K. \u00a0 The light intensity can be adjusted up to 450 lumens, providing gentle additional light [&#8230;]\n","protected":false},"featured_media":198604,"template":"","meta":{"inline_featured_image":false},"product_cat":[17248],"product_tag":[],"yoast_head":"<!-- This site is optimized with the Yoast SEO Premium plugin v23.0 (Yoast SEO v23.0) - https:\/\/yoast.com\/wordpress\/plugins\/seo\/ -->\n<title>Lamp LED DS-SX03 9W, dark grey, hea hinnaga, osta e-pood - Odav Print<\/title>\n<meta name=\"description\" content=\"Osta Lamp LED DS-SX03 9W, dark grey Odav Print \u260e +372 5911 9495 \u2714\ufe0f Parim hind Lamp LED DS-SX03 9W, dark grey jaoks \u26df Kiire kohaletoimetamine Eestis \u2b50 Garanteeritud\" \/>\n<meta name=\"robots\" content=\"index, follow, max-snippet:-1, max-image-preview:large, max-video-preview:-1\" \/>\n<link rel=\"canonical\" href=\"https:\/\/odavprint.ee\/en\/product\/lamp-led-ds-sx03-9w-dark-grey\/\" \/>\n<meta property=\"og:locale\" content=\"en_US\" \/>\n<meta property=\"og:type\" content=\"article\" \/>\n<meta property=\"og:title\" content=\"Lamp LED DS-SX03 9W, dark grey\" \/>\n<meta property=\"og:description\" content=\"Osta Lamp LED DS-SX03 9W, dark grey Odav Print \u260e +372 5911 9495 \u2714\ufe0f Parim hind Lamp LED DS-SX03 9W, dark grey jaoks \u26df Kiire kohaletoimetamine Eestis \u2b50 Garanteeritud\" \/>\n<meta property=\"og:url\" content=\"https:\/\/odavprint.ee\/en\/product\/lamp-led-ds-sx03-9w-dark-grey\/\" \/>\n<meta property=\"og:site_name\" content=\"Odav Print\" \/>\n<meta property=\"article:modified_time\" content=\"2023-09-13T08:21:04+00:00\" \/>\n<meta property=\"og:image\" content=\"https:\/\/odavprint.ee\/wp-content\/uploads\/2023\/09\/198599_hBoWlGMwHD8r9KSLG0jHRs1BfULb7zkcoRs6tSFA.png\" \/>\n\t<meta property=\"og:image:width\" content=\"489\" \/>\n\t<meta property=\"og:image:height\" content=\"500\" \/>\n\t<meta property=\"og:image:type\" content=\"image\/png\" \/>\n<meta name=\"twitter:card\" content=\"summary_large_image\" \/>\n<meta name=\"twitter:label1\" content=\"Price\" \/>\n\t<meta name=\"twitter:data1\" content=\"&euro;86.30\" \/>\n\t<meta name=\"twitter:label2\" content=\"Availability\" \/>\n\t<meta name=\"twitter:data2\" content=\"Out of stock\" \/>\n<script type=\"application\/ld+json\" class=\"yoast-schema-graph\">{\"@context\":\"https:\/\/schema.org\",\"@graph\":[{\"@type\":[\"WebPage\",\"ItemPage\"],\"@id\":\"https:\/\/odavprint.ee\/en\/product\/lamp-led-ds-sx03-9w-dark-grey\/\",\"url\":\"https:\/\/odavprint.ee\/en\/product\/lamp-led-ds-sx03-9w-dark-grey\/\",\"name\":\"Lamp LED DS-SX03 9W, dark grey, hea hinnaga, osta e-pood - Odav Print\",\"isPartOf\":{\"@id\":\"https:\/\/odavprint.ee\/en\/#website\"},\"primaryImageOfPage\":{\"@id\":\"https:\/\/odavprint.ee\/en\/product\/lamp-led-ds-sx03-9w-dark-grey\/#primaryimage\"},\"image\":{\"@id\":\"https:\/\/odavprint.ee\/en\/product\/lamp-led-ds-sx03-9w-dark-grey\/#primaryimage\"},\"thumbnailUrl\":\"https:\/\/odavprint.ee\/wp-content\/uploads\/2023\/09\/198599_hBoWlGMwHD8r9KSLG0jHRs1BfULb7zkcoRs6tSFA.png\",\"datePublished\":\"2023-09-13T08:21:03+00:00\",\"dateModified\":\"2023-09-13T08:21:04+00:00\",\"description\":\"Osta Lamp LED DS-SX03 9W, dark grey Odav Print \u260e +372 5911 9495 \u2714\ufe0f Parim hind Lamp LED DS-SX03 9W, dark grey jaoks \u26df Kiire kohaletoimetamine Eestis \u2b50 Garanteeritud\",\"breadcrumb\":{\"@id\":\"https:\/\/odavprint.ee\/en\/product\/lamp-led-ds-sx03-9w-dark-grey\/#breadcrumb\"},\"inLanguage\":\"en-US\",\"potentialAction\":[{\"@type\":\"ReadAction\",\"target\":[\"https:\/\/odavprint.ee\/en\/product\/lamp-led-ds-sx03-9w-dark-grey\/\"]}]},{\"@type\":\"ImageObject\",\"inLanguage\":\"en-US\",\"@id\":\"https:\/\/odavprint.ee\/en\/product\/lamp-led-ds-sx03-9w-dark-grey\/#primaryimage\",\"url\":\"https:\/\/odavprint.ee\/wp-content\/uploads\/2023\/09\/198599_hBoWlGMwHD8r9KSLG0jHRs1BfULb7zkcoRs6tSFA.png\",\"contentUrl\":\"https:\/\/odavprint.ee\/wp-content\/uploads\/2023\/09\/198599_hBoWlGMwHD8r9KSLG0jHRs1BfULb7zkcoRs6tSFA.png\",\"width\":489,\"height\":500},{\"@type\":\"BreadcrumbList\",\"@id\":\"https:\/\/odavprint.ee\/en\/product\/lamp-led-ds-sx03-9w-dark-grey\/#breadcrumb\",\"itemListElement\":[{\"@type\":\"ListItem\",\"position\":1,\"name\":\"Home\",\"item\":\"https:\/\/odavprint.ee\/en\/\"},{\"@type\":\"ListItem\",\"position\":2,\"name\":\"Shop\",\"item\":\"https:\/\/odavprint.ee\/en\/shop\/\"},{\"@type\":\"ListItem\",\"position\":3,\"name\":\"Lamp LED DS-SX03 9W, dark grey\"}]},{\"@type\":\"WebSite\",\"@id\":\"https:\/\/odavprint.ee\/en\/#website\",\"url\":\"https:\/\/odavprint.ee\/en\/\",\"name\":\"Odav Print\",\"description\":\"Just another WordPress site\",\"publisher\":{\"@id\":\"https:\/\/odavprint.ee\/en\/#organization\"},\"alternateName\":\"Kassettide, toonerite t\u00e4itmine ja m\u00fc\u00fck.\",\"potentialAction\":[{\"@type\":\"SearchAction\",\"target\":{\"@type\":\"EntryPoint\",\"urlTemplate\":\"https:\/\/odavprint.ee\/en\/?s={search_term_string}\"},\"query-input\":\"required name=search_term_string\"}],\"inLanguage\":\"en-US\"},{\"@type\":[\"Organization\",\"Place\"],\"@id\":\"https:\/\/odavprint.ee\/en\/#organization\",\"name\":\"Odav Print O\u00dc\",\"url\":\"https:\/\/odavprint.ee\/en\/\",\"logo\":{\"@id\":\"https:\/\/odavprint.ee\/en\/product\/lamp-led-ds-sx03-9w-dark-grey\/#local-main-organization-logo\"},\"image\":{\"@id\":\"https:\/\/odavprint.ee\/en\/product\/lamp-led-ds-sx03-9w-dark-grey\/#local-main-organization-logo\"},\"address\":{\"@id\":\"https:\/\/odavprint.ee\/en\/product\/lamp-led-ds-sx03-9w-dark-grey\/#local-main-place-address\"},\"geo\":{\"@type\":\"GeoCoordinates\",\"latitude\":\"59.4306504\",\"longitude\":\"24.8095743\"},\"telephone\":[\"53836926\"],\"openingHoursSpecification\":[{\"@type\":\"OpeningHoursSpecification\",\"dayOfWeek\":[\"Monday\",\"Tuesday\",\"Wednesday\",\"Thursday\",\"Friday\",\"Saturday\",\"Sunday\"],\"opens\":\"09:00\",\"closes\":\"17:00\"}],\"email\":\"info@odavprint.eu\"},{\"@type\":\"PostalAddress\",\"@id\":\"https:\/\/odavprint.ee\/en\/product\/lamp-led-ds-sx03-9w-dark-grey\/#local-main-place-address\",\"streetAddress\":\"Pae tn 28\",\"addressLocality\":\"Tallinn\",\"postalCode\":\"11415\",\"addressRegion\":\"Harjumaa\",\"addressCountry\":\"EE\"},{\"@type\":\"ImageObject\",\"inLanguage\":\"en-US\",\"@id\":\"https:\/\/odavprint.ee\/en\/product\/lamp-led-ds-sx03-9w-dark-grey\/#local-main-organization-logo\",\"url\":\"https:\/\/odavprint.ee\/wp-content\/uploads\/2018\/10\/odavprint-logo-240.jpg\",\"contentUrl\":\"https:\/\/odavprint.ee\/wp-content\/uploads\/2018\/10\/odavprint-logo-240.jpg\",\"width\":240,\"height\":36,\"caption\":\"Odav Print O\u00dc\"}]}<\/script>\n<meta property=\"product:price:amount\" content=\"86.30\" \/>\n<meta property=\"product:price:currency\" content=\"EUR\" \/>\n<meta property=\"og:availability\" content=\"out of stock\" \/>\n<meta property=\"product:availability\" content=\"out of stock\" \/>\n<meta property=\"product:retailer_item_id\" content=\"THVAL350352\" \/>\n<meta property=\"product:condition\" content=\"new\" \/>\n<meta name=\"geo.placename\" content=\"Tallinn\" \/>\n<meta name=\"geo.position\" content=\"59.4306504;24.8095743\" \/>\n<meta name=\"geo.region\" content=\"Estonia\" \/>\n<!-- \/ Yoast SEO Premium plugin. -->","yoast_head_json":{"title":"Lamp LED DS-SX03 9W, dark grey, hea hinnaga, osta e-pood - Odav Print","description":"Osta Lamp LED DS-SX03 9W, dark grey Odav Print \u260e +372 5911 9495 \u2714\ufe0f Parim hind Lamp LED DS-SX03 9W, dark grey jaoks \u26df Kiire kohaletoimetamine Eestis \u2b50 Garanteeritud","robots":{"index":"index","follow":"follow","max-snippet":"max-snippet:-1","max-image-preview":"max-image-preview:large","max-video-preview":"max-video-preview:-1"},"canonical":"https:\/\/odavprint.ee\/en\/product\/lamp-led-ds-sx03-9w-dark-grey\/","og_locale":"en_US","og_type":"article","og_title":"Lamp LED DS-SX03 9W, dark grey","og_description":"Osta Lamp LED DS-SX03 9W, dark grey Odav Print \u260e +372 5911 9495 \u2714\ufe0f Parim hind Lamp LED DS-SX03 9W, dark grey jaoks \u26df Kiire kohaletoimetamine Eestis \u2b50 Garanteeritud","og_url":"https:\/\/odavprint.ee\/en\/product\/lamp-led-ds-sx03-9w-dark-grey\/","og_site_name":"Odav Print","article_modified_time":"2023-09-13T08:21:04+00:00","og_image":[{"width":489,"height":500,"url":"https:\/\/odavprint.ee\/wp-content\/uploads\/2023\/09\/198599_hBoWlGMwHD8r9KSLG0jHRs1BfULb7zkcoRs6tSFA.png","type":"image\/png"}],"twitter_card":"summary_large_image","twitter_misc":{"Price":"&euro;86.30","Availability":"Out of stock"},"schema":{"@context":"https:\/\/schema.org","@graph":[{"@type":["WebPage","ItemPage"],"@id":"https:\/\/odavprint.ee\/en\/product\/lamp-led-ds-sx03-9w-dark-grey\/","url":"https:\/\/odavprint.ee\/en\/product\/lamp-led-ds-sx03-9w-dark-grey\/","name":"Lamp LED DS-SX03 9W, dark grey, hea hinnaga, osta e-pood - Odav Print","isPartOf":{"@id":"https:\/\/odavprint.ee\/en\/#website"},"primaryImageOfPage":{"@id":"https:\/\/odavprint.ee\/en\/product\/lamp-led-ds-sx03-9w-dark-grey\/#primaryimage"},"image":{"@id":"https:\/\/odavprint.ee\/en\/product\/lamp-led-ds-sx03-9w-dark-grey\/#primaryimage"},"thumbnailUrl":"https:\/\/odavprint.ee\/wp-content\/uploads\/2023\/09\/198599_hBoWlGMwHD8r9KSLG0jHRs1BfULb7zkcoRs6tSFA.png","datePublished":"2023-09-13T08:21:03+00:00","dateModified":"2023-09-13T08:21:04+00:00","description":"Osta Lamp LED DS-SX03 9W, dark grey Odav Print \u260e +372 5911 9495 \u2714\ufe0f Parim hind Lamp LED DS-SX03 9W, dark grey jaoks \u26df Kiire kohaletoimetamine Eestis \u2b50 Garanteeritud","breadcrumb":{"@id":"https:\/\/odavprint.ee\/en\/product\/lamp-led-ds-sx03-9w-dark-grey\/#breadcrumb"},"inLanguage":"en-US","potentialAction":[{"@type":"ReadAction","target":["https:\/\/odavprint.ee\/en\/product\/lamp-led-ds-sx03-9w-dark-grey\/"]}]},{"@type":"ImageObject","inLanguage":"en-US","@id":"https:\/\/odavprint.ee\/en\/product\/lamp-led-ds-sx03-9w-dark-grey\/#primaryimage","url":"https:\/\/odavprint.ee\/wp-content\/uploads\/2023\/09\/198599_hBoWlGMwHD8r9KSLG0jHRs1BfULb7zkcoRs6tSFA.png","contentUrl":"https:\/\/odavprint.ee\/wp-content\/uploads\/2023\/09\/198599_hBoWlGMwHD8r9KSLG0jHRs1BfULb7zkcoRs6tSFA.png","width":489,"height":500},{"@type":"BreadcrumbList","@id":"https:\/\/odavprint.ee\/en\/product\/lamp-led-ds-sx03-9w-dark-grey\/#breadcrumb","itemListElement":[{"@type":"ListItem","position":1,"name":"Home","item":"https:\/\/odavprint.ee\/en\/"},{"@type":"ListItem","position":2,"name":"Shop","item":"https:\/\/odavprint.ee\/en\/shop\/"},{"@type":"ListItem","position":3,"name":"Lamp LED DS-SX03 9W, dark grey"}]},{"@type":"WebSite","@id":"https:\/\/odavprint.ee\/en\/#website","url":"https:\/\/odavprint.ee\/en\/","name":"Odav Print","description":"Just another WordPress site","publisher":{"@id":"https:\/\/odavprint.ee\/en\/#organization"},"alternateName":"Kassettide, toonerite t\u00e4itmine ja m\u00fc\u00fck.","potentialAction":[{"@type":"SearchAction","target":{"@type":"EntryPoint","urlTemplate":"https:\/\/odavprint.ee\/en\/?s={search_term_string}"},"query-input":"required name=search_term_string"}],"inLanguage":"en-US"},{"@type":["Organization","Place"],"@id":"https:\/\/odavprint.ee\/en\/#organization","name":"Odav Print O\u00dc","url":"https:\/\/odavprint.ee\/en\/","logo":{"@id":"https:\/\/odavprint.ee\/en\/product\/lamp-led-ds-sx03-9w-dark-grey\/#local-main-organization-logo"},"image":{"@id":"https:\/\/odavprint.ee\/en\/product\/lamp-led-ds-sx03-9w-dark-grey\/#local-main-organization-logo"},"address":{"@id":"https:\/\/odavprint.ee\/en\/product\/lamp-led-ds-sx03-9w-dark-grey\/#local-main-place-address"},"geo":{"@type":"GeoCoordinates","latitude":"59.4306504","longitude":"24.8095743"},"telephone":["53836926"],"openingHoursSpecification":[{"@type":"OpeningHoursSpecification","dayOfWeek":["Monday","Tuesday","Wednesday","Thursday","Friday","Saturday","Sunday"],"opens":"09:00","closes":"17:00"}],"email":"info@odavprint.eu"},{"@type":"PostalAddress","@id":"https:\/\/odavprint.ee\/en\/product\/lamp-led-ds-sx03-9w-dark-grey\/#local-main-place-address","streetAddress":"Pae tn 28","addressLocality":"Tallinn","postalCode":"11415","addressRegion":"Harjumaa","addressCountry":"EE"},{"@type":"ImageObject","inLanguage":"en-US","@id":"https:\/\/odavprint.ee\/en\/product\/lamp-led-ds-sx03-9w-dark-grey\/#local-main-organization-logo","url":"https:\/\/odavprint.ee\/wp-content\/uploads\/2018\/10\/odavprint-logo-240.jpg","contentUrl":"https:\/\/odavprint.ee\/wp-content\/uploads\/2018\/10\/odavprint-logo-240.jpg","width":240,"height":36,"caption":"Odav Print O\u00dc"}]},"product_price_amount":"86.30","product_price_currency":"EUR","og_availability":"out of stock","product_availability":"out of stock","product_retailer_item_id":"THVAL350352","product_condition":"new","geo.placename":"Tallinn","geo.position":{"lat":"59.4306504","long":"24.8095743"},"geo.region":"Estonia"},"_links":{"self":[{"href":"https:\/\/odavprint.ee\/en\/wp-json\/wp\/v2\/product\/198599"}],"collection":[{"href":"https:\/\/odavprint.ee\/en\/wp-json\/wp\/v2\/product"}],"about":[{"href":"https:\/\/odavprint.ee\/en\/wp-json\/wp\/v2\/types\/product"}],"wp:featuredmedia":[{"embeddable":true,"href":"https:\/\/odavprint.ee\/en\/wp-json\/wp\/v2\/media\/198604"}],"wp:attachment":[{"href":"https:\/\/odavprint.ee\/en\/wp-json\/wp\/v2\/media?parent=198599"}],"wp:term":[{"taxonomy":"product_cat","embeddable":true,"href":"https:\/\/odavprint.ee\/en\/wp-json\/wp\/v2\/product_cat?post=198599"},{"taxonomy":"product_tag","embeddable":true,"href":"https:\/\/odavprint.ee\/en\/wp-json\/wp\/v2\/product_tag?post=198599"}],"curies":[{"name":"wp","href":"https:\/\/api.w.org\/{rel}","templated":true}]}}