{"id":198742,"date":"2023-09-13T13:45:28","date_gmt":"2023-09-13T10:45:28","guid":{"rendered":"https:\/\/odavprint.ee\/product\/technaxx-10a-battery-charger-with-compressor-tx-193\/"},"modified":"2023-09-13T13:56:47","modified_gmt":"2023-09-13T10:56:47","slug":"technaxx-10a-battery-charger-with-compressor-tx-193","status":"publish","type":"product","link":"https:\/\/odavprint.ee\/en\/product\/technaxx-10a-battery-charger-with-compressor-tx-193\/","title":{"rendered":"Technaxx 10A Battery Charger with Compressor TX-193"},"content":{"rendered":"<div>Features:<\/div>\n<div>\u00a0<\/div>\n<div>Charging current max. 10A<\/div>\n<div>Charge AGM, wet and gel batteries<\/div>\n<div>Automatic recognition of 12V and 6V batteries<\/div>\n<div>Charging current from 1A to 10A<\/div>\n<div>Short circuit, reverse polarity, overheating and overcharging protection<\/div>\n<div>Compressor with up to 8 bar<\/div>\n<div>Automatic cut-off when the set pressure is reached<\/div>\n<div>\u00a0<\/div>\n<div>Technical specifications:<\/div>\n<div>LC display with indicators for charging current\/ battery type, voltage and pressure.<\/div>\n<div>Input voltage 230V 50Hz<\/div>\n<div>Charging current: 1,3,5 and 10A<\/div>\n<div>Charges AGM, wet and gel batteries<\/div>\n<div>Mains cable approx. 180cm<\/div>\n<div>Charging cable approx. 180cm<\/div>\n<div>Air hose approx. 300cm (stretched)<\/div>\n<div>USB-A output with max. 5V, 2.4A<\/div>\n<div>USB-C output with 5-12V up to 18W power<\/div>\n<div>LED light<\/div>\n<div>\u00a0<\/div>\n<div>Package contents:<\/div>\n<div>10A battery charger with compressor TX-193, user manual, adapter set, compressed air hose with 90\u00b0 valve adapter<\/div>\n<div>\u00a0<\/div>\n<div>Weight and Dimensions:<\/div>\n<div>Weight device: 2.9kg<\/div>\n<div>Dimensions device: 34x12x20cm<\/div>\n","protected":false},"excerpt":{"rendered":"<p>Features: \u00a0 Charging current max. 10A Charge AGM, wet and gel batteries Automatic recognition of 12V and 6V batteries Charging current from 1A to 10A Short circuit, reverse polarity, overheating and overcharging protection Compressor with up to 8 bar Automatic cut-off when the set pressure is reached \u00a0 Technical specifications: LC display with indicators for [&#8230;]\n","protected":false},"featured_media":198743,"template":"","meta":{"inline_featured_image":false},"product_cat":[38005],"product_tag":[],"yoast_head":"<!-- This site is optimized with the Yoast SEO Premium plugin v23.0 (Yoast SEO v23.0) - https:\/\/yoast.com\/wordpress\/plugins\/seo\/ -->\n<title>Technaxx 10A Battery Charger with Compressor TX-193, hea hinnaga, osta e-pood - Odav Print<\/title>\n<meta name=\"description\" content=\"Osta Technaxx 10A Battery Charger with Compressor TX-193 Odav Print \u260e +372 5911 9495 \u2714\ufe0f Parim hind Technaxx 10A Battery Charger with Compressor TX-193 jaoks \u26df Kiire kohaletoimetamine Eestis \u2b50 Garanteeritud\" \/>\n<meta name=\"robots\" content=\"index, follow, max-snippet:-1, max-image-preview:large, max-video-preview:-1\" \/>\n<link rel=\"canonical\" href=\"https:\/\/odavprint.ee\/en\/product\/technaxx-10a-battery-charger-with-compressor-tx-193\/\" \/>\n<meta property=\"og:locale\" content=\"en_US\" \/>\n<meta property=\"og:type\" content=\"article\" \/>\n<meta property=\"og:title\" content=\"Technaxx 10A Battery Charger with Compressor TX-193\" \/>\n<meta property=\"og:description\" content=\"Osta Technaxx 10A Battery Charger with Compressor TX-193 Odav Print \u260e +372 5911 9495 \u2714\ufe0f Parim hind Technaxx 10A Battery Charger with Compressor TX-193 jaoks \u26df Kiire kohaletoimetamine Eestis \u2b50 Garanteeritud\" \/>\n<meta property=\"og:url\" content=\"https:\/\/odavprint.ee\/en\/product\/technaxx-10a-battery-charger-with-compressor-tx-193\/\" \/>\n<meta property=\"og:site_name\" content=\"Odav Print\" \/>\n<meta property=\"article:modified_time\" content=\"2023-09-13T10:56:47+00:00\" \/>\n<meta property=\"og:image\" content=\"https:\/\/odavprint.ee\/wp-content\/uploads\/2023\/09\/198742_AjrdDUKOQugrqkLRV2DXqLYfWO2cntjJDfsKlFom.jpg\" \/>\n\t<meta property=\"og:image:width\" content=\"500\" \/>\n\t<meta property=\"og:image:height\" content=\"500\" \/>\n\t<meta property=\"og:image:type\" content=\"image\/jpeg\" \/>\n<meta name=\"twitter:card\" content=\"summary_large_image\" \/>\n<meta name=\"twitter:label1\" content=\"Price\" \/>\n\t<meta name=\"twitter:data1\" content=\"&euro;148.70\" \/>\n\t<meta name=\"twitter:label2\" content=\"Availability\" \/>\n\t<meta name=\"twitter:data2\" content=\"Out of stock\" \/>\n<script type=\"application\/ld+json\" class=\"yoast-schema-graph\">{\"@context\":\"https:\/\/schema.org\",\"@graph\":[{\"@type\":[\"WebPage\",\"ItemPage\"],\"@id\":\"https:\/\/odavprint.ee\/en\/product\/technaxx-10a-battery-charger-with-compressor-tx-193\/\",\"url\":\"https:\/\/odavprint.ee\/en\/product\/technaxx-10a-battery-charger-with-compressor-tx-193\/\",\"name\":\"Technaxx 10A Battery Charger with Compressor TX-193, hea hinnaga, osta e-pood - Odav Print\",\"isPartOf\":{\"@id\":\"https:\/\/odavprint.ee\/en\/#website\"},\"primaryImageOfPage\":{\"@id\":\"https:\/\/odavprint.ee\/en\/product\/technaxx-10a-battery-charger-with-compressor-tx-193\/#primaryimage\"},\"image\":{\"@id\":\"https:\/\/odavprint.ee\/en\/product\/technaxx-10a-battery-charger-with-compressor-tx-193\/#primaryimage\"},\"thumbnailUrl\":\"https:\/\/odavprint.ee\/wp-content\/uploads\/2023\/09\/198742_AjrdDUKOQugrqkLRV2DXqLYfWO2cntjJDfsKlFom.jpg\",\"datePublished\":\"2023-09-13T10:45:28+00:00\",\"dateModified\":\"2023-09-13T10:56:47+00:00\",\"description\":\"Osta Technaxx 10A Battery Charger with Compressor TX-193 Odav Print \u260e +372 5911 9495 \u2714\ufe0f Parim hind Technaxx 10A Battery Charger with Compressor TX-193 jaoks \u26df Kiire kohaletoimetamine Eestis \u2b50 Garanteeritud\",\"breadcrumb\":{\"@id\":\"https:\/\/odavprint.ee\/en\/product\/technaxx-10a-battery-charger-with-compressor-tx-193\/#breadcrumb\"},\"inLanguage\":\"en-US\",\"potentialAction\":[{\"@type\":\"ReadAction\",\"target\":[\"https:\/\/odavprint.ee\/en\/product\/technaxx-10a-battery-charger-with-compressor-tx-193\/\"]}]},{\"@type\":\"ImageObject\",\"inLanguage\":\"en-US\",\"@id\":\"https:\/\/odavprint.ee\/en\/product\/technaxx-10a-battery-charger-with-compressor-tx-193\/#primaryimage\",\"url\":\"https:\/\/odavprint.ee\/wp-content\/uploads\/2023\/09\/198742_AjrdDUKOQugrqkLRV2DXqLYfWO2cntjJDfsKlFom.jpg\",\"contentUrl\":\"https:\/\/odavprint.ee\/wp-content\/uploads\/2023\/09\/198742_AjrdDUKOQugrqkLRV2DXqLYfWO2cntjJDfsKlFom.jpg\",\"width\":500,\"height\":500},{\"@type\":\"BreadcrumbList\",\"@id\":\"https:\/\/odavprint.ee\/en\/product\/technaxx-10a-battery-charger-with-compressor-tx-193\/#breadcrumb\",\"itemListElement\":[{\"@type\":\"ListItem\",\"position\":1,\"name\":\"Home\",\"item\":\"https:\/\/odavprint.ee\/en\/\"},{\"@type\":\"ListItem\",\"position\":2,\"name\":\"Shop\",\"item\":\"https:\/\/odavprint.ee\/en\/shop\/\"},{\"@type\":\"ListItem\",\"position\":3,\"name\":\"Technaxx 10A Battery Charger with Compressor TX-193\"}]},{\"@type\":\"WebSite\",\"@id\":\"https:\/\/odavprint.ee\/en\/#website\",\"url\":\"https:\/\/odavprint.ee\/en\/\",\"name\":\"Odav Print\",\"description\":\"Just another WordPress site\",\"publisher\":{\"@id\":\"https:\/\/odavprint.ee\/en\/#organization\"},\"alternateName\":\"Kassettide, toonerite t\u00e4itmine ja m\u00fc\u00fck.\",\"potentialAction\":[{\"@type\":\"SearchAction\",\"target\":{\"@type\":\"EntryPoint\",\"urlTemplate\":\"https:\/\/odavprint.ee\/en\/?s={search_term_string}\"},\"query-input\":\"required name=search_term_string\"}],\"inLanguage\":\"en-US\"},{\"@type\":[\"Organization\",\"Place\"],\"@id\":\"https:\/\/odavprint.ee\/en\/#organization\",\"name\":\"Odav Print O\u00dc\",\"url\":\"https:\/\/odavprint.ee\/en\/\",\"logo\":{\"@id\":\"https:\/\/odavprint.ee\/en\/product\/technaxx-10a-battery-charger-with-compressor-tx-193\/#local-main-organization-logo\"},\"image\":{\"@id\":\"https:\/\/odavprint.ee\/en\/product\/technaxx-10a-battery-charger-with-compressor-tx-193\/#local-main-organization-logo\"},\"address\":{\"@id\":\"https:\/\/odavprint.ee\/en\/product\/technaxx-10a-battery-charger-with-compressor-tx-193\/#local-main-place-address\"},\"geo\":{\"@type\":\"GeoCoordinates\",\"latitude\":\"59.4306504\",\"longitude\":\"24.8095743\"},\"telephone\":[\"53836926\"],\"openingHoursSpecification\":[{\"@type\":\"OpeningHoursSpecification\",\"dayOfWeek\":[\"Monday\",\"Tuesday\",\"Wednesday\",\"Thursday\",\"Friday\",\"Saturday\",\"Sunday\"],\"opens\":\"09:00\",\"closes\":\"17:00\"}],\"email\":\"info@odavprint.eu\"},{\"@type\":\"PostalAddress\",\"@id\":\"https:\/\/odavprint.ee\/en\/product\/technaxx-10a-battery-charger-with-compressor-tx-193\/#local-main-place-address\",\"streetAddress\":\"Pae tn 28\",\"addressLocality\":\"Tallinn\",\"postalCode\":\"11415\",\"addressRegion\":\"Harjumaa\",\"addressCountry\":\"EE\"},{\"@type\":\"ImageObject\",\"inLanguage\":\"en-US\",\"@id\":\"https:\/\/odavprint.ee\/en\/product\/technaxx-10a-battery-charger-with-compressor-tx-193\/#local-main-organization-logo\",\"url\":\"https:\/\/odavprint.ee\/wp-content\/uploads\/2018\/10\/odavprint-logo-240.jpg\",\"contentUrl\":\"https:\/\/odavprint.ee\/wp-content\/uploads\/2018\/10\/odavprint-logo-240.jpg\",\"width\":240,\"height\":36,\"caption\":\"Odav Print O\u00dc\"}]}<\/script>\n<meta property=\"product:price:amount\" content=\"148.70\" \/>\n<meta property=\"product:price:currency\" content=\"EUR\" \/>\n<meta property=\"og:availability\" content=\"out of stock\" \/>\n<meta property=\"product:availability\" content=\"out of stock\" \/>\n<meta property=\"product:retailer_item_id\" content=\"TX-193\" \/>\n<meta property=\"product:condition\" content=\"new\" \/>\n<meta name=\"geo.placename\" content=\"Tallinn\" \/>\n<meta name=\"geo.position\" content=\"59.4306504;24.8095743\" \/>\n<meta name=\"geo.region\" content=\"Estonia\" \/>\n<!-- \/ Yoast SEO Premium plugin. -->","yoast_head_json":{"title":"Technaxx 10A Battery Charger with Compressor TX-193, hea hinnaga, osta e-pood - Odav Print","description":"Osta Technaxx 10A Battery Charger with Compressor TX-193 Odav Print \u260e +372 5911 9495 \u2714\ufe0f Parim hind Technaxx 10A Battery Charger with Compressor TX-193 jaoks \u26df Kiire kohaletoimetamine Eestis \u2b50 Garanteeritud","robots":{"index":"index","follow":"follow","max-snippet":"max-snippet:-1","max-image-preview":"max-image-preview:large","max-video-preview":"max-video-preview:-1"},"canonical":"https:\/\/odavprint.ee\/en\/product\/technaxx-10a-battery-charger-with-compressor-tx-193\/","og_locale":"en_US","og_type":"article","og_title":"Technaxx 10A Battery Charger with Compressor TX-193","og_description":"Osta Technaxx 10A Battery Charger with Compressor TX-193 Odav Print \u260e +372 5911 9495 \u2714\ufe0f Parim hind Technaxx 10A Battery Charger with Compressor TX-193 jaoks \u26df Kiire kohaletoimetamine Eestis \u2b50 Garanteeritud","og_url":"https:\/\/odavprint.ee\/en\/product\/technaxx-10a-battery-charger-with-compressor-tx-193\/","og_site_name":"Odav Print","article_modified_time":"2023-09-13T10:56:47+00:00","og_image":[{"width":500,"height":500,"url":"https:\/\/odavprint.ee\/wp-content\/uploads\/2023\/09\/198742_AjrdDUKOQugrqkLRV2DXqLYfWO2cntjJDfsKlFom.jpg","type":"image\/jpeg"}],"twitter_card":"summary_large_image","twitter_misc":{"Price":"&euro;148.70","Availability":"Out of stock"},"schema":{"@context":"https:\/\/schema.org","@graph":[{"@type":["WebPage","ItemPage"],"@id":"https:\/\/odavprint.ee\/en\/product\/technaxx-10a-battery-charger-with-compressor-tx-193\/","url":"https:\/\/odavprint.ee\/en\/product\/technaxx-10a-battery-charger-with-compressor-tx-193\/","name":"Technaxx 10A Battery Charger with Compressor TX-193, hea hinnaga, osta e-pood - Odav Print","isPartOf":{"@id":"https:\/\/odavprint.ee\/en\/#website"},"primaryImageOfPage":{"@id":"https:\/\/odavprint.ee\/en\/product\/technaxx-10a-battery-charger-with-compressor-tx-193\/#primaryimage"},"image":{"@id":"https:\/\/odavprint.ee\/en\/product\/technaxx-10a-battery-charger-with-compressor-tx-193\/#primaryimage"},"thumbnailUrl":"https:\/\/odavprint.ee\/wp-content\/uploads\/2023\/09\/198742_AjrdDUKOQugrqkLRV2DXqLYfWO2cntjJDfsKlFom.jpg","datePublished":"2023-09-13T10:45:28+00:00","dateModified":"2023-09-13T10:56:47+00:00","description":"Osta Technaxx 10A Battery Charger with Compressor TX-193 Odav Print \u260e +372 5911 9495 \u2714\ufe0f Parim hind Technaxx 10A Battery Charger with Compressor TX-193 jaoks \u26df Kiire kohaletoimetamine Eestis \u2b50 Garanteeritud","breadcrumb":{"@id":"https:\/\/odavprint.ee\/en\/product\/technaxx-10a-battery-charger-with-compressor-tx-193\/#breadcrumb"},"inLanguage":"en-US","potentialAction":[{"@type":"ReadAction","target":["https:\/\/odavprint.ee\/en\/product\/technaxx-10a-battery-charger-with-compressor-tx-193\/"]}]},{"@type":"ImageObject","inLanguage":"en-US","@id":"https:\/\/odavprint.ee\/en\/product\/technaxx-10a-battery-charger-with-compressor-tx-193\/#primaryimage","url":"https:\/\/odavprint.ee\/wp-content\/uploads\/2023\/09\/198742_AjrdDUKOQugrqkLRV2DXqLYfWO2cntjJDfsKlFom.jpg","contentUrl":"https:\/\/odavprint.ee\/wp-content\/uploads\/2023\/09\/198742_AjrdDUKOQugrqkLRV2DXqLYfWO2cntjJDfsKlFom.jpg","width":500,"height":500},{"@type":"BreadcrumbList","@id":"https:\/\/odavprint.ee\/en\/product\/technaxx-10a-battery-charger-with-compressor-tx-193\/#breadcrumb","itemListElement":[{"@type":"ListItem","position":1,"name":"Home","item":"https:\/\/odavprint.ee\/en\/"},{"@type":"ListItem","position":2,"name":"Shop","item":"https:\/\/odavprint.ee\/en\/shop\/"},{"@type":"ListItem","position":3,"name":"Technaxx 10A Battery Charger with Compressor TX-193"}]},{"@type":"WebSite","@id":"https:\/\/odavprint.ee\/en\/#website","url":"https:\/\/odavprint.ee\/en\/","name":"Odav Print","description":"Just another WordPress site","publisher":{"@id":"https:\/\/odavprint.ee\/en\/#organization"},"alternateName":"Kassettide, toonerite t\u00e4itmine ja m\u00fc\u00fck.","potentialAction":[{"@type":"SearchAction","target":{"@type":"EntryPoint","urlTemplate":"https:\/\/odavprint.ee\/en\/?s={search_term_string}"},"query-input":"required name=search_term_string"}],"inLanguage":"en-US"},{"@type":["Organization","Place"],"@id":"https:\/\/odavprint.ee\/en\/#organization","name":"Odav Print O\u00dc","url":"https:\/\/odavprint.ee\/en\/","logo":{"@id":"https:\/\/odavprint.ee\/en\/product\/technaxx-10a-battery-charger-with-compressor-tx-193\/#local-main-organization-logo"},"image":{"@id":"https:\/\/odavprint.ee\/en\/product\/technaxx-10a-battery-charger-with-compressor-tx-193\/#local-main-organization-logo"},"address":{"@id":"https:\/\/odavprint.ee\/en\/product\/technaxx-10a-battery-charger-with-compressor-tx-193\/#local-main-place-address"},"geo":{"@type":"GeoCoordinates","latitude":"59.4306504","longitude":"24.8095743"},"telephone":["53836926"],"openingHoursSpecification":[{"@type":"OpeningHoursSpecification","dayOfWeek":["Monday","Tuesday","Wednesday","Thursday","Friday","Saturday","Sunday"],"opens":"09:00","closes":"17:00"}],"email":"info@odavprint.eu"},{"@type":"PostalAddress","@id":"https:\/\/odavprint.ee\/en\/product\/technaxx-10a-battery-charger-with-compressor-tx-193\/#local-main-place-address","streetAddress":"Pae tn 28","addressLocality":"Tallinn","postalCode":"11415","addressRegion":"Harjumaa","addressCountry":"EE"},{"@type":"ImageObject","inLanguage":"en-US","@id":"https:\/\/odavprint.ee\/en\/product\/technaxx-10a-battery-charger-with-compressor-tx-193\/#local-main-organization-logo","url":"https:\/\/odavprint.ee\/wp-content\/uploads\/2018\/10\/odavprint-logo-240.jpg","contentUrl":"https:\/\/odavprint.ee\/wp-content\/uploads\/2018\/10\/odavprint-logo-240.jpg","width":240,"height":36,"caption":"Odav Print O\u00dc"}]},"product_price_amount":"148.70","product_price_currency":"EUR","og_availability":"out of stock","product_availability":"out of stock","product_retailer_item_id":"TX-193","product_condition":"new","geo.placename":"Tallinn","geo.position":{"lat":"59.4306504","long":"24.8095743"},"geo.region":"Estonia"},"_links":{"self":[{"href":"https:\/\/odavprint.ee\/en\/wp-json\/wp\/v2\/product\/198742"}],"collection":[{"href":"https:\/\/odavprint.ee\/en\/wp-json\/wp\/v2\/product"}],"about":[{"href":"https:\/\/odavprint.ee\/en\/wp-json\/wp\/v2\/types\/product"}],"wp:featuredmedia":[{"embeddable":true,"href":"https:\/\/odavprint.ee\/en\/wp-json\/wp\/v2\/media\/198743"}],"wp:attachment":[{"href":"https:\/\/odavprint.ee\/en\/wp-json\/wp\/v2\/media?parent=198742"}],"wp:term":[{"taxonomy":"product_cat","embeddable":true,"href":"https:\/\/odavprint.ee\/en\/wp-json\/wp\/v2\/product_cat?post=198742"},{"taxonomy":"product_tag","embeddable":true,"href":"https:\/\/odavprint.ee\/en\/wp-json\/wp\/v2\/product_tag?post=198742"}],"curies":[{"name":"wp","href":"https:\/\/api.w.org\/{rel}","templated":true}]}}