{"id":198965,"date":"2023-09-14T12:22:28","date_gmt":"2023-09-14T09:22:28","guid":{"rendered":"https:\/\/odavprint.ee\/product\/bosch-06033d2100-advanced-orbit-sander-18v-w-o-battery\/"},"modified":"2023-09-14T12:22:28","modified_gmt":"2023-09-14T09:22:28","slug":"bosch-06033d2100-advanced-orbit-sander-18v-w-o-battery","status":"publish","type":"product","link":"https:\/\/odavprint.ee\/en\/product\/bosch-06033d2100-advanced-orbit-sander-18v-w-o-battery\/","title":{"rendered":"Bosch 06033D2100 Advanced Orbit Sander 18V w\/o battery"},"content":{"rendered":"<p>Versatile, clean sanding is effortless with the AdvancedOrbit 18 random orbit sander. Enjoy comfortable working in any orientation thanks to the ergonomic design and second handle for additional guidance. The operating speed can be set simply with the electronic speed preselection dial to match the needs of each job and material. An 18 V battery provides cordless freedom, while intelligent energy control delivers maximum endurance. It is designed for sanding and polishing jobs of all sizes on wooden, painted, varnished, and polished flat or curved surfaces, as well as on filler and plaster. The Microfilter System box reduces dust. Battery and charger not included.<\/p>\n","protected":false},"excerpt":{"rendered":"<p>Versatile, clean sanding is effortless with the AdvancedOrbit 18 random orbit sander. Enjoy comfortable working in any orientation thanks to the ergonomic design and second handle for additional guidance. The operating speed can be set simply with the electronic speed preselection dial to match the needs of each job and material. An 18 V battery [&#8230;]\n","protected":false},"featured_media":198966,"template":"","meta":{"inline_featured_image":false},"product_cat":[39035],"product_tag":[],"yoast_head":"<!-- This site is optimized with the Yoast SEO Premium plugin v23.0 (Yoast SEO v23.0) - https:\/\/yoast.com\/wordpress\/plugins\/seo\/ -->\n<title>Bosch 06033D2100 Advanced Orbit Sander 18V w\/o battery, hea hinnaga, osta e-pood - Odav Print<\/title>\n<meta name=\"description\" content=\"Osta Bosch 06033D2100 Advanced Orbit Sander 18V w\/o battery Odav Print \u260e +372 5911 9495 \u2714\ufe0f Parim hind Bosch 06033D2100 Advanced Orbit Sander 18V w\/o battery jaoks \u26df Kiire kohaletoimetamine Eestis \u2b50 Garanteeritud\" \/>\n<meta name=\"robots\" content=\"index, follow, max-snippet:-1, max-image-preview:large, max-video-preview:-1\" \/>\n<link rel=\"canonical\" href=\"https:\/\/odavprint.ee\/en\/product\/bosch-06033d2100-advanced-orbit-sander-18v-w-o-battery\/\" \/>\n<meta property=\"og:locale\" content=\"en_US\" \/>\n<meta property=\"og:type\" content=\"article\" \/>\n<meta property=\"og:title\" content=\"Bosch 06033D2100 Advanced Orbit Sander 18V w\/o battery\" \/>\n<meta property=\"og:description\" content=\"Osta Bosch 06033D2100 Advanced Orbit Sander 18V w\/o battery Odav Print \u260e +372 5911 9495 \u2714\ufe0f Parim hind Bosch 06033D2100 Advanced Orbit Sander 18V w\/o battery jaoks \u26df Kiire kohaletoimetamine Eestis \u2b50 Garanteeritud\" \/>\n<meta property=\"og:url\" content=\"https:\/\/odavprint.ee\/en\/product\/bosch-06033d2100-advanced-orbit-sander-18v-w-o-battery\/\" \/>\n<meta property=\"og:site_name\" content=\"Odav Print\" \/>\n<meta property=\"og:image\" content=\"https:\/\/odavprint.ee\/wp-content\/uploads\/2023\/09\/198965_79d80693-3b62-44ac-bbb6-b3cb97b8fbfd.jpg\" \/>\n\t<meta property=\"og:image:width\" content=\"543\" \/>\n\t<meta property=\"og:image:height\" content=\"370\" \/>\n\t<meta property=\"og:image:type\" content=\"image\/jpeg\" \/>\n<meta name=\"twitter:card\" content=\"summary_large_image\" \/>\n<meta name=\"twitter:label1\" content=\"Price\" \/>\n\t<meta name=\"twitter:data1\" content=\"&euro;75.10\" \/>\n\t<meta name=\"twitter:label2\" content=\"Availability\" \/>\n\t<meta name=\"twitter:data2\" content=\"Out of stock\" \/>\n<script type=\"application\/ld+json\" class=\"yoast-schema-graph\">{\"@context\":\"https:\/\/schema.org\",\"@graph\":[{\"@type\":[\"WebPage\",\"ItemPage\"],\"@id\":\"https:\/\/odavprint.ee\/en\/product\/bosch-06033d2100-advanced-orbit-sander-18v-w-o-battery\/\",\"url\":\"https:\/\/odavprint.ee\/en\/product\/bosch-06033d2100-advanced-orbit-sander-18v-w-o-battery\/\",\"name\":\"Bosch 06033D2100 Advanced Orbit Sander 18V w\/o battery, hea hinnaga, osta e-pood - Odav Print\",\"isPartOf\":{\"@id\":\"https:\/\/odavprint.ee\/en\/#website\"},\"primaryImageOfPage\":{\"@id\":\"https:\/\/odavprint.ee\/en\/product\/bosch-06033d2100-advanced-orbit-sander-18v-w-o-battery\/#primaryimage\"},\"image\":{\"@id\":\"https:\/\/odavprint.ee\/en\/product\/bosch-06033d2100-advanced-orbit-sander-18v-w-o-battery\/#primaryimage\"},\"thumbnailUrl\":\"https:\/\/odavprint.ee\/wp-content\/uploads\/2023\/09\/198965_79d80693-3b62-44ac-bbb6-b3cb97b8fbfd.jpg\",\"datePublished\":\"2023-09-14T09:22:28+00:00\",\"dateModified\":\"2023-09-14T09:22:28+00:00\",\"description\":\"Osta Bosch 06033D2100 Advanced Orbit Sander 18V w\/o battery Odav Print \u260e +372 5911 9495 \u2714\ufe0f Parim hind Bosch 06033D2100 Advanced Orbit Sander 18V w\/o battery jaoks \u26df Kiire kohaletoimetamine Eestis \u2b50 Garanteeritud\",\"breadcrumb\":{\"@id\":\"https:\/\/odavprint.ee\/en\/product\/bosch-06033d2100-advanced-orbit-sander-18v-w-o-battery\/#breadcrumb\"},\"inLanguage\":\"en-US\",\"potentialAction\":[{\"@type\":\"ReadAction\",\"target\":[\"https:\/\/odavprint.ee\/en\/product\/bosch-06033d2100-advanced-orbit-sander-18v-w-o-battery\/\"]}]},{\"@type\":\"ImageObject\",\"inLanguage\":\"en-US\",\"@id\":\"https:\/\/odavprint.ee\/en\/product\/bosch-06033d2100-advanced-orbit-sander-18v-w-o-battery\/#primaryimage\",\"url\":\"https:\/\/odavprint.ee\/wp-content\/uploads\/2023\/09\/198965_79d80693-3b62-44ac-bbb6-b3cb97b8fbfd.jpg\",\"contentUrl\":\"https:\/\/odavprint.ee\/wp-content\/uploads\/2023\/09\/198965_79d80693-3b62-44ac-bbb6-b3cb97b8fbfd.jpg\",\"width\":543,\"height\":370},{\"@type\":\"BreadcrumbList\",\"@id\":\"https:\/\/odavprint.ee\/en\/product\/bosch-06033d2100-advanced-orbit-sander-18v-w-o-battery\/#breadcrumb\",\"itemListElement\":[{\"@type\":\"ListItem\",\"position\":1,\"name\":\"Home\",\"item\":\"https:\/\/odavprint.ee\/en\/\"},{\"@type\":\"ListItem\",\"position\":2,\"name\":\"Shop\",\"item\":\"https:\/\/odavprint.ee\/en\/shop\/\"},{\"@type\":\"ListItem\",\"position\":3,\"name\":\"Bosch 06033D2100 Advanced Orbit Sander 18V w\/o battery\"}]},{\"@type\":\"WebSite\",\"@id\":\"https:\/\/odavprint.ee\/en\/#website\",\"url\":\"https:\/\/odavprint.ee\/en\/\",\"name\":\"Odav Print\",\"description\":\"Just another WordPress site\",\"publisher\":{\"@id\":\"https:\/\/odavprint.ee\/en\/#organization\"},\"alternateName\":\"Kassettide, toonerite t\u00e4itmine ja m\u00fc\u00fck.\",\"potentialAction\":[{\"@type\":\"SearchAction\",\"target\":{\"@type\":\"EntryPoint\",\"urlTemplate\":\"https:\/\/odavprint.ee\/en\/?s={search_term_string}\"},\"query-input\":\"required name=search_term_string\"}],\"inLanguage\":\"en-US\"},{\"@type\":[\"Organization\",\"Place\"],\"@id\":\"https:\/\/odavprint.ee\/en\/#organization\",\"name\":\"Odav Print O\u00dc\",\"url\":\"https:\/\/odavprint.ee\/en\/\",\"logo\":{\"@id\":\"https:\/\/odavprint.ee\/en\/product\/bosch-06033d2100-advanced-orbit-sander-18v-w-o-battery\/#local-main-organization-logo\"},\"image\":{\"@id\":\"https:\/\/odavprint.ee\/en\/product\/bosch-06033d2100-advanced-orbit-sander-18v-w-o-battery\/#local-main-organization-logo\"},\"address\":{\"@id\":\"https:\/\/odavprint.ee\/en\/product\/bosch-06033d2100-advanced-orbit-sander-18v-w-o-battery\/#local-main-place-address\"},\"geo\":{\"@type\":\"GeoCoordinates\",\"latitude\":\"59.4306504\",\"longitude\":\"24.8095743\"},\"telephone\":[\"53836926\"],\"openingHoursSpecification\":[{\"@type\":\"OpeningHoursSpecification\",\"dayOfWeek\":[\"Monday\",\"Tuesday\",\"Wednesday\",\"Thursday\",\"Friday\",\"Saturday\",\"Sunday\"],\"opens\":\"09:00\",\"closes\":\"17:00\"}],\"email\":\"info@odavprint.eu\"},{\"@type\":\"PostalAddress\",\"@id\":\"https:\/\/odavprint.ee\/en\/product\/bosch-06033d2100-advanced-orbit-sander-18v-w-o-battery\/#local-main-place-address\",\"streetAddress\":\"Pae tn 28\",\"addressLocality\":\"Tallinn\",\"postalCode\":\"11415\",\"addressRegion\":\"Harjumaa\",\"addressCountry\":\"EE\"},{\"@type\":\"ImageObject\",\"inLanguage\":\"en-US\",\"@id\":\"https:\/\/odavprint.ee\/en\/product\/bosch-06033d2100-advanced-orbit-sander-18v-w-o-battery\/#local-main-organization-logo\",\"url\":\"https:\/\/odavprint.ee\/wp-content\/uploads\/2018\/10\/odavprint-logo-240.jpg\",\"contentUrl\":\"https:\/\/odavprint.ee\/wp-content\/uploads\/2018\/10\/odavprint-logo-240.jpg\",\"width\":240,\"height\":36,\"caption\":\"Odav Print O\u00dc\"}]}<\/script>\n<meta property=\"product:price:amount\" content=\"75.10\" \/>\n<meta property=\"product:price:currency\" content=\"EUR\" \/>\n<meta property=\"og:availability\" content=\"out of stock\" \/>\n<meta property=\"product:availability\" content=\"out of stock\" \/>\n<meta property=\"product:retailer_item_id\" content=\"0 603 3D2 100\" \/>\n<meta property=\"product:condition\" content=\"new\" \/>\n<meta name=\"geo.placename\" content=\"Tallinn\" \/>\n<meta name=\"geo.position\" content=\"59.4306504;24.8095743\" \/>\n<meta name=\"geo.region\" content=\"Estonia\" \/>\n<!-- \/ Yoast SEO Premium plugin. -->","yoast_head_json":{"title":"Bosch 06033D2100 Advanced Orbit Sander 18V w\/o battery, hea hinnaga, osta e-pood - Odav Print","description":"Osta Bosch 06033D2100 Advanced Orbit Sander 18V w\/o battery Odav Print \u260e +372 5911 9495 \u2714\ufe0f Parim hind Bosch 06033D2100 Advanced Orbit Sander 18V w\/o battery jaoks \u26df Kiire kohaletoimetamine Eestis \u2b50 Garanteeritud","robots":{"index":"index","follow":"follow","max-snippet":"max-snippet:-1","max-image-preview":"max-image-preview:large","max-video-preview":"max-video-preview:-1"},"canonical":"https:\/\/odavprint.ee\/en\/product\/bosch-06033d2100-advanced-orbit-sander-18v-w-o-battery\/","og_locale":"en_US","og_type":"article","og_title":"Bosch 06033D2100 Advanced Orbit Sander 18V w\/o battery","og_description":"Osta Bosch 06033D2100 Advanced Orbit Sander 18V w\/o battery Odav Print \u260e +372 5911 9495 \u2714\ufe0f Parim hind Bosch 06033D2100 Advanced Orbit Sander 18V w\/o battery jaoks \u26df Kiire kohaletoimetamine Eestis \u2b50 Garanteeritud","og_url":"https:\/\/odavprint.ee\/en\/product\/bosch-06033d2100-advanced-orbit-sander-18v-w-o-battery\/","og_site_name":"Odav Print","og_image":[{"width":543,"height":370,"url":"https:\/\/odavprint.ee\/wp-content\/uploads\/2023\/09\/198965_79d80693-3b62-44ac-bbb6-b3cb97b8fbfd.jpg","type":"image\/jpeg"}],"twitter_card":"summary_large_image","twitter_misc":{"Price":"&euro;75.10","Availability":"Out of stock"},"schema":{"@context":"https:\/\/schema.org","@graph":[{"@type":["WebPage","ItemPage"],"@id":"https:\/\/odavprint.ee\/en\/product\/bosch-06033d2100-advanced-orbit-sander-18v-w-o-battery\/","url":"https:\/\/odavprint.ee\/en\/product\/bosch-06033d2100-advanced-orbit-sander-18v-w-o-battery\/","name":"Bosch 06033D2100 Advanced Orbit Sander 18V w\/o battery, hea hinnaga, osta e-pood - Odav Print","isPartOf":{"@id":"https:\/\/odavprint.ee\/en\/#website"},"primaryImageOfPage":{"@id":"https:\/\/odavprint.ee\/en\/product\/bosch-06033d2100-advanced-orbit-sander-18v-w-o-battery\/#primaryimage"},"image":{"@id":"https:\/\/odavprint.ee\/en\/product\/bosch-06033d2100-advanced-orbit-sander-18v-w-o-battery\/#primaryimage"},"thumbnailUrl":"https:\/\/odavprint.ee\/wp-content\/uploads\/2023\/09\/198965_79d80693-3b62-44ac-bbb6-b3cb97b8fbfd.jpg","datePublished":"2023-09-14T09:22:28+00:00","dateModified":"2023-09-14T09:22:28+00:00","description":"Osta Bosch 06033D2100 Advanced Orbit Sander 18V w\/o battery Odav Print \u260e +372 5911 9495 \u2714\ufe0f Parim hind Bosch 06033D2100 Advanced Orbit Sander 18V w\/o battery jaoks \u26df Kiire kohaletoimetamine Eestis \u2b50 Garanteeritud","breadcrumb":{"@id":"https:\/\/odavprint.ee\/en\/product\/bosch-06033d2100-advanced-orbit-sander-18v-w-o-battery\/#breadcrumb"},"inLanguage":"en-US","potentialAction":[{"@type":"ReadAction","target":["https:\/\/odavprint.ee\/en\/product\/bosch-06033d2100-advanced-orbit-sander-18v-w-o-battery\/"]}]},{"@type":"ImageObject","inLanguage":"en-US","@id":"https:\/\/odavprint.ee\/en\/product\/bosch-06033d2100-advanced-orbit-sander-18v-w-o-battery\/#primaryimage","url":"https:\/\/odavprint.ee\/wp-content\/uploads\/2023\/09\/198965_79d80693-3b62-44ac-bbb6-b3cb97b8fbfd.jpg","contentUrl":"https:\/\/odavprint.ee\/wp-content\/uploads\/2023\/09\/198965_79d80693-3b62-44ac-bbb6-b3cb97b8fbfd.jpg","width":543,"height":370},{"@type":"BreadcrumbList","@id":"https:\/\/odavprint.ee\/en\/product\/bosch-06033d2100-advanced-orbit-sander-18v-w-o-battery\/#breadcrumb","itemListElement":[{"@type":"ListItem","position":1,"name":"Home","item":"https:\/\/odavprint.ee\/en\/"},{"@type":"ListItem","position":2,"name":"Shop","item":"https:\/\/odavprint.ee\/en\/shop\/"},{"@type":"ListItem","position":3,"name":"Bosch 06033D2100 Advanced Orbit Sander 18V w\/o battery"}]},{"@type":"WebSite","@id":"https:\/\/odavprint.ee\/en\/#website","url":"https:\/\/odavprint.ee\/en\/","name":"Odav Print","description":"Just another WordPress site","publisher":{"@id":"https:\/\/odavprint.ee\/en\/#organization"},"alternateName":"Kassettide, toonerite t\u00e4itmine ja m\u00fc\u00fck.","potentialAction":[{"@type":"SearchAction","target":{"@type":"EntryPoint","urlTemplate":"https:\/\/odavprint.ee\/en\/?s={search_term_string}"},"query-input":"required name=search_term_string"}],"inLanguage":"en-US"},{"@type":["Organization","Place"],"@id":"https:\/\/odavprint.ee\/en\/#organization","name":"Odav Print O\u00dc","url":"https:\/\/odavprint.ee\/en\/","logo":{"@id":"https:\/\/odavprint.ee\/en\/product\/bosch-06033d2100-advanced-orbit-sander-18v-w-o-battery\/#local-main-organization-logo"},"image":{"@id":"https:\/\/odavprint.ee\/en\/product\/bosch-06033d2100-advanced-orbit-sander-18v-w-o-battery\/#local-main-organization-logo"},"address":{"@id":"https:\/\/odavprint.ee\/en\/product\/bosch-06033d2100-advanced-orbit-sander-18v-w-o-battery\/#local-main-place-address"},"geo":{"@type":"GeoCoordinates","latitude":"59.4306504","longitude":"24.8095743"},"telephone":["53836926"],"openingHoursSpecification":[{"@type":"OpeningHoursSpecification","dayOfWeek":["Monday","Tuesday","Wednesday","Thursday","Friday","Saturday","Sunday"],"opens":"09:00","closes":"17:00"}],"email":"info@odavprint.eu"},{"@type":"PostalAddress","@id":"https:\/\/odavprint.ee\/en\/product\/bosch-06033d2100-advanced-orbit-sander-18v-w-o-battery\/#local-main-place-address","streetAddress":"Pae tn 28","addressLocality":"Tallinn","postalCode":"11415","addressRegion":"Harjumaa","addressCountry":"EE"},{"@type":"ImageObject","inLanguage":"en-US","@id":"https:\/\/odavprint.ee\/en\/product\/bosch-06033d2100-advanced-orbit-sander-18v-w-o-battery\/#local-main-organization-logo","url":"https:\/\/odavprint.ee\/wp-content\/uploads\/2018\/10\/odavprint-logo-240.jpg","contentUrl":"https:\/\/odavprint.ee\/wp-content\/uploads\/2018\/10\/odavprint-logo-240.jpg","width":240,"height":36,"caption":"Odav Print O\u00dc"}]},"product_price_amount":"75.10","product_price_currency":"EUR","og_availability":"out of stock","product_availability":"out of stock","product_retailer_item_id":"0 603 3D2 100","product_condition":"new","geo.placename":"Tallinn","geo.position":{"lat":"59.4306504","long":"24.8095743"},"geo.region":"Estonia"},"_links":{"self":[{"href":"https:\/\/odavprint.ee\/en\/wp-json\/wp\/v2\/product\/198965"}],"collection":[{"href":"https:\/\/odavprint.ee\/en\/wp-json\/wp\/v2\/product"}],"about":[{"href":"https:\/\/odavprint.ee\/en\/wp-json\/wp\/v2\/types\/product"}],"wp:featuredmedia":[{"embeddable":true,"href":"https:\/\/odavprint.ee\/en\/wp-json\/wp\/v2\/media\/198966"}],"wp:attachment":[{"href":"https:\/\/odavprint.ee\/en\/wp-json\/wp\/v2\/media?parent=198965"}],"wp:term":[{"taxonomy":"product_cat","embeddable":true,"href":"https:\/\/odavprint.ee\/en\/wp-json\/wp\/v2\/product_cat?post=198965"},{"taxonomy":"product_tag","embeddable":true,"href":"https:\/\/odavprint.ee\/en\/wp-json\/wp\/v2\/product_tag?post=198965"}],"curies":[{"name":"wp","href":"https:\/\/api.w.org\/{rel}","templated":true}]}}