{"id":199037,"date":"2023-09-15T15:38:05","date_gmt":"2023-09-15T12:38:05","guid":{"rendered":"https:\/\/odavprint.ee\/product\/toothbrush-soocas-x3-pro-sonic\/"},"modified":"2023-09-15T15:38:05","modified_gmt":"2023-09-15T12:38:05","slug":"toothbrush-soocas-x3-pro-sonic","status":"publish","type":"product","link":"https:\/\/odavprint.ee\/en\/product\/toothbrush-soocas-x3-pro-sonic\/","title":{"rendered":"Toothbrush Soocas X3 Pro Sonic"},"content":{"rendered":"<p>&#8211; Super Sterilization Ability<br \/>\nThe five-minute sterilization rate can be as high as 99.99%. UVC ultraviolet lamp beads hinder bacterial replication and cause bacterial death. The disinfection chamber can be automatically disinfected and stored in a close-closed manner, allowing you to see secondary pollution.<br \/>\n&#8211; Convenient Storage<br \/>\nIndependent storage, save space, take it as you go, avoid cross-infection.<br \/>\n&#8211; Whitening<br \/>\nUpgraded magnetic levitation sonic foaming motor to more accurately conduct and stimulate water flow to thoroughly clean the blind area of teeth. Twelve whitening modes are suitable for the needs of different groups of people. The brightness of teeth increased by 37.57% in four weeks.<br \/>\n&#8211; Endurance<br \/>\nIt is charged once every six months, and it has six times the super battery life.<br \/>\n&#8211; IPX7 Waterproof<br \/>\nIPX7 waterproof and mildew proof.<br \/>\n&#8211; Smart Timer<br \/>\nScientific and intelligent timing reminder.<\/p>\n","protected":false},"excerpt":{"rendered":"<p>&#8211; Super Sterilization Ability The five-minute sterilization rate can be as high as 99.99%. UVC ultraviolet lamp beads hinder bacterial replication and cause bacterial death. The disinfection chamber can be automatically disinfected and stored in a close-closed manner, allowing you to see secondary pollution. &#8211; Convenient Storage Independent storage, save space, take it as you [&#8230;]\n","protected":false},"featured_media":199038,"template":"","meta":{"inline_featured_image":false},"product_cat":[17246],"product_tag":[],"yoast_head":"<!-- This site is optimized with the Yoast SEO Premium plugin v23.0 (Yoast SEO v23.0) - https:\/\/yoast.com\/wordpress\/plugins\/seo\/ -->\n<title>Toothbrush Soocas X3 Pro Sonic, hea hinnaga, osta e-pood - Odav Print<\/title>\n<meta name=\"description\" content=\"Osta Toothbrush Soocas X3 Pro Sonic Odav Print \u260e +372 5911 9495 \u2714\ufe0f Parim hind Toothbrush Soocas X3 Pro Sonic jaoks \u26df Kiire kohaletoimetamine Eestis \u2b50 Garanteeritud\" \/>\n<meta name=\"robots\" content=\"index, follow, max-snippet:-1, max-image-preview:large, max-video-preview:-1\" \/>\n<link rel=\"canonical\" href=\"https:\/\/odavprint.ee\/en\/product\/toothbrush-soocas-x3-pro-sonic\/\" \/>\n<meta property=\"og:locale\" content=\"en_US\" \/>\n<meta property=\"og:type\" content=\"article\" \/>\n<meta property=\"og:title\" content=\"Toothbrush Soocas X3 Pro Sonic\" \/>\n<meta property=\"og:description\" content=\"Osta Toothbrush Soocas X3 Pro Sonic Odav Print \u260e +372 5911 9495 \u2714\ufe0f Parim hind Toothbrush Soocas X3 Pro Sonic jaoks \u26df Kiire kohaletoimetamine Eestis \u2b50 Garanteeritud\" \/>\n<meta property=\"og:url\" content=\"https:\/\/odavprint.ee\/en\/product\/toothbrush-soocas-x3-pro-sonic\/\" \/>\n<meta property=\"og:site_name\" content=\"Odav Print\" \/>\n<meta property=\"og:image\" content=\"https:\/\/odavprint.ee\/wp-content\/uploads\/2023\/09\/199037_1_78ec37c7e138350187d9b5f88aa8d591.jpg\" \/>\n\t<meta property=\"og:image:width\" content=\"800\" \/>\n\t<meta property=\"og:image:height\" content=\"454\" \/>\n\t<meta property=\"og:image:type\" content=\"image\/jpeg\" \/>\n<meta name=\"twitter:card\" content=\"summary_large_image\" \/>\n<meta name=\"twitter:label1\" content=\"Price\" \/>\n\t<meta name=\"twitter:data1\" content=\"&euro;64.80\" \/>\n\t<meta name=\"twitter:label2\" content=\"Availability\" \/>\n\t<meta name=\"twitter:data2\" content=\"Out of stock\" \/>\n<script type=\"application\/ld+json\" class=\"yoast-schema-graph\">{\"@context\":\"https:\/\/schema.org\",\"@graph\":[{\"@type\":[\"WebPage\",\"ItemPage\"],\"@id\":\"https:\/\/odavprint.ee\/en\/product\/toothbrush-soocas-x3-pro-sonic\/\",\"url\":\"https:\/\/odavprint.ee\/en\/product\/toothbrush-soocas-x3-pro-sonic\/\",\"name\":\"Toothbrush Soocas X3 Pro Sonic, hea hinnaga, osta e-pood - Odav Print\",\"isPartOf\":{\"@id\":\"https:\/\/odavprint.ee\/en\/#website\"},\"primaryImageOfPage\":{\"@id\":\"https:\/\/odavprint.ee\/en\/product\/toothbrush-soocas-x3-pro-sonic\/#primaryimage\"},\"image\":{\"@id\":\"https:\/\/odavprint.ee\/en\/product\/toothbrush-soocas-x3-pro-sonic\/#primaryimage\"},\"thumbnailUrl\":\"https:\/\/odavprint.ee\/wp-content\/uploads\/2023\/09\/199037_1_78ec37c7e138350187d9b5f88aa8d591.jpg\",\"datePublished\":\"2023-09-15T12:38:05+00:00\",\"dateModified\":\"2023-09-15T12:38:05+00:00\",\"description\":\"Osta Toothbrush Soocas X3 Pro Sonic Odav Print \u260e +372 5911 9495 \u2714\ufe0f Parim hind Toothbrush Soocas X3 Pro Sonic jaoks \u26df Kiire kohaletoimetamine Eestis \u2b50 Garanteeritud\",\"breadcrumb\":{\"@id\":\"https:\/\/odavprint.ee\/en\/product\/toothbrush-soocas-x3-pro-sonic\/#breadcrumb\"},\"inLanguage\":\"en-US\",\"potentialAction\":[{\"@type\":\"ReadAction\",\"target\":[\"https:\/\/odavprint.ee\/en\/product\/toothbrush-soocas-x3-pro-sonic\/\"]}]},{\"@type\":\"ImageObject\",\"inLanguage\":\"en-US\",\"@id\":\"https:\/\/odavprint.ee\/en\/product\/toothbrush-soocas-x3-pro-sonic\/#primaryimage\",\"url\":\"https:\/\/odavprint.ee\/wp-content\/uploads\/2023\/09\/199037_1_78ec37c7e138350187d9b5f88aa8d591.jpg\",\"contentUrl\":\"https:\/\/odavprint.ee\/wp-content\/uploads\/2023\/09\/199037_1_78ec37c7e138350187d9b5f88aa8d591.jpg\",\"width\":800,\"height\":454},{\"@type\":\"BreadcrumbList\",\"@id\":\"https:\/\/odavprint.ee\/en\/product\/toothbrush-soocas-x3-pro-sonic\/#breadcrumb\",\"itemListElement\":[{\"@type\":\"ListItem\",\"position\":1,\"name\":\"Home\",\"item\":\"https:\/\/odavprint.ee\/en\/\"},{\"@type\":\"ListItem\",\"position\":2,\"name\":\"Shop\",\"item\":\"https:\/\/odavprint.ee\/en\/shop\/\"},{\"@type\":\"ListItem\",\"position\":3,\"name\":\"Toothbrush Soocas X3 Pro Sonic\"}]},{\"@type\":\"WebSite\",\"@id\":\"https:\/\/odavprint.ee\/en\/#website\",\"url\":\"https:\/\/odavprint.ee\/en\/\",\"name\":\"Odav Print\",\"description\":\"Just another WordPress site\",\"publisher\":{\"@id\":\"https:\/\/odavprint.ee\/en\/#organization\"},\"alternateName\":\"Kassettide, toonerite t\u00e4itmine ja m\u00fc\u00fck.\",\"potentialAction\":[{\"@type\":\"SearchAction\",\"target\":{\"@type\":\"EntryPoint\",\"urlTemplate\":\"https:\/\/odavprint.ee\/en\/?s={search_term_string}\"},\"query-input\":\"required name=search_term_string\"}],\"inLanguage\":\"en-US\"},{\"@type\":[\"Organization\",\"Place\"],\"@id\":\"https:\/\/odavprint.ee\/en\/#organization\",\"name\":\"Odav Print O\u00dc\",\"url\":\"https:\/\/odavprint.ee\/en\/\",\"logo\":{\"@id\":\"https:\/\/odavprint.ee\/en\/product\/toothbrush-soocas-x3-pro-sonic\/#local-main-organization-logo\"},\"image\":{\"@id\":\"https:\/\/odavprint.ee\/en\/product\/toothbrush-soocas-x3-pro-sonic\/#local-main-organization-logo\"},\"address\":{\"@id\":\"https:\/\/odavprint.ee\/en\/product\/toothbrush-soocas-x3-pro-sonic\/#local-main-place-address\"},\"geo\":{\"@type\":\"GeoCoordinates\",\"latitude\":\"59.4306504\",\"longitude\":\"24.8095743\"},\"telephone\":[\"53836926\"],\"openingHoursSpecification\":[{\"@type\":\"OpeningHoursSpecification\",\"dayOfWeek\":[\"Monday\",\"Tuesday\",\"Wednesday\",\"Thursday\",\"Friday\",\"Saturday\",\"Sunday\"],\"opens\":\"09:00\",\"closes\":\"17:00\"}],\"email\":\"info@odavprint.eu\"},{\"@type\":\"PostalAddress\",\"@id\":\"https:\/\/odavprint.ee\/en\/product\/toothbrush-soocas-x3-pro-sonic\/#local-main-place-address\",\"streetAddress\":\"Pae tn 28\",\"addressLocality\":\"Tallinn\",\"postalCode\":\"11415\",\"addressRegion\":\"Harjumaa\",\"addressCountry\":\"EE\"},{\"@type\":\"ImageObject\",\"inLanguage\":\"en-US\",\"@id\":\"https:\/\/odavprint.ee\/en\/product\/toothbrush-soocas-x3-pro-sonic\/#local-main-organization-logo\",\"url\":\"https:\/\/odavprint.ee\/wp-content\/uploads\/2018\/10\/odavprint-logo-240.jpg\",\"contentUrl\":\"https:\/\/odavprint.ee\/wp-content\/uploads\/2018\/10\/odavprint-logo-240.jpg\",\"width\":240,\"height\":36,\"caption\":\"Odav Print O\u00dc\"}]}<\/script>\n<meta property=\"product:price:amount\" content=\"64.80\" \/>\n<meta property=\"product:price:currency\" content=\"EUR\" \/>\n<meta property=\"og:availability\" content=\"out of stock\" \/>\n<meta property=\"product:availability\" content=\"out of stock\" \/>\n<meta property=\"product:retailer_item_id\" content=\"X3PRO\" \/>\n<meta property=\"product:condition\" content=\"new\" \/>\n<meta name=\"geo.placename\" content=\"Tallinn\" \/>\n<meta name=\"geo.position\" content=\"59.4306504;24.8095743\" \/>\n<meta name=\"geo.region\" content=\"Estonia\" \/>\n<!-- \/ Yoast SEO Premium plugin. -->","yoast_head_json":{"title":"Toothbrush Soocas X3 Pro Sonic, hea hinnaga, osta e-pood - Odav Print","description":"Osta Toothbrush Soocas X3 Pro Sonic Odav Print \u260e +372 5911 9495 \u2714\ufe0f Parim hind Toothbrush Soocas X3 Pro Sonic jaoks \u26df Kiire kohaletoimetamine Eestis \u2b50 Garanteeritud","robots":{"index":"index","follow":"follow","max-snippet":"max-snippet:-1","max-image-preview":"max-image-preview:large","max-video-preview":"max-video-preview:-1"},"canonical":"https:\/\/odavprint.ee\/en\/product\/toothbrush-soocas-x3-pro-sonic\/","og_locale":"en_US","og_type":"article","og_title":"Toothbrush Soocas X3 Pro Sonic","og_description":"Osta Toothbrush Soocas X3 Pro Sonic Odav Print \u260e +372 5911 9495 \u2714\ufe0f Parim hind Toothbrush Soocas X3 Pro Sonic jaoks \u26df Kiire kohaletoimetamine Eestis \u2b50 Garanteeritud","og_url":"https:\/\/odavprint.ee\/en\/product\/toothbrush-soocas-x3-pro-sonic\/","og_site_name":"Odav Print","og_image":[{"width":800,"height":454,"url":"https:\/\/odavprint.ee\/wp-content\/uploads\/2023\/09\/199037_1_78ec37c7e138350187d9b5f88aa8d591.jpg","type":"image\/jpeg"}],"twitter_card":"summary_large_image","twitter_misc":{"Price":"&euro;64.80","Availability":"Out of stock"},"schema":{"@context":"https:\/\/schema.org","@graph":[{"@type":["WebPage","ItemPage"],"@id":"https:\/\/odavprint.ee\/en\/product\/toothbrush-soocas-x3-pro-sonic\/","url":"https:\/\/odavprint.ee\/en\/product\/toothbrush-soocas-x3-pro-sonic\/","name":"Toothbrush Soocas X3 Pro Sonic, hea hinnaga, osta e-pood - Odav Print","isPartOf":{"@id":"https:\/\/odavprint.ee\/en\/#website"},"primaryImageOfPage":{"@id":"https:\/\/odavprint.ee\/en\/product\/toothbrush-soocas-x3-pro-sonic\/#primaryimage"},"image":{"@id":"https:\/\/odavprint.ee\/en\/product\/toothbrush-soocas-x3-pro-sonic\/#primaryimage"},"thumbnailUrl":"https:\/\/odavprint.ee\/wp-content\/uploads\/2023\/09\/199037_1_78ec37c7e138350187d9b5f88aa8d591.jpg","datePublished":"2023-09-15T12:38:05+00:00","dateModified":"2023-09-15T12:38:05+00:00","description":"Osta Toothbrush Soocas X3 Pro Sonic Odav Print \u260e +372 5911 9495 \u2714\ufe0f Parim hind Toothbrush Soocas X3 Pro Sonic jaoks \u26df Kiire kohaletoimetamine Eestis \u2b50 Garanteeritud","breadcrumb":{"@id":"https:\/\/odavprint.ee\/en\/product\/toothbrush-soocas-x3-pro-sonic\/#breadcrumb"},"inLanguage":"en-US","potentialAction":[{"@type":"ReadAction","target":["https:\/\/odavprint.ee\/en\/product\/toothbrush-soocas-x3-pro-sonic\/"]}]},{"@type":"ImageObject","inLanguage":"en-US","@id":"https:\/\/odavprint.ee\/en\/product\/toothbrush-soocas-x3-pro-sonic\/#primaryimage","url":"https:\/\/odavprint.ee\/wp-content\/uploads\/2023\/09\/199037_1_78ec37c7e138350187d9b5f88aa8d591.jpg","contentUrl":"https:\/\/odavprint.ee\/wp-content\/uploads\/2023\/09\/199037_1_78ec37c7e138350187d9b5f88aa8d591.jpg","width":800,"height":454},{"@type":"BreadcrumbList","@id":"https:\/\/odavprint.ee\/en\/product\/toothbrush-soocas-x3-pro-sonic\/#breadcrumb","itemListElement":[{"@type":"ListItem","position":1,"name":"Home","item":"https:\/\/odavprint.ee\/en\/"},{"@type":"ListItem","position":2,"name":"Shop","item":"https:\/\/odavprint.ee\/en\/shop\/"},{"@type":"ListItem","position":3,"name":"Toothbrush Soocas X3 Pro Sonic"}]},{"@type":"WebSite","@id":"https:\/\/odavprint.ee\/en\/#website","url":"https:\/\/odavprint.ee\/en\/","name":"Odav Print","description":"Just another WordPress site","publisher":{"@id":"https:\/\/odavprint.ee\/en\/#organization"},"alternateName":"Kassettide, toonerite t\u00e4itmine ja m\u00fc\u00fck.","potentialAction":[{"@type":"SearchAction","target":{"@type":"EntryPoint","urlTemplate":"https:\/\/odavprint.ee\/en\/?s={search_term_string}"},"query-input":"required name=search_term_string"}],"inLanguage":"en-US"},{"@type":["Organization","Place"],"@id":"https:\/\/odavprint.ee\/en\/#organization","name":"Odav Print O\u00dc","url":"https:\/\/odavprint.ee\/en\/","logo":{"@id":"https:\/\/odavprint.ee\/en\/product\/toothbrush-soocas-x3-pro-sonic\/#local-main-organization-logo"},"image":{"@id":"https:\/\/odavprint.ee\/en\/product\/toothbrush-soocas-x3-pro-sonic\/#local-main-organization-logo"},"address":{"@id":"https:\/\/odavprint.ee\/en\/product\/toothbrush-soocas-x3-pro-sonic\/#local-main-place-address"},"geo":{"@type":"GeoCoordinates","latitude":"59.4306504","longitude":"24.8095743"},"telephone":["53836926"],"openingHoursSpecification":[{"@type":"OpeningHoursSpecification","dayOfWeek":["Monday","Tuesday","Wednesday","Thursday","Friday","Saturday","Sunday"],"opens":"09:00","closes":"17:00"}],"email":"info@odavprint.eu"},{"@type":"PostalAddress","@id":"https:\/\/odavprint.ee\/en\/product\/toothbrush-soocas-x3-pro-sonic\/#local-main-place-address","streetAddress":"Pae tn 28","addressLocality":"Tallinn","postalCode":"11415","addressRegion":"Harjumaa","addressCountry":"EE"},{"@type":"ImageObject","inLanguage":"en-US","@id":"https:\/\/odavprint.ee\/en\/product\/toothbrush-soocas-x3-pro-sonic\/#local-main-organization-logo","url":"https:\/\/odavprint.ee\/wp-content\/uploads\/2018\/10\/odavprint-logo-240.jpg","contentUrl":"https:\/\/odavprint.ee\/wp-content\/uploads\/2018\/10\/odavprint-logo-240.jpg","width":240,"height":36,"caption":"Odav Print O\u00dc"}]},"product_price_amount":"64.80","product_price_currency":"EUR","og_availability":"out of stock","product_availability":"out of stock","product_retailer_item_id":"X3PRO","product_condition":"new","geo.placename":"Tallinn","geo.position":{"lat":"59.4306504","long":"24.8095743"},"geo.region":"Estonia"},"_links":{"self":[{"href":"https:\/\/odavprint.ee\/en\/wp-json\/wp\/v2\/product\/199037"}],"collection":[{"href":"https:\/\/odavprint.ee\/en\/wp-json\/wp\/v2\/product"}],"about":[{"href":"https:\/\/odavprint.ee\/en\/wp-json\/wp\/v2\/types\/product"}],"wp:featuredmedia":[{"embeddable":true,"href":"https:\/\/odavprint.ee\/en\/wp-json\/wp\/v2\/media\/199038"}],"wp:attachment":[{"href":"https:\/\/odavprint.ee\/en\/wp-json\/wp\/v2\/media?parent=199037"}],"wp:term":[{"taxonomy":"product_cat","embeddable":true,"href":"https:\/\/odavprint.ee\/en\/wp-json\/wp\/v2\/product_cat?post=199037"},{"taxonomy":"product_tag","embeddable":true,"href":"https:\/\/odavprint.ee\/en\/wp-json\/wp\/v2\/product_tag?post=199037"}],"curies":[{"name":"wp","href":"https:\/\/api.w.org\/{rel}","templated":true}]}}