{"id":202026,"date":"2024-01-17T10:44:43","date_gmt":"2024-01-17T08:44:43","guid":{"rendered":"https:\/\/odavprint.ee\/?post_type=product&#038;p=202026"},"modified":"2024-01-17T10:44:43","modified_gmt":"2024-01-17T08:44:43","slug":"originaal-trummel-hp-104a-w1104a-drum","status":"publish","type":"product","link":"https:\/\/odavprint.ee\/en\/product\/originaal-trummel-hp-104a-w1104a-drum\/","title":{"rendered":"Originaal trummel HP 104A (W1104A) DRUM"},"content":{"rendered":"<p>HP Neverstop Laser 1000a (4RY22A)<\/p>\n<p>HP Neverstop Laser 1000n (5HG74A)<\/p>\n<p>HP Neverstop Laser 1000w (4RY23A)<\/p>\n<p>HP Neverstop Laser MFP 1200a (4QD21A)<\/p>\n<p>HP Neverstop Laser MFP 1200n (5HG87A)<\/p>\n<p>HP Neverstop Laser MFP 1200w (4RY26A)<\/p>\n","protected":false},"excerpt":{"rendered":"<p>HP Neverstop Laser 1000a (4RY22A) HP Neverstop Laser 1000n (5HG74A) HP Neverstop Laser 1000w (4RY23A) HP Neverstop Laser MFP 1200a (4QD21A) HP Neverstop Laser MFP 1200n (5HG87A) HP Neverstop Laser MFP 1200w (4RY26A)<\/p>\n","protected":false},"featured_media":202027,"template":"","meta":{"inline_featured_image":false},"product_cat":[12832],"product_tag":[],"yoast_head":"<!-- This site is optimized with the Yoast SEO Premium plugin v23.0 (Yoast SEO v23.0) - https:\/\/yoast.com\/wordpress\/plugins\/seo\/ -->\n<title>Originaal trummel HP 104A (W1104A) DRUM, hea hinnaga, osta e-pood - Odav Print<\/title>\n<meta name=\"description\" content=\"Osta Originaal trummel HP 104A (W1104A) DRUM Odav Print \u260e +372 5911 9495 \u2714\ufe0f Parim hind Originaal trummel HP 104A (W1104A) DRUM jaoks \u26df Kiire kohaletoimetamine Eestis \u2b50 Garanteeritud\" \/>\n<meta name=\"robots\" content=\"index, follow, max-snippet:-1, max-image-preview:large, max-video-preview:-1\" \/>\n<link rel=\"canonical\" href=\"https:\/\/odavprint.ee\/en\/product\/originaal-trummel-hp-104a-w1104a-drum\/\" \/>\n<meta property=\"og:locale\" content=\"en_US\" \/>\n<meta property=\"og:type\" content=\"article\" \/>\n<meta property=\"og:title\" content=\"Originaal trummel HP 104A (W1104A) DRUM\" \/>\n<meta property=\"og:description\" content=\"Osta Originaal trummel HP 104A (W1104A) DRUM Odav Print \u260e +372 5911 9495 \u2714\ufe0f Parim hind Originaal trummel HP 104A (W1104A) DRUM jaoks \u26df Kiire kohaletoimetamine Eestis \u2b50 Garanteeritud\" \/>\n<meta property=\"og:url\" content=\"https:\/\/odavprint.ee\/en\/product\/originaal-trummel-hp-104a-w1104a-drum\/\" \/>\n<meta property=\"og:site_name\" content=\"Odav Print\" \/>\n<meta property=\"og:image\" content=\"https:\/\/odavprint.ee\/wp-content\/uploads\/2024\/01\/104.jpg\" \/>\n\t<meta property=\"og:image:width\" content=\"800\" \/>\n\t<meta property=\"og:image:height\" content=\"600\" \/>\n\t<meta property=\"og:image:type\" content=\"image\/jpeg\" \/>\n<meta name=\"twitter:card\" content=\"summary_large_image\" \/>\n<meta name=\"twitter:label1\" content=\"Price\" \/>\n\t<meta name=\"twitter:data1\" content=\"&euro;98.50\" \/>\n\t<meta name=\"twitter:label2\" content=\"Availability\" \/>\n\t<meta name=\"twitter:data2\" content=\"In stock\" \/>\n<script type=\"application\/ld+json\" class=\"yoast-schema-graph\">{\"@context\":\"https:\/\/schema.org\",\"@graph\":[{\"@type\":[\"WebPage\",\"ItemPage\"],\"@id\":\"https:\/\/odavprint.ee\/en\/product\/originaal-trummel-hp-104a-w1104a-drum\/\",\"url\":\"https:\/\/odavprint.ee\/en\/product\/originaal-trummel-hp-104a-w1104a-drum\/\",\"name\":\"Originaal trummel HP 104A (W1104A) DRUM, hea hinnaga, osta e-pood - Odav Print\",\"isPartOf\":{\"@id\":\"https:\/\/odavprint.ee\/en\/#website\"},\"primaryImageOfPage\":{\"@id\":\"https:\/\/odavprint.ee\/en\/product\/originaal-trummel-hp-104a-w1104a-drum\/#primaryimage\"},\"image\":{\"@id\":\"https:\/\/odavprint.ee\/en\/product\/originaal-trummel-hp-104a-w1104a-drum\/#primaryimage\"},\"thumbnailUrl\":\"https:\/\/odavprint.ee\/wp-content\/uploads\/2024\/01\/104.jpg\",\"datePublished\":\"2024-01-17T08:44:43+00:00\",\"dateModified\":\"2024-01-17T08:44:43+00:00\",\"description\":\"Osta Originaal trummel HP 104A (W1104A) DRUM Odav Print \u260e +372 5911 9495 \u2714\ufe0f Parim hind Originaal trummel HP 104A (W1104A) DRUM jaoks \u26df Kiire kohaletoimetamine Eestis \u2b50 Garanteeritud\",\"breadcrumb\":{\"@id\":\"https:\/\/odavprint.ee\/en\/product\/originaal-trummel-hp-104a-w1104a-drum\/#breadcrumb\"},\"inLanguage\":\"en-US\",\"potentialAction\":[{\"@type\":\"ReadAction\",\"target\":[\"https:\/\/odavprint.ee\/en\/product\/originaal-trummel-hp-104a-w1104a-drum\/\"]}]},{\"@type\":\"ImageObject\",\"inLanguage\":\"en-US\",\"@id\":\"https:\/\/odavprint.ee\/en\/product\/originaal-trummel-hp-104a-w1104a-drum\/#primaryimage\",\"url\":\"https:\/\/odavprint.ee\/wp-content\/uploads\/2024\/01\/104.jpg\",\"contentUrl\":\"https:\/\/odavprint.ee\/wp-content\/uploads\/2024\/01\/104.jpg\",\"width\":800,\"height\":600},{\"@type\":\"BreadcrumbList\",\"@id\":\"https:\/\/odavprint.ee\/en\/product\/originaal-trummel-hp-104a-w1104a-drum\/#breadcrumb\",\"itemListElement\":[{\"@type\":\"ListItem\",\"position\":1,\"name\":\"Home\",\"item\":\"https:\/\/odavprint.ee\/en\/\"},{\"@type\":\"ListItem\",\"position\":2,\"name\":\"Shop\",\"item\":\"https:\/\/odavprint.ee\/en\/shop\/\"},{\"@type\":\"ListItem\",\"position\":3,\"name\":\"Originaal trummel HP 104A (W1104A) DRUM\"}]},{\"@type\":\"WebSite\",\"@id\":\"https:\/\/odavprint.ee\/en\/#website\",\"url\":\"https:\/\/odavprint.ee\/en\/\",\"name\":\"Odav Print\",\"description\":\"Just another WordPress site\",\"publisher\":{\"@id\":\"https:\/\/odavprint.ee\/en\/#organization\"},\"alternateName\":\"Kassettide, toonerite t\u00e4itmine ja m\u00fc\u00fck.\",\"potentialAction\":[{\"@type\":\"SearchAction\",\"target\":{\"@type\":\"EntryPoint\",\"urlTemplate\":\"https:\/\/odavprint.ee\/en\/?s={search_term_string}\"},\"query-input\":\"required name=search_term_string\"}],\"inLanguage\":\"en-US\"},{\"@type\":[\"Organization\",\"Place\"],\"@id\":\"https:\/\/odavprint.ee\/en\/#organization\",\"name\":\"Odav Print O\u00dc\",\"url\":\"https:\/\/odavprint.ee\/en\/\",\"logo\":{\"@id\":\"https:\/\/odavprint.ee\/en\/product\/originaal-trummel-hp-104a-w1104a-drum\/#local-main-organization-logo\"},\"image\":{\"@id\":\"https:\/\/odavprint.ee\/en\/product\/originaal-trummel-hp-104a-w1104a-drum\/#local-main-organization-logo\"},\"address\":{\"@id\":\"https:\/\/odavprint.ee\/en\/product\/originaal-trummel-hp-104a-w1104a-drum\/#local-main-place-address\"},\"geo\":{\"@type\":\"GeoCoordinates\",\"latitude\":\"59.4306504\",\"longitude\":\"24.8095743\"},\"telephone\":[\"53836926\"],\"openingHoursSpecification\":[{\"@type\":\"OpeningHoursSpecification\",\"dayOfWeek\":[\"Monday\",\"Tuesday\",\"Wednesday\",\"Thursday\",\"Friday\",\"Saturday\",\"Sunday\"],\"opens\":\"09:00\",\"closes\":\"17:00\"}],\"email\":\"info@odavprint.eu\"},{\"@type\":\"PostalAddress\",\"@id\":\"https:\/\/odavprint.ee\/en\/product\/originaal-trummel-hp-104a-w1104a-drum\/#local-main-place-address\",\"streetAddress\":\"Pae tn 28\",\"addressLocality\":\"Tallinn\",\"postalCode\":\"11415\",\"addressRegion\":\"Harjumaa\",\"addressCountry\":\"EE\"},{\"@type\":\"ImageObject\",\"inLanguage\":\"en-US\",\"@id\":\"https:\/\/odavprint.ee\/en\/product\/originaal-trummel-hp-104a-w1104a-drum\/#local-main-organization-logo\",\"url\":\"https:\/\/odavprint.ee\/wp-content\/uploads\/2018\/10\/odavprint-logo-240.jpg\",\"contentUrl\":\"https:\/\/odavprint.ee\/wp-content\/uploads\/2018\/10\/odavprint-logo-240.jpg\",\"width\":240,\"height\":36,\"caption\":\"Odav Print O\u00dc\"}]}<\/script>\n<meta property=\"product:price:amount\" content=\"98.50\" \/>\n<meta property=\"product:price:currency\" content=\"EUR\" \/>\n<meta property=\"og:availability\" content=\"instock\" \/>\n<meta property=\"product:availability\" content=\"instock\" \/>\n<meta property=\"product:condition\" content=\"new\" \/>\n<meta name=\"geo.placename\" content=\"Tallinn\" \/>\n<meta name=\"geo.position\" content=\"59.4306504;24.8095743\" \/>\n<meta name=\"geo.region\" content=\"Estonia\" \/>\n<!-- \/ Yoast SEO Premium plugin. -->","yoast_head_json":{"title":"Originaal trummel HP 104A (W1104A) DRUM, hea hinnaga, osta e-pood - Odav Print","description":"Osta Originaal trummel HP 104A (W1104A) DRUM Odav Print \u260e +372 5911 9495 \u2714\ufe0f Parim hind Originaal trummel HP 104A (W1104A) DRUM jaoks \u26df Kiire kohaletoimetamine Eestis \u2b50 Garanteeritud","robots":{"index":"index","follow":"follow","max-snippet":"max-snippet:-1","max-image-preview":"max-image-preview:large","max-video-preview":"max-video-preview:-1"},"canonical":"https:\/\/odavprint.ee\/en\/product\/originaal-trummel-hp-104a-w1104a-drum\/","og_locale":"en_US","og_type":"article","og_title":"Originaal trummel HP 104A (W1104A) DRUM","og_description":"Osta Originaal trummel HP 104A (W1104A) DRUM Odav Print \u260e +372 5911 9495 \u2714\ufe0f Parim hind Originaal trummel HP 104A (W1104A) DRUM jaoks \u26df Kiire kohaletoimetamine Eestis \u2b50 Garanteeritud","og_url":"https:\/\/odavprint.ee\/en\/product\/originaal-trummel-hp-104a-w1104a-drum\/","og_site_name":"Odav Print","og_image":[{"width":800,"height":600,"url":"https:\/\/odavprint.ee\/wp-content\/uploads\/2024\/01\/104.jpg","type":"image\/jpeg"}],"twitter_card":"summary_large_image","twitter_misc":{"Price":"&euro;98.50","Availability":"In stock"},"schema":{"@context":"https:\/\/schema.org","@graph":[{"@type":["WebPage","ItemPage"],"@id":"https:\/\/odavprint.ee\/en\/product\/originaal-trummel-hp-104a-w1104a-drum\/","url":"https:\/\/odavprint.ee\/en\/product\/originaal-trummel-hp-104a-w1104a-drum\/","name":"Originaal trummel HP 104A (W1104A) DRUM, hea hinnaga, osta e-pood - Odav Print","isPartOf":{"@id":"https:\/\/odavprint.ee\/en\/#website"},"primaryImageOfPage":{"@id":"https:\/\/odavprint.ee\/en\/product\/originaal-trummel-hp-104a-w1104a-drum\/#primaryimage"},"image":{"@id":"https:\/\/odavprint.ee\/en\/product\/originaal-trummel-hp-104a-w1104a-drum\/#primaryimage"},"thumbnailUrl":"https:\/\/odavprint.ee\/wp-content\/uploads\/2024\/01\/104.jpg","datePublished":"2024-01-17T08:44:43+00:00","dateModified":"2024-01-17T08:44:43+00:00","description":"Osta Originaal trummel HP 104A (W1104A) DRUM Odav Print \u260e +372 5911 9495 \u2714\ufe0f Parim hind Originaal trummel HP 104A (W1104A) DRUM jaoks \u26df Kiire kohaletoimetamine Eestis \u2b50 Garanteeritud","breadcrumb":{"@id":"https:\/\/odavprint.ee\/en\/product\/originaal-trummel-hp-104a-w1104a-drum\/#breadcrumb"},"inLanguage":"en-US","potentialAction":[{"@type":"ReadAction","target":["https:\/\/odavprint.ee\/en\/product\/originaal-trummel-hp-104a-w1104a-drum\/"]}]},{"@type":"ImageObject","inLanguage":"en-US","@id":"https:\/\/odavprint.ee\/en\/product\/originaal-trummel-hp-104a-w1104a-drum\/#primaryimage","url":"https:\/\/odavprint.ee\/wp-content\/uploads\/2024\/01\/104.jpg","contentUrl":"https:\/\/odavprint.ee\/wp-content\/uploads\/2024\/01\/104.jpg","width":800,"height":600},{"@type":"BreadcrumbList","@id":"https:\/\/odavprint.ee\/en\/product\/originaal-trummel-hp-104a-w1104a-drum\/#breadcrumb","itemListElement":[{"@type":"ListItem","position":1,"name":"Home","item":"https:\/\/odavprint.ee\/en\/"},{"@type":"ListItem","position":2,"name":"Shop","item":"https:\/\/odavprint.ee\/en\/shop\/"},{"@type":"ListItem","position":3,"name":"Originaal trummel HP 104A (W1104A) DRUM"}]},{"@type":"WebSite","@id":"https:\/\/odavprint.ee\/en\/#website","url":"https:\/\/odavprint.ee\/en\/","name":"Odav Print","description":"Just another WordPress site","publisher":{"@id":"https:\/\/odavprint.ee\/en\/#organization"},"alternateName":"Kassettide, toonerite t\u00e4itmine ja m\u00fc\u00fck.","potentialAction":[{"@type":"SearchAction","target":{"@type":"EntryPoint","urlTemplate":"https:\/\/odavprint.ee\/en\/?s={search_term_string}"},"query-input":"required name=search_term_string"}],"inLanguage":"en-US"},{"@type":["Organization","Place"],"@id":"https:\/\/odavprint.ee\/en\/#organization","name":"Odav Print O\u00dc","url":"https:\/\/odavprint.ee\/en\/","logo":{"@id":"https:\/\/odavprint.ee\/en\/product\/originaal-trummel-hp-104a-w1104a-drum\/#local-main-organization-logo"},"image":{"@id":"https:\/\/odavprint.ee\/en\/product\/originaal-trummel-hp-104a-w1104a-drum\/#local-main-organization-logo"},"address":{"@id":"https:\/\/odavprint.ee\/en\/product\/originaal-trummel-hp-104a-w1104a-drum\/#local-main-place-address"},"geo":{"@type":"GeoCoordinates","latitude":"59.4306504","longitude":"24.8095743"},"telephone":["53836926"],"openingHoursSpecification":[{"@type":"OpeningHoursSpecification","dayOfWeek":["Monday","Tuesday","Wednesday","Thursday","Friday","Saturday","Sunday"],"opens":"09:00","closes":"17:00"}],"email":"info@odavprint.eu"},{"@type":"PostalAddress","@id":"https:\/\/odavprint.ee\/en\/product\/originaal-trummel-hp-104a-w1104a-drum\/#local-main-place-address","streetAddress":"Pae tn 28","addressLocality":"Tallinn","postalCode":"11415","addressRegion":"Harjumaa","addressCountry":"EE"},{"@type":"ImageObject","inLanguage":"en-US","@id":"https:\/\/odavprint.ee\/en\/product\/originaal-trummel-hp-104a-w1104a-drum\/#local-main-organization-logo","url":"https:\/\/odavprint.ee\/wp-content\/uploads\/2018\/10\/odavprint-logo-240.jpg","contentUrl":"https:\/\/odavprint.ee\/wp-content\/uploads\/2018\/10\/odavprint-logo-240.jpg","width":240,"height":36,"caption":"Odav Print O\u00dc"}]},"product_price_amount":"98.50","product_price_currency":"EUR","og_availability":"instock","product_availability":"instock","product_condition":"new","geo.placename":"Tallinn","geo.position":{"lat":"59.4306504","long":"24.8095743"},"geo.region":"Estonia"},"_links":{"self":[{"href":"https:\/\/odavprint.ee\/en\/wp-json\/wp\/v2\/product\/202026"}],"collection":[{"href":"https:\/\/odavprint.ee\/en\/wp-json\/wp\/v2\/product"}],"about":[{"href":"https:\/\/odavprint.ee\/en\/wp-json\/wp\/v2\/types\/product"}],"wp:featuredmedia":[{"embeddable":true,"href":"https:\/\/odavprint.ee\/en\/wp-json\/wp\/v2\/media\/202027"}],"wp:attachment":[{"href":"https:\/\/odavprint.ee\/en\/wp-json\/wp\/v2\/media?parent=202026"}],"wp:term":[{"taxonomy":"product_cat","embeddable":true,"href":"https:\/\/odavprint.ee\/en\/wp-json\/wp\/v2\/product_cat?post=202026"},{"taxonomy":"product_tag","embeddable":true,"href":"https:\/\/odavprint.ee\/en\/wp-json\/wp\/v2\/product_tag?post=202026"}],"curies":[{"name":"wp","href":"https:\/\/api.w.org\/{rel}","templated":true}]}}