{"id":208875,"date":"2025-02-11T14:46:18","date_gmt":"2025-02-11T12:46:18","guid":{"rendered":"https:\/\/odavprint.ee\/?post_type=product&#038;p=208875"},"modified":"2025-10-03T16:39:28","modified_gmt":"2025-10-03T13:39:28","slug":"nylon-ribbon-oki-microline-180-182-192-193-280-320-321-3320-3321-3390-3391-380-385-386-390-391","status":"publish","type":"product","link":"https:\/\/odavprint.ee\/en\/product\/nylon-ribbon-oki-microline-180-182-192-193-280-320-321-3320-3321-3390-3391-380-385-386-390-391\/","title":{"rendered":"Analoog Nylon Ribbon OKI Microline 180 \/ 182 \/ 192 \/ 193 \/ 280 \/ 320 \/ 321 \/ 3320 \/ 3321 \/ 3390 \/ 3391 \/ 380 \/ 385 \/ 386 \/ 390 \/ 391"},"content":{"rendered":"<p>OKI Microline 180<br \/>\nOKI Microline 182<br \/>\nOKI Microline 192<br \/>\nOKI Microline 193<br \/>\nOKI Microline 280<br \/>\nOKI Microline 320<br \/>\nOKI Microline 321<br \/>\nOKI Microline 3320<br \/>\nOKI Microline 3321<br \/>\nOKI Microline 3390<br \/>\nOKI Microline 3391<br \/>\nOKI Microline 380<br \/>\nOKI Microline 385<br \/>\nOKI Microline 386<br \/>\nOKI Microline 390FB \/ FBD<br \/>\nOKI Microline 391<\/p>\n","protected":false},"excerpt":{"rendered":"<p>OKI Microline 180 OKI Microline 182 OKI Microline 192 OKI Microline 193 OKI Microline 280 OKI Microline 320 OKI Microline 321 OKI Microline 3320 OKI Microline 3321 OKI Microline 3390 OKI Microline 3391 OKI Microline 380 OKI Microline 385 OKI Microline 386 OKI Microline 390FB \/ FBD OKI Microline 391<\/p>\n","protected":false},"featured_media":208876,"template":"","meta":{"inline_featured_image":false},"product_cat":[10770],"product_tag":[],"yoast_head":"<!-- This site is optimized with the Yoast SEO Premium plugin v23.0 (Yoast SEO v23.0) - https:\/\/yoast.com\/wordpress\/plugins\/seo\/ -->\n<title>Analoog Nylon Ribbon OKI Microline 180 \/ 182 \/ 192 \/ 193 \/ 280 \/ 320 \/ 321 \/ 3320 \/ 3321 \/ 3390 \/ 3391 \/ 380 \/ 385 \/ 386 \/ 390 \/ 391, hea hinnaga, osta e-pood - Odav Print<\/title>\n<meta name=\"description\" content=\"Osta Analoog Nylon Ribbon OKI Microline 180 \/ 182 \/ 192 \/ 193 \/ 280 \/ 320 \/ 321 \/ 3320 \/ 3321 \/ 3390 \/ 3391 \/ 380 \/ 385 \/ 386 \/ 390 \/ 391 Odav Print \u260e +372 5911 9495 \u2714\ufe0f Parim hind Analoog Nylon Ribbon OKI Microline 180 \/ 182 \/ 192 \/ 193 \/ 280 \/ 320 \/ 321 \/ 3320 \/ 3321 \/ 3390 \/ 3391 \/ 380 \/ 385 \/ 386 \/ 390 \/ 391 jaoks \u26df Kiire kohaletoimetamine Eestis \u2b50 Garanteeritud\" \/>\n<meta name=\"robots\" content=\"index, follow, max-snippet:-1, max-image-preview:large, max-video-preview:-1\" \/>\n<link rel=\"canonical\" href=\"https:\/\/odavprint.ee\/en\/product\/nylon-ribbon-oki-microline-180-182-192-193-280-320-321-3320-3321-3390-3391-380-385-386-390-391\/\" \/>\n<meta property=\"og:locale\" content=\"en_US\" \/>\n<meta property=\"og:type\" content=\"article\" \/>\n<meta property=\"og:title\" content=\"Analoog Nylon Ribbon OKI Microline 180 \/ 182 \/ 192 \/ 193 \/ 280 \/ 320 \/ 321 \/ 3320 \/ 3321 \/ 3390 \/ 3391 \/ 380 \/ 385 \/ 386 \/ 390 \/ 391\" \/>\n<meta property=\"og:description\" content=\"Osta Analoog Nylon Ribbon OKI Microline 180 \/ 182 \/ 192 \/ 193 \/ 280 \/ 320 \/ 321 \/ 3320 \/ 3321 \/ 3390 \/ 3391 \/ 380 \/ 385 \/ 386 \/ 390 \/ 391 Odav Print \u260e +372 5911 9495 \u2714\ufe0f Parim hind Analoog Nylon Ribbon OKI Microline 180 \/ 182 \/ 192 \/ 193 \/ 280 \/ 320 \/ 321 \/ 3320 \/ 3321 \/ 3390 \/ 3391 \/ 380 \/ 385 \/ 386 \/ 390 \/ 391 jaoks \u26df Kiire kohaletoimetamine Eestis \u2b50 Garanteeritud\" \/>\n<meta property=\"og:url\" content=\"https:\/\/odavprint.ee\/en\/product\/nylon-ribbon-oki-microline-180-182-192-193-280-320-321-3320-3321-3390-3391-380-385-386-390-391\/\" \/>\n<meta property=\"og:site_name\" content=\"Odav Print\" \/>\n<meta property=\"article:modified_time\" content=\"2025-10-03T13:39:28+00:00\" \/>\n<meta property=\"og:image\" content=\"https:\/\/odavprint.ee\/wp-content\/uploads\/2025\/02\/oki.jpg\" \/>\n\t<meta property=\"og:image:width\" content=\"450\" \/>\n\t<meta property=\"og:image:height\" content=\"450\" \/>\n\t<meta property=\"og:image:type\" content=\"image\/jpeg\" \/>\n<meta name=\"twitter:card\" content=\"summary_large_image\" \/>\n<meta name=\"twitter:label1\" content=\"Price\" \/>\n\t<meta name=\"twitter:data1\" content=\"&euro;9.10\" \/>\n\t<meta name=\"twitter:label2\" content=\"Availability\" \/>\n\t<meta name=\"twitter:data2\" content=\"In stock\" \/>\n<script type=\"application\/ld+json\" class=\"yoast-schema-graph\">{\"@context\":\"https:\/\/schema.org\",\"@graph\":[{\"@type\":[\"WebPage\",\"ItemPage\"],\"@id\":\"https:\/\/odavprint.ee\/en\/product\/nylon-ribbon-oki-microline-180-182-192-193-280-320-321-3320-3321-3390-3391-380-385-386-390-391\/\",\"url\":\"https:\/\/odavprint.ee\/en\/product\/nylon-ribbon-oki-microline-180-182-192-193-280-320-321-3320-3321-3390-3391-380-385-386-390-391\/\",\"name\":\"Analoog Nylon Ribbon OKI Microline 180 \/ 182 \/ 192 \/ 193 \/ 280 \/ 320 \/ 321 \/ 3320 \/ 3321 \/ 3390 \/ 3391 \/ 380 \/ 385 \/ 386 \/ 390 \/ 391, hea hinnaga, osta e-pood - Odav Print\",\"isPartOf\":{\"@id\":\"https:\/\/odavprint.ee\/en\/#website\"},\"primaryImageOfPage\":{\"@id\":\"https:\/\/odavprint.ee\/en\/product\/nylon-ribbon-oki-microline-180-182-192-193-280-320-321-3320-3321-3390-3391-380-385-386-390-391\/#primaryimage\"},\"image\":{\"@id\":\"https:\/\/odavprint.ee\/en\/product\/nylon-ribbon-oki-microline-180-182-192-193-280-320-321-3320-3321-3390-3391-380-385-386-390-391\/#primaryimage\"},\"thumbnailUrl\":\"https:\/\/odavprint.ee\/wp-content\/uploads\/2025\/02\/oki.jpg\",\"datePublished\":\"2025-02-11T12:46:18+00:00\",\"dateModified\":\"2025-10-03T13:39:28+00:00\",\"description\":\"Osta Analoog Nylon Ribbon OKI Microline 180 \/ 182 \/ 192 \/ 193 \/ 280 \/ 320 \/ 321 \/ 3320 \/ 3321 \/ 3390 \/ 3391 \/ 380 \/ 385 \/ 386 \/ 390 \/ 391 Odav Print \u260e +372 5911 9495 \u2714\ufe0f Parim hind Analoog Nylon Ribbon OKI Microline 180 \/ 182 \/ 192 \/ 193 \/ 280 \/ 320 \/ 321 \/ 3320 \/ 3321 \/ 3390 \/ 3391 \/ 380 \/ 385 \/ 386 \/ 390 \/ 391 jaoks \u26df Kiire kohaletoimetamine Eestis \u2b50 Garanteeritud\",\"breadcrumb\":{\"@id\":\"https:\/\/odavprint.ee\/en\/product\/nylon-ribbon-oki-microline-180-182-192-193-280-320-321-3320-3321-3390-3391-380-385-386-390-391\/#breadcrumb\"},\"inLanguage\":\"en-US\",\"potentialAction\":[{\"@type\":\"ReadAction\",\"target\":[\"https:\/\/odavprint.ee\/en\/product\/nylon-ribbon-oki-microline-180-182-192-193-280-320-321-3320-3321-3390-3391-380-385-386-390-391\/\"]}]},{\"@type\":\"ImageObject\",\"inLanguage\":\"en-US\",\"@id\":\"https:\/\/odavprint.ee\/en\/product\/nylon-ribbon-oki-microline-180-182-192-193-280-320-321-3320-3321-3390-3391-380-385-386-390-391\/#primaryimage\",\"url\":\"https:\/\/odavprint.ee\/wp-content\/uploads\/2025\/02\/oki.jpg\",\"contentUrl\":\"https:\/\/odavprint.ee\/wp-content\/uploads\/2025\/02\/oki.jpg\",\"width\":450,\"height\":450},{\"@type\":\"BreadcrumbList\",\"@id\":\"https:\/\/odavprint.ee\/en\/product\/nylon-ribbon-oki-microline-180-182-192-193-280-320-321-3320-3321-3390-3391-380-385-386-390-391\/#breadcrumb\",\"itemListElement\":[{\"@type\":\"ListItem\",\"position\":1,\"name\":\"Home\",\"item\":\"https:\/\/odavprint.ee\/en\/\"},{\"@type\":\"ListItem\",\"position\":2,\"name\":\"Shop\",\"item\":\"https:\/\/odavprint.ee\/en\/shop\/\"},{\"@type\":\"ListItem\",\"position\":3,\"name\":\"Analoog Nylon Ribbon OKI Microline 180 \/ 182 \/ 192 \/ 193 \/ 280 \/ 320 \/ 321 \/ 3320 \/ 3321 \/ 3390 \/ 3391 \/ 380 \/ 385 \/ 386 \/ 390 \/ 391\"}]},{\"@type\":\"WebSite\",\"@id\":\"https:\/\/odavprint.ee\/en\/#website\",\"url\":\"https:\/\/odavprint.ee\/en\/\",\"name\":\"Odav Print\",\"description\":\"Just another WordPress site\",\"publisher\":{\"@id\":\"https:\/\/odavprint.ee\/en\/#organization\"},\"alternateName\":\"Kassettide, toonerite t\u00e4itmine ja m\u00fc\u00fck.\",\"potentialAction\":[{\"@type\":\"SearchAction\",\"target\":{\"@type\":\"EntryPoint\",\"urlTemplate\":\"https:\/\/odavprint.ee\/en\/?s={search_term_string}\"},\"query-input\":\"required name=search_term_string\"}],\"inLanguage\":\"en-US\"},{\"@type\":[\"Organization\",\"Place\"],\"@id\":\"https:\/\/odavprint.ee\/en\/#organization\",\"name\":\"Odav Print O\u00dc\",\"url\":\"https:\/\/odavprint.ee\/en\/\",\"logo\":{\"@id\":\"https:\/\/odavprint.ee\/en\/product\/nylon-ribbon-oki-microline-180-182-192-193-280-320-321-3320-3321-3390-3391-380-385-386-390-391\/#local-main-organization-logo\"},\"image\":{\"@id\":\"https:\/\/odavprint.ee\/en\/product\/nylon-ribbon-oki-microline-180-182-192-193-280-320-321-3320-3321-3390-3391-380-385-386-390-391\/#local-main-organization-logo\"},\"address\":{\"@id\":\"https:\/\/odavprint.ee\/en\/product\/nylon-ribbon-oki-microline-180-182-192-193-280-320-321-3320-3321-3390-3391-380-385-386-390-391\/#local-main-place-address\"},\"geo\":{\"@type\":\"GeoCoordinates\",\"latitude\":\"59.4306504\",\"longitude\":\"24.8095743\"},\"telephone\":[\"53836926\"],\"openingHoursSpecification\":[{\"@type\":\"OpeningHoursSpecification\",\"dayOfWeek\":[\"Monday\",\"Tuesday\",\"Wednesday\",\"Thursday\",\"Friday\",\"Saturday\",\"Sunday\"],\"opens\":\"09:00\",\"closes\":\"17:00\"}],\"email\":\"info@odavprint.eu\"},{\"@type\":\"PostalAddress\",\"@id\":\"https:\/\/odavprint.ee\/en\/product\/nylon-ribbon-oki-microline-180-182-192-193-280-320-321-3320-3321-3390-3391-380-385-386-390-391\/#local-main-place-address\",\"streetAddress\":\"Pae tn 28\",\"addressLocality\":\"Tallinn\",\"postalCode\":\"11415\",\"addressRegion\":\"Harjumaa\",\"addressCountry\":\"EE\"},{\"@type\":\"ImageObject\",\"inLanguage\":\"en-US\",\"@id\":\"https:\/\/odavprint.ee\/en\/product\/nylon-ribbon-oki-microline-180-182-192-193-280-320-321-3320-3321-3390-3391-380-385-386-390-391\/#local-main-organization-logo\",\"url\":\"https:\/\/odavprint.ee\/wp-content\/uploads\/2018\/10\/odavprint-logo-240.jpg\",\"contentUrl\":\"https:\/\/odavprint.ee\/wp-content\/uploads\/2018\/10\/odavprint-logo-240.jpg\",\"width\":240,\"height\":36,\"caption\":\"Odav Print O\u00dc\"}]}<\/script>\n<meta property=\"product:price:amount\" content=\"9.10\" \/>\n<meta property=\"product:price:currency\" content=\"EUR\" \/>\n<meta property=\"og:availability\" content=\"instock\" \/>\n<meta property=\"product:availability\" content=\"instock\" \/>\n<meta property=\"product:condition\" content=\"new\" \/>\n<meta name=\"geo.placename\" content=\"Tallinn\" \/>\n<meta name=\"geo.position\" content=\"59.4306504;24.8095743\" \/>\n<meta name=\"geo.region\" content=\"Estonia\" \/>\n<!-- \/ Yoast SEO Premium plugin. -->","yoast_head_json":{"title":"Analoog Nylon Ribbon OKI Microline 180 \/ 182 \/ 192 \/ 193 \/ 280 \/ 320 \/ 321 \/ 3320 \/ 3321 \/ 3390 \/ 3391 \/ 380 \/ 385 \/ 386 \/ 390 \/ 391, hea hinnaga, osta e-pood - Odav Print","description":"Osta Analoog Nylon Ribbon OKI Microline 180 \/ 182 \/ 192 \/ 193 \/ 280 \/ 320 \/ 321 \/ 3320 \/ 3321 \/ 3390 \/ 3391 \/ 380 \/ 385 \/ 386 \/ 390 \/ 391 Odav Print \u260e +372 5911 9495 \u2714\ufe0f Parim hind Analoog Nylon Ribbon OKI Microline 180 \/ 182 \/ 192 \/ 193 \/ 280 \/ 320 \/ 321 \/ 3320 \/ 3321 \/ 3390 \/ 3391 \/ 380 \/ 385 \/ 386 \/ 390 \/ 391 jaoks \u26df Kiire kohaletoimetamine Eestis \u2b50 Garanteeritud","robots":{"index":"index","follow":"follow","max-snippet":"max-snippet:-1","max-image-preview":"max-image-preview:large","max-video-preview":"max-video-preview:-1"},"canonical":"https:\/\/odavprint.ee\/en\/product\/nylon-ribbon-oki-microline-180-182-192-193-280-320-321-3320-3321-3390-3391-380-385-386-390-391\/","og_locale":"en_US","og_type":"article","og_title":"Analoog Nylon Ribbon OKI Microline 180 \/ 182 \/ 192 \/ 193 \/ 280 \/ 320 \/ 321 \/ 3320 \/ 3321 \/ 3390 \/ 3391 \/ 380 \/ 385 \/ 386 \/ 390 \/ 391","og_description":"Osta Analoog Nylon Ribbon OKI Microline 180 \/ 182 \/ 192 \/ 193 \/ 280 \/ 320 \/ 321 \/ 3320 \/ 3321 \/ 3390 \/ 3391 \/ 380 \/ 385 \/ 386 \/ 390 \/ 391 Odav Print \u260e +372 5911 9495 \u2714\ufe0f Parim hind Analoog Nylon Ribbon OKI Microline 180 \/ 182 \/ 192 \/ 193 \/ 280 \/ 320 \/ 321 \/ 3320 \/ 3321 \/ 3390 \/ 3391 \/ 380 \/ 385 \/ 386 \/ 390 \/ 391 jaoks \u26df Kiire kohaletoimetamine Eestis \u2b50 Garanteeritud","og_url":"https:\/\/odavprint.ee\/en\/product\/nylon-ribbon-oki-microline-180-182-192-193-280-320-321-3320-3321-3390-3391-380-385-386-390-391\/","og_site_name":"Odav Print","article_modified_time":"2025-10-03T13:39:28+00:00","og_image":[{"width":450,"height":450,"url":"https:\/\/odavprint.ee\/wp-content\/uploads\/2025\/02\/oki.jpg","type":"image\/jpeg"}],"twitter_card":"summary_large_image","twitter_misc":{"Price":"&euro;9.10","Availability":"In stock"},"schema":{"@context":"https:\/\/schema.org","@graph":[{"@type":["WebPage","ItemPage"],"@id":"https:\/\/odavprint.ee\/en\/product\/nylon-ribbon-oki-microline-180-182-192-193-280-320-321-3320-3321-3390-3391-380-385-386-390-391\/","url":"https:\/\/odavprint.ee\/en\/product\/nylon-ribbon-oki-microline-180-182-192-193-280-320-321-3320-3321-3390-3391-380-385-386-390-391\/","name":"Analoog Nylon Ribbon OKI Microline 180 \/ 182 \/ 192 \/ 193 \/ 280 \/ 320 \/ 321 \/ 3320 \/ 3321 \/ 3390 \/ 3391 \/ 380 \/ 385 \/ 386 \/ 390 \/ 391, hea hinnaga, osta e-pood - Odav Print","isPartOf":{"@id":"https:\/\/odavprint.ee\/en\/#website"},"primaryImageOfPage":{"@id":"https:\/\/odavprint.ee\/en\/product\/nylon-ribbon-oki-microline-180-182-192-193-280-320-321-3320-3321-3390-3391-380-385-386-390-391\/#primaryimage"},"image":{"@id":"https:\/\/odavprint.ee\/en\/product\/nylon-ribbon-oki-microline-180-182-192-193-280-320-321-3320-3321-3390-3391-380-385-386-390-391\/#primaryimage"},"thumbnailUrl":"https:\/\/odavprint.ee\/wp-content\/uploads\/2025\/02\/oki.jpg","datePublished":"2025-02-11T12:46:18+00:00","dateModified":"2025-10-03T13:39:28+00:00","description":"Osta Analoog Nylon Ribbon OKI Microline 180 \/ 182 \/ 192 \/ 193 \/ 280 \/ 320 \/ 321 \/ 3320 \/ 3321 \/ 3390 \/ 3391 \/ 380 \/ 385 \/ 386 \/ 390 \/ 391 Odav Print \u260e +372 5911 9495 \u2714\ufe0f Parim hind Analoog Nylon Ribbon OKI Microline 180 \/ 182 \/ 192 \/ 193 \/ 280 \/ 320 \/ 321 \/ 3320 \/ 3321 \/ 3390 \/ 3391 \/ 380 \/ 385 \/ 386 \/ 390 \/ 391 jaoks \u26df Kiire kohaletoimetamine Eestis \u2b50 Garanteeritud","breadcrumb":{"@id":"https:\/\/odavprint.ee\/en\/product\/nylon-ribbon-oki-microline-180-182-192-193-280-320-321-3320-3321-3390-3391-380-385-386-390-391\/#breadcrumb"},"inLanguage":"en-US","potentialAction":[{"@type":"ReadAction","target":["https:\/\/odavprint.ee\/en\/product\/nylon-ribbon-oki-microline-180-182-192-193-280-320-321-3320-3321-3390-3391-380-385-386-390-391\/"]}]},{"@type":"ImageObject","inLanguage":"en-US","@id":"https:\/\/odavprint.ee\/en\/product\/nylon-ribbon-oki-microline-180-182-192-193-280-320-321-3320-3321-3390-3391-380-385-386-390-391\/#primaryimage","url":"https:\/\/odavprint.ee\/wp-content\/uploads\/2025\/02\/oki.jpg","contentUrl":"https:\/\/odavprint.ee\/wp-content\/uploads\/2025\/02\/oki.jpg","width":450,"height":450},{"@type":"BreadcrumbList","@id":"https:\/\/odavprint.ee\/en\/product\/nylon-ribbon-oki-microline-180-182-192-193-280-320-321-3320-3321-3390-3391-380-385-386-390-391\/#breadcrumb","itemListElement":[{"@type":"ListItem","position":1,"name":"Home","item":"https:\/\/odavprint.ee\/en\/"},{"@type":"ListItem","position":2,"name":"Shop","item":"https:\/\/odavprint.ee\/en\/shop\/"},{"@type":"ListItem","position":3,"name":"Analoog Nylon Ribbon OKI Microline 180 \/ 182 \/ 192 \/ 193 \/ 280 \/ 320 \/ 321 \/ 3320 \/ 3321 \/ 3390 \/ 3391 \/ 380 \/ 385 \/ 386 \/ 390 \/ 391"}]},{"@type":"WebSite","@id":"https:\/\/odavprint.ee\/en\/#website","url":"https:\/\/odavprint.ee\/en\/","name":"Odav Print","description":"Just another WordPress site","publisher":{"@id":"https:\/\/odavprint.ee\/en\/#organization"},"alternateName":"Kassettide, toonerite t\u00e4itmine ja m\u00fc\u00fck.","potentialAction":[{"@type":"SearchAction","target":{"@type":"EntryPoint","urlTemplate":"https:\/\/odavprint.ee\/en\/?s={search_term_string}"},"query-input":"required name=search_term_string"}],"inLanguage":"en-US"},{"@type":["Organization","Place"],"@id":"https:\/\/odavprint.ee\/en\/#organization","name":"Odav Print O\u00dc","url":"https:\/\/odavprint.ee\/en\/","logo":{"@id":"https:\/\/odavprint.ee\/en\/product\/nylon-ribbon-oki-microline-180-182-192-193-280-320-321-3320-3321-3390-3391-380-385-386-390-391\/#local-main-organization-logo"},"image":{"@id":"https:\/\/odavprint.ee\/en\/product\/nylon-ribbon-oki-microline-180-182-192-193-280-320-321-3320-3321-3390-3391-380-385-386-390-391\/#local-main-organization-logo"},"address":{"@id":"https:\/\/odavprint.ee\/en\/product\/nylon-ribbon-oki-microline-180-182-192-193-280-320-321-3320-3321-3390-3391-380-385-386-390-391\/#local-main-place-address"},"geo":{"@type":"GeoCoordinates","latitude":"59.4306504","longitude":"24.8095743"},"telephone":["53836926"],"openingHoursSpecification":[{"@type":"OpeningHoursSpecification","dayOfWeek":["Monday","Tuesday","Wednesday","Thursday","Friday","Saturday","Sunday"],"opens":"09:00","closes":"17:00"}],"email":"info@odavprint.eu"},{"@type":"PostalAddress","@id":"https:\/\/odavprint.ee\/en\/product\/nylon-ribbon-oki-microline-180-182-192-193-280-320-321-3320-3321-3390-3391-380-385-386-390-391\/#local-main-place-address","streetAddress":"Pae tn 28","addressLocality":"Tallinn","postalCode":"11415","addressRegion":"Harjumaa","addressCountry":"EE"},{"@type":"ImageObject","inLanguage":"en-US","@id":"https:\/\/odavprint.ee\/en\/product\/nylon-ribbon-oki-microline-180-182-192-193-280-320-321-3320-3321-3390-3391-380-385-386-390-391\/#local-main-organization-logo","url":"https:\/\/odavprint.ee\/wp-content\/uploads\/2018\/10\/odavprint-logo-240.jpg","contentUrl":"https:\/\/odavprint.ee\/wp-content\/uploads\/2018\/10\/odavprint-logo-240.jpg","width":240,"height":36,"caption":"Odav Print O\u00dc"}]},"product_price_amount":"9.10","product_price_currency":"EUR","og_availability":"instock","product_availability":"instock","product_condition":"new","geo.placename":"Tallinn","geo.position":{"lat":"59.4306504","long":"24.8095743"},"geo.region":"Estonia"},"_links":{"self":[{"href":"https:\/\/odavprint.ee\/en\/wp-json\/wp\/v2\/product\/208875"}],"collection":[{"href":"https:\/\/odavprint.ee\/en\/wp-json\/wp\/v2\/product"}],"about":[{"href":"https:\/\/odavprint.ee\/en\/wp-json\/wp\/v2\/types\/product"}],"wp:featuredmedia":[{"embeddable":true,"href":"https:\/\/odavprint.ee\/en\/wp-json\/wp\/v2\/media\/208876"}],"wp:attachment":[{"href":"https:\/\/odavprint.ee\/en\/wp-json\/wp\/v2\/media?parent=208875"}],"wp:term":[{"taxonomy":"product_cat","embeddable":true,"href":"https:\/\/odavprint.ee\/en\/wp-json\/wp\/v2\/product_cat?post=208875"},{"taxonomy":"product_tag","embeddable":true,"href":"https:\/\/odavprint.ee\/en\/wp-json\/wp\/v2\/product_tag?post=208875"}],"curies":[{"name":"wp","href":"https:\/\/api.w.org\/{rel}","templated":true}]}}