{"id":212792,"date":"2025-09-25T14:03:10","date_gmt":"2025-09-25T11:03:10","guid":{"rendered":"https:\/\/odavprint.ee\/?post_type=product&#038;p=212792"},"modified":"2025-09-25T14:03:11","modified_gmt":"2025-09-25T11:03:11","slug":"printer-brother-mfc-l2800dw","status":"publish","type":"product","link":"https:\/\/odavprint.ee\/en\/product\/printer-brother-mfc-l2800dw\/","title":{"rendered":"Printer Brother MFC-L2800DW"},"content":{"rendered":"<h2 class=\"section-title-centered\">Product Details<\/h2>\n<div class=\"row\">\n<ul class=\"details-list col-xs-12 col-sm-4\">\n<li class=\"item\">Print up to 32 pages per minute<\/li>\n<li class=\"item\">Scan up to 22.5 images per minute<sup>3<\/sup><\/li>\n<li class=\"item\">2 Line LCD control panel<\/li>\n<li class=\"item\">Fast ethernet, 5GHz WiFi, USB, Brother Mobile Connect app<\/li>\n<li class=\"item\">50 Sheet Automatic Document Feeder (ADF)<sup>11<\/sup><\/li>\n<li class=\"item\">250 sheet paper input tray<sup>11<\/sup><\/li>\n<\/ul>\n<div class=\"product-image col-xs-12 col-sm-8\"><img decoding=\"async\" class=\"image\" src=\"https:\/\/bie-p-001.sitecorecontenthub.cloud\/api\/public\/content\/6eb28359c86c496ea29297a4554a4fa0?v=2a87fb9f\" alt=\"MFCL2800DW front facing\" \/><\/div>\n<\/div>\n<h3 class=\"subtitle\">Product Overview<\/h3>\n<p class=\"description\">\n<p>Get set up with ease with the easily connected Brother MFC-L2800DW. Hosting a range of efficiency-boosting features, this multifunction mono laser printer saves you time with fast high quality print and scan, automatic 2-sided print, fax capability, a generous paper tray capacity and large automatic document feeder. Work smarter and download the Brother Mobile Connect App, enabling you to print and scan from virtually anywhere.<\/p>\n<p>The MFC-L2800DW keeps your printing costs down using a separate drum and toner unit, and the 700 pages<sup>7<\/sup>\u00a0inbox toner supporting your higher print volume needs. Toner is easy to change and high yield toner is available, printing up to 3,000 pages<sup>7<\/sup>, reducing your cost per page and frequency to replace.<\/p>\n<h2 class=\"section-title-centered\">Specifications<\/h2>\n<div>\n<div class=\"presentation-table\">\n<h3 class=\"subtitle\">General<\/h3>\n<table class=\"table-info\">\n<tbody>\n<tr class=\"table-row\">\n<td class=\"table-cell\">Printer Type<\/td>\n<td class=\"table-cell\">Mono<\/td>\n<\/tr>\n<tr class=\"table-row\">\n<td class=\"table-cell\">Function<\/td>\n<td class=\"table-cell\">Copy, Fax, Print, Scan<\/td>\n<\/tr>\n<tr class=\"table-row\">\n<td class=\"table-cell\">Max paper size<\/td>\n<td class=\"table-cell\">A4<\/td>\n<\/tr>\n<tr class=\"table-row\">\n<td class=\"table-cell\">Technology<\/td>\n<td class=\"table-cell\">Laser<\/td>\n<\/tr>\n<tr class=\"table-row\">\n<td class=\"table-cell\">Laser Classification<\/td>\n<td class=\"table-cell\">Class 1 Laser Product<\/td>\n<\/tr>\n<tr class=\"table-row\">\n<td class=\"table-cell\">Connectivity<\/td>\n<td class=\"table-cell\">USB, Wired, Wireless<\/td>\n<\/tr>\n<tr class=\"table-row\">\n<td class=\"table-cell\">Memory<\/td>\n<td class=\"table-cell\">Internal (128MB)<\/td>\n<\/tr>\n<tr class=\"table-row\">\n<td class=\"table-cell\">Control Panel<\/td>\n<td class=\"table-cell\">Keys<\/td>\n<\/tr>\n<tr class=\"table-row\">\n<td class=\"table-cell\">Display<\/td>\n<td class=\"table-cell\">Yes (2 Line LCD)<\/td>\n<\/tr>\n<\/tbody>\n<\/table>\n<\/div>\n<div class=\"presentation-table\">\n<h3 class=\"subtitle\">Printing<\/h3>\n<table class=\"table-info\">\n<tbody>\n<tr class=\"table-row\">\n<td class=\"table-cell\">One Sided Print Speed A4 Mono<\/td>\n<td class=\"table-cell\">32 (pages per minute)<\/td>\n<\/tr>\n<tr class=\"table-row\">\n<td class=\"table-cell\">Recommended Monthly Volume<\/td>\n<td class=\"table-cell\">Up to 2,500 pages<\/td>\n<\/tr>\n<tr class=\"table-row\">\n<td class=\"table-cell\">Two Sided Print Speed A4 Mono<\/td>\n<td class=\"table-cell\">16 (sides per minute)<\/td>\n<\/tr>\n<tr class=\"table-row\">\n<td class=\"table-cell\">First print out time<\/td>\n<td class=\"table-cell\">Mono (8.5 seconds)<\/td>\n<\/tr>\n<tr class=\"table-row\">\n<td class=\"table-cell\">Mobile Print<\/td>\n<td class=\"table-cell\">Yes<\/td>\n<\/tr>\n<tr class=\"table-row\">\n<td class=\"table-cell\">Automatic 2 sided print<\/td>\n<td class=\"table-cell\">Yes<\/td>\n<\/tr>\n<tr class=\"table-row\">\n<td class=\"table-cell\">Resolution<\/td>\n<td class=\"table-cell\">Up to 1.200 x 1.200dpi<\/td>\n<\/tr>\n<tr class=\"table-row\">\n<td class=\"table-cell\">Quiet Mode<\/td>\n<td class=\"table-cell\">Yes<\/td>\n<\/tr>\n<tr class=\"table-row\">\n<td class=\"table-cell\">Printer Functions<\/td>\n<td class=\"table-cell\">N-up Printing, Poster Printing, ID Printing, Booklet Printing, Manual 2-Sided Print, Print Profiles, Watermark Printing, Reverse Print, Print Complete Notice, Toner Save Mode<\/td>\n<\/tr>\n<\/tbody>\n<\/table>\n<\/div>\n<div class=\"presentation-table\">\n<h3 class=\"subtitle\">Drivers<\/h3>\n<table class=\"table-info\">\n<tbody>\n<tr class=\"table-row\">\n<td class=\"table-cell\">Printer Drivers<\/td>\n<td class=\"table-cell\">Linux (CUPS, LPD\/LPRng (x86\/x64 environment)), Windows (11), ChromeOS, macOS, Visit support.brother.com for the full list of supported OS and to download the latest drivers and software.<\/td>\n<\/tr>\n<\/tbody>\n<\/table>\n<\/div>\n<\/div>\n","protected":false},"excerpt":{"rendered":"<p>Product Details Print up to 32 pages per minute Scan up to 22.5 images per minute3 2 Line LCD control panel Fast ethernet, 5GHz WiFi, USB, Brother Mobile Connect app 50 Sheet Automatic Document Feeder (ADF)11 250 sheet paper input tray11 Product Overview Get set up with ease with the easily connected Brother MFC-L2800DW. Hosting [&#8230;]\n","protected":false},"featured_media":212793,"template":"","meta":{"inline_featured_image":false},"product_cat":[17403,38991],"product_tag":[],"yoast_head":"<!-- This site is optimized with the Yoast SEO Premium plugin v23.0 (Yoast SEO v23.0) - https:\/\/yoast.com\/wordpress\/plugins\/seo\/ -->\n<title>Printer Brother MFC-L2800DW, hea hinnaga, osta e-pood - Odav Print<\/title>\n<meta name=\"description\" content=\"Osta Printer Brother MFC-L2800DW Odav Print \u260e +372 5911 9495 \u2714\ufe0f Parim hind Printer Brother MFC-L2800DW jaoks \u26df Kiire kohaletoimetamine Eestis \u2b50 Garanteeritud\" \/>\n<meta name=\"robots\" content=\"index, follow, max-snippet:-1, max-image-preview:large, max-video-preview:-1\" \/>\n<link rel=\"canonical\" href=\"https:\/\/odavprint.ee\/en\/product\/printer-brother-mfc-l2800dw\/\" \/>\n<meta property=\"og:locale\" content=\"en_US\" \/>\n<meta property=\"og:type\" content=\"article\" \/>\n<meta property=\"og:title\" content=\"Printer Brother MFC-L2800DW\" \/>\n<meta property=\"og:description\" content=\"Osta Printer Brother MFC-L2800DW Odav Print \u260e +372 5911 9495 \u2714\ufe0f Parim hind Printer Brother MFC-L2800DW jaoks \u26df Kiire kohaletoimetamine Eestis \u2b50 Garanteeritud\" \/>\n<meta property=\"og:url\" content=\"https:\/\/odavprint.ee\/en\/product\/printer-brother-mfc-l2800dw\/\" \/>\n<meta property=\"og:site_name\" content=\"Odav Print\" \/>\n<meta property=\"article:modified_time\" content=\"2025-09-25T11:03:11+00:00\" \/>\n<meta property=\"og:image\" content=\"https:\/\/odavprint.ee\/wp-content\/uploads\/2025\/09\/MFCL2800DW_main.png\" \/>\n\t<meta property=\"og:image:width\" content=\"960\" \/>\n\t<meta property=\"og:image:height\" content=\"960\" \/>\n\t<meta property=\"og:image:type\" content=\"image\/png\" \/>\n<meta name=\"twitter:card\" content=\"summary_large_image\" \/>\n<meta name=\"twitter:label1\" content=\"Price\" \/>\n\t<meta name=\"twitter:data1\" content=\"&euro;215.00\" \/>\n\t<meta name=\"twitter:label2\" content=\"Availability\" \/>\n\t<meta name=\"twitter:data2\" content=\"In stock\" \/>\n<script type=\"application\/ld+json\" class=\"yoast-schema-graph\">{\"@context\":\"https:\/\/schema.org\",\"@graph\":[{\"@type\":[\"WebPage\",\"ItemPage\"],\"@id\":\"https:\/\/odavprint.ee\/en\/product\/printer-brother-mfc-l2800dw\/\",\"url\":\"https:\/\/odavprint.ee\/en\/product\/printer-brother-mfc-l2800dw\/\",\"name\":\"Printer Brother MFC-L2800DW, hea hinnaga, osta e-pood - Odav Print\",\"isPartOf\":{\"@id\":\"https:\/\/odavprint.ee\/en\/#website\"},\"primaryImageOfPage\":{\"@id\":\"https:\/\/odavprint.ee\/en\/product\/printer-brother-mfc-l2800dw\/#primaryimage\"},\"image\":{\"@id\":\"https:\/\/odavprint.ee\/en\/product\/printer-brother-mfc-l2800dw\/#primaryimage\"},\"thumbnailUrl\":\"https:\/\/odavprint.ee\/wp-content\/uploads\/2025\/09\/MFCL2800DW_main.png\",\"datePublished\":\"2025-09-25T11:03:10+00:00\",\"dateModified\":\"2025-09-25T11:03:11+00:00\",\"description\":\"Osta Printer Brother MFC-L2800DW Odav Print \u260e +372 5911 9495 \u2714\ufe0f Parim hind Printer Brother MFC-L2800DW jaoks \u26df Kiire kohaletoimetamine Eestis \u2b50 Garanteeritud\",\"breadcrumb\":{\"@id\":\"https:\/\/odavprint.ee\/en\/product\/printer-brother-mfc-l2800dw\/#breadcrumb\"},\"inLanguage\":\"en-US\",\"potentialAction\":[{\"@type\":\"ReadAction\",\"target\":[\"https:\/\/odavprint.ee\/en\/product\/printer-brother-mfc-l2800dw\/\"]}]},{\"@type\":\"ImageObject\",\"inLanguage\":\"en-US\",\"@id\":\"https:\/\/odavprint.ee\/en\/product\/printer-brother-mfc-l2800dw\/#primaryimage\",\"url\":\"https:\/\/odavprint.ee\/wp-content\/uploads\/2025\/09\/MFCL2800DW_main.png\",\"contentUrl\":\"https:\/\/odavprint.ee\/wp-content\/uploads\/2025\/09\/MFCL2800DW_main.png\",\"width\":960,\"height\":960},{\"@type\":\"BreadcrumbList\",\"@id\":\"https:\/\/odavprint.ee\/en\/product\/printer-brother-mfc-l2800dw\/#breadcrumb\",\"itemListElement\":[{\"@type\":\"ListItem\",\"position\":1,\"name\":\"Home\",\"item\":\"https:\/\/odavprint.ee\/en\/\"},{\"@type\":\"ListItem\",\"position\":2,\"name\":\"Shop\",\"item\":\"https:\/\/odavprint.ee\/en\/shop\/\"},{\"@type\":\"ListItem\",\"position\":3,\"name\":\"Printer Brother MFC-L2800DW\"}]},{\"@type\":\"WebSite\",\"@id\":\"https:\/\/odavprint.ee\/en\/#website\",\"url\":\"https:\/\/odavprint.ee\/en\/\",\"name\":\"Odav Print\",\"description\":\"Just another WordPress site\",\"publisher\":{\"@id\":\"https:\/\/odavprint.ee\/en\/#organization\"},\"alternateName\":\"Kassettide, toonerite t\u00e4itmine ja m\u00fc\u00fck.\",\"potentialAction\":[{\"@type\":\"SearchAction\",\"target\":{\"@type\":\"EntryPoint\",\"urlTemplate\":\"https:\/\/odavprint.ee\/en\/?s={search_term_string}\"},\"query-input\":\"required name=search_term_string\"}],\"inLanguage\":\"en-US\"},{\"@type\":[\"Organization\",\"Place\"],\"@id\":\"https:\/\/odavprint.ee\/en\/#organization\",\"name\":\"Odav Print O\u00dc\",\"url\":\"https:\/\/odavprint.ee\/en\/\",\"logo\":{\"@id\":\"https:\/\/odavprint.ee\/en\/product\/printer-brother-mfc-l2800dw\/#local-main-organization-logo\"},\"image\":{\"@id\":\"https:\/\/odavprint.ee\/en\/product\/printer-brother-mfc-l2800dw\/#local-main-organization-logo\"},\"address\":{\"@id\":\"https:\/\/odavprint.ee\/en\/product\/printer-brother-mfc-l2800dw\/#local-main-place-address\"},\"geo\":{\"@type\":\"GeoCoordinates\",\"latitude\":\"59.4306504\",\"longitude\":\"24.8095743\"},\"telephone\":[\"53836926\"],\"openingHoursSpecification\":[{\"@type\":\"OpeningHoursSpecification\",\"dayOfWeek\":[\"Monday\",\"Tuesday\",\"Wednesday\",\"Thursday\",\"Friday\",\"Saturday\",\"Sunday\"],\"opens\":\"09:00\",\"closes\":\"17:00\"}],\"email\":\"info@odavprint.eu\"},{\"@type\":\"PostalAddress\",\"@id\":\"https:\/\/odavprint.ee\/en\/product\/printer-brother-mfc-l2800dw\/#local-main-place-address\",\"streetAddress\":\"Pae tn 28\",\"addressLocality\":\"Tallinn\",\"postalCode\":\"11415\",\"addressRegion\":\"Harjumaa\",\"addressCountry\":\"EE\"},{\"@type\":\"ImageObject\",\"inLanguage\":\"en-US\",\"@id\":\"https:\/\/odavprint.ee\/en\/product\/printer-brother-mfc-l2800dw\/#local-main-organization-logo\",\"url\":\"https:\/\/odavprint.ee\/wp-content\/uploads\/2018\/10\/odavprint-logo-240.jpg\",\"contentUrl\":\"https:\/\/odavprint.ee\/wp-content\/uploads\/2018\/10\/odavprint-logo-240.jpg\",\"width\":240,\"height\":36,\"caption\":\"Odav Print O\u00dc\"}]}<\/script>\n<meta property=\"product:price:amount\" content=\"215.00\" \/>\n<meta property=\"product:price:currency\" content=\"EUR\" \/>\n<meta property=\"og:availability\" content=\"instock\" \/>\n<meta property=\"product:availability\" content=\"instock\" \/>\n<meta property=\"product:condition\" content=\"new\" \/>\n<meta name=\"geo.placename\" content=\"Tallinn\" \/>\n<meta name=\"geo.position\" content=\"59.4306504;24.8095743\" \/>\n<meta name=\"geo.region\" content=\"Estonia\" \/>\n<!-- \/ Yoast SEO Premium plugin. -->","yoast_head_json":{"title":"Printer Brother MFC-L2800DW, hea hinnaga, osta e-pood - Odav Print","description":"Osta Printer Brother MFC-L2800DW Odav Print \u260e +372 5911 9495 \u2714\ufe0f Parim hind Printer Brother MFC-L2800DW jaoks \u26df Kiire kohaletoimetamine Eestis \u2b50 Garanteeritud","robots":{"index":"index","follow":"follow","max-snippet":"max-snippet:-1","max-image-preview":"max-image-preview:large","max-video-preview":"max-video-preview:-1"},"canonical":"https:\/\/odavprint.ee\/en\/product\/printer-brother-mfc-l2800dw\/","og_locale":"en_US","og_type":"article","og_title":"Printer Brother MFC-L2800DW","og_description":"Osta Printer Brother MFC-L2800DW Odav Print \u260e +372 5911 9495 \u2714\ufe0f Parim hind Printer Brother MFC-L2800DW jaoks \u26df Kiire kohaletoimetamine Eestis \u2b50 Garanteeritud","og_url":"https:\/\/odavprint.ee\/en\/product\/printer-brother-mfc-l2800dw\/","og_site_name":"Odav Print","article_modified_time":"2025-09-25T11:03:11+00:00","og_image":[{"width":960,"height":960,"url":"https:\/\/odavprint.ee\/wp-content\/uploads\/2025\/09\/MFCL2800DW_main.png","type":"image\/png"}],"twitter_card":"summary_large_image","twitter_misc":{"Price":"&euro;215.00","Availability":"In stock"},"schema":{"@context":"https:\/\/schema.org","@graph":[{"@type":["WebPage","ItemPage"],"@id":"https:\/\/odavprint.ee\/en\/product\/printer-brother-mfc-l2800dw\/","url":"https:\/\/odavprint.ee\/en\/product\/printer-brother-mfc-l2800dw\/","name":"Printer Brother MFC-L2800DW, hea hinnaga, osta e-pood - Odav Print","isPartOf":{"@id":"https:\/\/odavprint.ee\/en\/#website"},"primaryImageOfPage":{"@id":"https:\/\/odavprint.ee\/en\/product\/printer-brother-mfc-l2800dw\/#primaryimage"},"image":{"@id":"https:\/\/odavprint.ee\/en\/product\/printer-brother-mfc-l2800dw\/#primaryimage"},"thumbnailUrl":"https:\/\/odavprint.ee\/wp-content\/uploads\/2025\/09\/MFCL2800DW_main.png","datePublished":"2025-09-25T11:03:10+00:00","dateModified":"2025-09-25T11:03:11+00:00","description":"Osta Printer Brother MFC-L2800DW Odav Print \u260e +372 5911 9495 \u2714\ufe0f Parim hind Printer Brother MFC-L2800DW jaoks \u26df Kiire kohaletoimetamine Eestis \u2b50 Garanteeritud","breadcrumb":{"@id":"https:\/\/odavprint.ee\/en\/product\/printer-brother-mfc-l2800dw\/#breadcrumb"},"inLanguage":"en-US","potentialAction":[{"@type":"ReadAction","target":["https:\/\/odavprint.ee\/en\/product\/printer-brother-mfc-l2800dw\/"]}]},{"@type":"ImageObject","inLanguage":"en-US","@id":"https:\/\/odavprint.ee\/en\/product\/printer-brother-mfc-l2800dw\/#primaryimage","url":"https:\/\/odavprint.ee\/wp-content\/uploads\/2025\/09\/MFCL2800DW_main.png","contentUrl":"https:\/\/odavprint.ee\/wp-content\/uploads\/2025\/09\/MFCL2800DW_main.png","width":960,"height":960},{"@type":"BreadcrumbList","@id":"https:\/\/odavprint.ee\/en\/product\/printer-brother-mfc-l2800dw\/#breadcrumb","itemListElement":[{"@type":"ListItem","position":1,"name":"Home","item":"https:\/\/odavprint.ee\/en\/"},{"@type":"ListItem","position":2,"name":"Shop","item":"https:\/\/odavprint.ee\/en\/shop\/"},{"@type":"ListItem","position":3,"name":"Printer Brother MFC-L2800DW"}]},{"@type":"WebSite","@id":"https:\/\/odavprint.ee\/en\/#website","url":"https:\/\/odavprint.ee\/en\/","name":"Odav Print","description":"Just another WordPress site","publisher":{"@id":"https:\/\/odavprint.ee\/en\/#organization"},"alternateName":"Kassettide, toonerite t\u00e4itmine ja m\u00fc\u00fck.","potentialAction":[{"@type":"SearchAction","target":{"@type":"EntryPoint","urlTemplate":"https:\/\/odavprint.ee\/en\/?s={search_term_string}"},"query-input":"required name=search_term_string"}],"inLanguage":"en-US"},{"@type":["Organization","Place"],"@id":"https:\/\/odavprint.ee\/en\/#organization","name":"Odav Print O\u00dc","url":"https:\/\/odavprint.ee\/en\/","logo":{"@id":"https:\/\/odavprint.ee\/en\/product\/printer-brother-mfc-l2800dw\/#local-main-organization-logo"},"image":{"@id":"https:\/\/odavprint.ee\/en\/product\/printer-brother-mfc-l2800dw\/#local-main-organization-logo"},"address":{"@id":"https:\/\/odavprint.ee\/en\/product\/printer-brother-mfc-l2800dw\/#local-main-place-address"},"geo":{"@type":"GeoCoordinates","latitude":"59.4306504","longitude":"24.8095743"},"telephone":["53836926"],"openingHoursSpecification":[{"@type":"OpeningHoursSpecification","dayOfWeek":["Monday","Tuesday","Wednesday","Thursday","Friday","Saturday","Sunday"],"opens":"09:00","closes":"17:00"}],"email":"info@odavprint.eu"},{"@type":"PostalAddress","@id":"https:\/\/odavprint.ee\/en\/product\/printer-brother-mfc-l2800dw\/#local-main-place-address","streetAddress":"Pae tn 28","addressLocality":"Tallinn","postalCode":"11415","addressRegion":"Harjumaa","addressCountry":"EE"},{"@type":"ImageObject","inLanguage":"en-US","@id":"https:\/\/odavprint.ee\/en\/product\/printer-brother-mfc-l2800dw\/#local-main-organization-logo","url":"https:\/\/odavprint.ee\/wp-content\/uploads\/2018\/10\/odavprint-logo-240.jpg","contentUrl":"https:\/\/odavprint.ee\/wp-content\/uploads\/2018\/10\/odavprint-logo-240.jpg","width":240,"height":36,"caption":"Odav Print O\u00dc"}]},"product_price_amount":"215.00","product_price_currency":"EUR","og_availability":"instock","product_availability":"instock","product_condition":"new","geo.placename":"Tallinn","geo.position":{"lat":"59.4306504","long":"24.8095743"},"geo.region":"Estonia"},"_links":{"self":[{"href":"https:\/\/odavprint.ee\/en\/wp-json\/wp\/v2\/product\/212792"}],"collection":[{"href":"https:\/\/odavprint.ee\/en\/wp-json\/wp\/v2\/product"}],"about":[{"href":"https:\/\/odavprint.ee\/en\/wp-json\/wp\/v2\/types\/product"}],"wp:featuredmedia":[{"embeddable":true,"href":"https:\/\/odavprint.ee\/en\/wp-json\/wp\/v2\/media\/212793"}],"wp:attachment":[{"href":"https:\/\/odavprint.ee\/en\/wp-json\/wp\/v2\/media?parent=212792"}],"wp:term":[{"taxonomy":"product_cat","embeddable":true,"href":"https:\/\/odavprint.ee\/en\/wp-json\/wp\/v2\/product_cat?post=212792"},{"taxonomy":"product_tag","embeddable":true,"href":"https:\/\/odavprint.ee\/en\/wp-json\/wp\/v2\/product_tag?post=212792"}],"curies":[{"name":"wp","href":"https:\/\/api.w.org\/{rel}","templated":true}]}}