{"id":216001,"date":"2026-02-18T23:06:16","date_gmt":"2026-02-18T21:06:16","guid":{"rendered":"https:\/\/odavprint.ee\/?post_type=product&#038;p=216001"},"modified":"2026-03-02T18:17:11","modified_gmt":"2026-03-02T16:17:11","slug":"panasonic-kx-fa136-135-m-tootja-black-diamond","status":"publish","type":"product","link":"https:\/\/odavprint.ee\/en\/product\/panasonic-kx-fa136-135-m-tootja-black-diamond\/","title":{"rendered":"Panasonic KX-FA136 135 m , tootja Black Diamond"},"content":{"rendered":"<ul>\n<li>PANASONIC KX-FP101, 101AL, 106, 108, 121, 121AL, 131, 131AL, 128, 141, 143, 145, 148, 148HG, 195<\/li>\n<li>PANASONIC KX-UF1810, 1830E<\/li>\n<li>PANASONIC KX-FP200, 245, 250, 258, 265, 270, 278, 880, 300E, 300, 320<\/li>\n<li>PANASONIC KX-FM131, 210, 220, 205, 260, 270, 280, 255<\/li>\n<li>PANASONIC KX-F1810, 1820, 1830, 1010, 1010AL, 1110, 1110L, 969, 939, 1015, 1016<\/li>\n<li>PANASONIC KX-FMC230, KPW111, KPC135, 141<\/li>\n<li>PANASONIC KX-P200, 245, 250, 270<\/li>\n<\/ul>\n<p>Ressurss: 220mm*100m<br \/>V\u00e4rv: BK<\/p>\n","protected":false},"excerpt":{"rendered":"<p>PANASONIC KX-FP101, 101AL, 106, 108, 121, 121AL, 131, 131AL, 128, 141, 143, 145, 148, 148HG, 195 PANASONIC KX-UF1810, 1830E PANASONIC KX-FP200, 245, 250, 258, 265, 270, 278, 880, 300E, 300, 320 PANASONIC KX-FM131, 210, 220, 205, 260, 270, 280, 255 PANASONIC KX-F1810, 1820, 1830, 1010, 1010AL, 1110, 1110L, 969, 939, 1015, 1016 PANASONIC KX-FMC230, KPW111, [&#8230;]\n","protected":false},"featured_media":216002,"template":"","meta":{"inline_featured_image":false},"product_cat":[39148,39162],"product_tag":[],"yoast_head":"<!-- This site is optimized with the Yoast SEO Premium plugin v23.0 (Yoast SEO v23.0) - https:\/\/yoast.com\/wordpress\/plugins\/seo\/ -->\n<title>Panasonic KX-FA136 135 m , tootja Black Diamond, hea hinnaga, osta e-pood - Odav Print<\/title>\n<meta name=\"description\" content=\"Osta Panasonic KX-FA136 135 m , tootja Black Diamond Odav Print \u260e +372 5911 9495 \u2714\ufe0f Parim hind Panasonic KX-FA136 135 m , tootja Black Diamond jaoks \u26df Kiire kohaletoimetamine Eestis \u2b50 Garanteeritud\" \/>\n<meta name=\"robots\" content=\"index, follow, max-snippet:-1, max-image-preview:large, max-video-preview:-1\" \/>\n<link rel=\"canonical\" href=\"https:\/\/odavprint.ee\/en\/product\/panasonic-kx-fa136-135-m-tootja-black-diamond\/\" \/>\n<meta property=\"og:locale\" content=\"en_US\" \/>\n<meta property=\"og:type\" content=\"article\" \/>\n<meta property=\"og:title\" content=\"Panasonic KX-FA136 135 m , tootja Black Diamond\" \/>\n<meta property=\"og:description\" content=\"Osta Panasonic KX-FA136 135 m , tootja Black Diamond Odav Print \u260e +372 5911 9495 \u2714\ufe0f Parim hind Panasonic KX-FA136 135 m , tootja Black Diamond jaoks \u26df Kiire kohaletoimetamine Eestis \u2b50 Garanteeritud\" \/>\n<meta property=\"og:url\" content=\"https:\/\/odavprint.ee\/en\/product\/panasonic-kx-fa136-135-m-tootja-black-diamond\/\" \/>\n<meta property=\"og:site_name\" content=\"Odav Print\" \/>\n<meta property=\"article:modified_time\" content=\"2026-03-02T16:17:11+00:00\" \/>\n<meta name=\"twitter:card\" content=\"summary_large_image\" \/>\n<meta name=\"twitter:label1\" content=\"Price\" \/>\n\t<meta name=\"twitter:data1\" content=\"&euro;11.37\" \/>\n\t<meta name=\"twitter:label2\" content=\"Availability\" \/>\n\t<meta name=\"twitter:data2\" content=\"In stock\" \/>\n<script type=\"application\/ld+json\" class=\"yoast-schema-graph\">{\"@context\":\"https:\/\/schema.org\",\"@graph\":[{\"@type\":[\"WebPage\",\"ItemPage\"],\"@id\":\"https:\/\/odavprint.ee\/en\/product\/panasonic-kx-fa136-135-m-tootja-black-diamond\/\",\"url\":\"https:\/\/odavprint.ee\/en\/product\/panasonic-kx-fa136-135-m-tootja-black-diamond\/\",\"name\":\"Panasonic KX-FA136 135 m , tootja Black Diamond, hea hinnaga, osta e-pood - Odav Print\",\"isPartOf\":{\"@id\":\"https:\/\/odavprint.ee\/en\/#website\"},\"primaryImageOfPage\":{\"@id\":\"https:\/\/odavprint.ee\/en\/product\/panasonic-kx-fa136-135-m-tootja-black-diamond\/#primaryimage\"},\"image\":{\"@id\":\"https:\/\/odavprint.ee\/en\/product\/panasonic-kx-fa136-135-m-tootja-black-diamond\/#primaryimage\"},\"thumbnailUrl\":\"https:\/\/odavprint.ee\/wp-content\/uploads\/2026\/02\/panasonic-kx-fa136-black-diamond-ribbon.jpg\",\"datePublished\":\"2026-02-18T21:06:16+00:00\",\"dateModified\":\"2026-03-02T16:17:11+00:00\",\"description\":\"Osta Panasonic KX-FA136 135 m , tootja Black Diamond Odav Print \u260e +372 5911 9495 \u2714\ufe0f Parim hind Panasonic KX-FA136 135 m , tootja Black Diamond jaoks \u26df Kiire kohaletoimetamine Eestis \u2b50 Garanteeritud\",\"breadcrumb\":{\"@id\":\"https:\/\/odavprint.ee\/en\/product\/panasonic-kx-fa136-135-m-tootja-black-diamond\/#breadcrumb\"},\"inLanguage\":\"en-US\",\"potentialAction\":[{\"@type\":\"ReadAction\",\"target\":[\"https:\/\/odavprint.ee\/en\/product\/panasonic-kx-fa136-135-m-tootja-black-diamond\/\"]}]},{\"@type\":\"ImageObject\",\"inLanguage\":\"en-US\",\"@id\":\"https:\/\/odavprint.ee\/en\/product\/panasonic-kx-fa136-135-m-tootja-black-diamond\/#primaryimage\",\"url\":\"https:\/\/odavprint.ee\/wp-content\/uploads\/2026\/02\/panasonic-kx-fa136-black-diamond-ribbon.jpg\",\"contentUrl\":\"https:\/\/odavprint.ee\/wp-content\/uploads\/2026\/02\/panasonic-kx-fa136-black-diamond-ribbon.jpg\",\"width\":600,\"height\":600},{\"@type\":\"BreadcrumbList\",\"@id\":\"https:\/\/odavprint.ee\/en\/product\/panasonic-kx-fa136-135-m-tootja-black-diamond\/#breadcrumb\",\"itemListElement\":[{\"@type\":\"ListItem\",\"position\":1,\"name\":\"Home\",\"item\":\"https:\/\/odavprint.ee\/en\/\"},{\"@type\":\"ListItem\",\"position\":2,\"name\":\"Shop\",\"item\":\"https:\/\/odavprint.ee\/en\/shop\/\"},{\"@type\":\"ListItem\",\"position\":3,\"name\":\"Panasonic KX-FA136 135 m , tootja Black Diamond\"}]},{\"@type\":\"WebSite\",\"@id\":\"https:\/\/odavprint.ee\/en\/#website\",\"url\":\"https:\/\/odavprint.ee\/en\/\",\"name\":\"Odav Print\",\"description\":\"Just another WordPress site\",\"publisher\":{\"@id\":\"https:\/\/odavprint.ee\/en\/#organization\"},\"alternateName\":\"Kassettide, toonerite t\u00e4itmine ja m\u00fc\u00fck.\",\"potentialAction\":[{\"@type\":\"SearchAction\",\"target\":{\"@type\":\"EntryPoint\",\"urlTemplate\":\"https:\/\/odavprint.ee\/en\/?s={search_term_string}\"},\"query-input\":\"required name=search_term_string\"}],\"inLanguage\":\"en-US\"},{\"@type\":[\"Organization\",\"Place\"],\"@id\":\"https:\/\/odavprint.ee\/en\/#organization\",\"name\":\"Odav Print O\u00dc\",\"url\":\"https:\/\/odavprint.ee\/en\/\",\"logo\":{\"@id\":\"https:\/\/odavprint.ee\/en\/product\/panasonic-kx-fa136-135-m-tootja-black-diamond\/#local-main-organization-logo\"},\"image\":{\"@id\":\"https:\/\/odavprint.ee\/en\/product\/panasonic-kx-fa136-135-m-tootja-black-diamond\/#local-main-organization-logo\"},\"address\":{\"@id\":\"https:\/\/odavprint.ee\/en\/product\/panasonic-kx-fa136-135-m-tootja-black-diamond\/#local-main-place-address\"},\"geo\":{\"@type\":\"GeoCoordinates\",\"latitude\":\"59.4306504\",\"longitude\":\"24.8095743\"},\"telephone\":[\"53836926\"],\"openingHoursSpecification\":[{\"@type\":\"OpeningHoursSpecification\",\"dayOfWeek\":[\"Monday\",\"Tuesday\",\"Wednesday\",\"Thursday\",\"Friday\",\"Saturday\",\"Sunday\"],\"opens\":\"09:00\",\"closes\":\"17:00\"}],\"email\":\"info@odavprint.eu\"},{\"@type\":\"PostalAddress\",\"@id\":\"https:\/\/odavprint.ee\/en\/product\/panasonic-kx-fa136-135-m-tootja-black-diamond\/#local-main-place-address\",\"streetAddress\":\"Pae tn 28\",\"addressLocality\":\"Tallinn\",\"postalCode\":\"11415\",\"addressRegion\":\"Harjumaa\",\"addressCountry\":\"EE\"},{\"@type\":\"ImageObject\",\"inLanguage\":\"en-US\",\"@id\":\"https:\/\/odavprint.ee\/en\/product\/panasonic-kx-fa136-135-m-tootja-black-diamond\/#local-main-organization-logo\",\"url\":\"https:\/\/odavprint.ee\/wp-content\/uploads\/2018\/10\/odavprint-logo-240.jpg\",\"contentUrl\":\"https:\/\/odavprint.ee\/wp-content\/uploads\/2018\/10\/odavprint-logo-240.jpg\",\"width\":240,\"height\":36,\"caption\":\"Odav Print O\u00dc\"}]}<\/script>\n<meta property=\"product:price:amount\" content=\"11.37\" \/>\n<meta property=\"product:price:currency\" content=\"EUR\" \/>\n<meta property=\"og:availability\" content=\"instock\" \/>\n<meta property=\"product:availability\" content=\"instock\" \/>\n<meta property=\"product:condition\" content=\"new\" \/>\n<meta name=\"geo.placename\" content=\"Tallinn\" \/>\n<meta name=\"geo.position\" content=\"59.4306504;24.8095743\" \/>\n<meta name=\"geo.region\" content=\"Estonia\" \/>\n<!-- \/ Yoast SEO Premium plugin. -->","yoast_head_json":{"title":"Panasonic KX-FA136 135 m , tootja Black Diamond, hea hinnaga, osta e-pood - Odav Print","description":"Osta Panasonic KX-FA136 135 m , tootja Black Diamond Odav Print \u260e +372 5911 9495 \u2714\ufe0f Parim hind Panasonic KX-FA136 135 m , tootja Black Diamond jaoks \u26df Kiire kohaletoimetamine Eestis \u2b50 Garanteeritud","robots":{"index":"index","follow":"follow","max-snippet":"max-snippet:-1","max-image-preview":"max-image-preview:large","max-video-preview":"max-video-preview:-1"},"canonical":"https:\/\/odavprint.ee\/en\/product\/panasonic-kx-fa136-135-m-tootja-black-diamond\/","og_locale":"en_US","og_type":"article","og_title":"Panasonic KX-FA136 135 m , tootja Black Diamond","og_description":"Osta Panasonic KX-FA136 135 m , tootja Black Diamond Odav Print \u260e +372 5911 9495 \u2714\ufe0f Parim hind Panasonic KX-FA136 135 m , tootja Black Diamond jaoks \u26df Kiire kohaletoimetamine Eestis \u2b50 Garanteeritud","og_url":"https:\/\/odavprint.ee\/en\/product\/panasonic-kx-fa136-135-m-tootja-black-diamond\/","og_site_name":"Odav Print","article_modified_time":"2026-03-02T16:17:11+00:00","twitter_card":"summary_large_image","twitter_misc":{"Price":"&euro;11.37","Availability":"In stock"},"schema":{"@context":"https:\/\/schema.org","@graph":[{"@type":["WebPage","ItemPage"],"@id":"https:\/\/odavprint.ee\/en\/product\/panasonic-kx-fa136-135-m-tootja-black-diamond\/","url":"https:\/\/odavprint.ee\/en\/product\/panasonic-kx-fa136-135-m-tootja-black-diamond\/","name":"Panasonic KX-FA136 135 m , tootja Black Diamond, hea hinnaga, osta e-pood - Odav Print","isPartOf":{"@id":"https:\/\/odavprint.ee\/en\/#website"},"primaryImageOfPage":{"@id":"https:\/\/odavprint.ee\/en\/product\/panasonic-kx-fa136-135-m-tootja-black-diamond\/#primaryimage"},"image":{"@id":"https:\/\/odavprint.ee\/en\/product\/panasonic-kx-fa136-135-m-tootja-black-diamond\/#primaryimage"},"thumbnailUrl":"https:\/\/odavprint.ee\/wp-content\/uploads\/2026\/02\/panasonic-kx-fa136-black-diamond-ribbon.jpg","datePublished":"2026-02-18T21:06:16+00:00","dateModified":"2026-03-02T16:17:11+00:00","description":"Osta Panasonic KX-FA136 135 m , tootja Black Diamond Odav Print \u260e +372 5911 9495 \u2714\ufe0f Parim hind Panasonic KX-FA136 135 m , tootja Black Diamond jaoks \u26df Kiire kohaletoimetamine Eestis \u2b50 Garanteeritud","breadcrumb":{"@id":"https:\/\/odavprint.ee\/en\/product\/panasonic-kx-fa136-135-m-tootja-black-diamond\/#breadcrumb"},"inLanguage":"en-US","potentialAction":[{"@type":"ReadAction","target":["https:\/\/odavprint.ee\/en\/product\/panasonic-kx-fa136-135-m-tootja-black-diamond\/"]}]},{"@type":"ImageObject","inLanguage":"en-US","@id":"https:\/\/odavprint.ee\/en\/product\/panasonic-kx-fa136-135-m-tootja-black-diamond\/#primaryimage","url":"https:\/\/odavprint.ee\/wp-content\/uploads\/2026\/02\/panasonic-kx-fa136-black-diamond-ribbon.jpg","contentUrl":"https:\/\/odavprint.ee\/wp-content\/uploads\/2026\/02\/panasonic-kx-fa136-black-diamond-ribbon.jpg","width":600,"height":600},{"@type":"BreadcrumbList","@id":"https:\/\/odavprint.ee\/en\/product\/panasonic-kx-fa136-135-m-tootja-black-diamond\/#breadcrumb","itemListElement":[{"@type":"ListItem","position":1,"name":"Home","item":"https:\/\/odavprint.ee\/en\/"},{"@type":"ListItem","position":2,"name":"Shop","item":"https:\/\/odavprint.ee\/en\/shop\/"},{"@type":"ListItem","position":3,"name":"Panasonic KX-FA136 135 m , tootja Black Diamond"}]},{"@type":"WebSite","@id":"https:\/\/odavprint.ee\/en\/#website","url":"https:\/\/odavprint.ee\/en\/","name":"Odav Print","description":"Just another WordPress site","publisher":{"@id":"https:\/\/odavprint.ee\/en\/#organization"},"alternateName":"Kassettide, toonerite t\u00e4itmine ja m\u00fc\u00fck.","potentialAction":[{"@type":"SearchAction","target":{"@type":"EntryPoint","urlTemplate":"https:\/\/odavprint.ee\/en\/?s={search_term_string}"},"query-input":"required name=search_term_string"}],"inLanguage":"en-US"},{"@type":["Organization","Place"],"@id":"https:\/\/odavprint.ee\/en\/#organization","name":"Odav Print O\u00dc","url":"https:\/\/odavprint.ee\/en\/","logo":{"@id":"https:\/\/odavprint.ee\/en\/product\/panasonic-kx-fa136-135-m-tootja-black-diamond\/#local-main-organization-logo"},"image":{"@id":"https:\/\/odavprint.ee\/en\/product\/panasonic-kx-fa136-135-m-tootja-black-diamond\/#local-main-organization-logo"},"address":{"@id":"https:\/\/odavprint.ee\/en\/product\/panasonic-kx-fa136-135-m-tootja-black-diamond\/#local-main-place-address"},"geo":{"@type":"GeoCoordinates","latitude":"59.4306504","longitude":"24.8095743"},"telephone":["53836926"],"openingHoursSpecification":[{"@type":"OpeningHoursSpecification","dayOfWeek":["Monday","Tuesday","Wednesday","Thursday","Friday","Saturday","Sunday"],"opens":"09:00","closes":"17:00"}],"email":"info@odavprint.eu"},{"@type":"PostalAddress","@id":"https:\/\/odavprint.ee\/en\/product\/panasonic-kx-fa136-135-m-tootja-black-diamond\/#local-main-place-address","streetAddress":"Pae tn 28","addressLocality":"Tallinn","postalCode":"11415","addressRegion":"Harjumaa","addressCountry":"EE"},{"@type":"ImageObject","inLanguage":"en-US","@id":"https:\/\/odavprint.ee\/en\/product\/panasonic-kx-fa136-135-m-tootja-black-diamond\/#local-main-organization-logo","url":"https:\/\/odavprint.ee\/wp-content\/uploads\/2018\/10\/odavprint-logo-240.jpg","contentUrl":"https:\/\/odavprint.ee\/wp-content\/uploads\/2018\/10\/odavprint-logo-240.jpg","width":240,"height":36,"caption":"Odav Print O\u00dc"}]},"product_price_amount":"11.37","product_price_currency":"EUR","og_availability":"instock","product_availability":"instock","product_condition":"new","geo.placename":"Tallinn","geo.position":{"lat":"59.4306504","long":"24.8095743"},"geo.region":"Estonia"},"_links":{"self":[{"href":"https:\/\/odavprint.ee\/en\/wp-json\/wp\/v2\/product\/216001"}],"collection":[{"href":"https:\/\/odavprint.ee\/en\/wp-json\/wp\/v2\/product"}],"about":[{"href":"https:\/\/odavprint.ee\/en\/wp-json\/wp\/v2\/types\/product"}],"wp:featuredmedia":[{"embeddable":true,"href":"https:\/\/odavprint.ee\/en\/wp-json\/wp\/v2\/media\/216002"}],"wp:attachment":[{"href":"https:\/\/odavprint.ee\/en\/wp-json\/wp\/v2\/media?parent=216001"}],"wp:term":[{"taxonomy":"product_cat","embeddable":true,"href":"https:\/\/odavprint.ee\/en\/wp-json\/wp\/v2\/product_cat?post=216001"},{"taxonomy":"product_tag","embeddable":true,"href":"https:\/\/odavprint.ee\/en\/wp-json\/wp\/v2\/product_tag?post=216001"}],"curies":[{"name":"wp","href":"https:\/\/api.w.org\/{rel}","templated":true}]}}