{"id":216418,"date":"2026-02-19T20:04:24","date_gmt":"2026-02-19T18:04:24","guid":{"rendered":"https:\/\/odavprint.ee\/?post_type=product&#038;p=216418"},"modified":"2026-03-02T18:17:18","modified_gmt":"2026-03-02T16:17:18","slug":"brother-tze-fx621-tzefx621-kleepkirjalint","status":"publish","type":"product","link":"https:\/\/odavprint.ee\/en\/product\/brother-tze-fx621-tzefx621-kleepkirjalint\/","title":{"rendered":"Brother TZe-FX621 TZeFX621 kleepkirjalint"},"content":{"rendered":"<p>For printers:<\/p>\n<ul>\n<li>Brother GL-100<\/li>\n<li>Brother P-touch CUBE<\/li>\n<li>Brother PT-1000<\/li>\n<li>Brother PT-1010<\/li>\n<li>Brother PT-1010B<\/li>\n<li>Brother PT-1010NB<\/li>\n<li>Brother PT-1010R<\/li>\n<li>Brother PT-1010S<\/li>\n<li>Brother PT-1090<\/li>\n<li>Brother PT-1090BK<\/li>\n<li>Brother PT-1230PC<\/li>\n<li>Brother PT-1280<\/li>\n<li>Brother PT-1280SR<\/li>\n<li>Brother PT-1280VP<\/li>\n<li>Brother PT-128AF<\/li>\n<li>Brother PT-1290<\/li>\n<li>Brother PT-1830<\/li>\n<li>Brother PT-1830C<\/li>\n<li>Brother PT-1830SC<\/li>\n<li>Brother PT-1830VP<\/li>\n<li>Brother PT-1880<\/li>\n<li>Brother PT-1880C<\/li>\n<li>Brother PT-1880SC<\/li>\n<li>Brother PT-1880W<\/li>\n<li>Brother PT-1890<\/li>\n<li>Brother PT-1890C<\/li>\n<li>Brother PT-1890SC<\/li>\n<li>Brother PT-1890W<\/li>\n<li>Brother PT-2030<\/li>\n<li>Brother PT-2030AD<\/li>\n<li>Brother PT-2030VP<\/li>\n<li>Brother PT-2100<\/li>\n<li>Brother PT-2110<\/li>\n<li>Brother PT-2200<\/li>\n<li>Brother PT-2210<\/li>\n<li>Brother PT-2430PC<\/li>\n<li>Brother PT-2700<\/li>\n<li>Brother PT-2710<\/li>\n<li>Brother PT-2730<\/li>\n<li>Brother PT-2730VP<\/li>\n<li>Brother PT-3600<\/li>\n<li>Brother PT-6100<\/li>\n<li>Brother PT-7100<\/li>\n<li>Brother PT-9500PC<\/li>\n<li>Brother PT-9600<\/li>\n<li>Brother PT-9700PC<\/li>\n<li>Brother PT-9800PCN<\/li>\n<li>Brother PT-9800PCN<\/li>\n<li>Brother PT-D200<\/li>\n<li>Brother PT-D200BT<\/li>\n<li>Brother PT-D200DA<\/li>\n<li>Brother PT-D200MA<\/li>\n<li>Brother PT-D200SA<\/li>\n<li>Brother PT-D210<\/li>\n<li>Brother PT-D400<\/li>\n<li>Brother PT-D400AD<\/li>\n<li>Brother PT-D400VP<\/li>\n<li>Brother PT-D450<\/li>\n<li>Brother PT-D600<\/li>\n<li>Brother PT-D600VP<\/li>\n<li>Brother PT-D610BTVP<\/li>\n<li>Brother PT-D800W<\/li>\n<li>Brother PT-E100<\/li>\n<li>Brother PT-E105<\/li>\n<li>Brother PT-E110<\/li>\n<li>Brother PT-E300<\/li>\n<li>Brother PT-E500<\/li>\n<li>Brother PT-E550W<\/li>\n<li>Brother PT-E550WCM<\/li>\n<li>Brother PT-H100<\/li>\n<li>Brother PT-H110<\/li>\n<li>Brother PT-H300<\/li>\n<li>Brother PT-H300LI<\/li>\n<li>Brother PT-H500LI<\/li>\n<li>Brother PT-P300BT<\/li>\n<li>Brother PT-P700<\/li>\n<li>Brother PT-P750W<\/li>\n<li>Brother PT-P900<\/li>\n<li>Brother PT-P900W<\/li>\n<li>Brother PT-P910BT<\/li>\n<li>Brother PT-P950NW<\/li>\n<li>Brother PT9200DX<\/li>\n<li>Brother PT9400DX<\/li>\n<li>Brother RL700S<\/li>\n<li>Brother PT-10<\/li>\n<li>Brother PT-100<\/li>\n<li>Brother PT-1000BM<\/li>\n<li>Brother PT-110<\/li>\n<li>Brother PT-1100<\/li>\n<li>Brother PT-1100SB<\/li>\n<li>Brother PT-1100SBVP<\/li>\n<li>Brother PT-1100ST<\/li>\n<li>Brother PT-1120<\/li>\n<li>Brother PT-1130<\/li>\n<li>Brother PT-1160<\/li>\n<li>Brother PT-1170<\/li>\n<li>Brother PT-1180<\/li>\n<li>Brother PT-1190<\/li>\n<li>Brother PT-11Q<\/li>\n<li>Brother PT-12<\/li>\n<li>Brother PT-1200<\/li>\n<li>Brother PT-1290BT<\/li>\n<li>Brother PT-1290BT2<\/li>\n<li>Brother PT-1290RS<\/li>\n<li>Brother PT-12N<\/li>\n<li>Brother PT-1300<\/li>\n<li>Brother PT-1400<\/li>\n<li>Brother PT-15<\/li>\n<li>Brother PT-150<\/li>\n<li>Brother PT-1500<\/li>\n<li>Brother PT-1500PC<\/li>\n<li>Brother PT-1600<\/li>\n<li>Brother PT-1650<\/li>\n<li>Brother PT-1700<\/li>\n<li>Brother PT-170K<\/li>\n<li>Brother PT-1750<\/li>\n<li>Brother PT-1750SC<\/li>\n<li>Brother PT-1800<\/li>\n<li>Brother PT-1810<\/li>\n<li>Brother PT-18R<\/li>\n<li>Brother PT-18RKT<\/li>\n<li>Brother PT-1900<\/li>\n<li>Brother PT-1900C<\/li>\n<li>Brother PT-1910<\/li>\n<li>Brother PT-1950<\/li>\n<li>Brother PT-1960<\/li>\n<li>Brother PT-20<\/li>\n<li>Brother PT-200<\/li>\n<li>Brother PT-2300<\/li>\n<li>Brother PT-2310<\/li>\n<li>Brother PT-2400<\/li>\n<li>Brother PT-2410<\/li>\n<li>Brother PT-2500PC<\/li>\n<li>Brother PT-2600<\/li>\n<li>Brother PT-2610<\/li>\n<li>Brother PT-30<\/li>\n<li>Brother PT-300<\/li>\n<li>Brother PT-300B<\/li>\n<li>Brother PT-310<\/li>\n<li>Brother PT-310B<\/li>\n<li>Brother PT-320<\/li>\n<li>Brother PT-330<\/li>\n<li>Brother PT-340<\/li>\n<li>Brother PT-35<\/li>\n<li>Brother PT-350<\/li>\n<li>Brother PT-3600<\/li>\n<li>Brother PT-4000<\/li>\n<li>Brother PT-45M<\/li>\n<li>Brother PT-520<\/li>\n<li>Brother PT-530<\/li>\n<li>Brother PT-540<\/li>\n<li>Brother PT-550<\/li>\n<li>Brother PT-55BM<\/li>\n<li>Brother PT-55S<\/li>\n<li>Brother PT-580C<\/li>\n<li>Brother PT-6<\/li>\n<li>Brother PT-65<\/li>\n<li>Brother PT-65SB<\/li>\n<li>Brother PT-65SCCP<\/li>\n<li>Brother PT-65SL<\/li>\n<li>Brother PT-65VP<\/li>\n<li>Brother PT-70<\/li>\n<li>Brother PT-70BBVP<\/li>\n<li>Brother PT-70BM<\/li>\n<li>Brother PT-70BMH<\/li>\n<li>Brother PT-70HK<\/li>\n<li>Brother PT-70HOL<\/li>\n<li>Brother PT-70HOT<\/li>\n<li>Brother PT-70SP<\/li>\n<li>Brother PT-70SR<\/li>\n<li>Brother PT-7500<\/li>\n<li>Brother PT-7600<\/li>\n<li>Brother PT-8<\/li>\n<li>Brother PT-80<\/li>\n<li>Brother PT-8000<\/li>\n<li>Brother PT-80SCCP<\/li>\n<li>Brother PT-85<\/li>\n<li>Brother PT-90<\/li>\n<li>Brother PT-9200DX<\/li>\n<li>Brother PT-9200PC<\/li>\n<li>Brother PT-9400<\/li>\n<li>Brother PT-9500PC<\/li>\n<li>Brother PT-9600<\/li>\n<li>Brother PT-D200G<\/li>\n<li>Brother PT-E300VP<\/li>\n<li>Brother PT-E500VP<\/li>\n<li>Brother PT-E800W<\/li>\n<li>Brother PT-I<\/li>\n<li>Brother PT-II<\/li>\n<li>Brother PT-III<\/li>\n<li>Brother PT-M95<\/li>\n<li>Brother PT-P750WVP<\/li>\n<li>Brother PT-PC<\/li>\n<li>Brother PT-XL<\/li>\n<li>Brother ST-1150<\/li>\n<li>Brother ST-1150DX<\/li>\n<li>Brother ST-5<\/li>\n<\/ul>\n<p>Resurss: 9mm x 8<br \/> Color: Black on Yellow<\/p>\n","protected":false},"excerpt":{"rendered":"<p>For printers: Brother GL-100 Brother P-touch CUBE Brother PT-1000 Brother PT-1010 Brother PT-1010B Brother PT-1010NB Brother PT-1010R Brother PT-1010S Brother PT-1090 Brother PT-1090BK Brother PT-1230PC Brother PT-1280 Brother PT-1280SR Brother PT-1280VP Brother PT-128AF Brother PT-1290 Brother PT-1830 Brother PT-1830C Brother PT-1830SC Brother PT-1830VP Brother PT-1880 Brother PT-1880C Brother PT-1880SC Brother PT-1880W Brother PT-1890 Brother PT-1890C [&#8230;]\n","protected":false},"featured_media":216419,"template":"","meta":{"inline_featured_image":false},"product_cat":[39148,39157,39158],"product_tag":[],"yoast_head":"<!-- This site is optimized with the Yoast SEO Premium plugin v23.0 (Yoast SEO v23.0) - https:\/\/yoast.com\/wordpress\/plugins\/seo\/ -->\n<title>Brother TZe-FX621 TZeFX621 kleepkirjalint, hea hinnaga, osta e-pood - Odav Print<\/title>\n<meta name=\"description\" content=\"Osta Brother TZe-FX621 TZeFX621 kleepkirjalint Odav Print \u260e +372 5911 9495 \u2714\ufe0f Parim hind Brother TZe-FX621 TZeFX621 kleepkirjalint jaoks \u26df Kiire kohaletoimetamine Eestis \u2b50 Garanteeritud\" \/>\n<meta name=\"robots\" content=\"index, follow, max-snippet:-1, max-image-preview:large, max-video-preview:-1\" \/>\n<link rel=\"canonical\" href=\"https:\/\/odavprint.ee\/en\/product\/brother-tze-fx621-tzefx621-kleepkirjalint\/\" \/>\n<meta property=\"og:locale\" content=\"en_US\" \/>\n<meta property=\"og:type\" content=\"article\" \/>\n<meta property=\"og:title\" content=\"Brother TZe-FX621 TZeFX621 kleepkirjalint\" \/>\n<meta property=\"og:description\" content=\"Osta Brother TZe-FX621 TZeFX621 kleepkirjalint Odav Print \u260e +372 5911 9495 \u2714\ufe0f Parim hind Brother TZe-FX621 TZeFX621 kleepkirjalint jaoks \u26df Kiire kohaletoimetamine Eestis \u2b50 Garanteeritud\" \/>\n<meta property=\"og:url\" content=\"https:\/\/odavprint.ee\/en\/product\/brother-tze-fx621-tzefx621-kleepkirjalint\/\" \/>\n<meta property=\"og:site_name\" content=\"Odav Print\" \/>\n<meta property=\"article:modified_time\" content=\"2026-03-02T16:17:18+00:00\" \/>\n<meta name=\"twitter:card\" content=\"summary_large_image\" \/>\n<meta name=\"twitter:label1\" content=\"Price\" \/>\n\t<meta name=\"twitter:data1\" content=\"&euro;17.46\" \/>\n\t<meta name=\"twitter:label2\" content=\"Availability\" \/>\n\t<meta name=\"twitter:data2\" content=\"In stock\" \/>\n<script type=\"application\/ld+json\" class=\"yoast-schema-graph\">{\"@context\":\"https:\/\/schema.org\",\"@graph\":[{\"@type\":[\"WebPage\",\"ItemPage\"],\"@id\":\"https:\/\/odavprint.ee\/en\/product\/brother-tze-fx621-tzefx621-kleepkirjalint\/\",\"url\":\"https:\/\/odavprint.ee\/en\/product\/brother-tze-fx621-tzefx621-kleepkirjalint\/\",\"name\":\"Brother TZe-FX621 TZeFX621 kleepkirjalint, hea hinnaga, osta e-pood - Odav Print\",\"isPartOf\":{\"@id\":\"https:\/\/odavprint.ee\/en\/#website\"},\"primaryImageOfPage\":{\"@id\":\"https:\/\/odavprint.ee\/en\/product\/brother-tze-fx621-tzefx621-kleepkirjalint\/#primaryimage\"},\"image\":{\"@id\":\"https:\/\/odavprint.ee\/en\/product\/brother-tze-fx621-tzefx621-kleepkirjalint\/#primaryimage\"},\"thumbnailUrl\":\"https:\/\/odavprint.ee\/wp-content\/uploads\/2026\/02\/brother-tze-fx621-tzefx621-ehtiketochnaya-lenta-en.jpg\",\"datePublished\":\"2026-02-19T18:04:24+00:00\",\"dateModified\":\"2026-03-02T16:17:18+00:00\",\"description\":\"Osta Brother TZe-FX621 TZeFX621 kleepkirjalint Odav Print \u260e +372 5911 9495 \u2714\ufe0f Parim hind Brother TZe-FX621 TZeFX621 kleepkirjalint jaoks \u26df Kiire kohaletoimetamine Eestis \u2b50 Garanteeritud\",\"breadcrumb\":{\"@id\":\"https:\/\/odavprint.ee\/en\/product\/brother-tze-fx621-tzefx621-kleepkirjalint\/#breadcrumb\"},\"inLanguage\":\"en-US\",\"potentialAction\":[{\"@type\":\"ReadAction\",\"target\":[\"https:\/\/odavprint.ee\/en\/product\/brother-tze-fx621-tzefx621-kleepkirjalint\/\"]}]},{\"@type\":\"ImageObject\",\"inLanguage\":\"en-US\",\"@id\":\"https:\/\/odavprint.ee\/en\/product\/brother-tze-fx621-tzefx621-kleepkirjalint\/#primaryimage\",\"url\":\"https:\/\/odavprint.ee\/wp-content\/uploads\/2026\/02\/brother-tze-fx621-tzefx621-ehtiketochnaya-lenta-en.jpg\",\"contentUrl\":\"https:\/\/odavprint.ee\/wp-content\/uploads\/2026\/02\/brother-tze-fx621-tzefx621-ehtiketochnaya-lenta-en.jpg\",\"width\":600,\"height\":600},{\"@type\":\"BreadcrumbList\",\"@id\":\"https:\/\/odavprint.ee\/en\/product\/brother-tze-fx621-tzefx621-kleepkirjalint\/#breadcrumb\",\"itemListElement\":[{\"@type\":\"ListItem\",\"position\":1,\"name\":\"Home\",\"item\":\"https:\/\/odavprint.ee\/en\/\"},{\"@type\":\"ListItem\",\"position\":2,\"name\":\"Shop\",\"item\":\"https:\/\/odavprint.ee\/en\/shop\/\"},{\"@type\":\"ListItem\",\"position\":3,\"name\":\"Brother TZe-FX621 TZeFX621 kleepkirjalint\"}]},{\"@type\":\"WebSite\",\"@id\":\"https:\/\/odavprint.ee\/en\/#website\",\"url\":\"https:\/\/odavprint.ee\/en\/\",\"name\":\"Odav Print\",\"description\":\"Just another WordPress site\",\"publisher\":{\"@id\":\"https:\/\/odavprint.ee\/en\/#organization\"},\"alternateName\":\"Kassettide, toonerite t\u00e4itmine ja m\u00fc\u00fck.\",\"potentialAction\":[{\"@type\":\"SearchAction\",\"target\":{\"@type\":\"EntryPoint\",\"urlTemplate\":\"https:\/\/odavprint.ee\/en\/?s={search_term_string}\"},\"query-input\":\"required name=search_term_string\"}],\"inLanguage\":\"en-US\"},{\"@type\":[\"Organization\",\"Place\"],\"@id\":\"https:\/\/odavprint.ee\/en\/#organization\",\"name\":\"Odav Print O\u00dc\",\"url\":\"https:\/\/odavprint.ee\/en\/\",\"logo\":{\"@id\":\"https:\/\/odavprint.ee\/en\/product\/brother-tze-fx621-tzefx621-kleepkirjalint\/#local-main-organization-logo\"},\"image\":{\"@id\":\"https:\/\/odavprint.ee\/en\/product\/brother-tze-fx621-tzefx621-kleepkirjalint\/#local-main-organization-logo\"},\"address\":{\"@id\":\"https:\/\/odavprint.ee\/en\/product\/brother-tze-fx621-tzefx621-kleepkirjalint\/#local-main-place-address\"},\"geo\":{\"@type\":\"GeoCoordinates\",\"latitude\":\"59.4306504\",\"longitude\":\"24.8095743\"},\"telephone\":[\"53836926\"],\"openingHoursSpecification\":[{\"@type\":\"OpeningHoursSpecification\",\"dayOfWeek\":[\"Monday\",\"Tuesday\",\"Wednesday\",\"Thursday\",\"Friday\",\"Saturday\",\"Sunday\"],\"opens\":\"09:00\",\"closes\":\"17:00\"}],\"email\":\"info@odavprint.eu\"},{\"@type\":\"PostalAddress\",\"@id\":\"https:\/\/odavprint.ee\/en\/product\/brother-tze-fx621-tzefx621-kleepkirjalint\/#local-main-place-address\",\"streetAddress\":\"Pae tn 28\",\"addressLocality\":\"Tallinn\",\"postalCode\":\"11415\",\"addressRegion\":\"Harjumaa\",\"addressCountry\":\"EE\"},{\"@type\":\"ImageObject\",\"inLanguage\":\"en-US\",\"@id\":\"https:\/\/odavprint.ee\/en\/product\/brother-tze-fx621-tzefx621-kleepkirjalint\/#local-main-organization-logo\",\"url\":\"https:\/\/odavprint.ee\/wp-content\/uploads\/2018\/10\/odavprint-logo-240.jpg\",\"contentUrl\":\"https:\/\/odavprint.ee\/wp-content\/uploads\/2018\/10\/odavprint-logo-240.jpg\",\"width\":240,\"height\":36,\"caption\":\"Odav Print O\u00dc\"}]}<\/script>\n<meta property=\"product:price:amount\" content=\"17.46\" \/>\n<meta property=\"product:price:currency\" content=\"EUR\" \/>\n<meta property=\"og:availability\" content=\"instock\" \/>\n<meta property=\"product:availability\" content=\"instock\" \/>\n<meta property=\"product:condition\" content=\"new\" \/>\n<meta name=\"geo.placename\" content=\"Tallinn\" \/>\n<meta name=\"geo.position\" content=\"59.4306504;24.8095743\" \/>\n<meta name=\"geo.region\" content=\"Estonia\" \/>\n<!-- \/ Yoast SEO Premium plugin. -->","yoast_head_json":{"title":"Brother TZe-FX621 TZeFX621 kleepkirjalint, hea hinnaga, osta e-pood - Odav Print","description":"Osta Brother TZe-FX621 TZeFX621 kleepkirjalint Odav Print \u260e +372 5911 9495 \u2714\ufe0f Parim hind Brother TZe-FX621 TZeFX621 kleepkirjalint jaoks \u26df Kiire kohaletoimetamine Eestis \u2b50 Garanteeritud","robots":{"index":"index","follow":"follow","max-snippet":"max-snippet:-1","max-image-preview":"max-image-preview:large","max-video-preview":"max-video-preview:-1"},"canonical":"https:\/\/odavprint.ee\/en\/product\/brother-tze-fx621-tzefx621-kleepkirjalint\/","og_locale":"en_US","og_type":"article","og_title":"Brother TZe-FX621 TZeFX621 kleepkirjalint","og_description":"Osta Brother TZe-FX621 TZeFX621 kleepkirjalint Odav Print \u260e +372 5911 9495 \u2714\ufe0f Parim hind Brother TZe-FX621 TZeFX621 kleepkirjalint jaoks \u26df Kiire kohaletoimetamine Eestis \u2b50 Garanteeritud","og_url":"https:\/\/odavprint.ee\/en\/product\/brother-tze-fx621-tzefx621-kleepkirjalint\/","og_site_name":"Odav Print","article_modified_time":"2026-03-02T16:17:18+00:00","twitter_card":"summary_large_image","twitter_misc":{"Price":"&euro;17.46","Availability":"In stock"},"schema":{"@context":"https:\/\/schema.org","@graph":[{"@type":["WebPage","ItemPage"],"@id":"https:\/\/odavprint.ee\/en\/product\/brother-tze-fx621-tzefx621-kleepkirjalint\/","url":"https:\/\/odavprint.ee\/en\/product\/brother-tze-fx621-tzefx621-kleepkirjalint\/","name":"Brother TZe-FX621 TZeFX621 kleepkirjalint, hea hinnaga, osta e-pood - Odav Print","isPartOf":{"@id":"https:\/\/odavprint.ee\/en\/#website"},"primaryImageOfPage":{"@id":"https:\/\/odavprint.ee\/en\/product\/brother-tze-fx621-tzefx621-kleepkirjalint\/#primaryimage"},"image":{"@id":"https:\/\/odavprint.ee\/en\/product\/brother-tze-fx621-tzefx621-kleepkirjalint\/#primaryimage"},"thumbnailUrl":"https:\/\/odavprint.ee\/wp-content\/uploads\/2026\/02\/brother-tze-fx621-tzefx621-ehtiketochnaya-lenta-en.jpg","datePublished":"2026-02-19T18:04:24+00:00","dateModified":"2026-03-02T16:17:18+00:00","description":"Osta Brother TZe-FX621 TZeFX621 kleepkirjalint Odav Print \u260e +372 5911 9495 \u2714\ufe0f Parim hind Brother TZe-FX621 TZeFX621 kleepkirjalint jaoks \u26df Kiire kohaletoimetamine Eestis \u2b50 Garanteeritud","breadcrumb":{"@id":"https:\/\/odavprint.ee\/en\/product\/brother-tze-fx621-tzefx621-kleepkirjalint\/#breadcrumb"},"inLanguage":"en-US","potentialAction":[{"@type":"ReadAction","target":["https:\/\/odavprint.ee\/en\/product\/brother-tze-fx621-tzefx621-kleepkirjalint\/"]}]},{"@type":"ImageObject","inLanguage":"en-US","@id":"https:\/\/odavprint.ee\/en\/product\/brother-tze-fx621-tzefx621-kleepkirjalint\/#primaryimage","url":"https:\/\/odavprint.ee\/wp-content\/uploads\/2026\/02\/brother-tze-fx621-tzefx621-ehtiketochnaya-lenta-en.jpg","contentUrl":"https:\/\/odavprint.ee\/wp-content\/uploads\/2026\/02\/brother-tze-fx621-tzefx621-ehtiketochnaya-lenta-en.jpg","width":600,"height":600},{"@type":"BreadcrumbList","@id":"https:\/\/odavprint.ee\/en\/product\/brother-tze-fx621-tzefx621-kleepkirjalint\/#breadcrumb","itemListElement":[{"@type":"ListItem","position":1,"name":"Home","item":"https:\/\/odavprint.ee\/en\/"},{"@type":"ListItem","position":2,"name":"Shop","item":"https:\/\/odavprint.ee\/en\/shop\/"},{"@type":"ListItem","position":3,"name":"Brother TZe-FX621 TZeFX621 kleepkirjalint"}]},{"@type":"WebSite","@id":"https:\/\/odavprint.ee\/en\/#website","url":"https:\/\/odavprint.ee\/en\/","name":"Odav Print","description":"Just another WordPress site","publisher":{"@id":"https:\/\/odavprint.ee\/en\/#organization"},"alternateName":"Kassettide, toonerite t\u00e4itmine ja m\u00fc\u00fck.","potentialAction":[{"@type":"SearchAction","target":{"@type":"EntryPoint","urlTemplate":"https:\/\/odavprint.ee\/en\/?s={search_term_string}"},"query-input":"required name=search_term_string"}],"inLanguage":"en-US"},{"@type":["Organization","Place"],"@id":"https:\/\/odavprint.ee\/en\/#organization","name":"Odav Print O\u00dc","url":"https:\/\/odavprint.ee\/en\/","logo":{"@id":"https:\/\/odavprint.ee\/en\/product\/brother-tze-fx621-tzefx621-kleepkirjalint\/#local-main-organization-logo"},"image":{"@id":"https:\/\/odavprint.ee\/en\/product\/brother-tze-fx621-tzefx621-kleepkirjalint\/#local-main-organization-logo"},"address":{"@id":"https:\/\/odavprint.ee\/en\/product\/brother-tze-fx621-tzefx621-kleepkirjalint\/#local-main-place-address"},"geo":{"@type":"GeoCoordinates","latitude":"59.4306504","longitude":"24.8095743"},"telephone":["53836926"],"openingHoursSpecification":[{"@type":"OpeningHoursSpecification","dayOfWeek":["Monday","Tuesday","Wednesday","Thursday","Friday","Saturday","Sunday"],"opens":"09:00","closes":"17:00"}],"email":"info@odavprint.eu"},{"@type":"PostalAddress","@id":"https:\/\/odavprint.ee\/en\/product\/brother-tze-fx621-tzefx621-kleepkirjalint\/#local-main-place-address","streetAddress":"Pae tn 28","addressLocality":"Tallinn","postalCode":"11415","addressRegion":"Harjumaa","addressCountry":"EE"},{"@type":"ImageObject","inLanguage":"en-US","@id":"https:\/\/odavprint.ee\/en\/product\/brother-tze-fx621-tzefx621-kleepkirjalint\/#local-main-organization-logo","url":"https:\/\/odavprint.ee\/wp-content\/uploads\/2018\/10\/odavprint-logo-240.jpg","contentUrl":"https:\/\/odavprint.ee\/wp-content\/uploads\/2018\/10\/odavprint-logo-240.jpg","width":240,"height":36,"caption":"Odav Print O\u00dc"}]},"product_price_amount":"17.46","product_price_currency":"EUR","og_availability":"instock","product_availability":"instock","product_condition":"new","geo.placename":"Tallinn","geo.position":{"lat":"59.4306504","long":"24.8095743"},"geo.region":"Estonia"},"_links":{"self":[{"href":"https:\/\/odavprint.ee\/en\/wp-json\/wp\/v2\/product\/216418"}],"collection":[{"href":"https:\/\/odavprint.ee\/en\/wp-json\/wp\/v2\/product"}],"about":[{"href":"https:\/\/odavprint.ee\/en\/wp-json\/wp\/v2\/types\/product"}],"wp:featuredmedia":[{"embeddable":true,"href":"https:\/\/odavprint.ee\/en\/wp-json\/wp\/v2\/media\/216419"}],"wp:attachment":[{"href":"https:\/\/odavprint.ee\/en\/wp-json\/wp\/v2\/media?parent=216418"}],"wp:term":[{"taxonomy":"product_cat","embeddable":true,"href":"https:\/\/odavprint.ee\/en\/wp-json\/wp\/v2\/product_cat?post=216418"},{"taxonomy":"product_tag","embeddable":true,"href":"https:\/\/odavprint.ee\/en\/wp-json\/wp\/v2\/product_tag?post=216418"}],"curies":[{"name":"wp","href":"https:\/\/api.w.org\/{rel}","templated":true}]}}