{"id":216474,"date":"2026-02-19T20:16:10","date_gmt":"2026-02-19T18:16:10","guid":{"rendered":"https:\/\/odavprint.ee\/?post_type=product&#038;p=216474"},"modified":"2026-03-02T18:17:20","modified_gmt":"2026-03-02T16:17:20","slug":"dymo-45027-kleepkirjalint-dore-analoog","status":"publish","type":"product","link":"https:\/\/odavprint.ee\/en\/product\/dymo-45027-kleepkirjalint-dore-analoog\/","title":{"rendered":"Dymo 45027 kleepkirjalint Dore analoog"},"content":{"rendered":"<ul>\n<li><span class=\"def\" style=\"color:#131313;font-size:small;font-family:verdana, geneva;\">DYMO LabelManager LM PnP Wireless<\/span><br class=\"def\" style=\"color:#131313;font-family:Roboto;font-size:14px;\" \/><span class=\"def\" style=\"color:#131313;font-size:small;font-family:verdana, geneva;\">DYMO LabelManager LM 100<\/span><br class=\"def\" style=\"color:#131313;font-family:Roboto;font-size:14px;\" \/><span class=\"def\" style=\"color:#131313;font-size:small;font-family:verdana, geneva;\">DYMO LabelManager LM 100+<\/span><br class=\"def\" style=\"color:#131313;font-family:Roboto;font-size:14px;\" \/><span class=\"def\" style=\"color:#131313;font-size:small;font-family:verdana, geneva;\">DYMO LabelManager LM 110<\/span><br class=\"def\" style=\"color:#131313;font-family:Roboto;font-size:14px;\" \/><span class=\"def\" style=\"color:#131313;font-size:small;font-family:verdana, geneva;\">DYMO LabelManager LM 120<\/span><br class=\"def\" style=\"color:#131313;font-family:Roboto;font-size:14px;\" \/><span class=\"def\" style=\"color:#131313;font-size:small;font-family:verdana, geneva;\">DYMO LabelManager LM 120P<\/span><br class=\"def\" style=\"color:#131313;font-family:Roboto;font-size:14px;\" \/><span class=\"def\" style=\"color:#131313;font-size:small;font-family:verdana, geneva;\">DYMO LabelManager LM 150<\/span><br class=\"def\" style=\"color:#131313;font-family:Roboto;font-size:14px;\" \/><span class=\"def\" style=\"color:#131313;font-size:small;font-family:verdana, geneva;\">DYMO LabelManager LM 160<\/span><br class=\"def\" style=\"color:#131313;font-family:Roboto;font-size:14px;\" \/><span class=\"def\" style=\"color:#131313;font-size:small;font-family:verdana, geneva;\">DYMO LabelManager LM 200<\/span><br class=\"def\" style=\"color:#131313;font-family:Roboto;font-size:14px;\" \/><span class=\"def\" style=\"color:#131313;font-size:small;font-family:verdana, geneva;\">DYMO LabelManager LM 210<\/span><br class=\"def\" style=\"color:#131313;font-family:Roboto;font-size:14px;\" \/><span class=\"def\" style=\"color:#131313;font-size:small;font-family:verdana, geneva;\">DYMO LabelManager LM 210D<\/span><br class=\"def\" style=\"color:#131313;font-family:Roboto;font-size:14px;\" \/><span class=\"def\" style=\"color:#131313;font-size:small;font-family:verdana, geneva;\">DYMO LabelManager LM 220<\/span><br class=\"def\" style=\"color:#131313;font-family:Roboto;font-size:14px;\" \/><span class=\"def\" style=\"color:#131313;font-size:small;font-family:verdana, geneva;\">DYMO LabelManager LM 220P<\/span><br class=\"def\" style=\"color:#131313;font-family:Roboto;font-size:14px;\" \/><span class=\"def\" style=\"color:#131313;font-size:small;font-family:verdana, geneva;\">DYMO LabelManager LM 260<\/span><br class=\"def\" style=\"color:#131313;font-family:Roboto;font-size:14px;\" \/><span class=\"def\" style=\"color:#131313;font-size:small;font-family:verdana, geneva;\">DYMO LabelManager LM 260D<\/span><br class=\"def\" style=\"color:#131313;font-family:Roboto;font-size:14px;\" \/><span class=\"def\" style=\"color:#131313;font-size:small;font-family:verdana, geneva;\">DYMO LabelManager LM 280<\/span><br class=\"def\" style=\"color:#131313;font-family:Roboto;font-size:14px;\" \/><span class=\"def\" style=\"color:#131313;font-size:small;font-family:verdana, geneva;\">DYMO LabelManager LM 300<\/span><br class=\"def\" style=\"color:#131313;font-family:Roboto;font-size:14px;\" \/><span class=\"def\" style=\"color:#131313;font-size:small;font-family:verdana, geneva;\">DYMO LabelManager LM 350<\/span><br class=\"def\" style=\"color:#131313;font-family:Roboto;font-size:14px;\" \/><span class=\"def\" style=\"color:#131313;font-size:small;font-family:verdana, geneva;\">DYMO LabelManager LM 360<\/span><br class=\"def\" style=\"color:#131313;font-family:Roboto;font-size:14px;\" \/><span class=\"def\" style=\"color:#131313;font-size:small;font-family:verdana, geneva;\">DYMO LabelManager LM 360D<\/span><br class=\"def\" style=\"color:#131313;font-family:Roboto;font-size:14px;\" \/><span class=\"def\" style=\"color:#131313;font-size:small;font-family:verdana, geneva;\">DYMO LabelManager LM 400<\/span><br class=\"def\" style=\"color:#131313;font-family:Roboto;font-size:14px;\" \/><span class=\"def\" style=\"color:#131313;font-size:small;font-family:verdana, geneva;\">DYMO LabelManager LM 450<\/span><br class=\"def\" style=\"color:#131313;font-family:Roboto;font-size:14px;\" \/><span class=\"def\" style=\"color:#131313;font-size:small;font-family:verdana, geneva;\">DYMO LabelManager LM450<\/span><br class=\"def\" style=\"color:#131313;font-family:Roboto;font-size:14px;\" \/><span class=\"def\" style=\"color:#131313;font-size:small;font-family:verdana, geneva;\">DYMO LabelManager LM450D<\/span><br class=\"def\" style=\"color:#131313;font-family:Roboto;font-size:14px;\" \/><span class=\"def\" style=\"color:#131313;font-size:small;font-family:verdana, geneva;\">DYMO LabelManager LM PC II<\/span><br class=\"def\" style=\"color:#131313;font-family:Roboto;font-size:14px;\" \/><span class=\"def\" style=\"color:#131313;font-size:small;font-family:verdana, geneva;\">LabelManager LM 420P<\/span><br class=\"def\" style=\"color:#131313;font-family:Roboto;font-size:14px;\" \/><span class=\"def\" style=\"color:#131313;font-size:small;font-family:verdana, geneva;\">LabelManager LM 500TS<\/span><br class=\"def\" style=\"color:#131313;font-family:Roboto;font-size:14px;\" \/><span class=\"def\" style=\"color:#131313;font-size:small;font-family:verdana, geneva;\">LabelManager LM PnP<\/span><br class=\"def\" style=\"color:#131313;font-family:Roboto;font-size:14px;\" \/><span class=\"def\" style=\"color:#131313;font-size:small;font-family:verdana, geneva;\">LabelManager Wireless LM PnP<\/span><br class=\"def\" style=\"color:#131313;font-family:Roboto;font-size:14px;\" \/><span class=\"def\" style=\"color:#131313;font-size:small;font-family:verdana, geneva;\">DYMO RHINO 5200<\/span><br class=\"def\" style=\"color:#131313;font-family:Roboto;font-size:14px;\" \/><span class=\"def\" style=\"color:#131313;font-size:small;font-family:verdana, geneva;\">DYMO RHINO 6000<\/span><br class=\"def\" style=\"color:#131313;font-family:Roboto;font-size:14px;\" \/><span class=\"def\" style=\"color:#131313;font-size:small;font-family:verdana, geneva;\">DYMO Rhino 5000<\/span><br class=\"def\" style=\"color:#131313;font-family:Roboto;font-size:14px;\" \/><span class=\"def\" style=\"color:#131313;font-size:small;font-family:verdana, geneva;\">LabelPoint LP 100\u00a0<\/span><br class=\"def\" style=\"color:#131313;font-family:Roboto;font-size:14px;\" \/><span class=\"def\" style=\"color:#131313;font-size:small;font-family:verdana, geneva;\">LabelPoint LP 200<\/span><br class=\"def\" style=\"color:#131313;font-family:Roboto;font-size:14px;\" \/><span class=\"def\" style=\"color:#131313;font-size:small;font-family:verdana, geneva;\">LabelPoint LP 250<\/span><br class=\"def\" style=\"color:#131313;font-family:Roboto;font-size:14px;\" \/><span class=\"def\" style=\"color:#131313;font-size:small;font-family:verdana, geneva;\">LabelPoint LP 350\u00a0<\/span><br class=\"def\" style=\"color:#131313;font-family:Roboto;font-size:14px;\" \/><span class=\"def\" style=\"color:#131313;font-size:small;font-family:verdana, geneva;\">LabelPoint LP 400<\/span><br class=\"def\" style=\"color:#131313;font-family:Roboto;font-size:14px;\" \/><span class=\"def\" style=\"color:#131313;font-size:small;font-family:verdana, geneva;\">LabelPoint LP 450<\/span><\/li>\n<\/ul>\n<p><span style=\"font-size:14px;\"><strong>V\u00e4rv: White on Red<\/strong><\/span><br \/><span style=\"font-size:14px;\"><strong>Laius: 12mm x 7m<\/strong><\/span><\/p>\n","protected":false},"excerpt":{"rendered":"<p>DYMO LabelManager LM PnP WirelessDYMO LabelManager LM 100DYMO LabelManager LM 100+DYMO LabelManager LM 110DYMO LabelManager LM 120DYMO LabelManager LM 120PDYMO LabelManager LM 150DYMO LabelManager LM 160DYMO LabelManager LM 200DYMO LabelManager LM 210DYMO LabelManager LM 210DDYMO LabelManager LM 220DYMO LabelManager LM 220PDYMO LabelManager LM 260DYMO LabelManager LM 260DDYMO LabelManager LM 280DYMO LabelManager LM 300DYMO LabelManager LM [&#8230;]\n","protected":false},"featured_media":216475,"template":"","meta":{"inline_featured_image":false},"product_cat":[39148,39157,39159],"product_tag":[],"yoast_head":"<!-- This site is optimized with the Yoast SEO Premium plugin v23.0 (Yoast SEO v23.0) - https:\/\/yoast.com\/wordpress\/plugins\/seo\/ -->\n<title>Dymo 45027 kleepkirjalint Dore analoog, hea hinnaga, osta e-pood - Odav Print<\/title>\n<meta name=\"description\" content=\"Osta Dymo 45027 kleepkirjalint Dore analoog Odav Print \u260e +372 5911 9495 \u2714\ufe0f Parim hind Dymo 45027 kleepkirjalint Dore analoog jaoks \u26df Kiire kohaletoimetamine Eestis \u2b50 Garanteeritud\" \/>\n<meta name=\"robots\" content=\"index, follow, max-snippet:-1, max-image-preview:large, max-video-preview:-1\" \/>\n<link rel=\"canonical\" href=\"https:\/\/odavprint.ee\/en\/product\/dymo-45027-kleepkirjalint-dore-analoog\/\" \/>\n<meta property=\"og:locale\" content=\"en_US\" \/>\n<meta property=\"og:type\" content=\"article\" \/>\n<meta property=\"og:title\" content=\"Dymo 45027 kleepkirjalint Dore analoog\" \/>\n<meta property=\"og:description\" content=\"Osta Dymo 45027 kleepkirjalint Dore analoog Odav Print \u260e +372 5911 9495 \u2714\ufe0f Parim hind Dymo 45027 kleepkirjalint Dore analoog jaoks \u26df Kiire kohaletoimetamine Eestis \u2b50 Garanteeritud\" \/>\n<meta property=\"og:url\" content=\"https:\/\/odavprint.ee\/en\/product\/dymo-45027-kleepkirjalint-dore-analoog\/\" \/>\n<meta property=\"og:site_name\" content=\"Odav Print\" \/>\n<meta property=\"article:modified_time\" content=\"2026-03-02T16:17:20+00:00\" \/>\n<meta name=\"twitter:card\" content=\"summary_large_image\" \/>\n<meta name=\"twitter:label1\" content=\"Price\" \/>\n\t<meta name=\"twitter:data1\" content=\"&euro;6.72\" \/>\n\t<meta name=\"twitter:label2\" content=\"Availability\" \/>\n\t<meta name=\"twitter:data2\" content=\"In stock\" \/>\n<script type=\"application\/ld+json\" class=\"yoast-schema-graph\">{\"@context\":\"https:\/\/schema.org\",\"@graph\":[{\"@type\":[\"WebPage\",\"ItemPage\"],\"@id\":\"https:\/\/odavprint.ee\/en\/product\/dymo-45027-kleepkirjalint-dore-analoog\/\",\"url\":\"https:\/\/odavprint.ee\/en\/product\/dymo-45027-kleepkirjalint-dore-analoog\/\",\"name\":\"Dymo 45027 kleepkirjalint Dore analoog, hea hinnaga, osta e-pood - Odav Print\",\"isPartOf\":{\"@id\":\"https:\/\/odavprint.ee\/en\/#website\"},\"primaryImageOfPage\":{\"@id\":\"https:\/\/odavprint.ee\/en\/product\/dymo-45027-kleepkirjalint-dore-analoog\/#primaryimage\"},\"image\":{\"@id\":\"https:\/\/odavprint.ee\/en\/product\/dymo-45027-kleepkirjalint-dore-analoog\/#primaryimage\"},\"thumbnailUrl\":\"https:\/\/odavprint.ee\/wp-content\/uploads\/2026\/02\/dymo-45027-d1-printeri-label-dore-analog.jpg\",\"datePublished\":\"2026-02-19T18:16:10+00:00\",\"dateModified\":\"2026-03-02T16:17:20+00:00\",\"description\":\"Osta Dymo 45027 kleepkirjalint Dore analoog Odav Print \u260e +372 5911 9495 \u2714\ufe0f Parim hind Dymo 45027 kleepkirjalint Dore analoog jaoks \u26df Kiire kohaletoimetamine Eestis \u2b50 Garanteeritud\",\"breadcrumb\":{\"@id\":\"https:\/\/odavprint.ee\/en\/product\/dymo-45027-kleepkirjalint-dore-analoog\/#breadcrumb\"},\"inLanguage\":\"en-US\",\"potentialAction\":[{\"@type\":\"ReadAction\",\"target\":[\"https:\/\/odavprint.ee\/en\/product\/dymo-45027-kleepkirjalint-dore-analoog\/\"]}]},{\"@type\":\"ImageObject\",\"inLanguage\":\"en-US\",\"@id\":\"https:\/\/odavprint.ee\/en\/product\/dymo-45027-kleepkirjalint-dore-analoog\/#primaryimage\",\"url\":\"https:\/\/odavprint.ee\/wp-content\/uploads\/2026\/02\/dymo-45027-d1-printeri-label-dore-analog.jpg\",\"contentUrl\":\"https:\/\/odavprint.ee\/wp-content\/uploads\/2026\/02\/dymo-45027-d1-printeri-label-dore-analog.jpg\",\"width\":2500,\"height\":2500},{\"@type\":\"BreadcrumbList\",\"@id\":\"https:\/\/odavprint.ee\/en\/product\/dymo-45027-kleepkirjalint-dore-analoog\/#breadcrumb\",\"itemListElement\":[{\"@type\":\"ListItem\",\"position\":1,\"name\":\"Home\",\"item\":\"https:\/\/odavprint.ee\/en\/\"},{\"@type\":\"ListItem\",\"position\":2,\"name\":\"Shop\",\"item\":\"https:\/\/odavprint.ee\/en\/shop\/\"},{\"@type\":\"ListItem\",\"position\":3,\"name\":\"Dymo 45027 kleepkirjalint Dore analoog\"}]},{\"@type\":\"WebSite\",\"@id\":\"https:\/\/odavprint.ee\/en\/#website\",\"url\":\"https:\/\/odavprint.ee\/en\/\",\"name\":\"Odav Print\",\"description\":\"Just another WordPress site\",\"publisher\":{\"@id\":\"https:\/\/odavprint.ee\/en\/#organization\"},\"alternateName\":\"Kassettide, toonerite t\u00e4itmine ja m\u00fc\u00fck.\",\"potentialAction\":[{\"@type\":\"SearchAction\",\"target\":{\"@type\":\"EntryPoint\",\"urlTemplate\":\"https:\/\/odavprint.ee\/en\/?s={search_term_string}\"},\"query-input\":\"required name=search_term_string\"}],\"inLanguage\":\"en-US\"},{\"@type\":[\"Organization\",\"Place\"],\"@id\":\"https:\/\/odavprint.ee\/en\/#organization\",\"name\":\"Odav Print O\u00dc\",\"url\":\"https:\/\/odavprint.ee\/en\/\",\"logo\":{\"@id\":\"https:\/\/odavprint.ee\/en\/product\/dymo-45027-kleepkirjalint-dore-analoog\/#local-main-organization-logo\"},\"image\":{\"@id\":\"https:\/\/odavprint.ee\/en\/product\/dymo-45027-kleepkirjalint-dore-analoog\/#local-main-organization-logo\"},\"address\":{\"@id\":\"https:\/\/odavprint.ee\/en\/product\/dymo-45027-kleepkirjalint-dore-analoog\/#local-main-place-address\"},\"geo\":{\"@type\":\"GeoCoordinates\",\"latitude\":\"59.4306504\",\"longitude\":\"24.8095743\"},\"telephone\":[\"53836926\"],\"openingHoursSpecification\":[{\"@type\":\"OpeningHoursSpecification\",\"dayOfWeek\":[\"Monday\",\"Tuesday\",\"Wednesday\",\"Thursday\",\"Friday\",\"Saturday\",\"Sunday\"],\"opens\":\"09:00\",\"closes\":\"17:00\"}],\"email\":\"info@odavprint.eu\"},{\"@type\":\"PostalAddress\",\"@id\":\"https:\/\/odavprint.ee\/en\/product\/dymo-45027-kleepkirjalint-dore-analoog\/#local-main-place-address\",\"streetAddress\":\"Pae tn 28\",\"addressLocality\":\"Tallinn\",\"postalCode\":\"11415\",\"addressRegion\":\"Harjumaa\",\"addressCountry\":\"EE\"},{\"@type\":\"ImageObject\",\"inLanguage\":\"en-US\",\"@id\":\"https:\/\/odavprint.ee\/en\/product\/dymo-45027-kleepkirjalint-dore-analoog\/#local-main-organization-logo\",\"url\":\"https:\/\/odavprint.ee\/wp-content\/uploads\/2018\/10\/odavprint-logo-240.jpg\",\"contentUrl\":\"https:\/\/odavprint.ee\/wp-content\/uploads\/2018\/10\/odavprint-logo-240.jpg\",\"width\":240,\"height\":36,\"caption\":\"Odav Print O\u00dc\"}]}<\/script>\n<meta property=\"product:price:amount\" content=\"6.72\" \/>\n<meta property=\"product:price:currency\" content=\"EUR\" \/>\n<meta property=\"og:availability\" content=\"instock\" \/>\n<meta property=\"product:availability\" content=\"instock\" \/>\n<meta property=\"product:condition\" content=\"new\" \/>\n<meta name=\"geo.placename\" content=\"Tallinn\" \/>\n<meta name=\"geo.position\" content=\"59.4306504;24.8095743\" \/>\n<meta name=\"geo.region\" content=\"Estonia\" \/>\n<!-- \/ Yoast SEO Premium plugin. -->","yoast_head_json":{"title":"Dymo 45027 kleepkirjalint Dore analoog, hea hinnaga, osta e-pood - Odav Print","description":"Osta Dymo 45027 kleepkirjalint Dore analoog Odav Print \u260e +372 5911 9495 \u2714\ufe0f Parim hind Dymo 45027 kleepkirjalint Dore analoog jaoks \u26df Kiire kohaletoimetamine Eestis \u2b50 Garanteeritud","robots":{"index":"index","follow":"follow","max-snippet":"max-snippet:-1","max-image-preview":"max-image-preview:large","max-video-preview":"max-video-preview:-1"},"canonical":"https:\/\/odavprint.ee\/en\/product\/dymo-45027-kleepkirjalint-dore-analoog\/","og_locale":"en_US","og_type":"article","og_title":"Dymo 45027 kleepkirjalint Dore analoog","og_description":"Osta Dymo 45027 kleepkirjalint Dore analoog Odav Print \u260e +372 5911 9495 \u2714\ufe0f Parim hind Dymo 45027 kleepkirjalint Dore analoog jaoks \u26df Kiire kohaletoimetamine Eestis \u2b50 Garanteeritud","og_url":"https:\/\/odavprint.ee\/en\/product\/dymo-45027-kleepkirjalint-dore-analoog\/","og_site_name":"Odav Print","article_modified_time":"2026-03-02T16:17:20+00:00","twitter_card":"summary_large_image","twitter_misc":{"Price":"&euro;6.72","Availability":"In stock"},"schema":{"@context":"https:\/\/schema.org","@graph":[{"@type":["WebPage","ItemPage"],"@id":"https:\/\/odavprint.ee\/en\/product\/dymo-45027-kleepkirjalint-dore-analoog\/","url":"https:\/\/odavprint.ee\/en\/product\/dymo-45027-kleepkirjalint-dore-analoog\/","name":"Dymo 45027 kleepkirjalint Dore analoog, hea hinnaga, osta e-pood - Odav Print","isPartOf":{"@id":"https:\/\/odavprint.ee\/en\/#website"},"primaryImageOfPage":{"@id":"https:\/\/odavprint.ee\/en\/product\/dymo-45027-kleepkirjalint-dore-analoog\/#primaryimage"},"image":{"@id":"https:\/\/odavprint.ee\/en\/product\/dymo-45027-kleepkirjalint-dore-analoog\/#primaryimage"},"thumbnailUrl":"https:\/\/odavprint.ee\/wp-content\/uploads\/2026\/02\/dymo-45027-d1-printeri-label-dore-analog.jpg","datePublished":"2026-02-19T18:16:10+00:00","dateModified":"2026-03-02T16:17:20+00:00","description":"Osta Dymo 45027 kleepkirjalint Dore analoog Odav Print \u260e +372 5911 9495 \u2714\ufe0f Parim hind Dymo 45027 kleepkirjalint Dore analoog jaoks \u26df Kiire kohaletoimetamine Eestis \u2b50 Garanteeritud","breadcrumb":{"@id":"https:\/\/odavprint.ee\/en\/product\/dymo-45027-kleepkirjalint-dore-analoog\/#breadcrumb"},"inLanguage":"en-US","potentialAction":[{"@type":"ReadAction","target":["https:\/\/odavprint.ee\/en\/product\/dymo-45027-kleepkirjalint-dore-analoog\/"]}]},{"@type":"ImageObject","inLanguage":"en-US","@id":"https:\/\/odavprint.ee\/en\/product\/dymo-45027-kleepkirjalint-dore-analoog\/#primaryimage","url":"https:\/\/odavprint.ee\/wp-content\/uploads\/2026\/02\/dymo-45027-d1-printeri-label-dore-analog.jpg","contentUrl":"https:\/\/odavprint.ee\/wp-content\/uploads\/2026\/02\/dymo-45027-d1-printeri-label-dore-analog.jpg","width":2500,"height":2500},{"@type":"BreadcrumbList","@id":"https:\/\/odavprint.ee\/en\/product\/dymo-45027-kleepkirjalint-dore-analoog\/#breadcrumb","itemListElement":[{"@type":"ListItem","position":1,"name":"Home","item":"https:\/\/odavprint.ee\/en\/"},{"@type":"ListItem","position":2,"name":"Shop","item":"https:\/\/odavprint.ee\/en\/shop\/"},{"@type":"ListItem","position":3,"name":"Dymo 45027 kleepkirjalint Dore analoog"}]},{"@type":"WebSite","@id":"https:\/\/odavprint.ee\/en\/#website","url":"https:\/\/odavprint.ee\/en\/","name":"Odav Print","description":"Just another WordPress site","publisher":{"@id":"https:\/\/odavprint.ee\/en\/#organization"},"alternateName":"Kassettide, toonerite t\u00e4itmine ja m\u00fc\u00fck.","potentialAction":[{"@type":"SearchAction","target":{"@type":"EntryPoint","urlTemplate":"https:\/\/odavprint.ee\/en\/?s={search_term_string}"},"query-input":"required name=search_term_string"}],"inLanguage":"en-US"},{"@type":["Organization","Place"],"@id":"https:\/\/odavprint.ee\/en\/#organization","name":"Odav Print O\u00dc","url":"https:\/\/odavprint.ee\/en\/","logo":{"@id":"https:\/\/odavprint.ee\/en\/product\/dymo-45027-kleepkirjalint-dore-analoog\/#local-main-organization-logo"},"image":{"@id":"https:\/\/odavprint.ee\/en\/product\/dymo-45027-kleepkirjalint-dore-analoog\/#local-main-organization-logo"},"address":{"@id":"https:\/\/odavprint.ee\/en\/product\/dymo-45027-kleepkirjalint-dore-analoog\/#local-main-place-address"},"geo":{"@type":"GeoCoordinates","latitude":"59.4306504","longitude":"24.8095743"},"telephone":["53836926"],"openingHoursSpecification":[{"@type":"OpeningHoursSpecification","dayOfWeek":["Monday","Tuesday","Wednesday","Thursday","Friday","Saturday","Sunday"],"opens":"09:00","closes":"17:00"}],"email":"info@odavprint.eu"},{"@type":"PostalAddress","@id":"https:\/\/odavprint.ee\/en\/product\/dymo-45027-kleepkirjalint-dore-analoog\/#local-main-place-address","streetAddress":"Pae tn 28","addressLocality":"Tallinn","postalCode":"11415","addressRegion":"Harjumaa","addressCountry":"EE"},{"@type":"ImageObject","inLanguage":"en-US","@id":"https:\/\/odavprint.ee\/en\/product\/dymo-45027-kleepkirjalint-dore-analoog\/#local-main-organization-logo","url":"https:\/\/odavprint.ee\/wp-content\/uploads\/2018\/10\/odavprint-logo-240.jpg","contentUrl":"https:\/\/odavprint.ee\/wp-content\/uploads\/2018\/10\/odavprint-logo-240.jpg","width":240,"height":36,"caption":"Odav Print O\u00dc"}]},"product_price_amount":"6.72","product_price_currency":"EUR","og_availability":"instock","product_availability":"instock","product_condition":"new","geo.placename":"Tallinn","geo.position":{"lat":"59.4306504","long":"24.8095743"},"geo.region":"Estonia"},"_links":{"self":[{"href":"https:\/\/odavprint.ee\/en\/wp-json\/wp\/v2\/product\/216474"}],"collection":[{"href":"https:\/\/odavprint.ee\/en\/wp-json\/wp\/v2\/product"}],"about":[{"href":"https:\/\/odavprint.ee\/en\/wp-json\/wp\/v2\/types\/product"}],"wp:featuredmedia":[{"embeddable":true,"href":"https:\/\/odavprint.ee\/en\/wp-json\/wp\/v2\/media\/216475"}],"wp:attachment":[{"href":"https:\/\/odavprint.ee\/en\/wp-json\/wp\/v2\/media?parent=216474"}],"wp:term":[{"taxonomy":"product_cat","embeddable":true,"href":"https:\/\/odavprint.ee\/en\/wp-json\/wp\/v2\/product_cat?post=216474"},{"taxonomy":"product_tag","embeddable":true,"href":"https:\/\/odavprint.ee\/en\/wp-json\/wp\/v2\/product_tag?post=216474"}],"curies":[{"name":"wp","href":"https:\/\/api.w.org\/{rel}","templated":true}]}}