{"id":216627,"date":"2026-02-19T20:40:04","date_gmt":"2026-02-19T18:40:04","guid":{"rendered":"https:\/\/odavprint.ee\/?post_type=product&#038;p=216627"},"modified":"2026-03-02T18:17:23","modified_gmt":"2026-03-02T16:17:23","slug":"brother-pt-e110vp-pte110vp-etiketiprinterid","status":"publish","type":"product","link":"https:\/\/odavprint.ee\/en\/product\/brother-pt-e110vp-pte110vp-etiketiprinterid\/","title":{"rendered":"Brother PT-E110VP PTE110VP etiketiprinterid"},"content":{"rendered":"<table style=\"border-collapse:collapse;width:100%;\">\n<thead>\n<tr>\n<th colspan=\"2\" style=\"border:1px solid #000;background-color:#eeeeee;padding:8px;\">M\u00e4rgistusprinter \u2014 Tehnilised andmed<\/th>\n<\/tr>\n<\/thead>\n<tbody>\n<tr>\n<td style=\"border:1px solid #000;padding:8px;\">Lindi t\u00fc\u00fcp<\/td>\n<td style=\"border:1px solid #000;padding:8px;\">TZe<\/td>\n<\/tr>\n<tr>\n<td style=\"border:1px solid #000;padding:8px;\">Maksimaalne lindi laius<\/td>\n<td style=\"border:1px solid #000;padding:8px;\">12 mm<\/td>\n<\/tr>\n<tr>\n<td style=\"border:1px solid #000;padding:8px;\">\u00dchilduvad lindi laiused<\/td>\n<td style=\"border:1px solid #000;padding:8px;\">3.5, 6, 9, 12 mm<\/td>\n<\/tr>\n<tr>\n<td style=\"border:1px solid #000;padding:8px;\">Tr\u00fckitehnoloogia<\/td>\n<td style=\"border:1px solid #000;padding:8px;\">Termosiire<\/td>\n<\/tr>\n<tr>\n<td style=\"border:1px solid #000;padding:8px;\">L\u00f5ikamismeetod<\/td>\n<td style=\"border:1px solid #000;padding:8px;\">T\u00e4ielik<\/td>\n<\/tr>\n<tr>\n<td style=\"border:1px solid #000;padding:8px;\">Kasutusala<\/td>\n<td style=\"border:1px solid #000;padding:8px;\">T\u00f6\u00f6stuslik<\/td>\n<\/tr>\n<tr>\n<th colspan=\"2\" style=\"border:1px solid #000;background-color:#eeeeee;padding:8px;\">Toide ja komplektis olev<\/th>\n<\/tr>\n<tr>\n<td style=\"border:1px solid #000;padding:8px;\">Patarei<\/td>\n<td style=\"border:1px solid #000;padding:8px;\">6\u00d7AAA (LR03\/HR03)<\/td>\n<\/tr>\n<tr>\n<td style=\"border:1px solid #000;padding:8px;\">Vahelduvvooluadapter<\/td>\n<td style=\"border:1px solid #000;padding:8px;\">Jah<\/td>\n<\/tr>\n<tr>\n<td style=\"border:1px solid #000;padding:8px;\">Kandekohver<\/td>\n<td style=\"border:1px solid #000;padding:8px;\">Jah<\/td>\n<\/tr>\n<tr>\n<td style=\"border:1px solid #000;padding:8px;\">Kasutusjuhend<\/td>\n<td style=\"border:1px solid #000;padding:8px;\">Jah<\/td>\n<\/tr>\n<tr>\n<td style=\"border:1px solid #000;padding:8px;\">Garantiikaart<\/td>\n<td style=\"border:1px solid #000;padding:8px;\">Jah<\/td>\n<\/tr>\n<tr>\n<td style=\"border:1px solid #000;padding:8px;\">Kaasasolev kassett<\/td>\n<td style=\"border:1px solid #000;padding:8px;\">9 mm, must valgel (juhtmetele, 8 m)<\/td>\n<\/tr>\n<tr>\n<th colspan=\"2\" style=\"border:1px solid #000;background-color:#eeeeee;padding:8px;\">Ekraan ja klaviatuur<\/th>\n<\/tr>\n<tr>\n<td style=\"border:1px solid #000;padding:8px;\">Ekraan<\/td>\n<td style=\"border:1px solid #000;padding:8px;\">LCD-ekraan, 16 m\u00e4rki \u00d7 1 rida<\/td>\n<\/tr>\n<tr>\n<td style=\"border:1px solid #000;padding:8px;\">Ekraani suurus<\/td>\n<td style=\"border:1px solid #000;padding:8px;\">58 \u00d7 23 mm<\/td>\n<\/tr>\n<tr>\n<td style=\"border:1px solid #000;padding:8px;\">Klaviatuur<\/td>\n<td style=\"border:1px solid #000;padding:8px;\">QWERTY<\/td>\n<\/tr>\n<tr>\n<td style=\"border:1px solid #000;padding:8px;\">Liidese keeled<\/td>\n<td style=\"border:1px solid #000;padding:8px;\">Vene, inglise<\/td>\n<\/tr>\n<tr>\n<td style=\"border:1px solid #000;padding:8px;\">Korpuse v\u00e4rvus<\/td>\n<td style=\"border:1px solid #000;padding:8px;\">Oran\u017e mustaga<\/td>\n<\/tr>\n<tr>\n<th colspan=\"2\" style=\"border:1px solid #000;background-color:#eeeeee;padding:8px;\">Tr\u00fckkimine<\/th>\n<\/tr>\n<tr>\n<td style=\"border:1px solid #000;padding:8px;\">Fontide arv<\/td>\n<td style=\"border:1px solid #000;padding:8px;\">1<\/td>\n<\/tr>\n<tr>\n<td style=\"border:1px solid #000;padding:8px;\">Teksti joondamine<\/td>\n<td style=\"border:1px solid #000;padding:8px;\">Keskel, vasakul<\/td>\n<\/tr>\n<tr>\n<td style=\"border:1px solid #000;padding:8px;\">Teksti suurused<\/td>\n<td style=\"border:1px solid #000;padding:8px;\">3<\/td>\n<\/tr>\n<tr>\n<td style=\"border:1px solid #000;padding:8px;\">Teksti stiilid<\/td>\n<td style=\"border:1px solid #000;padding:8px;\">10<\/td>\n<\/tr>\n<tr>\n<td style=\"border:1px solid #000;padding:8px;\">Teksti laius<\/td>\n<td style=\"border:1px solid #000;padding:8px;\">Tavaline, 1\/2, 2x<\/td>\n<\/tr>\n<tr>\n<td style=\"border:1px solid #000;padding:8px;\">Allajoonimine<\/td>\n<td style=\"border:1px solid #000;padding:8px;\">Jah<\/td>\n<\/tr>\n<tr>\n<td style=\"border:1px solid #000;padding:8px;\">Vertikaalne tr\u00fckk<\/td>\n<td style=\"border:1px solid #000;padding:8px;\">Jah<\/td>\n<\/tr>\n<tr>\n<th colspan=\"2\" style=\"border:1px solid #000;background-color:#eeeeee;padding:8px;\">M\u00f5\u00f5tmed ja kaal<\/th>\n<\/tr>\n<tr>\n<td style=\"border:1px solid #000;padding:8px;\">M\u00f5\u00f5tmed (L\u00d7K\u00d7S)<\/td>\n<td style=\"border:1px solid #000;padding:8px;\">111 \u00d7 204 \u00d7 58 mm<\/td>\n<\/tr>\n<tr>\n<td style=\"border:1px solid #000;padding:8px;\">Kaal<\/td>\n<td style=\"border:1px solid #000;padding:8px;\">0.4 kg<\/td>\n<\/tr>\n<\/tbody>\n<\/table>\n","protected":false},"excerpt":{"rendered":"<p>M\u00e4rgistusprinter \u2014 Tehnilised andmed Lindi t\u00fc\u00fcp TZe Maksimaalne lindi laius 12 mm \u00dchilduvad lindi laiused 3.5, 6, 9, 12 mm Tr\u00fckitehnoloogia Termosiire L\u00f5ikamismeetod T\u00e4ielik Kasutusala T\u00f6\u00f6stuslik Toide ja komplektis olev Patarei 6\u00d7AAA (LR03\/HR03) Vahelduvvooluadapter Jah Kandekohver Jah Kasutusjuhend Jah Garantiikaart Jah Kaasasolev kassett 9 mm, must valgel (juhtmetele, 8 m) Ekraan ja klaviatuur Ekraan LCD-ekraan, [&#8230;]\n","protected":false},"featured_media":216628,"template":"","meta":{"inline_featured_image":false},"product_cat":[39148,39163,39165],"product_tag":[],"yoast_head":"<!-- This site is optimized with the Yoast SEO Premium plugin v23.0 (Yoast SEO v23.0) - https:\/\/yoast.com\/wordpress\/plugins\/seo\/ -->\n<title>Brother PT-E110VP PTE110VP etiketiprinterid, hea hinnaga, osta e-pood - Odav Print<\/title>\n<meta name=\"description\" content=\"Osta Brother PT-E110VP PTE110VP etiketiprinterid Odav Print \u260e +372 5911 9495 \u2714\ufe0f Parim hind Brother PT-E110VP PTE110VP etiketiprinterid jaoks \u26df Kiire kohaletoimetamine Eestis \u2b50 Garanteeritud\" \/>\n<meta name=\"robots\" content=\"index, follow, max-snippet:-1, max-image-preview:large, max-video-preview:-1\" \/>\n<link rel=\"canonical\" href=\"https:\/\/odavprint.ee\/en\/product\/brother-pt-e110vp-pte110vp-etiketiprinterid\/\" \/>\n<meta property=\"og:locale\" content=\"en_US\" \/>\n<meta property=\"og:type\" content=\"article\" \/>\n<meta property=\"og:title\" content=\"Brother PT-E110VP PTE110VP etiketiprinterid\" \/>\n<meta property=\"og:description\" content=\"Osta Brother PT-E110VP PTE110VP etiketiprinterid Odav Print \u260e +372 5911 9495 \u2714\ufe0f Parim hind Brother PT-E110VP PTE110VP etiketiprinterid jaoks \u26df Kiire kohaletoimetamine Eestis \u2b50 Garanteeritud\" \/>\n<meta property=\"og:url\" content=\"https:\/\/odavprint.ee\/en\/product\/brother-pt-e110vp-pte110vp-etiketiprinterid\/\" \/>\n<meta property=\"og:site_name\" content=\"Odav Print\" \/>\n<meta property=\"article:modified_time\" content=\"2026-03-02T16:17:23+00:00\" \/>\n<meta name=\"twitter:card\" content=\"summary_large_image\" \/>\n<meta name=\"twitter:label1\" content=\"Price\" \/>\n\t<meta name=\"twitter:data1\" content=\"&euro;65.96\" \/>\n\t<meta name=\"twitter:label2\" content=\"Availability\" \/>\n\t<meta name=\"twitter:data2\" content=\"In stock\" \/>\n<script type=\"application\/ld+json\" class=\"yoast-schema-graph\">{\"@context\":\"https:\/\/schema.org\",\"@graph\":[{\"@type\":[\"WebPage\",\"ItemPage\"],\"@id\":\"https:\/\/odavprint.ee\/en\/product\/brother-pt-e110vp-pte110vp-etiketiprinterid\/\",\"url\":\"https:\/\/odavprint.ee\/en\/product\/brother-pt-e110vp-pte110vp-etiketiprinterid\/\",\"name\":\"Brother PT-E110VP PTE110VP etiketiprinterid, hea hinnaga, osta e-pood - Odav Print\",\"isPartOf\":{\"@id\":\"https:\/\/odavprint.ee\/en\/#website\"},\"primaryImageOfPage\":{\"@id\":\"https:\/\/odavprint.ee\/en\/product\/brother-pt-e110vp-pte110vp-etiketiprinterid\/#primaryimage\"},\"image\":{\"@id\":\"https:\/\/odavprint.ee\/en\/product\/brother-pt-e110vp-pte110vp-etiketiprinterid\/#primaryimage\"},\"thumbnailUrl\":\"https:\/\/odavprint.ee\/wp-content\/uploads\/2026\/02\/brother-pt-e110vp-pte110vp-label-printer.jpg\",\"datePublished\":\"2026-02-19T18:40:04+00:00\",\"dateModified\":\"2026-03-02T16:17:23+00:00\",\"description\":\"Osta Brother PT-E110VP PTE110VP etiketiprinterid Odav Print \u260e +372 5911 9495 \u2714\ufe0f Parim hind Brother PT-E110VP PTE110VP etiketiprinterid jaoks \u26df Kiire kohaletoimetamine Eestis \u2b50 Garanteeritud\",\"breadcrumb\":{\"@id\":\"https:\/\/odavprint.ee\/en\/product\/brother-pt-e110vp-pte110vp-etiketiprinterid\/#breadcrumb\"},\"inLanguage\":\"en-US\",\"potentialAction\":[{\"@type\":\"ReadAction\",\"target\":[\"https:\/\/odavprint.ee\/en\/product\/brother-pt-e110vp-pte110vp-etiketiprinterid\/\"]}]},{\"@type\":\"ImageObject\",\"inLanguage\":\"en-US\",\"@id\":\"https:\/\/odavprint.ee\/en\/product\/brother-pt-e110vp-pte110vp-etiketiprinterid\/#primaryimage\",\"url\":\"https:\/\/odavprint.ee\/wp-content\/uploads\/2026\/02\/brother-pt-e110vp-pte110vp-label-printer.jpg\",\"contentUrl\":\"https:\/\/odavprint.ee\/wp-content\/uploads\/2026\/02\/brother-pt-e110vp-pte110vp-label-printer.jpg\",\"width\":600,\"height\":600},{\"@type\":\"BreadcrumbList\",\"@id\":\"https:\/\/odavprint.ee\/en\/product\/brother-pt-e110vp-pte110vp-etiketiprinterid\/#breadcrumb\",\"itemListElement\":[{\"@type\":\"ListItem\",\"position\":1,\"name\":\"Home\",\"item\":\"https:\/\/odavprint.ee\/en\/\"},{\"@type\":\"ListItem\",\"position\":2,\"name\":\"Shop\",\"item\":\"https:\/\/odavprint.ee\/en\/shop\/\"},{\"@type\":\"ListItem\",\"position\":3,\"name\":\"Brother PT-E110VP PTE110VP etiketiprinterid\"}]},{\"@type\":\"WebSite\",\"@id\":\"https:\/\/odavprint.ee\/en\/#website\",\"url\":\"https:\/\/odavprint.ee\/en\/\",\"name\":\"Odav Print\",\"description\":\"Just another WordPress site\",\"publisher\":{\"@id\":\"https:\/\/odavprint.ee\/en\/#organization\"},\"alternateName\":\"Kassettide, toonerite t\u00e4itmine ja m\u00fc\u00fck.\",\"potentialAction\":[{\"@type\":\"SearchAction\",\"target\":{\"@type\":\"EntryPoint\",\"urlTemplate\":\"https:\/\/odavprint.ee\/en\/?s={search_term_string}\"},\"query-input\":\"required name=search_term_string\"}],\"inLanguage\":\"en-US\"},{\"@type\":[\"Organization\",\"Place\"],\"@id\":\"https:\/\/odavprint.ee\/en\/#organization\",\"name\":\"Odav Print O\u00dc\",\"url\":\"https:\/\/odavprint.ee\/en\/\",\"logo\":{\"@id\":\"https:\/\/odavprint.ee\/en\/product\/brother-pt-e110vp-pte110vp-etiketiprinterid\/#local-main-organization-logo\"},\"image\":{\"@id\":\"https:\/\/odavprint.ee\/en\/product\/brother-pt-e110vp-pte110vp-etiketiprinterid\/#local-main-organization-logo\"},\"address\":{\"@id\":\"https:\/\/odavprint.ee\/en\/product\/brother-pt-e110vp-pte110vp-etiketiprinterid\/#local-main-place-address\"},\"geo\":{\"@type\":\"GeoCoordinates\",\"latitude\":\"59.4306504\",\"longitude\":\"24.8095743\"},\"telephone\":[\"53836926\"],\"openingHoursSpecification\":[{\"@type\":\"OpeningHoursSpecification\",\"dayOfWeek\":[\"Monday\",\"Tuesday\",\"Wednesday\",\"Thursday\",\"Friday\",\"Saturday\",\"Sunday\"],\"opens\":\"09:00\",\"closes\":\"17:00\"}],\"email\":\"info@odavprint.eu\"},{\"@type\":\"PostalAddress\",\"@id\":\"https:\/\/odavprint.ee\/en\/product\/brother-pt-e110vp-pte110vp-etiketiprinterid\/#local-main-place-address\",\"streetAddress\":\"Pae tn 28\",\"addressLocality\":\"Tallinn\",\"postalCode\":\"11415\",\"addressRegion\":\"Harjumaa\",\"addressCountry\":\"EE\"},{\"@type\":\"ImageObject\",\"inLanguage\":\"en-US\",\"@id\":\"https:\/\/odavprint.ee\/en\/product\/brother-pt-e110vp-pte110vp-etiketiprinterid\/#local-main-organization-logo\",\"url\":\"https:\/\/odavprint.ee\/wp-content\/uploads\/2018\/10\/odavprint-logo-240.jpg\",\"contentUrl\":\"https:\/\/odavprint.ee\/wp-content\/uploads\/2018\/10\/odavprint-logo-240.jpg\",\"width\":240,\"height\":36,\"caption\":\"Odav Print O\u00dc\"}]}<\/script>\n<meta property=\"product:price:amount\" content=\"65.96\" \/>\n<meta property=\"product:price:currency\" content=\"EUR\" \/>\n<meta property=\"og:availability\" content=\"instock\" \/>\n<meta property=\"product:availability\" content=\"instock\" \/>\n<meta property=\"product:condition\" content=\"new\" \/>\n<meta name=\"geo.placename\" content=\"Tallinn\" \/>\n<meta name=\"geo.position\" content=\"59.4306504;24.8095743\" \/>\n<meta name=\"geo.region\" content=\"Estonia\" \/>\n<!-- \/ Yoast SEO Premium plugin. -->","yoast_head_json":{"title":"Brother PT-E110VP PTE110VP etiketiprinterid, hea hinnaga, osta e-pood - Odav Print","description":"Osta Brother PT-E110VP PTE110VP etiketiprinterid Odav Print \u260e +372 5911 9495 \u2714\ufe0f Parim hind Brother PT-E110VP PTE110VP etiketiprinterid jaoks \u26df Kiire kohaletoimetamine Eestis \u2b50 Garanteeritud","robots":{"index":"index","follow":"follow","max-snippet":"max-snippet:-1","max-image-preview":"max-image-preview:large","max-video-preview":"max-video-preview:-1"},"canonical":"https:\/\/odavprint.ee\/en\/product\/brother-pt-e110vp-pte110vp-etiketiprinterid\/","og_locale":"en_US","og_type":"article","og_title":"Brother PT-E110VP PTE110VP etiketiprinterid","og_description":"Osta Brother PT-E110VP PTE110VP etiketiprinterid Odav Print \u260e +372 5911 9495 \u2714\ufe0f Parim hind Brother PT-E110VP PTE110VP etiketiprinterid jaoks \u26df Kiire kohaletoimetamine Eestis \u2b50 Garanteeritud","og_url":"https:\/\/odavprint.ee\/en\/product\/brother-pt-e110vp-pte110vp-etiketiprinterid\/","og_site_name":"Odav Print","article_modified_time":"2026-03-02T16:17:23+00:00","twitter_card":"summary_large_image","twitter_misc":{"Price":"&euro;65.96","Availability":"In stock"},"schema":{"@context":"https:\/\/schema.org","@graph":[{"@type":["WebPage","ItemPage"],"@id":"https:\/\/odavprint.ee\/en\/product\/brother-pt-e110vp-pte110vp-etiketiprinterid\/","url":"https:\/\/odavprint.ee\/en\/product\/brother-pt-e110vp-pte110vp-etiketiprinterid\/","name":"Brother PT-E110VP PTE110VP etiketiprinterid, hea hinnaga, osta e-pood - Odav Print","isPartOf":{"@id":"https:\/\/odavprint.ee\/en\/#website"},"primaryImageOfPage":{"@id":"https:\/\/odavprint.ee\/en\/product\/brother-pt-e110vp-pte110vp-etiketiprinterid\/#primaryimage"},"image":{"@id":"https:\/\/odavprint.ee\/en\/product\/brother-pt-e110vp-pte110vp-etiketiprinterid\/#primaryimage"},"thumbnailUrl":"https:\/\/odavprint.ee\/wp-content\/uploads\/2026\/02\/brother-pt-e110vp-pte110vp-label-printer.jpg","datePublished":"2026-02-19T18:40:04+00:00","dateModified":"2026-03-02T16:17:23+00:00","description":"Osta Brother PT-E110VP PTE110VP etiketiprinterid Odav Print \u260e +372 5911 9495 \u2714\ufe0f Parim hind Brother PT-E110VP PTE110VP etiketiprinterid jaoks \u26df Kiire kohaletoimetamine Eestis \u2b50 Garanteeritud","breadcrumb":{"@id":"https:\/\/odavprint.ee\/en\/product\/brother-pt-e110vp-pte110vp-etiketiprinterid\/#breadcrumb"},"inLanguage":"en-US","potentialAction":[{"@type":"ReadAction","target":["https:\/\/odavprint.ee\/en\/product\/brother-pt-e110vp-pte110vp-etiketiprinterid\/"]}]},{"@type":"ImageObject","inLanguage":"en-US","@id":"https:\/\/odavprint.ee\/en\/product\/brother-pt-e110vp-pte110vp-etiketiprinterid\/#primaryimage","url":"https:\/\/odavprint.ee\/wp-content\/uploads\/2026\/02\/brother-pt-e110vp-pte110vp-label-printer.jpg","contentUrl":"https:\/\/odavprint.ee\/wp-content\/uploads\/2026\/02\/brother-pt-e110vp-pte110vp-label-printer.jpg","width":600,"height":600},{"@type":"BreadcrumbList","@id":"https:\/\/odavprint.ee\/en\/product\/brother-pt-e110vp-pte110vp-etiketiprinterid\/#breadcrumb","itemListElement":[{"@type":"ListItem","position":1,"name":"Home","item":"https:\/\/odavprint.ee\/en\/"},{"@type":"ListItem","position":2,"name":"Shop","item":"https:\/\/odavprint.ee\/en\/shop\/"},{"@type":"ListItem","position":3,"name":"Brother PT-E110VP PTE110VP etiketiprinterid"}]},{"@type":"WebSite","@id":"https:\/\/odavprint.ee\/en\/#website","url":"https:\/\/odavprint.ee\/en\/","name":"Odav Print","description":"Just another WordPress site","publisher":{"@id":"https:\/\/odavprint.ee\/en\/#organization"},"alternateName":"Kassettide, toonerite t\u00e4itmine ja m\u00fc\u00fck.","potentialAction":[{"@type":"SearchAction","target":{"@type":"EntryPoint","urlTemplate":"https:\/\/odavprint.ee\/en\/?s={search_term_string}"},"query-input":"required name=search_term_string"}],"inLanguage":"en-US"},{"@type":["Organization","Place"],"@id":"https:\/\/odavprint.ee\/en\/#organization","name":"Odav Print O\u00dc","url":"https:\/\/odavprint.ee\/en\/","logo":{"@id":"https:\/\/odavprint.ee\/en\/product\/brother-pt-e110vp-pte110vp-etiketiprinterid\/#local-main-organization-logo"},"image":{"@id":"https:\/\/odavprint.ee\/en\/product\/brother-pt-e110vp-pte110vp-etiketiprinterid\/#local-main-organization-logo"},"address":{"@id":"https:\/\/odavprint.ee\/en\/product\/brother-pt-e110vp-pte110vp-etiketiprinterid\/#local-main-place-address"},"geo":{"@type":"GeoCoordinates","latitude":"59.4306504","longitude":"24.8095743"},"telephone":["53836926"],"openingHoursSpecification":[{"@type":"OpeningHoursSpecification","dayOfWeek":["Monday","Tuesday","Wednesday","Thursday","Friday","Saturday","Sunday"],"opens":"09:00","closes":"17:00"}],"email":"info@odavprint.eu"},{"@type":"PostalAddress","@id":"https:\/\/odavprint.ee\/en\/product\/brother-pt-e110vp-pte110vp-etiketiprinterid\/#local-main-place-address","streetAddress":"Pae tn 28","addressLocality":"Tallinn","postalCode":"11415","addressRegion":"Harjumaa","addressCountry":"EE"},{"@type":"ImageObject","inLanguage":"en-US","@id":"https:\/\/odavprint.ee\/en\/product\/brother-pt-e110vp-pte110vp-etiketiprinterid\/#local-main-organization-logo","url":"https:\/\/odavprint.ee\/wp-content\/uploads\/2018\/10\/odavprint-logo-240.jpg","contentUrl":"https:\/\/odavprint.ee\/wp-content\/uploads\/2018\/10\/odavprint-logo-240.jpg","width":240,"height":36,"caption":"Odav Print O\u00dc"}]},"product_price_amount":"65.96","product_price_currency":"EUR","og_availability":"instock","product_availability":"instock","product_condition":"new","geo.placename":"Tallinn","geo.position":{"lat":"59.4306504","long":"24.8095743"},"geo.region":"Estonia"},"_links":{"self":[{"href":"https:\/\/odavprint.ee\/en\/wp-json\/wp\/v2\/product\/216627"}],"collection":[{"href":"https:\/\/odavprint.ee\/en\/wp-json\/wp\/v2\/product"}],"about":[{"href":"https:\/\/odavprint.ee\/en\/wp-json\/wp\/v2\/types\/product"}],"wp:featuredmedia":[{"embeddable":true,"href":"https:\/\/odavprint.ee\/en\/wp-json\/wp\/v2\/media\/216628"}],"wp:attachment":[{"href":"https:\/\/odavprint.ee\/en\/wp-json\/wp\/v2\/media?parent=216627"}],"wp:term":[{"taxonomy":"product_cat","embeddable":true,"href":"https:\/\/odavprint.ee\/en\/wp-json\/wp\/v2\/product_cat?post=216627"},{"taxonomy":"product_tag","embeddable":true,"href":"https:\/\/odavprint.ee\/en\/wp-json\/wp\/v2\/product_tag?post=216627"}],"curies":[{"name":"wp","href":"https:\/\/api.w.org\/{rel}","templated":true}]}}