{"id":216635,"date":"2026-02-19T20:40:11","date_gmt":"2026-02-19T18:40:11","guid":{"rendered":"https:\/\/odavprint.ee\/?post_type=product&#038;p=216635"},"modified":"2026-04-07T04:09:02","modified_gmt":"2026-04-07T01:09:02","slug":"brother-pt-h110-pth110-etiketiprinter","status":"publish","type":"product","link":"https:\/\/odavprint.ee\/en\/product\/brother-pt-h110-pth110-etiketiprinter\/","title":{"rendered":"Brother PT-H110 PTH110 etiketiprinter"},"content":{"rendered":"<table border=\"1\" cellpadding=\"8\" cellspacing=\"0\" width=\"100%\" style=\"border-collapse:collapse;font-family:Arial, sans-serif;font-size:14px;\">\n<thead>\n<tr>\n<th colspan=\"2\" style=\"background-color:#f2f2f2;text-align:left;font-size:16px;\">Peamised omadused<\/th>\n<\/tr>\n<\/thead>\n<tbody>\n<tr>\n<td>Ekraani taustvalgus<\/td>\n<td>Ei<\/td>\n<\/tr>\n<tr>\n<td>V\u00f6\u00f6tkoodi skaneerimine (arvuti kaudu)<\/td>\n<td>Ei<\/td>\n<\/tr>\n<tr>\n<td>V\u00f6\u00f6tkoodi skaneerimine (autonoomne)<\/td>\n<td>Ei<\/td>\n<\/tr>\n<tr>\n<td>Kandek\u00e4epide<\/td>\n<td>Ei<\/td>\n<\/tr>\n<tr>\n<td>\u00dchilduvad lindit\u00fc\u00fcbid<\/td>\n<td>TZe<\/td>\n<\/tr>\n<tr>\n<td>\u00dchilduv lindi laius<\/td>\n<td>12 mm, 9 mm, 6 mm, 3.5 mm<\/td>\n<\/tr>\n<tr>\n<td>L\u00f5ikuri t\u00fc\u00fcp<\/td>\n<td>K\u00e4sitsi<\/td>\n<\/tr>\n<tr>\n<td>Korpuse v\u00e4rv<\/td>\n<td>Valge ja hall<\/td>\n<\/tr>\n<tr>\n<td>Klaviatuuripaigutus<\/td>\n<td>QWERTY<\/td>\n<\/tr>\n<tr>\n<td>Ekraan<\/td>\n<td>15 t\u00e4hem\u00e4rki \u00d7 1 rida<\/td>\n<\/tr>\n<tr>\n<td>Maksimaalne printimispikkus<\/td>\n<td>39 tolli<\/td>\n<\/tr>\n<tr>\n<td>Maksimaalne printimiseraldusv\u00f5ime<\/td>\n<td>180 dpi<\/td>\n<\/tr>\n<tr>\n<td>Maksimaalne printimiskiirus<\/td>\n<td>20 mm\/sek<\/td>\n<\/tr>\n<tr>\n<td>Seadme t\u00fc\u00fcp<\/td>\n<td>K\u00e4si-<\/td>\n<\/tr>\n<tr>\n<td>Toide<\/td>\n<td>6 AAA patareid (ei kuulu komplekti), toiteadapter (ei kuulu komplekti)<\/td>\n<\/tr>\n<tr>\n<td>Eelvaate nupp<\/td>\n<td>Jah<\/td>\n<\/tr>\n<tr>\n<td>Operatiivm\u00e4lu<\/td>\n<td>15 MB<\/td>\n<\/tr>\n<tr>\n<td>Lindi pikkus<\/td>\n<td>26.2 jalga<\/td>\n<\/tr>\n<tr>\n<td>Lindi materjal<\/td>\n<td>Lamineeritud<\/td>\n<\/tr>\n<tr>\n<td>Printimistehnoloogia<\/td>\n<td>Termo\u00fclekanne<\/td>\n<\/tr>\n<tr>\n<td>\u00dchilduvus lindit\u00fc\u00fcpide kaupa<\/td>\n<td>Lamineeritud, standardne lamineeritud, painduv identifitseerimine, tugevdatud liimiga, riide jaoks, happevaba<\/td>\n<\/tr>\n<tr>\n<td>Toetatud lindit\u00fc\u00fcbid<\/td>\n<td>Lamineeritud, standardne lamineeritud, painduv identifitseerimine, tugevdatud liimiga, riide jaoks, happevaba, avamise eest kaitstud<\/td>\n<\/tr>\n<tr>\n<th colspan=\"2\" style=\"background-color:#f2f2f2;text-align:left;font-size:16px;\">Tarkvara funktsioonid<\/th>\n<\/tr>\n<tr>\n<td>Mallid<\/td>\n<td>10 teksti etikettide malli, 5 mustriga malli<\/td>\n<\/tr>\n<tr>\n<td>S\u00fcmbolid<\/td>\n<td>255<\/td>\n<\/tr>\n<tr>\n<td>Fondi suurused<\/td>\n<td>V\u00e4ike, keskmine, suur<\/td>\n<\/tr>\n<tr>\n<td>Fondi stiilid<\/td>\n<td>Tavaline, Vertikaalne Paks, Paks, Kontuur, Vari, Kursiiv, Kursiiv Paks, Kursiiv Kontuur, Kursiiv Varjuga, Vertikaalne<\/td>\n<\/tr>\n<tr>\n<td>Fondid<\/td>\n<td>Helsinki, Brussels, Florida<\/td>\n<\/tr>\n<tr>\n<td>Etiketi pikkuse seadistus<\/td>\n<td>Jah<\/td>\n<\/tr>\n<tr>\n<td>Lisafunktsioonid<\/td>\n<td>Automaatne nummerdamine, teksti sisestamine, automaatne v\u00e4ljal\u00fclitus, vertikaaltr\u00fckk, peegeltr\u00fckk<\/td>\n<\/tr>\n<tr>\n<td>Maksimaalne koopiate arv<\/td>\n<td>9<\/td>\n<\/tr>\n<tr>\n<td>Maksimaalne printimisk\u00f5rgus<\/td>\n<td>9 mm<\/td>\n<\/tr>\n<tr>\n<td>Maksimaalne ridade arv<\/td>\n<td>2<\/td>\n<\/tr>\n<tr>\n<td>Mitmekeelsus<\/td>\n<td>Jah<\/td>\n<\/tr>\n<tr>\n<td>Fondi stiilide arv<\/td>\n<td>10<\/td>\n<\/tr>\n<tr>\n<td>Salvestatavate etikettide arv<\/td>\n<td>15<\/td>\n<\/tr>\n<tr>\n<td>Raami t\u00fc\u00fcpide arv<\/td>\n<td>15<\/td>\n<\/tr>\n<tr>\n<th colspan=\"2\" style=\"background-color:#f2f2f2;text-align:left;font-size:16px;\">Komplektatsioon<\/th>\n<\/tr>\n<tr>\n<td>Pakendi sisu<\/td>\n<td>PT-H110 m\u00e4rgistaja, \u00fcks 12 mm \u00d7 4 m lint (must valgel), kasutusjuhend<\/td>\n<\/tr>\n<tr>\n<td>Komplektis olevad kulumaterjalid<\/td>\n<td>Lint 12 mm \u00d7 4 m (must valgel)<\/td>\n<\/tr>\n<tr>\n<td>USB-kaabel<\/td>\n<td>Ei<\/td>\n<\/tr>\n<tr>\n<td>Garantii<\/td>\n<td>1 aasta (piiratud)<\/td>\n<\/tr>\n<\/tbody>\n<\/table>\n","protected":false},"excerpt":{"rendered":"<p>Peamised omadused Ekraani taustvalgus Ei V\u00f6\u00f6tkoodi skaneerimine (arvuti kaudu) Ei V\u00f6\u00f6tkoodi skaneerimine (autonoomne) Ei Kandek\u00e4epide Ei \u00dchilduvad lindit\u00fc\u00fcbid TZe \u00dchilduv lindi laius 12 mm, 9 mm, 6 mm, 3.5 mm L\u00f5ikuri t\u00fc\u00fcp K\u00e4sitsi Korpuse v\u00e4rv Valge ja hall Klaviatuuripaigutus QWERTY Ekraan 15 t\u00e4hem\u00e4rki \u00d7 1 rida Maksimaalne printimispikkus 39 tolli Maksimaalne printimiseraldusv\u00f5ime 180 dpi Maksimaalne [&#8230;]\n","protected":false},"featured_media":216636,"template":"","meta":{"inline_featured_image":false},"product_cat":[39148,39163,39165],"product_tag":[],"yoast_head":"<!-- This site is optimized with the Yoast SEO Premium plugin v23.0 (Yoast SEO v23.0) - https:\/\/yoast.com\/wordpress\/plugins\/seo\/ -->\n<title>Brother PT-H110 PTH110 etiketiprinter, hea hinnaga, osta e-pood - Odav Print<\/title>\n<meta name=\"description\" content=\"Osta Brother PT-H110 PTH110 etiketiprinter Odav Print \u260e +372 5911 9495 \u2714\ufe0f Parim hind Brother PT-H110 PTH110 etiketiprinter jaoks \u26df Kiire kohaletoimetamine Eestis \u2b50 Garanteeritud\" \/>\n<meta name=\"robots\" content=\"index, follow, max-snippet:-1, max-image-preview:large, max-video-preview:-1\" \/>\n<link rel=\"canonical\" href=\"https:\/\/odavprint.ee\/en\/product\/brother-pt-h110-pth110-etiketiprinter\/\" \/>\n<meta property=\"og:locale\" content=\"en_US\" \/>\n<meta property=\"og:type\" content=\"article\" \/>\n<meta property=\"og:title\" content=\"Brother PT-H110 PTH110 etiketiprinter\" \/>\n<meta property=\"og:description\" content=\"Osta Brother PT-H110 PTH110 etiketiprinter Odav Print \u260e +372 5911 9495 \u2714\ufe0f Parim hind Brother PT-H110 PTH110 etiketiprinter jaoks \u26df Kiire kohaletoimetamine Eestis \u2b50 Garanteeritud\" \/>\n<meta property=\"og:url\" content=\"https:\/\/odavprint.ee\/en\/product\/brother-pt-h110-pth110-etiketiprinter\/\" \/>\n<meta property=\"og:site_name\" content=\"Odav Print\" \/>\n<meta property=\"article:modified_time\" content=\"2026-04-07T01:09:02+00:00\" \/>\n<meta name=\"twitter:card\" content=\"summary_large_image\" \/>\n<meta name=\"twitter:label1\" content=\"Price\" \/>\n\t<meta name=\"twitter:data1\" content=\"&euro;40.15\" \/>\n\t<meta name=\"twitter:label2\" content=\"Availability\" \/>\n\t<meta name=\"twitter:data2\" content=\"In stock\" \/>\n<script type=\"application\/ld+json\" class=\"yoast-schema-graph\">{\"@context\":\"https:\/\/schema.org\",\"@graph\":[{\"@type\":[\"WebPage\",\"ItemPage\"],\"@id\":\"https:\/\/odavprint.ee\/en\/product\/brother-pt-h110-pth110-etiketiprinter\/\",\"url\":\"https:\/\/odavprint.ee\/en\/product\/brother-pt-h110-pth110-etiketiprinter\/\",\"name\":\"Brother PT-H110 PTH110 etiketiprinter, hea hinnaga, osta e-pood - Odav Print\",\"isPartOf\":{\"@id\":\"https:\/\/odavprint.ee\/en\/#website\"},\"primaryImageOfPage\":{\"@id\":\"https:\/\/odavprint.ee\/en\/product\/brother-pt-h110-pth110-etiketiprinter\/#primaryimage\"},\"image\":{\"@id\":\"https:\/\/odavprint.ee\/en\/product\/brother-pt-h110-pth110-etiketiprinter\/#primaryimage\"},\"thumbnailUrl\":\"https:\/\/odavprint.ee\/wp-content\/uploads\/2026\/02\/brother-pt-h110-pth110-label-printer.jpg\",\"datePublished\":\"2026-02-19T18:40:11+00:00\",\"dateModified\":\"2026-04-07T01:09:02+00:00\",\"description\":\"Osta Brother PT-H110 PTH110 etiketiprinter Odav Print \u260e +372 5911 9495 \u2714\ufe0f Parim hind Brother PT-H110 PTH110 etiketiprinter jaoks \u26df Kiire kohaletoimetamine Eestis \u2b50 Garanteeritud\",\"breadcrumb\":{\"@id\":\"https:\/\/odavprint.ee\/en\/product\/brother-pt-h110-pth110-etiketiprinter\/#breadcrumb\"},\"inLanguage\":\"en-US\",\"potentialAction\":[{\"@type\":\"ReadAction\",\"target\":[\"https:\/\/odavprint.ee\/en\/product\/brother-pt-h110-pth110-etiketiprinter\/\"]}]},{\"@type\":\"ImageObject\",\"inLanguage\":\"en-US\",\"@id\":\"https:\/\/odavprint.ee\/en\/product\/brother-pt-h110-pth110-etiketiprinter\/#primaryimage\",\"url\":\"https:\/\/odavprint.ee\/wp-content\/uploads\/2026\/02\/brother-pt-h110-pth110-label-printer.jpg\",\"contentUrl\":\"https:\/\/odavprint.ee\/wp-content\/uploads\/2026\/02\/brother-pt-h110-pth110-label-printer.jpg\",\"width\":600,\"height\":600},{\"@type\":\"BreadcrumbList\",\"@id\":\"https:\/\/odavprint.ee\/en\/product\/brother-pt-h110-pth110-etiketiprinter\/#breadcrumb\",\"itemListElement\":[{\"@type\":\"ListItem\",\"position\":1,\"name\":\"Home\",\"item\":\"https:\/\/odavprint.ee\/en\/\"},{\"@type\":\"ListItem\",\"position\":2,\"name\":\"Shop\",\"item\":\"https:\/\/odavprint.ee\/en\/shop\/\"},{\"@type\":\"ListItem\",\"position\":3,\"name\":\"Brother PT-H110 PTH110 etiketiprinter\"}]},{\"@type\":\"WebSite\",\"@id\":\"https:\/\/odavprint.ee\/en\/#website\",\"url\":\"https:\/\/odavprint.ee\/en\/\",\"name\":\"Odav Print\",\"description\":\"Just another WordPress site\",\"publisher\":{\"@id\":\"https:\/\/odavprint.ee\/en\/#organization\"},\"alternateName\":\"Kassettide, toonerite t\u00e4itmine ja m\u00fc\u00fck.\",\"potentialAction\":[{\"@type\":\"SearchAction\",\"target\":{\"@type\":\"EntryPoint\",\"urlTemplate\":\"https:\/\/odavprint.ee\/en\/?s={search_term_string}\"},\"query-input\":\"required name=search_term_string\"}],\"inLanguage\":\"en-US\"},{\"@type\":[\"Organization\",\"Place\"],\"@id\":\"https:\/\/odavprint.ee\/en\/#organization\",\"name\":\"Odav Print O\u00dc\",\"url\":\"https:\/\/odavprint.ee\/en\/\",\"logo\":{\"@id\":\"https:\/\/odavprint.ee\/en\/product\/brother-pt-h110-pth110-etiketiprinter\/#local-main-organization-logo\"},\"image\":{\"@id\":\"https:\/\/odavprint.ee\/en\/product\/brother-pt-h110-pth110-etiketiprinter\/#local-main-organization-logo\"},\"address\":{\"@id\":\"https:\/\/odavprint.ee\/en\/product\/brother-pt-h110-pth110-etiketiprinter\/#local-main-place-address\"},\"geo\":{\"@type\":\"GeoCoordinates\",\"latitude\":\"59.4306504\",\"longitude\":\"24.8095743\"},\"telephone\":[\"53836926\"],\"openingHoursSpecification\":[{\"@type\":\"OpeningHoursSpecification\",\"dayOfWeek\":[\"Monday\",\"Tuesday\",\"Wednesday\",\"Thursday\",\"Friday\",\"Saturday\",\"Sunday\"],\"opens\":\"09:00\",\"closes\":\"17:00\"}],\"email\":\"info@odavprint.eu\"},{\"@type\":\"PostalAddress\",\"@id\":\"https:\/\/odavprint.ee\/en\/product\/brother-pt-h110-pth110-etiketiprinter\/#local-main-place-address\",\"streetAddress\":\"Pae tn 28\",\"addressLocality\":\"Tallinn\",\"postalCode\":\"11415\",\"addressRegion\":\"Harjumaa\",\"addressCountry\":\"EE\"},{\"@type\":\"ImageObject\",\"inLanguage\":\"en-US\",\"@id\":\"https:\/\/odavprint.ee\/en\/product\/brother-pt-h110-pth110-etiketiprinter\/#local-main-organization-logo\",\"url\":\"https:\/\/odavprint.ee\/wp-content\/uploads\/2018\/10\/odavprint-logo-240.jpg\",\"contentUrl\":\"https:\/\/odavprint.ee\/wp-content\/uploads\/2018\/10\/odavprint-logo-240.jpg\",\"width\":240,\"height\":36,\"caption\":\"Odav Print O\u00dc\"}]}<\/script>\n<meta property=\"product:price:amount\" content=\"40.15\" \/>\n<meta property=\"product:price:currency\" content=\"EUR\" \/>\n<meta property=\"og:availability\" content=\"instock\" \/>\n<meta property=\"product:availability\" content=\"instock\" \/>\n<meta property=\"product:condition\" content=\"new\" \/>\n<meta name=\"geo.placename\" content=\"Tallinn\" \/>\n<meta name=\"geo.position\" content=\"59.4306504;24.8095743\" \/>\n<meta name=\"geo.region\" content=\"Estonia\" \/>\n<!-- \/ Yoast SEO Premium plugin. -->","yoast_head_json":{"title":"Brother PT-H110 PTH110 etiketiprinter, hea hinnaga, osta e-pood - Odav Print","description":"Osta Brother PT-H110 PTH110 etiketiprinter Odav Print \u260e +372 5911 9495 \u2714\ufe0f Parim hind Brother PT-H110 PTH110 etiketiprinter jaoks \u26df Kiire kohaletoimetamine Eestis \u2b50 Garanteeritud","robots":{"index":"index","follow":"follow","max-snippet":"max-snippet:-1","max-image-preview":"max-image-preview:large","max-video-preview":"max-video-preview:-1"},"canonical":"https:\/\/odavprint.ee\/en\/product\/brother-pt-h110-pth110-etiketiprinter\/","og_locale":"en_US","og_type":"article","og_title":"Brother PT-H110 PTH110 etiketiprinter","og_description":"Osta Brother PT-H110 PTH110 etiketiprinter Odav Print \u260e +372 5911 9495 \u2714\ufe0f Parim hind Brother PT-H110 PTH110 etiketiprinter jaoks \u26df Kiire kohaletoimetamine Eestis \u2b50 Garanteeritud","og_url":"https:\/\/odavprint.ee\/en\/product\/brother-pt-h110-pth110-etiketiprinter\/","og_site_name":"Odav Print","article_modified_time":"2026-04-07T01:09:02+00:00","twitter_card":"summary_large_image","twitter_misc":{"Price":"&euro;40.15","Availability":"In stock"},"schema":{"@context":"https:\/\/schema.org","@graph":[{"@type":["WebPage","ItemPage"],"@id":"https:\/\/odavprint.ee\/en\/product\/brother-pt-h110-pth110-etiketiprinter\/","url":"https:\/\/odavprint.ee\/en\/product\/brother-pt-h110-pth110-etiketiprinter\/","name":"Brother PT-H110 PTH110 etiketiprinter, hea hinnaga, osta e-pood - Odav Print","isPartOf":{"@id":"https:\/\/odavprint.ee\/en\/#website"},"primaryImageOfPage":{"@id":"https:\/\/odavprint.ee\/en\/product\/brother-pt-h110-pth110-etiketiprinter\/#primaryimage"},"image":{"@id":"https:\/\/odavprint.ee\/en\/product\/brother-pt-h110-pth110-etiketiprinter\/#primaryimage"},"thumbnailUrl":"https:\/\/odavprint.ee\/wp-content\/uploads\/2026\/02\/brother-pt-h110-pth110-label-printer.jpg","datePublished":"2026-02-19T18:40:11+00:00","dateModified":"2026-04-07T01:09:02+00:00","description":"Osta Brother PT-H110 PTH110 etiketiprinter Odav Print \u260e +372 5911 9495 \u2714\ufe0f Parim hind Brother PT-H110 PTH110 etiketiprinter jaoks \u26df Kiire kohaletoimetamine Eestis \u2b50 Garanteeritud","breadcrumb":{"@id":"https:\/\/odavprint.ee\/en\/product\/brother-pt-h110-pth110-etiketiprinter\/#breadcrumb"},"inLanguage":"en-US","potentialAction":[{"@type":"ReadAction","target":["https:\/\/odavprint.ee\/en\/product\/brother-pt-h110-pth110-etiketiprinter\/"]}]},{"@type":"ImageObject","inLanguage":"en-US","@id":"https:\/\/odavprint.ee\/en\/product\/brother-pt-h110-pth110-etiketiprinter\/#primaryimage","url":"https:\/\/odavprint.ee\/wp-content\/uploads\/2026\/02\/brother-pt-h110-pth110-label-printer.jpg","contentUrl":"https:\/\/odavprint.ee\/wp-content\/uploads\/2026\/02\/brother-pt-h110-pth110-label-printer.jpg","width":600,"height":600},{"@type":"BreadcrumbList","@id":"https:\/\/odavprint.ee\/en\/product\/brother-pt-h110-pth110-etiketiprinter\/#breadcrumb","itemListElement":[{"@type":"ListItem","position":1,"name":"Home","item":"https:\/\/odavprint.ee\/en\/"},{"@type":"ListItem","position":2,"name":"Shop","item":"https:\/\/odavprint.ee\/en\/shop\/"},{"@type":"ListItem","position":3,"name":"Brother PT-H110 PTH110 etiketiprinter"}]},{"@type":"WebSite","@id":"https:\/\/odavprint.ee\/en\/#website","url":"https:\/\/odavprint.ee\/en\/","name":"Odav Print","description":"Just another WordPress site","publisher":{"@id":"https:\/\/odavprint.ee\/en\/#organization"},"alternateName":"Kassettide, toonerite t\u00e4itmine ja m\u00fc\u00fck.","potentialAction":[{"@type":"SearchAction","target":{"@type":"EntryPoint","urlTemplate":"https:\/\/odavprint.ee\/en\/?s={search_term_string}"},"query-input":"required name=search_term_string"}],"inLanguage":"en-US"},{"@type":["Organization","Place"],"@id":"https:\/\/odavprint.ee\/en\/#organization","name":"Odav Print O\u00dc","url":"https:\/\/odavprint.ee\/en\/","logo":{"@id":"https:\/\/odavprint.ee\/en\/product\/brother-pt-h110-pth110-etiketiprinter\/#local-main-organization-logo"},"image":{"@id":"https:\/\/odavprint.ee\/en\/product\/brother-pt-h110-pth110-etiketiprinter\/#local-main-organization-logo"},"address":{"@id":"https:\/\/odavprint.ee\/en\/product\/brother-pt-h110-pth110-etiketiprinter\/#local-main-place-address"},"geo":{"@type":"GeoCoordinates","latitude":"59.4306504","longitude":"24.8095743"},"telephone":["53836926"],"openingHoursSpecification":[{"@type":"OpeningHoursSpecification","dayOfWeek":["Monday","Tuesday","Wednesday","Thursday","Friday","Saturday","Sunday"],"opens":"09:00","closes":"17:00"}],"email":"info@odavprint.eu"},{"@type":"PostalAddress","@id":"https:\/\/odavprint.ee\/en\/product\/brother-pt-h110-pth110-etiketiprinter\/#local-main-place-address","streetAddress":"Pae tn 28","addressLocality":"Tallinn","postalCode":"11415","addressRegion":"Harjumaa","addressCountry":"EE"},{"@type":"ImageObject","inLanguage":"en-US","@id":"https:\/\/odavprint.ee\/en\/product\/brother-pt-h110-pth110-etiketiprinter\/#local-main-organization-logo","url":"https:\/\/odavprint.ee\/wp-content\/uploads\/2018\/10\/odavprint-logo-240.jpg","contentUrl":"https:\/\/odavprint.ee\/wp-content\/uploads\/2018\/10\/odavprint-logo-240.jpg","width":240,"height":36,"caption":"Odav Print O\u00dc"}]},"product_price_amount":"40.15","product_price_currency":"EUR","og_availability":"instock","product_availability":"instock","product_condition":"new","geo.placename":"Tallinn","geo.position":{"lat":"59.4306504","long":"24.8095743"},"geo.region":"Estonia"},"_links":{"self":[{"href":"https:\/\/odavprint.ee\/en\/wp-json\/wp\/v2\/product\/216635"}],"collection":[{"href":"https:\/\/odavprint.ee\/en\/wp-json\/wp\/v2\/product"}],"about":[{"href":"https:\/\/odavprint.ee\/en\/wp-json\/wp\/v2\/types\/product"}],"wp:featuredmedia":[{"embeddable":true,"href":"https:\/\/odavprint.ee\/en\/wp-json\/wp\/v2\/media\/216636"}],"wp:attachment":[{"href":"https:\/\/odavprint.ee\/en\/wp-json\/wp\/v2\/media?parent=216635"}],"wp:term":[{"taxonomy":"product_cat","embeddable":true,"href":"https:\/\/odavprint.ee\/en\/wp-json\/wp\/v2\/product_cat?post=216635"},{"taxonomy":"product_tag","embeddable":true,"href":"https:\/\/odavprint.ee\/en\/wp-json\/wp\/v2\/product_tag?post=216635"}],"curies":[{"name":"wp","href":"https:\/\/api.w.org\/{rel}","templated":true}]}}