{"id":216899,"date":"2026-02-19T21:16:37","date_gmt":"2026-02-19T19:16:37","guid":{"rendered":"https:\/\/odavprint.ee\/?post_type=product&#038;p=216899"},"modified":"2026-03-10T04:38:02","modified_gmt":"2026-03-10T02:38:02","slug":"brother-ql-800-etiketiprinter","status":"publish","type":"product","link":"https:\/\/odavprint.ee\/en\/product\/brother-ql-800-etiketiprinter\/","title":{"rendered":"Brother QL-800 etiketiprinter"},"content":{"rendered":"<table border=\"1\" cellpadding=\"8\" cellspacing=\"0\" style=\"border-collapse:collapse;font-family:Arial, sans-serif;font-size:14px;\">\n<thead>\n<tr>\n<th colspan=\"2\" style=\"background-color:#f2f2f2;\">P\u00f5hiomadused<\/th>\n<\/tr>\n<\/thead>\n<tbody>\n<tr>\n<td>Printimistehnoloogia<\/td>\n<td>Termiline printimine<\/td>\n<\/tr>\n<tr>\n<td>Maksimaalne printimiskiirus<\/td>\n<td>Kuni 93 standardset aadressetiketti minutis<\/td>\n<\/tr>\n<tr>\n<td>Printimisresolutsioon<\/td>\n<td>Kuni 300 x 600 dpi<\/td>\n<\/tr>\n<tr>\n<td>Etiketi laius<\/td>\n<td>Kuni 2.44 tolli (62 mm)<\/td>\n<\/tr>\n<tr>\n<td>Automaatne l\u00f5ikur<\/td>\n<td>Jah<\/td>\n<\/tr>\n<tr>\n<td>&#8220;Plug &amp; Label&#8221; funktsioon<\/td>\n<td>Jah<\/td>\n<\/tr>\n<tr>\n<td>\u00dchilduvus<\/td>\n<td>Windows\u00ae ja Mac\u00ae; integreerimine Microsoft Wordi, Exceli ja Outlookiga<\/td>\n<\/tr>\n<tr>\n<td>Kasutatavad lindid<\/td>\n<td>Brother Genuine DK eelsuuruses, kergesti eemaldatavad etiketid ning pidevad paberi- ja kileribad<\/td>\n<\/tr>\n<tr>\n<td>Garantii<\/td>\n<td>2-aastane piiratud garantii ja vahetusteenus<\/td>\n<\/tr>\n<tr>\n<td>M\u00f5\u00f5tmed<\/td>\n<td>124 mm \u00d7 213 mm \u00d7 142 mm<\/td>\n<\/tr>\n<tr>\n<td>Kaal<\/td>\n<td>1.13 kg<\/td>\n<\/tr>\n<tr>\n<td>Lisafunktsioonid<\/td>\n<td>Ainult printimine<\/td>\n<\/tr>\n<tr>\n<td>USB-portide arv<\/td>\n<td>1<\/td>\n<\/tr>\n<tr>\n<td>M\u00e4lu maht<\/td>\n<td>16 MB<\/td>\n<\/tr>\n<tr>\n<td>Voolu omadused<\/td>\n<td>50 W<\/td>\n<\/tr>\n<\/tbody>\n<\/table>\n<h3 style=\"font-family:Arial, sans-serif;\">Komplekti sisu<\/h3>\n<ul style=\"font-family:Arial, sans-serif;font-size:14px;\">\n<li>Brother QL-800 printer<\/li>\n<li>P-touch Editor tarkvara ja draiver<\/li>\n<li>Vahelduvvoolu toitekaabel<\/li>\n<li>USB-kaabel<\/li>\n<\/ul>\n<h3 style=\"font-family:Arial, sans-serif;\">Eelised<\/h3>\n<ul style=\"font-family:Arial, sans-serif;font-size:14px;\">\n<li>Prindib musta ja punase v\u00e4rvi etikette, kasutades DK-2251 linti<\/li>\n<li>\u00d6konoomilised paberetiketid pakendite, \u00fcmbrike, failide ja muude eesm\u00e4rkide jaoks<\/li>\n<li>Mugavad Brother Genuine DK lindid, mis ei vaja tinti ega toonerit<\/li>\n<li>K\u00f5rge printimisresolutsioon selge teksti ja graafika jaoks<\/li>\n<li>&#8220;Plug &amp; Label&#8221; funktsioon kiireks printimiseks ilma tarkvara installeerimiseta<\/li>\n<li>\u00dchilduvus Windowsi ja Maciga, integreerimine Microsoft Wordi, Exceli ja Outlookiga<\/li>\n<li>Automaatne l\u00f5ikur kuni 3 jala pikkuste ribareklaamide ja siltide loomiseks<\/li>\n<li>Ainult ehtsate Brother lintide kasutamine parima printimiskvaliteedi tagamiseks<\/li>\n<\/ul>\n<p style=\"font-family:Arial, sans-serif;font-size:14px;\"><strong>Brother QL-800<\/strong> on ideaalne lahendus professionaalseks ja kiireks etikettide printimiseks, pakkudes suurep\u00e4rast kvaliteeti ja kasutusmugavust. T\u00e4nu oma unikaalsele printimistehnoloogiale v\u00f5imaldab see luua erksaid ja m\u00e4rgatavaid etikette erinevate \u00e4rieesm\u00e4rkide jaoks.<\/p>\n","protected":false},"excerpt":{"rendered":"<p>Brother QL-800 etiketiprinter on kiiruselt k\u00f5rge lahenduse, mis sobib kiireks ja efektiivseks m\u00e4rgistamiseks teie kontoris. Looge suurep\u00e4raseid musta ja punase v\u00e4rvi etikette DK-2251 lintide abil v\u00f5i majanduslikke paberetikette pakenditele, \u00fcmbrikele, failidele, nimekaartidele, postisaadetistele ja paljule muule. Printer tr\u00fckib kuni 93 standardset aadressi etiketti minutis musta tekstiga 300 dpi eraldusv\u00f5imega, aidates s\u00e4\u00e4sta aega suurte projektide puhul. Automaatne l\u00f5ikur v\u00f5imaldab printida \u00fche v\u00f5i mitu etiketti korraga, v\u00e4hendades etikettide raiskamist. &#8220;Plug &amp; Label&#8221; funktsioon toetab kiiret p\u00f5hietikettide printimist ilma Windows\u00ae arvuti tarkvara installimata. P-touch Editor tarkvara Windows\u00ae ja Mac\u00ae jaoks v\u00f5imaldab luua kohandatud etikette. Printige Microsoft Wordi\/Exceli\/Outlooki kaudu. Kasutab mugavaid Brother Genuine DK linti. Ei vaja tindikassetti ega toonerit.<\/p>\n","protected":false},"featured_media":216900,"template":"","meta":{"inline_featured_image":false},"product_cat":[39148,39163,39164],"product_tag":[],"yoast_head":"<!-- This site is optimized with the Yoast SEO Premium plugin v23.0 (Yoast SEO v23.0) - https:\/\/yoast.com\/wordpress\/plugins\/seo\/ -->\n<title>Brother QL-800 etiketiprinter, hea hinnaga, osta e-pood - Odav Print<\/title>\n<meta name=\"description\" content=\"Osta Brother QL-800 etiketiprinter Odav Print \u260e +372 5911 9495 \u2714\ufe0f Parim hind Brother QL-800 etiketiprinter jaoks \u26df Kiire kohaletoimetamine Eestis \u2b50 Garanteeritud\" \/>\n<meta name=\"robots\" content=\"index, follow, max-snippet:-1, max-image-preview:large, max-video-preview:-1\" \/>\n<link rel=\"canonical\" href=\"https:\/\/odavprint.ee\/en\/product\/brother-ql-800-etiketiprinter\/\" \/>\n<meta property=\"og:locale\" content=\"en_US\" \/>\n<meta property=\"og:type\" content=\"article\" \/>\n<meta property=\"og:title\" content=\"Brother QL-800 etiketiprinter\" \/>\n<meta property=\"og:description\" content=\"Osta Brother QL-800 etiketiprinter Odav Print \u260e +372 5911 9495 \u2714\ufe0f Parim hind Brother QL-800 etiketiprinter jaoks \u26df Kiire kohaletoimetamine Eestis \u2b50 Garanteeritud\" \/>\n<meta property=\"og:url\" content=\"https:\/\/odavprint.ee\/en\/product\/brother-ql-800-etiketiprinter\/\" \/>\n<meta property=\"og:site_name\" content=\"Odav Print\" \/>\n<meta property=\"article:modified_time\" content=\"2026-03-10T02:38:02+00:00\" \/>\n<meta name=\"twitter:card\" content=\"summary_large_image\" \/>\n<meta name=\"twitter:label1\" content=\"Price\" \/>\n\t<meta name=\"twitter:data1\" content=\"&euro;81.21\" \/>\n\t<meta name=\"twitter:label2\" content=\"Availability\" \/>\n\t<meta name=\"twitter:data2\" content=\"In stock\" \/>\n<script type=\"application\/ld+json\" class=\"yoast-schema-graph\">{\"@context\":\"https:\/\/schema.org\",\"@graph\":[{\"@type\":[\"WebPage\",\"ItemPage\"],\"@id\":\"https:\/\/odavprint.ee\/en\/product\/brother-ql-800-etiketiprinter\/\",\"url\":\"https:\/\/odavprint.ee\/en\/product\/brother-ql-800-etiketiprinter\/\",\"name\":\"Brother QL-800 etiketiprinter, hea hinnaga, osta e-pood - Odav Print\",\"isPartOf\":{\"@id\":\"https:\/\/odavprint.ee\/en\/#website\"},\"primaryImageOfPage\":{\"@id\":\"https:\/\/odavprint.ee\/en\/product\/brother-ql-800-etiketiprinter\/#primaryimage\"},\"image\":{\"@id\":\"https:\/\/odavprint.ee\/en\/product\/brother-ql-800-etiketiprinter\/#primaryimage\"},\"thumbnailUrl\":\"https:\/\/odavprint.ee\/wp-content\/uploads\/2026\/02\/brother-ql-800-label-printer.jpg\",\"datePublished\":\"2026-02-19T19:16:37+00:00\",\"dateModified\":\"2026-03-10T02:38:02+00:00\",\"description\":\"Osta Brother QL-800 etiketiprinter Odav Print \u260e +372 5911 9495 \u2714\ufe0f Parim hind Brother QL-800 etiketiprinter jaoks \u26df Kiire kohaletoimetamine Eestis \u2b50 Garanteeritud\",\"breadcrumb\":{\"@id\":\"https:\/\/odavprint.ee\/en\/product\/brother-ql-800-etiketiprinter\/#breadcrumb\"},\"inLanguage\":\"en-US\",\"potentialAction\":[{\"@type\":\"ReadAction\",\"target\":[\"https:\/\/odavprint.ee\/en\/product\/brother-ql-800-etiketiprinter\/\"]}]},{\"@type\":\"ImageObject\",\"inLanguage\":\"en-US\",\"@id\":\"https:\/\/odavprint.ee\/en\/product\/brother-ql-800-etiketiprinter\/#primaryimage\",\"url\":\"https:\/\/odavprint.ee\/wp-content\/uploads\/2026\/02\/brother-ql-800-label-printer.jpg\",\"contentUrl\":\"https:\/\/odavprint.ee\/wp-content\/uploads\/2026\/02\/brother-ql-800-label-printer.jpg\",\"width\":2500,\"height\":2500},{\"@type\":\"BreadcrumbList\",\"@id\":\"https:\/\/odavprint.ee\/en\/product\/brother-ql-800-etiketiprinter\/#breadcrumb\",\"itemListElement\":[{\"@type\":\"ListItem\",\"position\":1,\"name\":\"Home\",\"item\":\"https:\/\/odavprint.ee\/en\/\"},{\"@type\":\"ListItem\",\"position\":2,\"name\":\"Shop\",\"item\":\"https:\/\/odavprint.ee\/en\/shop\/\"},{\"@type\":\"ListItem\",\"position\":3,\"name\":\"Brother QL-800 etiketiprinter\"}]},{\"@type\":\"WebSite\",\"@id\":\"https:\/\/odavprint.ee\/en\/#website\",\"url\":\"https:\/\/odavprint.ee\/en\/\",\"name\":\"Odav Print\",\"description\":\"Just another WordPress site\",\"publisher\":{\"@id\":\"https:\/\/odavprint.ee\/en\/#organization\"},\"alternateName\":\"Kassettide, toonerite t\u00e4itmine ja m\u00fc\u00fck.\",\"potentialAction\":[{\"@type\":\"SearchAction\",\"target\":{\"@type\":\"EntryPoint\",\"urlTemplate\":\"https:\/\/odavprint.ee\/en\/?s={search_term_string}\"},\"query-input\":\"required name=search_term_string\"}],\"inLanguage\":\"en-US\"},{\"@type\":[\"Organization\",\"Place\"],\"@id\":\"https:\/\/odavprint.ee\/en\/#organization\",\"name\":\"Odav Print O\u00dc\",\"url\":\"https:\/\/odavprint.ee\/en\/\",\"logo\":{\"@id\":\"https:\/\/odavprint.ee\/en\/product\/brother-ql-800-etiketiprinter\/#local-main-organization-logo\"},\"image\":{\"@id\":\"https:\/\/odavprint.ee\/en\/product\/brother-ql-800-etiketiprinter\/#local-main-organization-logo\"},\"address\":{\"@id\":\"https:\/\/odavprint.ee\/en\/product\/brother-ql-800-etiketiprinter\/#local-main-place-address\"},\"geo\":{\"@type\":\"GeoCoordinates\",\"latitude\":\"59.4306504\",\"longitude\":\"24.8095743\"},\"telephone\":[\"53836926\"],\"openingHoursSpecification\":[{\"@type\":\"OpeningHoursSpecification\",\"dayOfWeek\":[\"Monday\",\"Tuesday\",\"Wednesday\",\"Thursday\",\"Friday\",\"Saturday\",\"Sunday\"],\"opens\":\"09:00\",\"closes\":\"17:00\"}],\"email\":\"info@odavprint.eu\"},{\"@type\":\"PostalAddress\",\"@id\":\"https:\/\/odavprint.ee\/en\/product\/brother-ql-800-etiketiprinter\/#local-main-place-address\",\"streetAddress\":\"Pae tn 28\",\"addressLocality\":\"Tallinn\",\"postalCode\":\"11415\",\"addressRegion\":\"Harjumaa\",\"addressCountry\":\"EE\"},{\"@type\":\"ImageObject\",\"inLanguage\":\"en-US\",\"@id\":\"https:\/\/odavprint.ee\/en\/product\/brother-ql-800-etiketiprinter\/#local-main-organization-logo\",\"url\":\"https:\/\/odavprint.ee\/wp-content\/uploads\/2018\/10\/odavprint-logo-240.jpg\",\"contentUrl\":\"https:\/\/odavprint.ee\/wp-content\/uploads\/2018\/10\/odavprint-logo-240.jpg\",\"width\":240,\"height\":36,\"caption\":\"Odav Print O\u00dc\"}]}<\/script>\n<meta property=\"product:price:amount\" content=\"81.21\" \/>\n<meta property=\"product:price:currency\" content=\"EUR\" \/>\n<meta property=\"og:availability\" content=\"instock\" \/>\n<meta property=\"product:availability\" content=\"instock\" \/>\n<meta property=\"product:condition\" content=\"new\" \/>\n<meta name=\"geo.placename\" content=\"Tallinn\" \/>\n<meta name=\"geo.position\" content=\"59.4306504;24.8095743\" \/>\n<meta name=\"geo.region\" content=\"Estonia\" \/>\n<!-- \/ Yoast SEO Premium plugin. -->","yoast_head_json":{"title":"Brother QL-800 etiketiprinter, hea hinnaga, osta e-pood - Odav Print","description":"Osta Brother QL-800 etiketiprinter Odav Print \u260e +372 5911 9495 \u2714\ufe0f Parim hind Brother QL-800 etiketiprinter jaoks \u26df Kiire kohaletoimetamine Eestis \u2b50 Garanteeritud","robots":{"index":"index","follow":"follow","max-snippet":"max-snippet:-1","max-image-preview":"max-image-preview:large","max-video-preview":"max-video-preview:-1"},"canonical":"https:\/\/odavprint.ee\/en\/product\/brother-ql-800-etiketiprinter\/","og_locale":"en_US","og_type":"article","og_title":"Brother QL-800 etiketiprinter","og_description":"Osta Brother QL-800 etiketiprinter Odav Print \u260e +372 5911 9495 \u2714\ufe0f Parim hind Brother QL-800 etiketiprinter jaoks \u26df Kiire kohaletoimetamine Eestis \u2b50 Garanteeritud","og_url":"https:\/\/odavprint.ee\/en\/product\/brother-ql-800-etiketiprinter\/","og_site_name":"Odav Print","article_modified_time":"2026-03-10T02:38:02+00:00","twitter_card":"summary_large_image","twitter_misc":{"Price":"&euro;81.21","Availability":"In stock"},"schema":{"@context":"https:\/\/schema.org","@graph":[{"@type":["WebPage","ItemPage"],"@id":"https:\/\/odavprint.ee\/en\/product\/brother-ql-800-etiketiprinter\/","url":"https:\/\/odavprint.ee\/en\/product\/brother-ql-800-etiketiprinter\/","name":"Brother QL-800 etiketiprinter, hea hinnaga, osta e-pood - Odav Print","isPartOf":{"@id":"https:\/\/odavprint.ee\/en\/#website"},"primaryImageOfPage":{"@id":"https:\/\/odavprint.ee\/en\/product\/brother-ql-800-etiketiprinter\/#primaryimage"},"image":{"@id":"https:\/\/odavprint.ee\/en\/product\/brother-ql-800-etiketiprinter\/#primaryimage"},"thumbnailUrl":"https:\/\/odavprint.ee\/wp-content\/uploads\/2026\/02\/brother-ql-800-label-printer.jpg","datePublished":"2026-02-19T19:16:37+00:00","dateModified":"2026-03-10T02:38:02+00:00","description":"Osta Brother QL-800 etiketiprinter Odav Print \u260e +372 5911 9495 \u2714\ufe0f Parim hind Brother QL-800 etiketiprinter jaoks \u26df Kiire kohaletoimetamine Eestis \u2b50 Garanteeritud","breadcrumb":{"@id":"https:\/\/odavprint.ee\/en\/product\/brother-ql-800-etiketiprinter\/#breadcrumb"},"inLanguage":"en-US","potentialAction":[{"@type":"ReadAction","target":["https:\/\/odavprint.ee\/en\/product\/brother-ql-800-etiketiprinter\/"]}]},{"@type":"ImageObject","inLanguage":"en-US","@id":"https:\/\/odavprint.ee\/en\/product\/brother-ql-800-etiketiprinter\/#primaryimage","url":"https:\/\/odavprint.ee\/wp-content\/uploads\/2026\/02\/brother-ql-800-label-printer.jpg","contentUrl":"https:\/\/odavprint.ee\/wp-content\/uploads\/2026\/02\/brother-ql-800-label-printer.jpg","width":2500,"height":2500},{"@type":"BreadcrumbList","@id":"https:\/\/odavprint.ee\/en\/product\/brother-ql-800-etiketiprinter\/#breadcrumb","itemListElement":[{"@type":"ListItem","position":1,"name":"Home","item":"https:\/\/odavprint.ee\/en\/"},{"@type":"ListItem","position":2,"name":"Shop","item":"https:\/\/odavprint.ee\/en\/shop\/"},{"@type":"ListItem","position":3,"name":"Brother QL-800 etiketiprinter"}]},{"@type":"WebSite","@id":"https:\/\/odavprint.ee\/en\/#website","url":"https:\/\/odavprint.ee\/en\/","name":"Odav Print","description":"Just another WordPress site","publisher":{"@id":"https:\/\/odavprint.ee\/en\/#organization"},"alternateName":"Kassettide, toonerite t\u00e4itmine ja m\u00fc\u00fck.","potentialAction":[{"@type":"SearchAction","target":{"@type":"EntryPoint","urlTemplate":"https:\/\/odavprint.ee\/en\/?s={search_term_string}"},"query-input":"required name=search_term_string"}],"inLanguage":"en-US"},{"@type":["Organization","Place"],"@id":"https:\/\/odavprint.ee\/en\/#organization","name":"Odav Print O\u00dc","url":"https:\/\/odavprint.ee\/en\/","logo":{"@id":"https:\/\/odavprint.ee\/en\/product\/brother-ql-800-etiketiprinter\/#local-main-organization-logo"},"image":{"@id":"https:\/\/odavprint.ee\/en\/product\/brother-ql-800-etiketiprinter\/#local-main-organization-logo"},"address":{"@id":"https:\/\/odavprint.ee\/en\/product\/brother-ql-800-etiketiprinter\/#local-main-place-address"},"geo":{"@type":"GeoCoordinates","latitude":"59.4306504","longitude":"24.8095743"},"telephone":["53836926"],"openingHoursSpecification":[{"@type":"OpeningHoursSpecification","dayOfWeek":["Monday","Tuesday","Wednesday","Thursday","Friday","Saturday","Sunday"],"opens":"09:00","closes":"17:00"}],"email":"info@odavprint.eu"},{"@type":"PostalAddress","@id":"https:\/\/odavprint.ee\/en\/product\/brother-ql-800-etiketiprinter\/#local-main-place-address","streetAddress":"Pae tn 28","addressLocality":"Tallinn","postalCode":"11415","addressRegion":"Harjumaa","addressCountry":"EE"},{"@type":"ImageObject","inLanguage":"en-US","@id":"https:\/\/odavprint.ee\/en\/product\/brother-ql-800-etiketiprinter\/#local-main-organization-logo","url":"https:\/\/odavprint.ee\/wp-content\/uploads\/2018\/10\/odavprint-logo-240.jpg","contentUrl":"https:\/\/odavprint.ee\/wp-content\/uploads\/2018\/10\/odavprint-logo-240.jpg","width":240,"height":36,"caption":"Odav Print O\u00dc"}]},"product_price_amount":"81.21","product_price_currency":"EUR","og_availability":"instock","product_availability":"instock","product_condition":"new","geo.placename":"Tallinn","geo.position":{"lat":"59.4306504","long":"24.8095743"},"geo.region":"Estonia"},"_links":{"self":[{"href":"https:\/\/odavprint.ee\/en\/wp-json\/wp\/v2\/product\/216899"}],"collection":[{"href":"https:\/\/odavprint.ee\/en\/wp-json\/wp\/v2\/product"}],"about":[{"href":"https:\/\/odavprint.ee\/en\/wp-json\/wp\/v2\/types\/product"}],"wp:featuredmedia":[{"embeddable":true,"href":"https:\/\/odavprint.ee\/en\/wp-json\/wp\/v2\/media\/216900"}],"wp:attachment":[{"href":"https:\/\/odavprint.ee\/en\/wp-json\/wp\/v2\/media?parent=216899"}],"wp:term":[{"taxonomy":"product_cat","embeddable":true,"href":"https:\/\/odavprint.ee\/en\/wp-json\/wp\/v2\/product_cat?post=216899"},{"taxonomy":"product_tag","embeddable":true,"href":"https:\/\/odavprint.ee\/en\/wp-json\/wp\/v2\/product_tag?post=216899"}],"curies":[{"name":"wp","href":"https:\/\/api.w.org\/{rel}","templated":true}]}}