{"id":217055,"date":"2026-02-19T21:40:16","date_gmt":"2026-02-19T19:40:16","guid":{"rendered":"https:\/\/odavprint.ee\/?post_type=product&#038;p=217055"},"modified":"2026-03-13T04:35:03","modified_gmt":"2026-03-13T02:35:03","slug":"godex-mx30-label-printer","status":"publish","type":"product","link":"https:\/\/odavprint.ee\/en\/product\/godex-mx30-label-printer\/","title":{"rendered":"Godex MX30 label printer"},"content":{"rendered":"<table border=\"2\">\n<tbody>\n<tr>\n<th>Omadus<\/th>\n<th>V\u00e4\u00e4rtus<\/th>\n<\/tr>\n<tr>\n<td>Tootja<\/td>\n<td>Godex<\/td>\n<\/tr>\n<tr>\n<td>Kategooria<\/td>\n<td>Mobiilsed<\/td>\n<\/tr>\n<tr>\n<td>Mudel<\/td>\n<td>MX30<\/td>\n<\/tr>\n<tr>\n<td>Tootja artikkel<\/td>\n<td>011-MX3002-000<\/td>\n<\/tr>\n<tr>\n<td>Printeri klass<\/td>\n<td>Mobiilne<\/td>\n<\/tr>\n<tr>\n<td>Sildide eraldaja moodul<\/td>\n<td>Pole<\/td>\n<\/tr>\n<tr>\n<td>Sildide l\u00f5ikuri moodul<\/td>\n<td>Pole<\/td>\n<\/tr>\n<tr>\n<td>Sisemine rullik<\/td>\n<td>Pole<\/td>\n<\/tr>\n<tr>\n<td>Protsessor<\/td>\n<td>32 bit RISC<\/td>\n<\/tr>\n<tr>\n<td>Ekraan<\/td>\n<td>Pole<\/td>\n<\/tr>\n<tr>\n<td>Juhtpaneel<\/td>\n<td>4 kahev\u00e4rvilist LED-i, 3 nuppu toite, sisestamise ja BT funktsioonide jaoks<\/td>\n<\/tr>\n<tr>\n<td>Programmeermiskeel<\/td>\n<td>EZPL, GEPL, GZPL<\/td>\n<\/tr>\n<tr>\n<td>RAM<\/td>\n<td>32 MB<\/td>\n<\/tr>\n<tr>\n<td>Andmem\u00e4lu<\/td>\n<td>128 MB<\/td>\n<\/tr>\n<tr>\n<td>Andurid<\/td>\n<td>Transmissiivne, peegeldav, vahe<\/td>\n<\/tr>\n<tr>\n<td>\u00dchendusliidesed<\/td>\n<td>USB, RS-232, Bluetooth 2.1<\/td>\n<\/tr>\n<tr>\n<td>Printimismeetod<\/td>\n<td>Termo<\/td>\n<\/tr>\n<tr>\n<td>Printimisresolutsioon<\/td>\n<td>203 dpi<\/td>\n<\/tr>\n<tr>\n<td>Printimislausus<\/td>\n<td>72 mm<\/td>\n<\/tr>\n<tr>\n<td>Printimiskiirus<\/td>\n<td>102 mm\/s<\/td>\n<\/tr>\n<tr>\n<td>Printimise pikkus<\/td>\n<td>762 mm<\/td>\n<\/tr>\n<tr>\n<td>Etiketirull<\/td>\n<td>Vahe etiketide vahel 2-4 mm<\/td>\n<\/tr>\n<tr>\n<td>Minimaalne etiketiriba laius<\/td>\n<td>38,1 mm<\/td>\n<\/tr>\n<tr>\n<td>Maksimaalne etiketiriba laius<\/td>\n<td>80 mm<\/td>\n<\/tr>\n<tr>\n<td>Paberi paksus<\/td>\n<td>0,0508-0,165 mm<\/td>\n<\/tr>\n<tr>\n<td>Etiketirulli k\u00e4rje l\u00e4bim\u00f5\u00f5t<\/td>\n<td>0,5&#8243; (12,7 mm)<\/td>\n<\/tr>\n<tr>\n<td>Minimaalne etiketirulli k\u00e4rje l\u00e4bim\u00f5\u00f5t<\/td>\n<td>12,5 mm<\/td>\n<\/tr>\n<tr>\n<td>Maksimaalne etiketirulli k\u00e4rje l\u00e4bim\u00f5\u00f5t<\/td>\n<td>12,5 mm<\/td>\n<\/tr>\n<tr>\n<td>Maksimaalne etiketirulli l\u00e4bim\u00f5\u00f5t<\/td>\n<td>60 mm<\/td>\n<\/tr>\n<tr>\n<td>Integreeritud fondid<\/td>\n<td>Rastrilised skaleeritavad fondid: 6, 8, 10, 12, 14, 18, 24, 30, 16&#215;26, OCR A&amp;B p\u00f6\u00f6ramise v\u00f5imalusega, allalaetavad fondid: 16&#215;16, 24&#215;24<\/td>\n<\/tr>\n<tr>\n<td>T\u00e4hem\u00e4rkide komplektid<\/td>\n<td>CODEPAGE 437, 850, 851, 852, 855, 857, 860, 861, 862, 863, 865, 866, 869, 737; WINDOWS 1250, 1251, 1252, 1253, 1254, 1255, 1257; Unicode UTF8, UTF16BE, UTF16LE<\/td>\n<\/tr>\n<tr>\n<td>Tarkvara<\/td>\n<td>GoLabel (RU), DLL ja draiverid Windowsile, draiverid MAC, Linux<\/td>\n<\/tr>\n<tr>\n<td>Toide<\/td>\n<td>2500 mAh Li-Ion aku, 7,4 V; AC kaudu 9 V \/ 2,2 A adapteriga<\/td>\n<\/tr>\n<tr>\n<td>Korpus<\/td>\n<td>\u0160okikindel plastik<\/td>\n<\/tr>\n<tr>\n<td>V\u00e4rv<\/td>\n<td>Must<\/td>\n<\/tr>\n<tr>\n<td>Toote m\u00f5\u00f5tmed (PxLxK)<\/td>\n<td>171x79x114 mm<\/td>\n<\/tr>\n<tr>\n<td>Kaal<\/td>\n<td>660 g<\/td>\n<\/tr>\n<tr>\n<td>Toote m\u00f5\u00f5tmed pakendis (PxLxK)<\/td>\n<td>17,1&#215;7,9&#215;11,4 cm<\/td>\n<\/tr>\n<tr>\n<td>Kaal pakendis<\/td>\n<td>660 g<\/td>\n<\/tr>\n<tr>\n<td>T\u00f6\u00f6tlemistemperatuur<\/td>\n<td>-10\u00b0C ~ +50\u00b0C<\/td>\n<\/tr>\n<tr>\n<td>Hoidmise temperatuur<\/td>\n<td>-20\u00b0C ~ +60\u00b0C<\/td>\n<\/tr>\n<tr>\n<td>Hoidmise niiskus<\/td>\n<td>10-90%, kondensatsioonita<\/td>\n<\/tr>\n<tr>\n<td>T\u00f6\u00f6tlemise niiskus<\/td>\n<td>10-90%, kondensatsioonita<\/td>\n<\/tr>\n<tr>\n<td>Kvaliteedi standardid<\/td>\n<td>CE EMC, FCC osa 15B klass B, FCC osa 15CCCC, SRRC, NCC, CB, UL, cUL<\/td>\n<\/tr>\n<tr>\n<td>Vastupidavus<\/td>\n<td>IP42, talub mitmeid kukkumisi 1,5 m k\u00f5rguselt<\/td>\n<\/tr>\n<tr>\n<td>Garantii<\/td>\n<td>1 aasta<\/td>\n<\/tr>\n<\/tbody>\n<\/table>\n","protected":false},"excerpt":{"rendered":"<p>Godex MX30 printer on mobiilne termoprinter, mille resolutsioon on 203 dpi ja printimislaius kuni 72 mm. See on varustatud 2500 mAh Li-Ion akuga, toetab USB, RS-232 ja Bluetooth 2.1 \u00fchenduvust. MX30 sobib ideaalselt erinevates tingimustes etiketite printimiseks t\u00e4nu oma vastupidavusele mitmekordsetele kukkumistele kuni 1,5 m k\u00f5rguselt ja IP42 kaitsele.<\/p>\n","protected":false},"featured_media":217056,"template":"","meta":{"inline_featured_image":false},"product_cat":[39148,39163,39164,39165],"product_tag":[],"yoast_head":"<!-- This site is optimized with the Yoast SEO Premium plugin v23.0 (Yoast SEO v23.0) - https:\/\/yoast.com\/wordpress\/plugins\/seo\/ -->\n<title>Godex MX30 label printer, hea hinnaga, osta e-pood - Odav Print<\/title>\n<meta name=\"description\" content=\"Osta Godex MX30 label printer Odav Print \u260e +372 5911 9495 \u2714\ufe0f Parim hind Godex MX30 label printer jaoks \u26df Kiire kohaletoimetamine Eestis \u2b50 Garanteeritud\" \/>\n<meta name=\"robots\" content=\"index, follow, max-snippet:-1, max-image-preview:large, max-video-preview:-1\" \/>\n<link rel=\"canonical\" href=\"https:\/\/odavprint.ee\/en\/product\/godex-mx30-label-printer\/\" \/>\n<meta property=\"og:locale\" content=\"en_US\" \/>\n<meta property=\"og:type\" content=\"article\" \/>\n<meta property=\"og:title\" content=\"Godex MX30 label printer\" \/>\n<meta property=\"og:description\" content=\"Osta Godex MX30 label printer Odav Print \u260e +372 5911 9495 \u2714\ufe0f Parim hind Godex MX30 label printer jaoks \u26df Kiire kohaletoimetamine Eestis \u2b50 Garanteeritud\" \/>\n<meta property=\"og:url\" content=\"https:\/\/odavprint.ee\/en\/product\/godex-mx30-label-printer\/\" \/>\n<meta property=\"og:site_name\" content=\"Odav Print\" \/>\n<meta property=\"article:modified_time\" content=\"2026-03-13T02:35:03+00:00\" \/>\n<meta name=\"twitter:card\" content=\"summary_large_image\" \/>\n<meta name=\"twitter:label1\" content=\"Price\" \/>\n\t<meta name=\"twitter:data1\" content=\"&euro;523.44\" \/>\n\t<meta name=\"twitter:label2\" content=\"Availability\" \/>\n\t<meta name=\"twitter:data2\" content=\"In stock\" \/>\n<script type=\"application\/ld+json\" class=\"yoast-schema-graph\">{\"@context\":\"https:\/\/schema.org\",\"@graph\":[{\"@type\":[\"WebPage\",\"ItemPage\"],\"@id\":\"https:\/\/odavprint.ee\/en\/product\/godex-mx30-label-printer\/\",\"url\":\"https:\/\/odavprint.ee\/en\/product\/godex-mx30-label-printer\/\",\"name\":\"Godex MX30 label printer, hea hinnaga, osta e-pood - Odav Print\",\"isPartOf\":{\"@id\":\"https:\/\/odavprint.ee\/en\/#website\"},\"primaryImageOfPage\":{\"@id\":\"https:\/\/odavprint.ee\/en\/product\/godex-mx30-label-printer\/#primaryimage\"},\"image\":{\"@id\":\"https:\/\/odavprint.ee\/en\/product\/godex-mx30-label-printer\/#primaryimage\"},\"thumbnailUrl\":\"https:\/\/odavprint.ee\/wp-content\/uploads\/2026\/02\/godex-mx30-label-printer.jpg\",\"datePublished\":\"2026-02-19T19:40:16+00:00\",\"dateModified\":\"2026-03-13T02:35:03+00:00\",\"description\":\"Osta Godex MX30 label printer Odav Print \u260e +372 5911 9495 \u2714\ufe0f Parim hind Godex MX30 label printer jaoks \u26df Kiire kohaletoimetamine Eestis \u2b50 Garanteeritud\",\"breadcrumb\":{\"@id\":\"https:\/\/odavprint.ee\/en\/product\/godex-mx30-label-printer\/#breadcrumb\"},\"inLanguage\":\"en-US\",\"potentialAction\":[{\"@type\":\"ReadAction\",\"target\":[\"https:\/\/odavprint.ee\/en\/product\/godex-mx30-label-printer\/\"]}]},{\"@type\":\"ImageObject\",\"inLanguage\":\"en-US\",\"@id\":\"https:\/\/odavprint.ee\/en\/product\/godex-mx30-label-printer\/#primaryimage\",\"url\":\"https:\/\/odavprint.ee\/wp-content\/uploads\/2026\/02\/godex-mx30-label-printer.jpg\",\"contentUrl\":\"https:\/\/odavprint.ee\/wp-content\/uploads\/2026\/02\/godex-mx30-label-printer.jpg\",\"width\":2500,\"height\":2500},{\"@type\":\"BreadcrumbList\",\"@id\":\"https:\/\/odavprint.ee\/en\/product\/godex-mx30-label-printer\/#breadcrumb\",\"itemListElement\":[{\"@type\":\"ListItem\",\"position\":1,\"name\":\"Home\",\"item\":\"https:\/\/odavprint.ee\/en\/\"},{\"@type\":\"ListItem\",\"position\":2,\"name\":\"Shop\",\"item\":\"https:\/\/odavprint.ee\/en\/shop\/\"},{\"@type\":\"ListItem\",\"position\":3,\"name\":\"Godex MX30 label printer\"}]},{\"@type\":\"WebSite\",\"@id\":\"https:\/\/odavprint.ee\/en\/#website\",\"url\":\"https:\/\/odavprint.ee\/en\/\",\"name\":\"Odav Print\",\"description\":\"Just another WordPress site\",\"publisher\":{\"@id\":\"https:\/\/odavprint.ee\/en\/#organization\"},\"alternateName\":\"Kassettide, toonerite t\u00e4itmine ja m\u00fc\u00fck.\",\"potentialAction\":[{\"@type\":\"SearchAction\",\"target\":{\"@type\":\"EntryPoint\",\"urlTemplate\":\"https:\/\/odavprint.ee\/en\/?s={search_term_string}\"},\"query-input\":\"required name=search_term_string\"}],\"inLanguage\":\"en-US\"},{\"@type\":[\"Organization\",\"Place\"],\"@id\":\"https:\/\/odavprint.ee\/en\/#organization\",\"name\":\"Odav Print O\u00dc\",\"url\":\"https:\/\/odavprint.ee\/en\/\",\"logo\":{\"@id\":\"https:\/\/odavprint.ee\/en\/product\/godex-mx30-label-printer\/#local-main-organization-logo\"},\"image\":{\"@id\":\"https:\/\/odavprint.ee\/en\/product\/godex-mx30-label-printer\/#local-main-organization-logo\"},\"address\":{\"@id\":\"https:\/\/odavprint.ee\/en\/product\/godex-mx30-label-printer\/#local-main-place-address\"},\"geo\":{\"@type\":\"GeoCoordinates\",\"latitude\":\"59.4306504\",\"longitude\":\"24.8095743\"},\"telephone\":[\"53836926\"],\"openingHoursSpecification\":[{\"@type\":\"OpeningHoursSpecification\",\"dayOfWeek\":[\"Monday\",\"Tuesday\",\"Wednesday\",\"Thursday\",\"Friday\",\"Saturday\",\"Sunday\"],\"opens\":\"09:00\",\"closes\":\"17:00\"}],\"email\":\"info@odavprint.eu\"},{\"@type\":\"PostalAddress\",\"@id\":\"https:\/\/odavprint.ee\/en\/product\/godex-mx30-label-printer\/#local-main-place-address\",\"streetAddress\":\"Pae tn 28\",\"addressLocality\":\"Tallinn\",\"postalCode\":\"11415\",\"addressRegion\":\"Harjumaa\",\"addressCountry\":\"EE\"},{\"@type\":\"ImageObject\",\"inLanguage\":\"en-US\",\"@id\":\"https:\/\/odavprint.ee\/en\/product\/godex-mx30-label-printer\/#local-main-organization-logo\",\"url\":\"https:\/\/odavprint.ee\/wp-content\/uploads\/2018\/10\/odavprint-logo-240.jpg\",\"contentUrl\":\"https:\/\/odavprint.ee\/wp-content\/uploads\/2018\/10\/odavprint-logo-240.jpg\",\"width\":240,\"height\":36,\"caption\":\"Odav Print O\u00dc\"}]}<\/script>\n<meta property=\"product:price:amount\" content=\"523.44\" \/>\n<meta property=\"product:price:currency\" content=\"EUR\" \/>\n<meta property=\"og:availability\" content=\"instock\" \/>\n<meta property=\"product:availability\" content=\"instock\" \/>\n<meta property=\"product:condition\" content=\"new\" \/>\n<meta name=\"geo.placename\" content=\"Tallinn\" \/>\n<meta name=\"geo.position\" content=\"59.4306504;24.8095743\" \/>\n<meta name=\"geo.region\" content=\"Estonia\" \/>\n<!-- \/ Yoast SEO Premium plugin. -->","yoast_head_json":{"title":"Godex MX30 label printer, hea hinnaga, osta e-pood - Odav Print","description":"Osta Godex MX30 label printer Odav Print \u260e +372 5911 9495 \u2714\ufe0f Parim hind Godex MX30 label printer jaoks \u26df Kiire kohaletoimetamine Eestis \u2b50 Garanteeritud","robots":{"index":"index","follow":"follow","max-snippet":"max-snippet:-1","max-image-preview":"max-image-preview:large","max-video-preview":"max-video-preview:-1"},"canonical":"https:\/\/odavprint.ee\/en\/product\/godex-mx30-label-printer\/","og_locale":"en_US","og_type":"article","og_title":"Godex MX30 label printer","og_description":"Osta Godex MX30 label printer Odav Print \u260e +372 5911 9495 \u2714\ufe0f Parim hind Godex MX30 label printer jaoks \u26df Kiire kohaletoimetamine Eestis \u2b50 Garanteeritud","og_url":"https:\/\/odavprint.ee\/en\/product\/godex-mx30-label-printer\/","og_site_name":"Odav Print","article_modified_time":"2026-03-13T02:35:03+00:00","twitter_card":"summary_large_image","twitter_misc":{"Price":"&euro;523.44","Availability":"In stock"},"schema":{"@context":"https:\/\/schema.org","@graph":[{"@type":["WebPage","ItemPage"],"@id":"https:\/\/odavprint.ee\/en\/product\/godex-mx30-label-printer\/","url":"https:\/\/odavprint.ee\/en\/product\/godex-mx30-label-printer\/","name":"Godex MX30 label printer, hea hinnaga, osta e-pood - Odav Print","isPartOf":{"@id":"https:\/\/odavprint.ee\/en\/#website"},"primaryImageOfPage":{"@id":"https:\/\/odavprint.ee\/en\/product\/godex-mx30-label-printer\/#primaryimage"},"image":{"@id":"https:\/\/odavprint.ee\/en\/product\/godex-mx30-label-printer\/#primaryimage"},"thumbnailUrl":"https:\/\/odavprint.ee\/wp-content\/uploads\/2026\/02\/godex-mx30-label-printer.jpg","datePublished":"2026-02-19T19:40:16+00:00","dateModified":"2026-03-13T02:35:03+00:00","description":"Osta Godex MX30 label printer Odav Print \u260e +372 5911 9495 \u2714\ufe0f Parim hind Godex MX30 label printer jaoks \u26df Kiire kohaletoimetamine Eestis \u2b50 Garanteeritud","breadcrumb":{"@id":"https:\/\/odavprint.ee\/en\/product\/godex-mx30-label-printer\/#breadcrumb"},"inLanguage":"en-US","potentialAction":[{"@type":"ReadAction","target":["https:\/\/odavprint.ee\/en\/product\/godex-mx30-label-printer\/"]}]},{"@type":"ImageObject","inLanguage":"en-US","@id":"https:\/\/odavprint.ee\/en\/product\/godex-mx30-label-printer\/#primaryimage","url":"https:\/\/odavprint.ee\/wp-content\/uploads\/2026\/02\/godex-mx30-label-printer.jpg","contentUrl":"https:\/\/odavprint.ee\/wp-content\/uploads\/2026\/02\/godex-mx30-label-printer.jpg","width":2500,"height":2500},{"@type":"BreadcrumbList","@id":"https:\/\/odavprint.ee\/en\/product\/godex-mx30-label-printer\/#breadcrumb","itemListElement":[{"@type":"ListItem","position":1,"name":"Home","item":"https:\/\/odavprint.ee\/en\/"},{"@type":"ListItem","position":2,"name":"Shop","item":"https:\/\/odavprint.ee\/en\/shop\/"},{"@type":"ListItem","position":3,"name":"Godex MX30 label printer"}]},{"@type":"WebSite","@id":"https:\/\/odavprint.ee\/en\/#website","url":"https:\/\/odavprint.ee\/en\/","name":"Odav Print","description":"Just another WordPress site","publisher":{"@id":"https:\/\/odavprint.ee\/en\/#organization"},"alternateName":"Kassettide, toonerite t\u00e4itmine ja m\u00fc\u00fck.","potentialAction":[{"@type":"SearchAction","target":{"@type":"EntryPoint","urlTemplate":"https:\/\/odavprint.ee\/en\/?s={search_term_string}"},"query-input":"required name=search_term_string"}],"inLanguage":"en-US"},{"@type":["Organization","Place"],"@id":"https:\/\/odavprint.ee\/en\/#organization","name":"Odav Print O\u00dc","url":"https:\/\/odavprint.ee\/en\/","logo":{"@id":"https:\/\/odavprint.ee\/en\/product\/godex-mx30-label-printer\/#local-main-organization-logo"},"image":{"@id":"https:\/\/odavprint.ee\/en\/product\/godex-mx30-label-printer\/#local-main-organization-logo"},"address":{"@id":"https:\/\/odavprint.ee\/en\/product\/godex-mx30-label-printer\/#local-main-place-address"},"geo":{"@type":"GeoCoordinates","latitude":"59.4306504","longitude":"24.8095743"},"telephone":["53836926"],"openingHoursSpecification":[{"@type":"OpeningHoursSpecification","dayOfWeek":["Monday","Tuesday","Wednesday","Thursday","Friday","Saturday","Sunday"],"opens":"09:00","closes":"17:00"}],"email":"info@odavprint.eu"},{"@type":"PostalAddress","@id":"https:\/\/odavprint.ee\/en\/product\/godex-mx30-label-printer\/#local-main-place-address","streetAddress":"Pae tn 28","addressLocality":"Tallinn","postalCode":"11415","addressRegion":"Harjumaa","addressCountry":"EE"},{"@type":"ImageObject","inLanguage":"en-US","@id":"https:\/\/odavprint.ee\/en\/product\/godex-mx30-label-printer\/#local-main-organization-logo","url":"https:\/\/odavprint.ee\/wp-content\/uploads\/2018\/10\/odavprint-logo-240.jpg","contentUrl":"https:\/\/odavprint.ee\/wp-content\/uploads\/2018\/10\/odavprint-logo-240.jpg","width":240,"height":36,"caption":"Odav Print O\u00dc"}]},"product_price_amount":"523.44","product_price_currency":"EUR","og_availability":"instock","product_availability":"instock","product_condition":"new","geo.placename":"Tallinn","geo.position":{"lat":"59.4306504","long":"24.8095743"},"geo.region":"Estonia"},"_links":{"self":[{"href":"https:\/\/odavprint.ee\/en\/wp-json\/wp\/v2\/product\/217055"}],"collection":[{"href":"https:\/\/odavprint.ee\/en\/wp-json\/wp\/v2\/product"}],"about":[{"href":"https:\/\/odavprint.ee\/en\/wp-json\/wp\/v2\/types\/product"}],"wp:featuredmedia":[{"embeddable":true,"href":"https:\/\/odavprint.ee\/en\/wp-json\/wp\/v2\/media\/217056"}],"wp:attachment":[{"href":"https:\/\/odavprint.ee\/en\/wp-json\/wp\/v2\/media?parent=217055"}],"wp:term":[{"taxonomy":"product_cat","embeddable":true,"href":"https:\/\/odavprint.ee\/en\/wp-json\/wp\/v2\/product_cat?post=217055"},{"taxonomy":"product_tag","embeddable":true,"href":"https:\/\/odavprint.ee\/en\/wp-json\/wp\/v2\/product_tag?post=217055"}],"curies":[{"name":"wp","href":"https:\/\/api.w.org\/{rel}","templated":true}]}}