{"id":217203,"date":"2026-02-19T22:04:20","date_gmt":"2026-02-19T20:04:20","guid":{"rendered":"https:\/\/odavprint.ee\/?post_type=product&#038;p=217203"},"modified":"2026-03-02T18:17:35","modified_gmt":"2026-03-02T16:17:35","slug":"godex-zx1200i-pro-etiketiprinter","status":"publish","type":"product","link":"https:\/\/odavprint.ee\/en\/product\/godex-zx1200i-pro-etiketiprinter\/","title":{"rendered":"Godex ZX1200i Pro etiketiprinter"},"content":{"rendered":"<table border=\"2\">\n<tbody>\n<tr>\n<th>Funktsioon<\/th>\n<th>V\u00e4\u00e4rtus<\/th>\n<\/tr>\n<tr>\n<td>Printimismeetod<\/td>\n<td>Termo\u00fclekanne \/ Otsene termoprintimine<\/td>\n<\/tr>\n<tr>\n<td>Eraldusv\u00f5ime<\/td>\n<td>203 dpi (8 punkti\/mm)<\/td>\n<\/tr>\n<tr>\n<td>Printimiskiirus<\/td>\n<td>Kuni 10 IPS (254 mm\/s)<\/td>\n<\/tr>\n<tr>\n<td>Printimislaius<\/td>\n<td>4,09\u201d (104 mm, kuni 108 mm)<\/td>\n<\/tr>\n<tr>\n<td>Prindipikkus<\/td>\n<td>Min. 0,12\u201d (3 mm)**; Max. 279,53\u201d (7100 mm) r<\/td>\n<\/tr>\n<tr>\n<td>Meediat\u00fc\u00fcbid<\/td>\n<td>Pidev vorm, vahedega sildid, mustade m\u00e4rkide tuvastamine ja augustatud auk; sildi pikkus m\u00e4\u00e4ratakse automaatse tuvastamise v\u00f5i programmeerimise teel<\/td>\n<\/tr>\n<tr>\n<td>Meedia paksus<\/td>\n<td>Alates 0,003 tollist (0,08 mm) kuni 0,004 tollini (0,10 mm)<\/td>\n<\/tr>\n<tr>\n<td>Sildirulli l\u00e4bim\u00f5\u00f5t<\/td>\n<td>Max. 8\u201d (203,2 mm) 3\u2033 (76,2 mm) s\u00fcdamikuga Maks. 6\u201d (152,4 mm) 1,5\u2033 (38,1 mm) s\u00fcdamikuga Maks. 5\u2033 (127 mm) 1\u2033 (25,4 mm) s\u00fcdamikuga<\/td>\n<\/tr>\n<tr>\n<td>S\u00fcdami l\u00e4bim\u00f5\u00f5t<\/td>\n<td>Min. 1\u201d (25,4 mm) \u2013 Maks. 3\u2033 (76,2 mm)<\/td>\n<\/tr>\n<tr>\n<td>Protsessor<\/td>\n<td>32-bitine RISC protsessor<\/td>\n<\/tr>\n<tr>\n<td>M\u00e4lu<\/td>\n<td>V\u00e4lkm\u00e4lu 256 MB \u2022 SDRAM 256 MB<\/td>\n<\/tr>\n<tr>\n<td>Printeri keel<\/td>\n<td>EZPL, GEPL, GZPL, GDPL (automaatne vahetus)<\/td>\n<\/tr>\n<tr>\n<td>Residentsed fondid<\/td>\n<td>Bitmap-fondid: 6, 8, 10, 12, 14, 18, 24, 30 pt, OCR A &amp; B;<br \/>Bitmap-fondid, skaleeritavad kuni 8\u00d7;<br \/>TrueType-fondid (paks\/kaldkiri\/allajoonitud);<br \/>Aasia fondid: traditsiooniline hiina keel, lihtsustatud hiina keel, jaapani keel, korea keel<\/td>\n<\/tr>\n<tr>\n<td>V\u00f6\u00f6tkoodid<\/td>\n<td>1D: Code 39, Code 93, Code 128, EAN-8 \/ EAN-13, UPC-A \/ UPC-E, GS1 DataBar ja palju muud;<br \/>2D: QR-kood, DataMatrix, PDF417, Aztec, MaxiCode, Micro QR, GS1 Composite<\/td>\n<\/tr>\n<tr>\n<td>Liidesed<\/td>\n<td>USB 2.0 (t\u00fc\u00fcp B), jadaport (RS-232, DB-9), Ethernet 10\/100 Mbps, USB-host (A-t\u00fc\u00fcp)<\/td>\n<\/tr>\n<tr>\n<td>Juhtpaneel<\/td>\n<td>Taustvalgustusega 3,2-tolline puutetundlik LCD-ekraan \u2022 1 rohelise LED-taustvalgustusega toitenupp \u2022 1 juhtnupp: S\u00d6\u00d6TMINE\/PAUS\/T\u00dcHISTA kahev\u00e4rvilise LED-taustvalgustusega: Valmis (roheline); Viga (punane) \u2022 1 kalibreerimisnupp tagapaneelil<\/td>\n<\/tr>\n<tr>\n<td>Toide<\/td>\n<td>Automaatne l\u00fclitus 100\u2013240 V vahelduvvool, 50\u201360 Hz<\/td>\n<\/tr>\n<tr>\n<td>Keskkond<\/td>\n<td>T\u00f6\u00f6temperatuur: 5\u201340 \u00b0C;<br \/>S\u00e4ilitamine: -20\u201350 \u00b0C<\/td>\n<\/tr>\n<tr>\n<td>Niiskus<\/td>\n<td>T\u00f6\u00f6temperatuur: 30\u201385% mittekondenseeruv;<br \/>S\u00e4ilitamine: 10%\u201390% mittekondenseeruv<\/td>\n<\/tr>\n<tr>\n<td>M\u00f5\u00f5tmed<\/td>\n<td>465 \u00d7 269 \u00d7 312 mm<\/td>\n<\/tr>\n<tr>\n<td>Kaal<\/td>\n<td>13,6 kg<\/td>\n<\/tr>\n<tr>\n<td>Sertifikaadid<\/td>\n<td>CE (EMC), FCC klass B, CB, UL, cUL, CCC, BSMI, UKCA<\/td>\n<\/tr>\n<tr>\n<td>Garantii<\/td>\n<td>5-aastane piiratud garantii<\/td>\n<\/tr>\n<\/tbody>\n<\/table>\n","protected":false},"excerpt":{"rendered":"<p>Godex ZX1200i on t\u00f6\u00f6stuslik termotransferprinter, mis on m\u00f5eldud k\u00f5rgekvaliteedilise baarikoodide ja teksti printimiseks. 203 dpi resolutsioon tagab selguse ja t\u00e4psuse, mist\u00f5ttu on see suurep\u00e4rane valik ettev\u00f5tetele, millel on k\u00f5rged printimisn\u00f5udmised. Maksimaalne printimislaius on 104 mm ja printimiskiirus kuni 254 mm\/sek, mist\u00f5ttu sobib see printer suure mahuga printimist\u00f6\u00f6deks. Godex ZX1200i toetab erinevaid \u00fchenduvusliideseid, sealhulgas RS-232 (COM port) ja USB, muutes selle lihtsaks olemasolevatesse s\u00fcsteemidesse integreerimiseks.<\/p>\n","protected":false},"featured_media":217204,"template":"","meta":{"inline_featured_image":false},"product_cat":[39148,39163,39164],"product_tag":[],"yoast_head":"<!-- This site is optimized with the Yoast SEO Premium plugin v23.0 (Yoast SEO v23.0) - https:\/\/yoast.com\/wordpress\/plugins\/seo\/ -->\n<title>Godex ZX1200i Pro etiketiprinter, hea hinnaga, osta e-pood - Odav Print<\/title>\n<meta name=\"description\" content=\"Osta Godex ZX1200i Pro etiketiprinter Odav Print \u260e +372 5911 9495 \u2714\ufe0f Parim hind Godex ZX1200i Pro etiketiprinter jaoks \u26df Kiire kohaletoimetamine Eestis \u2b50 Garanteeritud\" \/>\n<meta name=\"robots\" content=\"index, follow, max-snippet:-1, max-image-preview:large, max-video-preview:-1\" \/>\n<link rel=\"canonical\" href=\"https:\/\/odavprint.ee\/en\/product\/godex-zx1200i-pro-etiketiprinter\/\" \/>\n<meta property=\"og:locale\" content=\"en_US\" \/>\n<meta property=\"og:type\" content=\"article\" \/>\n<meta property=\"og:title\" content=\"Godex ZX1200i Pro etiketiprinter\" \/>\n<meta property=\"og:description\" content=\"Osta Godex ZX1200i Pro etiketiprinter Odav Print \u260e +372 5911 9495 \u2714\ufe0f Parim hind Godex ZX1200i Pro etiketiprinter jaoks \u26df Kiire kohaletoimetamine Eestis \u2b50 Garanteeritud\" \/>\n<meta property=\"og:url\" content=\"https:\/\/odavprint.ee\/en\/product\/godex-zx1200i-pro-etiketiprinter\/\" \/>\n<meta property=\"og:site_name\" content=\"Odav Print\" \/>\n<meta property=\"article:modified_time\" content=\"2026-03-02T16:17:35+00:00\" \/>\n<meta name=\"twitter:card\" content=\"summary_large_image\" \/>\n<meta name=\"twitter:label1\" content=\"Price\" \/>\n\t<meta name=\"twitter:data1\" content=\"&euro;1,585.58\" \/>\n\t<meta name=\"twitter:label2\" content=\"Availability\" \/>\n\t<meta name=\"twitter:data2\" content=\"In stock\" \/>\n<script type=\"application\/ld+json\" class=\"yoast-schema-graph\">{\"@context\":\"https:\/\/schema.org\",\"@graph\":[{\"@type\":[\"WebPage\",\"ItemPage\"],\"@id\":\"https:\/\/odavprint.ee\/en\/product\/godex-zx1200i-pro-etiketiprinter\/\",\"url\":\"https:\/\/odavprint.ee\/en\/product\/godex-zx1200i-pro-etiketiprinter\/\",\"name\":\"Godex ZX1200i Pro etiketiprinter, hea hinnaga, osta e-pood - Odav Print\",\"isPartOf\":{\"@id\":\"https:\/\/odavprint.ee\/en\/#website\"},\"primaryImageOfPage\":{\"@id\":\"https:\/\/odavprint.ee\/en\/product\/godex-zx1200i-pro-etiketiprinter\/#primaryimage\"},\"image\":{\"@id\":\"https:\/\/odavprint.ee\/en\/product\/godex-zx1200i-pro-etiketiprinter\/#primaryimage\"},\"thumbnailUrl\":\"https:\/\/odavprint.ee\/wp-content\/uploads\/2026\/02\/godex-zx1200i-label-printer-1.jpg\",\"datePublished\":\"2026-02-19T20:04:20+00:00\",\"dateModified\":\"2026-03-02T16:17:35+00:00\",\"description\":\"Osta Godex ZX1200i Pro etiketiprinter Odav Print \u260e +372 5911 9495 \u2714\ufe0f Parim hind Godex ZX1200i Pro etiketiprinter jaoks \u26df Kiire kohaletoimetamine Eestis \u2b50 Garanteeritud\",\"breadcrumb\":{\"@id\":\"https:\/\/odavprint.ee\/en\/product\/godex-zx1200i-pro-etiketiprinter\/#breadcrumb\"},\"inLanguage\":\"en-US\",\"potentialAction\":[{\"@type\":\"ReadAction\",\"target\":[\"https:\/\/odavprint.ee\/en\/product\/godex-zx1200i-pro-etiketiprinter\/\"]}]},{\"@type\":\"ImageObject\",\"inLanguage\":\"en-US\",\"@id\":\"https:\/\/odavprint.ee\/en\/product\/godex-zx1200i-pro-etiketiprinter\/#primaryimage\",\"url\":\"https:\/\/odavprint.ee\/wp-content\/uploads\/2026\/02\/godex-zx1200i-label-printer-1.jpg\",\"contentUrl\":\"https:\/\/odavprint.ee\/wp-content\/uploads\/2026\/02\/godex-zx1200i-label-printer-1.jpg\",\"width\":2500,\"height\":2500},{\"@type\":\"BreadcrumbList\",\"@id\":\"https:\/\/odavprint.ee\/en\/product\/godex-zx1200i-pro-etiketiprinter\/#breadcrumb\",\"itemListElement\":[{\"@type\":\"ListItem\",\"position\":1,\"name\":\"Home\",\"item\":\"https:\/\/odavprint.ee\/en\/\"},{\"@type\":\"ListItem\",\"position\":2,\"name\":\"Shop\",\"item\":\"https:\/\/odavprint.ee\/en\/shop\/\"},{\"@type\":\"ListItem\",\"position\":3,\"name\":\"Godex ZX1200i Pro etiketiprinter\"}]},{\"@type\":\"WebSite\",\"@id\":\"https:\/\/odavprint.ee\/en\/#website\",\"url\":\"https:\/\/odavprint.ee\/en\/\",\"name\":\"Odav Print\",\"description\":\"Just another WordPress site\",\"publisher\":{\"@id\":\"https:\/\/odavprint.ee\/en\/#organization\"},\"alternateName\":\"Kassettide, toonerite t\u00e4itmine ja m\u00fc\u00fck.\",\"potentialAction\":[{\"@type\":\"SearchAction\",\"target\":{\"@type\":\"EntryPoint\",\"urlTemplate\":\"https:\/\/odavprint.ee\/en\/?s={search_term_string}\"},\"query-input\":\"required name=search_term_string\"}],\"inLanguage\":\"en-US\"},{\"@type\":[\"Organization\",\"Place\"],\"@id\":\"https:\/\/odavprint.ee\/en\/#organization\",\"name\":\"Odav Print O\u00dc\",\"url\":\"https:\/\/odavprint.ee\/en\/\",\"logo\":{\"@id\":\"https:\/\/odavprint.ee\/en\/product\/godex-zx1200i-pro-etiketiprinter\/#local-main-organization-logo\"},\"image\":{\"@id\":\"https:\/\/odavprint.ee\/en\/product\/godex-zx1200i-pro-etiketiprinter\/#local-main-organization-logo\"},\"address\":{\"@id\":\"https:\/\/odavprint.ee\/en\/product\/godex-zx1200i-pro-etiketiprinter\/#local-main-place-address\"},\"geo\":{\"@type\":\"GeoCoordinates\",\"latitude\":\"59.4306504\",\"longitude\":\"24.8095743\"},\"telephone\":[\"53836926\"],\"openingHoursSpecification\":[{\"@type\":\"OpeningHoursSpecification\",\"dayOfWeek\":[\"Monday\",\"Tuesday\",\"Wednesday\",\"Thursday\",\"Friday\",\"Saturday\",\"Sunday\"],\"opens\":\"09:00\",\"closes\":\"17:00\"}],\"email\":\"info@odavprint.eu\"},{\"@type\":\"PostalAddress\",\"@id\":\"https:\/\/odavprint.ee\/en\/product\/godex-zx1200i-pro-etiketiprinter\/#local-main-place-address\",\"streetAddress\":\"Pae tn 28\",\"addressLocality\":\"Tallinn\",\"postalCode\":\"11415\",\"addressRegion\":\"Harjumaa\",\"addressCountry\":\"EE\"},{\"@type\":\"ImageObject\",\"inLanguage\":\"en-US\",\"@id\":\"https:\/\/odavprint.ee\/en\/product\/godex-zx1200i-pro-etiketiprinter\/#local-main-organization-logo\",\"url\":\"https:\/\/odavprint.ee\/wp-content\/uploads\/2018\/10\/odavprint-logo-240.jpg\",\"contentUrl\":\"https:\/\/odavprint.ee\/wp-content\/uploads\/2018\/10\/odavprint-logo-240.jpg\",\"width\":240,\"height\":36,\"caption\":\"Odav Print O\u00dc\"}]}<\/script>\n<meta property=\"product:price:amount\" content=\"1585.58\" \/>\n<meta property=\"product:price:currency\" content=\"EUR\" \/>\n<meta property=\"og:availability\" content=\"instock\" \/>\n<meta property=\"product:availability\" content=\"instock\" \/>\n<meta property=\"product:condition\" content=\"new\" \/>\n<meta name=\"geo.placename\" content=\"Tallinn\" \/>\n<meta name=\"geo.position\" content=\"59.4306504;24.8095743\" \/>\n<meta name=\"geo.region\" content=\"Estonia\" \/>\n<!-- \/ Yoast SEO Premium plugin. -->","yoast_head_json":{"title":"Godex ZX1200i Pro etiketiprinter, hea hinnaga, osta e-pood - Odav Print","description":"Osta Godex ZX1200i Pro etiketiprinter Odav Print \u260e +372 5911 9495 \u2714\ufe0f Parim hind Godex ZX1200i Pro etiketiprinter jaoks \u26df Kiire kohaletoimetamine Eestis \u2b50 Garanteeritud","robots":{"index":"index","follow":"follow","max-snippet":"max-snippet:-1","max-image-preview":"max-image-preview:large","max-video-preview":"max-video-preview:-1"},"canonical":"https:\/\/odavprint.ee\/en\/product\/godex-zx1200i-pro-etiketiprinter\/","og_locale":"en_US","og_type":"article","og_title":"Godex ZX1200i Pro etiketiprinter","og_description":"Osta Godex ZX1200i Pro etiketiprinter Odav Print \u260e +372 5911 9495 \u2714\ufe0f Parim hind Godex ZX1200i Pro etiketiprinter jaoks \u26df Kiire kohaletoimetamine Eestis \u2b50 Garanteeritud","og_url":"https:\/\/odavprint.ee\/en\/product\/godex-zx1200i-pro-etiketiprinter\/","og_site_name":"Odav Print","article_modified_time":"2026-03-02T16:17:35+00:00","twitter_card":"summary_large_image","twitter_misc":{"Price":"&euro;1,585.58","Availability":"In stock"},"schema":{"@context":"https:\/\/schema.org","@graph":[{"@type":["WebPage","ItemPage"],"@id":"https:\/\/odavprint.ee\/en\/product\/godex-zx1200i-pro-etiketiprinter\/","url":"https:\/\/odavprint.ee\/en\/product\/godex-zx1200i-pro-etiketiprinter\/","name":"Godex ZX1200i Pro etiketiprinter, hea hinnaga, osta e-pood - Odav Print","isPartOf":{"@id":"https:\/\/odavprint.ee\/en\/#website"},"primaryImageOfPage":{"@id":"https:\/\/odavprint.ee\/en\/product\/godex-zx1200i-pro-etiketiprinter\/#primaryimage"},"image":{"@id":"https:\/\/odavprint.ee\/en\/product\/godex-zx1200i-pro-etiketiprinter\/#primaryimage"},"thumbnailUrl":"https:\/\/odavprint.ee\/wp-content\/uploads\/2026\/02\/godex-zx1200i-label-printer-1.jpg","datePublished":"2026-02-19T20:04:20+00:00","dateModified":"2026-03-02T16:17:35+00:00","description":"Osta Godex ZX1200i Pro etiketiprinter Odav Print \u260e +372 5911 9495 \u2714\ufe0f Parim hind Godex ZX1200i Pro etiketiprinter jaoks \u26df Kiire kohaletoimetamine Eestis \u2b50 Garanteeritud","breadcrumb":{"@id":"https:\/\/odavprint.ee\/en\/product\/godex-zx1200i-pro-etiketiprinter\/#breadcrumb"},"inLanguage":"en-US","potentialAction":[{"@type":"ReadAction","target":["https:\/\/odavprint.ee\/en\/product\/godex-zx1200i-pro-etiketiprinter\/"]}]},{"@type":"ImageObject","inLanguage":"en-US","@id":"https:\/\/odavprint.ee\/en\/product\/godex-zx1200i-pro-etiketiprinter\/#primaryimage","url":"https:\/\/odavprint.ee\/wp-content\/uploads\/2026\/02\/godex-zx1200i-label-printer-1.jpg","contentUrl":"https:\/\/odavprint.ee\/wp-content\/uploads\/2026\/02\/godex-zx1200i-label-printer-1.jpg","width":2500,"height":2500},{"@type":"BreadcrumbList","@id":"https:\/\/odavprint.ee\/en\/product\/godex-zx1200i-pro-etiketiprinter\/#breadcrumb","itemListElement":[{"@type":"ListItem","position":1,"name":"Home","item":"https:\/\/odavprint.ee\/en\/"},{"@type":"ListItem","position":2,"name":"Shop","item":"https:\/\/odavprint.ee\/en\/shop\/"},{"@type":"ListItem","position":3,"name":"Godex ZX1200i Pro etiketiprinter"}]},{"@type":"WebSite","@id":"https:\/\/odavprint.ee\/en\/#website","url":"https:\/\/odavprint.ee\/en\/","name":"Odav Print","description":"Just another WordPress site","publisher":{"@id":"https:\/\/odavprint.ee\/en\/#organization"},"alternateName":"Kassettide, toonerite t\u00e4itmine ja m\u00fc\u00fck.","potentialAction":[{"@type":"SearchAction","target":{"@type":"EntryPoint","urlTemplate":"https:\/\/odavprint.ee\/en\/?s={search_term_string}"},"query-input":"required name=search_term_string"}],"inLanguage":"en-US"},{"@type":["Organization","Place"],"@id":"https:\/\/odavprint.ee\/en\/#organization","name":"Odav Print O\u00dc","url":"https:\/\/odavprint.ee\/en\/","logo":{"@id":"https:\/\/odavprint.ee\/en\/product\/godex-zx1200i-pro-etiketiprinter\/#local-main-organization-logo"},"image":{"@id":"https:\/\/odavprint.ee\/en\/product\/godex-zx1200i-pro-etiketiprinter\/#local-main-organization-logo"},"address":{"@id":"https:\/\/odavprint.ee\/en\/product\/godex-zx1200i-pro-etiketiprinter\/#local-main-place-address"},"geo":{"@type":"GeoCoordinates","latitude":"59.4306504","longitude":"24.8095743"},"telephone":["53836926"],"openingHoursSpecification":[{"@type":"OpeningHoursSpecification","dayOfWeek":["Monday","Tuesday","Wednesday","Thursday","Friday","Saturday","Sunday"],"opens":"09:00","closes":"17:00"}],"email":"info@odavprint.eu"},{"@type":"PostalAddress","@id":"https:\/\/odavprint.ee\/en\/product\/godex-zx1200i-pro-etiketiprinter\/#local-main-place-address","streetAddress":"Pae tn 28","addressLocality":"Tallinn","postalCode":"11415","addressRegion":"Harjumaa","addressCountry":"EE"},{"@type":"ImageObject","inLanguage":"en-US","@id":"https:\/\/odavprint.ee\/en\/product\/godex-zx1200i-pro-etiketiprinter\/#local-main-organization-logo","url":"https:\/\/odavprint.ee\/wp-content\/uploads\/2018\/10\/odavprint-logo-240.jpg","contentUrl":"https:\/\/odavprint.ee\/wp-content\/uploads\/2018\/10\/odavprint-logo-240.jpg","width":240,"height":36,"caption":"Odav Print O\u00dc"}]},"product_price_amount":"1585.58","product_price_currency":"EUR","og_availability":"instock","product_availability":"instock","product_condition":"new","geo.placename":"Tallinn","geo.position":{"lat":"59.4306504","long":"24.8095743"},"geo.region":"Estonia"},"_links":{"self":[{"href":"https:\/\/odavprint.ee\/en\/wp-json\/wp\/v2\/product\/217203"}],"collection":[{"href":"https:\/\/odavprint.ee\/en\/wp-json\/wp\/v2\/product"}],"about":[{"href":"https:\/\/odavprint.ee\/en\/wp-json\/wp\/v2\/types\/product"}],"wp:featuredmedia":[{"embeddable":true,"href":"https:\/\/odavprint.ee\/en\/wp-json\/wp\/v2\/media\/217204"}],"wp:attachment":[{"href":"https:\/\/odavprint.ee\/en\/wp-json\/wp\/v2\/media?parent=217203"}],"wp:term":[{"taxonomy":"product_cat","embeddable":true,"href":"https:\/\/odavprint.ee\/en\/wp-json\/wp\/v2\/product_cat?post=217203"},{"taxonomy":"product_tag","embeddable":true,"href":"https:\/\/odavprint.ee\/en\/wp-json\/wp\/v2\/product_tag?post=217203"}],"curies":[{"name":"wp","href":"https:\/\/api.w.org\/{rel}","templated":true}]}}