{"id":217599,"date":"2026-02-19T23:05:14","date_gmt":"2026-02-19T21:05:14","guid":{"rendered":"https:\/\/odavprint.ee\/?post_type=product&#038;p=217599"},"modified":"2026-03-02T18:17:43","modified_gmt":"2026-03-02T16:17:43","slug":"dymo-40921-d1-kleepkirjalint-dore-analoog","status":"publish","type":"product","link":"https:\/\/odavprint.ee\/en\/product\/dymo-40921-d1-kleepkirjalint-dore-analoog\/","title":{"rendered":"Dymo 40921 D1 kleepkirjalint Dore analoog"},"content":{"rendered":"<p><strong>Printeritele:<\/strong><\/p>\n<p>Dymo 2000, Dymo 3500, DYMO 5500, Dymo LabelManager 110, Dymo LabelManager 200, Dymo LabelManager 300, DYMO LabelManager 400, DYMO LabelManager 360D, DYMO LabelManager 450D, DYMO LabelPoint 100, DYMO LabelPoint 150, DYMO LabelPoint 200, DYMO LabelPoint 300, DYMO LabelPoint 350, Dymo LabelManager 220P, DYMO LabelPoint 250, Dymo LabelManager 210D, Dymo LabelManager 160, Dymo LabelManager 280, Dymo LM 100+, Dymo LM 350, Dymo LabelManager 120P, Dymo LabelManager 150, Dymo LabelManager 260P<\/p>\n<p><strong>Suurus: 9mm x 7m<\/strong><\/p>\n<p><strong>V\u00e4rv: must valgel<\/strong><\/p>\n","protected":false},"excerpt":{"rendered":"<p><strong>Suurus: 9mm x 7m<\/strong><\/p>\n<p><strong>V\u00e4rv: must valgel<\/strong><\/p><\/p>\n","protected":false},"featured_media":217600,"template":"","meta":{"inline_featured_image":false},"product_cat":[39148,39157,39159],"product_tag":[],"yoast_head":"<!-- This site is optimized with the Yoast SEO Premium plugin v23.0 (Yoast SEO v23.0) - https:\/\/yoast.com\/wordpress\/plugins\/seo\/ -->\n<title>Dymo 40921 D1 kleepkirjalint Dore analoog, hea hinnaga, osta e-pood - Odav Print<\/title>\n<meta name=\"description\" content=\"Osta Dymo 40921 D1 kleepkirjalint Dore analoog Odav Print \u260e +372 5911 9495 \u2714\ufe0f Parim hind Dymo 40921 D1 kleepkirjalint Dore analoog jaoks \u26df Kiire kohaletoimetamine Eestis \u2b50 Garanteeritud\" \/>\n<meta name=\"robots\" content=\"index, follow, max-snippet:-1, max-image-preview:large, max-video-preview:-1\" \/>\n<link rel=\"canonical\" href=\"https:\/\/odavprint.ee\/en\/product\/dymo-40921-d1-kleepkirjalint-dore-analoog\/\" \/>\n<meta property=\"og:locale\" content=\"en_US\" \/>\n<meta property=\"og:type\" content=\"article\" \/>\n<meta property=\"og:title\" content=\"Dymo 40921 D1 kleepkirjalint Dore analoog\" \/>\n<meta property=\"og:description\" content=\"Osta Dymo 40921 D1 kleepkirjalint Dore analoog Odav Print \u260e +372 5911 9495 \u2714\ufe0f Parim hind Dymo 40921 D1 kleepkirjalint Dore analoog jaoks \u26df Kiire kohaletoimetamine Eestis \u2b50 Garanteeritud\" \/>\n<meta property=\"og:url\" content=\"https:\/\/odavprint.ee\/en\/product\/dymo-40921-d1-kleepkirjalint-dore-analoog\/\" \/>\n<meta property=\"og:site_name\" content=\"Odav Print\" \/>\n<meta property=\"article:modified_time\" content=\"2026-03-02T16:17:43+00:00\" \/>\n<meta name=\"twitter:card\" content=\"summary_large_image\" \/>\n<meta name=\"twitter:label1\" content=\"Price\" \/>\n\t<meta name=\"twitter:data1\" content=\"&euro;5.68\" \/>\n\t<meta name=\"twitter:label2\" content=\"Availability\" \/>\n\t<meta name=\"twitter:data2\" content=\"In stock\" \/>\n<script type=\"application\/ld+json\" class=\"yoast-schema-graph\">{\"@context\":\"https:\/\/schema.org\",\"@graph\":[{\"@type\":[\"WebPage\",\"ItemPage\"],\"@id\":\"https:\/\/odavprint.ee\/en\/product\/dymo-40921-d1-kleepkirjalint-dore-analoog\/\",\"url\":\"https:\/\/odavprint.ee\/en\/product\/dymo-40921-d1-kleepkirjalint-dore-analoog\/\",\"name\":\"Dymo 40921 D1 kleepkirjalint Dore analoog, hea hinnaga, osta e-pood - Odav Print\",\"isPartOf\":{\"@id\":\"https:\/\/odavprint.ee\/en\/#website\"},\"primaryImageOfPage\":{\"@id\":\"https:\/\/odavprint.ee\/en\/product\/dymo-40921-d1-kleepkirjalint-dore-analoog\/#primaryimage\"},\"image\":{\"@id\":\"https:\/\/odavprint.ee\/en\/product\/dymo-40921-d1-kleepkirjalint-dore-analoog\/#primaryimage\"},\"thumbnailUrl\":\"https:\/\/odavprint.ee\/wp-content\/uploads\/2026\/02\/dymo-40921-d1-label-tape-dore-compatible.jpg\",\"datePublished\":\"2026-02-19T21:05:14+00:00\",\"dateModified\":\"2026-03-02T16:17:43+00:00\",\"description\":\"Osta Dymo 40921 D1 kleepkirjalint Dore analoog Odav Print \u260e +372 5911 9495 \u2714\ufe0f Parim hind Dymo 40921 D1 kleepkirjalint Dore analoog jaoks \u26df Kiire kohaletoimetamine Eestis \u2b50 Garanteeritud\",\"breadcrumb\":{\"@id\":\"https:\/\/odavprint.ee\/en\/product\/dymo-40921-d1-kleepkirjalint-dore-analoog\/#breadcrumb\"},\"inLanguage\":\"en-US\",\"potentialAction\":[{\"@type\":\"ReadAction\",\"target\":[\"https:\/\/odavprint.ee\/en\/product\/dymo-40921-d1-kleepkirjalint-dore-analoog\/\"]}]},{\"@type\":\"ImageObject\",\"inLanguage\":\"en-US\",\"@id\":\"https:\/\/odavprint.ee\/en\/product\/dymo-40921-d1-kleepkirjalint-dore-analoog\/#primaryimage\",\"url\":\"https:\/\/odavprint.ee\/wp-content\/uploads\/2026\/02\/dymo-40921-d1-label-tape-dore-compatible.jpg\",\"contentUrl\":\"https:\/\/odavprint.ee\/wp-content\/uploads\/2026\/02\/dymo-40921-d1-label-tape-dore-compatible.jpg\",\"width\":2500,\"height\":2500},{\"@type\":\"BreadcrumbList\",\"@id\":\"https:\/\/odavprint.ee\/en\/product\/dymo-40921-d1-kleepkirjalint-dore-analoog\/#breadcrumb\",\"itemListElement\":[{\"@type\":\"ListItem\",\"position\":1,\"name\":\"Home\",\"item\":\"https:\/\/odavprint.ee\/en\/\"},{\"@type\":\"ListItem\",\"position\":2,\"name\":\"Shop\",\"item\":\"https:\/\/odavprint.ee\/en\/shop\/\"},{\"@type\":\"ListItem\",\"position\":3,\"name\":\"Dymo 40921 D1 kleepkirjalint Dore analoog\"}]},{\"@type\":\"WebSite\",\"@id\":\"https:\/\/odavprint.ee\/en\/#website\",\"url\":\"https:\/\/odavprint.ee\/en\/\",\"name\":\"Odav Print\",\"description\":\"Just another WordPress site\",\"publisher\":{\"@id\":\"https:\/\/odavprint.ee\/en\/#organization\"},\"alternateName\":\"Kassettide, toonerite t\u00e4itmine ja m\u00fc\u00fck.\",\"potentialAction\":[{\"@type\":\"SearchAction\",\"target\":{\"@type\":\"EntryPoint\",\"urlTemplate\":\"https:\/\/odavprint.ee\/en\/?s={search_term_string}\"},\"query-input\":\"required name=search_term_string\"}],\"inLanguage\":\"en-US\"},{\"@type\":[\"Organization\",\"Place\"],\"@id\":\"https:\/\/odavprint.ee\/en\/#organization\",\"name\":\"Odav Print O\u00dc\",\"url\":\"https:\/\/odavprint.ee\/en\/\",\"logo\":{\"@id\":\"https:\/\/odavprint.ee\/en\/product\/dymo-40921-d1-kleepkirjalint-dore-analoog\/#local-main-organization-logo\"},\"image\":{\"@id\":\"https:\/\/odavprint.ee\/en\/product\/dymo-40921-d1-kleepkirjalint-dore-analoog\/#local-main-organization-logo\"},\"address\":{\"@id\":\"https:\/\/odavprint.ee\/en\/product\/dymo-40921-d1-kleepkirjalint-dore-analoog\/#local-main-place-address\"},\"geo\":{\"@type\":\"GeoCoordinates\",\"latitude\":\"59.4306504\",\"longitude\":\"24.8095743\"},\"telephone\":[\"53836926\"],\"openingHoursSpecification\":[{\"@type\":\"OpeningHoursSpecification\",\"dayOfWeek\":[\"Monday\",\"Tuesday\",\"Wednesday\",\"Thursday\",\"Friday\",\"Saturday\",\"Sunday\"],\"opens\":\"09:00\",\"closes\":\"17:00\"}],\"email\":\"info@odavprint.eu\"},{\"@type\":\"PostalAddress\",\"@id\":\"https:\/\/odavprint.ee\/en\/product\/dymo-40921-d1-kleepkirjalint-dore-analoog\/#local-main-place-address\",\"streetAddress\":\"Pae tn 28\",\"addressLocality\":\"Tallinn\",\"postalCode\":\"11415\",\"addressRegion\":\"Harjumaa\",\"addressCountry\":\"EE\"},{\"@type\":\"ImageObject\",\"inLanguage\":\"en-US\",\"@id\":\"https:\/\/odavprint.ee\/en\/product\/dymo-40921-d1-kleepkirjalint-dore-analoog\/#local-main-organization-logo\",\"url\":\"https:\/\/odavprint.ee\/wp-content\/uploads\/2018\/10\/odavprint-logo-240.jpg\",\"contentUrl\":\"https:\/\/odavprint.ee\/wp-content\/uploads\/2018\/10\/odavprint-logo-240.jpg\",\"width\":240,\"height\":36,\"caption\":\"Odav Print O\u00dc\"}]}<\/script>\n<meta property=\"product:price:amount\" content=\"5.68\" \/>\n<meta property=\"product:price:currency\" content=\"EUR\" \/>\n<meta property=\"og:availability\" content=\"instock\" \/>\n<meta property=\"product:availability\" content=\"instock\" \/>\n<meta property=\"product:condition\" content=\"new\" \/>\n<meta name=\"geo.placename\" content=\"Tallinn\" \/>\n<meta name=\"geo.position\" content=\"59.4306504;24.8095743\" \/>\n<meta name=\"geo.region\" content=\"Estonia\" \/>\n<!-- \/ Yoast SEO Premium plugin. -->","yoast_head_json":{"title":"Dymo 40921 D1 kleepkirjalint Dore analoog, hea hinnaga, osta e-pood - Odav Print","description":"Osta Dymo 40921 D1 kleepkirjalint Dore analoog Odav Print \u260e +372 5911 9495 \u2714\ufe0f Parim hind Dymo 40921 D1 kleepkirjalint Dore analoog jaoks \u26df Kiire kohaletoimetamine Eestis \u2b50 Garanteeritud","robots":{"index":"index","follow":"follow","max-snippet":"max-snippet:-1","max-image-preview":"max-image-preview:large","max-video-preview":"max-video-preview:-1"},"canonical":"https:\/\/odavprint.ee\/en\/product\/dymo-40921-d1-kleepkirjalint-dore-analoog\/","og_locale":"en_US","og_type":"article","og_title":"Dymo 40921 D1 kleepkirjalint Dore analoog","og_description":"Osta Dymo 40921 D1 kleepkirjalint Dore analoog Odav Print \u260e +372 5911 9495 \u2714\ufe0f Parim hind Dymo 40921 D1 kleepkirjalint Dore analoog jaoks \u26df Kiire kohaletoimetamine Eestis \u2b50 Garanteeritud","og_url":"https:\/\/odavprint.ee\/en\/product\/dymo-40921-d1-kleepkirjalint-dore-analoog\/","og_site_name":"Odav Print","article_modified_time":"2026-03-02T16:17:43+00:00","twitter_card":"summary_large_image","twitter_misc":{"Price":"&euro;5.68","Availability":"In stock"},"schema":{"@context":"https:\/\/schema.org","@graph":[{"@type":["WebPage","ItemPage"],"@id":"https:\/\/odavprint.ee\/en\/product\/dymo-40921-d1-kleepkirjalint-dore-analoog\/","url":"https:\/\/odavprint.ee\/en\/product\/dymo-40921-d1-kleepkirjalint-dore-analoog\/","name":"Dymo 40921 D1 kleepkirjalint Dore analoog, hea hinnaga, osta e-pood - Odav Print","isPartOf":{"@id":"https:\/\/odavprint.ee\/en\/#website"},"primaryImageOfPage":{"@id":"https:\/\/odavprint.ee\/en\/product\/dymo-40921-d1-kleepkirjalint-dore-analoog\/#primaryimage"},"image":{"@id":"https:\/\/odavprint.ee\/en\/product\/dymo-40921-d1-kleepkirjalint-dore-analoog\/#primaryimage"},"thumbnailUrl":"https:\/\/odavprint.ee\/wp-content\/uploads\/2026\/02\/dymo-40921-d1-label-tape-dore-compatible.jpg","datePublished":"2026-02-19T21:05:14+00:00","dateModified":"2026-03-02T16:17:43+00:00","description":"Osta Dymo 40921 D1 kleepkirjalint Dore analoog Odav Print \u260e +372 5911 9495 \u2714\ufe0f Parim hind Dymo 40921 D1 kleepkirjalint Dore analoog jaoks \u26df Kiire kohaletoimetamine Eestis \u2b50 Garanteeritud","breadcrumb":{"@id":"https:\/\/odavprint.ee\/en\/product\/dymo-40921-d1-kleepkirjalint-dore-analoog\/#breadcrumb"},"inLanguage":"en-US","potentialAction":[{"@type":"ReadAction","target":["https:\/\/odavprint.ee\/en\/product\/dymo-40921-d1-kleepkirjalint-dore-analoog\/"]}]},{"@type":"ImageObject","inLanguage":"en-US","@id":"https:\/\/odavprint.ee\/en\/product\/dymo-40921-d1-kleepkirjalint-dore-analoog\/#primaryimage","url":"https:\/\/odavprint.ee\/wp-content\/uploads\/2026\/02\/dymo-40921-d1-label-tape-dore-compatible.jpg","contentUrl":"https:\/\/odavprint.ee\/wp-content\/uploads\/2026\/02\/dymo-40921-d1-label-tape-dore-compatible.jpg","width":2500,"height":2500},{"@type":"BreadcrumbList","@id":"https:\/\/odavprint.ee\/en\/product\/dymo-40921-d1-kleepkirjalint-dore-analoog\/#breadcrumb","itemListElement":[{"@type":"ListItem","position":1,"name":"Home","item":"https:\/\/odavprint.ee\/en\/"},{"@type":"ListItem","position":2,"name":"Shop","item":"https:\/\/odavprint.ee\/en\/shop\/"},{"@type":"ListItem","position":3,"name":"Dymo 40921 D1 kleepkirjalint Dore analoog"}]},{"@type":"WebSite","@id":"https:\/\/odavprint.ee\/en\/#website","url":"https:\/\/odavprint.ee\/en\/","name":"Odav Print","description":"Just another WordPress site","publisher":{"@id":"https:\/\/odavprint.ee\/en\/#organization"},"alternateName":"Kassettide, toonerite t\u00e4itmine ja m\u00fc\u00fck.","potentialAction":[{"@type":"SearchAction","target":{"@type":"EntryPoint","urlTemplate":"https:\/\/odavprint.ee\/en\/?s={search_term_string}"},"query-input":"required name=search_term_string"}],"inLanguage":"en-US"},{"@type":["Organization","Place"],"@id":"https:\/\/odavprint.ee\/en\/#organization","name":"Odav Print O\u00dc","url":"https:\/\/odavprint.ee\/en\/","logo":{"@id":"https:\/\/odavprint.ee\/en\/product\/dymo-40921-d1-kleepkirjalint-dore-analoog\/#local-main-organization-logo"},"image":{"@id":"https:\/\/odavprint.ee\/en\/product\/dymo-40921-d1-kleepkirjalint-dore-analoog\/#local-main-organization-logo"},"address":{"@id":"https:\/\/odavprint.ee\/en\/product\/dymo-40921-d1-kleepkirjalint-dore-analoog\/#local-main-place-address"},"geo":{"@type":"GeoCoordinates","latitude":"59.4306504","longitude":"24.8095743"},"telephone":["53836926"],"openingHoursSpecification":[{"@type":"OpeningHoursSpecification","dayOfWeek":["Monday","Tuesday","Wednesday","Thursday","Friday","Saturday","Sunday"],"opens":"09:00","closes":"17:00"}],"email":"info@odavprint.eu"},{"@type":"PostalAddress","@id":"https:\/\/odavprint.ee\/en\/product\/dymo-40921-d1-kleepkirjalint-dore-analoog\/#local-main-place-address","streetAddress":"Pae tn 28","addressLocality":"Tallinn","postalCode":"11415","addressRegion":"Harjumaa","addressCountry":"EE"},{"@type":"ImageObject","inLanguage":"en-US","@id":"https:\/\/odavprint.ee\/en\/product\/dymo-40921-d1-kleepkirjalint-dore-analoog\/#local-main-organization-logo","url":"https:\/\/odavprint.ee\/wp-content\/uploads\/2018\/10\/odavprint-logo-240.jpg","contentUrl":"https:\/\/odavprint.ee\/wp-content\/uploads\/2018\/10\/odavprint-logo-240.jpg","width":240,"height":36,"caption":"Odav Print O\u00dc"}]},"product_price_amount":"5.68","product_price_currency":"EUR","og_availability":"instock","product_availability":"instock","product_condition":"new","geo.placename":"Tallinn","geo.position":{"lat":"59.4306504","long":"24.8095743"},"geo.region":"Estonia"},"_links":{"self":[{"href":"https:\/\/odavprint.ee\/en\/wp-json\/wp\/v2\/product\/217599"}],"collection":[{"href":"https:\/\/odavprint.ee\/en\/wp-json\/wp\/v2\/product"}],"about":[{"href":"https:\/\/odavprint.ee\/en\/wp-json\/wp\/v2\/types\/product"}],"wp:featuredmedia":[{"embeddable":true,"href":"https:\/\/odavprint.ee\/en\/wp-json\/wp\/v2\/media\/217600"}],"wp:attachment":[{"href":"https:\/\/odavprint.ee\/en\/wp-json\/wp\/v2\/media?parent=217599"}],"wp:term":[{"taxonomy":"product_cat","embeddable":true,"href":"https:\/\/odavprint.ee\/en\/wp-json\/wp\/v2\/product_cat?post=217599"},{"taxonomy":"product_tag","embeddable":true,"href":"https:\/\/odavprint.ee\/en\/wp-json\/wp\/v2\/product_tag?post=217599"}],"curies":[{"name":"wp","href":"https:\/\/api.w.org\/{rel}","templated":true}]}}