{"id":218211,"date":"2026-02-20T00:35:27","date_gmt":"2026-02-19T22:35:27","guid":{"rendered":"https:\/\/odavprint.ee\/?post_type=product&#038;p=218211"},"modified":"2026-03-02T18:17:57","modified_gmt":"2026-03-02T16:17:57","slug":"brother-pt-h100r2xg1-pth100r2xg1-etiketiprinter","status":"publish","type":"product","link":"https:\/\/odavprint.ee\/en\/product\/brother-pt-h100r2xg1-pth100r2xg1-etiketiprinter\/","title":{"rendered":"Brother PT-H100R2XG1 PTH100R2XG1 etiketiprinter"},"content":{"rendered":"<p style=\"margin-right:50%;color:#000000;\">The PT-H100 makes it easy to create stylish labels for your home or on-the-go. With its one-touch formatting keys and array of pre-designed labels, getting organized just got easier. Create personalized, decorative labels using a variety of frames, symbols and auto design templates. Conveniently organize your wires and cables using the built-in cable labeling feature. The portable, handheld design makes it perfect for use away from your desk.<\/p>\n<\/p>\n<p style=\"margin-right:50%;color:#000000;\">One-touch keys &#8211; quickly access font sizes, styles, frames and patterns Portable, handheld design &#8211; perfect for &#8220;on-the-go&#8221; use Cable labeling feature to organize your wires and cables Easy-access memory, store up to 9 &#8220;Favorite&#8221; labels 12 Deco Mode patterns, plus 9 auto design formats Print 1 or 2 lines of text Label faster using one of the decorative, pre-formatted label designs Split-back labels for easy peel and stick<\/p>\n","protected":false},"excerpt":{"rendered":"<p>The PT-H100 makes it easy to create stylish labels for your home or on-the-go. With its one-touch formatting keys and array of pre-designed labels, getting organized just got easier. Create personalized, decorative labels using a variety of frames, symbols and auto design templates. Conveniently organize your wires and cables using the built-in cable labeling feature. [&#8230;]\n","protected":false},"featured_media":218212,"template":"","meta":{"inline_featured_image":false},"product_cat":[39148,39163,39165],"product_tag":[],"yoast_head":"<!-- This site is optimized with the Yoast SEO Premium plugin v23.0 (Yoast SEO v23.0) - https:\/\/yoast.com\/wordpress\/plugins\/seo\/ -->\n<title>Brother PT-H100R2XG1 PTH100R2XG1 etiketiprinter, hea hinnaga, osta e-pood - Odav Print<\/title>\n<meta name=\"description\" content=\"Osta Brother PT-H100R2XG1 PTH100R2XG1 etiketiprinter Odav Print \u260e +372 5911 9495 \u2714\ufe0f Parim hind Brother PT-H100R2XG1 PTH100R2XG1 etiketiprinter jaoks \u26df Kiire kohaletoimetamine Eestis \u2b50 Garanteeritud\" \/>\n<meta name=\"robots\" content=\"index, follow, max-snippet:-1, max-image-preview:large, max-video-preview:-1\" \/>\n<link rel=\"canonical\" href=\"https:\/\/odavprint.ee\/en\/product\/brother-pt-h100r2xg1-pth100r2xg1-etiketiprinter\/\" \/>\n<meta property=\"og:locale\" content=\"en_US\" \/>\n<meta property=\"og:type\" content=\"article\" \/>\n<meta property=\"og:title\" content=\"Brother PT-H100R2XG1 PTH100R2XG1 etiketiprinter\" \/>\n<meta property=\"og:description\" content=\"Osta Brother PT-H100R2XG1 PTH100R2XG1 etiketiprinter Odav Print \u260e +372 5911 9495 \u2714\ufe0f Parim hind Brother PT-H100R2XG1 PTH100R2XG1 etiketiprinter jaoks \u26df Kiire kohaletoimetamine Eestis \u2b50 Garanteeritud\" \/>\n<meta property=\"og:url\" content=\"https:\/\/odavprint.ee\/en\/product\/brother-pt-h100r2xg1-pth100r2xg1-etiketiprinter\/\" \/>\n<meta property=\"og:site_name\" content=\"Odav Print\" \/>\n<meta property=\"article:modified_time\" content=\"2026-03-02T16:17:57+00:00\" \/>\n<meta name=\"twitter:card\" content=\"summary_large_image\" \/>\n<meta name=\"twitter:label1\" content=\"Price\" \/>\n\t<meta name=\"twitter:data1\" content=\"&euro;35.01\" \/>\n\t<meta name=\"twitter:label2\" content=\"Availability\" \/>\n\t<meta name=\"twitter:data2\" content=\"In stock\" \/>\n<script type=\"application\/ld+json\" class=\"yoast-schema-graph\">{\"@context\":\"https:\/\/schema.org\",\"@graph\":[{\"@type\":[\"WebPage\",\"ItemPage\"],\"@id\":\"https:\/\/odavprint.ee\/en\/product\/brother-pt-h100r2xg1-pth100r2xg1-etiketiprinter\/\",\"url\":\"https:\/\/odavprint.ee\/en\/product\/brother-pt-h100r2xg1-pth100r2xg1-etiketiprinter\/\",\"name\":\"Brother PT-H100R2XG1 PTH100R2XG1 etiketiprinter, hea hinnaga, osta e-pood - Odav Print\",\"isPartOf\":{\"@id\":\"https:\/\/odavprint.ee\/en\/#website\"},\"primaryImageOfPage\":{\"@id\":\"https:\/\/odavprint.ee\/en\/product\/brother-pt-h100r2xg1-pth100r2xg1-etiketiprinter\/#primaryimage\"},\"image\":{\"@id\":\"https:\/\/odavprint.ee\/en\/product\/brother-pt-h100r2xg1-pth100r2xg1-etiketiprinter\/#primaryimage\"},\"thumbnailUrl\":\"https:\/\/odavprint.ee\/wp-content\/uploads\/2026\/02\/brother-pt-h100r2xg1-pth100r2xg1-label-printer.jpg\",\"datePublished\":\"2026-02-19T22:35:27+00:00\",\"dateModified\":\"2026-03-02T16:17:57+00:00\",\"description\":\"Osta Brother PT-H100R2XG1 PTH100R2XG1 etiketiprinter Odav Print \u260e +372 5911 9495 \u2714\ufe0f Parim hind Brother PT-H100R2XG1 PTH100R2XG1 etiketiprinter jaoks \u26df Kiire kohaletoimetamine Eestis \u2b50 Garanteeritud\",\"breadcrumb\":{\"@id\":\"https:\/\/odavprint.ee\/en\/product\/brother-pt-h100r2xg1-pth100r2xg1-etiketiprinter\/#breadcrumb\"},\"inLanguage\":\"en-US\",\"potentialAction\":[{\"@type\":\"ReadAction\",\"target\":[\"https:\/\/odavprint.ee\/en\/product\/brother-pt-h100r2xg1-pth100r2xg1-etiketiprinter\/\"]}]},{\"@type\":\"ImageObject\",\"inLanguage\":\"en-US\",\"@id\":\"https:\/\/odavprint.ee\/en\/product\/brother-pt-h100r2xg1-pth100r2xg1-etiketiprinter\/#primaryimage\",\"url\":\"https:\/\/odavprint.ee\/wp-content\/uploads\/2026\/02\/brother-pt-h100r2xg1-pth100r2xg1-label-printer.jpg\",\"contentUrl\":\"https:\/\/odavprint.ee\/wp-content\/uploads\/2026\/02\/brother-pt-h100r2xg1-pth100r2xg1-label-printer.jpg\",\"width\":900,\"height\":518},{\"@type\":\"BreadcrumbList\",\"@id\":\"https:\/\/odavprint.ee\/en\/product\/brother-pt-h100r2xg1-pth100r2xg1-etiketiprinter\/#breadcrumb\",\"itemListElement\":[{\"@type\":\"ListItem\",\"position\":1,\"name\":\"Home\",\"item\":\"https:\/\/odavprint.ee\/en\/\"},{\"@type\":\"ListItem\",\"position\":2,\"name\":\"Shop\",\"item\":\"https:\/\/odavprint.ee\/en\/shop\/\"},{\"@type\":\"ListItem\",\"position\":3,\"name\":\"Brother PT-H100R2XG1 PTH100R2XG1 etiketiprinter\"}]},{\"@type\":\"WebSite\",\"@id\":\"https:\/\/odavprint.ee\/en\/#website\",\"url\":\"https:\/\/odavprint.ee\/en\/\",\"name\":\"Odav Print\",\"description\":\"Just another WordPress site\",\"publisher\":{\"@id\":\"https:\/\/odavprint.ee\/en\/#organization\"},\"alternateName\":\"Kassettide, toonerite t\u00e4itmine ja m\u00fc\u00fck.\",\"potentialAction\":[{\"@type\":\"SearchAction\",\"target\":{\"@type\":\"EntryPoint\",\"urlTemplate\":\"https:\/\/odavprint.ee\/en\/?s={search_term_string}\"},\"query-input\":\"required name=search_term_string\"}],\"inLanguage\":\"en-US\"},{\"@type\":[\"Organization\",\"Place\"],\"@id\":\"https:\/\/odavprint.ee\/en\/#organization\",\"name\":\"Odav Print O\u00dc\",\"url\":\"https:\/\/odavprint.ee\/en\/\",\"logo\":{\"@id\":\"https:\/\/odavprint.ee\/en\/product\/brother-pt-h100r2xg1-pth100r2xg1-etiketiprinter\/#local-main-organization-logo\"},\"image\":{\"@id\":\"https:\/\/odavprint.ee\/en\/product\/brother-pt-h100r2xg1-pth100r2xg1-etiketiprinter\/#local-main-organization-logo\"},\"address\":{\"@id\":\"https:\/\/odavprint.ee\/en\/product\/brother-pt-h100r2xg1-pth100r2xg1-etiketiprinter\/#local-main-place-address\"},\"geo\":{\"@type\":\"GeoCoordinates\",\"latitude\":\"59.4306504\",\"longitude\":\"24.8095743\"},\"telephone\":[\"53836926\"],\"openingHoursSpecification\":[{\"@type\":\"OpeningHoursSpecification\",\"dayOfWeek\":[\"Monday\",\"Tuesday\",\"Wednesday\",\"Thursday\",\"Friday\",\"Saturday\",\"Sunday\"],\"opens\":\"09:00\",\"closes\":\"17:00\"}],\"email\":\"info@odavprint.eu\"},{\"@type\":\"PostalAddress\",\"@id\":\"https:\/\/odavprint.ee\/en\/product\/brother-pt-h100r2xg1-pth100r2xg1-etiketiprinter\/#local-main-place-address\",\"streetAddress\":\"Pae tn 28\",\"addressLocality\":\"Tallinn\",\"postalCode\":\"11415\",\"addressRegion\":\"Harjumaa\",\"addressCountry\":\"EE\"},{\"@type\":\"ImageObject\",\"inLanguage\":\"en-US\",\"@id\":\"https:\/\/odavprint.ee\/en\/product\/brother-pt-h100r2xg1-pth100r2xg1-etiketiprinter\/#local-main-organization-logo\",\"url\":\"https:\/\/odavprint.ee\/wp-content\/uploads\/2018\/10\/odavprint-logo-240.jpg\",\"contentUrl\":\"https:\/\/odavprint.ee\/wp-content\/uploads\/2018\/10\/odavprint-logo-240.jpg\",\"width\":240,\"height\":36,\"caption\":\"Odav Print O\u00dc\"}]}<\/script>\n<meta property=\"product:price:amount\" content=\"35.01\" \/>\n<meta property=\"product:price:currency\" content=\"EUR\" \/>\n<meta property=\"og:availability\" content=\"instock\" \/>\n<meta property=\"product:availability\" content=\"instock\" \/>\n<meta property=\"product:condition\" content=\"new\" \/>\n<meta name=\"geo.placename\" content=\"Tallinn\" \/>\n<meta name=\"geo.position\" content=\"59.4306504;24.8095743\" \/>\n<meta name=\"geo.region\" content=\"Estonia\" \/>\n<!-- \/ Yoast SEO Premium plugin. -->","yoast_head_json":{"title":"Brother PT-H100R2XG1 PTH100R2XG1 etiketiprinter, hea hinnaga, osta e-pood - Odav Print","description":"Osta Brother PT-H100R2XG1 PTH100R2XG1 etiketiprinter Odav Print \u260e +372 5911 9495 \u2714\ufe0f Parim hind Brother PT-H100R2XG1 PTH100R2XG1 etiketiprinter jaoks \u26df Kiire kohaletoimetamine Eestis \u2b50 Garanteeritud","robots":{"index":"index","follow":"follow","max-snippet":"max-snippet:-1","max-image-preview":"max-image-preview:large","max-video-preview":"max-video-preview:-1"},"canonical":"https:\/\/odavprint.ee\/en\/product\/brother-pt-h100r2xg1-pth100r2xg1-etiketiprinter\/","og_locale":"en_US","og_type":"article","og_title":"Brother PT-H100R2XG1 PTH100R2XG1 etiketiprinter","og_description":"Osta Brother PT-H100R2XG1 PTH100R2XG1 etiketiprinter Odav Print \u260e +372 5911 9495 \u2714\ufe0f Parim hind Brother PT-H100R2XG1 PTH100R2XG1 etiketiprinter jaoks \u26df Kiire kohaletoimetamine Eestis \u2b50 Garanteeritud","og_url":"https:\/\/odavprint.ee\/en\/product\/brother-pt-h100r2xg1-pth100r2xg1-etiketiprinter\/","og_site_name":"Odav Print","article_modified_time":"2026-03-02T16:17:57+00:00","twitter_card":"summary_large_image","twitter_misc":{"Price":"&euro;35.01","Availability":"In stock"},"schema":{"@context":"https:\/\/schema.org","@graph":[{"@type":["WebPage","ItemPage"],"@id":"https:\/\/odavprint.ee\/en\/product\/brother-pt-h100r2xg1-pth100r2xg1-etiketiprinter\/","url":"https:\/\/odavprint.ee\/en\/product\/brother-pt-h100r2xg1-pth100r2xg1-etiketiprinter\/","name":"Brother PT-H100R2XG1 PTH100R2XG1 etiketiprinter, hea hinnaga, osta e-pood - Odav Print","isPartOf":{"@id":"https:\/\/odavprint.ee\/en\/#website"},"primaryImageOfPage":{"@id":"https:\/\/odavprint.ee\/en\/product\/brother-pt-h100r2xg1-pth100r2xg1-etiketiprinter\/#primaryimage"},"image":{"@id":"https:\/\/odavprint.ee\/en\/product\/brother-pt-h100r2xg1-pth100r2xg1-etiketiprinter\/#primaryimage"},"thumbnailUrl":"https:\/\/odavprint.ee\/wp-content\/uploads\/2026\/02\/brother-pt-h100r2xg1-pth100r2xg1-label-printer.jpg","datePublished":"2026-02-19T22:35:27+00:00","dateModified":"2026-03-02T16:17:57+00:00","description":"Osta Brother PT-H100R2XG1 PTH100R2XG1 etiketiprinter Odav Print \u260e +372 5911 9495 \u2714\ufe0f Parim hind Brother PT-H100R2XG1 PTH100R2XG1 etiketiprinter jaoks \u26df Kiire kohaletoimetamine Eestis \u2b50 Garanteeritud","breadcrumb":{"@id":"https:\/\/odavprint.ee\/en\/product\/brother-pt-h100r2xg1-pth100r2xg1-etiketiprinter\/#breadcrumb"},"inLanguage":"en-US","potentialAction":[{"@type":"ReadAction","target":["https:\/\/odavprint.ee\/en\/product\/brother-pt-h100r2xg1-pth100r2xg1-etiketiprinter\/"]}]},{"@type":"ImageObject","inLanguage":"en-US","@id":"https:\/\/odavprint.ee\/en\/product\/brother-pt-h100r2xg1-pth100r2xg1-etiketiprinter\/#primaryimage","url":"https:\/\/odavprint.ee\/wp-content\/uploads\/2026\/02\/brother-pt-h100r2xg1-pth100r2xg1-label-printer.jpg","contentUrl":"https:\/\/odavprint.ee\/wp-content\/uploads\/2026\/02\/brother-pt-h100r2xg1-pth100r2xg1-label-printer.jpg","width":900,"height":518},{"@type":"BreadcrumbList","@id":"https:\/\/odavprint.ee\/en\/product\/brother-pt-h100r2xg1-pth100r2xg1-etiketiprinter\/#breadcrumb","itemListElement":[{"@type":"ListItem","position":1,"name":"Home","item":"https:\/\/odavprint.ee\/en\/"},{"@type":"ListItem","position":2,"name":"Shop","item":"https:\/\/odavprint.ee\/en\/shop\/"},{"@type":"ListItem","position":3,"name":"Brother PT-H100R2XG1 PTH100R2XG1 etiketiprinter"}]},{"@type":"WebSite","@id":"https:\/\/odavprint.ee\/en\/#website","url":"https:\/\/odavprint.ee\/en\/","name":"Odav Print","description":"Just another WordPress site","publisher":{"@id":"https:\/\/odavprint.ee\/en\/#organization"},"alternateName":"Kassettide, toonerite t\u00e4itmine ja m\u00fc\u00fck.","potentialAction":[{"@type":"SearchAction","target":{"@type":"EntryPoint","urlTemplate":"https:\/\/odavprint.ee\/en\/?s={search_term_string}"},"query-input":"required name=search_term_string"}],"inLanguage":"en-US"},{"@type":["Organization","Place"],"@id":"https:\/\/odavprint.ee\/en\/#organization","name":"Odav Print O\u00dc","url":"https:\/\/odavprint.ee\/en\/","logo":{"@id":"https:\/\/odavprint.ee\/en\/product\/brother-pt-h100r2xg1-pth100r2xg1-etiketiprinter\/#local-main-organization-logo"},"image":{"@id":"https:\/\/odavprint.ee\/en\/product\/brother-pt-h100r2xg1-pth100r2xg1-etiketiprinter\/#local-main-organization-logo"},"address":{"@id":"https:\/\/odavprint.ee\/en\/product\/brother-pt-h100r2xg1-pth100r2xg1-etiketiprinter\/#local-main-place-address"},"geo":{"@type":"GeoCoordinates","latitude":"59.4306504","longitude":"24.8095743"},"telephone":["53836926"],"openingHoursSpecification":[{"@type":"OpeningHoursSpecification","dayOfWeek":["Monday","Tuesday","Wednesday","Thursday","Friday","Saturday","Sunday"],"opens":"09:00","closes":"17:00"}],"email":"info@odavprint.eu"},{"@type":"PostalAddress","@id":"https:\/\/odavprint.ee\/en\/product\/brother-pt-h100r2xg1-pth100r2xg1-etiketiprinter\/#local-main-place-address","streetAddress":"Pae tn 28","addressLocality":"Tallinn","postalCode":"11415","addressRegion":"Harjumaa","addressCountry":"EE"},{"@type":"ImageObject","inLanguage":"en-US","@id":"https:\/\/odavprint.ee\/en\/product\/brother-pt-h100r2xg1-pth100r2xg1-etiketiprinter\/#local-main-organization-logo","url":"https:\/\/odavprint.ee\/wp-content\/uploads\/2018\/10\/odavprint-logo-240.jpg","contentUrl":"https:\/\/odavprint.ee\/wp-content\/uploads\/2018\/10\/odavprint-logo-240.jpg","width":240,"height":36,"caption":"Odav Print O\u00dc"}]},"product_price_amount":"35.01","product_price_currency":"EUR","og_availability":"instock","product_availability":"instock","product_condition":"new","geo.placename":"Tallinn","geo.position":{"lat":"59.4306504","long":"24.8095743"},"geo.region":"Estonia"},"_links":{"self":[{"href":"https:\/\/odavprint.ee\/en\/wp-json\/wp\/v2\/product\/218211"}],"collection":[{"href":"https:\/\/odavprint.ee\/en\/wp-json\/wp\/v2\/product"}],"about":[{"href":"https:\/\/odavprint.ee\/en\/wp-json\/wp\/v2\/types\/product"}],"wp:featuredmedia":[{"embeddable":true,"href":"https:\/\/odavprint.ee\/en\/wp-json\/wp\/v2\/media\/218212"}],"wp:attachment":[{"href":"https:\/\/odavprint.ee\/en\/wp-json\/wp\/v2\/media?parent=218211"}],"wp:term":[{"taxonomy":"product_cat","embeddable":true,"href":"https:\/\/odavprint.ee\/en\/wp-json\/wp\/v2\/product_cat?post=218211"},{"taxonomy":"product_tag","embeddable":true,"href":"https:\/\/odavprint.ee\/en\/wp-json\/wp\/v2\/product_tag?post=218211"}],"curies":[{"name":"wp","href":"https:\/\/api.w.org\/{rel}","templated":true}]}}